{"id":1948,"date":"2025-11-14T15:50:27","date_gmt":"2025-11-14T07:50:27","guid":{"rendered":"https:\/\/sj-gauge.com\/?post_type=product&#038;p=1948"},"modified":"2026-03-29T17:43:53","modified_gmt":"2026-03-29T09:43:53","slug":"dif-p","status":"publish","type":"product","link":"https:\/\/www.sj-gauge.com\/vi\/san-pham\/dif-p\/","title":{"rendered":"K\u1ebft n\u1ed1i c\u00f3 v\u00e0nh b\u1eb1ng nh\u1ef1a ch\u1ed1ng \u0103n m\u00f2n"},"content":{"rendered":"<p>DIF-P l\u00e0 m\u1ed9t lo\u1ea1i ph\u1edbt m\u00e0ng nh\u1ef1a nh\u1eb9, c\u00f3 flange, \u0111\u01b0\u1ee3c thi\u1ebft k\u1ebf \u0111\u1ec3 \u0111o c\u00e1c ch\u1ea5t \u0103n m\u00f2n nh\u01b0 axit v\u00e0 ki\u1ec1m. S\u1ea3n ph\u1ea9m h\u1ed7 tr\u1ee3 c\u00e1c ti\u00eau chu\u1ea9n flange kh\u00e1c nhau (ANSI, JIS, DIN) v\u00e0 c\u00f3 th\u1ec3 k\u1ebft h\u1ee3p v\u1edbi \u0111\u1ed3ng h\u1ed3 \u00e1p su\u1ea5t ho\u1eb7c b\u1ed9 truy\u1ec1n t\u00edn hi\u1ec7u trong ph\u1ea1m vi \u00e1p su\u1ea5t r\u1ed9ng. V\u1edbi c\u00e1c t\u00f9y ch\u1ecdn m\u00e0ng PTFE ho\u1eb7c kim lo\u1ea1i, DIF-P \u0111\u01b0\u1ee3c s\u1eed d\u1ee5ng r\u1ed9ng r\u00e3i trong h\u1ec7 th\u1ed1ng s\u01a1n, b\u1ec3 m\u1ea1 \u0111i\u1ec7n, x\u1eed l\u00fd n\u01b0\u1edbc th\u1ea3i, ch\u1ebf bi\u1ebfn h\u00f3a ch\u1ea5t v\u00e0 ng\u00e0nh c\u00f4ng nghi\u1ec7p gi\u1ea5y. C\u1ea5u tr\u00fac ch\u1ed1ng \u0103n m\u00f2n c\u1ee7a n\u00f3 \u0111\u1ea3m b\u1ea3o \u0111\u1ed9 b\u1ec1n v\u00e0 hi\u1ec7u su\u1ea5t \u1ed5n \u0111\u1ecbnh trong m\u00f4i tr\u01b0\u1eddng kh\u1eafc nghi\u1ec7t.<\/p>","protected":false},"excerpt":{"rendered":"<ul>\n<li>Thi\u1ebft k\u1ebf b\u1eb1ng v\u1eadt li\u1ec7u nh\u1ef1a to\u00e0n ph\u1ea7n c\u00f3 tr\u1ecdng l\u01b0\u1ee3ng nh\u1eb9 v\u00e0 c\u00f3 th\u1ec3 \u0111o l\u01b0\u1eddng hi\u1ec7u qu\u1ea3 c\u00e1c m\u00f4i tr\u01b0\u1eddng axit v\u00e0 ki\u1ec1m.<\/li>\n<li>R\u1ea5t ph\u00f9 h\u1ee3p cho s\u01a1n, m\u1ea1 \u0111i\u1ec7n, x\u1eed l\u00fd n\u01b0\u1edbc th\u1ea3i v\u00e0 ng\u00e0nh c\u00f4ng nghi\u1ec7p gi\u1ea5y.<\/li>\n<\/ul>","protected":false},"featured_media":1951,"template":"","meta":{"_acf_changed":false},"product_brand":[40],"product_cat":[21,41],"product_tag":[],"class_list":{"0":"post-1948","1":"product","2":"type-product","3":"status-publish","4":"has-post-thumbnail","6":"product_brand-sj-gauge","7":"product_cat-diaphragm-seal","8":"product_cat-pressure-instruments","10":"first","11":"instock","12":"shipping-taxable","13":"product-type-simple"},"acf":[],"yoast_head":"<!-- This site is optimized with the Yoast SEO Premium plugin v26.7 (Yoast SEO v27.4) - https:\/\/yoast.com\/product\/yoast-seo-premium-wordpress\/ -->\n<title>All-plastic Corrosion-resistant Diaphragm Seal | Lightweight &amp; Acid-Alkali Resistant | SJ Gauge<\/title>\n<meta name=\"description\" content=\"DIF-P is a lightweight, fully plastic diaphragm seal designed for measuring corrosive media such as acids and alkalis. Supporting ANSI, JIS, and DIN standards, it is widely used in electroplating, wastewater treatment, and chemical processing, with PTFE diaphragm options for maximum chemical resistance\" \/>\n<meta name=\"robots\" content=\"index, follow, max-snippet:-1, max-image-preview:large, max-video-preview:-1\" \/>\n<link rel=\"canonical\" href=\"https:\/\/www.sj-gauge.com\/vi\/san-pham\/dif-p\/\" \/>\n<meta property=\"og:locale\" content=\"vi_VN\" \/>\n<meta property=\"og:type\" content=\"article\" \/>\n<meta property=\"og:title\" content=\"Flanged Connection with Corrosion-resistant Plastic\" \/>\n<meta property=\"og:description\" content=\"DIF-P is a lightweight, fully plastic diaphragm seal designed for measuring corrosive media such as acids and alkalis. Supporting ANSI, JIS, and DIN standards, it is widely used in electroplating, wastewater treatment, and chemical processing, with PTFE diaphragm options for maximum chemical resistance\" \/>\n<meta property=\"og:url\" content=\"https:\/\/www.sj-gauge.com\/vi\/san-pham\/dif-p\/\" \/>\n<meta property=\"og:site_name\" content=\"SJ Gauge | Pressure Gauges, Thermometers &amp; Pressure Sensors\" \/>\n<meta property=\"article:modified_time\" content=\"2026-03-29T09:43:53+00:00\" \/>\n<meta property=\"og:image\" content=\"https:\/\/www.sj-gauge.com\/wp-content\/uploads\/2025\/11\/SJ-Gauge-pressure-gauge-diaphragm-seals-plastic-L.jpg\" \/>\n\t<meta property=\"og:image:width\" content=\"1200\" \/>\n\t<meta property=\"og:image:height\" content=\"1000\" \/>\n\t<meta property=\"og:image:type\" content=\"image\/jpeg\" \/>\n<meta name=\"twitter:card\" content=\"summary_large_image\" \/>\n<meta name=\"twitter:label1\" content=\"\u01af\u1edbc t\u00ednh th\u1eddi gian \u0111\u1ecdc\" \/>\n\t<meta name=\"twitter:data1\" content=\"1 ph\u00fat\" \/>\n<script type=\"application\/ld+json\" class=\"yoast-schema-graph\">{\"@context\":\"https:\\\/\\\/schema.org\",\"@graph\":[{\"@type\":\"WebPage\",\"@id\":\"https:\\\/\\\/www.sj-gauge.com\\\/product\\\/dif-p\\\/\",\"url\":\"https:\\\/\\\/www.sj-gauge.com\\\/product\\\/dif-p\\\/\",\"name\":\"All-plastic Corrosion-resistant Diaphragm Seal | Lightweight & Acid-Alkali Resistant | SJ Gauge\",\"isPartOf\":{\"@id\":\"https:\\\/\\\/www.sj-gauge.com\\\/#website\"},\"primaryImageOfPage\":{\"@id\":\"https:\\\/\\\/www.sj-gauge.com\\\/product\\\/dif-p\\\/#primaryimage\"},\"image\":{\"@id\":\"https:\\\/\\\/www.sj-gauge.com\\\/product\\\/dif-p\\\/#primaryimage\"},\"thumbnailUrl\":\"https:\\\/\\\/www.sj-gauge.com\\\/wp-content\\\/uploads\\\/2025\\\/11\\\/SJ-Gauge-pressure-gauge-diaphragm-seals-plastic-L.jpg\",\"datePublished\":\"2025-11-14T07:50:27+00:00\",\"dateModified\":\"2026-03-29T09:43:53+00:00\",\"description\":\"DIF-P is a lightweight, fully plastic diaphragm seal designed for measuring corrosive media such as acids and alkalis. Supporting ANSI, JIS, and DIN standards, it is widely used in electroplating, wastewater treatment, and chemical processing, with PTFE diaphragm options for maximum chemical resistance\",\"breadcrumb\":{\"@id\":\"https:\\\/\\\/www.sj-gauge.com\\\/product\\\/dif-p\\\/#breadcrumb\"},\"inLanguage\":\"vi\",\"potentialAction\":[{\"@type\":\"ReadAction\",\"target\":[\"https:\\\/\\\/www.sj-gauge.com\\\/product\\\/dif-p\\\/\"]}]},{\"@type\":\"ImageObject\",\"inLanguage\":\"vi\",\"@id\":\"https:\\\/\\\/www.sj-gauge.com\\\/product\\\/dif-p\\\/#primaryimage\",\"url\":\"https:\\\/\\\/www.sj-gauge.com\\\/wp-content\\\/uploads\\\/2025\\\/11\\\/SJ-Gauge-pressure-gauge-diaphragm-seals-plastic-L.jpg\",\"contentUrl\":\"https:\\\/\\\/www.sj-gauge.com\\\/wp-content\\\/uploads\\\/2025\\\/11\\\/SJ-Gauge-pressure-gauge-diaphragm-seals-plastic-L.jpg\",\"width\":1200,\"height\":1000},{\"@type\":\"BreadcrumbList\",\"@id\":\"https:\\\/\\\/www.sj-gauge.com\\\/product\\\/dif-p\\\/#breadcrumb\",\"itemListElement\":[{\"@type\":\"ListItem\",\"position\":1,\"name\":\"Home\",\"item\":\"https:\\\/\\\/www.sj-gauge.com\\\/\"},{\"@type\":\"ListItem\",\"position\":2,\"name\":\"Products\",\"item\":\"https:\\\/\\\/www.sj-gauge.com\\\/products\\\/\"},{\"@type\":\"ListItem\",\"position\":3,\"name\":\"Flanged Connection with Corrosion-resistant Plastic\"}]},{\"@type\":\"WebSite\",\"@id\":\"https:\\\/\\\/www.sj-gauge.com\\\/#website\",\"url\":\"https:\\\/\\\/www.sj-gauge.com\\\/\",\"name\":\"SJ Gauge | Pressure Gauges, Thermometers &amp; Pressure Sensors\",\"description\":\"Manufacturer of industrial pressure gauges, pressure sensors, and transmitters. SJ Gauge provides high accuracy, durable materials, and custom solutions for oil &amp; gas, chemical, and industrial applications.\",\"publisher\":{\"@id\":\"https:\\\/\\\/www.sj-gauge.com\\\/#organization\"},\"potentialAction\":[{\"@type\":\"SearchAction\",\"target\":{\"@type\":\"EntryPoint\",\"urlTemplate\":\"https:\\\/\\\/www.sj-gauge.com\\\/?s={search_term_string}\"},\"query-input\":{\"@type\":\"PropertyValueSpecification\",\"valueRequired\":true,\"valueName\":\"search_term_string\"}}],\"inLanguage\":\"vi\"},{\"@type\":\"Organization\",\"@id\":\"https:\\\/\\\/www.sj-gauge.com\\\/#organization\",\"name\":\"SJ Gauge | Pressure Gauges, Thermometers &amp; Pressure Sensors\",\"url\":\"https:\\\/\\\/www.sj-gauge.com\\\/\",\"logo\":{\"@type\":\"ImageObject\",\"inLanguage\":\"vi\",\"@id\":\"https:\\\/\\\/www.sj-gauge.com\\\/#\\\/schema\\\/logo\\\/image\\\/\",\"url\":\"https:\\\/\\\/www.sj-gauge.com\\\/wp-content\\\/uploads\\\/2025\\\/09\\\/logo.webp\",\"contentUrl\":\"https:\\\/\\\/www.sj-gauge.com\\\/wp-content\\\/uploads\\\/2025\\\/09\\\/logo.webp\",\"width\":348,\"height\":184,\"caption\":\"SJ Gauge | Pressure Gauges, Thermometers &amp; Pressure Sensors\"},\"image\":{\"@id\":\"https:\\\/\\\/www.sj-gauge.com\\\/#\\\/schema\\\/logo\\\/image\\\/\"}}]}<\/script>\n<!-- \/ Yoast SEO Premium plugin. -->","yoast_head_json":{"title":"Ph\u1edbt m\u00e0ng ch\u1ed1ng \u0103n m\u00f2n ho\u00e0n to\u00e0n b\u1eb1ng nh\u1ef1a | Nh\u1eb9 v\u00e0 ch\u1ed1ng axit-ki\u1ec1m | SJ Gauge","description":"DIF-P l\u00e0 m\u1ed9t b\u1ed9 c\u00e1ch ly m\u00e0ng l\u00e0m ho\u00e0n to\u00e0n b\u1eb1ng nh\u1ef1a, c\u00f3 thi\u1ebft k\u1ebf nh\u1eb9, \u0111\u01b0\u1ee3c ph\u00e1t tri\u1ec3n \u0111\u1ec3 \u0111o l\u01b0\u1eddng c\u00e1c ch\u1ea5t l\u1ecfng \u0103n m\u00f2n nh\u01b0 axit v\u00e0 ki\u1ec1m. S\u1ea3n ph\u1ea9m tu\u00e2n th\u1ee7 c\u00e1c ti\u00eau chu\u1ea9n ANSI, JIS v\u00e0 DIN, \u0111\u01b0\u1ee3c \u1ee9ng d\u1ee5ng r\u1ed9ng r\u00e3i trong c\u00e1c l\u0129nh v\u1ef1c m\u1ea1 \u0111i\u1ec7n, x\u1eed l\u00fd n\u01b0\u1edbc th\u1ea3i v\u00e0 ch\u1ebf bi\u1ebfn h\u00f3a ch\u1ea5t, v\u1edbi t\u00f9y ch\u1ecdn m\u00e0ng PTFE \u0111\u1ec3 \u0111\u1ea3m b\u1ea3o kh\u1ea3 n\u0103ng ch\u1ed1ng \u0103n m\u00f2n t\u1ed1i \u01b0u.","robots":{"index":"index","follow":"follow","max-snippet":"max-snippet:-1","max-image-preview":"max-image-preview:large","max-video-preview":"max-video-preview:-1"},"canonical":"https:\/\/www.sj-gauge.com\/vi\/san-pham\/dif-p\/","og_locale":"vi_VN","og_type":"article","og_title":"Flanged Connection with Corrosion-resistant Plastic","og_description":"DIF-P is a lightweight, fully plastic diaphragm seal designed for measuring corrosive media such as acids and alkalis. Supporting ANSI, JIS, and DIN standards, it is widely used in electroplating, wastewater treatment, and chemical processing, with PTFE diaphragm options for maximum chemical resistance","og_url":"https:\/\/www.sj-gauge.com\/vi\/san-pham\/dif-p\/","og_site_name":"SJ Gauge | Pressure Gauges, Thermometers &amp; Pressure Sensors","article_modified_time":"2026-03-29T09:43:53+00:00","og_image":[{"width":1200,"height":1000,"url":"https:\/\/www.sj-gauge.com\/wp-content\/uploads\/2025\/11\/SJ-Gauge-pressure-gauge-diaphragm-seals-plastic-L.jpg","type":"image\/jpeg"}],"twitter_card":"summary_large_image","twitter_misc":{"\u01af\u1edbc t\u00ednh th\u1eddi gian \u0111\u1ecdc":"1 ph\u00fat"},"schema":{"@context":"https:\/\/schema.org","@graph":[{"@type":"WebPage","@id":"https:\/\/www.sj-gauge.com\/product\/dif-p\/","url":"https:\/\/www.sj-gauge.com\/product\/dif-p\/","name":"Ph\u1edbt m\u00e0ng ch\u1ed1ng \u0103n m\u00f2n ho\u00e0n to\u00e0n b\u1eb1ng nh\u1ef1a | Nh\u1eb9 v\u00e0 ch\u1ed1ng axit-ki\u1ec1m | SJ Gauge","isPartOf":{"@id":"https:\/\/www.sj-gauge.com\/#website"},"primaryImageOfPage":{"@id":"https:\/\/www.sj-gauge.com\/product\/dif-p\/#primaryimage"},"image":{"@id":"https:\/\/www.sj-gauge.com\/product\/dif-p\/#primaryimage"},"thumbnailUrl":"https:\/\/www.sj-gauge.com\/wp-content\/uploads\/2025\/11\/SJ-Gauge-pressure-gauge-diaphragm-seals-plastic-L.jpg","datePublished":"2025-11-14T07:50:27+00:00","dateModified":"2026-03-29T09:43:53+00:00","description":"DIF-P l\u00e0 m\u1ed9t b\u1ed9 c\u00e1ch ly m\u00e0ng l\u00e0m ho\u00e0n to\u00e0n b\u1eb1ng nh\u1ef1a, c\u00f3 thi\u1ebft k\u1ebf nh\u1eb9, \u0111\u01b0\u1ee3c ph\u00e1t tri\u1ec3n \u0111\u1ec3 \u0111o l\u01b0\u1eddng c\u00e1c ch\u1ea5t l\u1ecfng \u0103n m\u00f2n nh\u01b0 axit v\u00e0 ki\u1ec1m. S\u1ea3n ph\u1ea9m tu\u00e2n th\u1ee7 c\u00e1c ti\u00eau chu\u1ea9n ANSI, JIS v\u00e0 DIN, \u0111\u01b0\u1ee3c \u1ee9ng d\u1ee5ng r\u1ed9ng r\u00e3i trong c\u00e1c l\u0129nh v\u1ef1c m\u1ea1 \u0111i\u1ec7n, x\u1eed l\u00fd n\u01b0\u1edbc th\u1ea3i v\u00e0 ch\u1ebf bi\u1ebfn h\u00f3a ch\u1ea5t, v\u1edbi t\u00f9y ch\u1ecdn m\u00e0ng PTFE \u0111\u1ec3 \u0111\u1ea3m b\u1ea3o kh\u1ea3 n\u0103ng ch\u1ed1ng \u0103n m\u00f2n t\u1ed1i \u01b0u.","breadcrumb":{"@id":"https:\/\/www.sj-gauge.com\/product\/dif-p\/#breadcrumb"},"inLanguage":"vi","potentialAction":[{"@type":"ReadAction","target":["https:\/\/www.sj-gauge.com\/product\/dif-p\/"]}]},{"@type":"ImageObject","inLanguage":"vi","@id":"https:\/\/www.sj-gauge.com\/product\/dif-p\/#primaryimage","url":"https:\/\/www.sj-gauge.com\/wp-content\/uploads\/2025\/11\/SJ-Gauge-pressure-gauge-diaphragm-seals-plastic-L.jpg","contentUrl":"https:\/\/www.sj-gauge.com\/wp-content\/uploads\/2025\/11\/SJ-Gauge-pressure-gauge-diaphragm-seals-plastic-L.jpg","width":1200,"height":1000},{"@type":"BreadcrumbList","@id":"https:\/\/www.sj-gauge.com\/product\/dif-p\/#breadcrumb","itemListElement":[{"@type":"ListItem","position":1,"name":"Home","item":"https:\/\/www.sj-gauge.com\/"},{"@type":"ListItem","position":2,"name":"Products","item":"https:\/\/www.sj-gauge.com\/products\/"},{"@type":"ListItem","position":3,"name":"Flanged Connection with Corrosion-resistant Plastic"}]},{"@type":"WebSite","@id":"https:\/\/www.sj-gauge.com\/#website","url":"https:\/\/www.sj-gauge.com\/","name":"SJ Gauge | \u0110\u1ed3ng h\u1ed3 \u0111o \u00e1p su\u1ea5t, nhi\u1ec7t k\u1ebf v\u00e0 c\u1ea3m bi\u1ebfn \u00e1p su\u1ea5t","description":"Nh\u00e0 s\u1ea3n xu\u1ea5t \u0111\u1ed3ng h\u1ed3 \u0111o \u00e1p su\u1ea5t c\u00f4ng nghi\u1ec7p, c\u1ea3m bi\u1ebfn \u00e1p su\u1ea5t v\u00e0 b\u1ed9 truy\u1ec1n t\u00edn hi\u1ec7u. SJ Gauge cung c\u1ea5p c\u00e1c s\u1ea3n ph\u1ea9m c\u00f3 \u0111\u1ed9 ch\u00ednh x\u00e1c cao, \u0111\u01b0\u1ee3c ch\u1ebf t\u1ea1o t\u1eeb v\u1eadt li\u1ec7u b\u1ec1n b\u1ec9 v\u00e0 c\u00e1c gi\u1ea3i ph\u00e1p t\u00f9y ch\u1ec9nh d\u00e0nh cho c\u00e1c \u1ee9ng d\u1ee5ng trong ng\u00e0nh d\u1ea7u kh\u00ed, h\u00f3a ch\u1ea5t v\u00e0 c\u00f4ng nghi\u1ec7p.","publisher":{"@id":"https:\/\/www.sj-gauge.com\/#organization"},"potentialAction":[{"@type":"SearchAction","target":{"@type":"EntryPoint","urlTemplate":"https:\/\/www.sj-gauge.com\/?s={search_term_string}"},"query-input":{"@type":"PropertyValueSpecification","valueRequired":true,"valueName":"search_term_string"}}],"inLanguage":"vi"},{"@type":"Organization","@id":"https:\/\/www.sj-gauge.com\/#organization","name":"SJ Gauge | \u0110\u1ed3ng h\u1ed3 \u0111o \u00e1p su\u1ea5t, nhi\u1ec7t k\u1ebf v\u00e0 c\u1ea3m bi\u1ebfn \u00e1p su\u1ea5t","url":"https:\/\/www.sj-gauge.com\/","logo":{"@type":"ImageObject","inLanguage":"vi","@id":"https:\/\/www.sj-gauge.com\/#\/schema\/logo\/image\/","url":"https:\/\/www.sj-gauge.com\/wp-content\/uploads\/2025\/09\/logo.webp","contentUrl":"https:\/\/www.sj-gauge.com\/wp-content\/uploads\/2025\/09\/logo.webp","width":348,"height":184,"caption":"SJ Gauge | Pressure Gauges, Thermometers &amp; Pressure Sensors"},"image":{"@id":"https:\/\/www.sj-gauge.com\/#\/schema\/logo\/image\/"}}]}},"_links":{"self":[{"href":"https:\/\/www.sj-gauge.com\/vi\/wp-json\/wp\/v2\/product\/1948","targetHints":{"allow":["GET"]}}],"collection":[{"href":"https:\/\/www.sj-gauge.com\/vi\/wp-json\/wp\/v2\/product"}],"about":[{"href":"https:\/\/www.sj-gauge.com\/vi\/wp-json\/wp\/v2\/types\/product"}],"wp:featuredmedia":[{"embeddable":true,"href":"https:\/\/www.sj-gauge.com\/vi\/wp-json\/wp\/v2\/media\/1951"}],"wp:attachment":[{"href":"https:\/\/www.sj-gauge.com\/vi\/wp-json\/wp\/v2\/media?parent=1948"}],"wp:term":[{"taxonomy":"product_brand","embeddable":true,"href":"https:\/\/www.sj-gauge.com\/vi\/wp-json\/wp\/v2\/product_brand?post=1948"},{"taxonomy":"product_cat","embeddable":true,"href":"https:\/\/www.sj-gauge.com\/vi\/wp-json\/wp\/v2\/product_cat?post=1948"},{"taxonomy":"product_tag","embeddable":true,"href":"https:\/\/www.sj-gauge.com\/vi\/wp-json\/wp\/v2\/product_tag?post=1948"}],"curies":[{"name":"wp","href":"https:\/\/api.w.org\/{rel}","templated":true}]}}