{"id":1963,"date":"2025-11-17T17:29:34","date_gmt":"2025-11-17T09:29:34","guid":{"rendered":"https:\/\/sj-gauge.com\/?post_type=product&#038;p=1963"},"modified":"2026-03-29T17:40:01","modified_gmt":"2026-03-29T09:40:01","slug":"dif-s","status":"publish","type":"product","link":"https:\/\/www.sj-gauge.com\/vi\/san-pham\/dif-s\/","title":{"rendered":"K\u1ebft n\u1ed1i c\u00f3 v\u00e0nh v\u1edbi m\u00e0ng k\u00e9p"},"content":{"rendered":"<p>DIF-S c\u00f3 c\u1ea5u tr\u00fac m\u00e0ng k\u00e9p cho ph\u00e9p \u0111o ch\u00ednh x\u00e1c trong ph\u1ea1m vi \u00e1p su\u1ea5t th\u1ea5p, l\u00e0 gi\u1ea3i ph\u00e1p l\u00fd t\u01b0\u1edfng cho c\u00e1c \u1ee9ng d\u1ee5ng m\u00e0 c\u00e1c b\u1ed9 se m\u00e0ng flange truy\u1ec1n th\u1ed1ng d\u1ea1ng \u201cI-section\u201d kh\u00f4ng th\u1ec3 l\u1eafp \u0111\u1eb7t do kh\u00f4ng gian h\u1ea1n ch\u1ebf. S\u1ea3n ph\u1ea9m \u0111\u01b0\u1ee3c thi\u1ebft k\u1ebf cho c\u00e1c m\u00f4i tr\u01b0\u1eddng kh\u1eafc nghi\u1ec7t nh\u01b0 biogas, d\u1ea7u th\u00f4, dung d\u1ecbch khoan kh\u00ed \u0111\u1ed1t v\u00e0 \u1ee9ng d\u1ee5ng diesel sinh h\u1ecdc. T\u01b0\u01a1ng th\u00edch v\u1edbi c\u00e1c ti\u00eau chu\u1ea9n flange ANSI\/ASME, JIS v\u00e0 DIN2527, DIF-S h\u1ed7 tr\u1ee3 c\u1ea3 \u0111\u1ed3ng h\u1ed3 \u00e1p su\u1ea5t v\u00e0 b\u1ed9 truy\u1ec1n t\u00edn hi\u1ec7u, v\u1edbi c\u00e1c c\u1ed5ng x\u1ea3 t\u00f9y ch\u1ecdn v\u00e0 l\u1edbp l\u00f3t kim lo\u1ea1i ho\u1eb7c PTFE \u0111\u1ec3 t\u0103ng c\u01b0\u1eddng kh\u1ea3 n\u0103ng ch\u1ed1ng \u0103n m\u00f2n v\u00e0 d\u1ec5 b\u1ea3o tr\u00ec.<\/p>","protected":false},"excerpt":{"rendered":"<ul>\n<li>C\u00e1c d\u1ea3i \u00e1p su\u1ea5t th\u1ea5p c\u00f3 th\u1ec3 \u0111\u01b0\u1ee3c \u0111o l\u01b0\u1eddng \u0111\u1ec3 \u0111\u00e1p \u1ee9ng nhu c\u1ea7u k\u1ebft n\u1ed1i \u0111\u01b0\u1eddng \u1ed1ng v\u00e0 \u0111\u1ea3m b\u1ea3o \u0111\u1ed9 ch\u00ednh x\u00e1c.<\/li>\n<li>M\u1ed9t gi\u1ea3i ph\u00e1p thay th\u1ebf khi kh\u00f4ng th\u1ec3 s\u1eed d\u1ee5ng ph\u1edbt m\u00e0ng flange lo\u1ea1i \u201cI\u201d do thi\u1ebfu kh\u00f4ng gian.<\/li>\n<li>\u00c1p d\u1ee5ng cho c\u00e1c m\u00f4i tr\u01b0\u1eddng l\u00e0m vi\u1ec7c nghi\u00eam ng\u1eb7t bao g\u1ed3m biogas, d\u1ea7u, khai th\u00e1c kh\u00ed \u0111\u1ed1t b\u1eb1ng ph\u01b0\u01a1ng ph\u00e1p fracking v\u00e0 biodiesel, v.v.<\/li>\n<\/ul>","protected":false},"featured_media":1966,"template":"","meta":{"_acf_changed":false},"product_brand":[40],"product_cat":[21,41],"product_tag":[],"class_list":{"0":"post-1963","1":"product","2":"type-product","3":"status-publish","4":"has-post-thumbnail","6":"product_brand-sj-gauge","7":"product_cat-diaphragm-seal","8":"product_cat-pressure-instruments","10":"first","11":"instock","12":"shipping-taxable","13":"product-type-simple"},"acf":[],"yoast_head":"<!-- This site is optimized with the Yoast SEO Premium plugin v26.7 (Yoast SEO v27.4) - https:\/\/yoast.com\/product\/yoast-seo-premium-wordpress\/ -->\n<title>Dual Diaphragm Seal | Solution for Low Pressure &amp; Limited Space | SJ Gauge<\/title>\n<meta name=\"description\" content=\"DIF-S dual-diaphragm seal is designed for accurate measurement in lower pressure ranges and compact spaces. Ideal for harsh media like biogas, crude oil, and biodiesel, it supports ANSI, JIS, and DIN2527 flanges with optional flush ports or PTFE linings for enhanced corrosion resistance\" \/>\n<meta name=\"robots\" content=\"index, follow, max-snippet:-1, max-image-preview:large, max-video-preview:-1\" \/>\n<link rel=\"canonical\" href=\"https:\/\/www.sj-gauge.com\/vi\/san-pham\/dif-s\/\" \/>\n<meta property=\"og:locale\" content=\"vi_VN\" \/>\n<meta property=\"og:type\" content=\"article\" \/>\n<meta property=\"og:title\" content=\"Flanged Connection with Dual Diaphragm\" \/>\n<meta property=\"og:description\" content=\"DIF-S dual-diaphragm seal is designed for accurate measurement in lower pressure ranges and compact spaces. Ideal for harsh media like biogas, crude oil, and biodiesel, it supports ANSI, JIS, and DIN2527 flanges with optional flush ports or PTFE linings for enhanced corrosion resistance\" \/>\n<meta property=\"og:url\" content=\"https:\/\/www.sj-gauge.com\/vi\/san-pham\/dif-s\/\" \/>\n<meta property=\"og:site_name\" content=\"SJ Gauge | Pressure Gauges, Thermometers &amp; Pressure Sensors\" \/>\n<meta property=\"article:modified_time\" content=\"2026-03-29T09:40:01+00:00\" \/>\n<meta property=\"og:image\" content=\"https:\/\/www.sj-gauge.com\/wp-content\/uploads\/2025\/11\/SJ-Gauge-pressure-gauge-metal-dual-diaphragm.jpg\" \/>\n\t<meta property=\"og:image:width\" content=\"1200\" \/>\n\t<meta property=\"og:image:height\" content=\"1000\" \/>\n\t<meta property=\"og:image:type\" content=\"image\/jpeg\" \/>\n<meta name=\"twitter:card\" content=\"summary_large_image\" \/>\n<meta name=\"twitter:label1\" content=\"\u01af\u1edbc t\u00ednh th\u1eddi gian \u0111\u1ecdc\" \/>\n\t<meta name=\"twitter:data1\" content=\"1 ph\u00fat\" \/>\n<script type=\"application\/ld+json\" class=\"yoast-schema-graph\">{\"@context\":\"https:\\\/\\\/schema.org\",\"@graph\":[{\"@type\":\"WebPage\",\"@id\":\"https:\\\/\\\/www.sj-gauge.com\\\/product\\\/dif-s\\\/\",\"url\":\"https:\\\/\\\/www.sj-gauge.com\\\/product\\\/dif-s\\\/\",\"name\":\"Dual Diaphragm Seal | Solution for Low Pressure & Limited Space | SJ Gauge\",\"isPartOf\":{\"@id\":\"https:\\\/\\\/www.sj-gauge.com\\\/#website\"},\"primaryImageOfPage\":{\"@id\":\"https:\\\/\\\/www.sj-gauge.com\\\/product\\\/dif-s\\\/#primaryimage\"},\"image\":{\"@id\":\"https:\\\/\\\/www.sj-gauge.com\\\/product\\\/dif-s\\\/#primaryimage\"},\"thumbnailUrl\":\"https:\\\/\\\/www.sj-gauge.com\\\/wp-content\\\/uploads\\\/2025\\\/11\\\/SJ-Gauge-pressure-gauge-metal-dual-diaphragm.jpg\",\"datePublished\":\"2025-11-17T09:29:34+00:00\",\"dateModified\":\"2026-03-29T09:40:01+00:00\",\"description\":\"DIF-S dual-diaphragm seal is designed for accurate measurement in lower pressure ranges and compact spaces. Ideal for harsh media like biogas, crude oil, and biodiesel, it supports ANSI, JIS, and DIN2527 flanges with optional flush ports or PTFE linings for enhanced corrosion resistance\",\"breadcrumb\":{\"@id\":\"https:\\\/\\\/www.sj-gauge.com\\\/product\\\/dif-s\\\/#breadcrumb\"},\"inLanguage\":\"vi\",\"potentialAction\":[{\"@type\":\"ReadAction\",\"target\":[\"https:\\\/\\\/www.sj-gauge.com\\\/product\\\/dif-s\\\/\"]}]},{\"@type\":\"ImageObject\",\"inLanguage\":\"vi\",\"@id\":\"https:\\\/\\\/www.sj-gauge.com\\\/product\\\/dif-s\\\/#primaryimage\",\"url\":\"https:\\\/\\\/www.sj-gauge.com\\\/wp-content\\\/uploads\\\/2025\\\/11\\\/SJ-Gauge-pressure-gauge-metal-dual-diaphragm.jpg\",\"contentUrl\":\"https:\\\/\\\/www.sj-gauge.com\\\/wp-content\\\/uploads\\\/2025\\\/11\\\/SJ-Gauge-pressure-gauge-metal-dual-diaphragm.jpg\",\"width\":1200,\"height\":1000},{\"@type\":\"BreadcrumbList\",\"@id\":\"https:\\\/\\\/www.sj-gauge.com\\\/product\\\/dif-s\\\/#breadcrumb\",\"itemListElement\":[{\"@type\":\"ListItem\",\"position\":1,\"name\":\"Home\",\"item\":\"https:\\\/\\\/www.sj-gauge.com\\\/\"},{\"@type\":\"ListItem\",\"position\":2,\"name\":\"Products\",\"item\":\"https:\\\/\\\/www.sj-gauge.com\\\/products\\\/\"},{\"@type\":\"ListItem\",\"position\":3,\"name\":\"Flanged Connection with Dual Diaphragm\"}]},{\"@type\":\"WebSite\",\"@id\":\"https:\\\/\\\/www.sj-gauge.com\\\/#website\",\"url\":\"https:\\\/\\\/www.sj-gauge.com\\\/\",\"name\":\"SJ Gauge | Pressure Gauges, Thermometers &amp; Pressure Sensors\",\"description\":\"Manufacturer of industrial pressure gauges, pressure sensors, and transmitters. SJ Gauge provides high accuracy, durable materials, and custom solutions for oil &amp; gas, chemical, and industrial applications.\",\"publisher\":{\"@id\":\"https:\\\/\\\/www.sj-gauge.com\\\/#organization\"},\"potentialAction\":[{\"@type\":\"SearchAction\",\"target\":{\"@type\":\"EntryPoint\",\"urlTemplate\":\"https:\\\/\\\/www.sj-gauge.com\\\/?s={search_term_string}\"},\"query-input\":{\"@type\":\"PropertyValueSpecification\",\"valueRequired\":true,\"valueName\":\"search_term_string\"}}],\"inLanguage\":\"vi\"},{\"@type\":\"Organization\",\"@id\":\"https:\\\/\\\/www.sj-gauge.com\\\/#organization\",\"name\":\"SJ Gauge | Pressure Gauges, Thermometers &amp; Pressure Sensors\",\"url\":\"https:\\\/\\\/www.sj-gauge.com\\\/\",\"logo\":{\"@type\":\"ImageObject\",\"inLanguage\":\"vi\",\"@id\":\"https:\\\/\\\/www.sj-gauge.com\\\/#\\\/schema\\\/logo\\\/image\\\/\",\"url\":\"https:\\\/\\\/www.sj-gauge.com\\\/wp-content\\\/uploads\\\/2025\\\/09\\\/logo.webp\",\"contentUrl\":\"https:\\\/\\\/www.sj-gauge.com\\\/wp-content\\\/uploads\\\/2025\\\/09\\\/logo.webp\",\"width\":348,\"height\":184,\"caption\":\"SJ Gauge | Pressure Gauges, Thermometers &amp; Pressure Sensors\"},\"image\":{\"@id\":\"https:\\\/\\\/www.sj-gauge.com\\\/#\\\/schema\\\/logo\\\/image\\\/\"}}]}<\/script>\n<!-- \/ Yoast SEO Premium plugin. -->","yoast_head_json":{"title":"Ph\u1edbt k\u00e9p | Gi\u1ea3i ph\u00e1p cho \u00e1p su\u1ea5t th\u1ea5p v\u00e0 kh\u00f4ng gian h\u1ea1n ch\u1ebf | SJ Gauge","description":"Ph\u1ee5 ki\u1ec7n c\u00e1ch ly m\u00e0ng k\u00e9p DIF-S \u0111\u01b0\u1ee3c thi\u1ebft k\u1ebf \u0111\u1ec3 \u0111o l\u01b0\u1eddng ch\u00ednh x\u00e1c trong c\u00e1c d\u1ea3i \u00e1p su\u1ea5t th\u1ea5p v\u00e0 kh\u00f4ng gian h\u1eb9p. S\u1ea3n ph\u1ea9m n\u00e0y l\u00fd t\u01b0\u1edfng cho c\u00e1c m\u00f4i tr\u01b0\u1eddng kh\u1eafc nghi\u1ec7t nh\u01b0 kh\u00ed sinh h\u1ecdc, d\u1ea7u th\u00f4 v\u00e0 d\u1ea7u diesel sinh h\u1ecdc, h\u1ed7 tr\u1ee3 c\u00e1c lo\u1ea1i m\u1eb7t b\u00edch theo ti\u00eau chu\u1ea9n ANSI, JIS v\u00e0 DIN2527, k\u00e8m theo c\u00e1c c\u1ed5ng x\u1ea3 ph\u1eb3ng t\u00f9y ch\u1ecdn ho\u1eb7c l\u1edbp l\u00f3t PTFE \u0111\u1ec3 t\u0103ng c\u01b0\u1eddng kh\u1ea3 n\u0103ng ch\u1ed1ng \u0103n m\u00f2n.","robots":{"index":"index","follow":"follow","max-snippet":"max-snippet:-1","max-image-preview":"max-image-preview:large","max-video-preview":"max-video-preview:-1"},"canonical":"https:\/\/www.sj-gauge.com\/vi\/san-pham\/dif-s\/","og_locale":"vi_VN","og_type":"article","og_title":"Flanged Connection with Dual Diaphragm","og_description":"DIF-S dual-diaphragm seal is designed for accurate measurement in lower pressure ranges and compact spaces. Ideal for harsh media like biogas, crude oil, and biodiesel, it supports ANSI, JIS, and DIN2527 flanges with optional flush ports or PTFE linings for enhanced corrosion resistance","og_url":"https:\/\/www.sj-gauge.com\/vi\/san-pham\/dif-s\/","og_site_name":"SJ Gauge | Pressure Gauges, Thermometers &amp; Pressure Sensors","article_modified_time":"2026-03-29T09:40:01+00:00","og_image":[{"width":1200,"height":1000,"url":"https:\/\/www.sj-gauge.com\/wp-content\/uploads\/2025\/11\/SJ-Gauge-pressure-gauge-metal-dual-diaphragm.jpg","type":"image\/jpeg"}],"twitter_card":"summary_large_image","twitter_misc":{"\u01af\u1edbc t\u00ednh th\u1eddi gian \u0111\u1ecdc":"1 ph\u00fat"},"schema":{"@context":"https:\/\/schema.org","@graph":[{"@type":"WebPage","@id":"https:\/\/www.sj-gauge.com\/product\/dif-s\/","url":"https:\/\/www.sj-gauge.com\/product\/dif-s\/","name":"Ph\u1edbt k\u00e9p | Gi\u1ea3i ph\u00e1p cho \u00e1p su\u1ea5t th\u1ea5p v\u00e0 kh\u00f4ng gian h\u1ea1n ch\u1ebf | SJ Gauge","isPartOf":{"@id":"https:\/\/www.sj-gauge.com\/#website"},"primaryImageOfPage":{"@id":"https:\/\/www.sj-gauge.com\/product\/dif-s\/#primaryimage"},"image":{"@id":"https:\/\/www.sj-gauge.com\/product\/dif-s\/#primaryimage"},"thumbnailUrl":"https:\/\/www.sj-gauge.com\/wp-content\/uploads\/2025\/11\/SJ-Gauge-pressure-gauge-metal-dual-diaphragm.jpg","datePublished":"2025-11-17T09:29:34+00:00","dateModified":"2026-03-29T09:40:01+00:00","description":"Ph\u1ee5 ki\u1ec7n c\u00e1ch ly m\u00e0ng k\u00e9p DIF-S \u0111\u01b0\u1ee3c thi\u1ebft k\u1ebf \u0111\u1ec3 \u0111o l\u01b0\u1eddng ch\u00ednh x\u00e1c trong c\u00e1c d\u1ea3i \u00e1p su\u1ea5t th\u1ea5p v\u00e0 kh\u00f4ng gian h\u1eb9p. S\u1ea3n ph\u1ea9m n\u00e0y l\u00fd t\u01b0\u1edfng cho c\u00e1c m\u00f4i tr\u01b0\u1eddng kh\u1eafc nghi\u1ec7t nh\u01b0 kh\u00ed sinh h\u1ecdc, d\u1ea7u th\u00f4 v\u00e0 d\u1ea7u diesel sinh h\u1ecdc, h\u1ed7 tr\u1ee3 c\u00e1c lo\u1ea1i m\u1eb7t b\u00edch theo ti\u00eau chu\u1ea9n ANSI, JIS v\u00e0 DIN2527, k\u00e8m theo c\u00e1c c\u1ed5ng x\u1ea3 ph\u1eb3ng t\u00f9y ch\u1ecdn ho\u1eb7c l\u1edbp l\u00f3t PTFE \u0111\u1ec3 t\u0103ng c\u01b0\u1eddng kh\u1ea3 n\u0103ng ch\u1ed1ng \u0103n m\u00f2n.","breadcrumb":{"@id":"https:\/\/www.sj-gauge.com\/product\/dif-s\/#breadcrumb"},"inLanguage":"vi","potentialAction":[{"@type":"ReadAction","target":["https:\/\/www.sj-gauge.com\/product\/dif-s\/"]}]},{"@type":"ImageObject","inLanguage":"vi","@id":"https:\/\/www.sj-gauge.com\/product\/dif-s\/#primaryimage","url":"https:\/\/www.sj-gauge.com\/wp-content\/uploads\/2025\/11\/SJ-Gauge-pressure-gauge-metal-dual-diaphragm.jpg","contentUrl":"https:\/\/www.sj-gauge.com\/wp-content\/uploads\/2025\/11\/SJ-Gauge-pressure-gauge-metal-dual-diaphragm.jpg","width":1200,"height":1000},{"@type":"BreadcrumbList","@id":"https:\/\/www.sj-gauge.com\/product\/dif-s\/#breadcrumb","itemListElement":[{"@type":"ListItem","position":1,"name":"Home","item":"https:\/\/www.sj-gauge.com\/"},{"@type":"ListItem","position":2,"name":"Products","item":"https:\/\/www.sj-gauge.com\/products\/"},{"@type":"ListItem","position":3,"name":"Flanged Connection with Dual Diaphragm"}]},{"@type":"WebSite","@id":"https:\/\/www.sj-gauge.com\/#website","url":"https:\/\/www.sj-gauge.com\/","name":"SJ Gauge | \u0110\u1ed3ng h\u1ed3 \u0111o \u00e1p su\u1ea5t, nhi\u1ec7t k\u1ebf v\u00e0 c\u1ea3m bi\u1ebfn \u00e1p su\u1ea5t","description":"Nh\u00e0 s\u1ea3n xu\u1ea5t \u0111\u1ed3ng h\u1ed3 \u0111o \u00e1p su\u1ea5t c\u00f4ng nghi\u1ec7p, c\u1ea3m bi\u1ebfn \u00e1p su\u1ea5t v\u00e0 b\u1ed9 truy\u1ec1n t\u00edn hi\u1ec7u. SJ Gauge cung c\u1ea5p c\u00e1c s\u1ea3n ph\u1ea9m c\u00f3 \u0111\u1ed9 ch\u00ednh x\u00e1c cao, \u0111\u01b0\u1ee3c ch\u1ebf t\u1ea1o t\u1eeb v\u1eadt li\u1ec7u b\u1ec1n b\u1ec9 v\u00e0 c\u00e1c gi\u1ea3i ph\u00e1p t\u00f9y ch\u1ec9nh d\u00e0nh cho c\u00e1c \u1ee9ng d\u1ee5ng trong ng\u00e0nh d\u1ea7u kh\u00ed, h\u00f3a ch\u1ea5t v\u00e0 c\u00f4ng nghi\u1ec7p.","publisher":{"@id":"https:\/\/www.sj-gauge.com\/#organization"},"potentialAction":[{"@type":"SearchAction","target":{"@type":"EntryPoint","urlTemplate":"https:\/\/www.sj-gauge.com\/?s={search_term_string}"},"query-input":{"@type":"PropertyValueSpecification","valueRequired":true,"valueName":"search_term_string"}}],"inLanguage":"vi"},{"@type":"Organization","@id":"https:\/\/www.sj-gauge.com\/#organization","name":"SJ Gauge | \u0110\u1ed3ng h\u1ed3 \u0111o \u00e1p su\u1ea5t, nhi\u1ec7t k\u1ebf v\u00e0 c\u1ea3m bi\u1ebfn \u00e1p su\u1ea5t","url":"https:\/\/www.sj-gauge.com\/","logo":{"@type":"ImageObject","inLanguage":"vi","@id":"https:\/\/www.sj-gauge.com\/#\/schema\/logo\/image\/","url":"https:\/\/www.sj-gauge.com\/wp-content\/uploads\/2025\/09\/logo.webp","contentUrl":"https:\/\/www.sj-gauge.com\/wp-content\/uploads\/2025\/09\/logo.webp","width":348,"height":184,"caption":"SJ Gauge | Pressure Gauges, Thermometers &amp; Pressure Sensors"},"image":{"@id":"https:\/\/www.sj-gauge.com\/#\/schema\/logo\/image\/"}}]}},"_links":{"self":[{"href":"https:\/\/www.sj-gauge.com\/vi\/wp-json\/wp\/v2\/product\/1963","targetHints":{"allow":["GET"]}}],"collection":[{"href":"https:\/\/www.sj-gauge.com\/vi\/wp-json\/wp\/v2\/product"}],"about":[{"href":"https:\/\/www.sj-gauge.com\/vi\/wp-json\/wp\/v2\/types\/product"}],"wp:featuredmedia":[{"embeddable":true,"href":"https:\/\/www.sj-gauge.com\/vi\/wp-json\/wp\/v2\/media\/1966"}],"wp:attachment":[{"href":"https:\/\/www.sj-gauge.com\/vi\/wp-json\/wp\/v2\/media?parent=1963"}],"wp:term":[{"taxonomy":"product_brand","embeddable":true,"href":"https:\/\/www.sj-gauge.com\/vi\/wp-json\/wp\/v2\/product_brand?post=1963"},{"taxonomy":"product_cat","embeddable":true,"href":"https:\/\/www.sj-gauge.com\/vi\/wp-json\/wp\/v2\/product_cat?post=1963"},{"taxonomy":"product_tag","embeddable":true,"href":"https:\/\/www.sj-gauge.com\/vi\/wp-json\/wp\/v2\/product_tag?post=1963"}],"curies":[{"name":"wp","href":"https:\/\/api.w.org\/{rel}","templated":true}]}}