{"id":1981,"date":"2025-11-20T09:58:24","date_gmt":"2025-11-20T01:58:24","guid":{"rendered":"https:\/\/sj-gauge.com\/?post_type=product&#038;p=1981"},"modified":"2026-03-29T17:37:11","modified_gmt":"2026-03-29T09:37:11","slug":"dif-e","status":"publish","type":"product","link":"https:\/\/www.sj-gauge.com\/vi\/san-pham\/dif-e\/","title":{"rendered":"K\u1ebft n\u1ed1i c\u00f3 v\u00e0nh v\u1edbi m\u00e0ng m\u1edf r\u1ed9ng"},"content":{"rendered":"<p>DIF-E l\u00e0 lo\u1ea1i ph\u1edbt m\u00e0ng m\u1edf r\u1ed9ng \u0111\u01b0\u1ee3c thi\u1ebft k\u1ebf cho c\u00e1c \u1ee9ng d\u1ee5ng li\u00ean quan \u0111\u1ebfn m\u00f4i tr\u01b0\u1eddng b\u1ecb \u00f4 nhi\u1ec5m, \u0111\u00f4ng \u0111\u1eb7c, nhi\u1ec7t \u0111\u1ed9 cao ho\u1eb7c c\u00f3 \u0111\u1ed9 nh\u1edbt cao. C\u1ea5u tr\u00fac m\u00e0ng m\u1edf r\u1ed9ng cho ph\u00e9p ph\u1ea7n c\u1ea3m bi\u1ebfn ti\u1ebfp c\u1eadn s\u00e2u h\u01a1n v\u00e0o c\u00e1c b\u1ed3n ch\u1ee9a ho\u1eb7c \u1ed1ng d\u1eabn c\u00f3 l\u1edbp c\u00e1ch nhi\u1ec7t ho\u1eb7c th\u00e0nh d\u00e0y, \u0111\u1ea3m b\u1ea3o truy\u1ec1n \u00e1p su\u1ea5t \u1ed5n \u0111\u1ecbnh v\u00e0 ch\u00ednh x\u00e1c. Ph\u1ea7n th\u00e2n tr\u00ean, c\u00e1c b\u1ed9 ph\u1eadn ti\u1ebfp x\u00fac v\u1edbi m\u00f4i tr\u01b0\u1eddng v\u00e0 m\u00e0ng c\u00f3 th\u1ec3 \u0111\u01b0\u1ee3c ch\u1ebf t\u1ea1o t\u1eeb c\u00e1c v\u1eadt li\u1ec7u gi\u1ed1ng nhau ho\u1eb7c kh\u00e1c nhau, v\u00e0 c\u00e1c l\u1edbp ph\u1ee7 t\u00f9y ch\u1ecdn nh\u01b0 PTFE ho\u1eb7c PFA gi\u00fap t\u0103ng c\u01b0\u1eddng kh\u1ea3 n\u0103ng ch\u1ed1ng \u0103n m\u00f2n. \u0110i\u1ec1u n\u00e0y khi\u1ebfn DIF-E tr\u1edf th\u00e0nh gi\u1ea3i ph\u00e1p l\u00fd t\u01b0\u1edfng cho c\u00e1c m\u00f4i tr\u01b0\u1eddng c\u00f4ng nghi\u1ec7p kh\u1eafc nghi\u1ec7t nh\u01b0 x\u1eed l\u00fd h\u00f3a ch\u1ea5t, nh\u00e0 m\u00e1y l\u1ecdc h\u00f3a d\u1ea7u v\u00e0 c\u00e1c \u1ee9ng d\u1ee5ng y\u00eau c\u1ea7u hi\u1ec7u su\u1ea5t \u0111\u00e1ng tin c\u1eady v\u1edbi m\u00f4i tr\u01b0\u1eddng \u0103n m\u00f2n ho\u1eb7c kh\u00f3 kh\u0103n.<\/p>","protected":false},"excerpt":{"rendered":"<ul>\n<li>Ph\u1ea7n tr\u00ean c\u1ee7a ph\u1edbt m\u00e0ng, m\u00e0ng k\u00e9o d\u00e0i v\u00e0 c\u00e1c b\u1ed9 ph\u1eadn ti\u1ebfp x\u00fac v\u1edbi ch\u1ea5t l\u1ecfng c\u00f3 th\u1ec3 \u0111\u01b0\u1ee3c l\u00e0m t\u1eeb c\u00f9ng m\u1ed9t lo\u1ea1i v\u1eadt li\u1ec7u ho\u1eb7c c\u00e1c lo\u1ea1i v\u1eadt li\u1ec7u kh\u00e1c nhau.<\/li>\n<li>Nh\u01b0 m\u1ed9t gi\u1ea3i ph\u00e1p thay th\u1ebf, m\u00e0ng v\u00e0 m\u00e0ng m\u1edf r\u1ed9ng c\u00f3 th\u1ec3 \u0111\u01b0\u1ee3c ph\u1ee7.<\/li>\n<li>D\u00f9ng cho c\u00e1c m\u00f4i tr\u01b0\u1eddng b\u1ecb \u00f4 nhi\u1ec5m, \u0111\u00f4ng \u0111\u1eb7c, n\u00f3ng ho\u1eb7c c\u00f3 \u0111\u1ed9 nh\u1edbt cao nh\u01b0 b\u1ed3n ch\u1ee9a c\u00f3 th\u00e0nh d\u00e0y ho\u1eb7c c\u00e1ch ly v\u00e0 \u0111\u01b0\u1eddng \u1ed1ng.<\/li>\n<\/ul>","protected":false},"featured_media":1984,"template":"","meta":{"_acf_changed":false},"product_brand":[40],"product_cat":[21],"product_tag":[],"class_list":{"0":"post-1981","1":"product","2":"type-product","3":"status-publish","4":"has-post-thumbnail","6":"product_brand-sj-gauge","7":"product_cat-diaphragm-seal","9":"first","10":"instock","11":"shipping-taxable","12":"product-type-simple"},"acf":[],"yoast_head":"<!-- This site is optimized with the Yoast SEO Premium plugin v26.7 (Yoast SEO v27.4) - https:\/\/yoast.com\/product\/yoast-seo-premium-wordpress\/ -->\n<title>Extended Diaphragm Seal | For Insulated &amp; Thick-walled Tanks | SJ Gauge<\/title>\n<meta name=\"description\" content=\"DIF-E extended diaphragm seal is designed for thick-walled or insulated tanks and pipelines. Its extended structure allows the sensing element to reach deeper for stable and accurate pressure transmission. Ideal for contaminated, high-temperature, and highly viscous media with optional PTFE\/PFA coatings\" \/>\n<meta name=\"robots\" content=\"index, follow, max-snippet:-1, max-image-preview:large, max-video-preview:-1\" \/>\n<link rel=\"canonical\" href=\"https:\/\/www.sj-gauge.com\/vi\/san-pham\/dif-e\/\" \/>\n<meta property=\"og:locale\" content=\"vi_VN\" \/>\n<meta property=\"og:type\" content=\"article\" \/>\n<meta property=\"og:title\" content=\"Flanged Connection with Extended Diaphragm\" \/>\n<meta property=\"og:description\" content=\"DIF-E extended diaphragm seal is designed for thick-walled or insulated tanks and pipelines. Its extended structure allows the sensing element to reach deeper for stable and accurate pressure transmission. Ideal for contaminated, high-temperature, and highly viscous media with optional PTFE\/PFA coatings\" \/>\n<meta property=\"og:url\" content=\"https:\/\/www.sj-gauge.com\/vi\/san-pham\/dif-e\/\" \/>\n<meta property=\"og:site_name\" content=\"SJ Gauge | Pressure Gauges, Thermometers &amp; Pressure Sensors\" \/>\n<meta property=\"article:modified_time\" content=\"2026-03-29T09:37:11+00:00\" \/>\n<meta property=\"og:image\" content=\"https:\/\/www.sj-gauge.com\/wp-content\/uploads\/2025\/11\/SJ-Gauge-extended-diaphragm-flanged-connection.jpg\" \/>\n\t<meta property=\"og:image:width\" content=\"1200\" \/>\n\t<meta property=\"og:image:height\" content=\"1000\" \/>\n\t<meta property=\"og:image:type\" content=\"image\/jpeg\" \/>\n<meta name=\"twitter:card\" content=\"summary_large_image\" \/>\n<meta name=\"twitter:label1\" content=\"\u01af\u1edbc t\u00ednh th\u1eddi gian \u0111\u1ecdc\" \/>\n\t<meta name=\"twitter:data1\" content=\"1 ph\u00fat\" \/>\n<script type=\"application\/ld+json\" class=\"yoast-schema-graph\">{\"@context\":\"https:\\\/\\\/schema.org\",\"@graph\":[{\"@type\":\"WebPage\",\"@id\":\"https:\\\/\\\/www.sj-gauge.com\\\/product\\\/dif-e\\\/\",\"url\":\"https:\\\/\\\/www.sj-gauge.com\\\/product\\\/dif-e\\\/\",\"name\":\"Extended Diaphragm Seal | For Insulated & Thick-walled Tanks | SJ Gauge\",\"isPartOf\":{\"@id\":\"https:\\\/\\\/www.sj-gauge.com\\\/#website\"},\"primaryImageOfPage\":{\"@id\":\"https:\\\/\\\/www.sj-gauge.com\\\/product\\\/dif-e\\\/#primaryimage\"},\"image\":{\"@id\":\"https:\\\/\\\/www.sj-gauge.com\\\/product\\\/dif-e\\\/#primaryimage\"},\"thumbnailUrl\":\"https:\\\/\\\/www.sj-gauge.com\\\/wp-content\\\/uploads\\\/2025\\\/11\\\/SJ-Gauge-extended-diaphragm-flanged-connection.jpg\",\"datePublished\":\"2025-11-20T01:58:24+00:00\",\"dateModified\":\"2026-03-29T09:37:11+00:00\",\"description\":\"DIF-E extended diaphragm seal is designed for thick-walled or insulated tanks and pipelines. Its extended structure allows the sensing element to reach deeper for stable and accurate pressure transmission. Ideal for contaminated, high-temperature, and highly viscous media with optional PTFE\\\/PFA coatings\",\"breadcrumb\":{\"@id\":\"https:\\\/\\\/www.sj-gauge.com\\\/product\\\/dif-e\\\/#breadcrumb\"},\"inLanguage\":\"vi\",\"potentialAction\":[{\"@type\":\"ReadAction\",\"target\":[\"https:\\\/\\\/www.sj-gauge.com\\\/product\\\/dif-e\\\/\"]}]},{\"@type\":\"ImageObject\",\"inLanguage\":\"vi\",\"@id\":\"https:\\\/\\\/www.sj-gauge.com\\\/product\\\/dif-e\\\/#primaryimage\",\"url\":\"https:\\\/\\\/www.sj-gauge.com\\\/wp-content\\\/uploads\\\/2025\\\/11\\\/SJ-Gauge-extended-diaphragm-flanged-connection.jpg\",\"contentUrl\":\"https:\\\/\\\/www.sj-gauge.com\\\/wp-content\\\/uploads\\\/2025\\\/11\\\/SJ-Gauge-extended-diaphragm-flanged-connection.jpg\",\"width\":1200,\"height\":1000},{\"@type\":\"BreadcrumbList\",\"@id\":\"https:\\\/\\\/www.sj-gauge.com\\\/product\\\/dif-e\\\/#breadcrumb\",\"itemListElement\":[{\"@type\":\"ListItem\",\"position\":1,\"name\":\"Home\",\"item\":\"https:\\\/\\\/www.sj-gauge.com\\\/\"},{\"@type\":\"ListItem\",\"position\":2,\"name\":\"Products\",\"item\":\"https:\\\/\\\/www.sj-gauge.com\\\/products\\\/\"},{\"@type\":\"ListItem\",\"position\":3,\"name\":\"Flanged Connection with Extended Diaphragm\"}]},{\"@type\":\"WebSite\",\"@id\":\"https:\\\/\\\/www.sj-gauge.com\\\/#website\",\"url\":\"https:\\\/\\\/www.sj-gauge.com\\\/\",\"name\":\"SJ Gauge | Pressure Gauges, Thermometers &amp; Pressure Sensors\",\"description\":\"Manufacturer of industrial pressure gauges, pressure sensors, and transmitters. SJ Gauge provides high accuracy, durable materials, and custom solutions for oil &amp; gas, chemical, and industrial applications.\",\"publisher\":{\"@id\":\"https:\\\/\\\/www.sj-gauge.com\\\/#organization\"},\"potentialAction\":[{\"@type\":\"SearchAction\",\"target\":{\"@type\":\"EntryPoint\",\"urlTemplate\":\"https:\\\/\\\/www.sj-gauge.com\\\/?s={search_term_string}\"},\"query-input\":{\"@type\":\"PropertyValueSpecification\",\"valueRequired\":true,\"valueName\":\"search_term_string\"}}],\"inLanguage\":\"vi\"},{\"@type\":\"Organization\",\"@id\":\"https:\\\/\\\/www.sj-gauge.com\\\/#organization\",\"name\":\"SJ Gauge | Pressure Gauges, Thermometers &amp; Pressure Sensors\",\"url\":\"https:\\\/\\\/www.sj-gauge.com\\\/\",\"logo\":{\"@type\":\"ImageObject\",\"inLanguage\":\"vi\",\"@id\":\"https:\\\/\\\/www.sj-gauge.com\\\/#\\\/schema\\\/logo\\\/image\\\/\",\"url\":\"https:\\\/\\\/www.sj-gauge.com\\\/wp-content\\\/uploads\\\/2025\\\/09\\\/logo.webp\",\"contentUrl\":\"https:\\\/\\\/www.sj-gauge.com\\\/wp-content\\\/uploads\\\/2025\\\/09\\\/logo.webp\",\"width\":348,\"height\":184,\"caption\":\"SJ Gauge | Pressure Gauges, Thermometers &amp; Pressure Sensors\"},\"image\":{\"@id\":\"https:\\\/\\\/www.sj-gauge.com\\\/#\\\/schema\\\/logo\\\/image\\\/\"}}]}<\/script>\n<!-- \/ Yoast SEO Premium plugin. -->","yoast_head_json":{"title":"Ph\u1edbt m\u00e0ng m\u1edf r\u1ed9ng | D\u00f9ng cho b\u1ed3n ch\u1ee9a c\u00e1ch nhi\u1ec7t v\u00e0 c\u00f3 th\u00e0nh d\u00e0y | SJ Gauge","description":"Ph\u1edbt m\u00e0ng m\u1edf r\u1ed9ng DIF-E \u0111\u01b0\u1ee3c thi\u1ebft k\u1ebf d\u00e0nh cho c\u00e1c b\u1ec3 ch\u1ee9a v\u00e0 \u0111\u01b0\u1eddng \u1ed1ng c\u00f3 th\u00e0nh d\u00e0y ho\u1eb7c \u0111\u01b0\u1ee3c c\u00e1ch nhi\u1ec7t. C\u1ea5u tr\u00fac m\u1edf r\u1ed9ng c\u1ee7a s\u1ea3n ph\u1ea9m cho ph\u00e9p b\u1ed9 ph\u1eadn c\u1ea3m bi\u1ebfn ti\u1ebfp c\u1eadn s\u00e2u h\u01a1n, \u0111\u1ea3m b\u1ea3o truy\u1ec1n \u00e1p su\u1ea5t \u1ed5n \u0111\u1ecbnh v\u00e0 ch\u00ednh x\u00e1c. S\u1ea3n ph\u1ea9m l\u00fd t\u01b0\u1edfng cho c\u00e1c m\u00f4i tr\u01b0\u1eddng b\u1ecb \u00f4 nhi\u1ec5m, nhi\u1ec7t \u0111\u1ed9 cao v\u00e0 c\u00f3 \u0111\u1ed9 nh\u1edbt cao, v\u1edbi t\u00f9y ch\u1ecdn l\u1edbp ph\u1ee7 PTFE\/PFA.","robots":{"index":"index","follow":"follow","max-snippet":"max-snippet:-1","max-image-preview":"max-image-preview:large","max-video-preview":"max-video-preview:-1"},"canonical":"https:\/\/www.sj-gauge.com\/vi\/san-pham\/dif-e\/","og_locale":"vi_VN","og_type":"article","og_title":"Flanged Connection with Extended Diaphragm","og_description":"DIF-E extended diaphragm seal is designed for thick-walled or insulated tanks and pipelines. Its extended structure allows the sensing element to reach deeper for stable and accurate pressure transmission. Ideal for contaminated, high-temperature, and highly viscous media with optional PTFE\/PFA coatings","og_url":"https:\/\/www.sj-gauge.com\/vi\/san-pham\/dif-e\/","og_site_name":"SJ Gauge | Pressure Gauges, Thermometers &amp; Pressure Sensors","article_modified_time":"2026-03-29T09:37:11+00:00","og_image":[{"width":1200,"height":1000,"url":"https:\/\/www.sj-gauge.com\/wp-content\/uploads\/2025\/11\/SJ-Gauge-extended-diaphragm-flanged-connection.jpg","type":"image\/jpeg"}],"twitter_card":"summary_large_image","twitter_misc":{"\u01af\u1edbc t\u00ednh th\u1eddi gian \u0111\u1ecdc":"1 ph\u00fat"},"schema":{"@context":"https:\/\/schema.org","@graph":[{"@type":"WebPage","@id":"https:\/\/www.sj-gauge.com\/product\/dif-e\/","url":"https:\/\/www.sj-gauge.com\/product\/dif-e\/","name":"Ph\u1edbt m\u00e0ng m\u1edf r\u1ed9ng | D\u00f9ng cho b\u1ed3n ch\u1ee9a c\u00e1ch nhi\u1ec7t v\u00e0 c\u00f3 th\u00e0nh d\u00e0y | SJ Gauge","isPartOf":{"@id":"https:\/\/www.sj-gauge.com\/#website"},"primaryImageOfPage":{"@id":"https:\/\/www.sj-gauge.com\/product\/dif-e\/#primaryimage"},"image":{"@id":"https:\/\/www.sj-gauge.com\/product\/dif-e\/#primaryimage"},"thumbnailUrl":"https:\/\/www.sj-gauge.com\/wp-content\/uploads\/2025\/11\/SJ-Gauge-extended-diaphragm-flanged-connection.jpg","datePublished":"2025-11-20T01:58:24+00:00","dateModified":"2026-03-29T09:37:11+00:00","description":"Ph\u1edbt m\u00e0ng m\u1edf r\u1ed9ng DIF-E \u0111\u01b0\u1ee3c thi\u1ebft k\u1ebf d\u00e0nh cho c\u00e1c b\u1ec3 ch\u1ee9a v\u00e0 \u0111\u01b0\u1eddng \u1ed1ng c\u00f3 th\u00e0nh d\u00e0y ho\u1eb7c \u0111\u01b0\u1ee3c c\u00e1ch nhi\u1ec7t. C\u1ea5u tr\u00fac m\u1edf r\u1ed9ng c\u1ee7a s\u1ea3n ph\u1ea9m cho ph\u00e9p b\u1ed9 ph\u1eadn c\u1ea3m bi\u1ebfn ti\u1ebfp c\u1eadn s\u00e2u h\u01a1n, \u0111\u1ea3m b\u1ea3o truy\u1ec1n \u00e1p su\u1ea5t \u1ed5n \u0111\u1ecbnh v\u00e0 ch\u00ednh x\u00e1c. S\u1ea3n ph\u1ea9m l\u00fd t\u01b0\u1edfng cho c\u00e1c m\u00f4i tr\u01b0\u1eddng b\u1ecb \u00f4 nhi\u1ec5m, nhi\u1ec7t \u0111\u1ed9 cao v\u00e0 c\u00f3 \u0111\u1ed9 nh\u1edbt cao, v\u1edbi t\u00f9y ch\u1ecdn l\u1edbp ph\u1ee7 PTFE\/PFA.","breadcrumb":{"@id":"https:\/\/www.sj-gauge.com\/product\/dif-e\/#breadcrumb"},"inLanguage":"vi","potentialAction":[{"@type":"ReadAction","target":["https:\/\/www.sj-gauge.com\/product\/dif-e\/"]}]},{"@type":"ImageObject","inLanguage":"vi","@id":"https:\/\/www.sj-gauge.com\/product\/dif-e\/#primaryimage","url":"https:\/\/www.sj-gauge.com\/wp-content\/uploads\/2025\/11\/SJ-Gauge-extended-diaphragm-flanged-connection.jpg","contentUrl":"https:\/\/www.sj-gauge.com\/wp-content\/uploads\/2025\/11\/SJ-Gauge-extended-diaphragm-flanged-connection.jpg","width":1200,"height":1000},{"@type":"BreadcrumbList","@id":"https:\/\/www.sj-gauge.com\/product\/dif-e\/#breadcrumb","itemListElement":[{"@type":"ListItem","position":1,"name":"Home","item":"https:\/\/www.sj-gauge.com\/"},{"@type":"ListItem","position":2,"name":"Products","item":"https:\/\/www.sj-gauge.com\/products\/"},{"@type":"ListItem","position":3,"name":"Flanged Connection with Extended Diaphragm"}]},{"@type":"WebSite","@id":"https:\/\/www.sj-gauge.com\/#website","url":"https:\/\/www.sj-gauge.com\/","name":"SJ Gauge | \u0110\u1ed3ng h\u1ed3 \u0111o \u00e1p su\u1ea5t, nhi\u1ec7t k\u1ebf v\u00e0 c\u1ea3m bi\u1ebfn \u00e1p su\u1ea5t","description":"Nh\u00e0 s\u1ea3n xu\u1ea5t \u0111\u1ed3ng h\u1ed3 \u0111o \u00e1p su\u1ea5t c\u00f4ng nghi\u1ec7p, c\u1ea3m bi\u1ebfn \u00e1p su\u1ea5t v\u00e0 b\u1ed9 truy\u1ec1n t\u00edn hi\u1ec7u. SJ Gauge cung c\u1ea5p c\u00e1c s\u1ea3n ph\u1ea9m c\u00f3 \u0111\u1ed9 ch\u00ednh x\u00e1c cao, \u0111\u01b0\u1ee3c ch\u1ebf t\u1ea1o t\u1eeb v\u1eadt li\u1ec7u b\u1ec1n b\u1ec9 v\u00e0 c\u00e1c gi\u1ea3i ph\u00e1p t\u00f9y ch\u1ec9nh d\u00e0nh cho c\u00e1c \u1ee9ng d\u1ee5ng trong ng\u00e0nh d\u1ea7u kh\u00ed, h\u00f3a ch\u1ea5t v\u00e0 c\u00f4ng nghi\u1ec7p.","publisher":{"@id":"https:\/\/www.sj-gauge.com\/#organization"},"potentialAction":[{"@type":"SearchAction","target":{"@type":"EntryPoint","urlTemplate":"https:\/\/www.sj-gauge.com\/?s={search_term_string}"},"query-input":{"@type":"PropertyValueSpecification","valueRequired":true,"valueName":"search_term_string"}}],"inLanguage":"vi"},{"@type":"Organization","@id":"https:\/\/www.sj-gauge.com\/#organization","name":"SJ Gauge | \u0110\u1ed3ng h\u1ed3 \u0111o \u00e1p su\u1ea5t, nhi\u1ec7t k\u1ebf v\u00e0 c\u1ea3m bi\u1ebfn \u00e1p su\u1ea5t","url":"https:\/\/www.sj-gauge.com\/","logo":{"@type":"ImageObject","inLanguage":"vi","@id":"https:\/\/www.sj-gauge.com\/#\/schema\/logo\/image\/","url":"https:\/\/www.sj-gauge.com\/wp-content\/uploads\/2025\/09\/logo.webp","contentUrl":"https:\/\/www.sj-gauge.com\/wp-content\/uploads\/2025\/09\/logo.webp","width":348,"height":184,"caption":"SJ Gauge | Pressure Gauges, Thermometers &amp; Pressure Sensors"},"image":{"@id":"https:\/\/www.sj-gauge.com\/#\/schema\/logo\/image\/"}}]}},"_links":{"self":[{"href":"https:\/\/www.sj-gauge.com\/vi\/wp-json\/wp\/v2\/product\/1981","targetHints":{"allow":["GET"]}}],"collection":[{"href":"https:\/\/www.sj-gauge.com\/vi\/wp-json\/wp\/v2\/product"}],"about":[{"href":"https:\/\/www.sj-gauge.com\/vi\/wp-json\/wp\/v2\/types\/product"}],"wp:featuredmedia":[{"embeddable":true,"href":"https:\/\/www.sj-gauge.com\/vi\/wp-json\/wp\/v2\/media\/1984"}],"wp:attachment":[{"href":"https:\/\/www.sj-gauge.com\/vi\/wp-json\/wp\/v2\/media?parent=1981"}],"wp:term":[{"taxonomy":"product_brand","embeddable":true,"href":"https:\/\/www.sj-gauge.com\/vi\/wp-json\/wp\/v2\/product_brand?post=1981"},{"taxonomy":"product_cat","embeddable":true,"href":"https:\/\/www.sj-gauge.com\/vi\/wp-json\/wp\/v2\/product_cat?post=1981"},{"taxonomy":"product_tag","embeddable":true,"href":"https:\/\/www.sj-gauge.com\/vi\/wp-json\/wp\/v2\/product_tag?post=1981"}],"curies":[{"name":"wp","href":"https:\/\/api.w.org\/{rel}","templated":true}]}}