{"id":1990,"date":"2025-11-20T10:23:55","date_gmt":"2025-11-20T02:23:55","guid":{"rendered":"https:\/\/sj-gauge.com\/?post_type=product&#038;p=1990"},"modified":"2026-03-29T17:22:58","modified_gmt":"2026-03-29T09:22:58","slug":"diff-s","status":"publish","type":"product","link":"https:\/\/www.sj-gauge.com\/vi\/san-pham\/diff-s\/","title":{"rendered":"K\u1ebft n\u1ed1i c\u00f3 v\u00e0nh v\u1edbi \u1ed1ng ng\u1eafn, m\u00e0ng ch\u1eafn ren"},"content":{"rendered":"<p>Van m\u00e0ng DIF-S c\u00f3 k\u1ebft n\u1ed1i flange v\u1edbi m\u00e0ng v\u00edt, \u0111\u01b0\u1ee3c thi\u1ebft k\u1ebf \u0111\u1ec3 k\u1ebft h\u1ee3p v\u1edbi \u0111\u1ed3ng h\u1ed3 \u00e1p su\u1ea5t ho\u1eb7c b\u1ed9 truy\u1ec1n t\u00edn hi\u1ec7u. S\u1ea3n ph\u1ea9m n\u00e0y ph\u00f9 h\u1ee3p cho c\u00e1c \u1ee9ng d\u1ee5ng kh\u1eafc nghi\u1ec7t li\u00ean quan \u0111\u1ebfn nhi\u1ec7t \u0111\u1ed9 cao, \u00e1p su\u1ea5t cao, rung \u0111\u1ed9ng ho\u1eb7c m\u00f4i tr\u01b0\u1eddng \u0103n m\u00f2n. H\u1ec7 th\u1ed1ng ch\u1ecbu \u0111\u01b0\u1ee3c nhi\u1ec7t \u0111\u1ed9 qu\u00e1 tr\u00ecnh c\u1ef1c cao l\u00ean \u0111\u1ebfn +300\u00b0C v\u00e0 c\u00f3 th\u1ec3 \u0111\u01b0\u1ee3c ch\u1ebf t\u1ea1o t\u1eeb nhi\u1ec1u v\u1eadt li\u1ec7u kh\u00e1c nhau nh\u01b0 316L, Hastelloy C276, Tantalum v\u00e0 Titanium, l\u00e0m cho n\u00f3 tr\u1edf n\u00ean l\u00fd t\u01b0\u1edfng cho c\u00e1c ng\u00e0nh c\u00f4ng nghi\u1ec7p h\u00f3a ch\u1ea5t, d\u1ea7u kh\u00ed, k\u1ef9 thu\u1eadt qu\u00e1 tr\u00ecnh v\u00e0 xi m\u0103ng. Thi\u1ebft k\u1ebf hai m\u1eb7t b\u00edch t\u0103ng k\u00edch th\u01b0\u1edbc m\u00e0ng, c\u1ea3i thi\u1ec7n \u0111\u1ed9 ch\u00ednh x\u00e1c \u0111o l\u01b0\u1eddng v\u00e0 t\u01b0\u01a1ng th\u00edch v\u1edbi c\u00e1c ti\u00eau chu\u1ea9n \u1ed1ng d\u1eabn kh\u00e1c nhau.<\/p>","protected":false},"excerpt":{"rendered":"<ul>\n<li>B\u1eb1ng c\u00e1ch s\u1eed d\u1ee5ng c\u00e1c b\u1ed9 ph\u1eadn c\u00e1ch ly m\u00e0ng, c\u00e1c thi\u1ebft b\u1ecb \u0111o l\u01b0\u1eddng c\u00f3 th\u1ec3 ho\u1ea1t \u0111\u1ed9ng \u1edf nhi\u1ec7t \u0111\u1ed9 c\u1ef1c cao l\u00ean \u0111\u1ebfn +300 \u00b0C.<\/li>\n<li>M\u00e0ng ch\u1eafn hai m\u1eb7t b\u00edch c\u00f3 th\u1ec3 t\u0103ng k\u00edch th\u01b0\u1edbc c\u1ee7a ph\u1ea7n th\u00e2n tr\u00ean v\u00e0 m\u00e0ng ch\u1eafn \u0111\u1ec3 ph\u00f9 h\u1ee3p v\u1edbi k\u1ebft n\u1ed1i \u1ed1ng, y\u00eau c\u1ea7u k\u1ef9 thu\u1eadt v\u00e0 n\u00e2ng cao \u0111\u1ed9 ch\u00ednh x\u00e1c.<\/li>\n<li>\u00c1p d\u1ee5ng cho c\u00e1c m\u00f4i tr\u01b0\u1eddng l\u00e0m vi\u1ec7c \u0111\u1eb7c bi\u1ec7t v\u00e0 ch\u1ea5t l\u1ecfng \u0103n m\u00f2n, ch\u1eb3ng h\u1ea1n nh\u01b0 \u00e1p su\u1ea5t cao, rung \u0111\u1ed9ng m\u1ea1nh v\u00e0 b\u00ea t\u00f4ng.<\/li>\n<\/ul>","protected":false},"featured_media":1993,"template":"","meta":{"_acf_changed":false},"product_brand":[40],"product_cat":[21,41],"product_tag":[],"class_list":{"0":"post-1990","1":"product","2":"type-product","3":"status-publish","4":"has-post-thumbnail","6":"product_brand-sj-gauge","7":"product_cat-diaphragm-seal","8":"product_cat-pressure-instruments","10":"first","11":"instock","12":"shipping-taxable","13":"product-type-simple"},"acf":[],"yoast_head":"<!-- This site is optimized with the Yoast SEO Premium plugin v26.7 (Yoast SEO v27.4) - https:\/\/yoast.com\/product\/yoast-seo-premium-wordpress\/ -->\n<title>Screwed Diaphragm Seal with Flanged Connection\uff5c300\u00b0C Heat Resistance\uff5cSJ Gauge<\/title>\n<meta name=\"description\" content=\"DIFF-S diaphragm seal features a flanged connection with a screwed diaphragm, ideal for harsh applications involving high temperature (+300\u00b0C), high pressure, and vibration. Its double-flange construction improves measurement accuracy for chemical, petrochemical, and cement industries\" \/>\n<meta name=\"robots\" content=\"index, follow, max-snippet:-1, max-image-preview:large, max-video-preview:-1\" \/>\n<link rel=\"canonical\" href=\"https:\/\/www.sj-gauge.com\/vi\/san-pham\/diff-s\/\" \/>\n<meta property=\"og:locale\" content=\"vi_VN\" \/>\n<meta property=\"og:type\" content=\"article\" \/>\n<meta property=\"og:title\" content=\"Flanged Connection with Stub Pipe, Screwed Diaphragm\" \/>\n<meta property=\"og:description\" content=\"DIFF-S diaphragm seal features a flanged connection with a screwed diaphragm, ideal for harsh applications involving high temperature (+300\u00b0C), high pressure, and vibration. Its double-flange construction improves measurement accuracy for chemical, petrochemical, and cement industries\" \/>\n<meta property=\"og:url\" content=\"https:\/\/www.sj-gauge.com\/vi\/san-pham\/diff-s\/\" \/>\n<meta property=\"og:site_name\" content=\"SJ Gauge | Pressure Gauges, Thermometers &amp; Pressure Sensors\" \/>\n<meta property=\"article:modified_time\" content=\"2026-03-29T09:22:58+00:00\" \/>\n<meta property=\"og:image\" content=\"https:\/\/www.sj-gauge.com\/wp-content\/uploads\/2025\/11\/SJ-gauge-pressure-gauge-diaphragm-stub-pipe.jpg\" \/>\n\t<meta property=\"og:image:width\" content=\"1200\" \/>\n\t<meta property=\"og:image:height\" content=\"1000\" \/>\n\t<meta property=\"og:image:type\" content=\"image\/jpeg\" \/>\n<meta name=\"twitter:card\" content=\"summary_large_image\" \/>\n<meta name=\"twitter:label1\" content=\"\u01af\u1edbc t\u00ednh th\u1eddi gian \u0111\u1ecdc\" \/>\n\t<meta name=\"twitter:data1\" content=\"1 ph\u00fat\" \/>\n<script type=\"application\/ld+json\" class=\"yoast-schema-graph\">{\"@context\":\"https:\\\/\\\/schema.org\",\"@graph\":[{\"@type\":\"WebPage\",\"@id\":\"https:\\\/\\\/www.sj-gauge.com\\\/product\\\/diff-s\\\/\",\"url\":\"https:\\\/\\\/www.sj-gauge.com\\\/product\\\/diff-s\\\/\",\"name\":\"Screwed Diaphragm Seal with Flanged Connection\uff5c300\u00b0C Heat Resistance\uff5cSJ Gauge\",\"isPartOf\":{\"@id\":\"https:\\\/\\\/www.sj-gauge.com\\\/#website\"},\"primaryImageOfPage\":{\"@id\":\"https:\\\/\\\/www.sj-gauge.com\\\/product\\\/diff-s\\\/#primaryimage\"},\"image\":{\"@id\":\"https:\\\/\\\/www.sj-gauge.com\\\/product\\\/diff-s\\\/#primaryimage\"},\"thumbnailUrl\":\"https:\\\/\\\/www.sj-gauge.com\\\/wp-content\\\/uploads\\\/2025\\\/11\\\/SJ-gauge-pressure-gauge-diaphragm-stub-pipe.jpg\",\"datePublished\":\"2025-11-20T02:23:55+00:00\",\"dateModified\":\"2026-03-29T09:22:58+00:00\",\"description\":\"DIFF-S diaphragm seal features a flanged connection with a screwed diaphragm, ideal for harsh applications involving high temperature (+300\u00b0C), high pressure, and vibration. Its double-flange construction improves measurement accuracy for chemical, petrochemical, and cement industries\",\"breadcrumb\":{\"@id\":\"https:\\\/\\\/www.sj-gauge.com\\\/product\\\/diff-s\\\/#breadcrumb\"},\"inLanguage\":\"vi\",\"potentialAction\":[{\"@type\":\"ReadAction\",\"target\":[\"https:\\\/\\\/www.sj-gauge.com\\\/product\\\/diff-s\\\/\"]}]},{\"@type\":\"ImageObject\",\"inLanguage\":\"vi\",\"@id\":\"https:\\\/\\\/www.sj-gauge.com\\\/product\\\/diff-s\\\/#primaryimage\",\"url\":\"https:\\\/\\\/www.sj-gauge.com\\\/wp-content\\\/uploads\\\/2025\\\/11\\\/SJ-gauge-pressure-gauge-diaphragm-stub-pipe.jpg\",\"contentUrl\":\"https:\\\/\\\/www.sj-gauge.com\\\/wp-content\\\/uploads\\\/2025\\\/11\\\/SJ-gauge-pressure-gauge-diaphragm-stub-pipe.jpg\",\"width\":1200,\"height\":1000},{\"@type\":\"BreadcrumbList\",\"@id\":\"https:\\\/\\\/www.sj-gauge.com\\\/product\\\/diff-s\\\/#breadcrumb\",\"itemListElement\":[{\"@type\":\"ListItem\",\"position\":1,\"name\":\"Home\",\"item\":\"https:\\\/\\\/www.sj-gauge.com\\\/\"},{\"@type\":\"ListItem\",\"position\":2,\"name\":\"Products\",\"item\":\"https:\\\/\\\/www.sj-gauge.com\\\/products\\\/\"},{\"@type\":\"ListItem\",\"position\":3,\"name\":\"Flanged Connection with Stub Pipe, Screwed Diaphragm\"}]},{\"@type\":\"WebSite\",\"@id\":\"https:\\\/\\\/www.sj-gauge.com\\\/#website\",\"url\":\"https:\\\/\\\/www.sj-gauge.com\\\/\",\"name\":\"SJ Gauge | Pressure Gauges, Thermometers &amp; Pressure Sensors\",\"description\":\"Manufacturer of industrial pressure gauges, pressure sensors, and transmitters. SJ Gauge provides high accuracy, durable materials, and custom solutions for oil &amp; gas, chemical, and industrial applications.\",\"publisher\":{\"@id\":\"https:\\\/\\\/www.sj-gauge.com\\\/#organization\"},\"potentialAction\":[{\"@type\":\"SearchAction\",\"target\":{\"@type\":\"EntryPoint\",\"urlTemplate\":\"https:\\\/\\\/www.sj-gauge.com\\\/?s={search_term_string}\"},\"query-input\":{\"@type\":\"PropertyValueSpecification\",\"valueRequired\":true,\"valueName\":\"search_term_string\"}}],\"inLanguage\":\"vi\"},{\"@type\":\"Organization\",\"@id\":\"https:\\\/\\\/www.sj-gauge.com\\\/#organization\",\"name\":\"SJ Gauge | Pressure Gauges, Thermometers &amp; Pressure Sensors\",\"url\":\"https:\\\/\\\/www.sj-gauge.com\\\/\",\"logo\":{\"@type\":\"ImageObject\",\"inLanguage\":\"vi\",\"@id\":\"https:\\\/\\\/www.sj-gauge.com\\\/#\\\/schema\\\/logo\\\/image\\\/\",\"url\":\"https:\\\/\\\/www.sj-gauge.com\\\/wp-content\\\/uploads\\\/2025\\\/09\\\/logo.webp\",\"contentUrl\":\"https:\\\/\\\/www.sj-gauge.com\\\/wp-content\\\/uploads\\\/2025\\\/09\\\/logo.webp\",\"width\":348,\"height\":184,\"caption\":\"SJ Gauge | Pressure Gauges, Thermometers &amp; Pressure Sensors\"},\"image\":{\"@id\":\"https:\\\/\\\/www.sj-gauge.com\\\/#\\\/schema\\\/logo\\\/image\\\/\"}}]}<\/script>\n<!-- \/ Yoast SEO Premium plugin. -->","yoast_head_json":{"title":"Ph\u1edbt m\u00e0ng v\u00edt v\u1edbi k\u1ebft n\u1ed1i m\u1eb7t b\u00edch\uff5cCh\u1ecbu nhi\u1ec7t 300\u00b0C\uff5cSJ Gauge","description":"Ph\u1ee5 ki\u1ec7n c\u00e1ch ly m\u00e0ng DIFF-S c\u00f3 k\u1ebft n\u1ed1i m\u1eb7t b\u00edch v\u1edbi m\u00e0ng v\u1eb7n ren, l\u00fd t\u01b0\u1edfng cho c\u00e1c \u1ee9ng d\u1ee5ng kh\u1eafc nghi\u1ec7t li\u00ean quan \u0111\u1ebfn nhi\u1ec7t \u0111\u1ed9 cao (+300\u00b0C), \u00e1p su\u1ea5t cao v\u00e0 rung \u0111\u1ed9ng. Thi\u1ebft k\u1ebf hai m\u1eb7t b\u00edch c\u1ee7a s\u1ea3n ph\u1ea9m gi\u00fap n\u00e2ng cao \u0111\u1ed9 ch\u00ednh x\u00e1c \u0111o l\u01b0\u1eddng trong c\u00e1c ng\u00e0nh c\u00f4ng nghi\u1ec7p h\u00f3a ch\u1ea5t, h\u00f3a d\u1ea7u v\u00e0 xi m\u0103ng","robots":{"index":"index","follow":"follow","max-snippet":"max-snippet:-1","max-image-preview":"max-image-preview:large","max-video-preview":"max-video-preview:-1"},"canonical":"https:\/\/www.sj-gauge.com\/vi\/san-pham\/diff-s\/","og_locale":"vi_VN","og_type":"article","og_title":"Flanged Connection with Stub Pipe, Screwed Diaphragm","og_description":"DIFF-S diaphragm seal features a flanged connection with a screwed diaphragm, ideal for harsh applications involving high temperature (+300\u00b0C), high pressure, and vibration. Its double-flange construction improves measurement accuracy for chemical, petrochemical, and cement industries","og_url":"https:\/\/www.sj-gauge.com\/vi\/san-pham\/diff-s\/","og_site_name":"SJ Gauge | Pressure Gauges, Thermometers &amp; Pressure Sensors","article_modified_time":"2026-03-29T09:22:58+00:00","og_image":[{"width":1200,"height":1000,"url":"https:\/\/www.sj-gauge.com\/wp-content\/uploads\/2025\/11\/SJ-gauge-pressure-gauge-diaphragm-stub-pipe.jpg","type":"image\/jpeg"}],"twitter_card":"summary_large_image","twitter_misc":{"\u01af\u1edbc t\u00ednh th\u1eddi gian \u0111\u1ecdc":"1 ph\u00fat"},"schema":{"@context":"https:\/\/schema.org","@graph":[{"@type":"WebPage","@id":"https:\/\/www.sj-gauge.com\/product\/diff-s\/","url":"https:\/\/www.sj-gauge.com\/product\/diff-s\/","name":"Ph\u1edbt m\u00e0ng v\u00edt v\u1edbi k\u1ebft n\u1ed1i m\u1eb7t b\u00edch\uff5cCh\u1ecbu nhi\u1ec7t 300\u00b0C\uff5cSJ Gauge","isPartOf":{"@id":"https:\/\/www.sj-gauge.com\/#website"},"primaryImageOfPage":{"@id":"https:\/\/www.sj-gauge.com\/product\/diff-s\/#primaryimage"},"image":{"@id":"https:\/\/www.sj-gauge.com\/product\/diff-s\/#primaryimage"},"thumbnailUrl":"https:\/\/www.sj-gauge.com\/wp-content\/uploads\/2025\/11\/SJ-gauge-pressure-gauge-diaphragm-stub-pipe.jpg","datePublished":"2025-11-20T02:23:55+00:00","dateModified":"2026-03-29T09:22:58+00:00","description":"Ph\u1ee5 ki\u1ec7n c\u00e1ch ly m\u00e0ng DIFF-S c\u00f3 k\u1ebft n\u1ed1i m\u1eb7t b\u00edch v\u1edbi m\u00e0ng v\u1eb7n ren, l\u00fd t\u01b0\u1edfng cho c\u00e1c \u1ee9ng d\u1ee5ng kh\u1eafc nghi\u1ec7t li\u00ean quan \u0111\u1ebfn nhi\u1ec7t \u0111\u1ed9 cao (+300\u00b0C), \u00e1p su\u1ea5t cao v\u00e0 rung \u0111\u1ed9ng. Thi\u1ebft k\u1ebf hai m\u1eb7t b\u00edch c\u1ee7a s\u1ea3n ph\u1ea9m gi\u00fap n\u00e2ng cao \u0111\u1ed9 ch\u00ednh x\u00e1c \u0111o l\u01b0\u1eddng trong c\u00e1c ng\u00e0nh c\u00f4ng nghi\u1ec7p h\u00f3a ch\u1ea5t, h\u00f3a d\u1ea7u v\u00e0 xi m\u0103ng","breadcrumb":{"@id":"https:\/\/www.sj-gauge.com\/product\/diff-s\/#breadcrumb"},"inLanguage":"vi","potentialAction":[{"@type":"ReadAction","target":["https:\/\/www.sj-gauge.com\/product\/diff-s\/"]}]},{"@type":"ImageObject","inLanguage":"vi","@id":"https:\/\/www.sj-gauge.com\/product\/diff-s\/#primaryimage","url":"https:\/\/www.sj-gauge.com\/wp-content\/uploads\/2025\/11\/SJ-gauge-pressure-gauge-diaphragm-stub-pipe.jpg","contentUrl":"https:\/\/www.sj-gauge.com\/wp-content\/uploads\/2025\/11\/SJ-gauge-pressure-gauge-diaphragm-stub-pipe.jpg","width":1200,"height":1000},{"@type":"BreadcrumbList","@id":"https:\/\/www.sj-gauge.com\/product\/diff-s\/#breadcrumb","itemListElement":[{"@type":"ListItem","position":1,"name":"Home","item":"https:\/\/www.sj-gauge.com\/"},{"@type":"ListItem","position":2,"name":"Products","item":"https:\/\/www.sj-gauge.com\/products\/"},{"@type":"ListItem","position":3,"name":"Flanged Connection with Stub Pipe, Screwed Diaphragm"}]},{"@type":"WebSite","@id":"https:\/\/www.sj-gauge.com\/#website","url":"https:\/\/www.sj-gauge.com\/","name":"SJ Gauge | \u0110\u1ed3ng h\u1ed3 \u0111o \u00e1p su\u1ea5t, nhi\u1ec7t k\u1ebf v\u00e0 c\u1ea3m bi\u1ebfn \u00e1p su\u1ea5t","description":"Nh\u00e0 s\u1ea3n xu\u1ea5t \u0111\u1ed3ng h\u1ed3 \u0111o \u00e1p su\u1ea5t c\u00f4ng nghi\u1ec7p, c\u1ea3m bi\u1ebfn \u00e1p su\u1ea5t v\u00e0 b\u1ed9 truy\u1ec1n t\u00edn hi\u1ec7u. SJ Gauge cung c\u1ea5p c\u00e1c s\u1ea3n ph\u1ea9m c\u00f3 \u0111\u1ed9 ch\u00ednh x\u00e1c cao, \u0111\u01b0\u1ee3c ch\u1ebf t\u1ea1o t\u1eeb v\u1eadt li\u1ec7u b\u1ec1n b\u1ec9 v\u00e0 c\u00e1c gi\u1ea3i ph\u00e1p t\u00f9y ch\u1ec9nh d\u00e0nh cho c\u00e1c \u1ee9ng d\u1ee5ng trong ng\u00e0nh d\u1ea7u kh\u00ed, h\u00f3a ch\u1ea5t v\u00e0 c\u00f4ng nghi\u1ec7p.","publisher":{"@id":"https:\/\/www.sj-gauge.com\/#organization"},"potentialAction":[{"@type":"SearchAction","target":{"@type":"EntryPoint","urlTemplate":"https:\/\/www.sj-gauge.com\/?s={search_term_string}"},"query-input":{"@type":"PropertyValueSpecification","valueRequired":true,"valueName":"search_term_string"}}],"inLanguage":"vi"},{"@type":"Organization","@id":"https:\/\/www.sj-gauge.com\/#organization","name":"SJ Gauge | \u0110\u1ed3ng h\u1ed3 \u0111o \u00e1p su\u1ea5t, nhi\u1ec7t k\u1ebf v\u00e0 c\u1ea3m bi\u1ebfn \u00e1p su\u1ea5t","url":"https:\/\/www.sj-gauge.com\/","logo":{"@type":"ImageObject","inLanguage":"vi","@id":"https:\/\/www.sj-gauge.com\/#\/schema\/logo\/image\/","url":"https:\/\/www.sj-gauge.com\/wp-content\/uploads\/2025\/09\/logo.webp","contentUrl":"https:\/\/www.sj-gauge.com\/wp-content\/uploads\/2025\/09\/logo.webp","width":348,"height":184,"caption":"SJ Gauge | Pressure Gauges, Thermometers &amp; Pressure Sensors"},"image":{"@id":"https:\/\/www.sj-gauge.com\/#\/schema\/logo\/image\/"}}]}},"_links":{"self":[{"href":"https:\/\/www.sj-gauge.com\/vi\/wp-json\/wp\/v2\/product\/1990","targetHints":{"allow":["GET"]}}],"collection":[{"href":"https:\/\/www.sj-gauge.com\/vi\/wp-json\/wp\/v2\/product"}],"about":[{"href":"https:\/\/www.sj-gauge.com\/vi\/wp-json\/wp\/v2\/types\/product"}],"wp:featuredmedia":[{"embeddable":true,"href":"https:\/\/www.sj-gauge.com\/vi\/wp-json\/wp\/v2\/media\/1993"}],"wp:attachment":[{"href":"https:\/\/www.sj-gauge.com\/vi\/wp-json\/wp\/v2\/media?parent=1990"}],"wp:term":[{"taxonomy":"product_brand","embeddable":true,"href":"https:\/\/www.sj-gauge.com\/vi\/wp-json\/wp\/v2\/product_brand?post=1990"},{"taxonomy":"product_cat","embeddable":true,"href":"https:\/\/www.sj-gauge.com\/vi\/wp-json\/wp\/v2\/product_cat?post=1990"},{"taxonomy":"product_tag","embeddable":true,"href":"https:\/\/www.sj-gauge.com\/vi\/wp-json\/wp\/v2\/product_tag?post=1990"}],"curies":[{"name":"wp","href":"https:\/\/api.w.org\/{rel}","templated":true}]}}