{"id":1995,"date":"2025-11-20T10:55:24","date_gmt":"2025-11-20T02:55:24","guid":{"rendered":"https:\/\/sj-gauge.com\/?post_type=product&#038;p=1995"},"modified":"2026-03-29T16:38:21","modified_gmt":"2026-03-29T08:38:21","slug":"diff-w","status":"publish","type":"product","link":"https:\/\/www.sj-gauge.com\/vi\/san-pham\/diff-w\/","title":{"rendered":"K\u1ebft n\u1ed1i c\u00f3 v\u00e0nh v\u1edbi \u1ed1ng ng\u1eafn, m\u00e0ng h\u00e0n"},"content":{"rendered":"<p>Van c\u00e1ch ly m\u00e0ng h\u00e0n DIFF-W c\u00f3 k\u1ebft n\u1ed1i m\u1eb7t b\u00edch v\u1edbi c\u1ea5u tr\u00fac \u1ed1ng ng\u1eafn, cung c\u1ea5p \u0111\u1ed9 b\u1ec1n cao v\u00e0 truy\u1ec1n \u00e1p su\u1ea5t \u1ed5n \u0111\u1ecbnh trong \u0111i\u1ec1u ki\u1ec7n c\u00f4ng nghi\u1ec7p kh\u1eafc nghi\u1ec7t. Thi\u1ebft k\u1ebf m\u00e0ng h\u00e0n to\u00e0n ph\u1ea7n \u0111\u1ea3m b\u1ea3o hi\u1ec7u su\u1ea5t c\u00e1ch ly xu\u1ea5t s\u1eafc, l\u00e0m cho n\u00f3 tr\u1edf th\u00e0nh l\u1ef1a ch\u1ecdn l\u00fd t\u01b0\u1edfng cho c\u00e1c \u1ee9ng d\u1ee5ng li\u00ean quan \u0111\u1ebfn ch\u1ea5t l\u1ecfng nhi\u1ec7t \u0111\u1ed9 cao, h\u00f3a ch\u1ea5t \u0103n m\u00f2n, n\u01b0\u1edbc th\u1ea3i, m\u00f4i tr\u01b0\u1eddng k\u1ebft tinh v\u00e0 c\u00e1c \u0111i\u1ec1u ki\u1ec7n qu\u00e1 tr\u00ecnh c\u00f4ng nghi\u1ec7p ph\u1ee9c t\u1ea1p kh\u00e1c.<\/p>\n<p>\u0110\u01b0\u1ee3c thi\u1ebft k\u1ebf v\u1edbi c\u1ea5u h\u00ecnh gh\u1ebf tr\u00ean v\u00e0 m\u00e0ng \u0111i\u1ec1u ch\u1ec9nh \u0111\u01b0\u1ee3c, DIFF-W c\u00f3 th\u1ec3 \u0111\u01b0\u1ee3c t\u1ed1i \u01b0u h\u00f3a \u0111\u1ec3 ph\u00f9 h\u1ee3p v\u1edbi c\u00e1c ti\u00eau chu\u1ea9n \u0111\u01b0\u1eddng \u1ed1ng v\u00e0 y\u00eau c\u1ea7u \u0111\u1ed9 ch\u00ednh x\u00e1c \u0111o l\u01b0\u1eddng kh\u00e1c nhau. Thi\u1ebft b\u1ecb n\u00e0y \u0111\u01b0\u1ee3c s\u1eed d\u1ee5ng r\u1ed9ng r\u00e3i trong c\u00e1c h\u1ec7 th\u1ed1ng m\u1ea1 \u0111i\u1ec7n, nh\u00e0 m\u00e1y x\u1eed l\u00fd n\u01b0\u1edbc th\u1ea3i, ng\u00e0nh c\u00f4ng nghi\u1ec7p h\u00f3a ch\u1ea5t v\u00e0 d\u1ea7u kh\u00ed \u2013 n\u01a1i kh\u1ea3 n\u0103ng ch\u1ed1ng \u0103n m\u00f2n, \u0111\u1ed9 tin c\u1eady v\u00e0 ho\u1ea1t \u0111\u1ed9ng kh\u00f4ng b\u1ecb t\u1eafc ngh\u1ebdn l\u00e0 y\u1ebfu t\u1ed1 quan tr\u1ecdng.<\/p>\n<p>DIFF-W t\u01b0\u01a1ng th\u00edch v\u1edbi c\u00e1c k\u00edch th\u01b0\u1edbc m\u00e0ng ch\u1eafn 70 mm v\u00e0 90 mm, c\u00f3 th\u1ec3 s\u1eed d\u1ee5ng v\u1edbi c\u1ea3 \u0111\u1ed3ng h\u1ed3 \u00e1p su\u1ea5t v\u00e0 b\u1ed9 truy\u1ec1n t\u00edn hi\u1ec7u, v\u00e0 \u0111\u01b0\u1ee3c cung c\u1ea5p trong nhi\u1ec1u lo\u1ea1i v\u1eadt li\u1ec7u kh\u00e1c nhau, bao g\u1ed3m th\u00e9p kh\u00f4ng g\u1ec9 316L, Hastelloy C276, Tantalum, Titanium, Monel 400 v\u00e0 nhi\u1ec1u lo\u1ea1i kh\u00e1c. C\u00e1c thi\u1ebft k\u1ebf t\u00f9y ch\u1ecdn nh\u01b0 c\u1ed5ng ph\u1eb3ng v\u00e0 c\u1ee5m l\u1eafp r\u00e1p h\u00e0n v\u1edbi thi\u1ebft b\u1ecb gi\u00fap n\u00e2ng cao t\u00ednh ti\u1ec7n l\u1ee3i trong b\u1ea3o tr\u00ec v\u00e0 \u1ed5n \u0111\u1ecbnh ho\u1ea1t \u0111\u1ed9ng l\u00e2u d\u00e0i.<\/p>","protected":false},"excerpt":{"rendered":"<ul>\n<li>C\u00f3 th\u1ec3 t\u1ed1i \u01b0u h\u00f3a b\u1eb1ng c\u00e1ch \u0111i\u1ec1u ch\u1ec9nh k\u00edch th\u01b0\u1edbc c\u1ee7a gh\u1ebf tr\u00ean v\u00e0 m\u00e0ng \u0111\u1ec3 \u0111\u1ea1t \u0111\u1ed9 ch\u00ednh x\u00e1c cao v\u00e0 \u0111\u00e1p \u1ee9ng c\u00e1c ti\u00eau chu\u1ea9n k\u1ebft n\u1ed1i \u1ed1ng d\u1eabn.<\/li>\n<li>Chi\u1ec1u d\u00e0i \u1ed1ng ng\u1eafn tr\u00ean ph\u1ea7n th\u00e2n d\u01b0\u1edbi c\u00f3 th\u1ec3 \u0111\u01b0\u1ee3c s\u1ea3n xu\u1ea5t \u0111\u1ec3 \u0111\u00e1p \u1ee9ng y\u00eau c\u1ea7u c\u00e1ch nhi\u1ec7t c\u1ee7a h\u1ec7 th\u1ed1ng \u1ed1ng d\u1eabn.<\/li>\n<li>\u0110\u1ed9 b\u1ec1n cho m\u00f4i tr\u01b0\u1eddng l\u00e0m vi\u1ec7c s\u1eed d\u1ee5ng c\u00e1c ch\u1ea5t l\u1ecfng c\u00f3 nhi\u1ec7t \u0111\u1ed9 cao, \u0103n m\u00f2n, n\u01b0\u1edbc th\u1ea3i ho\u1eb7c d\u1ec5 k\u1ebft tinh.<\/li>\n<\/ul>","protected":false},"featured_media":1998,"template":"","meta":{"_acf_changed":false},"product_brand":[40],"product_cat":[21,41],"product_tag":[],"class_list":{"0":"post-1995","1":"product","2":"type-product","3":"status-publish","4":"has-post-thumbnail","6":"product_brand-sj-gauge","7":"product_cat-diaphragm-seal","8":"product_cat-pressure-instruments","10":"first","11":"instock","12":"shipping-taxable","13":"product-type-simple"},"acf":[],"yoast_head":"<!-- This site is optimized with the Yoast SEO Premium plugin v26.7 (Yoast SEO v27.4) - https:\/\/yoast.com\/product\/yoast-seo-premium-wordpress\/ -->\n<title>Welded Diaphragm Seal with Stub-pipe\uff5cFor High-Temp &amp; Crystallizing Media\uff5cSJ Gauge<\/title>\n<meta name=\"description\" content=\"DIFF-W welded diaphragm seal features a stub-pipe structure for strong durability and stable transmission in harsh industrial conditions. It is ideal for high-temperature fluids, corrosive chemicals, and crystallizing media in wastewater treatment and petrochemical plants\" \/>\n<meta name=\"robots\" content=\"index, follow, max-snippet:-1, max-image-preview:large, max-video-preview:-1\" \/>\n<link rel=\"canonical\" href=\"https:\/\/www.sj-gauge.com\/vi\/san-pham\/diff-w\/\" \/>\n<meta property=\"og:locale\" content=\"vi_VN\" \/>\n<meta property=\"og:type\" content=\"article\" \/>\n<meta property=\"og:title\" content=\"Flanged Connection with Stub Pipe, Welded Diaphragm\" \/>\n<meta property=\"og:description\" content=\"DIFF-W welded diaphragm seal features a stub-pipe structure for strong durability and stable transmission in harsh industrial conditions. It is ideal for high-temperature fluids, corrosive chemicals, and crystallizing media in wastewater treatment and petrochemical plants\" \/>\n<meta property=\"og:url\" content=\"https:\/\/www.sj-gauge.com\/vi\/san-pham\/diff-w\/\" \/>\n<meta property=\"og:site_name\" content=\"SJ Gauge | Pressure Gauges, Thermometers &amp; Pressure Sensors\" \/>\n<meta property=\"article:modified_time\" content=\"2026-03-29T08:38:21+00:00\" \/>\n<meta property=\"og:image\" content=\"https:\/\/www.sj-gauge.com\/wp-content\/uploads\/2025\/11\/SJ-Gauge-pressure-gauge-welded-diaphragm-stub.jpg\" \/>\n\t<meta property=\"og:image:width\" content=\"1200\" \/>\n\t<meta property=\"og:image:height\" content=\"1000\" \/>\n\t<meta property=\"og:image:type\" content=\"image\/jpeg\" \/>\n<meta name=\"twitter:card\" content=\"summary_large_image\" \/>\n<meta name=\"twitter:label1\" content=\"\u01af\u1edbc t\u00ednh th\u1eddi gian \u0111\u1ecdc\" \/>\n\t<meta name=\"twitter:data1\" content=\"1 ph\u00fat\" \/>\n<script type=\"application\/ld+json\" class=\"yoast-schema-graph\">{\"@context\":\"https:\\\/\\\/schema.org\",\"@graph\":[{\"@type\":\"WebPage\",\"@id\":\"https:\\\/\\\/www.sj-gauge.com\\\/product\\\/diff-w\\\/\",\"url\":\"https:\\\/\\\/www.sj-gauge.com\\\/product\\\/diff-w\\\/\",\"name\":\"Welded Diaphragm Seal with Stub-pipe\uff5cFor High-Temp & Crystallizing Media\uff5cSJ Gauge\",\"isPartOf\":{\"@id\":\"https:\\\/\\\/www.sj-gauge.com\\\/#website\"},\"primaryImageOfPage\":{\"@id\":\"https:\\\/\\\/www.sj-gauge.com\\\/product\\\/diff-w\\\/#primaryimage\"},\"image\":{\"@id\":\"https:\\\/\\\/www.sj-gauge.com\\\/product\\\/diff-w\\\/#primaryimage\"},\"thumbnailUrl\":\"https:\\\/\\\/www.sj-gauge.com\\\/wp-content\\\/uploads\\\/2025\\\/11\\\/SJ-Gauge-pressure-gauge-welded-diaphragm-stub.jpg\",\"datePublished\":\"2025-11-20T02:55:24+00:00\",\"dateModified\":\"2026-03-29T08:38:21+00:00\",\"description\":\"DIFF-W welded diaphragm seal features a stub-pipe structure for strong durability and stable transmission in harsh industrial conditions. It is ideal for high-temperature fluids, corrosive chemicals, and crystallizing media in wastewater treatment and petrochemical plants\",\"breadcrumb\":{\"@id\":\"https:\\\/\\\/www.sj-gauge.com\\\/product\\\/diff-w\\\/#breadcrumb\"},\"inLanguage\":\"vi\",\"potentialAction\":[{\"@type\":\"ReadAction\",\"target\":[\"https:\\\/\\\/www.sj-gauge.com\\\/product\\\/diff-w\\\/\"]}]},{\"@type\":\"ImageObject\",\"inLanguage\":\"vi\",\"@id\":\"https:\\\/\\\/www.sj-gauge.com\\\/product\\\/diff-w\\\/#primaryimage\",\"url\":\"https:\\\/\\\/www.sj-gauge.com\\\/wp-content\\\/uploads\\\/2025\\\/11\\\/SJ-Gauge-pressure-gauge-welded-diaphragm-stub.jpg\",\"contentUrl\":\"https:\\\/\\\/www.sj-gauge.com\\\/wp-content\\\/uploads\\\/2025\\\/11\\\/SJ-Gauge-pressure-gauge-welded-diaphragm-stub.jpg\",\"width\":1200,\"height\":1000},{\"@type\":\"BreadcrumbList\",\"@id\":\"https:\\\/\\\/www.sj-gauge.com\\\/product\\\/diff-w\\\/#breadcrumb\",\"itemListElement\":[{\"@type\":\"ListItem\",\"position\":1,\"name\":\"Home\",\"item\":\"https:\\\/\\\/www.sj-gauge.com\\\/\"},{\"@type\":\"ListItem\",\"position\":2,\"name\":\"Products\",\"item\":\"https:\\\/\\\/www.sj-gauge.com\\\/products\\\/\"},{\"@type\":\"ListItem\",\"position\":3,\"name\":\"Flanged Connection with Stub Pipe, Welded Diaphragm\"}]},{\"@type\":\"WebSite\",\"@id\":\"https:\\\/\\\/www.sj-gauge.com\\\/#website\",\"url\":\"https:\\\/\\\/www.sj-gauge.com\\\/\",\"name\":\"SJ Gauge | Pressure Gauges, Thermometers &amp; Pressure Sensors\",\"description\":\"Manufacturer of industrial pressure gauges, pressure sensors, and transmitters. SJ Gauge provides high accuracy, durable materials, and custom solutions for oil &amp; gas, chemical, and industrial applications.\",\"publisher\":{\"@id\":\"https:\\\/\\\/www.sj-gauge.com\\\/#organization\"},\"potentialAction\":[{\"@type\":\"SearchAction\",\"target\":{\"@type\":\"EntryPoint\",\"urlTemplate\":\"https:\\\/\\\/www.sj-gauge.com\\\/?s={search_term_string}\"},\"query-input\":{\"@type\":\"PropertyValueSpecification\",\"valueRequired\":true,\"valueName\":\"search_term_string\"}}],\"inLanguage\":\"vi\"},{\"@type\":\"Organization\",\"@id\":\"https:\\\/\\\/www.sj-gauge.com\\\/#organization\",\"name\":\"SJ Gauge | Pressure Gauges, Thermometers &amp; Pressure Sensors\",\"url\":\"https:\\\/\\\/www.sj-gauge.com\\\/\",\"logo\":{\"@type\":\"ImageObject\",\"inLanguage\":\"vi\",\"@id\":\"https:\\\/\\\/www.sj-gauge.com\\\/#\\\/schema\\\/logo\\\/image\\\/\",\"url\":\"https:\\\/\\\/www.sj-gauge.com\\\/wp-content\\\/uploads\\\/2025\\\/09\\\/logo.webp\",\"contentUrl\":\"https:\\\/\\\/www.sj-gauge.com\\\/wp-content\\\/uploads\\\/2025\\\/09\\\/logo.webp\",\"width\":348,\"height\":184,\"caption\":\"SJ Gauge | Pressure Gauges, Thermometers &amp; Pressure Sensors\"},\"image\":{\"@id\":\"https:\\\/\\\/www.sj-gauge.com\\\/#\\\/schema\\\/logo\\\/image\\\/\"}}]}<\/script>\n<!-- \/ Yoast SEO Premium plugin. -->","yoast_head_json":{"title":"Ph\u1edbt m\u00e0ng h\u00e0n v\u1edbi \u1ed1ng n\u1ed1i ng\u1eafn\uff5cD\u00f9ng cho m\u00f4i tr\u01b0\u1eddng nhi\u1ec7t \u0111\u1ed9 cao v\u00e0 c\u00f3 hi\u1ec7n t\u01b0\u1ee3ng k\u1ebft tinh\uff5cSJ Gauge","description":"Ph\u1edbt m\u00e0ng h\u00e0n DIFF-W c\u00f3 c\u1ea5u tr\u00fac \u1ed1ng n\u1ed1i ng\u1eafn, \u0111\u1ea3m b\u1ea3o \u0111\u1ed9 b\u1ec1n cao v\u00e0 kh\u1ea3 n\u0103ng truy\u1ec1n d\u1eabn \u1ed5n \u0111\u1ecbnh trong c\u00e1c \u0111i\u1ec1u ki\u1ec7n c\u00f4ng nghi\u1ec7p kh\u1eafc nghi\u1ec7t. S\u1ea3n ph\u1ea9m n\u00e0y \u0111\u1eb7c bi\u1ec7t ph\u00f9 h\u1ee3p v\u1edbi c\u00e1c ch\u1ea5t l\u1ecfng nhi\u1ec7t \u0111\u1ed9 cao, h\u00f3a ch\u1ea5t \u0103n m\u00f2n v\u00e0 c\u00e1c ch\u1ea5t c\u00f3 xu h\u01b0\u1edbng k\u1ebft tinh trong c\u00e1c nh\u00e0 m\u00e1y x\u1eed l\u00fd n\u01b0\u1edbc th\u1ea3i v\u00e0 nh\u00e0 m\u00e1y h\u00f3a d\u1ea7u.","robots":{"index":"index","follow":"follow","max-snippet":"max-snippet:-1","max-image-preview":"max-image-preview:large","max-video-preview":"max-video-preview:-1"},"canonical":"https:\/\/www.sj-gauge.com\/vi\/san-pham\/diff-w\/","og_locale":"vi_VN","og_type":"article","og_title":"Flanged Connection with Stub Pipe, Welded Diaphragm","og_description":"DIFF-W welded diaphragm seal features a stub-pipe structure for strong durability and stable transmission in harsh industrial conditions. It is ideal for high-temperature fluids, corrosive chemicals, and crystallizing media in wastewater treatment and petrochemical plants","og_url":"https:\/\/www.sj-gauge.com\/vi\/san-pham\/diff-w\/","og_site_name":"SJ Gauge | Pressure Gauges, Thermometers &amp; Pressure Sensors","article_modified_time":"2026-03-29T08:38:21+00:00","og_image":[{"width":1200,"height":1000,"url":"https:\/\/www.sj-gauge.com\/wp-content\/uploads\/2025\/11\/SJ-Gauge-pressure-gauge-welded-diaphragm-stub.jpg","type":"image\/jpeg"}],"twitter_card":"summary_large_image","twitter_misc":{"\u01af\u1edbc t\u00ednh th\u1eddi gian \u0111\u1ecdc":"1 ph\u00fat"},"schema":{"@context":"https:\/\/schema.org","@graph":[{"@type":"WebPage","@id":"https:\/\/www.sj-gauge.com\/product\/diff-w\/","url":"https:\/\/www.sj-gauge.com\/product\/diff-w\/","name":"Ph\u1edbt m\u00e0ng h\u00e0n v\u1edbi \u1ed1ng n\u1ed1i ng\u1eafn\uff5cD\u00f9ng cho m\u00f4i tr\u01b0\u1eddng nhi\u1ec7t \u0111\u1ed9 cao v\u00e0 c\u00f3 hi\u1ec7n t\u01b0\u1ee3ng k\u1ebft tinh\uff5cSJ Gauge","isPartOf":{"@id":"https:\/\/www.sj-gauge.com\/#website"},"primaryImageOfPage":{"@id":"https:\/\/www.sj-gauge.com\/product\/diff-w\/#primaryimage"},"image":{"@id":"https:\/\/www.sj-gauge.com\/product\/diff-w\/#primaryimage"},"thumbnailUrl":"https:\/\/www.sj-gauge.com\/wp-content\/uploads\/2025\/11\/SJ-Gauge-pressure-gauge-welded-diaphragm-stub.jpg","datePublished":"2025-11-20T02:55:24+00:00","dateModified":"2026-03-29T08:38:21+00:00","description":"Ph\u1edbt m\u00e0ng h\u00e0n DIFF-W c\u00f3 c\u1ea5u tr\u00fac \u1ed1ng n\u1ed1i ng\u1eafn, \u0111\u1ea3m b\u1ea3o \u0111\u1ed9 b\u1ec1n cao v\u00e0 kh\u1ea3 n\u0103ng truy\u1ec1n d\u1eabn \u1ed5n \u0111\u1ecbnh trong c\u00e1c \u0111i\u1ec1u ki\u1ec7n c\u00f4ng nghi\u1ec7p kh\u1eafc nghi\u1ec7t. S\u1ea3n ph\u1ea9m n\u00e0y \u0111\u1eb7c bi\u1ec7t ph\u00f9 h\u1ee3p v\u1edbi c\u00e1c ch\u1ea5t l\u1ecfng nhi\u1ec7t \u0111\u1ed9 cao, h\u00f3a ch\u1ea5t \u0103n m\u00f2n v\u00e0 c\u00e1c ch\u1ea5t c\u00f3 xu h\u01b0\u1edbng k\u1ebft tinh trong c\u00e1c nh\u00e0 m\u00e1y x\u1eed l\u00fd n\u01b0\u1edbc th\u1ea3i v\u00e0 nh\u00e0 m\u00e1y h\u00f3a d\u1ea7u.","breadcrumb":{"@id":"https:\/\/www.sj-gauge.com\/product\/diff-w\/#breadcrumb"},"inLanguage":"vi","potentialAction":[{"@type":"ReadAction","target":["https:\/\/www.sj-gauge.com\/product\/diff-w\/"]}]},{"@type":"ImageObject","inLanguage":"vi","@id":"https:\/\/www.sj-gauge.com\/product\/diff-w\/#primaryimage","url":"https:\/\/www.sj-gauge.com\/wp-content\/uploads\/2025\/11\/SJ-Gauge-pressure-gauge-welded-diaphragm-stub.jpg","contentUrl":"https:\/\/www.sj-gauge.com\/wp-content\/uploads\/2025\/11\/SJ-Gauge-pressure-gauge-welded-diaphragm-stub.jpg","width":1200,"height":1000},{"@type":"BreadcrumbList","@id":"https:\/\/www.sj-gauge.com\/product\/diff-w\/#breadcrumb","itemListElement":[{"@type":"ListItem","position":1,"name":"Home","item":"https:\/\/www.sj-gauge.com\/"},{"@type":"ListItem","position":2,"name":"Products","item":"https:\/\/www.sj-gauge.com\/products\/"},{"@type":"ListItem","position":3,"name":"Flanged Connection with Stub Pipe, Welded Diaphragm"}]},{"@type":"WebSite","@id":"https:\/\/www.sj-gauge.com\/#website","url":"https:\/\/www.sj-gauge.com\/","name":"SJ Gauge | \u0110\u1ed3ng h\u1ed3 \u0111o \u00e1p su\u1ea5t, nhi\u1ec7t k\u1ebf v\u00e0 c\u1ea3m bi\u1ebfn \u00e1p su\u1ea5t","description":"Nh\u00e0 s\u1ea3n xu\u1ea5t \u0111\u1ed3ng h\u1ed3 \u0111o \u00e1p su\u1ea5t c\u00f4ng nghi\u1ec7p, c\u1ea3m bi\u1ebfn \u00e1p su\u1ea5t v\u00e0 b\u1ed9 truy\u1ec1n t\u00edn hi\u1ec7u. SJ Gauge cung c\u1ea5p c\u00e1c s\u1ea3n ph\u1ea9m c\u00f3 \u0111\u1ed9 ch\u00ednh x\u00e1c cao, \u0111\u01b0\u1ee3c ch\u1ebf t\u1ea1o t\u1eeb v\u1eadt li\u1ec7u b\u1ec1n b\u1ec9 v\u00e0 c\u00e1c gi\u1ea3i ph\u00e1p t\u00f9y ch\u1ec9nh d\u00e0nh cho c\u00e1c \u1ee9ng d\u1ee5ng trong ng\u00e0nh d\u1ea7u kh\u00ed, h\u00f3a ch\u1ea5t v\u00e0 c\u00f4ng nghi\u1ec7p.","publisher":{"@id":"https:\/\/www.sj-gauge.com\/#organization"},"potentialAction":[{"@type":"SearchAction","target":{"@type":"EntryPoint","urlTemplate":"https:\/\/www.sj-gauge.com\/?s={search_term_string}"},"query-input":{"@type":"PropertyValueSpecification","valueRequired":true,"valueName":"search_term_string"}}],"inLanguage":"vi"},{"@type":"Organization","@id":"https:\/\/www.sj-gauge.com\/#organization","name":"SJ Gauge | \u0110\u1ed3ng h\u1ed3 \u0111o \u00e1p su\u1ea5t, nhi\u1ec7t k\u1ebf v\u00e0 c\u1ea3m bi\u1ebfn \u00e1p su\u1ea5t","url":"https:\/\/www.sj-gauge.com\/","logo":{"@type":"ImageObject","inLanguage":"vi","@id":"https:\/\/www.sj-gauge.com\/#\/schema\/logo\/image\/","url":"https:\/\/www.sj-gauge.com\/wp-content\/uploads\/2025\/09\/logo.webp","contentUrl":"https:\/\/www.sj-gauge.com\/wp-content\/uploads\/2025\/09\/logo.webp","width":348,"height":184,"caption":"SJ Gauge | Pressure Gauges, Thermometers &amp; Pressure Sensors"},"image":{"@id":"https:\/\/www.sj-gauge.com\/#\/schema\/logo\/image\/"}}]}},"_links":{"self":[{"href":"https:\/\/www.sj-gauge.com\/vi\/wp-json\/wp\/v2\/product\/1995","targetHints":{"allow":["GET"]}}],"collection":[{"href":"https:\/\/www.sj-gauge.com\/vi\/wp-json\/wp\/v2\/product"}],"about":[{"href":"https:\/\/www.sj-gauge.com\/vi\/wp-json\/wp\/v2\/types\/product"}],"wp:featuredmedia":[{"embeddable":true,"href":"https:\/\/www.sj-gauge.com\/vi\/wp-json\/wp\/v2\/media\/1998"}],"wp:attachment":[{"href":"https:\/\/www.sj-gauge.com\/vi\/wp-json\/wp\/v2\/media?parent=1995"}],"wp:term":[{"taxonomy":"product_brand","embeddable":true,"href":"https:\/\/www.sj-gauge.com\/vi\/wp-json\/wp\/v2\/product_brand?post=1995"},{"taxonomy":"product_cat","embeddable":true,"href":"https:\/\/www.sj-gauge.com\/vi\/wp-json\/wp\/v2\/product_cat?post=1995"},{"taxonomy":"product_tag","embeddable":true,"href":"https:\/\/www.sj-gauge.com\/vi\/wp-json\/wp\/v2\/product_tag?post=1995"}],"curies":[{"name":"wp","href":"https:\/\/api.w.org\/{rel}","templated":true}]}}