{"id":1999,"date":"2025-11-20T11:19:11","date_gmt":"2025-11-20T03:19:11","guid":{"rendered":"https:\/\/sj-gauge.com\/?post_type=product&#038;p=1999"},"modified":"2026-03-29T16:36:57","modified_gmt":"2026-03-29T08:36:57","slug":"diff-p","status":"publish","type":"product","link":"https:\/\/www.sj-gauge.com\/vi\/san-pham\/diff-p\/","title":{"rendered":"K\u1ebft n\u1ed1i c\u00f3 v\u00e0nh v\u1edbi \u1ed1ng ng\u1eafn, nh\u1ef1a ch\u1ed1ng \u0103n m\u00f2n"},"content":{"rendered":"<p>Van m\u00e0ng DIFF-P c\u00f3 k\u1ebft n\u1ed1i flange v\u1edbi thi\u1ebft k\u1ebf \u1ed1ng ng\u1eafn, cung c\u1ea5p kh\u1ea3 n\u0103ng ch\u1ed1ng \u0103n m\u00f2n xu\u1ea5t s\u1eafc trong \u0111i\u1ec1u ki\u1ec7n qu\u00e1 tr\u00ecnh kh\u1eafc nghi\u1ec7t. Van \u0111\u01b0\u1ee3c thi\u1ebft k\u1ebf \u0111\u1ec3 \u0111o l\u01b0\u1eddng c\u00e1c ch\u1ea5t l\u1ecfng \u0103n m\u00f2n, nh\u1edbt, b\u1ed9t, nguy hi\u1ec3m ho\u1eb7c nh\u1ea1y c\u1ea3m v\u1edbi m\u00f4i tr\u01b0\u1eddng. V\u00f2ng \u0111\u1ec7m tr\u00ean v\u00e0 m\u00e0ng ch\u1eafn \u0111\u01b0\u1ee3c m\u1edf r\u1ed9ng \u0111\u1ea3m b\u1ea3o truy\u1ec1n \u00e1p su\u1ea5t ch\u00ednh x\u00e1c \u0111\u1ed3ng th\u1eddi \u0111\u00e1p \u1ee9ng c\u00e1c ti\u00eau chu\u1ea9n k\u1ebft n\u1ed1i \u1ed1ng d\u1eabn kh\u00e1c nhau. S\u1ea3n ph\u1ea9m c\u00f3 s\u1eb5n v\u1edbi v\u1eadt li\u1ec7u th\u00e2n b\u1eb1ng PP, PVC, PVDF v\u00e0 PTFE, c\u00f9ng c\u00e1c t\u00f9y ch\u1ecdn m\u00e0ng ch\u1eafn nh\u01b0 PTFE, Hastelloy C276, Titan, Tantalum v\u00e0 Monel 400, cho ph\u00e9p DIFF-P th\u00edch \u1ee9ng v\u1edbi nhi\u1ec1u \u1ee9ng d\u1ee5ng \u0103n m\u00f2n kh\u00e1c nhau. N\u00f3 \u0111\u01b0\u1ee3c s\u1eed d\u1ee5ng r\u1ed9ng r\u00e3i trong c\u00e1c ng\u00e0nh c\u00f4ng nghi\u1ec7p nh\u01b0 ch\u1ebf bi\u1ebfn h\u00f3a ch\u1ea5t, nh\u00e0 m\u00e1y l\u1ecdc d\u1ea7u, x\u1eed l\u00fd n\u01b0\u1edbc th\u1ea3i, s\u1ea3n xu\u1ea5t gi\u1ea5y v\u00e0 c\u00e1c m\u00f4i tr\u01b0\u1eddng c\u00f4ng nghi\u1ec7p \u0111\u00f2i h\u1ecfi kh\u1eaft khe kh\u00e1c, cung c\u1ea5p gi\u1ea3i ph\u00e1p \u0111o \u00e1p su\u1ea5t \u1ed5n \u0111\u1ecbnh v\u00e0 \u0111\u00e1ng tin c\u1eady.<\/p>","protected":false},"excerpt":{"rendered":"<ul>\n<li>Gh\u1ebf tr\u00ean v\u00e0 m\u00e0ng c\u00f3 th\u1ec3 \u0111\u01b0\u1ee3c m\u1edf r\u1ed9ng \u0111\u1ec3 \u0111\u1ea3m b\u1ea3o \u0111\u1ed9 ch\u00ednh x\u00e1c v\u00e0 tu\u00e2n th\u1ee7 c\u00e1c ti\u00eau chu\u1ea9n k\u1ebft n\u1ed1i \u1ed1ng d\u1eabn.<\/li>\n<li>\u00c1p d\u1ee5ng cho c\u00e1c lo\u1ea1i ch\u1ea5t l\u1ecfng c\u00f3 t\u00ednh \u0103n m\u00f2n, nh\u1edbt, b\u1ed9t, g\u00e2y h\u1ea1i ho\u1eb7c \u0111\u1ed9c h\u1ea1i cho m\u00f4i tr\u01b0\u1eddng.<\/li>\n<li>Ph\u00f9 h\u1ee3p cho c\u00e1c ng\u00e0nh c\u00f4ng nghi\u1ec7p nh\u01b0 h\u00f3a d\u1ea7u, x\u00e2y d\u1ef1ng thi\u1ebft b\u1ecb h\u00f3a ch\u1ea5t, x\u1eed l\u00fd n\u01b0\u1edbc th\u1ea3i, gi\u1ea5y, v.v.<\/li>\n<\/ul>","protected":false},"featured_media":2002,"template":"","meta":{"_acf_changed":false},"product_brand":[40],"product_cat":[21,41],"product_tag":[],"class_list":{"0":"post-1999","1":"product","2":"type-product","3":"status-publish","4":"has-post-thumbnail","6":"product_brand-sj-gauge","7":"product_cat-diaphragm-seal","8":"product_cat-pressure-instruments","10":"first","11":"instock","12":"shipping-taxable","13":"product-type-simple"},"acf":[],"yoast_head":"<!-- This site is optimized with the Yoast SEO Premium plugin v26.7 (Yoast SEO v27.4) - https:\/\/yoast.com\/product\/yoast-seo-premium-wordpress\/ -->\n<title>Corrosion-resistant Plastic Diaphragm Seal\uff5cFor Hazardous Media\uff5cSJ Gauge<\/title>\n<meta name=\"description\" content=\"DIFF-P diaphragm seal features a stub-pipe design with excellent corrosion resistance. Available in PP, PVC, PVDF, and PTFE, it is engineered for measuring corrosive, viscous, and hazardous media. Ideal for chemical processing, petrochemical plants, and wastewater treatment\" \/>\n<meta name=\"robots\" content=\"index, follow, max-snippet:-1, max-image-preview:large, max-video-preview:-1\" \/>\n<link rel=\"canonical\" href=\"https:\/\/www.sj-gauge.com\/vi\/san-pham\/diff-p\/\" \/>\n<meta property=\"og:locale\" content=\"vi_VN\" \/>\n<meta property=\"og:type\" content=\"article\" \/>\n<meta property=\"og:title\" content=\"Flanged Connection with Stub Pipe, Corrosion-resistant Plastic\" \/>\n<meta property=\"og:description\" content=\"DIFF-P diaphragm seal features a stub-pipe design with excellent corrosion resistance. Available in PP, PVC, PVDF, and PTFE, it is engineered for measuring corrosive, viscous, and hazardous media. Ideal for chemical processing, petrochemical plants, and wastewater treatment\" \/>\n<meta property=\"og:url\" content=\"https:\/\/www.sj-gauge.com\/vi\/san-pham\/diff-p\/\" \/>\n<meta property=\"og:site_name\" content=\"SJ Gauge | Pressure Gauges, Thermometers &amp; Pressure Sensors\" \/>\n<meta property=\"article:modified_time\" content=\"2026-03-29T08:36:57+00:00\" \/>\n<meta property=\"og:image\" content=\"https:\/\/www.sj-gauge.com\/wp-content\/uploads\/2025\/11\/SJ-Gauge-diaphragm-seals-stub-pipe-corrosion-resistant-plastic-1.jpg\" \/>\n\t<meta property=\"og:image:width\" content=\"1200\" \/>\n\t<meta property=\"og:image:height\" content=\"1000\" \/>\n\t<meta property=\"og:image:type\" content=\"image\/jpeg\" \/>\n<meta name=\"twitter:card\" content=\"summary_large_image\" \/>\n<meta name=\"twitter:label1\" content=\"\u01af\u1edbc t\u00ednh th\u1eddi gian \u0111\u1ecdc\" \/>\n\t<meta name=\"twitter:data1\" content=\"1 ph\u00fat\" \/>\n<script type=\"application\/ld+json\" class=\"yoast-schema-graph\">{\"@context\":\"https:\\\/\\\/schema.org\",\"@graph\":[{\"@type\":\"WebPage\",\"@id\":\"https:\\\/\\\/www.sj-gauge.com\\\/product\\\/diff-p\\\/\",\"url\":\"https:\\\/\\\/www.sj-gauge.com\\\/product\\\/diff-p\\\/\",\"name\":\"Corrosion-resistant Plastic Diaphragm Seal\uff5cFor Hazardous Media\uff5cSJ Gauge\",\"isPartOf\":{\"@id\":\"https:\\\/\\\/www.sj-gauge.com\\\/#website\"},\"primaryImageOfPage\":{\"@id\":\"https:\\\/\\\/www.sj-gauge.com\\\/product\\\/diff-p\\\/#primaryimage\"},\"image\":{\"@id\":\"https:\\\/\\\/www.sj-gauge.com\\\/product\\\/diff-p\\\/#primaryimage\"},\"thumbnailUrl\":\"https:\\\/\\\/www.sj-gauge.com\\\/wp-content\\\/uploads\\\/2025\\\/11\\\/SJ-Gauge-diaphragm-seals-stub-pipe-corrosion-resistant-plastic-1.jpg\",\"datePublished\":\"2025-11-20T03:19:11+00:00\",\"dateModified\":\"2026-03-29T08:36:57+00:00\",\"description\":\"DIFF-P diaphragm seal features a stub-pipe design with excellent corrosion resistance. Available in PP, PVC, PVDF, and PTFE, it is engineered for measuring corrosive, viscous, and hazardous media. Ideal for chemical processing, petrochemical plants, and wastewater treatment\",\"breadcrumb\":{\"@id\":\"https:\\\/\\\/www.sj-gauge.com\\\/product\\\/diff-p\\\/#breadcrumb\"},\"inLanguage\":\"vi\",\"potentialAction\":[{\"@type\":\"ReadAction\",\"target\":[\"https:\\\/\\\/www.sj-gauge.com\\\/product\\\/diff-p\\\/\"]}]},{\"@type\":\"ImageObject\",\"inLanguage\":\"vi\",\"@id\":\"https:\\\/\\\/www.sj-gauge.com\\\/product\\\/diff-p\\\/#primaryimage\",\"url\":\"https:\\\/\\\/www.sj-gauge.com\\\/wp-content\\\/uploads\\\/2025\\\/11\\\/SJ-Gauge-diaphragm-seals-stub-pipe-corrosion-resistant-plastic-1.jpg\",\"contentUrl\":\"https:\\\/\\\/www.sj-gauge.com\\\/wp-content\\\/uploads\\\/2025\\\/11\\\/SJ-Gauge-diaphragm-seals-stub-pipe-corrosion-resistant-plastic-1.jpg\",\"width\":1200,\"height\":1000},{\"@type\":\"BreadcrumbList\",\"@id\":\"https:\\\/\\\/www.sj-gauge.com\\\/product\\\/diff-p\\\/#breadcrumb\",\"itemListElement\":[{\"@type\":\"ListItem\",\"position\":1,\"name\":\"Home\",\"item\":\"https:\\\/\\\/www.sj-gauge.com\\\/\"},{\"@type\":\"ListItem\",\"position\":2,\"name\":\"Products\",\"item\":\"https:\\\/\\\/www.sj-gauge.com\\\/products\\\/\"},{\"@type\":\"ListItem\",\"position\":3,\"name\":\"Flanged Connection with Stub Pipe, Corrosion-resistant Plastic\"}]},{\"@type\":\"WebSite\",\"@id\":\"https:\\\/\\\/www.sj-gauge.com\\\/#website\",\"url\":\"https:\\\/\\\/www.sj-gauge.com\\\/\",\"name\":\"SJ Gauge | Pressure Gauges, Thermometers &amp; Pressure Sensors\",\"description\":\"Manufacturer of industrial pressure gauges, pressure sensors, and transmitters. SJ Gauge provides high accuracy, durable materials, and custom solutions for oil &amp; gas, chemical, and industrial applications.\",\"publisher\":{\"@id\":\"https:\\\/\\\/www.sj-gauge.com\\\/#organization\"},\"potentialAction\":[{\"@type\":\"SearchAction\",\"target\":{\"@type\":\"EntryPoint\",\"urlTemplate\":\"https:\\\/\\\/www.sj-gauge.com\\\/?s={search_term_string}\"},\"query-input\":{\"@type\":\"PropertyValueSpecification\",\"valueRequired\":true,\"valueName\":\"search_term_string\"}}],\"inLanguage\":\"vi\"},{\"@type\":\"Organization\",\"@id\":\"https:\\\/\\\/www.sj-gauge.com\\\/#organization\",\"name\":\"SJ Gauge | Pressure Gauges, Thermometers &amp; Pressure Sensors\",\"url\":\"https:\\\/\\\/www.sj-gauge.com\\\/\",\"logo\":{\"@type\":\"ImageObject\",\"inLanguage\":\"vi\",\"@id\":\"https:\\\/\\\/www.sj-gauge.com\\\/#\\\/schema\\\/logo\\\/image\\\/\",\"url\":\"https:\\\/\\\/www.sj-gauge.com\\\/wp-content\\\/uploads\\\/2025\\\/09\\\/logo.webp\",\"contentUrl\":\"https:\\\/\\\/www.sj-gauge.com\\\/wp-content\\\/uploads\\\/2025\\\/09\\\/logo.webp\",\"width\":348,\"height\":184,\"caption\":\"SJ Gauge | Pressure Gauges, Thermometers &amp; Pressure Sensors\"},\"image\":{\"@id\":\"https:\\\/\\\/www.sj-gauge.com\\\/#\\\/schema\\\/logo\\\/image\\\/\"}}]}<\/script>\n<!-- \/ Yoast SEO Premium plugin. -->","yoast_head_json":{"title":"Ph\u1edbt m\u00e0ng nh\u1ef1a ch\u1ed1ng \u0103n m\u00f2n\uff5cD\u00e0nh cho m\u00f4i tr\u01b0\u1eddng nguy hi\u1ec3m\uff5cSJ Gauge","description":"Ph\u1edbt m\u00e0ng DIFF-P c\u00f3 thi\u1ebft k\u1ebf \u1ed1ng n\u1ed1i ng\u1eafn v\u1edbi kh\u1ea3 n\u0103ng ch\u1ed1ng \u0103n m\u00f2n v\u01b0\u1ee3t tr\u1ed9i. S\u1ea3n ph\u1ea9m \u0111\u01b0\u1ee3c ch\u1ebf t\u1ea1o t\u1eeb c\u00e1c v\u1eadt li\u1ec7u PP, PVC, PVDF v\u00e0 PTFE, \u0111\u01b0\u1ee3c thi\u1ebft k\u1ebf chuy\u00ean d\u1ee5ng \u0111\u1ec3 \u0111o l\u01b0\u1eddng c\u00e1c ch\u1ea5t l\u1ecfng c\u00f3 t\u00ednh \u0103n m\u00f2n, nh\u1edbt v\u00e0 nguy hi\u1ec3m. Ph\u00f9 h\u1ee3p l\u00fd t\u01b0\u1edfng cho c\u00e1c ng\u00e0nh ch\u1ebf bi\u1ebfn h\u00f3a ch\u1ea5t, nh\u00e0 m\u00e1y h\u00f3a d\u1ea7u v\u00e0 x\u1eed l\u00fd n\u01b0\u1edbc th\u1ea3i","robots":{"index":"index","follow":"follow","max-snippet":"max-snippet:-1","max-image-preview":"max-image-preview:large","max-video-preview":"max-video-preview:-1"},"canonical":"https:\/\/www.sj-gauge.com\/vi\/san-pham\/diff-p\/","og_locale":"vi_VN","og_type":"article","og_title":"Flanged Connection with Stub Pipe, Corrosion-resistant Plastic","og_description":"DIFF-P diaphragm seal features a stub-pipe design with excellent corrosion resistance. Available in PP, PVC, PVDF, and PTFE, it is engineered for measuring corrosive, viscous, and hazardous media. Ideal for chemical processing, petrochemical plants, and wastewater treatment","og_url":"https:\/\/www.sj-gauge.com\/vi\/san-pham\/diff-p\/","og_site_name":"SJ Gauge | Pressure Gauges, Thermometers &amp; Pressure Sensors","article_modified_time":"2026-03-29T08:36:57+00:00","og_image":[{"width":1200,"height":1000,"url":"https:\/\/www.sj-gauge.com\/wp-content\/uploads\/2025\/11\/SJ-Gauge-diaphragm-seals-stub-pipe-corrosion-resistant-plastic-1.jpg","type":"image\/jpeg"}],"twitter_card":"summary_large_image","twitter_misc":{"\u01af\u1edbc t\u00ednh th\u1eddi gian \u0111\u1ecdc":"1 ph\u00fat"},"schema":{"@context":"https:\/\/schema.org","@graph":[{"@type":"WebPage","@id":"https:\/\/www.sj-gauge.com\/product\/diff-p\/","url":"https:\/\/www.sj-gauge.com\/product\/diff-p\/","name":"Ph\u1edbt m\u00e0ng nh\u1ef1a ch\u1ed1ng \u0103n m\u00f2n\uff5cD\u00e0nh cho m\u00f4i tr\u01b0\u1eddng nguy hi\u1ec3m\uff5cSJ Gauge","isPartOf":{"@id":"https:\/\/www.sj-gauge.com\/#website"},"primaryImageOfPage":{"@id":"https:\/\/www.sj-gauge.com\/product\/diff-p\/#primaryimage"},"image":{"@id":"https:\/\/www.sj-gauge.com\/product\/diff-p\/#primaryimage"},"thumbnailUrl":"https:\/\/www.sj-gauge.com\/wp-content\/uploads\/2025\/11\/SJ-Gauge-diaphragm-seals-stub-pipe-corrosion-resistant-plastic-1.jpg","datePublished":"2025-11-20T03:19:11+00:00","dateModified":"2026-03-29T08:36:57+00:00","description":"Ph\u1edbt m\u00e0ng DIFF-P c\u00f3 thi\u1ebft k\u1ebf \u1ed1ng n\u1ed1i ng\u1eafn v\u1edbi kh\u1ea3 n\u0103ng ch\u1ed1ng \u0103n m\u00f2n v\u01b0\u1ee3t tr\u1ed9i. S\u1ea3n ph\u1ea9m \u0111\u01b0\u1ee3c ch\u1ebf t\u1ea1o t\u1eeb c\u00e1c v\u1eadt li\u1ec7u PP, PVC, PVDF v\u00e0 PTFE, \u0111\u01b0\u1ee3c thi\u1ebft k\u1ebf chuy\u00ean d\u1ee5ng \u0111\u1ec3 \u0111o l\u01b0\u1eddng c\u00e1c ch\u1ea5t l\u1ecfng c\u00f3 t\u00ednh \u0103n m\u00f2n, nh\u1edbt v\u00e0 nguy hi\u1ec3m. Ph\u00f9 h\u1ee3p l\u00fd t\u01b0\u1edfng cho c\u00e1c ng\u00e0nh ch\u1ebf bi\u1ebfn h\u00f3a ch\u1ea5t, nh\u00e0 m\u00e1y h\u00f3a d\u1ea7u v\u00e0 x\u1eed l\u00fd n\u01b0\u1edbc th\u1ea3i","breadcrumb":{"@id":"https:\/\/www.sj-gauge.com\/product\/diff-p\/#breadcrumb"},"inLanguage":"vi","potentialAction":[{"@type":"ReadAction","target":["https:\/\/www.sj-gauge.com\/product\/diff-p\/"]}]},{"@type":"ImageObject","inLanguage":"vi","@id":"https:\/\/www.sj-gauge.com\/product\/diff-p\/#primaryimage","url":"https:\/\/www.sj-gauge.com\/wp-content\/uploads\/2025\/11\/SJ-Gauge-diaphragm-seals-stub-pipe-corrosion-resistant-plastic-1.jpg","contentUrl":"https:\/\/www.sj-gauge.com\/wp-content\/uploads\/2025\/11\/SJ-Gauge-diaphragm-seals-stub-pipe-corrosion-resistant-plastic-1.jpg","width":1200,"height":1000},{"@type":"BreadcrumbList","@id":"https:\/\/www.sj-gauge.com\/product\/diff-p\/#breadcrumb","itemListElement":[{"@type":"ListItem","position":1,"name":"Home","item":"https:\/\/www.sj-gauge.com\/"},{"@type":"ListItem","position":2,"name":"Products","item":"https:\/\/www.sj-gauge.com\/products\/"},{"@type":"ListItem","position":3,"name":"Flanged Connection with Stub Pipe, Corrosion-resistant Plastic"}]},{"@type":"WebSite","@id":"https:\/\/www.sj-gauge.com\/#website","url":"https:\/\/www.sj-gauge.com\/","name":"SJ Gauge | \u0110\u1ed3ng h\u1ed3 \u0111o \u00e1p su\u1ea5t, nhi\u1ec7t k\u1ebf v\u00e0 c\u1ea3m bi\u1ebfn \u00e1p su\u1ea5t","description":"Nh\u00e0 s\u1ea3n xu\u1ea5t \u0111\u1ed3ng h\u1ed3 \u0111o \u00e1p su\u1ea5t c\u00f4ng nghi\u1ec7p, c\u1ea3m bi\u1ebfn \u00e1p su\u1ea5t v\u00e0 b\u1ed9 truy\u1ec1n t\u00edn hi\u1ec7u. SJ Gauge cung c\u1ea5p c\u00e1c s\u1ea3n ph\u1ea9m c\u00f3 \u0111\u1ed9 ch\u00ednh x\u00e1c cao, \u0111\u01b0\u1ee3c ch\u1ebf t\u1ea1o t\u1eeb v\u1eadt li\u1ec7u b\u1ec1n b\u1ec9 v\u00e0 c\u00e1c gi\u1ea3i ph\u00e1p t\u00f9y ch\u1ec9nh d\u00e0nh cho c\u00e1c \u1ee9ng d\u1ee5ng trong ng\u00e0nh d\u1ea7u kh\u00ed, h\u00f3a ch\u1ea5t v\u00e0 c\u00f4ng nghi\u1ec7p.","publisher":{"@id":"https:\/\/www.sj-gauge.com\/#organization"},"potentialAction":[{"@type":"SearchAction","target":{"@type":"EntryPoint","urlTemplate":"https:\/\/www.sj-gauge.com\/?s={search_term_string}"},"query-input":{"@type":"PropertyValueSpecification","valueRequired":true,"valueName":"search_term_string"}}],"inLanguage":"vi"},{"@type":"Organization","@id":"https:\/\/www.sj-gauge.com\/#organization","name":"SJ Gauge | \u0110\u1ed3ng h\u1ed3 \u0111o \u00e1p su\u1ea5t, nhi\u1ec7t k\u1ebf v\u00e0 c\u1ea3m bi\u1ebfn \u00e1p su\u1ea5t","url":"https:\/\/www.sj-gauge.com\/","logo":{"@type":"ImageObject","inLanguage":"vi","@id":"https:\/\/www.sj-gauge.com\/#\/schema\/logo\/image\/","url":"https:\/\/www.sj-gauge.com\/wp-content\/uploads\/2025\/09\/logo.webp","contentUrl":"https:\/\/www.sj-gauge.com\/wp-content\/uploads\/2025\/09\/logo.webp","width":348,"height":184,"caption":"SJ Gauge | Pressure Gauges, Thermometers &amp; Pressure Sensors"},"image":{"@id":"https:\/\/www.sj-gauge.com\/#\/schema\/logo\/image\/"}}]}},"_links":{"self":[{"href":"https:\/\/www.sj-gauge.com\/vi\/wp-json\/wp\/v2\/product\/1999","targetHints":{"allow":["GET"]}}],"collection":[{"href":"https:\/\/www.sj-gauge.com\/vi\/wp-json\/wp\/v2\/product"}],"about":[{"href":"https:\/\/www.sj-gauge.com\/vi\/wp-json\/wp\/v2\/types\/product"}],"wp:featuredmedia":[{"embeddable":true,"href":"https:\/\/www.sj-gauge.com\/vi\/wp-json\/wp\/v2\/media\/2002"}],"wp:attachment":[{"href":"https:\/\/www.sj-gauge.com\/vi\/wp-json\/wp\/v2\/media?parent=1999"}],"wp:term":[{"taxonomy":"product_brand","embeddable":true,"href":"https:\/\/www.sj-gauge.com\/vi\/wp-json\/wp\/v2\/product_brand?post=1999"},{"taxonomy":"product_cat","embeddable":true,"href":"https:\/\/www.sj-gauge.com\/vi\/wp-json\/wp\/v2\/product_cat?post=1999"},{"taxonomy":"product_tag","embeddable":true,"href":"https:\/\/www.sj-gauge.com\/vi\/wp-json\/wp\/v2\/product_tag?post=1999"}],"curies":[{"name":"wp","href":"https:\/\/api.w.org\/{rel}","templated":true}]}}