{"id":2004,"date":"2025-11-20T11:48:23","date_gmt":"2025-11-20T03:48:23","guid":{"rendered":"https:\/\/sj-gauge.com\/?post_type=product&#038;p=2004"},"modified":"2026-03-29T16:35:24","modified_gmt":"2026-03-29T08:35:24","slug":"diff-uslp","status":"publish","type":"product","link":"https:\/\/www.sj-gauge.com\/vi\/san-pham\/diff-uslp\/","title":{"rendered":"K\u1ebft n\u1ed1i c\u00f3 v\u00e0nh v\u1edbi \u1ed1ng n\u1ed1i, ph\u1ea7n tr\u00ean b\u1eb1ng kim lo\u1ea1i, ph\u1ea7n d\u01b0\u1edbi b\u1eb1ng nh\u1ef1a"},"content":{"rendered":"<p>Van m\u00e0ng DIF-USLP c\u00f3 th\u00e2n tr\u00ean b\u1eb1ng kim lo\u1ea1i k\u1ebft h\u1ee3p v\u1edbi bu\u1ed3ng d\u01b0\u1edbi b\u1eb1ng nh\u1ef1a, ph\u00f9 h\u1ee3p cho c\u00e1c m\u00f4i tr\u01b0\u1eddng \u0103n m\u00f2n ho\u1eb7c b\u1ecb \u00f4 nhi\u1ec5m trong c\u00e1c \u1ee9ng d\u1ee5ng x\u1eed l\u00fd h\u00f3a ch\u1ea5t, m\u1ea1 \u0111i\u1ec7n v\u00e0 h\u00f3a d\u1ea7u. Ph\u1ea7n tr\u00ean c\u00f3 s\u1eb5n trong c\u00e1c v\u1eadt li\u1ec7u nh\u01b0 th\u00e9p kh\u00f4ng g\u1ec9, Hastelloy C276, Titan, Tantalum v\u00e0 c\u00e1c h\u1ee3p kim cao c\u1ea5p kh\u00e1c, trong khi ph\u1ea7n d\u01b0\u1edbi cung c\u1ea5p c\u00e1c l\u1ef1a ch\u1ecdn nh\u01b0 PP, PVC, PVDF ho\u1eb7c PTFE \u0111\u1ec3 \u0111\u1ea3m b\u1ea3o kh\u1ea3 n\u0103ng ch\u1ed1ng \u0103n m\u00f2n xu\u1ea5t s\u1eafc v\u00e0 gi\u1ea3m tr\u1ecdng l\u01b0\u1ee3ng. Thi\u1ebft k\u1ebf ph\u1ea7n tr\u00ean m\u1edf r\u1ed9ng v\u00e0 m\u00e0ng ng\u0103n c\u1ea3i thi\u1ec7n \u0111\u1ed9 ch\u00ednh x\u00e1c truy\u1ec1n \u00e1p su\u1ea5t v\u00e0 \u0111\u1ea3m b\u1ea3o t\u01b0\u01a1ng th\u00edch v\u1edbi c\u00e1c ti\u00eau chu\u1ea9n \u1ed1ng d\u1eabn kh\u00e1c nhau. H\u1ed7 tr\u1ee3 c\u1ea3 \u0111\u1ed3ng h\u1ed3 \u00e1p su\u1ea5t v\u00e0 b\u1ed9 truy\u1ec1n t\u00edn hi\u1ec7u, DIF-USLP t\u01b0\u01a1ng th\u00edch v\u1edbi nhi\u1ec1u k\u00edch th\u01b0\u1edbc m\u00e0ng (70\u2013160 mm) v\u00e0 ti\u00eau chu\u1ea9n m\u1eb7t b\u00edch qu\u1ed1c t\u1ebf (ANSI, JIS, DIN). N\u00f3 \u0111\u1eb7c bi\u1ec7t ph\u00f9 h\u1ee3p cho c\u00e1c dung d\u1ecbch axit\/ki\u1ec1m, x\u1eed l\u00fd n\u01b0\u1edbc th\u1ea3i, dung d\u1ecbch m\u1ea1 v\u00e0 h\u00f3a ch\u1ea5t \u0103n m\u00f2n, v\u1edbi t\u00f9y ch\u1ecdn c\u1ea5u tr\u00fac h\u00e0n v\u00e0 l\u1edbp ph\u1ee7 PTFE\/PFA \u0111\u1ec3 b\u1ea3o tr\u00ec d\u1ec5 d\u00e0ng v\u00e0 \u0111\u1ed9 b\u1ec1n cao h\u01a1n.<\/p>","protected":false},"excerpt":{"rendered":"<ul>\n<li>Gh\u1ebf tr\u00ean v\u00e0 m\u00e0ng \u0111\u01b0\u1ee3c m\u1edf r\u1ed9ng \u0111\u1ec3 n\u00e2ng cao \u0111\u1ed9 ch\u00ednh x\u00e1c v\u00e0 \u0111\u00e1p \u1ee9ng y\u00eau c\u1ea7u k\u1ebft n\u1ed1i \u0111\u01b0\u1eddng \u1ed1ng.<\/li>\n<li>V\u1eadt li\u1ec7u c\u1ee7a m\u00e0ng ho\u1eb7c m\u00e0ng k\u00e9p c\u00f3 th\u1ec3 kh\u00e1c v\u1edbi v\u1eadt li\u1ec7u c\u1ee7a th\u00e2n ch\u00ednh.<\/li>\n<li>Ph\u00f9 h\u1ee3p cho c\u00e1c ng\u00e0nh c\u00f4ng nghi\u1ec7p nh\u01b0 m\u1ea1 \u0111i\u1ec7n, ch\u1ebf bi\u1ebfn h\u00f3a ch\u1ea5t v\u00e0 d\u1ea7u kh\u00ed, v.v.<\/li>\n<\/ul>","protected":false},"featured_media":2007,"template":"","meta":{"_acf_changed":false},"product_brand":[40],"product_cat":[21,41],"product_tag":[],"class_list":{"0":"post-2004","1":"product","2":"type-product","3":"status-publish","4":"has-post-thumbnail","6":"product_brand-sj-gauge","7":"product_cat-diaphragm-seal","8":"product_cat-pressure-instruments","10":"first","11":"instock","12":"shipping-taxable","13":"product-type-simple"},"acf":[],"yoast_head":"<!-- This site is optimized with the Yoast SEO Premium plugin v26.7 (Yoast SEO v27.4) - https:\/\/yoast.com\/product\/yoast-seo-premium-wordpress\/ -->\n<title>Corrosion-Resistant Diaphragm Seal\uff5cMetal Upper &amp; Plastic Lower\uff5cSJ Gauge<\/title>\n<meta name=\"description\" content=\"DIF-USLP diaphragm seal features a metal upper body with a plastic lower chamber, ideal for acidic or alkaline solutions in electroplating and chemical processing. Supporting ANSI\/JIS\/DIN standards, it offers excellent corrosion resistance for wastewater treatment\" \/>\n<meta name=\"robots\" content=\"index, follow, max-snippet:-1, max-image-preview:large, max-video-preview:-1\" \/>\n<link rel=\"canonical\" href=\"https:\/\/www.sj-gauge.com\/vi\/san-pham\/diff-uslp\/\" \/>\n<meta property=\"og:locale\" content=\"vi_VN\" \/>\n<meta property=\"og:type\" content=\"article\" \/>\n<meta property=\"og:title\" content=\"Flanged Connection with Stub Pipe, Upper Metal, Lower Plastic\" \/>\n<meta property=\"og:description\" content=\"DIF-USLP diaphragm seal features a metal upper body with a plastic lower chamber, ideal for acidic or alkaline solutions in electroplating and chemical processing. Supporting ANSI\/JIS\/DIN standards, it offers excellent corrosion resistance for wastewater treatment\" \/>\n<meta property=\"og:url\" content=\"https:\/\/www.sj-gauge.com\/vi\/san-pham\/diff-uslp\/\" \/>\n<meta property=\"og:site_name\" content=\"SJ Gauge | Pressure Gauges, Thermometers &amp; Pressure Sensors\" \/>\n<meta property=\"article:modified_time\" content=\"2026-03-29T08:35:24+00:00\" \/>\n<meta property=\"og:image\" content=\"https:\/\/www.sj-gauge.com\/wp-content\/uploads\/2025\/11\/SJ-Gauge-pressure-gauge-metal-plastic-stub-pipe-1.jpg\" \/>\n\t<meta property=\"og:image:width\" content=\"1200\" \/>\n\t<meta property=\"og:image:height\" content=\"1000\" \/>\n\t<meta property=\"og:image:type\" content=\"image\/jpeg\" \/>\n<meta name=\"twitter:card\" content=\"summary_large_image\" \/>\n<meta name=\"twitter:label1\" content=\"\u01af\u1edbc t\u00ednh th\u1eddi gian \u0111\u1ecdc\" \/>\n\t<meta name=\"twitter:data1\" content=\"1 ph\u00fat\" \/>\n<script type=\"application\/ld+json\" class=\"yoast-schema-graph\">{\"@context\":\"https:\\\/\\\/schema.org\",\"@graph\":[{\"@type\":\"WebPage\",\"@id\":\"https:\\\/\\\/www.sj-gauge.com\\\/product\\\/diff-uslp\\\/\",\"url\":\"https:\\\/\\\/www.sj-gauge.com\\\/product\\\/diff-uslp\\\/\",\"name\":\"Corrosion-Resistant Diaphragm Seal\uff5cMetal Upper & Plastic Lower\uff5cSJ Gauge\",\"isPartOf\":{\"@id\":\"https:\\\/\\\/www.sj-gauge.com\\\/#website\"},\"primaryImageOfPage\":{\"@id\":\"https:\\\/\\\/www.sj-gauge.com\\\/product\\\/diff-uslp\\\/#primaryimage\"},\"image\":{\"@id\":\"https:\\\/\\\/www.sj-gauge.com\\\/product\\\/diff-uslp\\\/#primaryimage\"},\"thumbnailUrl\":\"https:\\\/\\\/www.sj-gauge.com\\\/wp-content\\\/uploads\\\/2025\\\/11\\\/SJ-Gauge-pressure-gauge-metal-plastic-stub-pipe-1.jpg\",\"datePublished\":\"2025-11-20T03:48:23+00:00\",\"dateModified\":\"2026-03-29T08:35:24+00:00\",\"description\":\"DIF-USLP diaphragm seal features a metal upper body with a plastic lower chamber, ideal for acidic or alkaline solutions in electroplating and chemical processing. Supporting ANSI\\\/JIS\\\/DIN standards, it offers excellent corrosion resistance for wastewater treatment\",\"breadcrumb\":{\"@id\":\"https:\\\/\\\/www.sj-gauge.com\\\/product\\\/diff-uslp\\\/#breadcrumb\"},\"inLanguage\":\"vi\",\"potentialAction\":[{\"@type\":\"ReadAction\",\"target\":[\"https:\\\/\\\/www.sj-gauge.com\\\/product\\\/diff-uslp\\\/\"]}]},{\"@type\":\"ImageObject\",\"inLanguage\":\"vi\",\"@id\":\"https:\\\/\\\/www.sj-gauge.com\\\/product\\\/diff-uslp\\\/#primaryimage\",\"url\":\"https:\\\/\\\/www.sj-gauge.com\\\/wp-content\\\/uploads\\\/2025\\\/11\\\/SJ-Gauge-pressure-gauge-metal-plastic-stub-pipe-1.jpg\",\"contentUrl\":\"https:\\\/\\\/www.sj-gauge.com\\\/wp-content\\\/uploads\\\/2025\\\/11\\\/SJ-Gauge-pressure-gauge-metal-plastic-stub-pipe-1.jpg\",\"width\":1200,\"height\":1000},{\"@type\":\"BreadcrumbList\",\"@id\":\"https:\\\/\\\/www.sj-gauge.com\\\/product\\\/diff-uslp\\\/#breadcrumb\",\"itemListElement\":[{\"@type\":\"ListItem\",\"position\":1,\"name\":\"Home\",\"item\":\"https:\\\/\\\/www.sj-gauge.com\\\/\"},{\"@type\":\"ListItem\",\"position\":2,\"name\":\"Products\",\"item\":\"https:\\\/\\\/www.sj-gauge.com\\\/products\\\/\"},{\"@type\":\"ListItem\",\"position\":3,\"name\":\"Flanged Connection with Stub Pipe, Upper Metal, Lower Plastic\"}]},{\"@type\":\"WebSite\",\"@id\":\"https:\\\/\\\/www.sj-gauge.com\\\/#website\",\"url\":\"https:\\\/\\\/www.sj-gauge.com\\\/\",\"name\":\"SJ Gauge | Pressure Gauges, Thermometers &amp; Pressure Sensors\",\"description\":\"Manufacturer of industrial pressure gauges, pressure sensors, and transmitters. SJ Gauge provides high accuracy, durable materials, and custom solutions for oil &amp; gas, chemical, and industrial applications.\",\"publisher\":{\"@id\":\"https:\\\/\\\/www.sj-gauge.com\\\/#organization\"},\"potentialAction\":[{\"@type\":\"SearchAction\",\"target\":{\"@type\":\"EntryPoint\",\"urlTemplate\":\"https:\\\/\\\/www.sj-gauge.com\\\/?s={search_term_string}\"},\"query-input\":{\"@type\":\"PropertyValueSpecification\",\"valueRequired\":true,\"valueName\":\"search_term_string\"}}],\"inLanguage\":\"vi\"},{\"@type\":\"Organization\",\"@id\":\"https:\\\/\\\/www.sj-gauge.com\\\/#organization\",\"name\":\"SJ Gauge | Pressure Gauges, Thermometers &amp; Pressure Sensors\",\"url\":\"https:\\\/\\\/www.sj-gauge.com\\\/\",\"logo\":{\"@type\":\"ImageObject\",\"inLanguage\":\"vi\",\"@id\":\"https:\\\/\\\/www.sj-gauge.com\\\/#\\\/schema\\\/logo\\\/image\\\/\",\"url\":\"https:\\\/\\\/www.sj-gauge.com\\\/wp-content\\\/uploads\\\/2025\\\/09\\\/logo.webp\",\"contentUrl\":\"https:\\\/\\\/www.sj-gauge.com\\\/wp-content\\\/uploads\\\/2025\\\/09\\\/logo.webp\",\"width\":348,\"height\":184,\"caption\":\"SJ Gauge | Pressure Gauges, Thermometers &amp; Pressure Sensors\"},\"image\":{\"@id\":\"https:\\\/\\\/www.sj-gauge.com\\\/#\\\/schema\\\/logo\\\/image\\\/\"}}]}<\/script>\n<!-- \/ Yoast SEO Premium plugin. -->","yoast_head_json":{"title":"Ph\u1edbt m\u00e0ng ch\u1ed1ng \u0103n m\u00f2n\uff5cPh\u1ea7n tr\u00ean b\u1eb1ng kim lo\u1ea1i &amp; ph\u1ea7n d\u01b0\u1edbi b\u1eb1ng nh\u1ef1a\uff5cSJ Gauge","description":"Ph\u1ee5 ki\u1ec7n c\u00e1ch ly m\u00e0ng DIF-USLP c\u00f3 ph\u1ea7n th\u00e2n tr\u00ean b\u1eb1ng kim lo\u1ea1i v\u00e0 khoang d\u01b0\u1edbi b\u1eb1ng nh\u1ef1a, r\u1ea5t ph\u00f9 h\u1ee3p cho c\u00e1c dung d\u1ecbch axit ho\u1eb7c ki\u1ec1m trong c\u00e1c quy tr\u00ecnh m\u1ea1 \u0111i\u1ec7n v\u00e0 x\u1eed l\u00fd h\u00f3a ch\u1ea5t. Tu\u00e2n th\u1ee7 c\u00e1c ti\u00eau chu\u1ea9n ANSI\/JIS\/DIN, s\u1ea3n ph\u1ea9m n\u00e0y mang l\u1ea1i kh\u1ea3 n\u0103ng ch\u1ed1ng \u0103n m\u00f2n v\u01b0\u1ee3t tr\u1ed9i trong x\u1eed l\u00fd n\u01b0\u1edbc th\u1ea3i","robots":{"index":"index","follow":"follow","max-snippet":"max-snippet:-1","max-image-preview":"max-image-preview:large","max-video-preview":"max-video-preview:-1"},"canonical":"https:\/\/www.sj-gauge.com\/vi\/san-pham\/diff-uslp\/","og_locale":"vi_VN","og_type":"article","og_title":"Flanged Connection with Stub Pipe, Upper Metal, Lower Plastic","og_description":"DIF-USLP diaphragm seal features a metal upper body with a plastic lower chamber, ideal for acidic or alkaline solutions in electroplating and chemical processing. Supporting ANSI\/JIS\/DIN standards, it offers excellent corrosion resistance for wastewater treatment","og_url":"https:\/\/www.sj-gauge.com\/vi\/san-pham\/diff-uslp\/","og_site_name":"SJ Gauge | Pressure Gauges, Thermometers &amp; Pressure Sensors","article_modified_time":"2026-03-29T08:35:24+00:00","og_image":[{"width":1200,"height":1000,"url":"https:\/\/www.sj-gauge.com\/wp-content\/uploads\/2025\/11\/SJ-Gauge-pressure-gauge-metal-plastic-stub-pipe-1.jpg","type":"image\/jpeg"}],"twitter_card":"summary_large_image","twitter_misc":{"\u01af\u1edbc t\u00ednh th\u1eddi gian \u0111\u1ecdc":"1 ph\u00fat"},"schema":{"@context":"https:\/\/schema.org","@graph":[{"@type":"WebPage","@id":"https:\/\/www.sj-gauge.com\/product\/diff-uslp\/","url":"https:\/\/www.sj-gauge.com\/product\/diff-uslp\/","name":"Ph\u1edbt m\u00e0ng ch\u1ed1ng \u0103n m\u00f2n\uff5cPh\u1ea7n tr\u00ean b\u1eb1ng kim lo\u1ea1i &amp; ph\u1ea7n d\u01b0\u1edbi b\u1eb1ng nh\u1ef1a\uff5cSJ Gauge","isPartOf":{"@id":"https:\/\/www.sj-gauge.com\/#website"},"primaryImageOfPage":{"@id":"https:\/\/www.sj-gauge.com\/product\/diff-uslp\/#primaryimage"},"image":{"@id":"https:\/\/www.sj-gauge.com\/product\/diff-uslp\/#primaryimage"},"thumbnailUrl":"https:\/\/www.sj-gauge.com\/wp-content\/uploads\/2025\/11\/SJ-Gauge-pressure-gauge-metal-plastic-stub-pipe-1.jpg","datePublished":"2025-11-20T03:48:23+00:00","dateModified":"2026-03-29T08:35:24+00:00","description":"Ph\u1ee5 ki\u1ec7n c\u00e1ch ly m\u00e0ng DIF-USLP c\u00f3 ph\u1ea7n th\u00e2n tr\u00ean b\u1eb1ng kim lo\u1ea1i v\u00e0 khoang d\u01b0\u1edbi b\u1eb1ng nh\u1ef1a, r\u1ea5t ph\u00f9 h\u1ee3p cho c\u00e1c dung d\u1ecbch axit ho\u1eb7c ki\u1ec1m trong c\u00e1c quy tr\u00ecnh m\u1ea1 \u0111i\u1ec7n v\u00e0 x\u1eed l\u00fd h\u00f3a ch\u1ea5t. Tu\u00e2n th\u1ee7 c\u00e1c ti\u00eau chu\u1ea9n ANSI\/JIS\/DIN, s\u1ea3n ph\u1ea9m n\u00e0y mang l\u1ea1i kh\u1ea3 n\u0103ng ch\u1ed1ng \u0103n m\u00f2n v\u01b0\u1ee3t tr\u1ed9i trong x\u1eed l\u00fd n\u01b0\u1edbc th\u1ea3i","breadcrumb":{"@id":"https:\/\/www.sj-gauge.com\/product\/diff-uslp\/#breadcrumb"},"inLanguage":"vi","potentialAction":[{"@type":"ReadAction","target":["https:\/\/www.sj-gauge.com\/product\/diff-uslp\/"]}]},{"@type":"ImageObject","inLanguage":"vi","@id":"https:\/\/www.sj-gauge.com\/product\/diff-uslp\/#primaryimage","url":"https:\/\/www.sj-gauge.com\/wp-content\/uploads\/2025\/11\/SJ-Gauge-pressure-gauge-metal-plastic-stub-pipe-1.jpg","contentUrl":"https:\/\/www.sj-gauge.com\/wp-content\/uploads\/2025\/11\/SJ-Gauge-pressure-gauge-metal-plastic-stub-pipe-1.jpg","width":1200,"height":1000},{"@type":"BreadcrumbList","@id":"https:\/\/www.sj-gauge.com\/product\/diff-uslp\/#breadcrumb","itemListElement":[{"@type":"ListItem","position":1,"name":"Home","item":"https:\/\/www.sj-gauge.com\/"},{"@type":"ListItem","position":2,"name":"Products","item":"https:\/\/www.sj-gauge.com\/products\/"},{"@type":"ListItem","position":3,"name":"Flanged Connection with Stub Pipe, Upper Metal, Lower Plastic"}]},{"@type":"WebSite","@id":"https:\/\/www.sj-gauge.com\/#website","url":"https:\/\/www.sj-gauge.com\/","name":"SJ Gauge | \u0110\u1ed3ng h\u1ed3 \u0111o \u00e1p su\u1ea5t, nhi\u1ec7t k\u1ebf v\u00e0 c\u1ea3m bi\u1ebfn \u00e1p su\u1ea5t","description":"Nh\u00e0 s\u1ea3n xu\u1ea5t \u0111\u1ed3ng h\u1ed3 \u0111o \u00e1p su\u1ea5t c\u00f4ng nghi\u1ec7p, c\u1ea3m bi\u1ebfn \u00e1p su\u1ea5t v\u00e0 b\u1ed9 truy\u1ec1n t\u00edn hi\u1ec7u. SJ Gauge cung c\u1ea5p c\u00e1c s\u1ea3n ph\u1ea9m c\u00f3 \u0111\u1ed9 ch\u00ednh x\u00e1c cao, \u0111\u01b0\u1ee3c ch\u1ebf t\u1ea1o t\u1eeb v\u1eadt li\u1ec7u b\u1ec1n b\u1ec9 v\u00e0 c\u00e1c gi\u1ea3i ph\u00e1p t\u00f9y ch\u1ec9nh d\u00e0nh cho c\u00e1c \u1ee9ng d\u1ee5ng trong ng\u00e0nh d\u1ea7u kh\u00ed, h\u00f3a ch\u1ea5t v\u00e0 c\u00f4ng nghi\u1ec7p.","publisher":{"@id":"https:\/\/www.sj-gauge.com\/#organization"},"potentialAction":[{"@type":"SearchAction","target":{"@type":"EntryPoint","urlTemplate":"https:\/\/www.sj-gauge.com\/?s={search_term_string}"},"query-input":{"@type":"PropertyValueSpecification","valueRequired":true,"valueName":"search_term_string"}}],"inLanguage":"vi"},{"@type":"Organization","@id":"https:\/\/www.sj-gauge.com\/#organization","name":"SJ Gauge | \u0110\u1ed3ng h\u1ed3 \u0111o \u00e1p su\u1ea5t, nhi\u1ec7t k\u1ebf v\u00e0 c\u1ea3m bi\u1ebfn \u00e1p su\u1ea5t","url":"https:\/\/www.sj-gauge.com\/","logo":{"@type":"ImageObject","inLanguage":"vi","@id":"https:\/\/www.sj-gauge.com\/#\/schema\/logo\/image\/","url":"https:\/\/www.sj-gauge.com\/wp-content\/uploads\/2025\/09\/logo.webp","contentUrl":"https:\/\/www.sj-gauge.com\/wp-content\/uploads\/2025\/09\/logo.webp","width":348,"height":184,"caption":"SJ Gauge | Pressure Gauges, Thermometers &amp; Pressure Sensors"},"image":{"@id":"https:\/\/www.sj-gauge.com\/#\/schema\/logo\/image\/"}}]}},"_links":{"self":[{"href":"https:\/\/www.sj-gauge.com\/vi\/wp-json\/wp\/v2\/product\/2004","targetHints":{"allow":["GET"]}}],"collection":[{"href":"https:\/\/www.sj-gauge.com\/vi\/wp-json\/wp\/v2\/product"}],"about":[{"href":"https:\/\/www.sj-gauge.com\/vi\/wp-json\/wp\/v2\/types\/product"}],"wp:featuredmedia":[{"embeddable":true,"href":"https:\/\/www.sj-gauge.com\/vi\/wp-json\/wp\/v2\/media\/2007"}],"wp:attachment":[{"href":"https:\/\/www.sj-gauge.com\/vi\/wp-json\/wp\/v2\/media?parent=2004"}],"wp:term":[{"taxonomy":"product_brand","embeddable":true,"href":"https:\/\/www.sj-gauge.com\/vi\/wp-json\/wp\/v2\/product_brand?post=2004"},{"taxonomy":"product_cat","embeddable":true,"href":"https:\/\/www.sj-gauge.com\/vi\/wp-json\/wp\/v2\/product_cat?post=2004"},{"taxonomy":"product_tag","embeddable":true,"href":"https:\/\/www.sj-gauge.com\/vi\/wp-json\/wp\/v2\/product_tag?post=2004"}],"curies":[{"name":"wp","href":"https:\/\/api.w.org\/{rel}","templated":true}]}}