{"id":2008,"date":"2025-11-20T12:00:35","date_gmt":"2025-11-20T04:00:35","guid":{"rendered":"https:\/\/sj-gauge.com\/?post_type=product&#038;p=2008"},"modified":"2026-04-29T23:48:56","modified_gmt":"2026-04-29T15:48:56","slug":"diho","status":"publish","type":"product","link":"https:\/\/www.sj-gauge.com\/vi\/san-pham\/diho\/","title":{"rendered":"Ph\u1edbt m\u00e0ng cho m\u00e1y \u0111\u1ed3ng nh\u1ea5t h\u00f3a"},"content":{"rendered":"<p>Ph\u1edbt m\u00e0ng DIHO cho m\u00e1y \u0111\u1ed3ng nh\u1ea5t \u0111\u01b0\u1ee3c thi\u1ebft k\u1ebf \u0111\u1ec3 ng\u0103n ch\u1eb7n c\u00e1c ch\u1ea5t l\u1ecfng \u0103n m\u00f2n ho\u1eb7c g\u00e2y \u00f4 nhi\u1ec5m x\u00e2m nh\u1eadp v\u00e0o \u0111\u1ed3ng h\u1ed3 \u00e1p su\u1ea5t, \u0111\u1ea3m b\u1ea3o \u0111\u1ed9 tin c\u1eady l\u00e2u d\u00e0i c\u1ee7a ph\u00e9p \u0111o v\u00e0 b\u1ea3o v\u1ec7 thi\u1ebft b\u1ecb. S\u1ea3n ph\u1ea9m c\u00f3 s\u1eb5n trong hai lo\u1ea1i: homogenizer v\u00e0 fishtail, t\u01b0\u01a1ng th\u00edch v\u1edbi c\u00e1c k\u1ebft n\u1ed1i thi\u1ebft b\u1ecb ti\u00eau chu\u1ea9n v\u00e0 h\u1ed7 tr\u1ee3 d\u1ea3i \u00e1p su\u1ea5t l\u00ean \u0111\u1ebfn 1000 bar. \u0110\u01b0\u1ee3c ch\u1ebf t\u1ea1o t\u1eeb th\u00e9p kh\u00f4ng g\u1ec9 304\/316\/316L v\u00e0 m\u00e0ng 316L, DIHO \u0111\u01b0\u1ee3c s\u1eed d\u1ee5ng r\u1ed9ng r\u00e3i trong c\u00e1c \u1ee9ng d\u1ee5ng v\u1ec7 sinh nh\u01b0 s\u1ea3n xu\u1ea5t m\u1ef9 ph\u1ea9m, ch\u1ebf bi\u1ebfn s\u1eefa, s\u1ea3n xu\u1ea5t th\u1ef1c ph\u1ea9m v\u00e0 ng\u00e0nh d\u01b0\u1ee3c ph\u1ea9m. V\u1edbi d\u1ea3i nhi\u1ec7t \u0111\u1ed9 ho\u1ea1t \u0111\u1ed9ng r\u1ed9ng t\u1eeb -35\u00b0C \u0111\u1ebfn 260\u00b0C v\u00e0 c\u00e1c t\u00f9y ch\u1ecdn flange l\u1eafp \u0111\u1eb7t ho\u1eb7c flange k\u00edn, n\u00f3 cung c\u1ea5p gi\u1ea3i ph\u00e1p \u0111o \u00e1p su\u1ea5t \u1ed5n \u0111\u1ecbnh, b\u1ec1n b\u1ec9 v\u00e0 v\u1ec7 sinh cho c\u00e1c h\u1ec7 th\u1ed1ng homogenizer c\u00f3 y\u00eau c\u1ea7u cao.<\/p>","protected":false},"excerpt":{"rendered":"<ul>\n<li>C\u00f3 s\u1eb5n v\u1edbi c\u00e1c k\u1ebft n\u1ed1i qu\u00e1 tr\u00ecnh trong c\u00e1c thi\u1ebft k\u1ebf kh\u00e1c nhau, ph\u00f9 h\u1ee3p v\u1edbi t\u1ea5t c\u1ea3 c\u00e1c \u0111i\u1ec3m \u0111o th\u00f4ng d\u1ee5ng.<\/li>\n<li>\u0110\u01b0\u1ee3c thi\u1ebft k\u1ebf \u0111\u1ec3 ng\u0103n ch\u1eb7n ch\u1ea5t l\u1ecfng c\u00f3 t\u00ednh \u0103n m\u00f2n ho\u1eb7c g\u00e2y \u00f4 nhi\u1ec5m x\u00e2m nh\u1eadp v\u00e0o \u0111\u1ed3ng h\u1ed3 \u00e1p su\u1ea5t th\u00f4ng th\u01b0\u1eddng.<\/li>\n<li>\u0110\u01b0\u1ee3c s\u1eed d\u1ee5ng r\u1ed9ng r\u00e3i tr\u00ean c\u00e1c m\u00e1y \u0111\u1ed3ng nh\u1ea5t h\u00f3a, ch\u1eb3ng h\u1ea1n nh\u01b0 nh\u1eefng m\u00e1y \u0111\u01b0\u1ee3c s\u1eed d\u1ee5ng trong c\u00e1c \u1ee9ng d\u1ee5ng v\u1ec7 sinh, s\u1ea3n xu\u1ea5t m\u1ef9 ph\u1ea9m v\u00e0 kem, ng\u00e0nh s\u1eefa, v\u00e0 ng\u00e0nh d\u01b0\u1ee3c ph\u1ea9m.<\/li>\n<\/ul>","protected":false},"featured_media":2011,"template":"","meta":{"_acf_changed":false},"product_brand":[40],"product_cat":[21,41],"product_tag":[],"class_list":{"0":"post-2008","1":"product","2":"type-product","3":"status-publish","4":"has-post-thumbnail","6":"product_brand-sj-gauge","7":"product_cat-diaphragm-seal","8":"product_cat-pressure-instruments","10":"first","11":"instock","12":"shipping-taxable","13":"product-type-simple"},"acf":[],"yoast_head":"<!-- This site is optimized with the Yoast SEO Premium plugin v26.7 (Yoast SEO v27.4) - https:\/\/yoast.com\/product\/yoast-seo-premium-wordpress\/ -->\n<title>Diaphragm Seal for Homogenizer Machine\uff5cUp to 1000 bar\uff5cSJ Gauge<\/title>\n<meta name=\"description\" content=\"DIHO diaphragm seal for homogenizer machines ensures long-term measurement reliability. Supporting pressures up to 1000 bar and temperatures from -35\u00b0C to 260\u00b0C, it is ideal for sanitary applications like cosmetics, dairy, and pharmaceuticals\" \/>\n<meta name=\"robots\" content=\"index, follow, max-snippet:-1, max-image-preview:large, max-video-preview:-1\" \/>\n<link rel=\"canonical\" href=\"https:\/\/www.sj-gauge.com\/vi\/san-pham\/diho\/\" \/>\n<meta property=\"og:locale\" content=\"vi_VN\" \/>\n<meta property=\"og:type\" content=\"article\" \/>\n<meta property=\"og:title\" content=\"Diaphragm Seal for Homogenizer Machine\" \/>\n<meta property=\"og:description\" content=\"DIHO diaphragm seal for homogenizer machines ensures long-term measurement reliability. Supporting pressures up to 1000 bar and temperatures from -35\u00b0C to 260\u00b0C, it is ideal for sanitary applications like cosmetics, dairy, and pharmaceuticals\" \/>\n<meta property=\"og:url\" content=\"https:\/\/www.sj-gauge.com\/vi\/san-pham\/diho\/\" \/>\n<meta property=\"og:site_name\" content=\"SJ Gauge | Pressure Gauges, Thermometers &amp; Pressure Sensors\" \/>\n<meta property=\"article:modified_time\" content=\"2026-04-29T15:48:56+00:00\" \/>\n<meta property=\"og:image\" content=\"https:\/\/www.sj-gauge.com\/wp-content\/uploads\/2025\/11\/SJ-Gauge-diaphragm-seal-homogenizer-machine.jpg\" \/>\n\t<meta property=\"og:image:width\" content=\"1200\" \/>\n\t<meta property=\"og:image:height\" content=\"1000\" \/>\n\t<meta property=\"og:image:type\" content=\"image\/jpeg\" \/>\n<meta name=\"twitter:card\" content=\"summary_large_image\" \/>\n<meta name=\"twitter:label1\" content=\"\u01af\u1edbc t\u00ednh th\u1eddi gian \u0111\u1ecdc\" \/>\n\t<meta name=\"twitter:data1\" content=\"1 ph\u00fat\" \/>\n<script type=\"application\/ld+json\" class=\"yoast-schema-graph\">{\"@context\":\"https:\\\/\\\/schema.org\",\"@graph\":[{\"@type\":\"WebPage\",\"@id\":\"https:\\\/\\\/www.sj-gauge.com\\\/product\\\/diho\\\/\",\"url\":\"https:\\\/\\\/www.sj-gauge.com\\\/product\\\/diho\\\/\",\"name\":\"Diaphragm Seal for Homogenizer Machine\uff5cUp to 1000 bar\uff5cSJ Gauge\",\"isPartOf\":{\"@id\":\"https:\\\/\\\/www.sj-gauge.com\\\/#website\"},\"primaryImageOfPage\":{\"@id\":\"https:\\\/\\\/www.sj-gauge.com\\\/product\\\/diho\\\/#primaryimage\"},\"image\":{\"@id\":\"https:\\\/\\\/www.sj-gauge.com\\\/product\\\/diho\\\/#primaryimage\"},\"thumbnailUrl\":\"https:\\\/\\\/www.sj-gauge.com\\\/wp-content\\\/uploads\\\/2025\\\/11\\\/SJ-Gauge-diaphragm-seal-homogenizer-machine.jpg\",\"datePublished\":\"2025-11-20T04:00:35+00:00\",\"dateModified\":\"2026-04-29T15:48:56+00:00\",\"description\":\"DIHO diaphragm seal for homogenizer machines ensures long-term measurement reliability. Supporting pressures up to 1000 bar and temperatures from -35\u00b0C to 260\u00b0C, it is ideal for sanitary applications like cosmetics, dairy, and pharmaceuticals\",\"breadcrumb\":{\"@id\":\"https:\\\/\\\/www.sj-gauge.com\\\/product\\\/diho\\\/#breadcrumb\"},\"inLanguage\":\"vi\",\"potentialAction\":[{\"@type\":\"ReadAction\",\"target\":[\"https:\\\/\\\/www.sj-gauge.com\\\/product\\\/diho\\\/\"]}]},{\"@type\":\"ImageObject\",\"inLanguage\":\"vi\",\"@id\":\"https:\\\/\\\/www.sj-gauge.com\\\/product\\\/diho\\\/#primaryimage\",\"url\":\"https:\\\/\\\/www.sj-gauge.com\\\/wp-content\\\/uploads\\\/2025\\\/11\\\/SJ-Gauge-diaphragm-seal-homogenizer-machine.jpg\",\"contentUrl\":\"https:\\\/\\\/www.sj-gauge.com\\\/wp-content\\\/uploads\\\/2025\\\/11\\\/SJ-Gauge-diaphragm-seal-homogenizer-machine.jpg\",\"width\":1200,\"height\":1000},{\"@type\":\"BreadcrumbList\",\"@id\":\"https:\\\/\\\/www.sj-gauge.com\\\/product\\\/diho\\\/#breadcrumb\",\"itemListElement\":[{\"@type\":\"ListItem\",\"position\":1,\"name\":\"Home\",\"item\":\"https:\\\/\\\/www.sj-gauge.com\\\/\"},{\"@type\":\"ListItem\",\"position\":2,\"name\":\"Products\",\"item\":\"https:\\\/\\\/www.sj-gauge.com\\\/products\\\/\"},{\"@type\":\"ListItem\",\"position\":3,\"name\":\"Diaphragm Seal for Homogenizer Machine\"}]},{\"@type\":\"WebSite\",\"@id\":\"https:\\\/\\\/www.sj-gauge.com\\\/#website\",\"url\":\"https:\\\/\\\/www.sj-gauge.com\\\/\",\"name\":\"SJ Gauge | Pressure Gauges, Thermometers &amp; Pressure Sensors\",\"description\":\"Manufacturer of industrial pressure gauges, pressure sensors, and transmitters. SJ Gauge provides high accuracy, durable materials, and custom solutions for oil &amp; gas, chemical, and industrial applications.\",\"publisher\":{\"@id\":\"https:\\\/\\\/www.sj-gauge.com\\\/#organization\"},\"potentialAction\":[{\"@type\":\"SearchAction\",\"target\":{\"@type\":\"EntryPoint\",\"urlTemplate\":\"https:\\\/\\\/www.sj-gauge.com\\\/?s={search_term_string}\"},\"query-input\":{\"@type\":\"PropertyValueSpecification\",\"valueRequired\":true,\"valueName\":\"search_term_string\"}}],\"inLanguage\":\"vi\"},{\"@type\":\"Organization\",\"@id\":\"https:\\\/\\\/www.sj-gauge.com\\\/#organization\",\"name\":\"SJ Gauge | Pressure Gauges, Thermometers &amp; Pressure Sensors\",\"url\":\"https:\\\/\\\/www.sj-gauge.com\\\/\",\"logo\":{\"@type\":\"ImageObject\",\"inLanguage\":\"vi\",\"@id\":\"https:\\\/\\\/www.sj-gauge.com\\\/#\\\/schema\\\/logo\\\/image\\\/\",\"url\":\"https:\\\/\\\/www.sj-gauge.com\\\/wp-content\\\/uploads\\\/2025\\\/09\\\/logo.webp\",\"contentUrl\":\"https:\\\/\\\/www.sj-gauge.com\\\/wp-content\\\/uploads\\\/2025\\\/09\\\/logo.webp\",\"width\":348,\"height\":184,\"caption\":\"SJ Gauge | Pressure Gauges, Thermometers &amp; Pressure Sensors\"},\"image\":{\"@id\":\"https:\\\/\\\/www.sj-gauge.com\\\/#\\\/schema\\\/logo\\\/image\\\/\"}}]}<\/script>\n<!-- \/ Yoast SEO Premium plugin. -->","yoast_head_json":{"title":"Ph\u1edbt m\u00e0ng cho m\u00e1y \u0111\u1ed3ng nh\u1ea5t h\u00f3a\uff5cL\u00ean \u0111\u1ebfn 1000 bar\uff5cSJ Gauge","description":"Ph\u1edbt m\u00e0ng DIHO d\u00e0nh cho m\u00e1y \u0111\u1ed3ng nh\u1ea5t h\u00f3a \u0111\u1ea3m b\u1ea3o \u0111\u1ed9 tin c\u1eady l\u00e2u d\u00e0i trong qu\u00e1 tr\u00ecnh \u0111o l\u01b0\u1eddng. V\u1edbi kh\u1ea3 n\u0103ng ch\u1ecbu \u00e1p su\u1ea5t l\u00ean \u0111\u1ebfn 1000 bar v\u00e0 nhi\u1ec7t \u0111\u1ed9 t\u1eeb -35\u00b0C \u0111\u1ebfn 260\u00b0C, s\u1ea3n ph\u1ea9m n\u00e0y l\u00e0 l\u1ef1a ch\u1ecdn l\u00fd t\u01b0\u1edfng cho c\u00e1c \u1ee9ng d\u1ee5ng trong ng\u00e0nh c\u00f4ng nghi\u1ec7p th\u1ef1c ph\u1ea9m v\u00e0 d\u01b0\u1ee3c ph\u1ea9m, nh\u01b0 m\u1ef9 ph\u1ea9m, s\u1eefa v\u00e0 d\u01b0\u1ee3c ph\u1ea9m.","robots":{"index":"index","follow":"follow","max-snippet":"max-snippet:-1","max-image-preview":"max-image-preview:large","max-video-preview":"max-video-preview:-1"},"canonical":"https:\/\/www.sj-gauge.com\/vi\/san-pham\/diho\/","og_locale":"vi_VN","og_type":"article","og_title":"Diaphragm Seal for Homogenizer Machine","og_description":"DIHO diaphragm seal for homogenizer machines ensures long-term measurement reliability. Supporting pressures up to 1000 bar and temperatures from -35\u00b0C to 260\u00b0C, it is ideal for sanitary applications like cosmetics, dairy, and pharmaceuticals","og_url":"https:\/\/www.sj-gauge.com\/vi\/san-pham\/diho\/","og_site_name":"SJ Gauge | Pressure Gauges, Thermometers &amp; Pressure Sensors","article_modified_time":"2026-04-29T15:48:56+00:00","og_image":[{"width":1200,"height":1000,"url":"https:\/\/www.sj-gauge.com\/wp-content\/uploads\/2025\/11\/SJ-Gauge-diaphragm-seal-homogenizer-machine.jpg","type":"image\/jpeg"}],"twitter_card":"summary_large_image","twitter_misc":{"\u01af\u1edbc t\u00ednh th\u1eddi gian \u0111\u1ecdc":"1 ph\u00fat"},"schema":{"@context":"https:\/\/schema.org","@graph":[{"@type":"WebPage","@id":"https:\/\/www.sj-gauge.com\/product\/diho\/","url":"https:\/\/www.sj-gauge.com\/product\/diho\/","name":"Ph\u1edbt m\u00e0ng cho m\u00e1y \u0111\u1ed3ng nh\u1ea5t h\u00f3a\uff5cL\u00ean \u0111\u1ebfn 1000 bar\uff5cSJ Gauge","isPartOf":{"@id":"https:\/\/www.sj-gauge.com\/#website"},"primaryImageOfPage":{"@id":"https:\/\/www.sj-gauge.com\/product\/diho\/#primaryimage"},"image":{"@id":"https:\/\/www.sj-gauge.com\/product\/diho\/#primaryimage"},"thumbnailUrl":"https:\/\/www.sj-gauge.com\/wp-content\/uploads\/2025\/11\/SJ-Gauge-diaphragm-seal-homogenizer-machine.jpg","datePublished":"2025-11-20T04:00:35+00:00","dateModified":"2026-04-29T15:48:56+00:00","description":"Ph\u1edbt m\u00e0ng DIHO d\u00e0nh cho m\u00e1y \u0111\u1ed3ng nh\u1ea5t h\u00f3a \u0111\u1ea3m b\u1ea3o \u0111\u1ed9 tin c\u1eady l\u00e2u d\u00e0i trong qu\u00e1 tr\u00ecnh \u0111o l\u01b0\u1eddng. V\u1edbi kh\u1ea3 n\u0103ng ch\u1ecbu \u00e1p su\u1ea5t l\u00ean \u0111\u1ebfn 1000 bar v\u00e0 nhi\u1ec7t \u0111\u1ed9 t\u1eeb -35\u00b0C \u0111\u1ebfn 260\u00b0C, s\u1ea3n ph\u1ea9m n\u00e0y l\u00e0 l\u1ef1a ch\u1ecdn l\u00fd t\u01b0\u1edfng cho c\u00e1c \u1ee9ng d\u1ee5ng trong ng\u00e0nh c\u00f4ng nghi\u1ec7p th\u1ef1c ph\u1ea9m v\u00e0 d\u01b0\u1ee3c ph\u1ea9m, nh\u01b0 m\u1ef9 ph\u1ea9m, s\u1eefa v\u00e0 d\u01b0\u1ee3c ph\u1ea9m.","breadcrumb":{"@id":"https:\/\/www.sj-gauge.com\/product\/diho\/#breadcrumb"},"inLanguage":"vi","potentialAction":[{"@type":"ReadAction","target":["https:\/\/www.sj-gauge.com\/product\/diho\/"]}]},{"@type":"ImageObject","inLanguage":"vi","@id":"https:\/\/www.sj-gauge.com\/product\/diho\/#primaryimage","url":"https:\/\/www.sj-gauge.com\/wp-content\/uploads\/2025\/11\/SJ-Gauge-diaphragm-seal-homogenizer-machine.jpg","contentUrl":"https:\/\/www.sj-gauge.com\/wp-content\/uploads\/2025\/11\/SJ-Gauge-diaphragm-seal-homogenizer-machine.jpg","width":1200,"height":1000},{"@type":"BreadcrumbList","@id":"https:\/\/www.sj-gauge.com\/product\/diho\/#breadcrumb","itemListElement":[{"@type":"ListItem","position":1,"name":"Home","item":"https:\/\/www.sj-gauge.com\/"},{"@type":"ListItem","position":2,"name":"Products","item":"https:\/\/www.sj-gauge.com\/products\/"},{"@type":"ListItem","position":3,"name":"Diaphragm Seal for Homogenizer Machine"}]},{"@type":"WebSite","@id":"https:\/\/www.sj-gauge.com\/#website","url":"https:\/\/www.sj-gauge.com\/","name":"SJ Gauge | \u0110\u1ed3ng h\u1ed3 \u0111o \u00e1p su\u1ea5t, nhi\u1ec7t k\u1ebf v\u00e0 c\u1ea3m bi\u1ebfn \u00e1p su\u1ea5t","description":"Nh\u00e0 s\u1ea3n xu\u1ea5t \u0111\u1ed3ng h\u1ed3 \u0111o \u00e1p su\u1ea5t c\u00f4ng nghi\u1ec7p, c\u1ea3m bi\u1ebfn \u00e1p su\u1ea5t v\u00e0 b\u1ed9 truy\u1ec1n t\u00edn hi\u1ec7u. SJ Gauge cung c\u1ea5p c\u00e1c s\u1ea3n ph\u1ea9m c\u00f3 \u0111\u1ed9 ch\u00ednh x\u00e1c cao, \u0111\u01b0\u1ee3c ch\u1ebf t\u1ea1o t\u1eeb v\u1eadt li\u1ec7u b\u1ec1n b\u1ec9 v\u00e0 c\u00e1c gi\u1ea3i ph\u00e1p t\u00f9y ch\u1ec9nh d\u00e0nh cho c\u00e1c \u1ee9ng d\u1ee5ng trong ng\u00e0nh d\u1ea7u kh\u00ed, h\u00f3a ch\u1ea5t v\u00e0 c\u00f4ng nghi\u1ec7p.","publisher":{"@id":"https:\/\/www.sj-gauge.com\/#organization"},"potentialAction":[{"@type":"SearchAction","target":{"@type":"EntryPoint","urlTemplate":"https:\/\/www.sj-gauge.com\/?s={search_term_string}"},"query-input":{"@type":"PropertyValueSpecification","valueRequired":true,"valueName":"search_term_string"}}],"inLanguage":"vi"},{"@type":"Organization","@id":"https:\/\/www.sj-gauge.com\/#organization","name":"SJ Gauge | \u0110\u1ed3ng h\u1ed3 \u0111o \u00e1p su\u1ea5t, nhi\u1ec7t k\u1ebf v\u00e0 c\u1ea3m bi\u1ebfn \u00e1p su\u1ea5t","url":"https:\/\/www.sj-gauge.com\/","logo":{"@type":"ImageObject","inLanguage":"vi","@id":"https:\/\/www.sj-gauge.com\/#\/schema\/logo\/image\/","url":"https:\/\/www.sj-gauge.com\/wp-content\/uploads\/2025\/09\/logo.webp","contentUrl":"https:\/\/www.sj-gauge.com\/wp-content\/uploads\/2025\/09\/logo.webp","width":348,"height":184,"caption":"SJ Gauge | Pressure Gauges, Thermometers &amp; Pressure Sensors"},"image":{"@id":"https:\/\/www.sj-gauge.com\/#\/schema\/logo\/image\/"}}]}},"_links":{"self":[{"href":"https:\/\/www.sj-gauge.com\/vi\/wp-json\/wp\/v2\/product\/2008","targetHints":{"allow":["GET"]}}],"collection":[{"href":"https:\/\/www.sj-gauge.com\/vi\/wp-json\/wp\/v2\/product"}],"about":[{"href":"https:\/\/www.sj-gauge.com\/vi\/wp-json\/wp\/v2\/types\/product"}],"wp:featuredmedia":[{"embeddable":true,"href":"https:\/\/www.sj-gauge.com\/vi\/wp-json\/wp\/v2\/media\/2011"}],"wp:attachment":[{"href":"https:\/\/www.sj-gauge.com\/vi\/wp-json\/wp\/v2\/media?parent=2008"}],"wp:term":[{"taxonomy":"product_brand","embeddable":true,"href":"https:\/\/www.sj-gauge.com\/vi\/wp-json\/wp\/v2\/product_brand?post=2008"},{"taxonomy":"product_cat","embeddable":true,"href":"https:\/\/www.sj-gauge.com\/vi\/wp-json\/wp\/v2\/product_cat?post=2008"},{"taxonomy":"product_tag","embeddable":true,"href":"https:\/\/www.sj-gauge.com\/vi\/wp-json\/wp\/v2\/product_tag?post=2008"}],"curies":[{"name":"wp","href":"https:\/\/api.w.org\/{rel}","templated":true}]}}