{"id":2012,"date":"2025-11-20T13:33:07","date_gmt":"2025-11-20T05:33:07","guid":{"rendered":"https:\/\/sj-gauge.com\/?post_type=product&#038;p=2012"},"modified":"2026-03-29T16:17:40","modified_gmt":"2026-03-29T08:17:40","slug":"dihi","status":"publish","type":"product","link":"https:\/\/www.sj-gauge.com\/vi\/san-pham\/dihi\/","title":{"rendered":"Ph\u1edbt m\u00e0ng cho qu\u00e1 tr\u00ecnh n\u1ea5u ch\u1ea3y \u1edf nhi\u1ec7t \u0111\u1ed9 cao"},"content":{"rendered":"<p>Van m\u00e0ng ch\u1ecbu nhi\u1ec7t cao DIHI \u0111\u01b0\u1ee3c thi\u1ebft k\u1ebf \u0111\u1ec3 \u0111o l\u01b0\u1eddng c\u00e1c ch\u1ea5t l\u1ecfng n\u00f3ng ch\u1ea3y v\u00e0 m\u00f4i tr\u01b0\u1eddng qu\u00e1 tr\u00ecnh nhi\u1ec7t \u0111\u1ed9 cao nh\u01b0 nh\u1ef1a, s\u1ee3i t\u1ed5ng h\u1ee3p v\u00e0 h\u00f3a ch\u1ea5t. V\u1edbi th\u00e2n van v\u00e0 m\u00e0ng l\u00e0m t\u1eeb th\u00e9p kh\u00f4ng g\u1ec9 316L, van n\u00e0y ch\u1ecbu \u0111\u01b0\u1ee3c nhi\u1ec7t \u0111\u1ed9 l\u00ean \u0111\u1ebfn 330\u00b0C \u0111\u1ed3ng th\u1eddi duy tr\u00ec truy\u1ec1n \u00e1p su\u1ea5t \u1ed5n \u0111\u1ecbnh v\u00e0 ch\u00ednh x\u00e1c. Van c\u00f3 s\u1eb5n v\u1edbi thi\u1ebft k\u1ebf tr\u1ee5c c\u1ee9ng ho\u1eb7c \u1ed1ng mao d\u1eabn k\u00e9o d\u00e0i, ph\u00f9 h\u1ee3p cho c\u00e1c \u1ee9ng d\u1ee5ng y\u00eau c\u1ea7u hi\u1ec3n th\u1ecb \u00e1p su\u1ea5t t\u1eeb xa. T\u01b0\u01a1ng th\u00edch v\u1edbi c\u1ea3 \u0111\u1ed3ng h\u1ed3 \u00e1p su\u1ea5t v\u00e0 b\u1ed9 truy\u1ec1n t\u00edn hi\u1ec7u, DIHI \u0111\u01b0\u1ee3c s\u1eed d\u1ee5ng r\u1ed9ng r\u00e3i trong \u00e9p nh\u1ef1a, x\u1eed l\u00fd h\u00f3a ch\u1ea5t v\u00e0 s\u1ea3n xu\u1ea5t s\u1ee3i - cung c\u1ea5p gi\u1ea3i ph\u00e1p \u0111\u00e1ng tin c\u1eady v\u00e0 b\u1ec1n b\u1ec9 cho \u0111o \u00e1p su\u1ea5t \u1edf nhi\u1ec7t \u0111\u1ed9 c\u1ef1c cao.<\/p>","protected":false},"excerpt":{"rendered":"<ul>\n<li>D\u00f9ng \u0111\u1ec3 \u0111o tr\u1ea1ng th\u00e1i n\u00f3ng ch\u1ea3y c\u1ee7a m\u00f4i tr\u01b0\u1eddng qu\u00e1 tr\u00ecnh.<\/li>\n<li>M\u1ed9t \u1ed1ng mao d\u1eabn c\u00f3 th\u1ec3 \u0111\u01b0\u1ee3c l\u1ef1a ch\u1ecdn, ph\u00f9 h\u1ee3p cho quan s\u00e1t t\u1eeb xa.<\/li>\n<li>\u0110\u01b0\u1ee3c s\u1eed d\u1ee5ng r\u1ed9ng r\u00e3i trong c\u00e1c ng\u00e0nh c\u00f4ng nghi\u1ec7p h\u00f3a ch\u1ea5t t\u1ed5ng h\u1ee3p, s\u1ee3i t\u1ed5ng h\u1ee3p v\u00e0 nh\u1ef1a.<\/li>\n<\/ul>","protected":false},"featured_media":2015,"template":"","meta":{"_acf_changed":false},"product_brand":[40],"product_cat":[21,41],"product_tag":[],"class_list":{"0":"post-2012","1":"product","2":"type-product","3":"status-publish","4":"has-post-thumbnail","6":"product_brand-sj-gauge","7":"product_cat-diaphragm-seal","8":"product_cat-pressure-instruments","10":"first","11":"instock","12":"shipping-taxable","13":"product-type-simple"},"acf":[],"yoast_head":"<!-- This site is optimized with the Yoast SEO Premium plugin v26.7 (Yoast SEO v27.4) - https:\/\/yoast.com\/product\/yoast-seo-premium-wordpress\/ -->\n<title>Diaphragm Seal for Molten State Process Media (DIHI)\uff5cSJ Gauge<\/title>\n<meta name=\"description\" content=\"DIHI offers a durable solution for extreme-temperature pressure measurement. Compatible with gauges and transmitters, it is widely used in plastic extrusion and fiber production. Features capillary options for flexible remote observation and stable performance\" \/>\n<meta name=\"robots\" content=\"index, follow, max-snippet:-1, max-image-preview:large, max-video-preview:-1\" \/>\n<link rel=\"canonical\" href=\"https:\/\/www.sj-gauge.com\/vi\/san-pham\/dihi\/\" \/>\n<meta property=\"og:locale\" content=\"vi_VN\" \/>\n<meta property=\"og:type\" content=\"article\" \/>\n<meta property=\"og:title\" content=\"Diaphragm Seal for Melting High Temperature\" \/>\n<meta property=\"og:description\" content=\"DIHI offers a durable solution for extreme-temperature pressure measurement. Compatible with gauges and transmitters, it is widely used in plastic extrusion and fiber production. Features capillary options for flexible remote observation and stable performance\" \/>\n<meta property=\"og:url\" content=\"https:\/\/www.sj-gauge.com\/vi\/san-pham\/dihi\/\" \/>\n<meta property=\"og:site_name\" content=\"SJ Gauge | Pressure Gauges, Thermometers &amp; Pressure Sensors\" \/>\n<meta property=\"article:modified_time\" content=\"2026-03-29T08:17:40+00:00\" \/>\n<meta property=\"og:image\" content=\"https:\/\/www.sj-gauge.com\/wp-content\/uploads\/2025\/11\/01_SJ-Gauge_Diaphragm_Seal_for_Melting_High_Temperature.jpg\" \/>\n\t<meta property=\"og:image:width\" content=\"458\" \/>\n\t<meta property=\"og:image:height\" content=\"386\" \/>\n\t<meta property=\"og:image:type\" content=\"image\/jpeg\" \/>\n<meta name=\"twitter:card\" content=\"summary_large_image\" \/>\n<meta name=\"twitter:label1\" content=\"\u01af\u1edbc t\u00ednh th\u1eddi gian \u0111\u1ecdc\" \/>\n\t<meta name=\"twitter:data1\" content=\"1 ph\u00fat\" \/>\n<script type=\"application\/ld+json\" class=\"yoast-schema-graph\">{\"@context\":\"https:\\\/\\\/schema.org\",\"@graph\":[{\"@type\":\"WebPage\",\"@id\":\"https:\\\/\\\/www.sj-gauge.com\\\/product\\\/dihi\\\/\",\"url\":\"https:\\\/\\\/www.sj-gauge.com\\\/product\\\/dihi\\\/\",\"name\":\"Diaphragm Seal for Molten State Process Media (DIHI)\uff5cSJ Gauge\",\"isPartOf\":{\"@id\":\"https:\\\/\\\/www.sj-gauge.com\\\/#website\"},\"primaryImageOfPage\":{\"@id\":\"https:\\\/\\\/www.sj-gauge.com\\\/product\\\/dihi\\\/#primaryimage\"},\"image\":{\"@id\":\"https:\\\/\\\/www.sj-gauge.com\\\/product\\\/dihi\\\/#primaryimage\"},\"thumbnailUrl\":\"https:\\\/\\\/www.sj-gauge.com\\\/wp-content\\\/uploads\\\/2025\\\/11\\\/01_SJ-Gauge_Diaphragm_Seal_for_Melting_High_Temperature.jpg\",\"datePublished\":\"2025-11-20T05:33:07+00:00\",\"dateModified\":\"2026-03-29T08:17:40+00:00\",\"description\":\"DIHI offers a durable solution for extreme-temperature pressure measurement. Compatible with gauges and transmitters, it is widely used in plastic extrusion and fiber production. Features capillary options for flexible remote observation and stable performance\",\"breadcrumb\":{\"@id\":\"https:\\\/\\\/www.sj-gauge.com\\\/product\\\/dihi\\\/#breadcrumb\"},\"inLanguage\":\"vi\",\"potentialAction\":[{\"@type\":\"ReadAction\",\"target\":[\"https:\\\/\\\/www.sj-gauge.com\\\/product\\\/dihi\\\/\"]}]},{\"@type\":\"ImageObject\",\"inLanguage\":\"vi\",\"@id\":\"https:\\\/\\\/www.sj-gauge.com\\\/product\\\/dihi\\\/#primaryimage\",\"url\":\"https:\\\/\\\/www.sj-gauge.com\\\/wp-content\\\/uploads\\\/2025\\\/11\\\/01_SJ-Gauge_Diaphragm_Seal_for_Melting_High_Temperature.jpg\",\"contentUrl\":\"https:\\\/\\\/www.sj-gauge.com\\\/wp-content\\\/uploads\\\/2025\\\/11\\\/01_SJ-Gauge_Diaphragm_Seal_for_Melting_High_Temperature.jpg\",\"width\":458,\"height\":386},{\"@type\":\"BreadcrumbList\",\"@id\":\"https:\\\/\\\/www.sj-gauge.com\\\/product\\\/dihi\\\/#breadcrumb\",\"itemListElement\":[{\"@type\":\"ListItem\",\"position\":1,\"name\":\"Home\",\"item\":\"https:\\\/\\\/www.sj-gauge.com\\\/\"},{\"@type\":\"ListItem\",\"position\":2,\"name\":\"Products\",\"item\":\"https:\\\/\\\/www.sj-gauge.com\\\/products\\\/\"},{\"@type\":\"ListItem\",\"position\":3,\"name\":\"Diaphragm Seal for Melting High Temperature\"}]},{\"@type\":\"WebSite\",\"@id\":\"https:\\\/\\\/www.sj-gauge.com\\\/#website\",\"url\":\"https:\\\/\\\/www.sj-gauge.com\\\/\",\"name\":\"SJ Gauge | Pressure Gauges, Thermometers &amp; Pressure Sensors\",\"description\":\"Manufacturer of industrial pressure gauges, pressure sensors, and transmitters. SJ Gauge provides high accuracy, durable materials, and custom solutions for oil &amp; gas, chemical, and industrial applications.\",\"publisher\":{\"@id\":\"https:\\\/\\\/www.sj-gauge.com\\\/#organization\"},\"potentialAction\":[{\"@type\":\"SearchAction\",\"target\":{\"@type\":\"EntryPoint\",\"urlTemplate\":\"https:\\\/\\\/www.sj-gauge.com\\\/?s={search_term_string}\"},\"query-input\":{\"@type\":\"PropertyValueSpecification\",\"valueRequired\":true,\"valueName\":\"search_term_string\"}}],\"inLanguage\":\"vi\"},{\"@type\":\"Organization\",\"@id\":\"https:\\\/\\\/www.sj-gauge.com\\\/#organization\",\"name\":\"SJ Gauge | Pressure Gauges, Thermometers &amp; Pressure Sensors\",\"url\":\"https:\\\/\\\/www.sj-gauge.com\\\/\",\"logo\":{\"@type\":\"ImageObject\",\"inLanguage\":\"vi\",\"@id\":\"https:\\\/\\\/www.sj-gauge.com\\\/#\\\/schema\\\/logo\\\/image\\\/\",\"url\":\"https:\\\/\\\/www.sj-gauge.com\\\/wp-content\\\/uploads\\\/2025\\\/09\\\/logo.webp\",\"contentUrl\":\"https:\\\/\\\/www.sj-gauge.com\\\/wp-content\\\/uploads\\\/2025\\\/09\\\/logo.webp\",\"width\":348,\"height\":184,\"caption\":\"SJ Gauge | Pressure Gauges, Thermometers &amp; Pressure Sensors\"},\"image\":{\"@id\":\"https:\\\/\\\/www.sj-gauge.com\\\/#\\\/schema\\\/logo\\\/image\\\/\"}}]}<\/script>\n<!-- \/ Yoast SEO Premium plugin. -->","yoast_head_json":{"title":"Ph\u1edbt m\u00e0ng cho m\u00f4i tr\u01b0\u1eddng qu\u00e1 tr\u00ecnh \u1edf tr\u1ea1ng th\u00e1i n\u00f3ng ch\u1ea3y (DIHI)\uff5cSJ Gauge","description":"DIHI cung c\u1ea5p gi\u1ea3i ph\u00e1p b\u1ec1n b\u1ec9 cho vi\u1ec7c \u0111o \u00e1p su\u1ea5t trong \u0111i\u1ec1u ki\u1ec7n nhi\u1ec7t \u0111\u1ed9 kh\u1eafc nghi\u1ec7t. S\u1ea3n ph\u1ea9m t\u01b0\u01a1ng th\u00edch v\u1edbi c\u00e1c \u0111\u1ed3ng h\u1ed3 \u0111o v\u00e0 b\u1ed9 truy\u1ec1n t\u00edn hi\u1ec7u, \u0111\u01b0\u1ee3c \u1ee9ng d\u1ee5ng r\u1ed9ng r\u00e3i trong ng\u00e0nh \u00e9p \u0111\u00f9n nh\u1ef1a v\u00e0 s\u1ea3n xu\u1ea5t s\u1ee3i. S\u1ea3n ph\u1ea9m c\u00f3 c\u00e1c t\u00f9y ch\u1ecdn \u1ed1ng mao d\u1eabn, cho ph\u00e9p quan s\u00e1t t\u1eeb xa linh ho\u1ea1t v\u00e0 \u0111\u1ea3m b\u1ea3o hi\u1ec7u su\u1ea5t \u1ed5n \u0111\u1ecbnh.","robots":{"index":"index","follow":"follow","max-snippet":"max-snippet:-1","max-image-preview":"max-image-preview:large","max-video-preview":"max-video-preview:-1"},"canonical":"https:\/\/www.sj-gauge.com\/vi\/san-pham\/dihi\/","og_locale":"vi_VN","og_type":"article","og_title":"Diaphragm Seal for Melting High Temperature","og_description":"DIHI offers a durable solution for extreme-temperature pressure measurement. Compatible with gauges and transmitters, it is widely used in plastic extrusion and fiber production. Features capillary options for flexible remote observation and stable performance","og_url":"https:\/\/www.sj-gauge.com\/vi\/san-pham\/dihi\/","og_site_name":"SJ Gauge | Pressure Gauges, Thermometers &amp; Pressure Sensors","article_modified_time":"2026-03-29T08:17:40+00:00","og_image":[{"width":458,"height":386,"url":"https:\/\/www.sj-gauge.com\/wp-content\/uploads\/2025\/11\/01_SJ-Gauge_Diaphragm_Seal_for_Melting_High_Temperature.jpg","type":"image\/jpeg"}],"twitter_card":"summary_large_image","twitter_misc":{"\u01af\u1edbc t\u00ednh th\u1eddi gian \u0111\u1ecdc":"1 ph\u00fat"},"schema":{"@context":"https:\/\/schema.org","@graph":[{"@type":"WebPage","@id":"https:\/\/www.sj-gauge.com\/product\/dihi\/","url":"https:\/\/www.sj-gauge.com\/product\/dihi\/","name":"Ph\u1edbt m\u00e0ng cho m\u00f4i tr\u01b0\u1eddng qu\u00e1 tr\u00ecnh \u1edf tr\u1ea1ng th\u00e1i n\u00f3ng ch\u1ea3y (DIHI)\uff5cSJ Gauge","isPartOf":{"@id":"https:\/\/www.sj-gauge.com\/#website"},"primaryImageOfPage":{"@id":"https:\/\/www.sj-gauge.com\/product\/dihi\/#primaryimage"},"image":{"@id":"https:\/\/www.sj-gauge.com\/product\/dihi\/#primaryimage"},"thumbnailUrl":"https:\/\/www.sj-gauge.com\/wp-content\/uploads\/2025\/11\/01_SJ-Gauge_Diaphragm_Seal_for_Melting_High_Temperature.jpg","datePublished":"2025-11-20T05:33:07+00:00","dateModified":"2026-03-29T08:17:40+00:00","description":"DIHI cung c\u1ea5p gi\u1ea3i ph\u00e1p b\u1ec1n b\u1ec9 cho vi\u1ec7c \u0111o \u00e1p su\u1ea5t trong \u0111i\u1ec1u ki\u1ec7n nhi\u1ec7t \u0111\u1ed9 kh\u1eafc nghi\u1ec7t. S\u1ea3n ph\u1ea9m t\u01b0\u01a1ng th\u00edch v\u1edbi c\u00e1c \u0111\u1ed3ng h\u1ed3 \u0111o v\u00e0 b\u1ed9 truy\u1ec1n t\u00edn hi\u1ec7u, \u0111\u01b0\u1ee3c \u1ee9ng d\u1ee5ng r\u1ed9ng r\u00e3i trong ng\u00e0nh \u00e9p \u0111\u00f9n nh\u1ef1a v\u00e0 s\u1ea3n xu\u1ea5t s\u1ee3i. S\u1ea3n ph\u1ea9m c\u00f3 c\u00e1c t\u00f9y ch\u1ecdn \u1ed1ng mao d\u1eabn, cho ph\u00e9p quan s\u00e1t t\u1eeb xa linh ho\u1ea1t v\u00e0 \u0111\u1ea3m b\u1ea3o hi\u1ec7u su\u1ea5t \u1ed5n \u0111\u1ecbnh.","breadcrumb":{"@id":"https:\/\/www.sj-gauge.com\/product\/dihi\/#breadcrumb"},"inLanguage":"vi","potentialAction":[{"@type":"ReadAction","target":["https:\/\/www.sj-gauge.com\/product\/dihi\/"]}]},{"@type":"ImageObject","inLanguage":"vi","@id":"https:\/\/www.sj-gauge.com\/product\/dihi\/#primaryimage","url":"https:\/\/www.sj-gauge.com\/wp-content\/uploads\/2025\/11\/01_SJ-Gauge_Diaphragm_Seal_for_Melting_High_Temperature.jpg","contentUrl":"https:\/\/www.sj-gauge.com\/wp-content\/uploads\/2025\/11\/01_SJ-Gauge_Diaphragm_Seal_for_Melting_High_Temperature.jpg","width":458,"height":386},{"@type":"BreadcrumbList","@id":"https:\/\/www.sj-gauge.com\/product\/dihi\/#breadcrumb","itemListElement":[{"@type":"ListItem","position":1,"name":"Home","item":"https:\/\/www.sj-gauge.com\/"},{"@type":"ListItem","position":2,"name":"Products","item":"https:\/\/www.sj-gauge.com\/products\/"},{"@type":"ListItem","position":3,"name":"Diaphragm Seal for Melting High Temperature"}]},{"@type":"WebSite","@id":"https:\/\/www.sj-gauge.com\/#website","url":"https:\/\/www.sj-gauge.com\/","name":"SJ Gauge | \u0110\u1ed3ng h\u1ed3 \u0111o \u00e1p su\u1ea5t, nhi\u1ec7t k\u1ebf v\u00e0 c\u1ea3m bi\u1ebfn \u00e1p su\u1ea5t","description":"Nh\u00e0 s\u1ea3n xu\u1ea5t \u0111\u1ed3ng h\u1ed3 \u0111o \u00e1p su\u1ea5t c\u00f4ng nghi\u1ec7p, c\u1ea3m bi\u1ebfn \u00e1p su\u1ea5t v\u00e0 b\u1ed9 truy\u1ec1n t\u00edn hi\u1ec7u. SJ Gauge cung c\u1ea5p c\u00e1c s\u1ea3n ph\u1ea9m c\u00f3 \u0111\u1ed9 ch\u00ednh x\u00e1c cao, \u0111\u01b0\u1ee3c ch\u1ebf t\u1ea1o t\u1eeb v\u1eadt li\u1ec7u b\u1ec1n b\u1ec9 v\u00e0 c\u00e1c gi\u1ea3i ph\u00e1p t\u00f9y ch\u1ec9nh d\u00e0nh cho c\u00e1c \u1ee9ng d\u1ee5ng trong ng\u00e0nh d\u1ea7u kh\u00ed, h\u00f3a ch\u1ea5t v\u00e0 c\u00f4ng nghi\u1ec7p.","publisher":{"@id":"https:\/\/www.sj-gauge.com\/#organization"},"potentialAction":[{"@type":"SearchAction","target":{"@type":"EntryPoint","urlTemplate":"https:\/\/www.sj-gauge.com\/?s={search_term_string}"},"query-input":{"@type":"PropertyValueSpecification","valueRequired":true,"valueName":"search_term_string"}}],"inLanguage":"vi"},{"@type":"Organization","@id":"https:\/\/www.sj-gauge.com\/#organization","name":"SJ Gauge | \u0110\u1ed3ng h\u1ed3 \u0111o \u00e1p su\u1ea5t, nhi\u1ec7t k\u1ebf v\u00e0 c\u1ea3m bi\u1ebfn \u00e1p su\u1ea5t","url":"https:\/\/www.sj-gauge.com\/","logo":{"@type":"ImageObject","inLanguage":"vi","@id":"https:\/\/www.sj-gauge.com\/#\/schema\/logo\/image\/","url":"https:\/\/www.sj-gauge.com\/wp-content\/uploads\/2025\/09\/logo.webp","contentUrl":"https:\/\/www.sj-gauge.com\/wp-content\/uploads\/2025\/09\/logo.webp","width":348,"height":184,"caption":"SJ Gauge | Pressure Gauges, Thermometers &amp; Pressure Sensors"},"image":{"@id":"https:\/\/www.sj-gauge.com\/#\/schema\/logo\/image\/"}}]}},"_links":{"self":[{"href":"https:\/\/www.sj-gauge.com\/vi\/wp-json\/wp\/v2\/product\/2012","targetHints":{"allow":["GET"]}}],"collection":[{"href":"https:\/\/www.sj-gauge.com\/vi\/wp-json\/wp\/v2\/product"}],"about":[{"href":"https:\/\/www.sj-gauge.com\/vi\/wp-json\/wp\/v2\/types\/product"}],"wp:featuredmedia":[{"embeddable":true,"href":"https:\/\/www.sj-gauge.com\/vi\/wp-json\/wp\/v2\/media\/2015"}],"wp:attachment":[{"href":"https:\/\/www.sj-gauge.com\/vi\/wp-json\/wp\/v2\/media?parent=2012"}],"wp:term":[{"taxonomy":"product_brand","embeddable":true,"href":"https:\/\/www.sj-gauge.com\/vi\/wp-json\/wp\/v2\/product_brand?post=2012"},{"taxonomy":"product_cat","embeddable":true,"href":"https:\/\/www.sj-gauge.com\/vi\/wp-json\/wp\/v2\/product_cat?post=2012"},{"taxonomy":"product_tag","embeddable":true,"href":"https:\/\/www.sj-gauge.com\/vi\/wp-json\/wp\/v2\/product_tag?post=2012"}],"curies":[{"name":"wp","href":"https:\/\/api.w.org\/{rel}","templated":true}]}}