{"id":2016,"date":"2025-11-20T13:42:04","date_gmt":"2025-11-20T05:42:04","guid":{"rendered":"https:\/\/sj-gauge.com\/?post_type=product&#038;p=2016"},"modified":"2026-03-29T16:15:57","modified_gmt":"2026-03-29T08:15:57","slug":"dit-cs","status":"publish","type":"product","link":"https:\/\/www.sj-gauge.com\/vi\/san-pham\/dit-cs\/","title":{"rendered":"K\u1ebft n\u1ed1i h\u00e0n Tri-Clamp cho van m\u00e0ng trong c\u00e1c k\u1ebft n\u1ed1i \u1ed1ng d\u1eabn c\u00f3 k\u00edch th\u01b0\u1edbc nh\u1ecf."},"content":{"rendered":"<p>Van bi DIT-CS Tri-Clamp \u0111\u01b0\u1ee3c thi\u1ebft k\u1ebf d\u00e0nh cho c\u00e1c k\u1ebft n\u1ed1i \u1ed1ng c\u00f3 \u0111\u01b0\u1eddng k\u00ednh nh\u1ecf. B\u1eb1ng c\u00e1ch m\u1edf r\u1ed9ng di\u1ec7n t\u00edch \u0111\u1ec7m v\u00e0 \u0111\u1ec7m tr\u00ean, van bi n\u00e0y \u0111\u1ea3m b\u1ea3o truy\u1ec1n \u00e1p su\u1ea5t ch\u00ednh x\u00e1c ngay c\u1ea3 trong kh\u00f4ng gian l\u1eafp \u0111\u1eb7t h\u1ea1n ch\u1ebf. Van bi h\u1ed7 tr\u1ee3 \u0111\u1ec7m c\u00f3 \u0111\u01b0\u1eddng k\u00ednh 70 mm v\u00e0 90 mm v\u00e0 ph\u00f9 h\u1ee3p v\u1edbi c\u00e1c k\u00edch th\u01b0\u1edbc \u1ed1ng kh\u00e1c nhau nh\u01b0 1\/2\u2033, 3\/4\u2033, 1\u2033 v\u00e0 1.5\u2033. S\u1ea3n ph\u1ea9m c\u00f3 s\u1eb5n trong c\u00e1c v\u1eadt li\u1ec7u bao g\u1ed3m th\u00e9p kh\u00f4ng g\u1ec9 304, th\u00e9p kh\u00f4ng g\u1ec9 316L v\u00e0 Hastelloy C276, DIT-CS l\u00e0 l\u1ef1a ch\u1ecdn l\u00fd t\u01b0\u1edfng cho c\u00e1c \u1ee9ng d\u1ee5ng nh\u01b0 x\u1eed l\u00fd h\u00f3a ch\u1ea5t, thi\u1ebft b\u1ecb d\u1ea7u kh\u00ed, x\u1eed l\u00fd n\u01b0\u1edbc th\u1ea3i v\u00e0 s\u1ea3n xu\u1ea5t gi\u1ea5y \u2013 nh\u1eefng \u1ee9ng d\u1ee5ng y\u00eau c\u1ea7u kh\u1ea3 n\u0103ng ch\u1ed1ng \u0103n m\u00f2n v\u00e0 \u0111o l\u01b0\u1eddng \u1ed5n \u0111\u1ecbnh. C\u00e1c ph\u1ee5 ki\u1ec7n t\u00f9y ch\u1ecdn nh\u01b0 k\u1eb9p, gio\u0103ng v\u00e0 v\u00f2ng \u0111\u1ec7m c\u00f3 s\u1eb5n, c\u00f9ng v\u1edbi c\u00e1c c\u1ea5u h\u00ecnh h\u00e0n ho\u1eb7c c\u1ed5ng ph\u1eb3ng, gi\u00fap n\u00f3 tr\u1edf th\u00e0nh gi\u1ea3i ph\u00e1p v\u1ec7 sinh \u0111\u00e1ng tin c\u1eady v\u00e0 d\u1ec5 l\u1eafp \u0111\u1eb7t cho h\u1ec7 th\u1ed1ng \u1ed1ng d\u1eabn nh\u1ecf.<\/p>","protected":false},"excerpt":{"rendered":"<ul>\n<li>Thi\u1ebft k\u1ebf \u0111\u1eb7c bi\u1ec7t cho c\u00e1c k\u1ebft n\u1ed1i \u1ed1ng d\u1eabn c\u00f3 k\u00edch th\u01b0\u1edbc nh\u1ecf<\/li>\n<li>M\u1edf r\u1ed9ng ph\u1ea7n gh\u1ebf tr\u00ean v\u00e0 m\u00e0ng c\u00f3 th\u1ec3 \u0111\u1ea3m b\u1ea3o \u0111\u1ed9 ch\u00ednh x\u00e1c v\u00e0 ph\u00f9 h\u1ee3p v\u1edbi c\u00e1c k\u1ebft n\u1ed1i \u1ed1ng d\u1eabn kh\u00e1c nhau.<\/li>\n<li>Ph\u00f9 h\u1ee3p cho c\u00e1c ng\u00e0nh c\u00f4ng nghi\u1ec7p nh\u01b0 h\u00f3a d\u1ea7u, x\u00e2y d\u1ef1ng thi\u1ebft b\u1ecb h\u00f3a ch\u1ea5t, x\u1eed l\u00fd n\u01b0\u1edbc th\u1ea3i, gi\u1ea5y, v.v.<\/li>\n<\/ul>","protected":false},"featured_media":2020,"template":"","meta":{"_acf_changed":false},"product_brand":[40],"product_cat":[21,41],"product_tag":[],"class_list":{"0":"post-2016","1":"product","2":"type-product","3":"status-publish","4":"has-post-thumbnail","6":"product_brand-sj-gauge","7":"product_cat-diaphragm-seal","8":"product_cat-pressure-instruments","10":"first","11":"instock","12":"shipping-taxable","13":"product-type-simple"},"acf":[],"yoast_head":"<!-- This site is optimized with the Yoast SEO Premium plugin v26.7 (Yoast SEO v27.4) - https:\/\/yoast.com\/product\/yoast-seo-premium-wordpress\/ -->\n<title>Welding Tri-Clamp Diaphragm Seal for Small-size Pipelines\uff5cSJ Gauge<\/title>\n<meta name=\"description\" content=\"DIT-CS Tri-Clamp diaphragm seal is engineered for small-diameter pipelines. By enlarging the diaphragm area, it ensures accurate pressure transmission in compact spaces. Ideal for petrochemical and wastewater treatment applications\" \/>\n<meta name=\"robots\" content=\"index, follow, max-snippet:-1, max-image-preview:large, max-video-preview:-1\" \/>\n<link rel=\"canonical\" href=\"https:\/\/www.sj-gauge.com\/vi\/san-pham\/dit-cs\/\" \/>\n<meta property=\"og:locale\" content=\"vi_VN\" \/>\n<meta property=\"og:type\" content=\"article\" \/>\n<meta property=\"og:title\" content=\"Welding Tri-Clamp Diaphragm Seal for Small-size Pipeline Connections\" \/>\n<meta property=\"og:description\" content=\"DIT-CS Tri-Clamp diaphragm seal is engineered for small-diameter pipelines. By enlarging the diaphragm area, it ensures accurate pressure transmission in compact spaces. Ideal for petrochemical and wastewater treatment applications\" \/>\n<meta property=\"og:url\" content=\"https:\/\/www.sj-gauge.com\/vi\/san-pham\/dit-cs\/\" \/>\n<meta property=\"og:site_name\" content=\"SJ Gauge | Pressure Gauges, Thermometers &amp; Pressure Sensors\" \/>\n<meta property=\"article:modified_time\" content=\"2026-03-29T08:15:57+00:00\" \/>\n<meta property=\"og:image\" content=\"https:\/\/www.sj-gauge.com\/wp-content\/uploads\/2025\/11\/01_SJ_Tri-Clamp_Diaphragm_Seal_for_Small-size_Pipeline_Connections.jpg\" \/>\n\t<meta property=\"og:image:width\" content=\"458\" \/>\n\t<meta property=\"og:image:height\" content=\"386\" \/>\n\t<meta property=\"og:image:type\" content=\"image\/jpeg\" \/>\n<meta name=\"twitter:card\" content=\"summary_large_image\" \/>\n<meta name=\"twitter:label1\" content=\"\u01af\u1edbc t\u00ednh th\u1eddi gian \u0111\u1ecdc\" \/>\n\t<meta name=\"twitter:data1\" content=\"1 ph\u00fat\" \/>\n<script type=\"application\/ld+json\" class=\"yoast-schema-graph\">{\"@context\":\"https:\\\/\\\/schema.org\",\"@graph\":[{\"@type\":\"WebPage\",\"@id\":\"https:\\\/\\\/www.sj-gauge.com\\\/product\\\/dit-cs\\\/\",\"url\":\"https:\\\/\\\/www.sj-gauge.com\\\/product\\\/dit-cs\\\/\",\"name\":\"Welding Tri-Clamp Diaphragm Seal for Small-size Pipelines\uff5cSJ Gauge\",\"isPartOf\":{\"@id\":\"https:\\\/\\\/www.sj-gauge.com\\\/#website\"},\"primaryImageOfPage\":{\"@id\":\"https:\\\/\\\/www.sj-gauge.com\\\/product\\\/dit-cs\\\/#primaryimage\"},\"image\":{\"@id\":\"https:\\\/\\\/www.sj-gauge.com\\\/product\\\/dit-cs\\\/#primaryimage\"},\"thumbnailUrl\":\"https:\\\/\\\/www.sj-gauge.com\\\/wp-content\\\/uploads\\\/2025\\\/11\\\/01_SJ_Tri-Clamp_Diaphragm_Seal_for_Small-size_Pipeline_Connections.jpg\",\"datePublished\":\"2025-11-20T05:42:04+00:00\",\"dateModified\":\"2026-03-29T08:15:57+00:00\",\"description\":\"DIT-CS Tri-Clamp diaphragm seal is engineered for small-diameter pipelines. By enlarging the diaphragm area, it ensures accurate pressure transmission in compact spaces. Ideal for petrochemical and wastewater treatment applications\",\"breadcrumb\":{\"@id\":\"https:\\\/\\\/www.sj-gauge.com\\\/product\\\/dit-cs\\\/#breadcrumb\"},\"inLanguage\":\"vi\",\"potentialAction\":[{\"@type\":\"ReadAction\",\"target\":[\"https:\\\/\\\/www.sj-gauge.com\\\/product\\\/dit-cs\\\/\"]}]},{\"@type\":\"ImageObject\",\"inLanguage\":\"vi\",\"@id\":\"https:\\\/\\\/www.sj-gauge.com\\\/product\\\/dit-cs\\\/#primaryimage\",\"url\":\"https:\\\/\\\/www.sj-gauge.com\\\/wp-content\\\/uploads\\\/2025\\\/11\\\/01_SJ_Tri-Clamp_Diaphragm_Seal_for_Small-size_Pipeline_Connections.jpg\",\"contentUrl\":\"https:\\\/\\\/www.sj-gauge.com\\\/wp-content\\\/uploads\\\/2025\\\/11\\\/01_SJ_Tri-Clamp_Diaphragm_Seal_for_Small-size_Pipeline_Connections.jpg\",\"width\":458,\"height\":386},{\"@type\":\"BreadcrumbList\",\"@id\":\"https:\\\/\\\/www.sj-gauge.com\\\/product\\\/dit-cs\\\/#breadcrumb\",\"itemListElement\":[{\"@type\":\"ListItem\",\"position\":1,\"name\":\"Home\",\"item\":\"https:\\\/\\\/www.sj-gauge.com\\\/\"},{\"@type\":\"ListItem\",\"position\":2,\"name\":\"Products\",\"item\":\"https:\\\/\\\/www.sj-gauge.com\\\/products\\\/\"},{\"@type\":\"ListItem\",\"position\":3,\"name\":\"Welding Tri-Clamp Diaphragm Seal for Small-size Pipeline Connections\"}]},{\"@type\":\"WebSite\",\"@id\":\"https:\\\/\\\/www.sj-gauge.com\\\/#website\",\"url\":\"https:\\\/\\\/www.sj-gauge.com\\\/\",\"name\":\"SJ Gauge | Pressure Gauges, Thermometers &amp; Pressure Sensors\",\"description\":\"Manufacturer of industrial pressure gauges, pressure sensors, and transmitters. SJ Gauge provides high accuracy, durable materials, and custom solutions for oil &amp; gas, chemical, and industrial applications.\",\"publisher\":{\"@id\":\"https:\\\/\\\/www.sj-gauge.com\\\/#organization\"},\"potentialAction\":[{\"@type\":\"SearchAction\",\"target\":{\"@type\":\"EntryPoint\",\"urlTemplate\":\"https:\\\/\\\/www.sj-gauge.com\\\/?s={search_term_string}\"},\"query-input\":{\"@type\":\"PropertyValueSpecification\",\"valueRequired\":true,\"valueName\":\"search_term_string\"}}],\"inLanguage\":\"vi\"},{\"@type\":\"Organization\",\"@id\":\"https:\\\/\\\/www.sj-gauge.com\\\/#organization\",\"name\":\"SJ Gauge | Pressure Gauges, Thermometers &amp; Pressure Sensors\",\"url\":\"https:\\\/\\\/www.sj-gauge.com\\\/\",\"logo\":{\"@type\":\"ImageObject\",\"inLanguage\":\"vi\",\"@id\":\"https:\\\/\\\/www.sj-gauge.com\\\/#\\\/schema\\\/logo\\\/image\\\/\",\"url\":\"https:\\\/\\\/www.sj-gauge.com\\\/wp-content\\\/uploads\\\/2025\\\/09\\\/logo.webp\",\"contentUrl\":\"https:\\\/\\\/www.sj-gauge.com\\\/wp-content\\\/uploads\\\/2025\\\/09\\\/logo.webp\",\"width\":348,\"height\":184,\"caption\":\"SJ Gauge | Pressure Gauges, Thermometers &amp; Pressure Sensors\"},\"image\":{\"@id\":\"https:\\\/\\\/www.sj-gauge.com\\\/#\\\/schema\\\/logo\\\/image\\\/\"}}]}<\/script>\n<!-- \/ Yoast SEO Premium plugin. -->","yoast_head_json":{"title":"Ph\u1edbt m\u00e0ng Tri-Clamp h\u00e0n cho \u0111\u01b0\u1eddng \u1ed1ng c\u1ee1 nh\u1ecf\uff5cSJ Gauge","description":"Ph\u1ee5 ki\u1ec7n c\u00e1ch ly m\u00e0ng DIT-CS Tri-Clamp \u0111\u01b0\u1ee3c thi\u1ebft k\u1ebf d\u00e0nh cho c\u00e1c \u0111\u01b0\u1eddng \u1ed1ng c\u00f3 \u0111\u01b0\u1eddng k\u00ednh nh\u1ecf. Nh\u1edd t\u0103ng di\u1ec7n t\u00edch m\u00e0ng, s\u1ea3n ph\u1ea9m \u0111\u1ea3m b\u1ea3o truy\u1ec1n \u00e1p su\u1ea5t ch\u00ednh x\u00e1c trong c\u00e1c kh\u00f4ng gian h\u1eb9p. S\u1ea3n ph\u1ea9m l\u00fd t\u01b0\u1edfng cho c\u00e1c \u1ee9ng d\u1ee5ng trong ng\u00e0nh h\u00f3a d\u1ea7u v\u00e0 x\u1eed l\u00fd n\u01b0\u1edbc th\u1ea3i","robots":{"index":"index","follow":"follow","max-snippet":"max-snippet:-1","max-image-preview":"max-image-preview:large","max-video-preview":"max-video-preview:-1"},"canonical":"https:\/\/www.sj-gauge.com\/vi\/san-pham\/dit-cs\/","og_locale":"vi_VN","og_type":"article","og_title":"Welding Tri-Clamp Diaphragm Seal for Small-size Pipeline Connections","og_description":"DIT-CS Tri-Clamp diaphragm seal is engineered for small-diameter pipelines. By enlarging the diaphragm area, it ensures accurate pressure transmission in compact spaces. Ideal for petrochemical and wastewater treatment applications","og_url":"https:\/\/www.sj-gauge.com\/vi\/san-pham\/dit-cs\/","og_site_name":"SJ Gauge | Pressure Gauges, Thermometers &amp; Pressure Sensors","article_modified_time":"2026-03-29T08:15:57+00:00","og_image":[{"width":458,"height":386,"url":"https:\/\/www.sj-gauge.com\/wp-content\/uploads\/2025\/11\/01_SJ_Tri-Clamp_Diaphragm_Seal_for_Small-size_Pipeline_Connections.jpg","type":"image\/jpeg"}],"twitter_card":"summary_large_image","twitter_misc":{"\u01af\u1edbc t\u00ednh th\u1eddi gian \u0111\u1ecdc":"1 ph\u00fat"},"schema":{"@context":"https:\/\/schema.org","@graph":[{"@type":"WebPage","@id":"https:\/\/www.sj-gauge.com\/product\/dit-cs\/","url":"https:\/\/www.sj-gauge.com\/product\/dit-cs\/","name":"Ph\u1edbt m\u00e0ng Tri-Clamp h\u00e0n cho \u0111\u01b0\u1eddng \u1ed1ng c\u1ee1 nh\u1ecf\uff5cSJ Gauge","isPartOf":{"@id":"https:\/\/www.sj-gauge.com\/#website"},"primaryImageOfPage":{"@id":"https:\/\/www.sj-gauge.com\/product\/dit-cs\/#primaryimage"},"image":{"@id":"https:\/\/www.sj-gauge.com\/product\/dit-cs\/#primaryimage"},"thumbnailUrl":"https:\/\/www.sj-gauge.com\/wp-content\/uploads\/2025\/11\/01_SJ_Tri-Clamp_Diaphragm_Seal_for_Small-size_Pipeline_Connections.jpg","datePublished":"2025-11-20T05:42:04+00:00","dateModified":"2026-03-29T08:15:57+00:00","description":"Ph\u1ee5 ki\u1ec7n c\u00e1ch ly m\u00e0ng DIT-CS Tri-Clamp \u0111\u01b0\u1ee3c thi\u1ebft k\u1ebf d\u00e0nh cho c\u00e1c \u0111\u01b0\u1eddng \u1ed1ng c\u00f3 \u0111\u01b0\u1eddng k\u00ednh nh\u1ecf. Nh\u1edd t\u0103ng di\u1ec7n t\u00edch m\u00e0ng, s\u1ea3n ph\u1ea9m \u0111\u1ea3m b\u1ea3o truy\u1ec1n \u00e1p su\u1ea5t ch\u00ednh x\u00e1c trong c\u00e1c kh\u00f4ng gian h\u1eb9p. S\u1ea3n ph\u1ea9m l\u00fd t\u01b0\u1edfng cho c\u00e1c \u1ee9ng d\u1ee5ng trong ng\u00e0nh h\u00f3a d\u1ea7u v\u00e0 x\u1eed l\u00fd n\u01b0\u1edbc th\u1ea3i","breadcrumb":{"@id":"https:\/\/www.sj-gauge.com\/product\/dit-cs\/#breadcrumb"},"inLanguage":"vi","potentialAction":[{"@type":"ReadAction","target":["https:\/\/www.sj-gauge.com\/product\/dit-cs\/"]}]},{"@type":"ImageObject","inLanguage":"vi","@id":"https:\/\/www.sj-gauge.com\/product\/dit-cs\/#primaryimage","url":"https:\/\/www.sj-gauge.com\/wp-content\/uploads\/2025\/11\/01_SJ_Tri-Clamp_Diaphragm_Seal_for_Small-size_Pipeline_Connections.jpg","contentUrl":"https:\/\/www.sj-gauge.com\/wp-content\/uploads\/2025\/11\/01_SJ_Tri-Clamp_Diaphragm_Seal_for_Small-size_Pipeline_Connections.jpg","width":458,"height":386},{"@type":"BreadcrumbList","@id":"https:\/\/www.sj-gauge.com\/product\/dit-cs\/#breadcrumb","itemListElement":[{"@type":"ListItem","position":1,"name":"Home","item":"https:\/\/www.sj-gauge.com\/"},{"@type":"ListItem","position":2,"name":"Products","item":"https:\/\/www.sj-gauge.com\/products\/"},{"@type":"ListItem","position":3,"name":"Welding Tri-Clamp Diaphragm Seal for Small-size Pipeline Connections"}]},{"@type":"WebSite","@id":"https:\/\/www.sj-gauge.com\/#website","url":"https:\/\/www.sj-gauge.com\/","name":"SJ Gauge | \u0110\u1ed3ng h\u1ed3 \u0111o \u00e1p su\u1ea5t, nhi\u1ec7t k\u1ebf v\u00e0 c\u1ea3m bi\u1ebfn \u00e1p su\u1ea5t","description":"Nh\u00e0 s\u1ea3n xu\u1ea5t \u0111\u1ed3ng h\u1ed3 \u0111o \u00e1p su\u1ea5t c\u00f4ng nghi\u1ec7p, c\u1ea3m bi\u1ebfn \u00e1p su\u1ea5t v\u00e0 b\u1ed9 truy\u1ec1n t\u00edn hi\u1ec7u. SJ Gauge cung c\u1ea5p c\u00e1c s\u1ea3n ph\u1ea9m c\u00f3 \u0111\u1ed9 ch\u00ednh x\u00e1c cao, \u0111\u01b0\u1ee3c ch\u1ebf t\u1ea1o t\u1eeb v\u1eadt li\u1ec7u b\u1ec1n b\u1ec9 v\u00e0 c\u00e1c gi\u1ea3i ph\u00e1p t\u00f9y ch\u1ec9nh d\u00e0nh cho c\u00e1c \u1ee9ng d\u1ee5ng trong ng\u00e0nh d\u1ea7u kh\u00ed, h\u00f3a ch\u1ea5t v\u00e0 c\u00f4ng nghi\u1ec7p.","publisher":{"@id":"https:\/\/www.sj-gauge.com\/#organization"},"potentialAction":[{"@type":"SearchAction","target":{"@type":"EntryPoint","urlTemplate":"https:\/\/www.sj-gauge.com\/?s={search_term_string}"},"query-input":{"@type":"PropertyValueSpecification","valueRequired":true,"valueName":"search_term_string"}}],"inLanguage":"vi"},{"@type":"Organization","@id":"https:\/\/www.sj-gauge.com\/#organization","name":"SJ Gauge | \u0110\u1ed3ng h\u1ed3 \u0111o \u00e1p su\u1ea5t, nhi\u1ec7t k\u1ebf v\u00e0 c\u1ea3m bi\u1ebfn \u00e1p su\u1ea5t","url":"https:\/\/www.sj-gauge.com\/","logo":{"@type":"ImageObject","inLanguage":"vi","@id":"https:\/\/www.sj-gauge.com\/#\/schema\/logo\/image\/","url":"https:\/\/www.sj-gauge.com\/wp-content\/uploads\/2025\/09\/logo.webp","contentUrl":"https:\/\/www.sj-gauge.com\/wp-content\/uploads\/2025\/09\/logo.webp","width":348,"height":184,"caption":"SJ Gauge | Pressure Gauges, Thermometers &amp; Pressure Sensors"},"image":{"@id":"https:\/\/www.sj-gauge.com\/#\/schema\/logo\/image\/"}}]}},"_links":{"self":[{"href":"https:\/\/www.sj-gauge.com\/vi\/wp-json\/wp\/v2\/product\/2016","targetHints":{"allow":["GET"]}}],"collection":[{"href":"https:\/\/www.sj-gauge.com\/vi\/wp-json\/wp\/v2\/product"}],"about":[{"href":"https:\/\/www.sj-gauge.com\/vi\/wp-json\/wp\/v2\/types\/product"}],"wp:featuredmedia":[{"embeddable":true,"href":"https:\/\/www.sj-gauge.com\/vi\/wp-json\/wp\/v2\/media\/2020"}],"wp:attachment":[{"href":"https:\/\/www.sj-gauge.com\/vi\/wp-json\/wp\/v2\/media?parent=2016"}],"wp:term":[{"taxonomy":"product_brand","embeddable":true,"href":"https:\/\/www.sj-gauge.com\/vi\/wp-json\/wp\/v2\/product_brand?post=2016"},{"taxonomy":"product_cat","embeddable":true,"href":"https:\/\/www.sj-gauge.com\/vi\/wp-json\/wp\/v2\/product_cat?post=2016"},{"taxonomy":"product_tag","embeddable":true,"href":"https:\/\/www.sj-gauge.com\/vi\/wp-json\/wp\/v2\/product_tag?post=2016"}],"curies":[{"name":"wp","href":"https:\/\/api.w.org\/{rel}","templated":true}]}}