{"id":2038,"date":"2025-11-20T15:08:26","date_gmt":"2025-11-20T07:08:26","guid":{"rendered":"https:\/\/sj-gauge.com\/?post_type=product&#038;p=2038"},"modified":"2026-03-25T13:36:06","modified_gmt":"2026-03-25T05:36:06","slug":"pra-c","status":"publish","type":"product","link":"https:\/\/www.sj-gauge.com\/vi\/san-pham\/pra-c\/","title":{"rendered":"B\u1ed9 ph\u1eadn l\u00e0m m\u00e1t cho thi\u1ebft b\u1ecb \u0111o \u00e1p su\u1ea5t"},"content":{"rendered":"<p>Ph\u1ea7n t\u1eed l\u00e0m m\u00e1t PRA-C \u0111\u01b0\u1ee3c thi\u1ebft k\u1ebf \u0111\u1ec3 b\u1ea3o v\u1ec7 c\u00e1c \u0111\u1ed3ng h\u1ed3 \u00e1p su\u1ea5t v\u00e0 b\u1ed9 truy\u1ec1n t\u00edn hi\u1ec7u ho\u1ea1t \u0111\u1ed9ng trong m\u00f4i tr\u01b0\u1eddng nhi\u1ec7t \u0111\u1ed9 cao. V\u1edbi c\u00e1c c\u00e1nh t\u1ea3n nhi\u1ec7t \u0111\u01b0\u1ee3c m\u1edf r\u1ed9ng v\u00e0 chi\u1ec1u d\u00e0i c\u00f3 th\u1ec3 \u0111i\u1ec1u ch\u1ec9nh, n\u00f3 hi\u1ec7u qu\u1ea3 trong vi\u1ec7c gi\u1ea3m nhi\u1ec7t \u0111\u1ed9 c\u1ee7a m\u00f4i tr\u01b0\u1eddng tr\u01b0\u1edbc khi n\u00f3 \u0111\u1ebfn thi\u1ebft b\u1ecb, ng\u0103n ng\u1eeba h\u01b0 h\u1ecfng do nhi\u1ec7t ho\u1eb7c s\u1ef1 thay \u0111\u1ed5i trong \u0111o l\u01b0\u1eddng. C\u00f3 s\u1eb5n trong c\u00e1c lo\u1ea1i th\u00e9p kh\u00f4ng g\u1ec9 304 v\u00e0 316 v\u1edbi nhi\u1ec1u ti\u00eau chu\u1ea9n ren (PT, G, NPT, M) c\u1ea3 d\u1ea1ng \u0111\u1ef1c v\u00e0 c\u00e1i, n\u00f3 l\u00fd t\u01b0\u1edfng cho c\u00e1c \u0111\u01b0\u1eddng \u1ed1ng h\u01a1i n\u01b0\u1edbc, n\u1ed3i h\u01a1i v\u00e0 h\u1ec7 th\u1ed1ng ch\u1ea5t l\u1ecfng nhi\u1ec7t \u0111\u1ed9 cao, \u0111\u1ea3m b\u1ea3o t\u00ednh \u1ed5n \u0111\u1ecbnh \u0111o l\u01b0\u1eddng l\u00e2u d\u00e0i v\u00e0 b\u1ea3o v\u1ec7 thi\u1ebft b\u1ecb.<\/p>","protected":false},"excerpt":{"rendered":"<ul>\n<li>Chi\u1ec1u d\u00e0i c\u00f3 th\u1ec3 \u0111\u01b0\u1ee3c \u0111i\u1ec1u ch\u1ec9nh theo nhu c\u1ea7u l\u00e0m m\u00e1t.<\/li>\n<li>Thi\u1ebft k\u1ebf c\u00e1nh t\u1ea3n nhi\u1ec7t nh\u1eb1m t\u0103ng di\u1ec7n t\u00edch b\u1ec1 m\u1eb7t ti\u1ebfp x\u00fac v\u00e0 c\u1ea3i thi\u1ec7n kh\u1ea3 n\u0103ng t\u1ea3n nhi\u1ec7t.<\/li>\n<\/ul>","protected":false},"featured_media":2042,"template":"","meta":{"_acf_changed":false},"product_brand":[40],"product_cat":[58],"product_tag":[],"class_list":{"0":"post-2038","1":"product","2":"type-product","3":"status-publish","4":"has-post-thumbnail","6":"product_brand-sj-gauge","7":"product_cat-accessories-pressure","9":"first","10":"instock","11":"shipping-taxable","12":"product-type-simple"},"acf":[],"yoast_head":"<!-- This site is optimized with the Yoast SEO Premium plugin v26.7 (Yoast SEO v27.4) - https:\/\/yoast.com\/product\/yoast-seo-premium-wordpress\/ -->\n<title>Cooling Element for Pressure instrument - SJ Gauge | Pressure Gauges, Thermometers &amp; Pressure Sensors<\/title>\n<meta name=\"description\" content=\"PRA-C cooling elements protect pressure instruments from overheating when exposed to high-temperature media.\" \/>\n<meta name=\"robots\" content=\"index, follow, max-snippet:-1, max-image-preview:large, max-video-preview:-1\" \/>\n<link rel=\"canonical\" href=\"https:\/\/www.sj-gauge.com\/vi\/san-pham\/pra-c\/\" \/>\n<meta property=\"og:locale\" content=\"vi_VN\" \/>\n<meta property=\"og:type\" content=\"article\" \/>\n<meta property=\"og:title\" content=\"Cooling Element for Pressure instrument\" \/>\n<meta property=\"og:description\" content=\"PRA-C cooling elements protect pressure instruments from overheating when exposed to high-temperature media.\" \/>\n<meta property=\"og:url\" content=\"https:\/\/www.sj-gauge.com\/vi\/san-pham\/pra-c\/\" \/>\n<meta property=\"og:site_name\" content=\"SJ Gauge | Pressure Gauges, Thermometers &amp; Pressure Sensors\" \/>\n<meta property=\"article:modified_time\" content=\"2026-03-25T05:36:06+00:00\" \/>\n<meta property=\"og:image\" content=\"https:\/\/www.sj-gauge.com\/wp-content\/uploads\/2025\/11\/SJ-Gauge_cooling_element_for_measuring_instrument_L.jpg\" \/>\n\t<meta property=\"og:image:width\" content=\"1200\" \/>\n\t<meta property=\"og:image:height\" content=\"1000\" \/>\n\t<meta property=\"og:image:type\" content=\"image\/jpeg\" \/>\n<meta name=\"twitter:card\" content=\"summary_large_image\" \/>\n<meta name=\"twitter:label1\" content=\"\u01af\u1edbc t\u00ednh th\u1eddi gian \u0111\u1ecdc\" \/>\n\t<meta name=\"twitter:data1\" content=\"1 ph\u00fat\" \/>\n<script type=\"application\/ld+json\" class=\"yoast-schema-graph\">{\"@context\":\"https:\\\/\\\/schema.org\",\"@graph\":[{\"@type\":\"WebPage\",\"@id\":\"https:\\\/\\\/www.sj-gauge.com\\\/product\\\/pra-c\\\/\",\"url\":\"https:\\\/\\\/www.sj-gauge.com\\\/product\\\/pra-c\\\/\",\"name\":\"Cooling Element for Pressure instrument - SJ Gauge | Pressure Gauges, Thermometers &amp; Pressure Sensors\",\"isPartOf\":{\"@id\":\"https:\\\/\\\/www.sj-gauge.com\\\/#website\"},\"primaryImageOfPage\":{\"@id\":\"https:\\\/\\\/www.sj-gauge.com\\\/product\\\/pra-c\\\/#primaryimage\"},\"image\":{\"@id\":\"https:\\\/\\\/www.sj-gauge.com\\\/product\\\/pra-c\\\/#primaryimage\"},\"thumbnailUrl\":\"https:\\\/\\\/www.sj-gauge.com\\\/wp-content\\\/uploads\\\/2025\\\/11\\\/SJ-Gauge_cooling_element_for_measuring_instrument_L.jpg\",\"datePublished\":\"2025-11-20T07:08:26+00:00\",\"dateModified\":\"2026-03-25T05:36:06+00:00\",\"description\":\"PRA-C cooling elements protect pressure instruments from overheating when exposed to high-temperature media.\",\"breadcrumb\":{\"@id\":\"https:\\\/\\\/www.sj-gauge.com\\\/product\\\/pra-c\\\/#breadcrumb\"},\"inLanguage\":\"vi\",\"potentialAction\":[{\"@type\":\"ReadAction\",\"target\":[\"https:\\\/\\\/www.sj-gauge.com\\\/product\\\/pra-c\\\/\"]}]},{\"@type\":\"ImageObject\",\"inLanguage\":\"vi\",\"@id\":\"https:\\\/\\\/www.sj-gauge.com\\\/product\\\/pra-c\\\/#primaryimage\",\"url\":\"https:\\\/\\\/www.sj-gauge.com\\\/wp-content\\\/uploads\\\/2025\\\/11\\\/SJ-Gauge_cooling_element_for_measuring_instrument_L.jpg\",\"contentUrl\":\"https:\\\/\\\/www.sj-gauge.com\\\/wp-content\\\/uploads\\\/2025\\\/11\\\/SJ-Gauge_cooling_element_for_measuring_instrument_L.jpg\",\"width\":1200,\"height\":1000},{\"@type\":\"BreadcrumbList\",\"@id\":\"https:\\\/\\\/www.sj-gauge.com\\\/product\\\/pra-c\\\/#breadcrumb\",\"itemListElement\":[{\"@type\":\"ListItem\",\"position\":1,\"name\":\"Home\",\"item\":\"https:\\\/\\\/www.sj-gauge.com\\\/\"},{\"@type\":\"ListItem\",\"position\":2,\"name\":\"Products\",\"item\":\"https:\\\/\\\/www.sj-gauge.com\\\/products\\\/\"},{\"@type\":\"ListItem\",\"position\":3,\"name\":\"Cooling Element for Pressure instrument\"}]},{\"@type\":\"WebSite\",\"@id\":\"https:\\\/\\\/www.sj-gauge.com\\\/#website\",\"url\":\"https:\\\/\\\/www.sj-gauge.com\\\/\",\"name\":\"SJ Gauge | Pressure Gauges, Thermometers &amp; Pressure Sensors\",\"description\":\"Manufacturer of industrial pressure gauges, pressure sensors, and transmitters. SJ Gauge provides high accuracy, durable materials, and custom solutions for oil &amp; gas, chemical, and industrial applications.\",\"publisher\":{\"@id\":\"https:\\\/\\\/www.sj-gauge.com\\\/#organization\"},\"potentialAction\":[{\"@type\":\"SearchAction\",\"target\":{\"@type\":\"EntryPoint\",\"urlTemplate\":\"https:\\\/\\\/www.sj-gauge.com\\\/?s={search_term_string}\"},\"query-input\":{\"@type\":\"PropertyValueSpecification\",\"valueRequired\":true,\"valueName\":\"search_term_string\"}}],\"inLanguage\":\"vi\"},{\"@type\":\"Organization\",\"@id\":\"https:\\\/\\\/www.sj-gauge.com\\\/#organization\",\"name\":\"SJ Gauge | Pressure Gauges, Thermometers &amp; Pressure Sensors\",\"url\":\"https:\\\/\\\/www.sj-gauge.com\\\/\",\"logo\":{\"@type\":\"ImageObject\",\"inLanguage\":\"vi\",\"@id\":\"https:\\\/\\\/www.sj-gauge.com\\\/#\\\/schema\\\/logo\\\/image\\\/\",\"url\":\"https:\\\/\\\/www.sj-gauge.com\\\/wp-content\\\/uploads\\\/2025\\\/09\\\/logo.webp\",\"contentUrl\":\"https:\\\/\\\/www.sj-gauge.com\\\/wp-content\\\/uploads\\\/2025\\\/09\\\/logo.webp\",\"width\":348,\"height\":184,\"caption\":\"SJ Gauge | Pressure Gauges, Thermometers &amp; Pressure Sensors\"},\"image\":{\"@id\":\"https:\\\/\\\/www.sj-gauge.com\\\/#\\\/schema\\\/logo\\\/image\\\/\"}}]}<\/script>\n<!-- \/ Yoast SEO Premium plugin. -->","yoast_head_json":{"title":"B\u1ed9 ph\u1eadn l\u00e0m m\u00e1t cho thi\u1ebft b\u1ecb \u0111o \u00e1p su\u1ea5t - SJ Gauge | \u0110\u1ed3ng h\u1ed3 \u0111o \u00e1p su\u1ea5t, nhi\u1ec7t k\u1ebf v\u00e0 c\u1ea3m bi\u1ebfn \u00e1p su\u1ea5t","description":"C\u00e1c y\u1ebfu t\u1ed1 l\u00e0m m\u00e1t PRA-C b\u1ea3o v\u1ec7 c\u00e1c thi\u1ebft b\u1ecb \u0111o \u00e1p su\u1ea5t kh\u1ecfi b\u1ecb qu\u00e1 nhi\u1ec7t khi ti\u1ebfp x\u00fac v\u1edbi m\u00f4i tr\u01b0\u1eddng c\u00f3 nhi\u1ec7t \u0111\u1ed9 cao.","robots":{"index":"index","follow":"follow","max-snippet":"max-snippet:-1","max-image-preview":"max-image-preview:large","max-video-preview":"max-video-preview:-1"},"canonical":"https:\/\/www.sj-gauge.com\/vi\/san-pham\/pra-c\/","og_locale":"vi_VN","og_type":"article","og_title":"Cooling Element for Pressure instrument","og_description":"PRA-C cooling elements protect pressure instruments from overheating when exposed to high-temperature media.","og_url":"https:\/\/www.sj-gauge.com\/vi\/san-pham\/pra-c\/","og_site_name":"SJ Gauge | Pressure Gauges, Thermometers &amp; Pressure Sensors","article_modified_time":"2026-03-25T05:36:06+00:00","og_image":[{"width":1200,"height":1000,"url":"https:\/\/www.sj-gauge.com\/wp-content\/uploads\/2025\/11\/SJ-Gauge_cooling_element_for_measuring_instrument_L.jpg","type":"image\/jpeg"}],"twitter_card":"summary_large_image","twitter_misc":{"\u01af\u1edbc t\u00ednh th\u1eddi gian \u0111\u1ecdc":"1 ph\u00fat"},"schema":{"@context":"https:\/\/schema.org","@graph":[{"@type":"WebPage","@id":"https:\/\/www.sj-gauge.com\/product\/pra-c\/","url":"https:\/\/www.sj-gauge.com\/product\/pra-c\/","name":"B\u1ed9 ph\u1eadn l\u00e0m m\u00e1t cho thi\u1ebft b\u1ecb \u0111o \u00e1p su\u1ea5t - SJ Gauge | \u0110\u1ed3ng h\u1ed3 \u0111o \u00e1p su\u1ea5t, nhi\u1ec7t k\u1ebf v\u00e0 c\u1ea3m bi\u1ebfn \u00e1p su\u1ea5t","isPartOf":{"@id":"https:\/\/www.sj-gauge.com\/#website"},"primaryImageOfPage":{"@id":"https:\/\/www.sj-gauge.com\/product\/pra-c\/#primaryimage"},"image":{"@id":"https:\/\/www.sj-gauge.com\/product\/pra-c\/#primaryimage"},"thumbnailUrl":"https:\/\/www.sj-gauge.com\/wp-content\/uploads\/2025\/11\/SJ-Gauge_cooling_element_for_measuring_instrument_L.jpg","datePublished":"2025-11-20T07:08:26+00:00","dateModified":"2026-03-25T05:36:06+00:00","description":"C\u00e1c y\u1ebfu t\u1ed1 l\u00e0m m\u00e1t PRA-C b\u1ea3o v\u1ec7 c\u00e1c thi\u1ebft b\u1ecb \u0111o \u00e1p su\u1ea5t kh\u1ecfi b\u1ecb qu\u00e1 nhi\u1ec7t khi ti\u1ebfp x\u00fac v\u1edbi m\u00f4i tr\u01b0\u1eddng c\u00f3 nhi\u1ec7t \u0111\u1ed9 cao.","breadcrumb":{"@id":"https:\/\/www.sj-gauge.com\/product\/pra-c\/#breadcrumb"},"inLanguage":"vi","potentialAction":[{"@type":"ReadAction","target":["https:\/\/www.sj-gauge.com\/product\/pra-c\/"]}]},{"@type":"ImageObject","inLanguage":"vi","@id":"https:\/\/www.sj-gauge.com\/product\/pra-c\/#primaryimage","url":"https:\/\/www.sj-gauge.com\/wp-content\/uploads\/2025\/11\/SJ-Gauge_cooling_element_for_measuring_instrument_L.jpg","contentUrl":"https:\/\/www.sj-gauge.com\/wp-content\/uploads\/2025\/11\/SJ-Gauge_cooling_element_for_measuring_instrument_L.jpg","width":1200,"height":1000},{"@type":"BreadcrumbList","@id":"https:\/\/www.sj-gauge.com\/product\/pra-c\/#breadcrumb","itemListElement":[{"@type":"ListItem","position":1,"name":"Home","item":"https:\/\/www.sj-gauge.com\/"},{"@type":"ListItem","position":2,"name":"Products","item":"https:\/\/www.sj-gauge.com\/products\/"},{"@type":"ListItem","position":3,"name":"Cooling Element for Pressure instrument"}]},{"@type":"WebSite","@id":"https:\/\/www.sj-gauge.com\/#website","url":"https:\/\/www.sj-gauge.com\/","name":"SJ Gauge | \u0110\u1ed3ng h\u1ed3 \u0111o \u00e1p su\u1ea5t, nhi\u1ec7t k\u1ebf v\u00e0 c\u1ea3m bi\u1ebfn \u00e1p su\u1ea5t","description":"Nh\u00e0 s\u1ea3n xu\u1ea5t \u0111\u1ed3ng h\u1ed3 \u0111o \u00e1p su\u1ea5t c\u00f4ng nghi\u1ec7p, c\u1ea3m bi\u1ebfn \u00e1p su\u1ea5t v\u00e0 b\u1ed9 truy\u1ec1n t\u00edn hi\u1ec7u. SJ Gauge cung c\u1ea5p c\u00e1c s\u1ea3n ph\u1ea9m c\u00f3 \u0111\u1ed9 ch\u00ednh x\u00e1c cao, \u0111\u01b0\u1ee3c ch\u1ebf t\u1ea1o t\u1eeb v\u1eadt li\u1ec7u b\u1ec1n b\u1ec9 v\u00e0 c\u00e1c gi\u1ea3i ph\u00e1p t\u00f9y ch\u1ec9nh d\u00e0nh cho c\u00e1c \u1ee9ng d\u1ee5ng trong ng\u00e0nh d\u1ea7u kh\u00ed, h\u00f3a ch\u1ea5t v\u00e0 c\u00f4ng nghi\u1ec7p.","publisher":{"@id":"https:\/\/www.sj-gauge.com\/#organization"},"potentialAction":[{"@type":"SearchAction","target":{"@type":"EntryPoint","urlTemplate":"https:\/\/www.sj-gauge.com\/?s={search_term_string}"},"query-input":{"@type":"PropertyValueSpecification","valueRequired":true,"valueName":"search_term_string"}}],"inLanguage":"vi"},{"@type":"Organization","@id":"https:\/\/www.sj-gauge.com\/#organization","name":"SJ Gauge | \u0110\u1ed3ng h\u1ed3 \u0111o \u00e1p su\u1ea5t, nhi\u1ec7t k\u1ebf v\u00e0 c\u1ea3m bi\u1ebfn \u00e1p su\u1ea5t","url":"https:\/\/www.sj-gauge.com\/","logo":{"@type":"ImageObject","inLanguage":"vi","@id":"https:\/\/www.sj-gauge.com\/#\/schema\/logo\/image\/","url":"https:\/\/www.sj-gauge.com\/wp-content\/uploads\/2025\/09\/logo.webp","contentUrl":"https:\/\/www.sj-gauge.com\/wp-content\/uploads\/2025\/09\/logo.webp","width":348,"height":184,"caption":"SJ Gauge | Pressure Gauges, Thermometers &amp; Pressure Sensors"},"image":{"@id":"https:\/\/www.sj-gauge.com\/#\/schema\/logo\/image\/"}}]}},"_links":{"self":[{"href":"https:\/\/www.sj-gauge.com\/vi\/wp-json\/wp\/v2\/product\/2038","targetHints":{"allow":["GET"]}}],"collection":[{"href":"https:\/\/www.sj-gauge.com\/vi\/wp-json\/wp\/v2\/product"}],"about":[{"href":"https:\/\/www.sj-gauge.com\/vi\/wp-json\/wp\/v2\/types\/product"}],"wp:featuredmedia":[{"embeddable":true,"href":"https:\/\/www.sj-gauge.com\/vi\/wp-json\/wp\/v2\/media\/2042"}],"wp:attachment":[{"href":"https:\/\/www.sj-gauge.com\/vi\/wp-json\/wp\/v2\/media?parent=2038"}],"wp:term":[{"taxonomy":"product_brand","embeddable":true,"href":"https:\/\/www.sj-gauge.com\/vi\/wp-json\/wp\/v2\/product_brand?post=2038"},{"taxonomy":"product_cat","embeddable":true,"href":"https:\/\/www.sj-gauge.com\/vi\/wp-json\/wp\/v2\/product_cat?post=2038"},{"taxonomy":"product_tag","embeddable":true,"href":"https:\/\/www.sj-gauge.com\/vi\/wp-json\/wp\/v2\/product_tag?post=2038"}],"curies":[{"name":"wp","href":"https:\/\/api.w.org\/{rel}","templated":true}]}}