{"id":2441,"date":"2025-12-09T15:55:21","date_gmt":"2025-12-09T07:55:21","guid":{"rendered":"https:\/\/sj-gauge.com\/?post_type=product&#038;p=2441"},"modified":"2026-03-25T14:33:41","modified_gmt":"2026-03-25T06:33:41","slug":"401-402-403-404","status":"publish","type":"product","link":"https:\/\/www.sj-gauge.com\/vi\/san-pham\/401-402-403-404\/","title":{"rendered":"C\u1eb7p nhi\u1ec7t \u0111i\u1ec7n, lo\u1ea1i ch\u1ecbu nhi\u1ec7t \u0111\u1ed9 cao"},"content":{"rendered":"<p>D\u00f2ng \u0111\u1ea7u \u0111o nhi\u1ec7t \u0111i\u1ec7n tr\u1edf 40X \u0111\u01b0\u1ee3c thi\u1ebft k\u1ebf v\u1edbi c\u1ea5u tr\u00fac c\u00f3 l\u00f2 xo \u0111\u1ec3 h\u1ea5p th\u1ee5 \u1ee9ng su\u1ea5t gi\u00e3n n\u1edf nhi\u1ec7t v\u00e0 \u0111\u1ea3m b\u1ea3o \u0111o nhi\u1ec7t \u0111\u1ed9 \u1ed5n \u0111\u1ecbnh, l\u00e2u d\u00e0i. S\u1ea3n ph\u1ea9m c\u00f3 s\u1eb5n c\u00e1c lo\u1ea1i l\u1eafp \u0111\u1eb7t th\u00f4ng th\u01b0\u1eddng, c\u00f3 ren v\u00e0 c\u00f3 flange, v\u00e0 h\u1ed7 tr\u1ee3 c\u1ea3m bi\u1ebfn \u0111\u01a1n ho\u1eb7c \u0111\u00f4i. \u0110\u01b0\u1eddng k\u00ednh \u1ed1ng dao \u0111\u1ed9ng t\u1eeb 6.0D \u0111\u1ebfn 17D, v\u1edbi chi\u1ec1u d\u00e0i \u1ed1ng v\u00e0 v\u1eadt li\u1ec7u c\u00f3 th\u1ec3 t\u00f9y ch\u1ec9nh bao g\u1ed3m Ceramic 610, Ceramic 710 v\u00e0 Inconel. D\u00f2ng 40X \u0111\u01b0\u1ee3c s\u1eed d\u1ee5ng r\u1ed9ng r\u00e3i trong l\u00f2 h\u01a1i, l\u00f2 nung, qu\u00e1 tr\u00ecnh h\u00f3a d\u1ea7u, l\u00f2 nung g\u1ed1m v\u00e0 c\u00e1c \u1ee9ng d\u1ee5ng c\u00f4ng nghi\u1ec7p nhi\u1ec7t \u0111\u1ed9 cao kh\u00e1c.<\/p>","protected":false},"excerpt":{"rendered":"<ul>\n<li><span data-path-to-node=\"3,0,0,6\"><span class=\"citation-22\">Cung c\u1ea5p c\u00e1c lo\u1ea1i van th\u00f4ng d\u1ee5ng, van \u0111i\u1ec1u ch\u1ec9nh v\u00e0 van m\u1eb7t b\u00edch v\u1edbi c\u00e1c \u0111\u1ea7u van c\u00f4ng nghi\u1ec7p \u0111a d\u1ea1ng nh\u01b0 KT, KN v\u00e0 KS<\/span><\/span><\/li>\n<li>H\u1ed7 tr\u1ee3 c\u00e1c th\u00e0nh ph\u1ea7n \u0111\u01a1n h\u01b0\u1edbng\/hai h\u01b0\u1edbng v\u1edbi \u0111\u01b0\u1eddng k\u00ednh \u1ed1ng, chi\u1ec1u d\u00e0i c\u00f3 th\u1ec3 t\u00f9y ch\u1ec9nh v\u00e0 v\u1eadt li\u1ec7u ch\u1ecbu nhi\u1ec7t \u0111\u1ed9 cao<\/li>\n<li>S\u1eed d\u1ee5ng \u1ed1ng g\u1ed1m ho\u1eb7c \u1ed1ng Inconel v\u1edbi thi\u1ebft k\u1ebf gi\u1ea3m \u00e1p b\u1eb1ng l\u00f2 xo \u0111\u1ec3 \u0111\u1ea3m b\u1ea3o \u0111\u1ed9 b\u1ec1n v\u00e0 t\u00ednh \u1ed5n \u0111\u1ecbnh \u1edf nhi\u1ec7t \u0111\u1ed9 cao<\/li>\n<\/ul>","protected":false},"featured_media":2323,"template":"","meta":{"_acf_changed":false},"product_brand":[40],"product_cat":[43,48],"product_tag":[],"class_list":{"0":"post-2441","1":"product","2":"type-product","3":"status-publish","4":"has-post-thumbnail","6":"product_brand-sj-gauge","7":"product_cat-temperature-instruments","8":"product_cat-thermocouples","10":"first","11":"instock","12":"shipping-taxable","13":"product-type-simple"},"acf":[],"yoast_head":"<!-- This site is optimized with the Yoast SEO Premium plugin v26.7 (Yoast SEO v26.7) - https:\/\/yoast.com\/wordpress\/plugins\/seo\/ -->\n<title>Thermocouple, High-Temperature Type - Your Expert in Pressure Temp and Smart Transmitters - SJ Gauge<\/title>\n<meta name=\"robots\" content=\"index, follow, max-snippet:-1, max-image-preview:large, max-video-preview:-1\" \/>\n<link rel=\"canonical\" href=\"https:\/\/www.sj-gauge.com\/vi\/san-pham\/401-402-403-404\/\" \/>\n<meta property=\"og:locale\" content=\"vi_VN\" \/>\n<meta property=\"og:type\" content=\"article\" \/>\n<meta property=\"og:title\" content=\"Thermocouple, High-Temperature Type\" \/>\n<meta property=\"og:description\" content=\"Offers general, fitting, and flange types with various industrial heads like KT, KN, and KS  Supports simplex\/duplex elements with customizable tube diameters, lengths, and high-temperature materials  Features ceramic or Inconel tubes with spring relief design to ensure durability and high-temperature stability\" \/>\n<meta property=\"og:url\" content=\"https:\/\/www.sj-gauge.com\/vi\/san-pham\/401-402-403-404\/\" \/>\n<meta property=\"og:site_name\" content=\"Your Expert in Pressure Temp and Smart Transmitters - SJ Gauge\" \/>\n<meta property=\"article:modified_time\" content=\"2026-03-25T06:33:41+00:00\" \/>\n<meta property=\"og:image\" content=\"https:\/\/www.sj-gauge.com\/wp-content\/uploads\/2025\/11\/SJ-Gauge_high-temperature_type_thermocouple_401_L.jpg\" \/>\n\t<meta property=\"og:image:width\" content=\"1200\" \/>\n\t<meta property=\"og:image:height\" content=\"1000\" \/>\n\t<meta property=\"og:image:type\" content=\"image\/jpeg\" \/>\n<meta name=\"twitter:card\" content=\"summary_large_image\" \/>\n<meta name=\"twitter:label1\" content=\"\u01af\u1edbc t\u00ednh th\u1eddi gian \u0111\u1ecdc\" \/>\n\t<meta name=\"twitter:data1\" content=\"1 ph\u00fat\" \/>\n<script type=\"application\/ld+json\" class=\"yoast-schema-graph\">{\"@context\":\"https:\/\/schema.org\",\"@graph\":[{\"@type\":\"WebPage\",\"@id\":\"https:\/\/www.sj-gauge.com\/product\/401-402-403-404\/\",\"url\":\"https:\/\/www.sj-gauge.com\/product\/401-402-403-404\/\",\"name\":\"Thermocouple, High-Temperature Type - Your Expert in Pressure Temp and Smart Transmitters - SJ Gauge\",\"isPartOf\":{\"@id\":\"https:\/\/www.sj-gauge.com\/#website\"},\"primaryImageOfPage\":{\"@id\":\"https:\/\/www.sj-gauge.com\/product\/401-402-403-404\/#primaryimage\"},\"image\":{\"@id\":\"https:\/\/www.sj-gauge.com\/product\/401-402-403-404\/#primaryimage\"},\"thumbnailUrl\":\"https:\/\/www.sj-gauge.com\/wp-content\/uploads\/2025\/11\/SJ-Gauge_high-temperature_type_thermocouple_401_L.jpg\",\"datePublished\":\"2025-12-09T07:55:21+00:00\",\"dateModified\":\"2026-03-25T06:33:41+00:00\",\"breadcrumb\":{\"@id\":\"https:\/\/www.sj-gauge.com\/product\/401-402-403-404\/#breadcrumb\"},\"inLanguage\":\"vi\",\"potentialAction\":[{\"@type\":\"ReadAction\",\"target\":[\"https:\/\/www.sj-gauge.com\/product\/401-402-403-404\/\"]}]},{\"@type\":\"ImageObject\",\"inLanguage\":\"vi\",\"@id\":\"https:\/\/www.sj-gauge.com\/product\/401-402-403-404\/#primaryimage\",\"url\":\"https:\/\/www.sj-gauge.com\/wp-content\/uploads\/2025\/11\/SJ-Gauge_high-temperature_type_thermocouple_401_L.jpg\",\"contentUrl\":\"https:\/\/www.sj-gauge.com\/wp-content\/uploads\/2025\/11\/SJ-Gauge_high-temperature_type_thermocouple_401_L.jpg\",\"width\":1200,\"height\":1000},{\"@type\":\"BreadcrumbList\",\"@id\":\"https:\/\/www.sj-gauge.com\/product\/401-402-403-404\/#breadcrumb\",\"itemListElement\":[{\"@type\":\"ListItem\",\"position\":1,\"name\":\"Home\",\"item\":\"https:\/\/www.sj-gauge.com\/\"},{\"@type\":\"ListItem\",\"position\":2,\"name\":\"Products\",\"item\":\"https:\/\/www.sj-gauge.com\/products\/\"},{\"@type\":\"ListItem\",\"position\":3,\"name\":\"Thermocouple, High-Temperature Type\"}]},{\"@type\":\"WebSite\",\"@id\":\"https:\/\/www.sj-gauge.com\/#website\",\"url\":\"https:\/\/www.sj-gauge.com\/\",\"name\":\"Your Expert in Pressure Temp and Smart Transmitters - SJ Gauge\",\"description\":\"Manufacturer of industrial pressure gauges, pressure sensors, and transmitters. SJ Gauge provides high accuracy, durable materials, and custom solutions for oil &amp; gas, chemical, and industrial applications.\",\"publisher\":{\"@id\":\"https:\/\/www.sj-gauge.com\/#organization\"},\"potentialAction\":[{\"@type\":\"SearchAction\",\"target\":{\"@type\":\"EntryPoint\",\"urlTemplate\":\"https:\/\/www.sj-gauge.com\/?s={search_term_string}\"},\"query-input\":{\"@type\":\"PropertyValueSpecification\",\"valueRequired\":true,\"valueName\":\"search_term_string\"}}],\"inLanguage\":\"vi\"},{\"@type\":\"Organization\",\"@id\":\"https:\/\/www.sj-gauge.com\/#organization\",\"name\":\"Your Expert in Pressure Temp and Smart Transmitters - SJ Gauge\",\"url\":\"https:\/\/www.sj-gauge.com\/\",\"logo\":{\"@type\":\"ImageObject\",\"inLanguage\":\"vi\",\"@id\":\"https:\/\/www.sj-gauge.com\/#\/schema\/logo\/image\/\",\"url\":\"https:\/\/www.sj-gauge.com\/wp-content\/uploads\/2025\/09\/logo.webp\",\"contentUrl\":\"https:\/\/www.sj-gauge.com\/wp-content\/uploads\/2025\/09\/logo.webp\",\"width\":348,\"height\":184,\"caption\":\"Your Expert in Pressure Temp and Smart Transmitters - SJ Gauge\"},\"image\":{\"@id\":\"https:\/\/www.sj-gauge.com\/#\/schema\/logo\/image\/\"}}]}<\/script>\n<!-- \/ Yoast SEO Premium plugin. -->","yoast_head_json":{"title":"C\u1eb7p nhi\u1ec7t \u0111i\u1ec7n, lo\u1ea1i ch\u1ecbu nhi\u1ec7t \u0111\u1ed9 cao - Chuy\u00ean gia v\u1ec1 c\u1ea3m bi\u1ebfn \u00e1p su\u1ea5t, nhi\u1ec7t \u0111\u1ed9 v\u00e0 b\u1ed9 truy\u1ec1n t\u00edn hi\u1ec7u th\u00f4ng minh - SJ Gauge","robots":{"index":"index","follow":"follow","max-snippet":"max-snippet:-1","max-image-preview":"max-image-preview:large","max-video-preview":"max-video-preview:-1"},"canonical":"https:\/\/www.sj-gauge.com\/vi\/san-pham\/401-402-403-404\/","og_locale":"vi_VN","og_type":"article","og_title":"Thermocouple, High-Temperature Type","og_description":"Offers general, fitting, and flange types with various industrial heads like KT, KN, and KS  Supports simplex\/duplex elements with customizable tube diameters, lengths, and high-temperature materials  Features ceramic or Inconel tubes with spring relief design to ensure durability and high-temperature stability","og_url":"https:\/\/www.sj-gauge.com\/vi\/san-pham\/401-402-403-404\/","og_site_name":"Your Expert in Pressure Temp and Smart Transmitters - SJ Gauge","article_modified_time":"2026-03-25T06:33:41+00:00","og_image":[{"width":1200,"height":1000,"url":"https:\/\/www.sj-gauge.com\/wp-content\/uploads\/2025\/11\/SJ-Gauge_high-temperature_type_thermocouple_401_L.jpg","type":"image\/jpeg"}],"twitter_card":"summary_large_image","twitter_misc":{"\u01af\u1edbc t\u00ednh th\u1eddi gian \u0111\u1ecdc":"1 ph\u00fat"},"schema":{"@context":"https:\/\/schema.org","@graph":[{"@type":"WebPage","@id":"https:\/\/www.sj-gauge.com\/product\/401-402-403-404\/","url":"https:\/\/www.sj-gauge.com\/product\/401-402-403-404\/","name":"C\u1eb7p nhi\u1ec7t \u0111i\u1ec7n, lo\u1ea1i ch\u1ecbu nhi\u1ec7t \u0111\u1ed9 cao - Chuy\u00ean gia v\u1ec1 c\u1ea3m bi\u1ebfn \u00e1p su\u1ea5t, nhi\u1ec7t \u0111\u1ed9 v\u00e0 b\u1ed9 truy\u1ec1n t\u00edn hi\u1ec7u th\u00f4ng minh - SJ Gauge","isPartOf":{"@id":"https:\/\/www.sj-gauge.com\/#website"},"primaryImageOfPage":{"@id":"https:\/\/www.sj-gauge.com\/product\/401-402-403-404\/#primaryimage"},"image":{"@id":"https:\/\/www.sj-gauge.com\/product\/401-402-403-404\/#primaryimage"},"thumbnailUrl":"https:\/\/www.sj-gauge.com\/wp-content\/uploads\/2025\/11\/SJ-Gauge_high-temperature_type_thermocouple_401_L.jpg","datePublished":"2025-12-09T07:55:21+00:00","dateModified":"2026-03-25T06:33:41+00:00","breadcrumb":{"@id":"https:\/\/www.sj-gauge.com\/product\/401-402-403-404\/#breadcrumb"},"inLanguage":"vi","potentialAction":[{"@type":"ReadAction","target":["https:\/\/www.sj-gauge.com\/product\/401-402-403-404\/"]}]},{"@type":"ImageObject","inLanguage":"vi","@id":"https:\/\/www.sj-gauge.com\/product\/401-402-403-404\/#primaryimage","url":"https:\/\/www.sj-gauge.com\/wp-content\/uploads\/2025\/11\/SJ-Gauge_high-temperature_type_thermocouple_401_L.jpg","contentUrl":"https:\/\/www.sj-gauge.com\/wp-content\/uploads\/2025\/11\/SJ-Gauge_high-temperature_type_thermocouple_401_L.jpg","width":1200,"height":1000},{"@type":"BreadcrumbList","@id":"https:\/\/www.sj-gauge.com\/product\/401-402-403-404\/#breadcrumb","itemListElement":[{"@type":"ListItem","position":1,"name":"Home","item":"https:\/\/www.sj-gauge.com\/"},{"@type":"ListItem","position":2,"name":"Products","item":"https:\/\/www.sj-gauge.com\/products\/"},{"@type":"ListItem","position":3,"name":"Thermocouple, High-Temperature Type"}]},{"@type":"WebSite","@id":"https:\/\/www.sj-gauge.com\/#website","url":"https:\/\/www.sj-gauge.com\/","name":"Chuy\u00ean gia v\u1ec1 c\u1ea3m bi\u1ebfn \u00e1p su\u1ea5t, nhi\u1ec7t \u0111\u1ed9 v\u00e0 c\u1ea3m bi\u1ebfn th\u00f4ng minh - SJ Gauge","description":"Nh\u00e0 s\u1ea3n xu\u1ea5t \u0111\u1ed3ng h\u1ed3 \u0111o \u00e1p su\u1ea5t c\u00f4ng nghi\u1ec7p, c\u1ea3m bi\u1ebfn \u00e1p su\u1ea5t v\u00e0 b\u1ed9 truy\u1ec1n t\u00edn hi\u1ec7u. SJ Gauge cung c\u1ea5p c\u00e1c s\u1ea3n ph\u1ea9m c\u00f3 \u0111\u1ed9 ch\u00ednh x\u00e1c cao, \u0111\u01b0\u1ee3c ch\u1ebf t\u1ea1o t\u1eeb v\u1eadt li\u1ec7u b\u1ec1n b\u1ec9 v\u00e0 c\u00e1c gi\u1ea3i ph\u00e1p t\u00f9y ch\u1ec9nh d\u00e0nh cho c\u00e1c \u1ee9ng d\u1ee5ng trong ng\u00e0nh d\u1ea7u kh\u00ed, h\u00f3a ch\u1ea5t v\u00e0 c\u00f4ng nghi\u1ec7p.","publisher":{"@id":"https:\/\/www.sj-gauge.com\/#organization"},"potentialAction":[{"@type":"SearchAction","target":{"@type":"EntryPoint","urlTemplate":"https:\/\/www.sj-gauge.com\/?s={search_term_string}"},"query-input":{"@type":"PropertyValueSpecification","valueRequired":true,"valueName":"search_term_string"}}],"inLanguage":"vi"},{"@type":"Organization","@id":"https:\/\/www.sj-gauge.com\/#organization","name":"Chuy\u00ean gia v\u1ec1 c\u1ea3m bi\u1ebfn \u00e1p su\u1ea5t, nhi\u1ec7t \u0111\u1ed9 v\u00e0 c\u1ea3m bi\u1ebfn th\u00f4ng minh - SJ Gauge","url":"https:\/\/www.sj-gauge.com\/","logo":{"@type":"ImageObject","inLanguage":"vi","@id":"https:\/\/www.sj-gauge.com\/#\/schema\/logo\/image\/","url":"https:\/\/www.sj-gauge.com\/wp-content\/uploads\/2025\/09\/logo.webp","contentUrl":"https:\/\/www.sj-gauge.com\/wp-content\/uploads\/2025\/09\/logo.webp","width":348,"height":184,"caption":"Your Expert in Pressure Temp and Smart Transmitters - SJ Gauge"},"image":{"@id":"https:\/\/www.sj-gauge.com\/#\/schema\/logo\/image\/"}}]}},"_links":{"self":[{"href":"https:\/\/www.sj-gauge.com\/vi\/wp-json\/wp\/v2\/product\/2441","targetHints":{"allow":["GET"]}}],"collection":[{"href":"https:\/\/www.sj-gauge.com\/vi\/wp-json\/wp\/v2\/product"}],"about":[{"href":"https:\/\/www.sj-gauge.com\/vi\/wp-json\/wp\/v2\/types\/product"}],"wp:featuredmedia":[{"embeddable":true,"href":"https:\/\/www.sj-gauge.com\/vi\/wp-json\/wp\/v2\/media\/2323"}],"wp:attachment":[{"href":"https:\/\/www.sj-gauge.com\/vi\/wp-json\/wp\/v2\/media?parent=2441"}],"wp:term":[{"taxonomy":"product_brand","embeddable":true,"href":"https:\/\/www.sj-gauge.com\/vi\/wp-json\/wp\/v2\/product_brand?post=2441"},{"taxonomy":"product_cat","embeddable":true,"href":"https:\/\/www.sj-gauge.com\/vi\/wp-json\/wp\/v2\/product_cat?post=2441"},{"taxonomy":"product_tag","embeddable":true,"href":"https:\/\/www.sj-gauge.com\/vi\/wp-json\/wp\/v2\/product_tag?post=2441"}],"curies":[{"name":"wp","href":"https:\/\/api.w.org\/{rel}","templated":true}]}}