{"id":2442,"date":"2025-12-09T16:10:53","date_gmt":"2025-12-09T08:10:53","guid":{"rendered":"https:\/\/sj-gauge.com\/?post_type=product&#038;p=2442"},"modified":"2026-04-23T16:09:18","modified_gmt":"2026-04-23T08:09:18","slug":"501-502-503","status":"publish","type":"product","link":"https:\/\/www.sj-gauge.com\/vi\/san-pham\/501-502-503\/","title":{"rendered":"C\u1ea3m bi\u1ebfn nhi\u1ec7t \u0111\u1ed9 kh\u00e1ng \u0111i\u1ec7n, lo\u1ea1i d\u00e2y d\u1eabn"},"content":{"rendered":"<p>C\u1ea3m bi\u1ebfn nhi\u1ec7t \u0111\u1ed9 lo\u1ea1i d\u00e2y d\u1eabn 50X RTD c\u00f3 thi\u1ebft k\u1ebf l\u1eafp \u0111\u1eb7t b\u1eb1ng v\u00edt, c\u1eafm v\u00e0 kh\u00f3a bayonet, ph\u00f9 h\u1ee3p cho c\u00e1c \u1ee9ng d\u1ee5ng \u0111o nhi\u1ec7t \u0111\u1ed9 c\u00f4ng nghi\u1ec7p \u0111a d\u1ea1ng. C\u1ea3m bi\u1ebfn h\u1ed7 tr\u1ee3 c\u00e1c y\u1ebfu t\u1ed1 c\u1ea3m bi\u1ebfn \u0111\u01a1n ho\u1eb7c k\u00e9p v\u1edbi t\u00edn hi\u1ec7u \u0111\u1ea7u ra bao g\u1ed3m PT100, PT500 v\u00e0 PT1000. C\u00f3 s\u1eb5n nhi\u1ec1u k\u00edch th\u01b0\u1edbc \u0111\u1ea7u d\u00f2 (3,2\u201312,7 mm), chi\u1ec1u d\u00e0i (50\u2013200 mm) v\u00e0 chi\u1ec1u d\u00e0i d\u00e2y (1\u20135 m). C\u00e1c t\u00f9y ch\u1ecdn v\u1eadt li\u1ec7u bao g\u1ed3m SUS304, SUS316, titan v\u00e0 Teflon. C\u00e1c ph\u1ee5 ki\u1ec7n k\u1ebft n\u1ed1i \u0111a d\u1ea1ng nh\u01b0 l\u00f2 xo, \u1ed1ng co nhi\u1ec7t v\u00e0 c\u1ea5u tr\u00fac kh\u00f3a gi\u00fap c\u1ea3m bi\u1ebfn ph\u00f9 h\u1ee3p cho m\u00e1y m\u00f3c, \u0111\u01b0\u1eddng \u1ed1ng qu\u00e1 tr\u00ecnh, thi\u1ebft b\u1ecb t\u1ef1 \u0111\u1ed9ng h\u00f3a v\u00e0 h\u1ec7 th\u1ed1ng \u0111i\u1ec1u khi\u1ec3n nhi\u1ec7t \u0111\u1ed9.<\/p>","protected":false},"excerpt":{"rendered":"<ul>\n<li>RTD ch\u00ednh x\u00e1c h\u01a1n so v\u1edbi c\u1eb7p nhi\u1ec7t \u0111i\u1ec7n v\u00e0 \u0111i\u1ec1u n\u00e0y \u0111\u1eb7c bi\u1ec7t \u0111\u00fang \u1edf c\u00e1c d\u1ea3i nhi\u1ec7t \u0111\u1ed9 th\u1ea5p.<\/li>\n<li>C\u1ea3m bi\u1ebfn nhi\u1ec7t \u0111\u1ed9 \u0111i\u1ec7n tr\u1edf c\u0169ng \u1ed5n \u0111\u1ecbnh h\u01a1n v\u00e0 c\u00f3 \u0111\u1ed9 tuy\u1ebfn t\u00ednh t\u1ed1t h\u01a1n so v\u1edbi c\u1eb7p nhi\u1ec7t \u0111i\u1ec7n.<\/li>\n<\/ul>","protected":false},"featured_media":2326,"template":"","meta":{"_acf_changed":false},"product_brand":[40],"product_cat":[47,43],"product_tag":[],"class_list":{"0":"post-2442","1":"product","2":"type-product","3":"status-publish","4":"has-post-thumbnail","6":"product_brand-sj-gauge","7":"product_cat-rtds","8":"product_cat-temperature-instruments","10":"first","11":"instock","12":"shipping-taxable","13":"product-type-simple"},"acf":[],"yoast_head":"<!-- This site is optimized with the Yoast SEO Premium plugin v26.7 (Yoast SEO v27.4) - https:\/\/yoast.com\/product\/yoast-seo-premium-wordpress\/ -->\n<title>Resistance Temperature Detectors, Lead Wire Type - SJ Gauge | Pressure Gauges, Thermometers &amp; Pressure Sensors<\/title>\n<meta name=\"description\" content=\"Lead wire type RTD is a highly accurate temperature sensor using platinum resistance. Common types include PT100 and PT1000. Ideal for industrial automation\" \/>\n<meta name=\"robots\" content=\"index, follow, max-snippet:-1, max-image-preview:large, max-video-preview:-1\" \/>\n<link rel=\"canonical\" href=\"https:\/\/www.sj-gauge.com\/vi\/san-pham\/501-502-503\/\" \/>\n<meta property=\"og:locale\" content=\"vi_VN\" \/>\n<meta property=\"og:type\" content=\"article\" \/>\n<meta property=\"og:title\" content=\"Resistance Temperature Detectors, Lead Wire Type\" \/>\n<meta property=\"og:description\" content=\"Lead wire type RTD is a highly accurate temperature sensor using platinum resistance. Common types include PT100 and PT1000. Ideal for industrial automation\" \/>\n<meta property=\"og:url\" content=\"https:\/\/www.sj-gauge.com\/vi\/san-pham\/501-502-503\/\" \/>\n<meta property=\"og:site_name\" content=\"SJ Gauge | Pressure Gauges, Thermometers &amp; Pressure Sensors\" \/>\n<meta property=\"article:modified_time\" content=\"2026-04-23T08:09:18+00:00\" \/>\n<meta property=\"og:image\" content=\"https:\/\/www.sj-gauge.com\/wp-content\/uploads\/2025\/11\/SJ-Gauge_lead-wire_type_resistance_temperature_detector_501_L.jpg\" \/>\n\t<meta property=\"og:image:width\" content=\"1200\" \/>\n\t<meta property=\"og:image:height\" content=\"1000\" \/>\n\t<meta property=\"og:image:type\" content=\"image\/jpeg\" \/>\n<meta name=\"twitter:card\" content=\"summary_large_image\" \/>\n<meta name=\"twitter:label1\" content=\"\u01af\u1edbc t\u00ednh th\u1eddi gian \u0111\u1ecdc\" \/>\n\t<meta name=\"twitter:data1\" content=\"1 ph\u00fat\" \/>\n<script type=\"application\/ld+json\" class=\"yoast-schema-graph\">{\"@context\":\"https:\\\/\\\/schema.org\",\"@graph\":[{\"@type\":\"WebPage\",\"@id\":\"https:\\\/\\\/www.sj-gauge.com\\\/product\\\/501-502-503\\\/\",\"url\":\"https:\\\/\\\/www.sj-gauge.com\\\/product\\\/501-502-503\\\/\",\"name\":\"Resistance Temperature Detectors, Lead Wire Type - SJ Gauge | Pressure Gauges, Thermometers &amp; Pressure Sensors\",\"isPartOf\":{\"@id\":\"https:\\\/\\\/www.sj-gauge.com\\\/#website\"},\"primaryImageOfPage\":{\"@id\":\"https:\\\/\\\/www.sj-gauge.com\\\/product\\\/501-502-503\\\/#primaryimage\"},\"image\":{\"@id\":\"https:\\\/\\\/www.sj-gauge.com\\\/product\\\/501-502-503\\\/#primaryimage\"},\"thumbnailUrl\":\"https:\\\/\\\/www.sj-gauge.com\\\/wp-content\\\/uploads\\\/2025\\\/11\\\/SJ-Gauge_lead-wire_type_resistance_temperature_detector_501_L.jpg\",\"datePublished\":\"2025-12-09T08:10:53+00:00\",\"dateModified\":\"2026-04-23T08:09:18+00:00\",\"description\":\"Lead wire type RTD is a highly accurate temperature sensor using platinum resistance. Common types include PT100 and PT1000. Ideal for industrial automation\",\"breadcrumb\":{\"@id\":\"https:\\\/\\\/www.sj-gauge.com\\\/product\\\/501-502-503\\\/#breadcrumb\"},\"inLanguage\":\"vi\",\"potentialAction\":[{\"@type\":\"ReadAction\",\"target\":[\"https:\\\/\\\/www.sj-gauge.com\\\/product\\\/501-502-503\\\/\"]}]},{\"@type\":\"ImageObject\",\"inLanguage\":\"vi\",\"@id\":\"https:\\\/\\\/www.sj-gauge.com\\\/product\\\/501-502-503\\\/#primaryimage\",\"url\":\"https:\\\/\\\/www.sj-gauge.com\\\/wp-content\\\/uploads\\\/2025\\\/11\\\/SJ-Gauge_lead-wire_type_resistance_temperature_detector_501_L.jpg\",\"contentUrl\":\"https:\\\/\\\/www.sj-gauge.com\\\/wp-content\\\/uploads\\\/2025\\\/11\\\/SJ-Gauge_lead-wire_type_resistance_temperature_detector_501_L.jpg\",\"width\":1200,\"height\":1000},{\"@type\":\"BreadcrumbList\",\"@id\":\"https:\\\/\\\/www.sj-gauge.com\\\/product\\\/501-502-503\\\/#breadcrumb\",\"itemListElement\":[{\"@type\":\"ListItem\",\"position\":1,\"name\":\"Home\",\"item\":\"https:\\\/\\\/www.sj-gauge.com\\\/\"},{\"@type\":\"ListItem\",\"position\":2,\"name\":\"Products\",\"item\":\"https:\\\/\\\/www.sj-gauge.com\\\/products\\\/\"},{\"@type\":\"ListItem\",\"position\":3,\"name\":\"Resistance Temperature Detectors, Lead Wire Type\"}]},{\"@type\":\"WebSite\",\"@id\":\"https:\\\/\\\/www.sj-gauge.com\\\/#website\",\"url\":\"https:\\\/\\\/www.sj-gauge.com\\\/\",\"name\":\"SJ Gauge | Pressure Gauges, Thermometers &amp; Pressure Sensors\",\"description\":\"Manufacturer of industrial pressure gauges, pressure sensors, and transmitters. SJ Gauge provides high accuracy, durable materials, and custom solutions for oil &amp; gas, chemical, and industrial applications.\",\"publisher\":{\"@id\":\"https:\\\/\\\/www.sj-gauge.com\\\/#organization\"},\"potentialAction\":[{\"@type\":\"SearchAction\",\"target\":{\"@type\":\"EntryPoint\",\"urlTemplate\":\"https:\\\/\\\/www.sj-gauge.com\\\/?s={search_term_string}\"},\"query-input\":{\"@type\":\"PropertyValueSpecification\",\"valueRequired\":true,\"valueName\":\"search_term_string\"}}],\"inLanguage\":\"vi\"},{\"@type\":\"Organization\",\"@id\":\"https:\\\/\\\/www.sj-gauge.com\\\/#organization\",\"name\":\"SJ Gauge | Pressure Gauges, Thermometers &amp; Pressure Sensors\",\"url\":\"https:\\\/\\\/www.sj-gauge.com\\\/\",\"logo\":{\"@type\":\"ImageObject\",\"inLanguage\":\"vi\",\"@id\":\"https:\\\/\\\/www.sj-gauge.com\\\/#\\\/schema\\\/logo\\\/image\\\/\",\"url\":\"https:\\\/\\\/www.sj-gauge.com\\\/wp-content\\\/uploads\\\/2025\\\/09\\\/logo.webp\",\"contentUrl\":\"https:\\\/\\\/www.sj-gauge.com\\\/wp-content\\\/uploads\\\/2025\\\/09\\\/logo.webp\",\"width\":348,\"height\":184,\"caption\":\"SJ Gauge | Pressure Gauges, Thermometers &amp; Pressure Sensors\"},\"image\":{\"@id\":\"https:\\\/\\\/www.sj-gauge.com\\\/#\\\/schema\\\/logo\\\/image\\\/\"}}]}<\/script>\n<!-- \/ Yoast SEO Premium plugin. -->","yoast_head_json":{"title":"C\u1ea3m bi\u1ebfn nhi\u1ec7t \u0111\u1ed9 \u0111i\u1ec7n tr\u1edf, lo\u1ea1i d\u00e2y d\u1eabn - SJ Gauge | \u0110\u1ed3ng h\u1ed3 \u0111o \u00e1p su\u1ea5t, nhi\u1ec7t k\u1ebf &amp; c\u1ea3m bi\u1ebfn \u00e1p su\u1ea5t","description":"C\u1ea3m bi\u1ebfn nhi\u1ec7t \u0111\u1ed9 RTD lo\u1ea1i d\u00e2y d\u1eabn l\u00e0 m\u1ed9t lo\u1ea1i c\u1ea3m bi\u1ebfn nhi\u1ec7t \u0111\u1ed9 c\u00f3 \u0111\u1ed9 ch\u00ednh x\u00e1c cao s\u1eed d\u1ee5ng \u0111i\u1ec7n tr\u1edf b\u1ea1ch kim. C\u00e1c lo\u1ea1i ph\u1ed5 bi\u1ebfn bao g\u1ed3m PT100 v\u00e0 PT1000. Ph\u00f9 h\u1ee3p cho t\u1ef1 \u0111\u1ed9ng h\u00f3a c\u00f4ng nghi\u1ec7p.","robots":{"index":"index","follow":"follow","max-snippet":"max-snippet:-1","max-image-preview":"max-image-preview:large","max-video-preview":"max-video-preview:-1"},"canonical":"https:\/\/www.sj-gauge.com\/vi\/san-pham\/501-502-503\/","og_locale":"vi_VN","og_type":"article","og_title":"Resistance Temperature Detectors, Lead Wire Type","og_description":"Lead wire type RTD is a highly accurate temperature sensor using platinum resistance. Common types include PT100 and PT1000. Ideal for industrial automation","og_url":"https:\/\/www.sj-gauge.com\/vi\/san-pham\/501-502-503\/","og_site_name":"SJ Gauge | Pressure Gauges, Thermometers &amp; Pressure Sensors","article_modified_time":"2026-04-23T08:09:18+00:00","og_image":[{"width":1200,"height":1000,"url":"https:\/\/www.sj-gauge.com\/wp-content\/uploads\/2025\/11\/SJ-Gauge_lead-wire_type_resistance_temperature_detector_501_L.jpg","type":"image\/jpeg"}],"twitter_card":"summary_large_image","twitter_misc":{"\u01af\u1edbc t\u00ednh th\u1eddi gian \u0111\u1ecdc":"1 ph\u00fat"},"schema":{"@context":"https:\/\/schema.org","@graph":[{"@type":"WebPage","@id":"https:\/\/www.sj-gauge.com\/product\/501-502-503\/","url":"https:\/\/www.sj-gauge.com\/product\/501-502-503\/","name":"C\u1ea3m bi\u1ebfn nhi\u1ec7t \u0111\u1ed9 \u0111i\u1ec7n tr\u1edf, lo\u1ea1i d\u00e2y d\u1eabn - SJ Gauge | \u0110\u1ed3ng h\u1ed3 \u0111o \u00e1p su\u1ea5t, nhi\u1ec7t k\u1ebf &amp; c\u1ea3m bi\u1ebfn \u00e1p su\u1ea5t","isPartOf":{"@id":"https:\/\/www.sj-gauge.com\/#website"},"primaryImageOfPage":{"@id":"https:\/\/www.sj-gauge.com\/product\/501-502-503\/#primaryimage"},"image":{"@id":"https:\/\/www.sj-gauge.com\/product\/501-502-503\/#primaryimage"},"thumbnailUrl":"https:\/\/www.sj-gauge.com\/wp-content\/uploads\/2025\/11\/SJ-Gauge_lead-wire_type_resistance_temperature_detector_501_L.jpg","datePublished":"2025-12-09T08:10:53+00:00","dateModified":"2026-04-23T08:09:18+00:00","description":"C\u1ea3m bi\u1ebfn nhi\u1ec7t \u0111\u1ed9 RTD lo\u1ea1i d\u00e2y d\u1eabn l\u00e0 m\u1ed9t lo\u1ea1i c\u1ea3m bi\u1ebfn nhi\u1ec7t \u0111\u1ed9 c\u00f3 \u0111\u1ed9 ch\u00ednh x\u00e1c cao s\u1eed d\u1ee5ng \u0111i\u1ec7n tr\u1edf b\u1ea1ch kim. C\u00e1c lo\u1ea1i ph\u1ed5 bi\u1ebfn bao g\u1ed3m PT100 v\u00e0 PT1000. Ph\u00f9 h\u1ee3p cho t\u1ef1 \u0111\u1ed9ng h\u00f3a c\u00f4ng nghi\u1ec7p.","breadcrumb":{"@id":"https:\/\/www.sj-gauge.com\/product\/501-502-503\/#breadcrumb"},"inLanguage":"vi","potentialAction":[{"@type":"ReadAction","target":["https:\/\/www.sj-gauge.com\/product\/501-502-503\/"]}]},{"@type":"ImageObject","inLanguage":"vi","@id":"https:\/\/www.sj-gauge.com\/product\/501-502-503\/#primaryimage","url":"https:\/\/www.sj-gauge.com\/wp-content\/uploads\/2025\/11\/SJ-Gauge_lead-wire_type_resistance_temperature_detector_501_L.jpg","contentUrl":"https:\/\/www.sj-gauge.com\/wp-content\/uploads\/2025\/11\/SJ-Gauge_lead-wire_type_resistance_temperature_detector_501_L.jpg","width":1200,"height":1000},{"@type":"BreadcrumbList","@id":"https:\/\/www.sj-gauge.com\/product\/501-502-503\/#breadcrumb","itemListElement":[{"@type":"ListItem","position":1,"name":"Home","item":"https:\/\/www.sj-gauge.com\/"},{"@type":"ListItem","position":2,"name":"Products","item":"https:\/\/www.sj-gauge.com\/products\/"},{"@type":"ListItem","position":3,"name":"Resistance Temperature Detectors, Lead Wire Type"}]},{"@type":"WebSite","@id":"https:\/\/www.sj-gauge.com\/#website","url":"https:\/\/www.sj-gauge.com\/","name":"SJ Gauge | \u0110\u1ed3ng h\u1ed3 \u0111o \u00e1p su\u1ea5t, nhi\u1ec7t k\u1ebf v\u00e0 c\u1ea3m bi\u1ebfn \u00e1p su\u1ea5t","description":"Nh\u00e0 s\u1ea3n xu\u1ea5t \u0111\u1ed3ng h\u1ed3 \u0111o \u00e1p su\u1ea5t c\u00f4ng nghi\u1ec7p, c\u1ea3m bi\u1ebfn \u00e1p su\u1ea5t v\u00e0 b\u1ed9 truy\u1ec1n t\u00edn hi\u1ec7u. SJ Gauge cung c\u1ea5p c\u00e1c s\u1ea3n ph\u1ea9m c\u00f3 \u0111\u1ed9 ch\u00ednh x\u00e1c cao, \u0111\u01b0\u1ee3c ch\u1ebf t\u1ea1o t\u1eeb v\u1eadt li\u1ec7u b\u1ec1n b\u1ec9 v\u00e0 c\u00e1c gi\u1ea3i ph\u00e1p t\u00f9y ch\u1ec9nh d\u00e0nh cho c\u00e1c \u1ee9ng d\u1ee5ng trong ng\u00e0nh d\u1ea7u kh\u00ed, h\u00f3a ch\u1ea5t v\u00e0 c\u00f4ng nghi\u1ec7p.","publisher":{"@id":"https:\/\/www.sj-gauge.com\/#organization"},"potentialAction":[{"@type":"SearchAction","target":{"@type":"EntryPoint","urlTemplate":"https:\/\/www.sj-gauge.com\/?s={search_term_string}"},"query-input":{"@type":"PropertyValueSpecification","valueRequired":true,"valueName":"search_term_string"}}],"inLanguage":"vi"},{"@type":"Organization","@id":"https:\/\/www.sj-gauge.com\/#organization","name":"SJ Gauge | \u0110\u1ed3ng h\u1ed3 \u0111o \u00e1p su\u1ea5t, nhi\u1ec7t k\u1ebf v\u00e0 c\u1ea3m bi\u1ebfn \u00e1p su\u1ea5t","url":"https:\/\/www.sj-gauge.com\/","logo":{"@type":"ImageObject","inLanguage":"vi","@id":"https:\/\/www.sj-gauge.com\/#\/schema\/logo\/image\/","url":"https:\/\/www.sj-gauge.com\/wp-content\/uploads\/2025\/09\/logo.webp","contentUrl":"https:\/\/www.sj-gauge.com\/wp-content\/uploads\/2025\/09\/logo.webp","width":348,"height":184,"caption":"SJ Gauge | Pressure Gauges, Thermometers &amp; Pressure Sensors"},"image":{"@id":"https:\/\/www.sj-gauge.com\/#\/schema\/logo\/image\/"}}]}},"_links":{"self":[{"href":"https:\/\/www.sj-gauge.com\/vi\/wp-json\/wp\/v2\/product\/2442","targetHints":{"allow":["GET"]}}],"collection":[{"href":"https:\/\/www.sj-gauge.com\/vi\/wp-json\/wp\/v2\/product"}],"about":[{"href":"https:\/\/www.sj-gauge.com\/vi\/wp-json\/wp\/v2\/types\/product"}],"wp:featuredmedia":[{"embeddable":true,"href":"https:\/\/www.sj-gauge.com\/vi\/wp-json\/wp\/v2\/media\/2326"}],"wp:attachment":[{"href":"https:\/\/www.sj-gauge.com\/vi\/wp-json\/wp\/v2\/media?parent=2442"}],"wp:term":[{"taxonomy":"product_brand","embeddable":true,"href":"https:\/\/www.sj-gauge.com\/vi\/wp-json\/wp\/v2\/product_brand?post=2442"},{"taxonomy":"product_cat","embeddable":true,"href":"https:\/\/www.sj-gauge.com\/vi\/wp-json\/wp\/v2\/product_cat?post=2442"},{"taxonomy":"product_tag","embeddable":true,"href":"https:\/\/www.sj-gauge.com\/vi\/wp-json\/wp\/v2\/product_tag?post=2442"}],"curies":[{"name":"wp","href":"https:\/\/api.w.org\/{rel}","templated":true}]}}