{"id":2443,"date":"2025-12-09T16:20:38","date_gmt":"2025-12-09T08:20:38","guid":{"rendered":"https:\/\/sj-gauge.com\/?post_type=product&#038;p=2443"},"modified":"2026-04-09T20:35:28","modified_gmt":"2026-04-09T12:35:28","slug":"601-602-603-604-605","status":"publish","type":"product","link":"https:\/\/www.sj-gauge.com\/vi\/san-pham\/601-602-603-604-605\/","title":{"rendered":"C\u1ea3m bi\u1ebfn nhi\u1ec7t \u0111\u1ed9 kh\u00e1ng, lo\u1ea1i \u0111\u1ea7u n\u1ed1i"},"content":{"rendered":"<p>C\u1ea3m bi\u1ebfn nhi\u1ec7t \u0111\u1ed9 lo\u1ea1i \u0111\u1ea7u n\u1ed1i RTD series 60X cung c\u1ea5p nhi\u1ec1u t\u00f9y ch\u1ecdn l\u1eafp \u0111\u1eb7t bao g\u1ed3m lo\u1ea1i th\u00f4ng d\u1ee5ng, lo\u1ea1i c\u00f3 \u1ed1ng n\u1ed1i d\u00e0i, lo\u1ea1i c\u00f3 kh\u1edbp n\u1ed1i \u0111i\u1ec1u ch\u1ec9nh, lo\u1ea1i c\u00f3 flange v\u00e0 lo\u1ea1i Tri-Clamp v\u1ec7 sinh, ph\u00f9 h\u1ee3p cho nhi\u1ec1u \u1ee9ng d\u1ee5ng c\u00f4ng nghi\u1ec7p kh\u00e1c nhau. C\u1ea3m bi\u1ebfn h\u1ed7 tr\u1ee3 c\u00e1c y\u1ebfu t\u1ed1 c\u1ea3m bi\u1ebfn \u0111\u01a1n, \u0111\u00f4i v\u00e0 ba v\u1edbi c\u00e1c t\u00edn hi\u1ec7u \u0111\u1ea7u ra nh\u01b0 PT100, PT1000 v\u00e0 4\u201320 mA. V\u1edbi v\u1eadt li\u1ec7u \u0111\u1ea7u d\u00f2 c\u00f3 s\u1eb5n trong SUS304, SUS316, titan v\u00e0 \u1ed1ng h\u1ee3p kim, d\u00f2ng 60X mang l\u1ea1i kh\u1ea3 n\u0103ng ch\u1ed1ng \u0103n m\u00f2n xu\u1ea5t s\u1eafc v\u00e0 \u0111\u1ed9 \u1ed5n \u0111\u1ecbnh l\u00e2u d\u00e0i. N\u00f3 \u0111\u01b0\u1ee3c s\u1eed d\u1ee5ng r\u1ed9ng r\u00e3i trong c\u00e1c ng\u00e0nh c\u00f4ng nghi\u1ec7p nh\u01b0 ch\u1ebf bi\u1ebfn h\u00f3a ch\u1ea5t, s\u1ea3n xu\u1ea5t \u0111i\u1ec7n, ch\u1ebf bi\u1ebfn th\u1ef1c ph\u1ea9m, m\u00e1y m\u00f3c v\u00e0 d\u01b0\u1ee3c ph\u1ea9m \u0111\u1ec3 \u0111o nhi\u1ec7t \u0111\u1ed9 ch\u00ednh x\u00e1c v\u00e0 \u0111\u00e1ng tin c\u1eady.<\/p>","protected":false},"excerpt":{"rendered":"<ul>\n<li>RTD ch\u00ednh x\u00e1c h\u01a1n so v\u1edbi c\u1eb7p nhi\u1ec7t \u0111i\u1ec7n v\u00e0 \u0111i\u1ec1u n\u00e0y \u0111\u1eb7c bi\u1ec7t \u0111\u00fang \u1edf c\u00e1c d\u1ea3i nhi\u1ec7t \u0111\u1ed9 th\u1ea5p.<\/li>\n<li>C\u1ea3m bi\u1ebfn nhi\u1ec7t \u0111\u1ed9 \u0111i\u1ec7n tr\u1edf c\u0169ng \u1ed5n \u0111\u1ecbnh h\u01a1n v\u00e0 c\u00f3 \u0111\u1ed9 tuy\u1ebfn t\u00ednh t\u1ed1t h\u01a1n so v\u1edbi c\u1eb7p nhi\u1ec7t \u0111i\u1ec7n.<\/li>\n<\/ul>","protected":false},"featured_media":2332,"template":"","meta":{"_acf_changed":false},"product_brand":[40],"product_cat":[47,43],"product_tag":[],"class_list":{"0":"post-2443","1":"product","2":"type-product","3":"status-publish","4":"has-post-thumbnail","6":"product_brand-sj-gauge","7":"product_cat-rtds","8":"product_cat-temperature-instruments","10":"first","11":"instock","12":"shipping-taxable","13":"product-type-simple"},"acf":[],"yoast_head":"<!-- This site is optimized with the Yoast SEO Premium plugin v26.7 (Yoast SEO v27.4) - https:\/\/yoast.com\/product\/yoast-seo-premium-wordpress\/ -->\n<title>Resistance Temperature Detectors, Terminal Head Type - SJ Gauge | Pressure Gauges, Thermometers &amp; Pressure Sensors<\/title>\n<meta name=\"description\" content=\"Terminal head type RTD sensor is ideal for industrial temperature monitoring. Made with platinum resistance (PT100\/PT1000)\" \/>\n<meta name=\"robots\" content=\"index, follow, max-snippet:-1, max-image-preview:large, max-video-preview:-1\" \/>\n<link rel=\"canonical\" href=\"https:\/\/www.sj-gauge.com\/vi\/san-pham\/601-602-603-604-605\/\" \/>\n<meta property=\"og:locale\" content=\"vi_VN\" \/>\n<meta property=\"og:type\" content=\"article\" \/>\n<meta property=\"og:title\" content=\"Resistance Temperature Detectors, Terminal Head Type\" \/>\n<meta property=\"og:description\" content=\"Terminal head type RTD sensor is ideal for industrial temperature monitoring. Made with platinum resistance (PT100\/PT1000)\" \/>\n<meta property=\"og:url\" content=\"https:\/\/www.sj-gauge.com\/vi\/san-pham\/601-602-603-604-605\/\" \/>\n<meta property=\"og:site_name\" content=\"SJ Gauge | Pressure Gauges, Thermometers &amp; Pressure Sensors\" \/>\n<meta property=\"article:modified_time\" content=\"2026-04-09T12:35:28+00:00\" \/>\n<meta property=\"og:image\" content=\"https:\/\/www.sj-gauge.com\/wp-content\/uploads\/2025\/11\/601_SJ-Gauge_terminal_head__type_RTD_probe_L.jpg\" \/>\n\t<meta property=\"og:image:width\" content=\"1200\" \/>\n\t<meta property=\"og:image:height\" content=\"1000\" \/>\n\t<meta property=\"og:image:type\" content=\"image\/jpeg\" \/>\n<meta name=\"twitter:card\" content=\"summary_large_image\" \/>\n<meta name=\"twitter:label1\" content=\"\u01af\u1edbc t\u00ednh th\u1eddi gian \u0111\u1ecdc\" \/>\n\t<meta name=\"twitter:data1\" content=\"1 ph\u00fat\" \/>\n<script type=\"application\/ld+json\" class=\"yoast-schema-graph\">{\"@context\":\"https:\\\/\\\/schema.org\",\"@graph\":[{\"@type\":\"WebPage\",\"@id\":\"https:\\\/\\\/www.sj-gauge.com\\\/product\\\/601-602-603-604-605\\\/\",\"url\":\"https:\\\/\\\/www.sj-gauge.com\\\/product\\\/601-602-603-604-605\\\/\",\"name\":\"Resistance Temperature Detectors, Terminal Head Type - SJ Gauge | Pressure Gauges, Thermometers &amp; Pressure Sensors\",\"isPartOf\":{\"@id\":\"https:\\\/\\\/www.sj-gauge.com\\\/#website\"},\"primaryImageOfPage\":{\"@id\":\"https:\\\/\\\/www.sj-gauge.com\\\/product\\\/601-602-603-604-605\\\/#primaryimage\"},\"image\":{\"@id\":\"https:\\\/\\\/www.sj-gauge.com\\\/product\\\/601-602-603-604-605\\\/#primaryimage\"},\"thumbnailUrl\":\"https:\\\/\\\/www.sj-gauge.com\\\/wp-content\\\/uploads\\\/2025\\\/11\\\/601_SJ-Gauge_terminal_head__type_RTD_probe_L.jpg\",\"datePublished\":\"2025-12-09T08:20:38+00:00\",\"dateModified\":\"2026-04-09T12:35:28+00:00\",\"description\":\"Terminal head type RTD sensor is ideal for industrial temperature monitoring. Made with platinum resistance (PT100\\\/PT1000)\",\"breadcrumb\":{\"@id\":\"https:\\\/\\\/www.sj-gauge.com\\\/product\\\/601-602-603-604-605\\\/#breadcrumb\"},\"inLanguage\":\"vi\",\"potentialAction\":[{\"@type\":\"ReadAction\",\"target\":[\"https:\\\/\\\/www.sj-gauge.com\\\/product\\\/601-602-603-604-605\\\/\"]}]},{\"@type\":\"ImageObject\",\"inLanguage\":\"vi\",\"@id\":\"https:\\\/\\\/www.sj-gauge.com\\\/product\\\/601-602-603-604-605\\\/#primaryimage\",\"url\":\"https:\\\/\\\/www.sj-gauge.com\\\/wp-content\\\/uploads\\\/2025\\\/11\\\/601_SJ-Gauge_terminal_head__type_RTD_probe_L.jpg\",\"contentUrl\":\"https:\\\/\\\/www.sj-gauge.com\\\/wp-content\\\/uploads\\\/2025\\\/11\\\/601_SJ-Gauge_terminal_head__type_RTD_probe_L.jpg\",\"width\":1200,\"height\":1000},{\"@type\":\"BreadcrumbList\",\"@id\":\"https:\\\/\\\/www.sj-gauge.com\\\/product\\\/601-602-603-604-605\\\/#breadcrumb\",\"itemListElement\":[{\"@type\":\"ListItem\",\"position\":1,\"name\":\"Home\",\"item\":\"https:\\\/\\\/www.sj-gauge.com\\\/\"},{\"@type\":\"ListItem\",\"position\":2,\"name\":\"Products\",\"item\":\"https:\\\/\\\/www.sj-gauge.com\\\/products\\\/\"},{\"@type\":\"ListItem\",\"position\":3,\"name\":\"Resistance Temperature Detectors, Terminal Head Type\"}]},{\"@type\":\"WebSite\",\"@id\":\"https:\\\/\\\/www.sj-gauge.com\\\/#website\",\"url\":\"https:\\\/\\\/www.sj-gauge.com\\\/\",\"name\":\"SJ Gauge | Pressure Gauges, Thermometers &amp; Pressure Sensors\",\"description\":\"Manufacturer of industrial pressure gauges, pressure sensors, and transmitters. SJ Gauge provides high accuracy, durable materials, and custom solutions for oil &amp; gas, chemical, and industrial applications.\",\"publisher\":{\"@id\":\"https:\\\/\\\/www.sj-gauge.com\\\/#organization\"},\"potentialAction\":[{\"@type\":\"SearchAction\",\"target\":{\"@type\":\"EntryPoint\",\"urlTemplate\":\"https:\\\/\\\/www.sj-gauge.com\\\/?s={search_term_string}\"},\"query-input\":{\"@type\":\"PropertyValueSpecification\",\"valueRequired\":true,\"valueName\":\"search_term_string\"}}],\"inLanguage\":\"vi\"},{\"@type\":\"Organization\",\"@id\":\"https:\\\/\\\/www.sj-gauge.com\\\/#organization\",\"name\":\"SJ Gauge | Pressure Gauges, Thermometers &amp; Pressure Sensors\",\"url\":\"https:\\\/\\\/www.sj-gauge.com\\\/\",\"logo\":{\"@type\":\"ImageObject\",\"inLanguage\":\"vi\",\"@id\":\"https:\\\/\\\/www.sj-gauge.com\\\/#\\\/schema\\\/logo\\\/image\\\/\",\"url\":\"https:\\\/\\\/www.sj-gauge.com\\\/wp-content\\\/uploads\\\/2025\\\/09\\\/logo.webp\",\"contentUrl\":\"https:\\\/\\\/www.sj-gauge.com\\\/wp-content\\\/uploads\\\/2025\\\/09\\\/logo.webp\",\"width\":348,\"height\":184,\"caption\":\"SJ Gauge | Pressure Gauges, Thermometers &amp; Pressure Sensors\"},\"image\":{\"@id\":\"https:\\\/\\\/www.sj-gauge.com\\\/#\\\/schema\\\/logo\\\/image\\\/\"}}]}<\/script>\n<!-- \/ Yoast SEO Premium plugin. -->","yoast_head_json":{"title":"Resistance Temperature Detectors, Terminal Head Type - SJ Gauge | Pressure Gauges, Thermometers &amp; Pressure Sensors","description":"C\u1ea3m bi\u1ebfn RTD lo\u1ea1i \u0111\u1ea7u cu\u1ed1i l\u00e0 l\u1ef1a ch\u1ecdn l\u00fd t\u01b0\u1edfng cho vi\u1ec7c gi\u00e1m s\u00e1t nhi\u1ec7t \u0111\u1ed9 trong c\u00f4ng nghi\u1ec7p. \u0110\u01b0\u1ee3c ch\u1ebf t\u1ea1o t\u1eeb v\u1eadt li\u1ec7u b\u1ea1ch kim (PT100\/PT1000).","robots":{"index":"index","follow":"follow","max-snippet":"max-snippet:-1","max-image-preview":"max-image-preview:large","max-video-preview":"max-video-preview:-1"},"canonical":"https:\/\/www.sj-gauge.com\/vi\/san-pham\/601-602-603-604-605\/","og_locale":"vi_VN","og_type":"article","og_title":"Resistance Temperature Detectors, Terminal Head Type","og_description":"Terminal head type RTD sensor is ideal for industrial temperature monitoring. Made with platinum resistance (PT100\/PT1000)","og_url":"https:\/\/www.sj-gauge.com\/vi\/san-pham\/601-602-603-604-605\/","og_site_name":"SJ Gauge | Pressure Gauges, Thermometers &amp; Pressure Sensors","article_modified_time":"2026-04-09T12:35:28+00:00","og_image":[{"width":1200,"height":1000,"url":"https:\/\/www.sj-gauge.com\/wp-content\/uploads\/2025\/11\/601_SJ-Gauge_terminal_head__type_RTD_probe_L.jpg","type":"image\/jpeg"}],"twitter_card":"summary_large_image","twitter_misc":{"\u01af\u1edbc t\u00ednh th\u1eddi gian \u0111\u1ecdc":"1 ph\u00fat"},"schema":{"@context":"https:\/\/schema.org","@graph":[{"@type":"WebPage","@id":"https:\/\/www.sj-gauge.com\/product\/601-602-603-604-605\/","url":"https:\/\/www.sj-gauge.com\/product\/601-602-603-604-605\/","name":"Resistance Temperature Detectors, Terminal Head Type - SJ Gauge | Pressure Gauges, Thermometers &amp; Pressure Sensors","isPartOf":{"@id":"https:\/\/www.sj-gauge.com\/#website"},"primaryImageOfPage":{"@id":"https:\/\/www.sj-gauge.com\/product\/601-602-603-604-605\/#primaryimage"},"image":{"@id":"https:\/\/www.sj-gauge.com\/product\/601-602-603-604-605\/#primaryimage"},"thumbnailUrl":"https:\/\/www.sj-gauge.com\/wp-content\/uploads\/2025\/11\/601_SJ-Gauge_terminal_head__type_RTD_probe_L.jpg","datePublished":"2025-12-09T08:20:38+00:00","dateModified":"2026-04-09T12:35:28+00:00","description":"C\u1ea3m bi\u1ebfn RTD lo\u1ea1i \u0111\u1ea7u cu\u1ed1i l\u00e0 l\u1ef1a ch\u1ecdn l\u00fd t\u01b0\u1edfng cho vi\u1ec7c gi\u00e1m s\u00e1t nhi\u1ec7t \u0111\u1ed9 trong c\u00f4ng nghi\u1ec7p. \u0110\u01b0\u1ee3c ch\u1ebf t\u1ea1o t\u1eeb v\u1eadt li\u1ec7u b\u1ea1ch kim (PT100\/PT1000).","breadcrumb":{"@id":"https:\/\/www.sj-gauge.com\/product\/601-602-603-604-605\/#breadcrumb"},"inLanguage":"vi","potentialAction":[{"@type":"ReadAction","target":["https:\/\/www.sj-gauge.com\/product\/601-602-603-604-605\/"]}]},{"@type":"ImageObject","inLanguage":"vi","@id":"https:\/\/www.sj-gauge.com\/product\/601-602-603-604-605\/#primaryimage","url":"https:\/\/www.sj-gauge.com\/wp-content\/uploads\/2025\/11\/601_SJ-Gauge_terminal_head__type_RTD_probe_L.jpg","contentUrl":"https:\/\/www.sj-gauge.com\/wp-content\/uploads\/2025\/11\/601_SJ-Gauge_terminal_head__type_RTD_probe_L.jpg","width":1200,"height":1000},{"@type":"BreadcrumbList","@id":"https:\/\/www.sj-gauge.com\/product\/601-602-603-604-605\/#breadcrumb","itemListElement":[{"@type":"ListItem","position":1,"name":"Home","item":"https:\/\/www.sj-gauge.com\/"},{"@type":"ListItem","position":2,"name":"Products","item":"https:\/\/www.sj-gauge.com\/products\/"},{"@type":"ListItem","position":3,"name":"Resistance Temperature Detectors, Terminal Head Type"}]},{"@type":"WebSite","@id":"https:\/\/www.sj-gauge.com\/#website","url":"https:\/\/www.sj-gauge.com\/","name":"SJ Gauge | \u0110\u1ed3ng h\u1ed3 \u0111o \u00e1p su\u1ea5t, nhi\u1ec7t k\u1ebf v\u00e0 c\u1ea3m bi\u1ebfn \u00e1p su\u1ea5t","description":"Nh\u00e0 s\u1ea3n xu\u1ea5t \u0111\u1ed3ng h\u1ed3 \u0111o \u00e1p su\u1ea5t c\u00f4ng nghi\u1ec7p, c\u1ea3m bi\u1ebfn \u00e1p su\u1ea5t v\u00e0 b\u1ed9 truy\u1ec1n t\u00edn hi\u1ec7u. SJ Gauge cung c\u1ea5p c\u00e1c s\u1ea3n ph\u1ea9m c\u00f3 \u0111\u1ed9 ch\u00ednh x\u00e1c cao, \u0111\u01b0\u1ee3c ch\u1ebf t\u1ea1o t\u1eeb v\u1eadt li\u1ec7u b\u1ec1n b\u1ec9 v\u00e0 c\u00e1c gi\u1ea3i ph\u00e1p t\u00f9y ch\u1ec9nh d\u00e0nh cho c\u00e1c \u1ee9ng d\u1ee5ng trong ng\u00e0nh d\u1ea7u kh\u00ed, h\u00f3a ch\u1ea5t v\u00e0 c\u00f4ng nghi\u1ec7p.","publisher":{"@id":"https:\/\/www.sj-gauge.com\/#organization"},"potentialAction":[{"@type":"SearchAction","target":{"@type":"EntryPoint","urlTemplate":"https:\/\/www.sj-gauge.com\/?s={search_term_string}"},"query-input":{"@type":"PropertyValueSpecification","valueRequired":true,"valueName":"search_term_string"}}],"inLanguage":"vi"},{"@type":"Organization","@id":"https:\/\/www.sj-gauge.com\/#organization","name":"SJ Gauge | \u0110\u1ed3ng h\u1ed3 \u0111o \u00e1p su\u1ea5t, nhi\u1ec7t k\u1ebf v\u00e0 c\u1ea3m bi\u1ebfn \u00e1p su\u1ea5t","url":"https:\/\/www.sj-gauge.com\/","logo":{"@type":"ImageObject","inLanguage":"vi","@id":"https:\/\/www.sj-gauge.com\/#\/schema\/logo\/image\/","url":"https:\/\/www.sj-gauge.com\/wp-content\/uploads\/2025\/09\/logo.webp","contentUrl":"https:\/\/www.sj-gauge.com\/wp-content\/uploads\/2025\/09\/logo.webp","width":348,"height":184,"caption":"SJ Gauge | Pressure Gauges, Thermometers &amp; Pressure Sensors"},"image":{"@id":"https:\/\/www.sj-gauge.com\/#\/schema\/logo\/image\/"}}]}},"_links":{"self":[{"href":"https:\/\/www.sj-gauge.com\/vi\/wp-json\/wp\/v2\/product\/2443","targetHints":{"allow":["GET"]}}],"collection":[{"href":"https:\/\/www.sj-gauge.com\/vi\/wp-json\/wp\/v2\/product"}],"about":[{"href":"https:\/\/www.sj-gauge.com\/vi\/wp-json\/wp\/v2\/types\/product"}],"wp:featuredmedia":[{"embeddable":true,"href":"https:\/\/www.sj-gauge.com\/vi\/wp-json\/wp\/v2\/media\/2332"}],"wp:attachment":[{"href":"https:\/\/www.sj-gauge.com\/vi\/wp-json\/wp\/v2\/media?parent=2443"}],"wp:term":[{"taxonomy":"product_brand","embeddable":true,"href":"https:\/\/www.sj-gauge.com\/vi\/wp-json\/wp\/v2\/product_brand?post=2443"},{"taxonomy":"product_cat","embeddable":true,"href":"https:\/\/www.sj-gauge.com\/vi\/wp-json\/wp\/v2\/product_cat?post=2443"},{"taxonomy":"product_tag","embeddable":true,"href":"https:\/\/www.sj-gauge.com\/vi\/wp-json\/wp\/v2\/product_tag?post=2443"}],"curies":[{"name":"wp","href":"https:\/\/api.w.org\/{rel}","templated":true}]}}