{"id":2452,"date":"2025-12-11T15:45:36","date_gmt":"2025-12-11T07:45:36","guid":{"rendered":"https:\/\/sj-gauge.com\/?post_type=product&#038;p=2452"},"modified":"2026-04-04T22:22:12","modified_gmt":"2026-04-04T14:22:12","slug":"mslg200-wrt","status":"publish","type":"product","link":"https:\/\/www.sj-gauge.com\/vi\/san-pham\/mslg200-wrt\/","title":{"rendered":"C\u1ea3m bi\u1ebfn nhi\u1ec7t \u0111\u1ed9, \u0110\u1ea7u n\u1ed1i h\u1ee3p kim nh\u00f4m"},"content":{"rendered":"<p>B\u1ed9 truy\u1ec1n t\u00edn hi\u1ec7u nhi\u1ec7t \u0111\u1ed9 RTD t\u00edch h\u1ee3p MSLG200-WRT \u0111\u01b0\u1ee3c trang b\u1ecb m\u00f4-\u0111un t\u00edn hi\u1ec7u ASIC &amp; SMT hi\u1ec7u su\u1ea5t cao c\u00f9ng m\u00e0n h\u00ecnh LCD c\u00f3 \u0111\u00e8n n\u1ec1n t\u00f9y ch\u1ecdn v\u00e0 \u0111i\u1ec1u khi\u1ec3n b\u1eb1ng n\u00fat b\u1ea5m. Thi\u1ebft b\u1ecb n\u00e0y cung c\u1ea5p c\u00e1c k\u1ebft qu\u1ea3 \u0111o \u1ed5n \u0111\u1ecbnh, ch\u00ednh x\u00e1c \u0111\u1ed3ng th\u1eddi v\u1eabn d\u1ec5 d\u00e0ng c\u1ea5u h\u00ecnh t\u1ea1i hi\u1ec7n tr\u01b0\u1eddng. T\u00ednh n\u0103ng b\u1ea3o v\u1ec7 \u0111i\u1ec7n \u00e1p tho\u00e1ng qua t\u00edch h\u1ee3p s\u1eb5n \u0111\u00e1p \u1ee9ng c\u00e1c y\u00eau c\u1ea7u C\u1ea5p 4 (ch\u1ebf \u0111\u1ed9 vi sai 2000V, ch\u1ebf \u0111\u1ed9 chung 4000V), khi\u1ebfn thi\u1ebft b\u1ecb n\u00e0y tr\u1edf n\u00ean l\u00fd t\u01b0\u1edfng cho c\u00e1c m\u00f4i tr\u01b0\u1eddng c\u00f4ng nghi\u1ec7p c\u00f3 nhi\u1ec5u \u0111i\u1ec7n \u00e1p ho\u1eb7c nhi\u1ec5u EMI.Thi\u1ebft b\u1ecb h\u1ed7 tr\u1ee3 nhi\u1ec1u \u0111\u1ecbnh d\u1ea1ng \u0111\u1ea7u ra \u2014 4\u201320mA, HART, 1\u20135V v\u00e0 Modbus-RTU \u2014 v\u00e0 cung c\u1ea5p d\u1ea3i \u0111o r\u1ed9ng t\u1eeb \u201350 \u0111\u1ebfn 400\u00b0C v\u1edbi \u0111\u1ed9 ch\u00ednh x\u00e1c \u00b10.51\u00b0C, c\u00f9ng \u0111\u1ed9 \u1ed5n \u0111\u1ecbnh l\u00e2u d\u00e0i xu\u1ea5t s\u1eafc (\u0111\u1ed9 tr\u00f4i \u22640.1\u00b0C m\u1ed7i n\u0103m). V\u1edbi v\u1ecf nh\u00f4m \u0111\u1ea1t ti\u00eau chu\u1ea9n IP67 v\u00e0 c\u00e1c k\u1ebft n\u1ed1i quy tr\u00ecnh \u0111a d\u1ea1ng nh\u01b0 lo\u1ea1i ren ho\u1eb7c m\u1eb7t b\u00edch, thi\u1ebft b\u1ecb n\u00e0y ph\u00f9 h\u1ee3p cho \u0111\u01b0\u1eddng \u1ed1ng, b\u1ed3n ch\u1ee9a, h\u1ec7 th\u1ed1ng l\u00e0m m\u00e1t, \u1ee9ng d\u1ee5ng h\u01a1i n\u01b0\u1edbc v\u00e0 c\u00e1c quy tr\u00ecnh \u0111\u00f2i h\u1ecfi kh\u1eaft khe kh\u00e1c. K\u1ebft h\u1ee3p \u0111\u1ed9 b\u1ec1n, ph\u1ea3n \u1ee9ng nhanh v\u00e0 c\u00e1c t\u00f9y ch\u1ecdn l\u1eafp \u0111\u1eb7t linh ho\u1ea1t, MSLG200-WRT l\u00e0 gi\u1ea3i ph\u00e1p \u0111o nhi\u1ec7t \u0111\u1ed9 \u0111\u00e1ng tin c\u1eady trong c\u00e1c ng\u00e0nh c\u00f4ng nghi\u1ec7p bao g\u1ed3m h\u00f3a ch\u1ea5t, ch\u1ebf bi\u1ebfn th\u1ef1c ph\u1ea9m, n\u0103ng l\u01b0\u1ee3ng v\u00e0 s\u1ea3n xu\u1ea5t thi\u1ebft b\u1ecb.<\/p>","protected":false},"excerpt":{"rendered":"<ul>\n<li>Tu\u00e2n th\u1ee7 c\u00e1c ti\u00eau chu\u1ea9n ch\u1ed1ng ch\u00e1y n\u1ed5 v\u00e0 h\u1ed7 tr\u1ee3 giao th\u1ee9c truy\u1ec1n th\u00f4ng HART.<\/li>\n<li>S\u1eed d\u1ee5ng m\u00f4-\u0111un truy\u1ec1n t\u00edn hi\u1ec7u ASIC&amp;SMT<\/li>\n<li>Ph\u00f9 h\u1ee3p cho c\u00e1c tr\u01b0\u1eddng h\u1ee3p c\u00f3 \u0111i\u1ec7n \u00e1p \u0111\u1ed9t bi\u1ebfn cao.<\/li>\n<\/ul>","protected":false},"featured_media":2348,"template":"","meta":{"_acf_changed":false},"product_brand":[40],"product_cat":[43,46],"product_tag":[],"class_list":{"0":"post-2452","1":"product","2":"type-product","3":"status-publish","4":"has-post-thumbnail","6":"product_brand-sj-gauge","7":"product_cat-temperature-instruments","8":"product_cat-temperature-transmitters","10":"first","11":"instock","12":"shipping-taxable","13":"product-type-simple"},"acf":[],"yoast_head":"<!-- This site is optimized with the Yoast SEO Premium plugin v26.7 (Yoast SEO v27.4) - https:\/\/yoast.com\/product\/yoast-seo-premium-wordpress\/ -->\n<title>Temperature Transmitter, Aluminum-alloy Terminal - SJ Gauge | Pressure Gauges, Thermometers &amp; Pressure Sensors<\/title>\n<meta name=\"robots\" content=\"index, follow, max-snippet:-1, max-image-preview:large, max-video-preview:-1\" \/>\n<link rel=\"canonical\" href=\"https:\/\/www.sj-gauge.com\/vi\/san-pham\/mslg200-wrt\/\" \/>\n<meta property=\"og:locale\" content=\"vi_VN\" \/>\n<meta property=\"og:type\" content=\"article\" \/>\n<meta property=\"og:title\" content=\"Temperature Transmitter, Aluminum-alloy Terminal\" \/>\n<meta property=\"og:description\" content=\"Complies with explosion-proof standards and supports the HART communication protocol  Adopts ASIC&amp;SMT signal transmitting module  Ideal for bad surge voltage occasions\" \/>\n<meta property=\"og:url\" content=\"https:\/\/www.sj-gauge.com\/vi\/san-pham\/mslg200-wrt\/\" \/>\n<meta property=\"og:site_name\" content=\"SJ Gauge | Pressure Gauges, Thermometers &amp; Pressure Sensors\" \/>\n<meta property=\"article:modified_time\" content=\"2026-04-04T14:22:12+00:00\" \/>\n<meta property=\"og:image\" content=\"https:\/\/www.sj-gauge.com\/wp-content\/uploads\/2025\/11\/SJ-Gauge_Temperature_Trasnmitter_with_Aluminum-alloy_Terminal_L.jpg\" \/>\n\t<meta property=\"og:image:width\" content=\"1200\" \/>\n\t<meta property=\"og:image:height\" content=\"1000\" \/>\n\t<meta property=\"og:image:type\" content=\"image\/jpeg\" \/>\n<meta name=\"twitter:card\" content=\"summary_large_image\" \/>\n<meta name=\"twitter:label1\" content=\"\u01af\u1edbc t\u00ednh th\u1eddi gian \u0111\u1ecdc\" \/>\n\t<meta name=\"twitter:data1\" content=\"1 ph\u00fat\" \/>\n<script type=\"application\/ld+json\" class=\"yoast-schema-graph\">{\"@context\":\"https:\\\/\\\/schema.org\",\"@graph\":[{\"@type\":\"WebPage\",\"@id\":\"https:\\\/\\\/www.sj-gauge.com\\\/product\\\/mslg200-wrt\\\/\",\"url\":\"https:\\\/\\\/www.sj-gauge.com\\\/product\\\/mslg200-wrt\\\/\",\"name\":\"Temperature Transmitter, Aluminum-alloy Terminal - SJ Gauge | Pressure Gauges, Thermometers &amp; Pressure Sensors\",\"isPartOf\":{\"@id\":\"https:\\\/\\\/www.sj-gauge.com\\\/#website\"},\"primaryImageOfPage\":{\"@id\":\"https:\\\/\\\/www.sj-gauge.com\\\/product\\\/mslg200-wrt\\\/#primaryimage\"},\"image\":{\"@id\":\"https:\\\/\\\/www.sj-gauge.com\\\/product\\\/mslg200-wrt\\\/#primaryimage\"},\"thumbnailUrl\":\"https:\\\/\\\/www.sj-gauge.com\\\/wp-content\\\/uploads\\\/2025\\\/11\\\/SJ-Gauge_Temperature_Trasnmitter_with_Aluminum-alloy_Terminal_L.jpg\",\"datePublished\":\"2025-12-11T07:45:36+00:00\",\"dateModified\":\"2026-04-04T14:22:12+00:00\",\"breadcrumb\":{\"@id\":\"https:\\\/\\\/www.sj-gauge.com\\\/product\\\/mslg200-wrt\\\/#breadcrumb\"},\"inLanguage\":\"vi\",\"potentialAction\":[{\"@type\":\"ReadAction\",\"target\":[\"https:\\\/\\\/www.sj-gauge.com\\\/product\\\/mslg200-wrt\\\/\"]}]},{\"@type\":\"ImageObject\",\"inLanguage\":\"vi\",\"@id\":\"https:\\\/\\\/www.sj-gauge.com\\\/product\\\/mslg200-wrt\\\/#primaryimage\",\"url\":\"https:\\\/\\\/www.sj-gauge.com\\\/wp-content\\\/uploads\\\/2025\\\/11\\\/SJ-Gauge_Temperature_Trasnmitter_with_Aluminum-alloy_Terminal_L.jpg\",\"contentUrl\":\"https:\\\/\\\/www.sj-gauge.com\\\/wp-content\\\/uploads\\\/2025\\\/11\\\/SJ-Gauge_Temperature_Trasnmitter_with_Aluminum-alloy_Terminal_L.jpg\",\"width\":1200,\"height\":1000},{\"@type\":\"BreadcrumbList\",\"@id\":\"https:\\\/\\\/www.sj-gauge.com\\\/product\\\/mslg200-wrt\\\/#breadcrumb\",\"itemListElement\":[{\"@type\":\"ListItem\",\"position\":1,\"name\":\"Home\",\"item\":\"https:\\\/\\\/www.sj-gauge.com\\\/\"},{\"@type\":\"ListItem\",\"position\":2,\"name\":\"Products\",\"item\":\"https:\\\/\\\/www.sj-gauge.com\\\/products\\\/\"},{\"@type\":\"ListItem\",\"position\":3,\"name\":\"Temperature Transmitter, Aluminum-alloy Terminal\"}]},{\"@type\":\"WebSite\",\"@id\":\"https:\\\/\\\/www.sj-gauge.com\\\/#website\",\"url\":\"https:\\\/\\\/www.sj-gauge.com\\\/\",\"name\":\"SJ Gauge | Pressure Gauges, Thermometers &amp; Pressure Sensors\",\"description\":\"Manufacturer of industrial pressure gauges, pressure sensors, and transmitters. SJ Gauge provides high accuracy, durable materials, and custom solutions for oil &amp; gas, chemical, and industrial applications.\",\"publisher\":{\"@id\":\"https:\\\/\\\/www.sj-gauge.com\\\/#organization\"},\"potentialAction\":[{\"@type\":\"SearchAction\",\"target\":{\"@type\":\"EntryPoint\",\"urlTemplate\":\"https:\\\/\\\/www.sj-gauge.com\\\/?s={search_term_string}\"},\"query-input\":{\"@type\":\"PropertyValueSpecification\",\"valueRequired\":true,\"valueName\":\"search_term_string\"}}],\"inLanguage\":\"vi\"},{\"@type\":\"Organization\",\"@id\":\"https:\\\/\\\/www.sj-gauge.com\\\/#organization\",\"name\":\"SJ Gauge | Pressure Gauges, Thermometers &amp; Pressure Sensors\",\"url\":\"https:\\\/\\\/www.sj-gauge.com\\\/\",\"logo\":{\"@type\":\"ImageObject\",\"inLanguage\":\"vi\",\"@id\":\"https:\\\/\\\/www.sj-gauge.com\\\/#\\\/schema\\\/logo\\\/image\\\/\",\"url\":\"https:\\\/\\\/www.sj-gauge.com\\\/wp-content\\\/uploads\\\/2025\\\/09\\\/logo.webp\",\"contentUrl\":\"https:\\\/\\\/www.sj-gauge.com\\\/wp-content\\\/uploads\\\/2025\\\/09\\\/logo.webp\",\"width\":348,\"height\":184,\"caption\":\"SJ Gauge | Pressure Gauges, Thermometers &amp; Pressure Sensors\"},\"image\":{\"@id\":\"https:\\\/\\\/www.sj-gauge.com\\\/#\\\/schema\\\/logo\\\/image\\\/\"}}]}<\/script>\n<!-- \/ Yoast SEO Premium plugin. -->","yoast_head_json":{"title":"B\u1ed9 truy\u1ec1n t\u00edn hi\u1ec7u nhi\u1ec7t \u0111\u1ed9, \u0111\u1ea7u n\u1ed1i h\u1ee3p kim nh\u00f4m - SJ Gauge | \u0110\u1ed3ng h\u1ed3 \u0111o \u00e1p su\u1ea5t, nhi\u1ec7t k\u1ebf &amp; c\u1ea3m bi\u1ebfn \u00e1p su\u1ea5t","robots":{"index":"index","follow":"follow","max-snippet":"max-snippet:-1","max-image-preview":"max-image-preview:large","max-video-preview":"max-video-preview:-1"},"canonical":"https:\/\/www.sj-gauge.com\/vi\/san-pham\/mslg200-wrt\/","og_locale":"vi_VN","og_type":"article","og_title":"Temperature Transmitter, Aluminum-alloy Terminal","og_description":"Complies with explosion-proof standards and supports the HART communication protocol  Adopts ASIC&amp;SMT signal transmitting module  Ideal for bad surge voltage occasions","og_url":"https:\/\/www.sj-gauge.com\/vi\/san-pham\/mslg200-wrt\/","og_site_name":"SJ Gauge | Pressure Gauges, Thermometers &amp; Pressure Sensors","article_modified_time":"2026-04-04T14:22:12+00:00","og_image":[{"width":1200,"height":1000,"url":"https:\/\/www.sj-gauge.com\/wp-content\/uploads\/2025\/11\/SJ-Gauge_Temperature_Trasnmitter_with_Aluminum-alloy_Terminal_L.jpg","type":"image\/jpeg"}],"twitter_card":"summary_large_image","twitter_misc":{"\u01af\u1edbc t\u00ednh th\u1eddi gian \u0111\u1ecdc":"1 ph\u00fat"},"schema":{"@context":"https:\/\/schema.org","@graph":[{"@type":"WebPage","@id":"https:\/\/www.sj-gauge.com\/product\/mslg200-wrt\/","url":"https:\/\/www.sj-gauge.com\/product\/mslg200-wrt\/","name":"B\u1ed9 truy\u1ec1n t\u00edn hi\u1ec7u nhi\u1ec7t \u0111\u1ed9, \u0111\u1ea7u n\u1ed1i h\u1ee3p kim nh\u00f4m - SJ Gauge | \u0110\u1ed3ng h\u1ed3 \u0111o \u00e1p su\u1ea5t, nhi\u1ec7t k\u1ebf &amp; c\u1ea3m bi\u1ebfn \u00e1p su\u1ea5t","isPartOf":{"@id":"https:\/\/www.sj-gauge.com\/#website"},"primaryImageOfPage":{"@id":"https:\/\/www.sj-gauge.com\/product\/mslg200-wrt\/#primaryimage"},"image":{"@id":"https:\/\/www.sj-gauge.com\/product\/mslg200-wrt\/#primaryimage"},"thumbnailUrl":"https:\/\/www.sj-gauge.com\/wp-content\/uploads\/2025\/11\/SJ-Gauge_Temperature_Trasnmitter_with_Aluminum-alloy_Terminal_L.jpg","datePublished":"2025-12-11T07:45:36+00:00","dateModified":"2026-04-04T14:22:12+00:00","breadcrumb":{"@id":"https:\/\/www.sj-gauge.com\/product\/mslg200-wrt\/#breadcrumb"},"inLanguage":"vi","potentialAction":[{"@type":"ReadAction","target":["https:\/\/www.sj-gauge.com\/product\/mslg200-wrt\/"]}]},{"@type":"ImageObject","inLanguage":"vi","@id":"https:\/\/www.sj-gauge.com\/product\/mslg200-wrt\/#primaryimage","url":"https:\/\/www.sj-gauge.com\/wp-content\/uploads\/2025\/11\/SJ-Gauge_Temperature_Trasnmitter_with_Aluminum-alloy_Terminal_L.jpg","contentUrl":"https:\/\/www.sj-gauge.com\/wp-content\/uploads\/2025\/11\/SJ-Gauge_Temperature_Trasnmitter_with_Aluminum-alloy_Terminal_L.jpg","width":1200,"height":1000},{"@type":"BreadcrumbList","@id":"https:\/\/www.sj-gauge.com\/product\/mslg200-wrt\/#breadcrumb","itemListElement":[{"@type":"ListItem","position":1,"name":"Home","item":"https:\/\/www.sj-gauge.com\/"},{"@type":"ListItem","position":2,"name":"Products","item":"https:\/\/www.sj-gauge.com\/products\/"},{"@type":"ListItem","position":3,"name":"Temperature Transmitter, Aluminum-alloy Terminal"}]},{"@type":"WebSite","@id":"https:\/\/www.sj-gauge.com\/#website","url":"https:\/\/www.sj-gauge.com\/","name":"SJ Gauge | \u0110\u1ed3ng h\u1ed3 \u0111o \u00e1p su\u1ea5t, nhi\u1ec7t k\u1ebf v\u00e0 c\u1ea3m bi\u1ebfn \u00e1p su\u1ea5t","description":"Nh\u00e0 s\u1ea3n xu\u1ea5t \u0111\u1ed3ng h\u1ed3 \u0111o \u00e1p su\u1ea5t c\u00f4ng nghi\u1ec7p, c\u1ea3m bi\u1ebfn \u00e1p su\u1ea5t v\u00e0 b\u1ed9 truy\u1ec1n t\u00edn hi\u1ec7u. SJ Gauge cung c\u1ea5p c\u00e1c s\u1ea3n ph\u1ea9m c\u00f3 \u0111\u1ed9 ch\u00ednh x\u00e1c cao, \u0111\u01b0\u1ee3c ch\u1ebf t\u1ea1o t\u1eeb v\u1eadt li\u1ec7u b\u1ec1n b\u1ec9 v\u00e0 c\u00e1c gi\u1ea3i ph\u00e1p t\u00f9y ch\u1ec9nh d\u00e0nh cho c\u00e1c \u1ee9ng d\u1ee5ng trong ng\u00e0nh d\u1ea7u kh\u00ed, h\u00f3a ch\u1ea5t v\u00e0 c\u00f4ng nghi\u1ec7p.","publisher":{"@id":"https:\/\/www.sj-gauge.com\/#organization"},"potentialAction":[{"@type":"SearchAction","target":{"@type":"EntryPoint","urlTemplate":"https:\/\/www.sj-gauge.com\/?s={search_term_string}"},"query-input":{"@type":"PropertyValueSpecification","valueRequired":true,"valueName":"search_term_string"}}],"inLanguage":"vi"},{"@type":"Organization","@id":"https:\/\/www.sj-gauge.com\/#organization","name":"SJ Gauge | \u0110\u1ed3ng h\u1ed3 \u0111o \u00e1p su\u1ea5t, nhi\u1ec7t k\u1ebf v\u00e0 c\u1ea3m bi\u1ebfn \u00e1p su\u1ea5t","url":"https:\/\/www.sj-gauge.com\/","logo":{"@type":"ImageObject","inLanguage":"vi","@id":"https:\/\/www.sj-gauge.com\/#\/schema\/logo\/image\/","url":"https:\/\/www.sj-gauge.com\/wp-content\/uploads\/2025\/09\/logo.webp","contentUrl":"https:\/\/www.sj-gauge.com\/wp-content\/uploads\/2025\/09\/logo.webp","width":348,"height":184,"caption":"SJ Gauge | Pressure Gauges, Thermometers &amp; Pressure Sensors"},"image":{"@id":"https:\/\/www.sj-gauge.com\/#\/schema\/logo\/image\/"}}]}},"_links":{"self":[{"href":"https:\/\/www.sj-gauge.com\/vi\/wp-json\/wp\/v2\/product\/2452","targetHints":{"allow":["GET"]}}],"collection":[{"href":"https:\/\/www.sj-gauge.com\/vi\/wp-json\/wp\/v2\/product"}],"about":[{"href":"https:\/\/www.sj-gauge.com\/vi\/wp-json\/wp\/v2\/types\/product"}],"wp:featuredmedia":[{"embeddable":true,"href":"https:\/\/www.sj-gauge.com\/vi\/wp-json\/wp\/v2\/media\/2348"}],"wp:attachment":[{"href":"https:\/\/www.sj-gauge.com\/vi\/wp-json\/wp\/v2\/media?parent=2452"}],"wp:term":[{"taxonomy":"product_brand","embeddable":true,"href":"https:\/\/www.sj-gauge.com\/vi\/wp-json\/wp\/v2\/product_brand?post=2452"},{"taxonomy":"product_cat","embeddable":true,"href":"https:\/\/www.sj-gauge.com\/vi\/wp-json\/wp\/v2\/product_cat?post=2452"},{"taxonomy":"product_tag","embeddable":true,"href":"https:\/\/www.sj-gauge.com\/vi\/wp-json\/wp\/v2\/product_tag?post=2452"}],"curies":[{"name":"wp","href":"https:\/\/api.w.org\/{rel}","templated":true}]}}