{"id":2453,"date":"2025-12-11T16:05:43","date_gmt":"2025-12-11T08:05:43","guid":{"rendered":"https:\/\/sj-gauge.com\/?post_type=product&#038;p=2453"},"modified":"2026-03-26T11:27:46","modified_gmt":"2026-03-26T03:27:46","slug":"mtb-s-bl","status":"publish","type":"product","link":"https:\/\/www.sj-gauge.com\/vi\/san-pham\/mtb-s-bl\/","title":{"rendered":"Thermometer hai kim lo\u1ea1i, l\u1eafp ph\u00eda sau"},"content":{"rendered":"<p>Nhi\u1ec7t k\u1ebf l\u01b0\u1ee1ng kim MTB.S_BL c\u00f3 c\u1ea5u tr\u00fac b\u1eb1ng th\u00e9p kh\u00f4ng g\u1ec9 b\u1ec1n b\u1ec9 v\u00e0 thi\u1ebft k\u1ebf g\u1eafn sau nh\u1ecf g\u1ecdn, ph\u00f9 h\u1ee3p cho vi\u1ec7c \u0111o nhi\u1ec7t \u0111\u1ed9 trong c\u00e1c \u1ee9ng d\u1ee5ng c\u00f4ng nghi\u1ec7p n\u00f3i chung. V\u1edbi d\u1ea3i \u0111o t\u1eeb \u201350\u00b0C \u0111\u1ebfn 600\u00b0C v\u00e0 \u0111\u1ed9 ch\u00ednh x\u00e1c l\u00ean \u0111\u1ebfn Lo\u1ea1i 1.0, s\u1ea3n ph\u1ea9m n\u00e0y cung c\u1ea5p k\u1ebft qu\u1ea3 \u0111o \u0111\u00e1ng tin c\u1eady cho c\u00e1c \u1ee9ng d\u1ee5ng nh\u01b0 ch\u1ebf bi\u1ebfn th\u1ef1c ph\u1ea9m, h\u1ec7 th\u1ed1ng HVAC v\u00e0 c\u00e1c thi\u1ebft b\u1ecb c\u01a1 kh\u00ed kh\u00e1c nhau.S\u1ea3n ph\u1ea9m h\u1ed7 tr\u1ee3 nhi\u1ec1u lo\u1ea1i k\u1ebft n\u1ed1i \u2014 bao g\u1ed3m ren \u0111\u1ef1c, th\u00e2n tr\u01a1n, kh\u1edbp n\u1ed1i n\u00e9n, \u0111ai \u1ed1c n\u1ed1i, n\u1eafp \u0111\u1ea7u v\u1ec7 sinh v\u00e0 thi\u1ebft k\u1ebf m\u1eb7t b\u00edch \u2014 cho ph\u00e9p l\u1eafp \u0111\u1eb7t linh ho\u1ea1t tr\u00ean c\u00e1c h\u1ec7 th\u1ed1ng kh\u00e1c nhau. Nhi\u1ec7t k\u1ebf c\u00f3 c\u00e1c k\u00edch th\u01b0\u1edbc t\u1eeb 1,5\u2033 \u0111\u1ebfn 6\u2033, v\u1edbi chi\u1ec1u d\u00e0i v\u00e0 \u0111\u01b0\u1eddng k\u00ednh th\u00e2n c\u00f3 th\u1ec3 t\u00f9y ch\u1ec9nh \u0111\u1ec3 \u0111\u00e1p \u1ee9ng c\u00e1c y\u00eau c\u1ea7u l\u1eafp \u0111\u1eb7t \u0111a d\u1ea1ng. C\u00e1c t\u00ednh n\u0103ng t\u00f9y ch\u1ecdn bao g\u1ed3m ch\u1ea5t l\u1ecfng glycerin, kim ch\u1ec9 th\u1ecb \u0111i\u1ec1u ch\u1ec9nh, kim ch\u1ec9 th\u1ecb k\u00e9o, \u1ed1ng b\u1ea3o v\u1ec7 nhi\u1ec7t v\u00e0 v\u00edt \u0111i\u1ec1u ch\u1ec9nh \u0111i\u1ec3m 0, mang l\u1ea1i \u0111\u1ed9 b\u1ec1n cao v\u00e0 s\u1ef1 ti\u1ec7n l\u1ee3i trong v\u1eadn h\u00e0nh. V\u1edbi thi\u1ebft k\u1ebf ch\u1eafc ch\u1eafn, ti\u00eau chu\u1ea9n b\u1ea3o v\u1ec7 IP67 v\u00e0 kh\u1ea3 n\u0103ng t\u01b0\u01a1ng th\u00edch r\u1ed9ng r\u00e3i, MTB.S_BL l\u00e0 gi\u1ea3i ph\u00e1p \u0111\u00e1ng tin c\u1eady cho vi\u1ec7c hi\u1ec3n th\u1ecb nhi\u1ec7t \u0111\u1ed9 ch\u00ednh x\u00e1c v\u00e0 \u1ed5n \u0111\u1ecbnh trong c\u1ea3 m\u00f4i tr\u01b0\u1eddng v\u1ec7 sinh v\u00e0 c\u00f4ng nghi\u1ec7p.<\/p>","protected":false},"excerpt":{"rendered":"<ul>\n<li>V\u1eadt li\u1ec7u th\u00e9p kh\u00f4ng g\u1ec9, ch\u1eafc ch\u1eafn v\u00e0 b\u1ec1n b\u1ec9.<\/li>\n<li>\u0110\u01b0\u1ee3c s\u1eed d\u1ee5ng trong ng\u00e0nh th\u1ef1c ph\u1ea9m v\u00e0 ng\u00e0nh \u0111i\u1ec1u h\u00f2a kh\u00f4ng kh\u00ed, v.v.<\/li>\n<\/ul>","protected":false},"featured_media":2457,"template":"","meta":{"_acf_changed":false},"product_brand":[40],"product_cat":[43,23],"product_tag":[],"class_list":{"0":"post-2453","1":"product","2":"type-product","3":"status-publish","4":"has-post-thumbnail","6":"product_brand-sj-gauge","7":"product_cat-temperature-instruments","8":"product_cat-thermometers","10":"first","11":"instock","12":"shipping-taxable","13":"product-type-simple"},"acf":[],"yoast_head":"<!-- This site is optimized with the Yoast SEO Premium plugin v26.7 (Yoast SEO v26.7) - https:\/\/yoast.com\/wordpress\/plugins\/seo\/ -->\n<title>Bimetallic Thermometer, Back Mount - Your Expert in Pressure Temp and Smart Transmitters - SJ Gauge<\/title>\n<meta name=\"robots\" content=\"index, follow, max-snippet:-1, max-image-preview:large, max-video-preview:-1\" \/>\n<link rel=\"canonical\" href=\"https:\/\/www.sj-gauge.com\/vi\/san-pham\/mtb-s-bl\/\" \/>\n<meta property=\"og:locale\" content=\"vi_VN\" \/>\n<meta property=\"og:type\" content=\"article\" \/>\n<meta property=\"og:title\" content=\"Bimetallic Thermometer, Back Mount\" \/>\n<meta property=\"og:description\" content=\"Stainless steel material, sturdy and durable\u200b  Used in food and air conditioning industries, etc.\" \/>\n<meta property=\"og:url\" content=\"https:\/\/www.sj-gauge.com\/vi\/san-pham\/mtb-s-bl\/\" \/>\n<meta property=\"og:site_name\" content=\"Your Expert in Pressure Temp and Smart Transmitters - SJ Gauge\" \/>\n<meta property=\"article:modified_time\" content=\"2026-03-26T03:27:46+00:00\" \/>\n<meta property=\"og:image\" content=\"https:\/\/www.sj-gauge.com\/wp-content\/uploads\/2025\/12\/SJ-Gauge_Back_mount_thermometer_Large.jpg\" \/>\n\t<meta property=\"og:image:width\" content=\"1200\" \/>\n\t<meta property=\"og:image:height\" content=\"1000\" \/>\n\t<meta property=\"og:image:type\" content=\"image\/jpeg\" \/>\n<meta name=\"twitter:card\" content=\"summary_large_image\" \/>\n<meta name=\"twitter:label1\" content=\"\u01af\u1edbc t\u00ednh th\u1eddi gian \u0111\u1ecdc\" \/>\n\t<meta name=\"twitter:data1\" content=\"1 ph\u00fat\" \/>\n<script type=\"application\/ld+json\" class=\"yoast-schema-graph\">{\"@context\":\"https:\/\/schema.org\",\"@graph\":[{\"@type\":\"WebPage\",\"@id\":\"https:\/\/www.sj-gauge.com\/product\/mtb-s-bl\/\",\"url\":\"https:\/\/www.sj-gauge.com\/product\/mtb-s-bl\/\",\"name\":\"Bimetallic Thermometer, Back Mount - Your Expert in Pressure Temp and Smart Transmitters - SJ Gauge\",\"isPartOf\":{\"@id\":\"https:\/\/www.sj-gauge.com\/#website\"},\"primaryImageOfPage\":{\"@id\":\"https:\/\/www.sj-gauge.com\/product\/mtb-s-bl\/#primaryimage\"},\"image\":{\"@id\":\"https:\/\/www.sj-gauge.com\/product\/mtb-s-bl\/#primaryimage\"},\"thumbnailUrl\":\"https:\/\/www.sj-gauge.com\/wp-content\/uploads\/2025\/12\/SJ-Gauge_Back_mount_thermometer_Large.jpg\",\"datePublished\":\"2025-12-11T08:05:43+00:00\",\"dateModified\":\"2026-03-26T03:27:46+00:00\",\"breadcrumb\":{\"@id\":\"https:\/\/www.sj-gauge.com\/product\/mtb-s-bl\/#breadcrumb\"},\"inLanguage\":\"vi\",\"potentialAction\":[{\"@type\":\"ReadAction\",\"target\":[\"https:\/\/www.sj-gauge.com\/product\/mtb-s-bl\/\"]}]},{\"@type\":\"ImageObject\",\"inLanguage\":\"vi\",\"@id\":\"https:\/\/www.sj-gauge.com\/product\/mtb-s-bl\/#primaryimage\",\"url\":\"https:\/\/www.sj-gauge.com\/wp-content\/uploads\/2025\/12\/SJ-Gauge_Back_mount_thermometer_Large.jpg\",\"contentUrl\":\"https:\/\/www.sj-gauge.com\/wp-content\/uploads\/2025\/12\/SJ-Gauge_Back_mount_thermometer_Large.jpg\",\"width\":1200,\"height\":1000},{\"@type\":\"BreadcrumbList\",\"@id\":\"https:\/\/www.sj-gauge.com\/product\/mtb-s-bl\/#breadcrumb\",\"itemListElement\":[{\"@type\":\"ListItem\",\"position\":1,\"name\":\"Home\",\"item\":\"https:\/\/www.sj-gauge.com\/\"},{\"@type\":\"ListItem\",\"position\":2,\"name\":\"Products\",\"item\":\"https:\/\/www.sj-gauge.com\/products\/\"},{\"@type\":\"ListItem\",\"position\":3,\"name\":\"Bimetallic Thermometer, Back Mount\"}]},{\"@type\":\"WebSite\",\"@id\":\"https:\/\/www.sj-gauge.com\/#website\",\"url\":\"https:\/\/www.sj-gauge.com\/\",\"name\":\"Your Expert in Pressure Temp and Smart Transmitters - SJ Gauge\",\"description\":\"Manufacturer of industrial pressure gauges, pressure sensors, and transmitters. SJ Gauge provides high accuracy, durable materials, and custom solutions for oil &amp; gas, chemical, and industrial applications.\",\"publisher\":{\"@id\":\"https:\/\/www.sj-gauge.com\/#organization\"},\"potentialAction\":[{\"@type\":\"SearchAction\",\"target\":{\"@type\":\"EntryPoint\",\"urlTemplate\":\"https:\/\/www.sj-gauge.com\/?s={search_term_string}\"},\"query-input\":{\"@type\":\"PropertyValueSpecification\",\"valueRequired\":true,\"valueName\":\"search_term_string\"}}],\"inLanguage\":\"vi\"},{\"@type\":\"Organization\",\"@id\":\"https:\/\/www.sj-gauge.com\/#organization\",\"name\":\"Your Expert in Pressure Temp and Smart Transmitters - SJ Gauge\",\"url\":\"https:\/\/www.sj-gauge.com\/\",\"logo\":{\"@type\":\"ImageObject\",\"inLanguage\":\"vi\",\"@id\":\"https:\/\/www.sj-gauge.com\/#\/schema\/logo\/image\/\",\"url\":\"https:\/\/www.sj-gauge.com\/wp-content\/uploads\/2025\/09\/logo.webp\",\"contentUrl\":\"https:\/\/www.sj-gauge.com\/wp-content\/uploads\/2025\/09\/logo.webp\",\"width\":348,\"height\":184,\"caption\":\"Your Expert in Pressure Temp and Smart Transmitters - SJ Gauge\"},\"image\":{\"@id\":\"https:\/\/www.sj-gauge.com\/#\/schema\/logo\/image\/\"}}]}<\/script>\n<!-- \/ Yoast SEO Premium plugin. -->","yoast_head_json":{"title":"Thermometer hai kim lo\u1ea1i, l\u1eafp sau - Chuy\u00ean gia v\u1ec1 \u00e1p su\u1ea5t, nhi\u1ec7t \u0111\u1ed9 v\u00e0 b\u1ed9 truy\u1ec1n t\u00edn hi\u1ec7u th\u00f4ng minh - SJ Gauge","robots":{"index":"index","follow":"follow","max-snippet":"max-snippet:-1","max-image-preview":"max-image-preview:large","max-video-preview":"max-video-preview:-1"},"canonical":"https:\/\/www.sj-gauge.com\/vi\/san-pham\/mtb-s-bl\/","og_locale":"vi_VN","og_type":"article","og_title":"Bimetallic Thermometer, Back Mount","og_description":"Stainless steel material, sturdy and durable\u200b  Used in food and air conditioning industries, etc.","og_url":"https:\/\/www.sj-gauge.com\/vi\/san-pham\/mtb-s-bl\/","og_site_name":"Your Expert in Pressure Temp and Smart Transmitters - SJ Gauge","article_modified_time":"2026-03-26T03:27:46+00:00","og_image":[{"width":1200,"height":1000,"url":"https:\/\/www.sj-gauge.com\/wp-content\/uploads\/2025\/12\/SJ-Gauge_Back_mount_thermometer_Large.jpg","type":"image\/jpeg"}],"twitter_card":"summary_large_image","twitter_misc":{"\u01af\u1edbc t\u00ednh th\u1eddi gian \u0111\u1ecdc":"1 ph\u00fat"},"schema":{"@context":"https:\/\/schema.org","@graph":[{"@type":"WebPage","@id":"https:\/\/www.sj-gauge.com\/product\/mtb-s-bl\/","url":"https:\/\/www.sj-gauge.com\/product\/mtb-s-bl\/","name":"Thermometer hai kim lo\u1ea1i, l\u1eafp sau - Chuy\u00ean gia v\u1ec1 \u00e1p su\u1ea5t, nhi\u1ec7t \u0111\u1ed9 v\u00e0 b\u1ed9 truy\u1ec1n t\u00edn hi\u1ec7u th\u00f4ng minh - SJ Gauge","isPartOf":{"@id":"https:\/\/www.sj-gauge.com\/#website"},"primaryImageOfPage":{"@id":"https:\/\/www.sj-gauge.com\/product\/mtb-s-bl\/#primaryimage"},"image":{"@id":"https:\/\/www.sj-gauge.com\/product\/mtb-s-bl\/#primaryimage"},"thumbnailUrl":"https:\/\/www.sj-gauge.com\/wp-content\/uploads\/2025\/12\/SJ-Gauge_Back_mount_thermometer_Large.jpg","datePublished":"2025-12-11T08:05:43+00:00","dateModified":"2026-03-26T03:27:46+00:00","breadcrumb":{"@id":"https:\/\/www.sj-gauge.com\/product\/mtb-s-bl\/#breadcrumb"},"inLanguage":"vi","potentialAction":[{"@type":"ReadAction","target":["https:\/\/www.sj-gauge.com\/product\/mtb-s-bl\/"]}]},{"@type":"ImageObject","inLanguage":"vi","@id":"https:\/\/www.sj-gauge.com\/product\/mtb-s-bl\/#primaryimage","url":"https:\/\/www.sj-gauge.com\/wp-content\/uploads\/2025\/12\/SJ-Gauge_Back_mount_thermometer_Large.jpg","contentUrl":"https:\/\/www.sj-gauge.com\/wp-content\/uploads\/2025\/12\/SJ-Gauge_Back_mount_thermometer_Large.jpg","width":1200,"height":1000},{"@type":"BreadcrumbList","@id":"https:\/\/www.sj-gauge.com\/product\/mtb-s-bl\/#breadcrumb","itemListElement":[{"@type":"ListItem","position":1,"name":"Home","item":"https:\/\/www.sj-gauge.com\/"},{"@type":"ListItem","position":2,"name":"Products","item":"https:\/\/www.sj-gauge.com\/products\/"},{"@type":"ListItem","position":3,"name":"Bimetallic Thermometer, Back Mount"}]},{"@type":"WebSite","@id":"https:\/\/www.sj-gauge.com\/#website","url":"https:\/\/www.sj-gauge.com\/","name":"Chuy\u00ean gia v\u1ec1 c\u1ea3m bi\u1ebfn \u00e1p su\u1ea5t, nhi\u1ec7t \u0111\u1ed9 v\u00e0 c\u1ea3m bi\u1ebfn th\u00f4ng minh - SJ Gauge","description":"Nh\u00e0 s\u1ea3n xu\u1ea5t \u0111\u1ed3ng h\u1ed3 \u0111o \u00e1p su\u1ea5t c\u00f4ng nghi\u1ec7p, c\u1ea3m bi\u1ebfn \u00e1p su\u1ea5t v\u00e0 b\u1ed9 truy\u1ec1n t\u00edn hi\u1ec7u. SJ Gauge cung c\u1ea5p c\u00e1c s\u1ea3n ph\u1ea9m c\u00f3 \u0111\u1ed9 ch\u00ednh x\u00e1c cao, \u0111\u01b0\u1ee3c ch\u1ebf t\u1ea1o t\u1eeb v\u1eadt li\u1ec7u b\u1ec1n b\u1ec9 v\u00e0 c\u00e1c gi\u1ea3i ph\u00e1p t\u00f9y ch\u1ec9nh d\u00e0nh cho c\u00e1c \u1ee9ng d\u1ee5ng trong ng\u00e0nh d\u1ea7u kh\u00ed, h\u00f3a ch\u1ea5t v\u00e0 c\u00f4ng nghi\u1ec7p.","publisher":{"@id":"https:\/\/www.sj-gauge.com\/#organization"},"potentialAction":[{"@type":"SearchAction","target":{"@type":"EntryPoint","urlTemplate":"https:\/\/www.sj-gauge.com\/?s={search_term_string}"},"query-input":{"@type":"PropertyValueSpecification","valueRequired":true,"valueName":"search_term_string"}}],"inLanguage":"vi"},{"@type":"Organization","@id":"https:\/\/www.sj-gauge.com\/#organization","name":"Chuy\u00ean gia v\u1ec1 c\u1ea3m bi\u1ebfn \u00e1p su\u1ea5t, nhi\u1ec7t \u0111\u1ed9 v\u00e0 c\u1ea3m bi\u1ebfn th\u00f4ng minh - SJ Gauge","url":"https:\/\/www.sj-gauge.com\/","logo":{"@type":"ImageObject","inLanguage":"vi","@id":"https:\/\/www.sj-gauge.com\/#\/schema\/logo\/image\/","url":"https:\/\/www.sj-gauge.com\/wp-content\/uploads\/2025\/09\/logo.webp","contentUrl":"https:\/\/www.sj-gauge.com\/wp-content\/uploads\/2025\/09\/logo.webp","width":348,"height":184,"caption":"Your Expert in Pressure Temp and Smart Transmitters - SJ Gauge"},"image":{"@id":"https:\/\/www.sj-gauge.com\/#\/schema\/logo\/image\/"}}]}},"_links":{"self":[{"href":"https:\/\/www.sj-gauge.com\/vi\/wp-json\/wp\/v2\/product\/2453","targetHints":{"allow":["GET"]}}],"collection":[{"href":"https:\/\/www.sj-gauge.com\/vi\/wp-json\/wp\/v2\/product"}],"about":[{"href":"https:\/\/www.sj-gauge.com\/vi\/wp-json\/wp\/v2\/types\/product"}],"wp:featuredmedia":[{"embeddable":true,"href":"https:\/\/www.sj-gauge.com\/vi\/wp-json\/wp\/v2\/media\/2457"}],"wp:attachment":[{"href":"https:\/\/www.sj-gauge.com\/vi\/wp-json\/wp\/v2\/media?parent=2453"}],"wp:term":[{"taxonomy":"product_brand","embeddable":true,"href":"https:\/\/www.sj-gauge.com\/vi\/wp-json\/wp\/v2\/product_brand?post=2453"},{"taxonomy":"product_cat","embeddable":true,"href":"https:\/\/www.sj-gauge.com\/vi\/wp-json\/wp\/v2\/product_cat?post=2453"},{"taxonomy":"product_tag","embeddable":true,"href":"https:\/\/www.sj-gauge.com\/vi\/wp-json\/wp\/v2\/product_tag?post=2453"}],"curies":[{"name":"wp","href":"https:\/\/api.w.org\/{rel}","templated":true}]}}