{"id":2472,"date":"2025-12-12T14:36:33","date_gmt":"2025-12-12T06:36:33","guid":{"rendered":"https:\/\/sj-gauge.com\/?post_type=product&#038;p=2472"},"modified":"2026-04-09T20:53:50","modified_gmt":"2026-04-09T12:53:50","slug":"mtb-s-bs","status":"publish","type":"product","link":"https:\/\/www.sj-gauge.com\/vi\/san-pham\/mtb-s-bs\/","title":{"rendered":"Thermometer hai kim lo\u1ea1i, l\u1eafp \u0111\u1eb7t ph\u00eda d\u01b0\u1edbi"},"content":{"rendered":"<p>Thermometer MTB.S_BS Bimetallic c\u00f3 thi\u1ebft k\u1ebf l\u1eafp \u0111\u1eb7t d\u01b0\u1edbi \u0111\u00e1y v\u1edbi g\u00f3c quan s\u00e1t c\u1ed1 \u0111\u1ecbnh, cung c\u1ea5p ch\u1ec9 th\u1ecb nhi\u1ec7t \u0111\u1ed9 \u1ed5n \u0111\u1ecbnh v\u00e0 \u0111\u00e1ng tin c\u1eady trong m\u00f4i tr\u01b0\u1eddng c\u00f4ng nghi\u1ec7p. \u0110\u01b0\u1ee3c ch\u1ebf t\u1ea1o t\u1eeb v\u1ecf v\u00e0 tr\u1ee5c th\u00e9p kh\u00f4ng g\u1ec9, s\u1ea3n ph\u1ea9m n\u00e0y mang l\u1ea1i \u0111\u1ed9 b\u1ec1n cao v\u00e0 kh\u1ea3 n\u0103ng ch\u1ed1ng \u0103n m\u00f2n xu\u1ea5t s\u1eafc. V\u1edbi d\u1ea3i \u0111o r\u1ed9ng t\u1eeb \u201350\u00b0C \u0111\u1ebfn 600\u00b0C v\u00e0 \u0111\u1ed9 ch\u00ednh x\u00e1c Class 1.0, n\u00f3 ph\u00f9 h\u1ee3p cho c\u00e1c \u1ee9ng d\u1ee5ng trong ng\u00e0nh \u0111o l\u01b0\u1eddng, ch\u1ebf bi\u1ebfn th\u1ef1c ph\u1ea9m v\u00e0 x\u1eed l\u00fd n\u01b0\u1edbc th\u1ea3i. Thermometer n\u00e0y h\u1ed7 tr\u1ee3 nhi\u1ec1u k\u1ebft n\u1ed1i qu\u00e1 tr\u00ecnh v\u00e0 c\u1ea5u h\u00ecnh th\u00e2n, c\u00f3 th\u1ec3 l\u1ef1a ch\u1ecdn \u0111\u1ed5 glycerin v\u00e0 b\u1ea3o v\u1ec7 IP67, l\u00e0m cho n\u00f3 tr\u1edf th\u00e0nh l\u1ef1a ch\u1ecdn \u0111\u00e1ng tin c\u1eady cho c\u00e1c \u0111i\u1ec1u ki\u1ec7n ho\u1ea1t \u0111\u1ed9ng kh\u1eafc nghi\u1ec7t n\u01a1i c\u1ea7n theo d\u00f5i nhi\u1ec7t \u0111\u1ed9 r\u00f5 r\u00e0ng t\u1ea1i ch\u1ed7.<\/p>","protected":false},"excerpt":{"rendered":"<ul>\n<li>G\u00f3c c\u1ed1 \u0111\u1ecbnh, n\u1ebfu b\u1ea1n c\u1ea7n \u0111i\u1ec1u ch\u1ec9nh g\u00f3c quan s\u00e1t, b\u1ea1n c\u00f3 th\u1ec3 tham kh\u1ea3o MTB.S_BA.<\/li>\n<li>Ph\u00f9 h\u1ee3p cho c\u00e1c \u1ee9ng d\u1ee5ng trong ng\u00e0nh \u0111o l\u01b0\u1eddng, ng\u00e0nh th\u1ef1c ph\u1ea9m v\u00e0 x\u1eed l\u00fd n\u01b0\u1edbc th\u1ea3i.<\/li>\n<\/ul>","protected":false},"featured_media":2480,"template":"","meta":{"_acf_changed":false},"product_brand":[40],"product_cat":[43,23],"product_tag":[],"class_list":{"0":"post-2472","1":"product","2":"type-product","3":"status-publish","4":"has-post-thumbnail","6":"product_brand-sj-gauge","7":"product_cat-temperature-instruments","8":"product_cat-thermometers","10":"first","11":"instock","12":"shipping-taxable","13":"product-type-simple"},"acf":[],"yoast_head":"<!-- This site is optimized with the Yoast SEO Premium plugin v26.7 (Yoast SEO v26.7) - https:\/\/yoast.com\/wordpress\/plugins\/seo\/ -->\n<title>Bimetallic Thermometer, Bottom Mount - Your Expert in Pressure Temp and Smart Transmitters - SJ Gauge<\/title>\n<meta name=\"robots\" content=\"index, follow, max-snippet:-1, max-image-preview:large, max-video-preview:-1\" \/>\n<link rel=\"canonical\" href=\"https:\/\/www.sj-gauge.com\/vi\/san-pham\/mtb-s-bs\/\" \/>\n<meta property=\"og:locale\" content=\"vi_VN\" \/>\n<meta property=\"og:type\" content=\"article\" \/>\n<meta property=\"og:title\" content=\"Bimetallic Thermometer, Bottom Mount\" \/>\n<meta property=\"og:description\" content=\"Fixed angle, if you need to adjust the observing angle, you can refer to MTB.S_BA  Suitable for applications in measuring industry, food industry and sewage treatment\" \/>\n<meta property=\"og:url\" content=\"https:\/\/www.sj-gauge.com\/vi\/san-pham\/mtb-s-bs\/\" \/>\n<meta property=\"og:site_name\" content=\"Your Expert in Pressure Temp and Smart Transmitters - SJ Gauge\" \/>\n<meta property=\"article:modified_time\" content=\"2026-04-09T12:53:50+00:00\" \/>\n<meta property=\"og:image\" content=\"https:\/\/www.sj-gauge.com\/wp-content\/uploads\/2025\/12\/SJ-Gauge_Bottom_mount_thermometer_Large.jpg\" \/>\n\t<meta property=\"og:image:width\" content=\"1200\" \/>\n\t<meta property=\"og:image:height\" content=\"1000\" \/>\n\t<meta property=\"og:image:type\" content=\"image\/jpeg\" \/>\n<meta name=\"twitter:card\" content=\"summary_large_image\" \/>\n<meta name=\"twitter:label1\" content=\"\u01af\u1edbc t\u00ednh th\u1eddi gian \u0111\u1ecdc\" \/>\n\t<meta name=\"twitter:data1\" content=\"1 ph\u00fat\" \/>\n<script type=\"application\/ld+json\" class=\"yoast-schema-graph\">{\"@context\":\"https:\/\/schema.org\",\"@graph\":[{\"@type\":\"WebPage\",\"@id\":\"https:\/\/www.sj-gauge.com\/product\/mtb-s-bs\/\",\"url\":\"https:\/\/www.sj-gauge.com\/product\/mtb-s-bs\/\",\"name\":\"Bimetallic Thermometer, Bottom Mount - Your Expert in Pressure Temp and Smart Transmitters - SJ Gauge\",\"isPartOf\":{\"@id\":\"https:\/\/www.sj-gauge.com\/#website\"},\"primaryImageOfPage\":{\"@id\":\"https:\/\/www.sj-gauge.com\/product\/mtb-s-bs\/#primaryimage\"},\"image\":{\"@id\":\"https:\/\/www.sj-gauge.com\/product\/mtb-s-bs\/#primaryimage\"},\"thumbnailUrl\":\"https:\/\/www.sj-gauge.com\/wp-content\/uploads\/2025\/12\/SJ-Gauge_Bottom_mount_thermometer_Large.jpg\",\"datePublished\":\"2025-12-12T06:36:33+00:00\",\"dateModified\":\"2026-04-09T12:53:50+00:00\",\"breadcrumb\":{\"@id\":\"https:\/\/www.sj-gauge.com\/product\/mtb-s-bs\/#breadcrumb\"},\"inLanguage\":\"vi\",\"potentialAction\":[{\"@type\":\"ReadAction\",\"target\":[\"https:\/\/www.sj-gauge.com\/product\/mtb-s-bs\/\"]}]},{\"@type\":\"ImageObject\",\"inLanguage\":\"vi\",\"@id\":\"https:\/\/www.sj-gauge.com\/product\/mtb-s-bs\/#primaryimage\",\"url\":\"https:\/\/www.sj-gauge.com\/wp-content\/uploads\/2025\/12\/SJ-Gauge_Bottom_mount_thermometer_Large.jpg\",\"contentUrl\":\"https:\/\/www.sj-gauge.com\/wp-content\/uploads\/2025\/12\/SJ-Gauge_Bottom_mount_thermometer_Large.jpg\",\"width\":1200,\"height\":1000},{\"@type\":\"BreadcrumbList\",\"@id\":\"https:\/\/www.sj-gauge.com\/product\/mtb-s-bs\/#breadcrumb\",\"itemListElement\":[{\"@type\":\"ListItem\",\"position\":1,\"name\":\"Home\",\"item\":\"https:\/\/www.sj-gauge.com\/\"},{\"@type\":\"ListItem\",\"position\":2,\"name\":\"Products\",\"item\":\"https:\/\/www.sj-gauge.com\/products\/\"},{\"@type\":\"ListItem\",\"position\":3,\"name\":\"Bimetallic Thermometer, Bottom Mount\"}]},{\"@type\":\"WebSite\",\"@id\":\"https:\/\/www.sj-gauge.com\/#website\",\"url\":\"https:\/\/www.sj-gauge.com\/\",\"name\":\"Your Expert in Pressure Temp and Smart Transmitters - SJ Gauge\",\"description\":\"Manufacturer of industrial pressure gauges, pressure sensors, and transmitters. SJ Gauge provides high accuracy, durable materials, and custom solutions for oil &amp; gas, chemical, and industrial applications.\",\"publisher\":{\"@id\":\"https:\/\/www.sj-gauge.com\/#organization\"},\"potentialAction\":[{\"@type\":\"SearchAction\",\"target\":{\"@type\":\"EntryPoint\",\"urlTemplate\":\"https:\/\/www.sj-gauge.com\/?s={search_term_string}\"},\"query-input\":{\"@type\":\"PropertyValueSpecification\",\"valueRequired\":true,\"valueName\":\"search_term_string\"}}],\"inLanguage\":\"vi\"},{\"@type\":\"Organization\",\"@id\":\"https:\/\/www.sj-gauge.com\/#organization\",\"name\":\"Your Expert in Pressure Temp and Smart Transmitters - SJ Gauge\",\"url\":\"https:\/\/www.sj-gauge.com\/\",\"logo\":{\"@type\":\"ImageObject\",\"inLanguage\":\"vi\",\"@id\":\"https:\/\/www.sj-gauge.com\/#\/schema\/logo\/image\/\",\"url\":\"https:\/\/www.sj-gauge.com\/wp-content\/uploads\/2025\/09\/logo.webp\",\"contentUrl\":\"https:\/\/www.sj-gauge.com\/wp-content\/uploads\/2025\/09\/logo.webp\",\"width\":348,\"height\":184,\"caption\":\"Your Expert in Pressure Temp and Smart Transmitters - SJ Gauge\"},\"image\":{\"@id\":\"https:\/\/www.sj-gauge.com\/#\/schema\/logo\/image\/\"}}]}<\/script>\n<!-- \/ Yoast SEO Premium plugin. -->","yoast_head_json":{"title":"Thermometer bimetallic, l\u1eafp \u0111\u1eb7t d\u01b0\u1edbi \u0111\u00e1y - Chuy\u00ean gia v\u1ec1 \u00e1p su\u1ea5t, nhi\u1ec7t \u0111\u1ed9 v\u00e0 b\u1ed9 truy\u1ec1n t\u00edn hi\u1ec7u th\u00f4ng minh - SJ Gauge","robots":{"index":"index","follow":"follow","max-snippet":"max-snippet:-1","max-image-preview":"max-image-preview:large","max-video-preview":"max-video-preview:-1"},"canonical":"https:\/\/www.sj-gauge.com\/vi\/san-pham\/mtb-s-bs\/","og_locale":"vi_VN","og_type":"article","og_title":"Bimetallic Thermometer, Bottom Mount","og_description":"Fixed angle, if you need to adjust the observing angle, you can refer to MTB.S_BA  Suitable for applications in measuring industry, food industry and sewage treatment","og_url":"https:\/\/www.sj-gauge.com\/vi\/san-pham\/mtb-s-bs\/","og_site_name":"Your Expert in Pressure Temp and Smart Transmitters - SJ Gauge","article_modified_time":"2026-04-09T12:53:50+00:00","og_image":[{"width":1200,"height":1000,"url":"https:\/\/www.sj-gauge.com\/wp-content\/uploads\/2025\/12\/SJ-Gauge_Bottom_mount_thermometer_Large.jpg","type":"image\/jpeg"}],"twitter_card":"summary_large_image","twitter_misc":{"\u01af\u1edbc t\u00ednh th\u1eddi gian \u0111\u1ecdc":"1 ph\u00fat"},"schema":{"@context":"https:\/\/schema.org","@graph":[{"@type":"WebPage","@id":"https:\/\/www.sj-gauge.com\/product\/mtb-s-bs\/","url":"https:\/\/www.sj-gauge.com\/product\/mtb-s-bs\/","name":"Thermometer bimetallic, l\u1eafp \u0111\u1eb7t d\u01b0\u1edbi \u0111\u00e1y - Chuy\u00ean gia v\u1ec1 \u00e1p su\u1ea5t, nhi\u1ec7t \u0111\u1ed9 v\u00e0 b\u1ed9 truy\u1ec1n t\u00edn hi\u1ec7u th\u00f4ng minh - SJ Gauge","isPartOf":{"@id":"https:\/\/www.sj-gauge.com\/#website"},"primaryImageOfPage":{"@id":"https:\/\/www.sj-gauge.com\/product\/mtb-s-bs\/#primaryimage"},"image":{"@id":"https:\/\/www.sj-gauge.com\/product\/mtb-s-bs\/#primaryimage"},"thumbnailUrl":"https:\/\/www.sj-gauge.com\/wp-content\/uploads\/2025\/12\/SJ-Gauge_Bottom_mount_thermometer_Large.jpg","datePublished":"2025-12-12T06:36:33+00:00","dateModified":"2026-04-09T12:53:50+00:00","breadcrumb":{"@id":"https:\/\/www.sj-gauge.com\/product\/mtb-s-bs\/#breadcrumb"},"inLanguage":"vi","potentialAction":[{"@type":"ReadAction","target":["https:\/\/www.sj-gauge.com\/product\/mtb-s-bs\/"]}]},{"@type":"ImageObject","inLanguage":"vi","@id":"https:\/\/www.sj-gauge.com\/product\/mtb-s-bs\/#primaryimage","url":"https:\/\/www.sj-gauge.com\/wp-content\/uploads\/2025\/12\/SJ-Gauge_Bottom_mount_thermometer_Large.jpg","contentUrl":"https:\/\/www.sj-gauge.com\/wp-content\/uploads\/2025\/12\/SJ-Gauge_Bottom_mount_thermometer_Large.jpg","width":1200,"height":1000},{"@type":"BreadcrumbList","@id":"https:\/\/www.sj-gauge.com\/product\/mtb-s-bs\/#breadcrumb","itemListElement":[{"@type":"ListItem","position":1,"name":"Home","item":"https:\/\/www.sj-gauge.com\/"},{"@type":"ListItem","position":2,"name":"Products","item":"https:\/\/www.sj-gauge.com\/products\/"},{"@type":"ListItem","position":3,"name":"Bimetallic Thermometer, Bottom Mount"}]},{"@type":"WebSite","@id":"https:\/\/www.sj-gauge.com\/#website","url":"https:\/\/www.sj-gauge.com\/","name":"Chuy\u00ean gia v\u1ec1 c\u1ea3m bi\u1ebfn \u00e1p su\u1ea5t, nhi\u1ec7t \u0111\u1ed9 v\u00e0 c\u1ea3m bi\u1ebfn th\u00f4ng minh - SJ Gauge","description":"Nh\u00e0 s\u1ea3n xu\u1ea5t \u0111\u1ed3ng h\u1ed3 \u0111o \u00e1p su\u1ea5t c\u00f4ng nghi\u1ec7p, c\u1ea3m bi\u1ebfn \u00e1p su\u1ea5t v\u00e0 b\u1ed9 truy\u1ec1n t\u00edn hi\u1ec7u. SJ Gauge cung c\u1ea5p c\u00e1c s\u1ea3n ph\u1ea9m c\u00f3 \u0111\u1ed9 ch\u00ednh x\u00e1c cao, \u0111\u01b0\u1ee3c ch\u1ebf t\u1ea1o t\u1eeb v\u1eadt li\u1ec7u b\u1ec1n b\u1ec9 v\u00e0 c\u00e1c gi\u1ea3i ph\u00e1p t\u00f9y ch\u1ec9nh d\u00e0nh cho c\u00e1c \u1ee9ng d\u1ee5ng trong ng\u00e0nh d\u1ea7u kh\u00ed, h\u00f3a ch\u1ea5t v\u00e0 c\u00f4ng nghi\u1ec7p.","publisher":{"@id":"https:\/\/www.sj-gauge.com\/#organization"},"potentialAction":[{"@type":"SearchAction","target":{"@type":"EntryPoint","urlTemplate":"https:\/\/www.sj-gauge.com\/?s={search_term_string}"},"query-input":{"@type":"PropertyValueSpecification","valueRequired":true,"valueName":"search_term_string"}}],"inLanguage":"vi"},{"@type":"Organization","@id":"https:\/\/www.sj-gauge.com\/#organization","name":"Chuy\u00ean gia v\u1ec1 c\u1ea3m bi\u1ebfn \u00e1p su\u1ea5t, nhi\u1ec7t \u0111\u1ed9 v\u00e0 c\u1ea3m bi\u1ebfn th\u00f4ng minh - SJ Gauge","url":"https:\/\/www.sj-gauge.com\/","logo":{"@type":"ImageObject","inLanguage":"vi","@id":"https:\/\/www.sj-gauge.com\/#\/schema\/logo\/image\/","url":"https:\/\/www.sj-gauge.com\/wp-content\/uploads\/2025\/09\/logo.webp","contentUrl":"https:\/\/www.sj-gauge.com\/wp-content\/uploads\/2025\/09\/logo.webp","width":348,"height":184,"caption":"Your Expert in Pressure Temp and Smart Transmitters - SJ Gauge"},"image":{"@id":"https:\/\/www.sj-gauge.com\/#\/schema\/logo\/image\/"}}]}},"_links":{"self":[{"href":"https:\/\/www.sj-gauge.com\/vi\/wp-json\/wp\/v2\/product\/2472","targetHints":{"allow":["GET"]}}],"collection":[{"href":"https:\/\/www.sj-gauge.com\/vi\/wp-json\/wp\/v2\/product"}],"about":[{"href":"https:\/\/www.sj-gauge.com\/vi\/wp-json\/wp\/v2\/types\/product"}],"wp:featuredmedia":[{"embeddable":true,"href":"https:\/\/www.sj-gauge.com\/vi\/wp-json\/wp\/v2\/media\/2480"}],"wp:attachment":[{"href":"https:\/\/www.sj-gauge.com\/vi\/wp-json\/wp\/v2\/media?parent=2472"}],"wp:term":[{"taxonomy":"product_brand","embeddable":true,"href":"https:\/\/www.sj-gauge.com\/vi\/wp-json\/wp\/v2\/product_brand?post=2472"},{"taxonomy":"product_cat","embeddable":true,"href":"https:\/\/www.sj-gauge.com\/vi\/wp-json\/wp\/v2\/product_cat?post=2472"},{"taxonomy":"product_tag","embeddable":true,"href":"https:\/\/www.sj-gauge.com\/vi\/wp-json\/wp\/v2\/product_tag?post=2472"}],"curies":[{"name":"wp","href":"https:\/\/api.w.org\/{rel}","templated":true}]}}