{"id":2481,"date":"2025-12-12T14:55:09","date_gmt":"2025-12-12T06:55:09","guid":{"rendered":"https:\/\/sj-gauge.com\/?post_type=product&#038;p=2481"},"modified":"2026-04-01T14:16:07","modified_gmt":"2026-04-01T06:16:07","slug":"mtb-s-ba","status":"publish","type":"product","link":"https:\/\/www.sj-gauge.com\/vi\/san-pham\/mtb-s-ba\/","title":{"rendered":"Thermometer hai kim lo\u1ea1i, g\u00f3c \u0111i\u1ec1u ch\u1ec9nh \u0111\u01b0\u1ee3c"},"content":{"rendered":"<p>Thermometer MTB.S_BA c\u00f3 g\u00f3c \u0111i\u1ec1u ch\u1ec9nh linh ho\u1ea1t \u0111\u01b0\u1ee3c l\u00e0m t\u1eeb th\u00e9p kh\u00f4ng g\u1ec9, cho ph\u00e9p \u0111i\u1ec1u ch\u1ec9nh g\u00f3c d\u1ecdc l\u00ean \u0111\u1ebfn 90\u00b0, gi\u00fap quan s\u00e1t linh ho\u1ea1t t\u1eeb c\u00e1c v\u1ecb tr\u00ed l\u1eafp \u0111\u1eb7t kh\u00e1c nhau v\u00e0 c\u1ea3i thi\u1ec7n kh\u1ea3 n\u0103ng \u0111\u1ecdc s\u1ed1 t\u1ea1i hi\u1ec7n tr\u01b0\u1eddng. V\u1edbi d\u1ea3i \u0111o t\u1eeb -50\u00b0C \u0111\u1ebfn 600\u00b0C v\u00e0 \u0111\u1ed9 ch\u00ednh x\u00e1c l\u1edbp CL 1.0, s\u1ea3n ph\u1ea9m n\u00e0y r\u1ea5t ph\u00f9 h\u1ee3p cho vi\u1ec7c gi\u00e1m s\u00e1t nhi\u1ec7t \u0111\u1ed9 trong c\u00e1c qu\u00e1 tr\u00ecnh h\u00f3a ch\u1ea5t, d\u1ea7u kh\u00ed v\u00e0 c\u00f4ng nghi\u1ec7p t\u1ed5ng h\u1ee3p. Thermometer n\u00e0y c\u00f3 s\u1eb5n trong c\u00e1c k\u00edch th\u01b0\u1edbc m\u1eb7t s\u1ed1, k\u1ebft n\u1ed1i qu\u00e1 tr\u00ecnh v\u00e0 k\u00edch th\u01b0\u1edbc tr\u1ee5c kh\u00e1c nhau, bao g\u1ed3m k\u1ebft n\u1ed1i m\u00e9t, inch v\u00e0 v\u1ec7 sinh, cung c\u1ea5p gi\u1ea3i ph\u00e1p b\u1ec1n b\u1ec9, \u0111\u00e1ng tin c\u1eady v\u00e0 c\u1ef1c k\u1ef3 linh ho\u1ea1t cho c\u00e1c \u1ee9ng d\u1ee5ng \u0111a d\u1ea1ng.<\/p>","protected":false},"excerpt":{"rendered":"<ul>\n<li>\u0110i\u1ec1u ch\u1ec9nh g\u00f3c d\u1ecdc 90\u00b0, ph\u00f9 h\u1ee3p \u0111\u1ec3 quan s\u00e1t t\u1eeb nhi\u1ec1u g\u00f3c \u0111\u1ed9 kh\u00e1c nhau.<\/li>\n<li>\u0110\u01b0\u1ee3c s\u1eed d\u1ee5ng trong c\u00e1c ng\u00e0nh c\u00f4ng nghi\u1ec7p h\u00f3a ch\u1ea5t v\u00e0 d\u1ea7u kh\u00ed, v.v.<\/li>\n<\/ul>","protected":false},"featured_media":2488,"template":"","meta":{"_acf_changed":false},"product_brand":[40],"product_cat":[43,23],"product_tag":[],"class_list":{"0":"post-2481","1":"product","2":"type-product","3":"status-publish","4":"has-post-thumbnail","6":"product_brand-sj-gauge","7":"product_cat-temperature-instruments","8":"product_cat-thermometers","10":"first","11":"instock","12":"shipping-taxable","13":"product-type-simple"},"acf":[],"yoast_head":"<!-- This site is optimized with the Yoast SEO Premium plugin v26.7 (Yoast SEO v26.7) - https:\/\/yoast.com\/wordpress\/plugins\/seo\/ -->\n<title>Bimetallic Thermometer, Adjustable Angle - Your Expert in Pressure Temp and Smart Transmitters - SJ Gauge<\/title>\n<meta name=\"robots\" content=\"index, follow, max-snippet:-1, max-image-preview:large, max-video-preview:-1\" \/>\n<link rel=\"canonical\" href=\"https:\/\/www.sj-gauge.com\/vi\/san-pham\/mtb-s-ba\/\" \/>\n<meta property=\"og:locale\" content=\"vi_VN\" \/>\n<meta property=\"og:type\" content=\"article\" \/>\n<meta property=\"og:title\" content=\"Bimetallic Thermometer, Adjustable Angle\" \/>\n<meta property=\"og:description\" content=\"Adjust vertical angle 90\u00b0, suitable for observing from multiple angles  Used in chemical and petrochemical industries, etc.\" \/>\n<meta property=\"og:url\" content=\"https:\/\/www.sj-gauge.com\/vi\/san-pham\/mtb-s-ba\/\" \/>\n<meta property=\"og:site_name\" content=\"Your Expert in Pressure Temp and Smart Transmitters - SJ Gauge\" \/>\n<meta property=\"article:modified_time\" content=\"2026-04-01T06:16:07+00:00\" \/>\n<meta property=\"og:image\" content=\"https:\/\/www.sj-gauge.com\/wp-content\/uploads\/2025\/12\/SJ-Gauge-thermometer-angle-adjustabled-L.jpg\" \/>\n\t<meta property=\"og:image:width\" content=\"1200\" \/>\n\t<meta property=\"og:image:height\" content=\"1000\" \/>\n\t<meta property=\"og:image:type\" content=\"image\/jpeg\" \/>\n<meta name=\"twitter:card\" content=\"summary_large_image\" \/>\n<meta name=\"twitter:label1\" content=\"\u01af\u1edbc t\u00ednh th\u1eddi gian \u0111\u1ecdc\" \/>\n\t<meta name=\"twitter:data1\" content=\"1 ph\u00fat\" \/>\n<script type=\"application\/ld+json\" class=\"yoast-schema-graph\">{\"@context\":\"https:\/\/schema.org\",\"@graph\":[{\"@type\":\"WebPage\",\"@id\":\"https:\/\/www.sj-gauge.com\/product\/mtb-s-ba\/\",\"url\":\"https:\/\/www.sj-gauge.com\/product\/mtb-s-ba\/\",\"name\":\"Bimetallic Thermometer, Adjustable Angle - Your Expert in Pressure Temp and Smart Transmitters - SJ Gauge\",\"isPartOf\":{\"@id\":\"https:\/\/www.sj-gauge.com\/#website\"},\"primaryImageOfPage\":{\"@id\":\"https:\/\/www.sj-gauge.com\/product\/mtb-s-ba\/#primaryimage\"},\"image\":{\"@id\":\"https:\/\/www.sj-gauge.com\/product\/mtb-s-ba\/#primaryimage\"},\"thumbnailUrl\":\"https:\/\/www.sj-gauge.com\/wp-content\/uploads\/2025\/12\/SJ-Gauge-thermometer-angle-adjustabled-L.jpg\",\"datePublished\":\"2025-12-12T06:55:09+00:00\",\"dateModified\":\"2026-04-01T06:16:07+00:00\",\"breadcrumb\":{\"@id\":\"https:\/\/www.sj-gauge.com\/product\/mtb-s-ba\/#breadcrumb\"},\"inLanguage\":\"vi\",\"potentialAction\":[{\"@type\":\"ReadAction\",\"target\":[\"https:\/\/www.sj-gauge.com\/product\/mtb-s-ba\/\"]}]},{\"@type\":\"ImageObject\",\"inLanguage\":\"vi\",\"@id\":\"https:\/\/www.sj-gauge.com\/product\/mtb-s-ba\/#primaryimage\",\"url\":\"https:\/\/www.sj-gauge.com\/wp-content\/uploads\/2025\/12\/SJ-Gauge-thermometer-angle-adjustabled-L.jpg\",\"contentUrl\":\"https:\/\/www.sj-gauge.com\/wp-content\/uploads\/2025\/12\/SJ-Gauge-thermometer-angle-adjustabled-L.jpg\",\"width\":1200,\"height\":1000},{\"@type\":\"BreadcrumbList\",\"@id\":\"https:\/\/www.sj-gauge.com\/product\/mtb-s-ba\/#breadcrumb\",\"itemListElement\":[{\"@type\":\"ListItem\",\"position\":1,\"name\":\"Home\",\"item\":\"https:\/\/www.sj-gauge.com\/\"},{\"@type\":\"ListItem\",\"position\":2,\"name\":\"Products\",\"item\":\"https:\/\/www.sj-gauge.com\/products\/\"},{\"@type\":\"ListItem\",\"position\":3,\"name\":\"Bimetallic Thermometer, Adjustable Angle\"}]},{\"@type\":\"WebSite\",\"@id\":\"https:\/\/www.sj-gauge.com\/#website\",\"url\":\"https:\/\/www.sj-gauge.com\/\",\"name\":\"Your Expert in Pressure Temp and Smart Transmitters - SJ Gauge\",\"description\":\"Manufacturer of industrial pressure gauges, pressure sensors, and transmitters. SJ Gauge provides high accuracy, durable materials, and custom solutions for oil &amp; gas, chemical, and industrial applications.\",\"publisher\":{\"@id\":\"https:\/\/www.sj-gauge.com\/#organization\"},\"potentialAction\":[{\"@type\":\"SearchAction\",\"target\":{\"@type\":\"EntryPoint\",\"urlTemplate\":\"https:\/\/www.sj-gauge.com\/?s={search_term_string}\"},\"query-input\":{\"@type\":\"PropertyValueSpecification\",\"valueRequired\":true,\"valueName\":\"search_term_string\"}}],\"inLanguage\":\"vi\"},{\"@type\":\"Organization\",\"@id\":\"https:\/\/www.sj-gauge.com\/#organization\",\"name\":\"Your Expert in Pressure Temp and Smart Transmitters - SJ Gauge\",\"url\":\"https:\/\/www.sj-gauge.com\/\",\"logo\":{\"@type\":\"ImageObject\",\"inLanguage\":\"vi\",\"@id\":\"https:\/\/www.sj-gauge.com\/#\/schema\/logo\/image\/\",\"url\":\"https:\/\/www.sj-gauge.com\/wp-content\/uploads\/2025\/09\/logo.webp\",\"contentUrl\":\"https:\/\/www.sj-gauge.com\/wp-content\/uploads\/2025\/09\/logo.webp\",\"width\":348,\"height\":184,\"caption\":\"Your Expert in Pressure Temp and Smart Transmitters - SJ Gauge\"},\"image\":{\"@id\":\"https:\/\/www.sj-gauge.com\/#\/schema\/logo\/image\/\"}}]}<\/script>\n<!-- \/ Yoast SEO Premium plugin. -->","yoast_head_json":{"title":"Thermometer kim lo\u1ea1i k\u00e9p, g\u00f3c \u0111i\u1ec1u ch\u1ec9nh - Chuy\u00ean gia v\u1ec1 \u00e1p su\u1ea5t, nhi\u1ec7t \u0111\u1ed9 v\u00e0 b\u1ed9 truy\u1ec1n t\u00edn hi\u1ec7u th\u00f4ng minh - SJ Gauge","robots":{"index":"index","follow":"follow","max-snippet":"max-snippet:-1","max-image-preview":"max-image-preview:large","max-video-preview":"max-video-preview:-1"},"canonical":"https:\/\/www.sj-gauge.com\/vi\/san-pham\/mtb-s-ba\/","og_locale":"vi_VN","og_type":"article","og_title":"Bimetallic Thermometer, Adjustable Angle","og_description":"Adjust vertical angle 90\u00b0, suitable for observing from multiple angles  Used in chemical and petrochemical industries, etc.","og_url":"https:\/\/www.sj-gauge.com\/vi\/san-pham\/mtb-s-ba\/","og_site_name":"Your Expert in Pressure Temp and Smart Transmitters - SJ Gauge","article_modified_time":"2026-04-01T06:16:07+00:00","og_image":[{"width":1200,"height":1000,"url":"https:\/\/www.sj-gauge.com\/wp-content\/uploads\/2025\/12\/SJ-Gauge-thermometer-angle-adjustabled-L.jpg","type":"image\/jpeg"}],"twitter_card":"summary_large_image","twitter_misc":{"\u01af\u1edbc t\u00ednh th\u1eddi gian \u0111\u1ecdc":"1 ph\u00fat"},"schema":{"@context":"https:\/\/schema.org","@graph":[{"@type":"WebPage","@id":"https:\/\/www.sj-gauge.com\/product\/mtb-s-ba\/","url":"https:\/\/www.sj-gauge.com\/product\/mtb-s-ba\/","name":"Thermometer kim lo\u1ea1i k\u00e9p, g\u00f3c \u0111i\u1ec1u ch\u1ec9nh - Chuy\u00ean gia v\u1ec1 \u00e1p su\u1ea5t, nhi\u1ec7t \u0111\u1ed9 v\u00e0 b\u1ed9 truy\u1ec1n t\u00edn hi\u1ec7u th\u00f4ng minh - SJ Gauge","isPartOf":{"@id":"https:\/\/www.sj-gauge.com\/#website"},"primaryImageOfPage":{"@id":"https:\/\/www.sj-gauge.com\/product\/mtb-s-ba\/#primaryimage"},"image":{"@id":"https:\/\/www.sj-gauge.com\/product\/mtb-s-ba\/#primaryimage"},"thumbnailUrl":"https:\/\/www.sj-gauge.com\/wp-content\/uploads\/2025\/12\/SJ-Gauge-thermometer-angle-adjustabled-L.jpg","datePublished":"2025-12-12T06:55:09+00:00","dateModified":"2026-04-01T06:16:07+00:00","breadcrumb":{"@id":"https:\/\/www.sj-gauge.com\/product\/mtb-s-ba\/#breadcrumb"},"inLanguage":"vi","potentialAction":[{"@type":"ReadAction","target":["https:\/\/www.sj-gauge.com\/product\/mtb-s-ba\/"]}]},{"@type":"ImageObject","inLanguage":"vi","@id":"https:\/\/www.sj-gauge.com\/product\/mtb-s-ba\/#primaryimage","url":"https:\/\/www.sj-gauge.com\/wp-content\/uploads\/2025\/12\/SJ-Gauge-thermometer-angle-adjustabled-L.jpg","contentUrl":"https:\/\/www.sj-gauge.com\/wp-content\/uploads\/2025\/12\/SJ-Gauge-thermometer-angle-adjustabled-L.jpg","width":1200,"height":1000},{"@type":"BreadcrumbList","@id":"https:\/\/www.sj-gauge.com\/product\/mtb-s-ba\/#breadcrumb","itemListElement":[{"@type":"ListItem","position":1,"name":"Home","item":"https:\/\/www.sj-gauge.com\/"},{"@type":"ListItem","position":2,"name":"Products","item":"https:\/\/www.sj-gauge.com\/products\/"},{"@type":"ListItem","position":3,"name":"Bimetallic Thermometer, Adjustable Angle"}]},{"@type":"WebSite","@id":"https:\/\/www.sj-gauge.com\/#website","url":"https:\/\/www.sj-gauge.com\/","name":"Chuy\u00ean gia v\u1ec1 c\u1ea3m bi\u1ebfn \u00e1p su\u1ea5t, nhi\u1ec7t \u0111\u1ed9 v\u00e0 c\u1ea3m bi\u1ebfn th\u00f4ng minh - SJ Gauge","description":"Nh\u00e0 s\u1ea3n xu\u1ea5t \u0111\u1ed3ng h\u1ed3 \u0111o \u00e1p su\u1ea5t c\u00f4ng nghi\u1ec7p, c\u1ea3m bi\u1ebfn \u00e1p su\u1ea5t v\u00e0 b\u1ed9 truy\u1ec1n t\u00edn hi\u1ec7u. SJ Gauge cung c\u1ea5p c\u00e1c s\u1ea3n ph\u1ea9m c\u00f3 \u0111\u1ed9 ch\u00ednh x\u00e1c cao, \u0111\u01b0\u1ee3c ch\u1ebf t\u1ea1o t\u1eeb v\u1eadt li\u1ec7u b\u1ec1n b\u1ec9 v\u00e0 c\u00e1c gi\u1ea3i ph\u00e1p t\u00f9y ch\u1ec9nh d\u00e0nh cho c\u00e1c \u1ee9ng d\u1ee5ng trong ng\u00e0nh d\u1ea7u kh\u00ed, h\u00f3a ch\u1ea5t v\u00e0 c\u00f4ng nghi\u1ec7p.","publisher":{"@id":"https:\/\/www.sj-gauge.com\/#organization"},"potentialAction":[{"@type":"SearchAction","target":{"@type":"EntryPoint","urlTemplate":"https:\/\/www.sj-gauge.com\/?s={search_term_string}"},"query-input":{"@type":"PropertyValueSpecification","valueRequired":true,"valueName":"search_term_string"}}],"inLanguage":"vi"},{"@type":"Organization","@id":"https:\/\/www.sj-gauge.com\/#organization","name":"Chuy\u00ean gia v\u1ec1 c\u1ea3m bi\u1ebfn \u00e1p su\u1ea5t, nhi\u1ec7t \u0111\u1ed9 v\u00e0 c\u1ea3m bi\u1ebfn th\u00f4ng minh - SJ Gauge","url":"https:\/\/www.sj-gauge.com\/","logo":{"@type":"ImageObject","inLanguage":"vi","@id":"https:\/\/www.sj-gauge.com\/#\/schema\/logo\/image\/","url":"https:\/\/www.sj-gauge.com\/wp-content\/uploads\/2025\/09\/logo.webp","contentUrl":"https:\/\/www.sj-gauge.com\/wp-content\/uploads\/2025\/09\/logo.webp","width":348,"height":184,"caption":"Your Expert in Pressure Temp and Smart Transmitters - SJ Gauge"},"image":{"@id":"https:\/\/www.sj-gauge.com\/#\/schema\/logo\/image\/"}}]}},"_links":{"self":[{"href":"https:\/\/www.sj-gauge.com\/vi\/wp-json\/wp\/v2\/product\/2481","targetHints":{"allow":["GET"]}}],"collection":[{"href":"https:\/\/www.sj-gauge.com\/vi\/wp-json\/wp\/v2\/product"}],"about":[{"href":"https:\/\/www.sj-gauge.com\/vi\/wp-json\/wp\/v2\/types\/product"}],"wp:featuredmedia":[{"embeddable":true,"href":"https:\/\/www.sj-gauge.com\/vi\/wp-json\/wp\/v2\/media\/2488"}],"wp:attachment":[{"href":"https:\/\/www.sj-gauge.com\/vi\/wp-json\/wp\/v2\/media?parent=2481"}],"wp:term":[{"taxonomy":"product_brand","embeddable":true,"href":"https:\/\/www.sj-gauge.com\/vi\/wp-json\/wp\/v2\/product_brand?post=2481"},{"taxonomy":"product_cat","embeddable":true,"href":"https:\/\/www.sj-gauge.com\/vi\/wp-json\/wp\/v2\/product_cat?post=2481"},{"taxonomy":"product_tag","embeddable":true,"href":"https:\/\/www.sj-gauge.com\/vi\/wp-json\/wp\/v2\/product_tag?post=2481"}],"curies":[{"name":"wp","href":"https:\/\/api.w.org\/{rel}","templated":true}]}}