{"id":2490,"date":"2025-12-12T15:09:00","date_gmt":"2025-12-12T07:09:00","guid":{"rendered":"https:\/\/sj-gauge.com\/?post_type=product&#038;p=2490"},"modified":"2026-03-17T12:36:22","modified_gmt":"2026-03-17T04:36:22","slug":"mtm","status":"publish","type":"product","link":"https:\/\/www.sj-gauge.com\/vi\/san-pham\/mtm\/","title":{"rendered":"Thermometer hai kim lo\u1ea1i, b\u1ec1 m\u1eb7t t\u1eeb t\u00ednh"},"content":{"rendered":"<p>Thermometer t\u1eeb t\u00ednh bimetallic MTM c\u00f3 thi\u1ebft k\u1ebf g\u1eafn t\u1eeb t\u00ednh cho ph\u00e9p g\u1eafn tr\u1ef1c ti\u1ebfp l\u00ean b\u1ec1 m\u1eb7t kim lo\u1ea1i t\u1eeb t\u00ednh, gi\u00fap \u0111o nhi\u1ec7t \u0111\u1ed9 nhanh ch\u00f3ng v\u00e0 d\u1ec5 d\u00e0ng m\u00e0 kh\u00f4ng c\u1ea7n khoan l\u1ed7 ho\u1eb7c s\u1eed d\u1ee5ng gi\u00e1 \u0111\u1ee1. V\u1edbi c\u1ea5u tr\u00fac \u0111\u01a1n gi\u1ea3n v\u00e0 ph\u1ea3n \u1ee9ng nhanh, n\u00f3 l\u00e0 l\u1ef1a ch\u1ecdn l\u00fd t\u01b0\u1edfng cho c\u00e1c \u1ee9ng d\u1ee5ng khu\u00f4n m\u1eabu, m\u00e1y \u00e9p nh\u1ef1a v\u00e0 gi\u00e1m s\u00e1t nhi\u1ec7t \u0111\u1ed9 b\u1ec1 m\u1eb7t kim lo\u1ea1i trong c\u00f4ng nghi\u1ec7p. C\u00f3 s\u1eb5n k\u00edch th\u01b0\u1edbc m\u1eb7t \u0111\u1ed3ng h\u1ed3 1,5 inch v\u00e0 2,5 inch v\u1edbi nhi\u1ec1u d\u1ea3i nhi\u1ec7t \u0111\u1ed9, MTM c\u0169ng c\u00f3 th\u1ec3 \u0111\u01b0\u1ee3c trang b\u1ecb l\u00f2 xo t\u00f9y ch\u1ecdn \u0111\u1ec3 n\u00e2ng cao \u0111\u1ed9 \u1ed5n \u0111\u1ecbnh \u0111o l\u01b0\u1eddng, tr\u1edf th\u00e0nh gi\u1ea3i ph\u00e1p th\u1ef1c ti\u1ec5n cho vi\u1ec7c ki\u1ec3m tra nhanh v\u00e0 hi\u1ec3n th\u1ecb nhi\u1ec7t \u0111\u1ed9 t\u1ea1i ch\u1ed7.<\/p>","protected":false},"excerpt":{"rendered":"<ul>\n<li>Thermometers t\u1eeb t\u00ednh d\u1ec5 s\u1eed d\u1ee5ng v\u00e0 c\u00f3 th\u1ec3 \u0111o tr\u1ef1c ti\u1ebfp nhi\u1ec7t \u0111\u1ed9.<\/li>\n<li>Ph\u00f9 h\u1ee3p \u0111\u1ec3 \u0111o nhi\u1ec7t \u0111\u1ed9 c\u1ee7a b\u1ec1 m\u1eb7t kim lo\u1ea1i t\u1eeb t\u00ednh.<\/li>\n<li>\u0110\u01b0\u1ee3c s\u1eed d\u1ee5ng trong khu\u00f4n m\u1eabu, \u00e9p nh\u1ef1a v\u00e0 c\u00e1c \u1ee9ng d\u1ee5ng c\u00f4ng nghi\u1ec7p kh\u00e1c.<\/li>\n<\/ul>","protected":false},"featured_media":2494,"template":"","meta":{"_acf_changed":false},"product_brand":[40],"product_cat":[43,23],"product_tag":[],"class_list":{"0":"post-2490","1":"product","2":"type-product","3":"status-publish","4":"has-post-thumbnail","6":"product_brand-sj-gauge","7":"product_cat-temperature-instruments","8":"product_cat-thermometers","10":"first","11":"instock","12":"shipping-taxable","13":"product-type-simple"},"acf":[],"yoast_head":"<!-- This site is optimized with the Yoast SEO Premium plugin v26.7 (Yoast SEO v26.7) - https:\/\/yoast.com\/wordpress\/plugins\/seo\/ -->\n<title>Bimetallic Thermometer, Magnetic Surface \uff5cSJ Gauge<\/title>\n<meta name=\"description\" content=\"Magnetic surface thermometer designed for quick and direct temperature measurement on metal surfaces. Ideal for pipes, molds, and industrial applications. Durable bimetal design by SJ Gauge.\" \/>\n<meta name=\"robots\" content=\"index, follow, max-snippet:-1, max-image-preview:large, max-video-preview:-1\" \/>\n<link rel=\"canonical\" href=\"https:\/\/www.sj-gauge.com\/vi\/san-pham\/mtm\/\" \/>\n<meta property=\"og:locale\" content=\"vi_VN\" \/>\n<meta property=\"og:type\" content=\"article\" \/>\n<meta property=\"og:title\" content=\"Bimetallic Thermometer, Magnetic Surface\" \/>\n<meta property=\"og:description\" content=\"Magnetic surface thermometer designed for quick and direct temperature measurement on metal surfaces. Ideal for pipes, molds, and industrial applications. Durable bimetal design by SJ Gauge.\" \/>\n<meta property=\"og:url\" content=\"https:\/\/www.sj-gauge.com\/vi\/san-pham\/mtm\/\" \/>\n<meta property=\"og:site_name\" content=\"Your Expert in Pressure Temp and Smart Transmitters - SJ Gauge\" \/>\n<meta property=\"article:modified_time\" content=\"2026-03-17T04:36:22+00:00\" \/>\n<meta property=\"og:image\" content=\"https:\/\/www.sj-gauge.com\/wp-content\/uploads\/2025\/12\/SJ-Gauge_bimetallic_thermometer_with_magnetic_surface_L.jpg\" \/>\n\t<meta property=\"og:image:width\" content=\"1200\" \/>\n\t<meta property=\"og:image:height\" content=\"1000\" \/>\n\t<meta property=\"og:image:type\" content=\"image\/jpeg\" \/>\n<meta name=\"twitter:card\" content=\"summary_large_image\" \/>\n<meta name=\"twitter:label1\" content=\"\u01af\u1edbc t\u00ednh th\u1eddi gian \u0111\u1ecdc\" \/>\n\t<meta name=\"twitter:data1\" content=\"1 ph\u00fat\" \/>\n<script type=\"application\/ld+json\" class=\"yoast-schema-graph\">{\"@context\":\"https:\/\/schema.org\",\"@graph\":[{\"@type\":\"WebPage\",\"@id\":\"https:\/\/www.sj-gauge.com\/product\/mtm\/\",\"url\":\"https:\/\/www.sj-gauge.com\/product\/mtm\/\",\"name\":\"Bimetallic Thermometer, Magnetic Surface \uff5cSJ Gauge\",\"isPartOf\":{\"@id\":\"https:\/\/www.sj-gauge.com\/#website\"},\"primaryImageOfPage\":{\"@id\":\"https:\/\/www.sj-gauge.com\/product\/mtm\/#primaryimage\"},\"image\":{\"@id\":\"https:\/\/www.sj-gauge.com\/product\/mtm\/#primaryimage\"},\"thumbnailUrl\":\"https:\/\/www.sj-gauge.com\/wp-content\/uploads\/2025\/12\/SJ-Gauge_bimetallic_thermometer_with_magnetic_surface_L.jpg\",\"datePublished\":\"2025-12-12T07:09:00+00:00\",\"dateModified\":\"2026-03-17T04:36:22+00:00\",\"description\":\"Magnetic surface thermometer designed for quick and direct temperature measurement on metal surfaces. Ideal for pipes, molds, and industrial applications. Durable bimetal design by SJ Gauge.\",\"breadcrumb\":{\"@id\":\"https:\/\/www.sj-gauge.com\/product\/mtm\/#breadcrumb\"},\"inLanguage\":\"vi\",\"potentialAction\":[{\"@type\":\"ReadAction\",\"target\":[\"https:\/\/www.sj-gauge.com\/product\/mtm\/\"]}]},{\"@type\":\"ImageObject\",\"inLanguage\":\"vi\",\"@id\":\"https:\/\/www.sj-gauge.com\/product\/mtm\/#primaryimage\",\"url\":\"https:\/\/www.sj-gauge.com\/wp-content\/uploads\/2025\/12\/SJ-Gauge_bimetallic_thermometer_with_magnetic_surface_L.jpg\",\"contentUrl\":\"https:\/\/www.sj-gauge.com\/wp-content\/uploads\/2025\/12\/SJ-Gauge_bimetallic_thermometer_with_magnetic_surface_L.jpg\",\"width\":1200,\"height\":1000},{\"@type\":\"BreadcrumbList\",\"@id\":\"https:\/\/www.sj-gauge.com\/product\/mtm\/#breadcrumb\",\"itemListElement\":[{\"@type\":\"ListItem\",\"position\":1,\"name\":\"Home\",\"item\":\"https:\/\/www.sj-gauge.com\/\"},{\"@type\":\"ListItem\",\"position\":2,\"name\":\"Products\",\"item\":\"https:\/\/www.sj-gauge.com\/products\/\"},{\"@type\":\"ListItem\",\"position\":3,\"name\":\"Bimetallic Thermometer, Magnetic Surface\"}]},{\"@type\":\"WebSite\",\"@id\":\"https:\/\/www.sj-gauge.com\/#website\",\"url\":\"https:\/\/www.sj-gauge.com\/\",\"name\":\"Your Expert in Pressure Temp and Smart Transmitters - SJ Gauge\",\"description\":\"Manufacturer of industrial pressure gauges, pressure sensors, and transmitters. SJ Gauge provides high accuracy, durable materials, and custom solutions for oil &amp; gas, chemical, and industrial applications.\",\"publisher\":{\"@id\":\"https:\/\/www.sj-gauge.com\/#organization\"},\"potentialAction\":[{\"@type\":\"SearchAction\",\"target\":{\"@type\":\"EntryPoint\",\"urlTemplate\":\"https:\/\/www.sj-gauge.com\/?s={search_term_string}\"},\"query-input\":{\"@type\":\"PropertyValueSpecification\",\"valueRequired\":true,\"valueName\":\"search_term_string\"}}],\"inLanguage\":\"vi\"},{\"@type\":\"Organization\",\"@id\":\"https:\/\/www.sj-gauge.com\/#organization\",\"name\":\"Your Expert in Pressure Temp and Smart Transmitters - SJ Gauge\",\"url\":\"https:\/\/www.sj-gauge.com\/\",\"logo\":{\"@type\":\"ImageObject\",\"inLanguage\":\"vi\",\"@id\":\"https:\/\/www.sj-gauge.com\/#\/schema\/logo\/image\/\",\"url\":\"https:\/\/www.sj-gauge.com\/wp-content\/uploads\/2025\/09\/logo.webp\",\"contentUrl\":\"https:\/\/www.sj-gauge.com\/wp-content\/uploads\/2025\/09\/logo.webp\",\"width\":348,\"height\":184,\"caption\":\"Your Expert in Pressure Temp and Smart Transmitters - SJ Gauge\"},\"image\":{\"@id\":\"https:\/\/www.sj-gauge.com\/#\/schema\/logo\/image\/\"}}]}<\/script>\n<!-- \/ Yoast SEO Premium plugin. -->","yoast_head_json":{"title":"Nhi\u1ec7t k\u1ebf l\u01b0\u1ee1ng kim, b\u1ec1 m\u1eb7t t\u1eeb t\u00ednh \uff5cSJ Gauge","description":"Nhi\u1ec7t k\u1ebf b\u1ec1 m\u1eb7t t\u1eeb t\u00ednh \u0111\u01b0\u1ee3c thi\u1ebft k\u1ebf \u0111\u1ec3 \u0111o nhi\u1ec7t \u0111\u1ed9 nhanh ch\u00f3ng v\u00e0 tr\u1ef1c ti\u1ebfp tr\u00ean b\u1ec1 m\u1eb7t kim lo\u1ea1i. R\u1ea5t ph\u00f9 h\u1ee3p cho \u1ed1ng d\u1eabn, khu\u00f4n m\u1eabu v\u00e0 c\u00e1c \u1ee9ng d\u1ee5ng c\u00f4ng nghi\u1ec7p. Thi\u1ebft k\u1ebf l\u01b0\u1ee1ng kim b\u1ec1n b\u1ec9 c\u1ee7a SJ Gauge.","robots":{"index":"index","follow":"follow","max-snippet":"max-snippet:-1","max-image-preview":"max-image-preview:large","max-video-preview":"max-video-preview:-1"},"canonical":"https:\/\/www.sj-gauge.com\/vi\/san-pham\/mtm\/","og_locale":"vi_VN","og_type":"article","og_title":"Bimetallic Thermometer, Magnetic Surface","og_description":"Magnetic surface thermometer designed for quick and direct temperature measurement on metal surfaces. Ideal for pipes, molds, and industrial applications. Durable bimetal design by SJ Gauge.","og_url":"https:\/\/www.sj-gauge.com\/vi\/san-pham\/mtm\/","og_site_name":"Your Expert in Pressure Temp and Smart Transmitters - SJ Gauge","article_modified_time":"2026-03-17T04:36:22+00:00","og_image":[{"width":1200,"height":1000,"url":"https:\/\/www.sj-gauge.com\/wp-content\/uploads\/2025\/12\/SJ-Gauge_bimetallic_thermometer_with_magnetic_surface_L.jpg","type":"image\/jpeg"}],"twitter_card":"summary_large_image","twitter_misc":{"\u01af\u1edbc t\u00ednh th\u1eddi gian \u0111\u1ecdc":"1 ph\u00fat"},"schema":{"@context":"https:\/\/schema.org","@graph":[{"@type":"WebPage","@id":"https:\/\/www.sj-gauge.com\/product\/mtm\/","url":"https:\/\/www.sj-gauge.com\/product\/mtm\/","name":"Nhi\u1ec7t k\u1ebf l\u01b0\u1ee1ng kim, b\u1ec1 m\u1eb7t t\u1eeb t\u00ednh \uff5cSJ Gauge","isPartOf":{"@id":"https:\/\/www.sj-gauge.com\/#website"},"primaryImageOfPage":{"@id":"https:\/\/www.sj-gauge.com\/product\/mtm\/#primaryimage"},"image":{"@id":"https:\/\/www.sj-gauge.com\/product\/mtm\/#primaryimage"},"thumbnailUrl":"https:\/\/www.sj-gauge.com\/wp-content\/uploads\/2025\/12\/SJ-Gauge_bimetallic_thermometer_with_magnetic_surface_L.jpg","datePublished":"2025-12-12T07:09:00+00:00","dateModified":"2026-03-17T04:36:22+00:00","description":"Nhi\u1ec7t k\u1ebf b\u1ec1 m\u1eb7t t\u1eeb t\u00ednh \u0111\u01b0\u1ee3c thi\u1ebft k\u1ebf \u0111\u1ec3 \u0111o nhi\u1ec7t \u0111\u1ed9 nhanh ch\u00f3ng v\u00e0 tr\u1ef1c ti\u1ebfp tr\u00ean b\u1ec1 m\u1eb7t kim lo\u1ea1i. R\u1ea5t ph\u00f9 h\u1ee3p cho \u1ed1ng d\u1eabn, khu\u00f4n m\u1eabu v\u00e0 c\u00e1c \u1ee9ng d\u1ee5ng c\u00f4ng nghi\u1ec7p. Thi\u1ebft k\u1ebf l\u01b0\u1ee1ng kim b\u1ec1n b\u1ec9 c\u1ee7a SJ Gauge.","breadcrumb":{"@id":"https:\/\/www.sj-gauge.com\/product\/mtm\/#breadcrumb"},"inLanguage":"vi","potentialAction":[{"@type":"ReadAction","target":["https:\/\/www.sj-gauge.com\/product\/mtm\/"]}]},{"@type":"ImageObject","inLanguage":"vi","@id":"https:\/\/www.sj-gauge.com\/product\/mtm\/#primaryimage","url":"https:\/\/www.sj-gauge.com\/wp-content\/uploads\/2025\/12\/SJ-Gauge_bimetallic_thermometer_with_magnetic_surface_L.jpg","contentUrl":"https:\/\/www.sj-gauge.com\/wp-content\/uploads\/2025\/12\/SJ-Gauge_bimetallic_thermometer_with_magnetic_surface_L.jpg","width":1200,"height":1000},{"@type":"BreadcrumbList","@id":"https:\/\/www.sj-gauge.com\/product\/mtm\/#breadcrumb","itemListElement":[{"@type":"ListItem","position":1,"name":"Home","item":"https:\/\/www.sj-gauge.com\/"},{"@type":"ListItem","position":2,"name":"Products","item":"https:\/\/www.sj-gauge.com\/products\/"},{"@type":"ListItem","position":3,"name":"Bimetallic Thermometer, Magnetic Surface"}]},{"@type":"WebSite","@id":"https:\/\/www.sj-gauge.com\/#website","url":"https:\/\/www.sj-gauge.com\/","name":"Chuy\u00ean gia v\u1ec1 c\u1ea3m bi\u1ebfn \u00e1p su\u1ea5t, nhi\u1ec7t \u0111\u1ed9 v\u00e0 c\u1ea3m bi\u1ebfn th\u00f4ng minh - SJ Gauge","description":"Nh\u00e0 s\u1ea3n xu\u1ea5t \u0111\u1ed3ng h\u1ed3 \u0111o \u00e1p su\u1ea5t c\u00f4ng nghi\u1ec7p, c\u1ea3m bi\u1ebfn \u00e1p su\u1ea5t v\u00e0 b\u1ed9 truy\u1ec1n t\u00edn hi\u1ec7u. SJ Gauge cung c\u1ea5p c\u00e1c s\u1ea3n ph\u1ea9m c\u00f3 \u0111\u1ed9 ch\u00ednh x\u00e1c cao, \u0111\u01b0\u1ee3c ch\u1ebf t\u1ea1o t\u1eeb v\u1eadt li\u1ec7u b\u1ec1n b\u1ec9 v\u00e0 c\u00e1c gi\u1ea3i ph\u00e1p t\u00f9y ch\u1ec9nh d\u00e0nh cho c\u00e1c \u1ee9ng d\u1ee5ng trong ng\u00e0nh d\u1ea7u kh\u00ed, h\u00f3a ch\u1ea5t v\u00e0 c\u00f4ng nghi\u1ec7p.","publisher":{"@id":"https:\/\/www.sj-gauge.com\/#organization"},"potentialAction":[{"@type":"SearchAction","target":{"@type":"EntryPoint","urlTemplate":"https:\/\/www.sj-gauge.com\/?s={search_term_string}"},"query-input":{"@type":"PropertyValueSpecification","valueRequired":true,"valueName":"search_term_string"}}],"inLanguage":"vi"},{"@type":"Organization","@id":"https:\/\/www.sj-gauge.com\/#organization","name":"Chuy\u00ean gia v\u1ec1 c\u1ea3m bi\u1ebfn \u00e1p su\u1ea5t, nhi\u1ec7t \u0111\u1ed9 v\u00e0 c\u1ea3m bi\u1ebfn th\u00f4ng minh - SJ Gauge","url":"https:\/\/www.sj-gauge.com\/","logo":{"@type":"ImageObject","inLanguage":"vi","@id":"https:\/\/www.sj-gauge.com\/#\/schema\/logo\/image\/","url":"https:\/\/www.sj-gauge.com\/wp-content\/uploads\/2025\/09\/logo.webp","contentUrl":"https:\/\/www.sj-gauge.com\/wp-content\/uploads\/2025\/09\/logo.webp","width":348,"height":184,"caption":"Your Expert in Pressure Temp and Smart Transmitters - SJ Gauge"},"image":{"@id":"https:\/\/www.sj-gauge.com\/#\/schema\/logo\/image\/"}}]}},"_links":{"self":[{"href":"https:\/\/www.sj-gauge.com\/vi\/wp-json\/wp\/v2\/product\/2490","targetHints":{"allow":["GET"]}}],"collection":[{"href":"https:\/\/www.sj-gauge.com\/vi\/wp-json\/wp\/v2\/product"}],"about":[{"href":"https:\/\/www.sj-gauge.com\/vi\/wp-json\/wp\/v2\/types\/product"}],"wp:featuredmedia":[{"embeddable":true,"href":"https:\/\/www.sj-gauge.com\/vi\/wp-json\/wp\/v2\/media\/2494"}],"wp:attachment":[{"href":"https:\/\/www.sj-gauge.com\/vi\/wp-json\/wp\/v2\/media?parent=2490"}],"wp:term":[{"taxonomy":"product_brand","embeddable":true,"href":"https:\/\/www.sj-gauge.com\/vi\/wp-json\/wp\/v2\/product_brand?post=2490"},{"taxonomy":"product_cat","embeddable":true,"href":"https:\/\/www.sj-gauge.com\/vi\/wp-json\/wp\/v2\/product_cat?post=2490"},{"taxonomy":"product_tag","embeddable":true,"href":"https:\/\/www.sj-gauge.com\/vi\/wp-json\/wp\/v2\/product_tag?post=2490"}],"curies":[{"name":"wp","href":"https:\/\/api.w.org\/{rel}","templated":true}]}}