{"id":2497,"date":"2025-12-12T15:21:14","date_gmt":"2025-12-12T07:21:14","guid":{"rendered":"https:\/\/sj-gauge.com\/?post_type=product&#038;p=2497"},"modified":"2026-04-05T19:17:35","modified_gmt":"2026-04-05T11:17:35","slug":"mtg","status":"publish","type":"product","link":"https:\/\/www.sj-gauge.com\/vi\/san-pham\/mtg\/","title":{"rendered":"C\u1ea3m bi\u1ebfn nhi\u1ec7t \u0111\u1ed9 gi\u00e3n n\u1edf, ho\u1ea1t \u0111\u1ed9ng b\u1eb1ng kh\u00ed"},"content":{"rendered":"<p>Thermometer bimetallic kh\u00ed n\u00e9n MTG s\u1eed d\u1ee5ng h\u1ec7 th\u1ed1ng gi\u00e3n n\u1edf kh\u00ed \u0111\u1ec3 cung c\u1ea5p ph\u1ea3n \u1ee9ng nhanh v\u00e0 \u0111o nhi\u1ec7t \u0111\u1ed9 \u1ed5n \u0111\u1ecbnh, l\u00e0m cho n\u00f3 l\u00fd t\u01b0\u1edfng cho c\u00e1c \u1ee9ng d\u1ee5ng qu\u00e1 tr\u00ecnh nhi\u1ec7t \u0111\u1ed9 cao v\u00e0 \u0111\u1ed9ng. V\u1edbi d\u1ea3i \u0111o l\u00ean \u0111\u1ebfn 700\u00b0C v\u00e0 nhi\u1ec1u t\u00f9y ch\u1ecdn l\u1eafp \u0111\u1eb7t bao g\u1ed3m l\u1eafp d\u01b0\u1edbi, l\u1eafp sau v\u00e0 g\u00f3c \u0111i\u1ec1u ch\u1ec9nh, MTG mang l\u1ea1i s\u1ef1 linh ho\u1ea1t cao trong l\u1eafp \u0111\u1eb7t. N\u00f3 \u0111\u01b0\u1ee3c s\u1eed d\u1ee5ng r\u1ed9ng r\u00e3i trong c\u00e1c qu\u00e1 tr\u00ecnh h\u00f3a ch\u1ea5t, d\u1ea7u kh\u00ed, n\u0103ng l\u01b0\u1ee3ng v\u00e0 c\u00f4ng nghi\u1ec7p t\u1ed5ng h\u1ee3p, cung c\u1ea5p gi\u1ea3i ph\u00e1p \u0111\u00e1ng tin c\u1eady cho vi\u1ec7c gi\u00e1m s\u00e1t nhi\u1ec7t \u0111\u1ed9 cao.<\/p>","protected":false},"excerpt":{"rendered":"<ul>\n<li>Ph\u1ea3n \u1ee9ng \u0111o l\u01b0\u1eddng nhanh<\/li>\n<li>D\u1ea3i \u0111o c\u00f3 th\u1ec3 \u0111i\u1ec1u ch\u1ec9nh l\u00ean \u0111\u1ebfn 600\u00b0C.<\/li>\n<li>\u0110\u01b0\u1ee3c s\u1eed d\u1ee5ng trong c\u00e1c ng\u00e0nh c\u00f4ng nghi\u1ec7p h\u00f3a ch\u1ea5t v\u00e0 d\u1ea7u kh\u00ed, v.v.<\/li>\n<\/ul>","protected":false},"featured_media":2507,"template":"","meta":{"_acf_changed":false},"product_brand":[40],"product_cat":[43,23],"product_tag":[],"class_list":{"0":"post-2497","1":"product","2":"type-product","3":"status-publish","4":"has-post-thumbnail","6":"product_brand-sj-gauge","7":"product_cat-temperature-instruments","8":"product_cat-thermometers","10":"first","11":"instock","12":"shipping-taxable","13":"product-type-simple"},"acf":[],"yoast_head":"<!-- This site is optimized with the Yoast SEO Premium plugin v26.7 (Yoast SEO v27.4) - https:\/\/yoast.com\/product\/yoast-seo-premium-wordpress\/ -->\n<title>Gas Actuated Bimetal Thermometer MTG | Up to 700\u00b0C | SJ Gauge<\/title>\n<meta name=\"description\" content=\"MTG gas-actuated bimetal thermometer offers fast response and stable temperature measurement up to 700\u00b0C. Ideal for chemical, petrochemical, and industrial applications with flexible mounting options. | SJ Gauge\" \/>\n<meta name=\"robots\" content=\"index, follow, max-snippet:-1, max-image-preview:large, max-video-preview:-1\" \/>\n<link rel=\"canonical\" href=\"https:\/\/www.sj-gauge.com\/vi\/san-pham\/mtg\/\" \/>\n<meta property=\"og:locale\" content=\"vi_VN\" \/>\n<meta property=\"og:type\" content=\"article\" \/>\n<meta property=\"og:title\" content=\"Expansion Thermometer, Gas-actuated\" \/>\n<meta property=\"og:description\" content=\"MTG gas-actuated bimetal thermometer offers fast response and stable temperature measurement up to 700\u00b0C. Ideal for chemical, petrochemical, and industrial applications with flexible mounting options. | SJ Gauge\" \/>\n<meta property=\"og:url\" content=\"https:\/\/www.sj-gauge.com\/vi\/san-pham\/mtg\/\" \/>\n<meta property=\"og:site_name\" content=\"SJ Gauge | Pressure Gauges, Thermometers &amp; Pressure Sensors\" \/>\n<meta property=\"article:modified_time\" content=\"2026-04-05T11:17:35+00:00\" \/>\n<meta property=\"og:image\" content=\"https:\/\/www.sj-gauge.com\/wp-content\/uploads\/2025\/12\/SJ-Gauge-expansion-thermometer-gas-actuated.jpg\" \/>\n\t<meta property=\"og:image:width\" content=\"1200\" \/>\n\t<meta property=\"og:image:height\" content=\"1000\" \/>\n\t<meta property=\"og:image:type\" content=\"image\/jpeg\" \/>\n<meta name=\"twitter:card\" content=\"summary_large_image\" \/>\n<meta name=\"twitter:label1\" content=\"\u01af\u1edbc t\u00ednh th\u1eddi gian \u0111\u1ecdc\" \/>\n\t<meta name=\"twitter:data1\" content=\"1 ph\u00fat\" \/>\n<script type=\"application\/ld+json\" class=\"yoast-schema-graph\">{\"@context\":\"https:\\\/\\\/schema.org\",\"@graph\":[{\"@type\":\"WebPage\",\"@id\":\"https:\\\/\\\/www.sj-gauge.com\\\/product\\\/mtg\\\/\",\"url\":\"https:\\\/\\\/www.sj-gauge.com\\\/product\\\/mtg\\\/\",\"name\":\"Gas Actuated Bimetal Thermometer MTG | Up to 700\u00b0C | SJ Gauge\",\"isPartOf\":{\"@id\":\"https:\\\/\\\/www.sj-gauge.com\\\/#website\"},\"primaryImageOfPage\":{\"@id\":\"https:\\\/\\\/www.sj-gauge.com\\\/product\\\/mtg\\\/#primaryimage\"},\"image\":{\"@id\":\"https:\\\/\\\/www.sj-gauge.com\\\/product\\\/mtg\\\/#primaryimage\"},\"thumbnailUrl\":\"https:\\\/\\\/www.sj-gauge.com\\\/wp-content\\\/uploads\\\/2025\\\/12\\\/SJ-Gauge-expansion-thermometer-gas-actuated.jpg\",\"datePublished\":\"2025-12-12T07:21:14+00:00\",\"dateModified\":\"2026-04-05T11:17:35+00:00\",\"description\":\"MTG gas-actuated bimetal thermometer offers fast response and stable temperature measurement up to 700\u00b0C. Ideal for chemical, petrochemical, and industrial applications with flexible mounting options. | SJ Gauge\",\"breadcrumb\":{\"@id\":\"https:\\\/\\\/www.sj-gauge.com\\\/product\\\/mtg\\\/#breadcrumb\"},\"inLanguage\":\"vi\",\"potentialAction\":[{\"@type\":\"ReadAction\",\"target\":[\"https:\\\/\\\/www.sj-gauge.com\\\/product\\\/mtg\\\/\"]}]},{\"@type\":\"ImageObject\",\"inLanguage\":\"vi\",\"@id\":\"https:\\\/\\\/www.sj-gauge.com\\\/product\\\/mtg\\\/#primaryimage\",\"url\":\"https:\\\/\\\/www.sj-gauge.com\\\/wp-content\\\/uploads\\\/2025\\\/12\\\/SJ-Gauge-expansion-thermometer-gas-actuated.jpg\",\"contentUrl\":\"https:\\\/\\\/www.sj-gauge.com\\\/wp-content\\\/uploads\\\/2025\\\/12\\\/SJ-Gauge-expansion-thermometer-gas-actuated.jpg\",\"width\":1200,\"height\":1000},{\"@type\":\"BreadcrumbList\",\"@id\":\"https:\\\/\\\/www.sj-gauge.com\\\/product\\\/mtg\\\/#breadcrumb\",\"itemListElement\":[{\"@type\":\"ListItem\",\"position\":1,\"name\":\"Home\",\"item\":\"https:\\\/\\\/www.sj-gauge.com\\\/\"},{\"@type\":\"ListItem\",\"position\":2,\"name\":\"Products\",\"item\":\"https:\\\/\\\/www.sj-gauge.com\\\/products\\\/\"},{\"@type\":\"ListItem\",\"position\":3,\"name\":\"Expansion Thermometer, Gas-actuated\"}]},{\"@type\":\"WebSite\",\"@id\":\"https:\\\/\\\/www.sj-gauge.com\\\/#website\",\"url\":\"https:\\\/\\\/www.sj-gauge.com\\\/\",\"name\":\"SJ Gauge | Pressure Gauges, Thermometers &amp; Pressure Sensors\",\"description\":\"Manufacturer of industrial pressure gauges, pressure sensors, and transmitters. SJ Gauge provides high accuracy, durable materials, and custom solutions for oil &amp; gas, chemical, and industrial applications.\",\"publisher\":{\"@id\":\"https:\\\/\\\/www.sj-gauge.com\\\/#organization\"},\"potentialAction\":[{\"@type\":\"SearchAction\",\"target\":{\"@type\":\"EntryPoint\",\"urlTemplate\":\"https:\\\/\\\/www.sj-gauge.com\\\/?s={search_term_string}\"},\"query-input\":{\"@type\":\"PropertyValueSpecification\",\"valueRequired\":true,\"valueName\":\"search_term_string\"}}],\"inLanguage\":\"vi\"},{\"@type\":\"Organization\",\"@id\":\"https:\\\/\\\/www.sj-gauge.com\\\/#organization\",\"name\":\"SJ Gauge | Pressure Gauges, Thermometers &amp; Pressure Sensors\",\"url\":\"https:\\\/\\\/www.sj-gauge.com\\\/\",\"logo\":{\"@type\":\"ImageObject\",\"inLanguage\":\"vi\",\"@id\":\"https:\\\/\\\/www.sj-gauge.com\\\/#\\\/schema\\\/logo\\\/image\\\/\",\"url\":\"https:\\\/\\\/www.sj-gauge.com\\\/wp-content\\\/uploads\\\/2025\\\/09\\\/logo.webp\",\"contentUrl\":\"https:\\\/\\\/www.sj-gauge.com\\\/wp-content\\\/uploads\\\/2025\\\/09\\\/logo.webp\",\"width\":348,\"height\":184,\"caption\":\"SJ Gauge | Pressure Gauges, Thermometers &amp; Pressure Sensors\"},\"image\":{\"@id\":\"https:\\\/\\\/www.sj-gauge.com\\\/#\\\/schema\\\/logo\\\/image\\\/\"}}]}<\/script>\n<!-- \/ Yoast SEO Premium plugin. -->","yoast_head_json":{"title":"Nhi\u1ec7t k\u1ebf l\u01b0\u1ee1ng kim ho\u1ea1t \u0111\u1ed9ng b\u1eb1ng kh\u00ed MTG | Nhi\u1ec7t \u0111\u1ed9 t\u1ed1i \u0111a 700\u00b0C | SJ Gauge","description":"Nhi\u1ec7t k\u1ebf l\u01b0\u1ee1ng kim \u0111i\u1ec1u khi\u1ec3n b\u1eb1ng kh\u00ed n\u00e9n MTG mang l\u1ea1i ph\u1ea3n \u1ee9ng nhanh v\u00e0 k\u1ebft qu\u1ea3 \u0111o nhi\u1ec7t \u0111\u1ed9 \u1ed5n \u0111\u1ecbnh l\u00ean \u0111\u1ebfn 700\u00b0C. S\u1ea3n ph\u1ea9m l\u00fd t\u01b0\u1edfng cho c\u00e1c \u1ee9ng d\u1ee5ng trong ng\u00e0nh h\u00f3a ch\u1ea5t, h\u00f3a d\u1ea7u v\u00e0 c\u00f4ng nghi\u1ec7p v\u1edbi nhi\u1ec1u t\u00f9y ch\u1ecdn l\u1eafp \u0111\u1eb7t linh ho\u1ea1t. | SJ Gauge","robots":{"index":"index","follow":"follow","max-snippet":"max-snippet:-1","max-image-preview":"max-image-preview:large","max-video-preview":"max-video-preview:-1"},"canonical":"https:\/\/www.sj-gauge.com\/vi\/san-pham\/mtg\/","og_locale":"vi_VN","og_type":"article","og_title":"Expansion Thermometer, Gas-actuated","og_description":"MTG gas-actuated bimetal thermometer offers fast response and stable temperature measurement up to 700\u00b0C. Ideal for chemical, petrochemical, and industrial applications with flexible mounting options. | SJ Gauge","og_url":"https:\/\/www.sj-gauge.com\/vi\/san-pham\/mtg\/","og_site_name":"SJ Gauge | Pressure Gauges, Thermometers &amp; Pressure Sensors","article_modified_time":"2026-04-05T11:17:35+00:00","og_image":[{"width":1200,"height":1000,"url":"https:\/\/www.sj-gauge.com\/wp-content\/uploads\/2025\/12\/SJ-Gauge-expansion-thermometer-gas-actuated.jpg","type":"image\/jpeg"}],"twitter_card":"summary_large_image","twitter_misc":{"\u01af\u1edbc t\u00ednh th\u1eddi gian \u0111\u1ecdc":"1 ph\u00fat"},"schema":{"@context":"https:\/\/schema.org","@graph":[{"@type":"WebPage","@id":"https:\/\/www.sj-gauge.com\/product\/mtg\/","url":"https:\/\/www.sj-gauge.com\/product\/mtg\/","name":"Nhi\u1ec7t k\u1ebf l\u01b0\u1ee1ng kim ho\u1ea1t \u0111\u1ed9ng b\u1eb1ng kh\u00ed MTG | Nhi\u1ec7t \u0111\u1ed9 t\u1ed1i \u0111a 700\u00b0C | SJ Gauge","isPartOf":{"@id":"https:\/\/www.sj-gauge.com\/#website"},"primaryImageOfPage":{"@id":"https:\/\/www.sj-gauge.com\/product\/mtg\/#primaryimage"},"image":{"@id":"https:\/\/www.sj-gauge.com\/product\/mtg\/#primaryimage"},"thumbnailUrl":"https:\/\/www.sj-gauge.com\/wp-content\/uploads\/2025\/12\/SJ-Gauge-expansion-thermometer-gas-actuated.jpg","datePublished":"2025-12-12T07:21:14+00:00","dateModified":"2026-04-05T11:17:35+00:00","description":"Nhi\u1ec7t k\u1ebf l\u01b0\u1ee1ng kim \u0111i\u1ec1u khi\u1ec3n b\u1eb1ng kh\u00ed n\u00e9n MTG mang l\u1ea1i ph\u1ea3n \u1ee9ng nhanh v\u00e0 k\u1ebft qu\u1ea3 \u0111o nhi\u1ec7t \u0111\u1ed9 \u1ed5n \u0111\u1ecbnh l\u00ean \u0111\u1ebfn 700\u00b0C. S\u1ea3n ph\u1ea9m l\u00fd t\u01b0\u1edfng cho c\u00e1c \u1ee9ng d\u1ee5ng trong ng\u00e0nh h\u00f3a ch\u1ea5t, h\u00f3a d\u1ea7u v\u00e0 c\u00f4ng nghi\u1ec7p v\u1edbi nhi\u1ec1u t\u00f9y ch\u1ecdn l\u1eafp \u0111\u1eb7t linh ho\u1ea1t. | SJ Gauge","breadcrumb":{"@id":"https:\/\/www.sj-gauge.com\/product\/mtg\/#breadcrumb"},"inLanguage":"vi","potentialAction":[{"@type":"ReadAction","target":["https:\/\/www.sj-gauge.com\/product\/mtg\/"]}]},{"@type":"ImageObject","inLanguage":"vi","@id":"https:\/\/www.sj-gauge.com\/product\/mtg\/#primaryimage","url":"https:\/\/www.sj-gauge.com\/wp-content\/uploads\/2025\/12\/SJ-Gauge-expansion-thermometer-gas-actuated.jpg","contentUrl":"https:\/\/www.sj-gauge.com\/wp-content\/uploads\/2025\/12\/SJ-Gauge-expansion-thermometer-gas-actuated.jpg","width":1200,"height":1000},{"@type":"BreadcrumbList","@id":"https:\/\/www.sj-gauge.com\/product\/mtg\/#breadcrumb","itemListElement":[{"@type":"ListItem","position":1,"name":"Home","item":"https:\/\/www.sj-gauge.com\/"},{"@type":"ListItem","position":2,"name":"Products","item":"https:\/\/www.sj-gauge.com\/products\/"},{"@type":"ListItem","position":3,"name":"Expansion Thermometer, Gas-actuated"}]},{"@type":"WebSite","@id":"https:\/\/www.sj-gauge.com\/#website","url":"https:\/\/www.sj-gauge.com\/","name":"SJ Gauge | \u0110\u1ed3ng h\u1ed3 \u0111o \u00e1p su\u1ea5t, nhi\u1ec7t k\u1ebf v\u00e0 c\u1ea3m bi\u1ebfn \u00e1p su\u1ea5t","description":"Nh\u00e0 s\u1ea3n xu\u1ea5t \u0111\u1ed3ng h\u1ed3 \u0111o \u00e1p su\u1ea5t c\u00f4ng nghi\u1ec7p, c\u1ea3m bi\u1ebfn \u00e1p su\u1ea5t v\u00e0 b\u1ed9 truy\u1ec1n t\u00edn hi\u1ec7u. SJ Gauge cung c\u1ea5p c\u00e1c s\u1ea3n ph\u1ea9m c\u00f3 \u0111\u1ed9 ch\u00ednh x\u00e1c cao, \u0111\u01b0\u1ee3c ch\u1ebf t\u1ea1o t\u1eeb v\u1eadt li\u1ec7u b\u1ec1n b\u1ec9 v\u00e0 c\u00e1c gi\u1ea3i ph\u00e1p t\u00f9y ch\u1ec9nh d\u00e0nh cho c\u00e1c \u1ee9ng d\u1ee5ng trong ng\u00e0nh d\u1ea7u kh\u00ed, h\u00f3a ch\u1ea5t v\u00e0 c\u00f4ng nghi\u1ec7p.","publisher":{"@id":"https:\/\/www.sj-gauge.com\/#organization"},"potentialAction":[{"@type":"SearchAction","target":{"@type":"EntryPoint","urlTemplate":"https:\/\/www.sj-gauge.com\/?s={search_term_string}"},"query-input":{"@type":"PropertyValueSpecification","valueRequired":true,"valueName":"search_term_string"}}],"inLanguage":"vi"},{"@type":"Organization","@id":"https:\/\/www.sj-gauge.com\/#organization","name":"SJ Gauge | \u0110\u1ed3ng h\u1ed3 \u0111o \u00e1p su\u1ea5t, nhi\u1ec7t k\u1ebf v\u00e0 c\u1ea3m bi\u1ebfn \u00e1p su\u1ea5t","url":"https:\/\/www.sj-gauge.com\/","logo":{"@type":"ImageObject","inLanguage":"vi","@id":"https:\/\/www.sj-gauge.com\/#\/schema\/logo\/image\/","url":"https:\/\/www.sj-gauge.com\/wp-content\/uploads\/2025\/09\/logo.webp","contentUrl":"https:\/\/www.sj-gauge.com\/wp-content\/uploads\/2025\/09\/logo.webp","width":348,"height":184,"caption":"SJ Gauge | Pressure Gauges, Thermometers &amp; Pressure Sensors"},"image":{"@id":"https:\/\/www.sj-gauge.com\/#\/schema\/logo\/image\/"}}]}},"_links":{"self":[{"href":"https:\/\/www.sj-gauge.com\/vi\/wp-json\/wp\/v2\/product\/2497","targetHints":{"allow":["GET"]}}],"collection":[{"href":"https:\/\/www.sj-gauge.com\/vi\/wp-json\/wp\/v2\/product"}],"about":[{"href":"https:\/\/www.sj-gauge.com\/vi\/wp-json\/wp\/v2\/types\/product"}],"wp:featuredmedia":[{"embeddable":true,"href":"https:\/\/www.sj-gauge.com\/vi\/wp-json\/wp\/v2\/media\/2507"}],"wp:attachment":[{"href":"https:\/\/www.sj-gauge.com\/vi\/wp-json\/wp\/v2\/media?parent=2497"}],"wp:term":[{"taxonomy":"product_brand","embeddable":true,"href":"https:\/\/www.sj-gauge.com\/vi\/wp-json\/wp\/v2\/product_brand?post=2497"},{"taxonomy":"product_cat","embeddable":true,"href":"https:\/\/www.sj-gauge.com\/vi\/wp-json\/wp\/v2\/product_cat?post=2497"},{"taxonomy":"product_tag","embeddable":true,"href":"https:\/\/www.sj-gauge.com\/vi\/wp-json\/wp\/v2\/product_tag?post=2497"}],"curies":[{"name":"wp","href":"https:\/\/api.w.org\/{rel}","templated":true}]}}