{"id":2509,"date":"2025-12-12T15:41:01","date_gmt":"2025-12-12T07:41:01","guid":{"rendered":"https:\/\/sj-gauge.com\/?post_type=product&#038;p=2509"},"modified":"2026-04-05T19:20:47","modified_gmt":"2026-04-05T11:20:47","slug":"mtg-e","status":"publish","type":"product","link":"https:\/\/www.sj-gauge.com\/vi\/san-pham\/mtg-e\/","title":{"rendered":"C\u1ea3m bi\u1ebfn nhi\u1ec7t \u0111\u1ed9 gi\u00e3n n\u1edf, Ti\u1ebfp \u0111i\u1ec3m b\u00e1o \u0111\u1ed9ng"},"content":{"rendered":"<p>MTG-E l\u00e0 m\u1ed9t c\u1ea3m bi\u1ebfn nhi\u1ec7t \u0111\u1ed9 m\u1edf r\u1ed9ng c\u00f3 t\u00edch h\u1ee3p ti\u1ebfp \u0111i\u1ec3m b\u00e1o \u0111\u1ed9ng, \u0111\u01b0\u1ee3c trang b\u1ecb c\u00f4ng t\u1eafc t\u1eeb t\u00ednh ho\u1ea1t \u0111\u1ed9ng t\u1ee9c th\u00ec, cung c\u1ea5p t\u00edn hi\u1ec7u \u0111\u1ea7u ra \u0111\u00e1ng tin c\u1eady khi nhi\u1ec7t \u0111\u1ed9 \u0111\u1ea1t \u0111\u1ebfn gi\u00e1 tr\u1ecb c\u00e0i \u0111\u1eb7t tr\u01b0\u1edbc. \u0110\u01b0\u1ee3c thi\u1ebft k\u1ebf \u0111\u1ec3 ph\u1ea3n \u1ee9ng nhanh v\u00e0 \u0111o nhi\u1ec7t \u0111\u1ed9 cao l\u00ean \u0111\u1ebfn 700 \u00b0C, n\u00f3 l\u00e0 l\u1ef1a ch\u1ecdn l\u00fd t\u01b0\u1edfng cho c\u00e1c \u1ee9ng d\u1ee5ng gi\u00e1m s\u00e1t qu\u00e1 tr\u00ecnh v\u00e0 \u0111i\u1ec1u khi\u1ec3n t\u1ef1 \u0111\u1ed9ng. V\u1edbi c\u00e1c t\u00f9y ch\u1ecdn l\u1eafp \u0111\u1eb7t linh ho\u1ea1t bao g\u1ed3m l\u1eafp d\u01b0\u1edbi, l\u1eafp sau v\u00e0 g\u00f3c \u0111i\u1ec1u ch\u1ec9nh, c\u00f9ng v\u1edbi c\u00e1c ti\u1ebfp \u0111i\u1ec3m \u0111\u01a1n ho\u1eb7c \u0111\u00f4i c\u00f3 th\u1ec3 l\u1ef1a ch\u1ecdn (N.O.\/N.C.), MTG-E \u0111\u01b0\u1ee3c s\u1eed d\u1ee5ng r\u1ed9ng r\u00e3i trong ng\u00e0nh ch\u1ebf t\u1ea1o m\u00e1y, nh\u00e0 m\u00e1y c\u00f4ng nghi\u1ec7p v\u00e0 h\u1ec7 th\u1ed1ng b\u1ed3n ch\u1ee9a n\u01a1i y\u00eau c\u1ea7u gi\u00e1m s\u00e1t nhi\u1ec7t \u0111\u1ed9 v\u00e0 li\u00ean k\u1ebft an to\u00e0n.<\/p>","protected":false},"excerpt":{"rendered":"<ul>\n<li>Thermometer c\u00f3 ti\u1ebfp \u0111i\u1ec3m t\u1eeb t\u00ednh \u0111\u00f3ng ng\u1eaft t\u1ef1 \u0111\u1ed9ng, ph\u00f9 h\u1ee3p cho h\u1ec7 th\u1ed1ng \u0111i\u1ec1u khi\u1ec3n t\u1ef1 \u0111\u1ed9ng.<\/li>\n<li>\u0110\u01b0\u1ee3c s\u1eed d\u1ee5ng trong ng\u00e0nh ch\u1ebf t\u1ea1o m\u00e1y m\u00f3c, nh\u00e0 m\u00e1y v\u00e0 x\u00e2y d\u1ef1ng t\u00e0u thuy\u1ec1n.<\/li>\n<\/ul>","protected":false},"featured_media":2522,"template":"","meta":{"_acf_changed":false},"product_brand":[40],"product_cat":[43,23],"product_tag":[],"class_list":{"0":"post-2509","1":"product","2":"type-product","3":"status-publish","4":"has-post-thumbnail","6":"product_brand-sj-gauge","7":"product_cat-temperature-instruments","8":"product_cat-thermometers","10":"first","11":"instock","12":"shipping-taxable","13":"product-type-simple"},"acf":[],"yoast_head":"<!-- This site is optimized with the Yoast SEO Premium plugin v26.7 (Yoast SEO v26.7) - https:\/\/yoast.com\/wordpress\/plugins\/seo\/ -->\n<title>Bimetal Thermometer with Switch Contact MTG-E | Alarm Temperature Gauge | SJ Gauge<\/title>\n<meta name=\"description\" content=\"MTG-E expansion thermometer with magnetic snap-action alarm contact provides reliable temperature switching for automation control. Supports up to 700\u00b0C with flexible mounting and N.O.\/N.C. contact options. | SJ Gauge\" \/>\n<meta name=\"robots\" content=\"index, follow, max-snippet:-1, max-image-preview:large, max-video-preview:-1\" \/>\n<link rel=\"canonical\" href=\"https:\/\/www.sj-gauge.com\/vi\/san-pham\/mtg-e\/\" \/>\n<meta property=\"og:locale\" content=\"vi_VN\" \/>\n<meta property=\"og:type\" content=\"article\" \/>\n<meta property=\"og:title\" content=\"Expansion Thermometer, Alarm Contact\" \/>\n<meta property=\"og:description\" content=\"MTG-E expansion thermometer with magnetic snap-action alarm contact provides reliable temperature switching for automation control. Supports up to 700\u00b0C with flexible mounting and N.O.\/N.C. contact options. | SJ Gauge\" \/>\n<meta property=\"og:url\" content=\"https:\/\/www.sj-gauge.com\/vi\/san-pham\/mtg-e\/\" \/>\n<meta property=\"og:site_name\" content=\"Your Expert in Pressure Temp and Smart Transmitters - SJ Gauge\" \/>\n<meta property=\"article:modified_time\" content=\"2026-04-05T11:20:47+00:00\" \/>\n<meta property=\"og:image\" content=\"https:\/\/www.sj-gauge.com\/wp-content\/uploads\/2025\/12\/SJ-Gauge-expansion-thermometer-gas-actuated-alarm-1.jpg\" \/>\n\t<meta property=\"og:image:width\" content=\"1200\" \/>\n\t<meta property=\"og:image:height\" content=\"1000\" \/>\n\t<meta property=\"og:image:type\" content=\"image\/jpeg\" \/>\n<meta name=\"twitter:card\" content=\"summary_large_image\" \/>\n<meta name=\"twitter:label1\" content=\"\u01af\u1edbc t\u00ednh th\u1eddi gian \u0111\u1ecdc\" \/>\n\t<meta name=\"twitter:data1\" content=\"1 ph\u00fat\" \/>\n<script type=\"application\/ld+json\" class=\"yoast-schema-graph\">{\"@context\":\"https:\/\/schema.org\",\"@graph\":[{\"@type\":\"WebPage\",\"@id\":\"https:\/\/www.sj-gauge.com\/product\/mtg-e\/\",\"url\":\"https:\/\/www.sj-gauge.com\/product\/mtg-e\/\",\"name\":\"Bimetal Thermometer with Switch Contact MTG-E | Alarm Temperature Gauge | SJ Gauge\",\"isPartOf\":{\"@id\":\"https:\/\/www.sj-gauge.com\/#website\"},\"primaryImageOfPage\":{\"@id\":\"https:\/\/www.sj-gauge.com\/product\/mtg-e\/#primaryimage\"},\"image\":{\"@id\":\"https:\/\/www.sj-gauge.com\/product\/mtg-e\/#primaryimage\"},\"thumbnailUrl\":\"https:\/\/www.sj-gauge.com\/wp-content\/uploads\/2025\/12\/SJ-Gauge-expansion-thermometer-gas-actuated-alarm-1.jpg\",\"datePublished\":\"2025-12-12T07:41:01+00:00\",\"dateModified\":\"2026-04-05T11:20:47+00:00\",\"description\":\"MTG-E expansion thermometer with magnetic snap-action alarm contact provides reliable temperature switching for automation control. Supports up to 700\u00b0C with flexible mounting and N.O.\/N.C. contact options. | SJ Gauge\",\"breadcrumb\":{\"@id\":\"https:\/\/www.sj-gauge.com\/product\/mtg-e\/#breadcrumb\"},\"inLanguage\":\"vi\",\"potentialAction\":[{\"@type\":\"ReadAction\",\"target\":[\"https:\/\/www.sj-gauge.com\/product\/mtg-e\/\"]}]},{\"@type\":\"ImageObject\",\"inLanguage\":\"vi\",\"@id\":\"https:\/\/www.sj-gauge.com\/product\/mtg-e\/#primaryimage\",\"url\":\"https:\/\/www.sj-gauge.com\/wp-content\/uploads\/2025\/12\/SJ-Gauge-expansion-thermometer-gas-actuated-alarm-1.jpg\",\"contentUrl\":\"https:\/\/www.sj-gauge.com\/wp-content\/uploads\/2025\/12\/SJ-Gauge-expansion-thermometer-gas-actuated-alarm-1.jpg\",\"width\":1200,\"height\":1000},{\"@type\":\"BreadcrumbList\",\"@id\":\"https:\/\/www.sj-gauge.com\/product\/mtg-e\/#breadcrumb\",\"itemListElement\":[{\"@type\":\"ListItem\",\"position\":1,\"name\":\"Home\",\"item\":\"https:\/\/www.sj-gauge.com\/\"},{\"@type\":\"ListItem\",\"position\":2,\"name\":\"Products\",\"item\":\"https:\/\/www.sj-gauge.com\/products\/\"},{\"@type\":\"ListItem\",\"position\":3,\"name\":\"Expansion Thermometer, Alarm Contact\"}]},{\"@type\":\"WebSite\",\"@id\":\"https:\/\/www.sj-gauge.com\/#website\",\"url\":\"https:\/\/www.sj-gauge.com\/\",\"name\":\"Your Expert in Pressure Temp and Smart Transmitters - SJ Gauge\",\"description\":\"Manufacturer of industrial pressure gauges, pressure sensors, and transmitters. SJ Gauge provides high accuracy, durable materials, and custom solutions for oil &amp; gas, chemical, and industrial applications.\",\"publisher\":{\"@id\":\"https:\/\/www.sj-gauge.com\/#organization\"},\"potentialAction\":[{\"@type\":\"SearchAction\",\"target\":{\"@type\":\"EntryPoint\",\"urlTemplate\":\"https:\/\/www.sj-gauge.com\/?s={search_term_string}\"},\"query-input\":{\"@type\":\"PropertyValueSpecification\",\"valueRequired\":true,\"valueName\":\"search_term_string\"}}],\"inLanguage\":\"vi\"},{\"@type\":\"Organization\",\"@id\":\"https:\/\/www.sj-gauge.com\/#organization\",\"name\":\"Your Expert in Pressure Temp and Smart Transmitters - SJ Gauge\",\"url\":\"https:\/\/www.sj-gauge.com\/\",\"logo\":{\"@type\":\"ImageObject\",\"inLanguage\":\"vi\",\"@id\":\"https:\/\/www.sj-gauge.com\/#\/schema\/logo\/image\/\",\"url\":\"https:\/\/www.sj-gauge.com\/wp-content\/uploads\/2025\/09\/logo.webp\",\"contentUrl\":\"https:\/\/www.sj-gauge.com\/wp-content\/uploads\/2025\/09\/logo.webp\",\"width\":348,\"height\":184,\"caption\":\"Your Expert in Pressure Temp and Smart Transmitters - SJ Gauge\"},\"image\":{\"@id\":\"https:\/\/www.sj-gauge.com\/#\/schema\/logo\/image\/\"}}]}<\/script>\n<!-- \/ Yoast SEO Premium plugin. -->","yoast_head_json":{"title":"Nhi\u1ec7t k\u1ebf l\u01b0\u1ee1ng kim c\u00f3 ti\u1ebfp \u0111i\u1ec3m c\u00f4ng t\u1eafc MTG-E | \u0110\u1ed3ng h\u1ed3 \u0111o nhi\u1ec7t \u0111\u1ed9 c\u00f3 b\u00e1o \u0111\u1ed9ng | SJ Gauge","description":"C\u1ea3m bi\u1ebfn nhi\u1ec7t \u0111\u1ed9 m\u1edf r\u1ed9ng MTG-E v\u1edbi ti\u1ebfp \u0111i\u1ec3m b\u00e1o \u0111\u1ed9ng t\u1eeb t\u00ednh ho\u1ea1t \u0111\u1ed9ng t\u1ee9c th\u00ec cung c\u1ea5p ch\u1ee9c n\u0103ng chuy\u1ec3n m\u1ea1ch nhi\u1ec7t \u0111\u1ed9 \u0111\u00e1ng tin c\u1eady cho h\u1ec7 th\u1ed1ng \u0111i\u1ec1u khi\u1ec3n t\u1ef1 \u0111\u1ed9ng. H\u1ed7 tr\u1ee3 nhi\u1ec7t \u0111\u1ed9 l\u00ean \u0111\u1ebfn 700\u00b0C v\u1edbi kh\u1ea3 n\u0103ng l\u1eafp \u0111\u1eb7t linh ho\u1ea1t v\u00e0 c\u00e1c t\u00f9y ch\u1ecdn ti\u1ebfp \u0111i\u1ec3m N.O.\/N.C. | SJ Gauge","robots":{"index":"index","follow":"follow","max-snippet":"max-snippet:-1","max-image-preview":"max-image-preview:large","max-video-preview":"max-video-preview:-1"},"canonical":"https:\/\/www.sj-gauge.com\/vi\/san-pham\/mtg-e\/","og_locale":"vi_VN","og_type":"article","og_title":"Expansion Thermometer, Alarm Contact","og_description":"MTG-E expansion thermometer with magnetic snap-action alarm contact provides reliable temperature switching for automation control. Supports up to 700\u00b0C with flexible mounting and N.O.\/N.C. contact options. | SJ Gauge","og_url":"https:\/\/www.sj-gauge.com\/vi\/san-pham\/mtg-e\/","og_site_name":"Your Expert in Pressure Temp and Smart Transmitters - SJ Gauge","article_modified_time":"2026-04-05T11:20:47+00:00","og_image":[{"width":1200,"height":1000,"url":"https:\/\/www.sj-gauge.com\/wp-content\/uploads\/2025\/12\/SJ-Gauge-expansion-thermometer-gas-actuated-alarm-1.jpg","type":"image\/jpeg"}],"twitter_card":"summary_large_image","twitter_misc":{"\u01af\u1edbc t\u00ednh th\u1eddi gian \u0111\u1ecdc":"1 ph\u00fat"},"schema":{"@context":"https:\/\/schema.org","@graph":[{"@type":"WebPage","@id":"https:\/\/www.sj-gauge.com\/product\/mtg-e\/","url":"https:\/\/www.sj-gauge.com\/product\/mtg-e\/","name":"Nhi\u1ec7t k\u1ebf l\u01b0\u1ee1ng kim c\u00f3 ti\u1ebfp \u0111i\u1ec3m c\u00f4ng t\u1eafc MTG-E | \u0110\u1ed3ng h\u1ed3 \u0111o nhi\u1ec7t \u0111\u1ed9 c\u00f3 b\u00e1o \u0111\u1ed9ng | SJ Gauge","isPartOf":{"@id":"https:\/\/www.sj-gauge.com\/#website"},"primaryImageOfPage":{"@id":"https:\/\/www.sj-gauge.com\/product\/mtg-e\/#primaryimage"},"image":{"@id":"https:\/\/www.sj-gauge.com\/product\/mtg-e\/#primaryimage"},"thumbnailUrl":"https:\/\/www.sj-gauge.com\/wp-content\/uploads\/2025\/12\/SJ-Gauge-expansion-thermometer-gas-actuated-alarm-1.jpg","datePublished":"2025-12-12T07:41:01+00:00","dateModified":"2026-04-05T11:20:47+00:00","description":"C\u1ea3m bi\u1ebfn nhi\u1ec7t \u0111\u1ed9 m\u1edf r\u1ed9ng MTG-E v\u1edbi ti\u1ebfp \u0111i\u1ec3m b\u00e1o \u0111\u1ed9ng t\u1eeb t\u00ednh ho\u1ea1t \u0111\u1ed9ng t\u1ee9c th\u00ec cung c\u1ea5p ch\u1ee9c n\u0103ng chuy\u1ec3n m\u1ea1ch nhi\u1ec7t \u0111\u1ed9 \u0111\u00e1ng tin c\u1eady cho h\u1ec7 th\u1ed1ng \u0111i\u1ec1u khi\u1ec3n t\u1ef1 \u0111\u1ed9ng. H\u1ed7 tr\u1ee3 nhi\u1ec7t \u0111\u1ed9 l\u00ean \u0111\u1ebfn 700\u00b0C v\u1edbi kh\u1ea3 n\u0103ng l\u1eafp \u0111\u1eb7t linh ho\u1ea1t v\u00e0 c\u00e1c t\u00f9y ch\u1ecdn ti\u1ebfp \u0111i\u1ec3m N.O.\/N.C. | SJ Gauge","breadcrumb":{"@id":"https:\/\/www.sj-gauge.com\/product\/mtg-e\/#breadcrumb"},"inLanguage":"vi","potentialAction":[{"@type":"ReadAction","target":["https:\/\/www.sj-gauge.com\/product\/mtg-e\/"]}]},{"@type":"ImageObject","inLanguage":"vi","@id":"https:\/\/www.sj-gauge.com\/product\/mtg-e\/#primaryimage","url":"https:\/\/www.sj-gauge.com\/wp-content\/uploads\/2025\/12\/SJ-Gauge-expansion-thermometer-gas-actuated-alarm-1.jpg","contentUrl":"https:\/\/www.sj-gauge.com\/wp-content\/uploads\/2025\/12\/SJ-Gauge-expansion-thermometer-gas-actuated-alarm-1.jpg","width":1200,"height":1000},{"@type":"BreadcrumbList","@id":"https:\/\/www.sj-gauge.com\/product\/mtg-e\/#breadcrumb","itemListElement":[{"@type":"ListItem","position":1,"name":"Home","item":"https:\/\/www.sj-gauge.com\/"},{"@type":"ListItem","position":2,"name":"Products","item":"https:\/\/www.sj-gauge.com\/products\/"},{"@type":"ListItem","position":3,"name":"Expansion Thermometer, Alarm Contact"}]},{"@type":"WebSite","@id":"https:\/\/www.sj-gauge.com\/#website","url":"https:\/\/www.sj-gauge.com\/","name":"Chuy\u00ean gia v\u1ec1 c\u1ea3m bi\u1ebfn \u00e1p su\u1ea5t, nhi\u1ec7t \u0111\u1ed9 v\u00e0 c\u1ea3m bi\u1ebfn th\u00f4ng minh - SJ Gauge","description":"Nh\u00e0 s\u1ea3n xu\u1ea5t \u0111\u1ed3ng h\u1ed3 \u0111o \u00e1p su\u1ea5t c\u00f4ng nghi\u1ec7p, c\u1ea3m bi\u1ebfn \u00e1p su\u1ea5t v\u00e0 b\u1ed9 truy\u1ec1n t\u00edn hi\u1ec7u. SJ Gauge cung c\u1ea5p c\u00e1c s\u1ea3n ph\u1ea9m c\u00f3 \u0111\u1ed9 ch\u00ednh x\u00e1c cao, \u0111\u01b0\u1ee3c ch\u1ebf t\u1ea1o t\u1eeb v\u1eadt li\u1ec7u b\u1ec1n b\u1ec9 v\u00e0 c\u00e1c gi\u1ea3i ph\u00e1p t\u00f9y ch\u1ec9nh d\u00e0nh cho c\u00e1c \u1ee9ng d\u1ee5ng trong ng\u00e0nh d\u1ea7u kh\u00ed, h\u00f3a ch\u1ea5t v\u00e0 c\u00f4ng nghi\u1ec7p.","publisher":{"@id":"https:\/\/www.sj-gauge.com\/#organization"},"potentialAction":[{"@type":"SearchAction","target":{"@type":"EntryPoint","urlTemplate":"https:\/\/www.sj-gauge.com\/?s={search_term_string}"},"query-input":{"@type":"PropertyValueSpecification","valueRequired":true,"valueName":"search_term_string"}}],"inLanguage":"vi"},{"@type":"Organization","@id":"https:\/\/www.sj-gauge.com\/#organization","name":"Chuy\u00ean gia v\u1ec1 c\u1ea3m bi\u1ebfn \u00e1p su\u1ea5t, nhi\u1ec7t \u0111\u1ed9 v\u00e0 c\u1ea3m bi\u1ebfn th\u00f4ng minh - SJ Gauge","url":"https:\/\/www.sj-gauge.com\/","logo":{"@type":"ImageObject","inLanguage":"vi","@id":"https:\/\/www.sj-gauge.com\/#\/schema\/logo\/image\/","url":"https:\/\/www.sj-gauge.com\/wp-content\/uploads\/2025\/09\/logo.webp","contentUrl":"https:\/\/www.sj-gauge.com\/wp-content\/uploads\/2025\/09\/logo.webp","width":348,"height":184,"caption":"Your Expert in Pressure Temp and Smart Transmitters - SJ Gauge"},"image":{"@id":"https:\/\/www.sj-gauge.com\/#\/schema\/logo\/image\/"}}]}},"_links":{"self":[{"href":"https:\/\/www.sj-gauge.com\/vi\/wp-json\/wp\/v2\/product\/2509","targetHints":{"allow":["GET"]}}],"collection":[{"href":"https:\/\/www.sj-gauge.com\/vi\/wp-json\/wp\/v2\/product"}],"about":[{"href":"https:\/\/www.sj-gauge.com\/vi\/wp-json\/wp\/v2\/types\/product"}],"wp:featuredmedia":[{"embeddable":true,"href":"https:\/\/www.sj-gauge.com\/vi\/wp-json\/wp\/v2\/media\/2522"}],"wp:attachment":[{"href":"https:\/\/www.sj-gauge.com\/vi\/wp-json\/wp\/v2\/media?parent=2509"}],"wp:term":[{"taxonomy":"product_brand","embeddable":true,"href":"https:\/\/www.sj-gauge.com\/vi\/wp-json\/wp\/v2\/product_brand?post=2509"},{"taxonomy":"product_cat","embeddable":true,"href":"https:\/\/www.sj-gauge.com\/vi\/wp-json\/wp\/v2\/product_cat?post=2509"},{"taxonomy":"product_tag","embeddable":true,"href":"https:\/\/www.sj-gauge.com\/vi\/wp-json\/wp\/v2\/product_tag?post=2509"}],"curies":[{"name":"wp","href":"https:\/\/api.w.org\/{rel}","templated":true}]}}