{"id":2536,"date":"2025-12-12T16:20:06","date_gmt":"2025-12-12T08:20:06","guid":{"rendered":"https:\/\/sj-gauge.com\/?post_type=product&#038;p=2536"},"modified":"2026-04-20T09:27:22","modified_gmt":"2026-04-20T01:27:22","slug":"mtr-s-e","status":"publish","type":"product","link":"https:\/\/www.sj-gauge.com\/vi\/san-pham\/mtr-s-e\/","title":{"rendered":"C\u1ea3m bi\u1ebfn nhi\u1ec7t \u0111\u1ed9 gi\u00e3n n\u1edf, ti\u1ebfp \u0111i\u1ec3m c\u1ea3nh b\u00e1o\/b\u00e1o \u0111\u1ed9ng v\u00e0 \u1ed1ng mao d\u1eabn"},"content":{"rendered":"<p>MTR.S-E l\u00e0 nhi\u1ec7t k\u1ebf gi\u00e3n n\u1edf \u1ed1ng mao d\u1eabn \u0111\u01b0\u1ee3c trang b\u1ecb c\u00e1c ti\u1ebfp \u0111i\u1ec3m c\u00f4ng t\u1eafc c\u1ea3nh b\u00e1o\/b\u00e1o \u0111\u1ed9ng, \u0111\u01b0\u1ee3c thi\u1ebft k\u1ebf cho c\u00e1c \u1ee9ng d\u1ee5ng c\u00f4ng nghi\u1ec7p y\u00eau c\u1ea7u c\u1ea3 hi\u1ec3n th\u1ecb nhi\u1ec7t \u0111\u1ed9 v\u00e0 \u0111\u1ea7u ra t\u00edn hi\u1ec7u. Chi\u1ec1u d\u00e0i \u1ed1ng mao d\u1eabn c\u00f3 th\u1ec3 \u0111i\u1ec1u ch\u1ec9nh cho ph\u00e9p \u0111\u1ecdc t\u1eeb xa b\u1eb1ng c\u00e1ch t\u00e1ch bi\u1ec7t m\u00e0n h\u00ecnh hi\u1ec3n th\u1ecb kh\u1ecfi \u0111i\u1ec3m \u0111o. V\u1edbi c\u1ea5u tr\u00fac th\u00e9p kh\u00f4ng g\u1ec9 v\u00e0 d\u1ea3i nhi\u1ec7t \u0111\u1ed9 l\u00ean \u0111\u1ebfn 700\u00b0C, MTR.S-E h\u1ed7 tr\u1ee3 c\u00e1c ti\u1ebfp \u0111i\u1ec3m c\u00f4ng t\u1eafc \u0111\u01a1n ho\u1eb7c \u0111\u00f4i cho m\u1ee5c \u0111\u00edch b\u00e1o \u0111\u1ed9ng ho\u1eb7c \u0111i\u1ec1u khi\u1ec3n. N\u00f3 \u0111\u01b0\u1ee3c s\u1eed d\u1ee5ng r\u1ed9ng r\u00e3i trong thi\u1ebft b\u1ecb qu\u00e1 tr\u00ecnh, h\u1ec7 th\u1ed1ng s\u01b0\u1edfi \u1ea5m, nh\u00e0 m\u00e1y h\u00f3a ch\u1ea5t v\u00e0 c\u00e1c \u1ee9ng d\u1ee5ng li\u00ean quan \u0111\u1ebfn n\u0103ng l\u01b0\u1ee3ng.<\/p>","protected":false},"excerpt":{"rendered":"<ul>\n<li>C\u00f3 th\u1ec3 \u0111o nhi\u1ec7t \u0111\u1ed9 c\u1ee7a c\u00e1c thi\u1ebft b\u1ecb c\u00f3 ti\u1ebfp \u0111i\u1ec3m \u0111i\u1ec7n.<\/li>\n<li>Chi\u1ec1u d\u00e0i c\u1ee7a \u1ed1ng mao d\u1eabn c\u00f3 th\u1ec3 \u0111\u01b0\u1ee3c \u0111i\u1ec1u ch\u1ec9nh theo y\u00eau c\u1ea7u \u0111\u1ec3 quan s\u00e1t t\u1eeb xa.<\/li>\n<li>N\u1ebfu b\u1ea1n kh\u00f4ng c\u1ea7n ch\u1ee9c n\u0103ng li\u00ean h\u1ec7, vui l\u00f2ng tham kh\u1ea3o MTR.S.<\/li>\n<\/ul>","protected":false},"featured_media":2544,"template":"","meta":{"_acf_changed":false},"product_brand":[40],"product_cat":[43,23],"product_tag":[],"class_list":{"0":"post-2536","1":"product","2":"type-product","3":"status-publish","4":"has-post-thumbnail","6":"product_brand-sj-gauge","7":"product_cat-temperature-instruments","8":"product_cat-thermometers","10":"first","11":"instock","12":"shipping-taxable","13":"product-type-simple"},"acf":[],"yoast_head":"<!-- This site is optimized with the Yoast SEO Premium plugin v26.7 (Yoast SEO v27.4) - https:\/\/yoast.com\/product\/yoast-seo-premium-wordpress\/ -->\n<title>Capillary Thermometer with Alarm Contact MTR.S-E | Remote Temperature Control | SJ Gauge<\/title>\n<meta name=\"description\" content=\"MTR.S-E capillary thermometer with alarm contact enables remote temperature monitoring and control. Adjustable capillary length, supports up to 700\u00b0C, with switch output for industrial automation and safety systems. | SJ Gauge\" \/>\n<meta name=\"robots\" content=\"index, follow, max-snippet:-1, max-image-preview:large, max-video-preview:-1\" \/>\n<link rel=\"canonical\" href=\"https:\/\/www.sj-gauge.com\/vi\/san-pham\/mtr-s-e\/\" \/>\n<meta property=\"og:locale\" content=\"vi_VN\" \/>\n<meta property=\"og:type\" content=\"article\" \/>\n<meta property=\"og:title\" content=\"Expansion Thermometer, Warning\/Alarm Contact and Capillary\" \/>\n<meta property=\"og:description\" content=\"MTR.S-E capillary thermometer with alarm contact enables remote temperature monitoring and control. Adjustable capillary length, supports up to 700\u00b0C, with switch output for industrial automation and safety systems. | SJ Gauge\" \/>\n<meta property=\"og:url\" content=\"https:\/\/www.sj-gauge.com\/vi\/san-pham\/mtr-s-e\/\" \/>\n<meta property=\"og:site_name\" content=\"SJ Gauge | Pressure Gauges, Thermometers &amp; Pressure Sensors\" \/>\n<meta property=\"article:modified_time\" content=\"2026-04-20T01:27:22+00:00\" \/>\n<meta property=\"og:image\" content=\"https:\/\/www.sj-gauge.com\/wp-content\/uploads\/2025\/12\/SJ-Gauge-expansion-thermometer-capillary-alarm-contact.jpg\" \/>\n\t<meta property=\"og:image:width\" content=\"1200\" \/>\n\t<meta property=\"og:image:height\" content=\"1000\" \/>\n\t<meta property=\"og:image:type\" content=\"image\/jpeg\" \/>\n<meta name=\"twitter:card\" content=\"summary_large_image\" \/>\n<meta name=\"twitter:label1\" content=\"\u01af\u1edbc t\u00ednh th\u1eddi gian \u0111\u1ecdc\" \/>\n\t<meta name=\"twitter:data1\" content=\"1 ph\u00fat\" \/>\n<script type=\"application\/ld+json\" class=\"yoast-schema-graph\">{\"@context\":\"https:\\\/\\\/schema.org\",\"@graph\":[{\"@type\":\"WebPage\",\"@id\":\"https:\\\/\\\/www.sj-gauge.com\\\/product\\\/mtr-s-e\\\/\",\"url\":\"https:\\\/\\\/www.sj-gauge.com\\\/product\\\/mtr-s-e\\\/\",\"name\":\"Capillary Thermometer with Alarm Contact MTR.S-E | Remote Temperature Control | SJ Gauge\",\"isPartOf\":{\"@id\":\"https:\\\/\\\/www.sj-gauge.com\\\/#website\"},\"primaryImageOfPage\":{\"@id\":\"https:\\\/\\\/www.sj-gauge.com\\\/product\\\/mtr-s-e\\\/#primaryimage\"},\"image\":{\"@id\":\"https:\\\/\\\/www.sj-gauge.com\\\/product\\\/mtr-s-e\\\/#primaryimage\"},\"thumbnailUrl\":\"https:\\\/\\\/www.sj-gauge.com\\\/wp-content\\\/uploads\\\/2025\\\/12\\\/SJ-Gauge-expansion-thermometer-capillary-alarm-contact.jpg\",\"datePublished\":\"2025-12-12T08:20:06+00:00\",\"dateModified\":\"2026-04-20T01:27:22+00:00\",\"description\":\"MTR.S-E capillary thermometer with alarm contact enables remote temperature monitoring and control. Adjustable capillary length, supports up to 700\u00b0C, with switch output for industrial automation and safety systems. | SJ Gauge\",\"breadcrumb\":{\"@id\":\"https:\\\/\\\/www.sj-gauge.com\\\/product\\\/mtr-s-e\\\/#breadcrumb\"},\"inLanguage\":\"vi\",\"potentialAction\":[{\"@type\":\"ReadAction\",\"target\":[\"https:\\\/\\\/www.sj-gauge.com\\\/product\\\/mtr-s-e\\\/\"]}]},{\"@type\":\"ImageObject\",\"inLanguage\":\"vi\",\"@id\":\"https:\\\/\\\/www.sj-gauge.com\\\/product\\\/mtr-s-e\\\/#primaryimage\",\"url\":\"https:\\\/\\\/www.sj-gauge.com\\\/wp-content\\\/uploads\\\/2025\\\/12\\\/SJ-Gauge-expansion-thermometer-capillary-alarm-contact.jpg\",\"contentUrl\":\"https:\\\/\\\/www.sj-gauge.com\\\/wp-content\\\/uploads\\\/2025\\\/12\\\/SJ-Gauge-expansion-thermometer-capillary-alarm-contact.jpg\",\"width\":1200,\"height\":1000},{\"@type\":\"BreadcrumbList\",\"@id\":\"https:\\\/\\\/www.sj-gauge.com\\\/product\\\/mtr-s-e\\\/#breadcrumb\",\"itemListElement\":[{\"@type\":\"ListItem\",\"position\":1,\"name\":\"Home\",\"item\":\"https:\\\/\\\/www.sj-gauge.com\\\/\"},{\"@type\":\"ListItem\",\"position\":2,\"name\":\"Products\",\"item\":\"https:\\\/\\\/www.sj-gauge.com\\\/products\\\/\"},{\"@type\":\"ListItem\",\"position\":3,\"name\":\"Expansion Thermometer, Warning\\\/Alarm Contact and Capillary\"}]},{\"@type\":\"WebSite\",\"@id\":\"https:\\\/\\\/www.sj-gauge.com\\\/#website\",\"url\":\"https:\\\/\\\/www.sj-gauge.com\\\/\",\"name\":\"SJ Gauge | Pressure Gauges, Thermometers &amp; Pressure Sensors\",\"description\":\"Manufacturer of industrial pressure gauges, pressure sensors, and transmitters. SJ Gauge provides high accuracy, durable materials, and custom solutions for oil &amp; gas, chemical, and industrial applications.\",\"publisher\":{\"@id\":\"https:\\\/\\\/www.sj-gauge.com\\\/#organization\"},\"potentialAction\":[{\"@type\":\"SearchAction\",\"target\":{\"@type\":\"EntryPoint\",\"urlTemplate\":\"https:\\\/\\\/www.sj-gauge.com\\\/?s={search_term_string}\"},\"query-input\":{\"@type\":\"PropertyValueSpecification\",\"valueRequired\":true,\"valueName\":\"search_term_string\"}}],\"inLanguage\":\"vi\"},{\"@type\":\"Organization\",\"@id\":\"https:\\\/\\\/www.sj-gauge.com\\\/#organization\",\"name\":\"SJ Gauge | Pressure Gauges, Thermometers &amp; Pressure Sensors\",\"url\":\"https:\\\/\\\/www.sj-gauge.com\\\/\",\"logo\":{\"@type\":\"ImageObject\",\"inLanguage\":\"vi\",\"@id\":\"https:\\\/\\\/www.sj-gauge.com\\\/#\\\/schema\\\/logo\\\/image\\\/\",\"url\":\"https:\\\/\\\/www.sj-gauge.com\\\/wp-content\\\/uploads\\\/2025\\\/09\\\/logo.webp\",\"contentUrl\":\"https:\\\/\\\/www.sj-gauge.com\\\/wp-content\\\/uploads\\\/2025\\\/09\\\/logo.webp\",\"width\":348,\"height\":184,\"caption\":\"SJ Gauge | Pressure Gauges, Thermometers &amp; Pressure Sensors\"},\"image\":{\"@id\":\"https:\\\/\\\/www.sj-gauge.com\\\/#\\\/schema\\\/logo\\\/image\\\/\"}}]}<\/script>\n<!-- \/ Yoast SEO Premium plugin. -->","yoast_head_json":{"title":"Nhi\u1ec7t k\u1ebf mao qu\u1ea3n c\u00f3 ti\u1ebfp \u0111i\u1ec3m b\u00e1o \u0111\u1ed9ng MTR.S-E | \u0110i\u1ec1u khi\u1ec3n nhi\u1ec7t \u0111\u1ed9 t\u1eeb xa | SJ Gauge","description":"Nhi\u1ec7t k\u1ebf \u1ed1ng mao d\u1eabn MTR.S-E c\u00f3 ti\u1ebfp \u0111i\u1ec3m b\u00e1o \u0111\u1ed9ng cho ph\u00e9p gi\u00e1m s\u00e1t v\u00e0 \u0111i\u1ec1u khi\u1ec3n nhi\u1ec7t \u0111\u1ed9 t\u1eeb xa. Chi\u1ec1u d\u00e0i \u1ed1ng mao d\u1eabn c\u00f3 th\u1ec3 \u0111i\u1ec1u ch\u1ec9nh, ch\u1ecbu nhi\u1ec7t \u0111\u1ed9 l\u00ean \u0111\u1ebfn 700\u00b0C, k\u00e8m \u0111\u1ea7u ra c\u00f4ng t\u1eafc d\u00e0nh cho c\u00e1c h\u1ec7 th\u1ed1ng t\u1ef1 \u0111\u1ed9ng h\u00f3a c\u00f4ng nghi\u1ec7p v\u00e0 an to\u00e0n. | SJ Gauge","robots":{"index":"index","follow":"follow","max-snippet":"max-snippet:-1","max-image-preview":"max-image-preview:large","max-video-preview":"max-video-preview:-1"},"canonical":"https:\/\/www.sj-gauge.com\/vi\/san-pham\/mtr-s-e\/","og_locale":"vi_VN","og_type":"article","og_title":"Expansion Thermometer, Warning\/Alarm Contact and Capillary","og_description":"MTR.S-E capillary thermometer with alarm contact enables remote temperature monitoring and control. Adjustable capillary length, supports up to 700\u00b0C, with switch output for industrial automation and safety systems. | SJ Gauge","og_url":"https:\/\/www.sj-gauge.com\/vi\/san-pham\/mtr-s-e\/","og_site_name":"SJ Gauge | Pressure Gauges, Thermometers &amp; Pressure Sensors","article_modified_time":"2026-04-20T01:27:22+00:00","og_image":[{"width":1200,"height":1000,"url":"https:\/\/www.sj-gauge.com\/wp-content\/uploads\/2025\/12\/SJ-Gauge-expansion-thermometer-capillary-alarm-contact.jpg","type":"image\/jpeg"}],"twitter_card":"summary_large_image","twitter_misc":{"\u01af\u1edbc t\u00ednh th\u1eddi gian \u0111\u1ecdc":"1 ph\u00fat"},"schema":{"@context":"https:\/\/schema.org","@graph":[{"@type":"WebPage","@id":"https:\/\/www.sj-gauge.com\/product\/mtr-s-e\/","url":"https:\/\/www.sj-gauge.com\/product\/mtr-s-e\/","name":"Nhi\u1ec7t k\u1ebf mao qu\u1ea3n c\u00f3 ti\u1ebfp \u0111i\u1ec3m b\u00e1o \u0111\u1ed9ng MTR.S-E | \u0110i\u1ec1u khi\u1ec3n nhi\u1ec7t \u0111\u1ed9 t\u1eeb xa | SJ Gauge","isPartOf":{"@id":"https:\/\/www.sj-gauge.com\/#website"},"primaryImageOfPage":{"@id":"https:\/\/www.sj-gauge.com\/product\/mtr-s-e\/#primaryimage"},"image":{"@id":"https:\/\/www.sj-gauge.com\/product\/mtr-s-e\/#primaryimage"},"thumbnailUrl":"https:\/\/www.sj-gauge.com\/wp-content\/uploads\/2025\/12\/SJ-Gauge-expansion-thermometer-capillary-alarm-contact.jpg","datePublished":"2025-12-12T08:20:06+00:00","dateModified":"2026-04-20T01:27:22+00:00","description":"Nhi\u1ec7t k\u1ebf \u1ed1ng mao d\u1eabn MTR.S-E c\u00f3 ti\u1ebfp \u0111i\u1ec3m b\u00e1o \u0111\u1ed9ng cho ph\u00e9p gi\u00e1m s\u00e1t v\u00e0 \u0111i\u1ec1u khi\u1ec3n nhi\u1ec7t \u0111\u1ed9 t\u1eeb xa. Chi\u1ec1u d\u00e0i \u1ed1ng mao d\u1eabn c\u00f3 th\u1ec3 \u0111i\u1ec1u ch\u1ec9nh, ch\u1ecbu nhi\u1ec7t \u0111\u1ed9 l\u00ean \u0111\u1ebfn 700\u00b0C, k\u00e8m \u0111\u1ea7u ra c\u00f4ng t\u1eafc d\u00e0nh cho c\u00e1c h\u1ec7 th\u1ed1ng t\u1ef1 \u0111\u1ed9ng h\u00f3a c\u00f4ng nghi\u1ec7p v\u00e0 an to\u00e0n. | SJ Gauge","breadcrumb":{"@id":"https:\/\/www.sj-gauge.com\/product\/mtr-s-e\/#breadcrumb"},"inLanguage":"vi","potentialAction":[{"@type":"ReadAction","target":["https:\/\/www.sj-gauge.com\/product\/mtr-s-e\/"]}]},{"@type":"ImageObject","inLanguage":"vi","@id":"https:\/\/www.sj-gauge.com\/product\/mtr-s-e\/#primaryimage","url":"https:\/\/www.sj-gauge.com\/wp-content\/uploads\/2025\/12\/SJ-Gauge-expansion-thermometer-capillary-alarm-contact.jpg","contentUrl":"https:\/\/www.sj-gauge.com\/wp-content\/uploads\/2025\/12\/SJ-Gauge-expansion-thermometer-capillary-alarm-contact.jpg","width":1200,"height":1000},{"@type":"BreadcrumbList","@id":"https:\/\/www.sj-gauge.com\/product\/mtr-s-e\/#breadcrumb","itemListElement":[{"@type":"ListItem","position":1,"name":"Home","item":"https:\/\/www.sj-gauge.com\/"},{"@type":"ListItem","position":2,"name":"Products","item":"https:\/\/www.sj-gauge.com\/products\/"},{"@type":"ListItem","position":3,"name":"Expansion Thermometer, Warning\/Alarm Contact and Capillary"}]},{"@type":"WebSite","@id":"https:\/\/www.sj-gauge.com\/#website","url":"https:\/\/www.sj-gauge.com\/","name":"SJ Gauge | \u0110\u1ed3ng h\u1ed3 \u0111o \u00e1p su\u1ea5t, nhi\u1ec7t k\u1ebf v\u00e0 c\u1ea3m bi\u1ebfn \u00e1p su\u1ea5t","description":"Nh\u00e0 s\u1ea3n xu\u1ea5t \u0111\u1ed3ng h\u1ed3 \u0111o \u00e1p su\u1ea5t c\u00f4ng nghi\u1ec7p, c\u1ea3m bi\u1ebfn \u00e1p su\u1ea5t v\u00e0 b\u1ed9 truy\u1ec1n t\u00edn hi\u1ec7u. SJ Gauge cung c\u1ea5p c\u00e1c s\u1ea3n ph\u1ea9m c\u00f3 \u0111\u1ed9 ch\u00ednh x\u00e1c cao, \u0111\u01b0\u1ee3c ch\u1ebf t\u1ea1o t\u1eeb v\u1eadt li\u1ec7u b\u1ec1n b\u1ec9 v\u00e0 c\u00e1c gi\u1ea3i ph\u00e1p t\u00f9y ch\u1ec9nh d\u00e0nh cho c\u00e1c \u1ee9ng d\u1ee5ng trong ng\u00e0nh d\u1ea7u kh\u00ed, h\u00f3a ch\u1ea5t v\u00e0 c\u00f4ng nghi\u1ec7p.","publisher":{"@id":"https:\/\/www.sj-gauge.com\/#organization"},"potentialAction":[{"@type":"SearchAction","target":{"@type":"EntryPoint","urlTemplate":"https:\/\/www.sj-gauge.com\/?s={search_term_string}"},"query-input":{"@type":"PropertyValueSpecification","valueRequired":true,"valueName":"search_term_string"}}],"inLanguage":"vi"},{"@type":"Organization","@id":"https:\/\/www.sj-gauge.com\/#organization","name":"SJ Gauge | \u0110\u1ed3ng h\u1ed3 \u0111o \u00e1p su\u1ea5t, nhi\u1ec7t k\u1ebf v\u00e0 c\u1ea3m bi\u1ebfn \u00e1p su\u1ea5t","url":"https:\/\/www.sj-gauge.com\/","logo":{"@type":"ImageObject","inLanguage":"vi","@id":"https:\/\/www.sj-gauge.com\/#\/schema\/logo\/image\/","url":"https:\/\/www.sj-gauge.com\/wp-content\/uploads\/2025\/09\/logo.webp","contentUrl":"https:\/\/www.sj-gauge.com\/wp-content\/uploads\/2025\/09\/logo.webp","width":348,"height":184,"caption":"SJ Gauge | Pressure Gauges, Thermometers &amp; Pressure Sensors"},"image":{"@id":"https:\/\/www.sj-gauge.com\/#\/schema\/logo\/image\/"}}]}},"_links":{"self":[{"href":"https:\/\/www.sj-gauge.com\/vi\/wp-json\/wp\/v2\/product\/2536","targetHints":{"allow":["GET"]}}],"collection":[{"href":"https:\/\/www.sj-gauge.com\/vi\/wp-json\/wp\/v2\/product"}],"about":[{"href":"https:\/\/www.sj-gauge.com\/vi\/wp-json\/wp\/v2\/types\/product"}],"wp:featuredmedia":[{"embeddable":true,"href":"https:\/\/www.sj-gauge.com\/vi\/wp-json\/wp\/v2\/media\/2544"}],"wp:attachment":[{"href":"https:\/\/www.sj-gauge.com\/vi\/wp-json\/wp\/v2\/media?parent=2536"}],"wp:term":[{"taxonomy":"product_brand","embeddable":true,"href":"https:\/\/www.sj-gauge.com\/vi\/wp-json\/wp\/v2\/product_brand?post=2536"},{"taxonomy":"product_cat","embeddable":true,"href":"https:\/\/www.sj-gauge.com\/vi\/wp-json\/wp\/v2\/product_cat?post=2536"},{"taxonomy":"product_tag","embeddable":true,"href":"https:\/\/www.sj-gauge.com\/vi\/wp-json\/wp\/v2\/product_tag?post=2536"}],"curies":[{"name":"wp","href":"https:\/\/api.w.org\/{rel}","templated":true}]}}