{"id":2547,"date":"2025-12-12T17:02:20","date_gmt":"2025-12-12T09:02:20","guid":{"rendered":"https:\/\/sj-gauge.com\/?post_type=product&#038;p=2547"},"modified":"2026-04-05T21:21:10","modified_gmt":"2026-04-05T13:21:10","slug":"dthd","status":"publish","type":"product","link":"https:\/\/www.sj-gauge.com\/vi\/san-pham\/dthd\/","title":{"rendered":"Thermometer k\u1ef9 thu\u1eadt s\u1ed1, M\u00e0n h\u00ecnh LCD"},"content":{"rendered":"<p>Nhi\u1ec7t k\u1ebf k\u1ef9 thu\u1eadt s\u1ed1 DTHD \u0111\u01b0\u1ee3c trang b\u1ecb m\u00e0n h\u00ecnh LCD 4 ch\u1eef s\u1ed1 r\u00f5 n\u00e9t, cho ph\u00e9p \u0111\u1ecdc nhi\u1ec7t \u0111\u1ed9 ngay t\u1ea1i ch\u1ed7, mang l\u1ea1i k\u1ebft qu\u1ea3 \u0111o ch\u00ednh x\u00e1c v\u00e0 \u0111\u00e1ng tin c\u1eady trong m\u00f4i tr\u01b0\u1eddng c\u00f4ng nghi\u1ec7p. V\u1edbi d\u1ea3i \u0111o t\u1eeb -50\u00b0C \u0111\u1ebfn 150\u00b0C v\u00e0 \u0111\u1ed9 ch\u00ednh x\u00e1c \u00b11\u00b0C, s\u1ea3n ph\u1ea9m ph\u00f9 h\u1ee3p v\u1edbi nhi\u1ec1u \u1ee9ng d\u1ee5ng kh\u00e1c nhau, bao g\u1ed3m h\u1ec7 th\u1ed1ng HVAC, m\u00e1y m\u00f3c v\u00e0 gi\u00e1m s\u00e1t quy tr\u00ecnh s\u1ea3n xu\u1ea5t n\u00f3i chung.\u0110\u01b0\u1ee3c ch\u1ebf t\u1ea1o v\u1edbi v\u1ecf b\u1eb1ng th\u00e9p kh\u00f4ng g\u1ec9 (304\/316 SS), nhi\u1ec7t k\u1ebf \u0111\u1ea3m b\u1ea3o \u0111\u1ed9 b\u1ec1n v\u00e0 kh\u1ea3 n\u0103ng ch\u1ed1ng \u0103n m\u00f2n. S\u1ea3n ph\u1ea9m cung c\u1ea5p c\u00e1c t\u00f9y ch\u1ecdn l\u1eafp \u0111\u1eb7t linh ho\u1ea1t nh\u01b0 l\u1eafp d\u01b0\u1edbi \u0111\u00e1y, l\u1eafp sau v\u00e0 g\u00f3c \u0111i\u1ec1u ch\u1ec9nh, c\u00f9ng v\u1edbi c\u00e1c k\u1ebft n\u1ed1i quy tr\u00ecnh v\u00e0 chi\u1ec1u d\u00e0i th\u00e2n kh\u00e1c nhau \u0111\u1ec3 d\u1ec5 d\u00e0ng t\u00edch h\u1ee3p v\u00e0o c\u00e1c h\u1ec7 th\u1ed1ng kh\u00e1c nhau. Thi\u1ebft k\u1ebf ch\u1ea1y b\u1eb1ng pin cho ph\u00e9p v\u1eadn h\u00e0nh thu\u1eadn ti\u1ec7n v\u00e0 b\u1ea3o tr\u00ec d\u1ec5 d\u00e0ng, l\u00e0m cho n\u00f3 tr\u1edf th\u00e0nh gi\u1ea3i ph\u00e1p l\u00fd t\u01b0\u1edfng cho vi\u1ec7c gi\u00e1m s\u00e1t nhi\u1ec7t \u0111\u1ed9 c\u00f4ng nghi\u1ec7p.<\/p>","protected":false},"excerpt":{"rendered":"<ul>\n<li>Thermometer k\u1ef9 thu\u1eadt s\u1ed1 LCD cho ph\u00e9p hi\u1ec3n th\u1ecb nhi\u1ec7t \u0111\u1ed9 t\u1ea1i ch\u1ed7 ngay l\u1eadp t\u1ee9c.<\/li>\n<li>Thermometer k\u1ef9 thu\u1eadt s\u1ed1 v\u1edbi m\u00e0n h\u00ecnh LCD 4 ch\u1eef s\u1ed1 r\u00f5 r\u00e0ng v\u00e0 d\u1ec5 \u0111\u1ecdc.<\/li>\n<\/ul>","protected":false},"featured_media":2551,"template":"","meta":{"_acf_changed":false},"product_brand":[40],"product_cat":[43,23],"product_tag":[],"class_list":{"0":"post-2547","1":"product","2":"type-product","3":"status-publish","4":"has-post-thumbnail","6":"product_brand-sj-gauge","7":"product_cat-temperature-instruments","8":"product_cat-thermometers","10":"first","11":"instock","12":"shipping-taxable","13":"product-type-simple"},"acf":[],"yoast_head":"<!-- This site is optimized with the Yoast SEO Premium plugin v26.7 (Yoast SEO v27.4) - https:\/\/yoast.com\/product\/yoast-seo-premium-wordpress\/ -->\n<title>Industrial Digital Thermometer DTHD | LCD Temperature Display | SJ Gauge<\/title>\n<meta name=\"description\" content=\"DTHD digital thermometer with LCD display provides clear and instant temperature reading. Stainless steel construction, replaceable battery, and suitable for industrial applications up to 150\u00b0C. | SJ Gauge\" \/>\n<meta name=\"robots\" content=\"index, follow, max-snippet:-1, max-image-preview:large, max-video-preview:-1\" \/>\n<link rel=\"canonical\" href=\"https:\/\/www.sj-gauge.com\/vi\/san-pham\/dthd\/\" \/>\n<meta property=\"og:locale\" content=\"vi_VN\" \/>\n<meta property=\"og:type\" content=\"article\" \/>\n<meta property=\"og:title\" content=\"Digital Thermometer, LCD Display\" \/>\n<meta property=\"og:description\" content=\"DTHD digital thermometer with LCD display provides clear and instant temperature reading. Stainless steel construction, replaceable battery, and suitable for industrial applications up to 150\u00b0C. | SJ Gauge\" \/>\n<meta property=\"og:url\" content=\"https:\/\/www.sj-gauge.com\/vi\/san-pham\/dthd\/\" \/>\n<meta property=\"og:site_name\" content=\"SJ Gauge | Pressure Gauges, Thermometers &amp; Pressure Sensors\" \/>\n<meta property=\"article:modified_time\" content=\"2026-04-05T13:21:10+00:00\" \/>\n<meta property=\"og:image\" content=\"https:\/\/www.sj-gauge.com\/wp-content\/uploads\/2025\/12\/01_SJ-Gauge_digital_temperature_gauge_with_LCD_display_L.jpg\" \/>\n\t<meta property=\"og:image:width\" content=\"1200\" \/>\n\t<meta property=\"og:image:height\" content=\"1000\" \/>\n\t<meta property=\"og:image:type\" content=\"image\/jpeg\" \/>\n<meta name=\"twitter:card\" content=\"summary_large_image\" \/>\n<meta name=\"twitter:label1\" content=\"\u01af\u1edbc t\u00ednh th\u1eddi gian \u0111\u1ecdc\" \/>\n\t<meta name=\"twitter:data1\" content=\"1 ph\u00fat\" \/>\n<script type=\"application\/ld+json\" class=\"yoast-schema-graph\">{\"@context\":\"https:\\\/\\\/schema.org\",\"@graph\":[{\"@type\":\"WebPage\",\"@id\":\"https:\\\/\\\/www.sj-gauge.com\\\/product\\\/dthd\\\/\",\"url\":\"https:\\\/\\\/www.sj-gauge.com\\\/product\\\/dthd\\\/\",\"name\":\"Industrial Digital Thermometer DTHD | LCD Temperature Display | SJ Gauge\",\"isPartOf\":{\"@id\":\"https:\\\/\\\/www.sj-gauge.com\\\/#website\"},\"primaryImageOfPage\":{\"@id\":\"https:\\\/\\\/www.sj-gauge.com\\\/product\\\/dthd\\\/#primaryimage\"},\"image\":{\"@id\":\"https:\\\/\\\/www.sj-gauge.com\\\/product\\\/dthd\\\/#primaryimage\"},\"thumbnailUrl\":\"https:\\\/\\\/www.sj-gauge.com\\\/wp-content\\\/uploads\\\/2025\\\/12\\\/01_SJ-Gauge_digital_temperature_gauge_with_LCD_display_L.jpg\",\"datePublished\":\"2025-12-12T09:02:20+00:00\",\"dateModified\":\"2026-04-05T13:21:10+00:00\",\"description\":\"DTHD digital thermometer with LCD display provides clear and instant temperature reading. Stainless steel construction, replaceable battery, and suitable for industrial applications up to 150\u00b0C. | SJ Gauge\",\"breadcrumb\":{\"@id\":\"https:\\\/\\\/www.sj-gauge.com\\\/product\\\/dthd\\\/#breadcrumb\"},\"inLanguage\":\"vi\",\"potentialAction\":[{\"@type\":\"ReadAction\",\"target\":[\"https:\\\/\\\/www.sj-gauge.com\\\/product\\\/dthd\\\/\"]}]},{\"@type\":\"ImageObject\",\"inLanguage\":\"vi\",\"@id\":\"https:\\\/\\\/www.sj-gauge.com\\\/product\\\/dthd\\\/#primaryimage\",\"url\":\"https:\\\/\\\/www.sj-gauge.com\\\/wp-content\\\/uploads\\\/2025\\\/12\\\/01_SJ-Gauge_digital_temperature_gauge_with_LCD_display_L.jpg\",\"contentUrl\":\"https:\\\/\\\/www.sj-gauge.com\\\/wp-content\\\/uploads\\\/2025\\\/12\\\/01_SJ-Gauge_digital_temperature_gauge_with_LCD_display_L.jpg\",\"width\":1200,\"height\":1000},{\"@type\":\"BreadcrumbList\",\"@id\":\"https:\\\/\\\/www.sj-gauge.com\\\/product\\\/dthd\\\/#breadcrumb\",\"itemListElement\":[{\"@type\":\"ListItem\",\"position\":1,\"name\":\"Home\",\"item\":\"https:\\\/\\\/www.sj-gauge.com\\\/\"},{\"@type\":\"ListItem\",\"position\":2,\"name\":\"Products\",\"item\":\"https:\\\/\\\/www.sj-gauge.com\\\/products\\\/\"},{\"@type\":\"ListItem\",\"position\":3,\"name\":\"Digital Thermometer, LCD Display\"}]},{\"@type\":\"WebSite\",\"@id\":\"https:\\\/\\\/www.sj-gauge.com\\\/#website\",\"url\":\"https:\\\/\\\/www.sj-gauge.com\\\/\",\"name\":\"SJ Gauge | Pressure Gauges, Thermometers &amp; Pressure Sensors\",\"description\":\"Manufacturer of industrial pressure gauges, pressure sensors, and transmitters. SJ Gauge provides high accuracy, durable materials, and custom solutions for oil &amp; gas, chemical, and industrial applications.\",\"publisher\":{\"@id\":\"https:\\\/\\\/www.sj-gauge.com\\\/#organization\"},\"potentialAction\":[{\"@type\":\"SearchAction\",\"target\":{\"@type\":\"EntryPoint\",\"urlTemplate\":\"https:\\\/\\\/www.sj-gauge.com\\\/?s={search_term_string}\"},\"query-input\":{\"@type\":\"PropertyValueSpecification\",\"valueRequired\":true,\"valueName\":\"search_term_string\"}}],\"inLanguage\":\"vi\"},{\"@type\":\"Organization\",\"@id\":\"https:\\\/\\\/www.sj-gauge.com\\\/#organization\",\"name\":\"SJ Gauge | Pressure Gauges, Thermometers &amp; Pressure Sensors\",\"url\":\"https:\\\/\\\/www.sj-gauge.com\\\/\",\"logo\":{\"@type\":\"ImageObject\",\"inLanguage\":\"vi\",\"@id\":\"https:\\\/\\\/www.sj-gauge.com\\\/#\\\/schema\\\/logo\\\/image\\\/\",\"url\":\"https:\\\/\\\/www.sj-gauge.com\\\/wp-content\\\/uploads\\\/2025\\\/09\\\/logo.webp\",\"contentUrl\":\"https:\\\/\\\/www.sj-gauge.com\\\/wp-content\\\/uploads\\\/2025\\\/09\\\/logo.webp\",\"width\":348,\"height\":184,\"caption\":\"SJ Gauge | Pressure Gauges, Thermometers &amp; Pressure Sensors\"},\"image\":{\"@id\":\"https:\\\/\\\/www.sj-gauge.com\\\/#\\\/schema\\\/logo\\\/image\\\/\"}}]}<\/script>\n<!-- \/ Yoast SEO Premium plugin. -->","yoast_head_json":{"title":"Nhi\u1ec7t k\u1ebf k\u1ef9 thu\u1eadt s\u1ed1 c\u00f4ng nghi\u1ec7p DTHD | M\u00e0n h\u00ecnh hi\u1ec3n th\u1ecb nhi\u1ec7t \u0111\u1ed9 LCD | SJ Gauge","description":"Nhi\u1ec7t k\u1ebf k\u1ef9 thu\u1eadt s\u1ed1 DTHD v\u1edbi m\u00e0n h\u00ecnh LCD hi\u1ec3n th\u1ecb k\u1ebft qu\u1ea3 \u0111o nhi\u1ec7t \u0111\u1ed9 r\u00f5 r\u00e0ng v\u00e0 t\u1ee9c th\u00ec. Thi\u1ebft k\u1ebf b\u1eb1ng th\u00e9p kh\u00f4ng g\u1ec9, s\u1eed d\u1ee5ng pin c\u00f3 th\u1ec3 thay th\u1ebf, ph\u00f9 h\u1ee3p cho c\u00e1c \u1ee9ng d\u1ee5ng c\u00f4ng nghi\u1ec7p \u1edf nhi\u1ec7t \u0111\u1ed9 l\u00ean \u0111\u1ebfn 150\u00b0C. | SJ Gauge","robots":{"index":"index","follow":"follow","max-snippet":"max-snippet:-1","max-image-preview":"max-image-preview:large","max-video-preview":"max-video-preview:-1"},"canonical":"https:\/\/www.sj-gauge.com\/vi\/san-pham\/dthd\/","og_locale":"vi_VN","og_type":"article","og_title":"Digital Thermometer, LCD Display","og_description":"DTHD digital thermometer with LCD display provides clear and instant temperature reading. Stainless steel construction, replaceable battery, and suitable for industrial applications up to 150\u00b0C. | SJ Gauge","og_url":"https:\/\/www.sj-gauge.com\/vi\/san-pham\/dthd\/","og_site_name":"SJ Gauge | Pressure Gauges, Thermometers &amp; Pressure Sensors","article_modified_time":"2026-04-05T13:21:10+00:00","og_image":[{"width":1200,"height":1000,"url":"https:\/\/www.sj-gauge.com\/wp-content\/uploads\/2025\/12\/01_SJ-Gauge_digital_temperature_gauge_with_LCD_display_L.jpg","type":"image\/jpeg"}],"twitter_card":"summary_large_image","twitter_misc":{"\u01af\u1edbc t\u00ednh th\u1eddi gian \u0111\u1ecdc":"1 ph\u00fat"},"schema":{"@context":"https:\/\/schema.org","@graph":[{"@type":"WebPage","@id":"https:\/\/www.sj-gauge.com\/product\/dthd\/","url":"https:\/\/www.sj-gauge.com\/product\/dthd\/","name":"Nhi\u1ec7t k\u1ebf k\u1ef9 thu\u1eadt s\u1ed1 c\u00f4ng nghi\u1ec7p DTHD | M\u00e0n h\u00ecnh hi\u1ec3n th\u1ecb nhi\u1ec7t \u0111\u1ed9 LCD | SJ Gauge","isPartOf":{"@id":"https:\/\/www.sj-gauge.com\/#website"},"primaryImageOfPage":{"@id":"https:\/\/www.sj-gauge.com\/product\/dthd\/#primaryimage"},"image":{"@id":"https:\/\/www.sj-gauge.com\/product\/dthd\/#primaryimage"},"thumbnailUrl":"https:\/\/www.sj-gauge.com\/wp-content\/uploads\/2025\/12\/01_SJ-Gauge_digital_temperature_gauge_with_LCD_display_L.jpg","datePublished":"2025-12-12T09:02:20+00:00","dateModified":"2026-04-05T13:21:10+00:00","description":"Nhi\u1ec7t k\u1ebf k\u1ef9 thu\u1eadt s\u1ed1 DTHD v\u1edbi m\u00e0n h\u00ecnh LCD hi\u1ec3n th\u1ecb k\u1ebft qu\u1ea3 \u0111o nhi\u1ec7t \u0111\u1ed9 r\u00f5 r\u00e0ng v\u00e0 t\u1ee9c th\u00ec. Thi\u1ebft k\u1ebf b\u1eb1ng th\u00e9p kh\u00f4ng g\u1ec9, s\u1eed d\u1ee5ng pin c\u00f3 th\u1ec3 thay th\u1ebf, ph\u00f9 h\u1ee3p cho c\u00e1c \u1ee9ng d\u1ee5ng c\u00f4ng nghi\u1ec7p \u1edf nhi\u1ec7t \u0111\u1ed9 l\u00ean \u0111\u1ebfn 150\u00b0C. | SJ Gauge","breadcrumb":{"@id":"https:\/\/www.sj-gauge.com\/product\/dthd\/#breadcrumb"},"inLanguage":"vi","potentialAction":[{"@type":"ReadAction","target":["https:\/\/www.sj-gauge.com\/product\/dthd\/"]}]},{"@type":"ImageObject","inLanguage":"vi","@id":"https:\/\/www.sj-gauge.com\/product\/dthd\/#primaryimage","url":"https:\/\/www.sj-gauge.com\/wp-content\/uploads\/2025\/12\/01_SJ-Gauge_digital_temperature_gauge_with_LCD_display_L.jpg","contentUrl":"https:\/\/www.sj-gauge.com\/wp-content\/uploads\/2025\/12\/01_SJ-Gauge_digital_temperature_gauge_with_LCD_display_L.jpg","width":1200,"height":1000},{"@type":"BreadcrumbList","@id":"https:\/\/www.sj-gauge.com\/product\/dthd\/#breadcrumb","itemListElement":[{"@type":"ListItem","position":1,"name":"Home","item":"https:\/\/www.sj-gauge.com\/"},{"@type":"ListItem","position":2,"name":"Products","item":"https:\/\/www.sj-gauge.com\/products\/"},{"@type":"ListItem","position":3,"name":"Digital Thermometer, LCD Display"}]},{"@type":"WebSite","@id":"https:\/\/www.sj-gauge.com\/#website","url":"https:\/\/www.sj-gauge.com\/","name":"SJ Gauge | \u0110\u1ed3ng h\u1ed3 \u0111o \u00e1p su\u1ea5t, nhi\u1ec7t k\u1ebf v\u00e0 c\u1ea3m bi\u1ebfn \u00e1p su\u1ea5t","description":"Nh\u00e0 s\u1ea3n xu\u1ea5t \u0111\u1ed3ng h\u1ed3 \u0111o \u00e1p su\u1ea5t c\u00f4ng nghi\u1ec7p, c\u1ea3m bi\u1ebfn \u00e1p su\u1ea5t v\u00e0 b\u1ed9 truy\u1ec1n t\u00edn hi\u1ec7u. SJ Gauge cung c\u1ea5p c\u00e1c s\u1ea3n ph\u1ea9m c\u00f3 \u0111\u1ed9 ch\u00ednh x\u00e1c cao, \u0111\u01b0\u1ee3c ch\u1ebf t\u1ea1o t\u1eeb v\u1eadt li\u1ec7u b\u1ec1n b\u1ec9 v\u00e0 c\u00e1c gi\u1ea3i ph\u00e1p t\u00f9y ch\u1ec9nh d\u00e0nh cho c\u00e1c \u1ee9ng d\u1ee5ng trong ng\u00e0nh d\u1ea7u kh\u00ed, h\u00f3a ch\u1ea5t v\u00e0 c\u00f4ng nghi\u1ec7p.","publisher":{"@id":"https:\/\/www.sj-gauge.com\/#organization"},"potentialAction":[{"@type":"SearchAction","target":{"@type":"EntryPoint","urlTemplate":"https:\/\/www.sj-gauge.com\/?s={search_term_string}"},"query-input":{"@type":"PropertyValueSpecification","valueRequired":true,"valueName":"search_term_string"}}],"inLanguage":"vi"},{"@type":"Organization","@id":"https:\/\/www.sj-gauge.com\/#organization","name":"SJ Gauge | \u0110\u1ed3ng h\u1ed3 \u0111o \u00e1p su\u1ea5t, nhi\u1ec7t k\u1ebf v\u00e0 c\u1ea3m bi\u1ebfn \u00e1p su\u1ea5t","url":"https:\/\/www.sj-gauge.com\/","logo":{"@type":"ImageObject","inLanguage":"vi","@id":"https:\/\/www.sj-gauge.com\/#\/schema\/logo\/image\/","url":"https:\/\/www.sj-gauge.com\/wp-content\/uploads\/2025\/09\/logo.webp","contentUrl":"https:\/\/www.sj-gauge.com\/wp-content\/uploads\/2025\/09\/logo.webp","width":348,"height":184,"caption":"SJ Gauge | Pressure Gauges, Thermometers &amp; Pressure Sensors"},"image":{"@id":"https:\/\/www.sj-gauge.com\/#\/schema\/logo\/image\/"}}]}},"_links":{"self":[{"href":"https:\/\/www.sj-gauge.com\/vi\/wp-json\/wp\/v2\/product\/2547","targetHints":{"allow":["GET"]}}],"collection":[{"href":"https:\/\/www.sj-gauge.com\/vi\/wp-json\/wp\/v2\/product"}],"about":[{"href":"https:\/\/www.sj-gauge.com\/vi\/wp-json\/wp\/v2\/types\/product"}],"wp:featuredmedia":[{"embeddable":true,"href":"https:\/\/www.sj-gauge.com\/vi\/wp-json\/wp\/v2\/media\/2551"}],"wp:attachment":[{"href":"https:\/\/www.sj-gauge.com\/vi\/wp-json\/wp\/v2\/media?parent=2547"}],"wp:term":[{"taxonomy":"product_brand","embeddable":true,"href":"https:\/\/www.sj-gauge.com\/vi\/wp-json\/wp\/v2\/product_brand?post=2547"},{"taxonomy":"product_cat","embeddable":true,"href":"https:\/\/www.sj-gauge.com\/vi\/wp-json\/wp\/v2\/product_cat?post=2547"},{"taxonomy":"product_tag","embeddable":true,"href":"https:\/\/www.sj-gauge.com\/vi\/wp-json\/wp\/v2\/product_tag?post=2547"}],"curies":[{"name":"wp","href":"https:\/\/api.w.org\/{rel}","templated":true}]}}