{"id":2552,"date":"2025-12-12T17:21:31","date_gmt":"2025-12-12T09:21:31","guid":{"rendered":"https:\/\/sj-gauge.com\/?post_type=product&#038;p=2552"},"modified":"2026-04-05T19:33:08","modified_gmt":"2026-04-05T11:33:08","slug":"dthit","status":"publish","type":"product","link":"https:\/\/www.sj-gauge.com\/vi\/san-pham\/dthit\/","title":{"rendered":"Thermometer hai nhi\u1ec7t \u0111\u1ed9"},"content":{"rendered":"<p>Thermometer nhi\u1ec7t \u0111\u1ed9 k\u00e9p DTHIT k\u1ebft h\u1ee3p hi\u1ec3n th\u1ecb analog t\u1ea1i ch\u1ed7 v\u1edbi \u0111\u1ea7u ra t\u00edn hi\u1ec7u t\u1eeb xa, cho ph\u00e9p \u0111\u1ecdc nhi\u1ec7t \u0111\u1ed9 th\u1eddi gian th\u1ef1c v\u00e0 truy\u1ec1n t\u00edn hi\u1ec7u \u0111\u1ed3ng th\u1eddi. Thi\u1ebft b\u1ecb h\u1ed7 tr\u1ee3 c\u00e1c t\u00edn hi\u1ec7u \u0111\u1ea7u ra lo\u1ea1i K, PT100\u03a9 ho\u1eb7c 4\u201320 mA v\u00e0 ch\u1ecbu \u0111\u01b0\u1ee3c nhi\u1ec7t \u0111\u1ed9 l\u00ean \u0111\u1ebfn 600\u00b0C. \u0110\u01b0\u1ee3c ch\u1ebf t\u1ea1o ho\u00e0n to\u00e0n t\u1eeb th\u00e9p kh\u00f4ng g\u1ec9, DTHIT mang l\u1ea1i \u0111\u1ed9 b\u1ec1n cao v\u00e0 kh\u1ea3 n\u0103ng ch\u1ecbu nhi\u1ec7t xu\u1ea5t s\u1eafc. V\u1edbi c\u00e1c t\u00f9y ch\u1ecdn l\u1eafp \u0111\u1eb7t d\u01b0\u1edbi \u0111\u00e1y, l\u1eafp \u0111\u1eb7t ph\u00eda sau v\u00e0 g\u00f3c \u0111i\u1ec1u ch\u1ec9nh, DTHIT r\u1ea5t ph\u00f9 h\u1ee3p cho gi\u00e1m s\u00e1t qu\u00e1 tr\u00ecnh v\u00e0 \u0111i\u1ec1u khi\u1ec3n t\u1ef1 \u0111\u1ed9ng trong c\u00e1c \u1ee9ng d\u1ee5ng c\u00f4ng nghi\u1ec7p n\u0103ng l\u01b0\u1ee3ng, h\u00f3a ch\u1ea5t, s\u1ea3n xu\u1ea5t thi\u1ebft b\u1ecb v\u00e0 c\u00f4ng nghi\u1ec7p nhi\u1ec7t \u0111\u1ed9 cao.<\/p>","protected":false},"excerpt":{"rendered":"<ul>\n<li>K-TYPE, \u0111\u1ea7u ra t\u00edn hi\u1ec7u PT100\u03a9 ho\u1eb7c 4~20mA cho quan s\u00e1t t\u1eeb xa.<\/li>\n<li>\u0110\u01b0\u1ee3c l\u00e0m t\u1eeb th\u00e9p kh\u00f4ng g\u1ec9, ch\u1ecbu \u0111\u01b0\u1ee3c nhi\u1ec7t \u0111\u1ed9 cao l\u00ean \u0111\u1ebfn 600\u00b0C.<\/li>\n<li>Ph\u00f9 h\u1ee3p cho gi\u00e1m s\u00e1t t\u1eeb xa v\u00e0 \u0111i\u1ec1u khi\u1ec3n t\u1ef1 \u0111\u1ed9ng<\/li>\n<\/ul>","protected":false},"featured_media":2568,"template":"","meta":{"_acf_changed":false},"product_brand":[40],"product_cat":[43,23],"product_tag":[],"class_list":{"0":"post-2552","1":"product","2":"type-product","3":"status-publish","4":"has-post-thumbnail","6":"product_brand-sj-gauge","7":"product_cat-temperature-instruments","8":"product_cat-thermometers","10":"first","11":"instock","12":"shipping-taxable","13":"product-type-simple"},"acf":[],"yoast_head":"<!-- This site is optimized with the Yoast SEO Premium plugin v26.7 (Yoast SEO v27.4) - https:\/\/yoast.com\/product\/yoast-seo-premium-wordpress\/ -->\n<title>Twin Temperature Thermometer DTHIT | Analog &amp; Signal Output | SJ Gauge<\/title>\n<meta name=\"description\" content=\"DTHIT twin temperature thermometer combines local analog display with remote signal output (K-type, PT100, 4-20mA). Designed for real-time monitoring and industrial automation up to 600\u00b0C. | SJ Gauge\" \/>\n<meta name=\"robots\" content=\"index, follow, max-snippet:-1, max-image-preview:large, max-video-preview:-1\" \/>\n<link rel=\"canonical\" href=\"https:\/\/www.sj-gauge.com\/vi\/san-pham\/dthit\/\" \/>\n<meta property=\"og:locale\" content=\"vi_VN\" \/>\n<meta property=\"og:type\" content=\"article\" \/>\n<meta property=\"og:title\" content=\"Twin-Temperature Thermometer\" \/>\n<meta property=\"og:description\" content=\"DTHIT twin temperature thermometer combines local analog display with remote signal output (K-type, PT100, 4-20mA). Designed for real-time monitoring and industrial automation up to 600\u00b0C. | SJ Gauge\" \/>\n<meta property=\"og:url\" content=\"https:\/\/www.sj-gauge.com\/vi\/san-pham\/dthit\/\" \/>\n<meta property=\"og:site_name\" content=\"SJ Gauge | Pressure Gauges, Thermometers &amp; Pressure Sensors\" \/>\n<meta property=\"article:modified_time\" content=\"2026-04-05T11:33:08+00:00\" \/>\n<meta property=\"og:image\" content=\"https:\/\/www.sj-gauge.com\/wp-content\/uploads\/2025\/12\/SJ-Gauge-twin-temperature-thermometer-high-temperatures-L.jpg\" \/>\n\t<meta property=\"og:image:width\" content=\"1200\" \/>\n\t<meta property=\"og:image:height\" content=\"1000\" \/>\n\t<meta property=\"og:image:type\" content=\"image\/jpeg\" \/>\n<meta name=\"twitter:card\" content=\"summary_large_image\" \/>\n<meta name=\"twitter:label1\" content=\"\u01af\u1edbc t\u00ednh th\u1eddi gian \u0111\u1ecdc\" \/>\n\t<meta name=\"twitter:data1\" content=\"1 ph\u00fat\" \/>\n<script type=\"application\/ld+json\" class=\"yoast-schema-graph\">{\"@context\":\"https:\\\/\\\/schema.org\",\"@graph\":[{\"@type\":\"WebPage\",\"@id\":\"https:\\\/\\\/www.sj-gauge.com\\\/product\\\/dthit\\\/\",\"url\":\"https:\\\/\\\/www.sj-gauge.com\\\/product\\\/dthit\\\/\",\"name\":\"Twin Temperature Thermometer DTHIT | Analog & Signal Output | SJ Gauge\",\"isPartOf\":{\"@id\":\"https:\\\/\\\/www.sj-gauge.com\\\/#website\"},\"primaryImageOfPage\":{\"@id\":\"https:\\\/\\\/www.sj-gauge.com\\\/product\\\/dthit\\\/#primaryimage\"},\"image\":{\"@id\":\"https:\\\/\\\/www.sj-gauge.com\\\/product\\\/dthit\\\/#primaryimage\"},\"thumbnailUrl\":\"https:\\\/\\\/www.sj-gauge.com\\\/wp-content\\\/uploads\\\/2025\\\/12\\\/SJ-Gauge-twin-temperature-thermometer-high-temperatures-L.jpg\",\"datePublished\":\"2025-12-12T09:21:31+00:00\",\"dateModified\":\"2026-04-05T11:33:08+00:00\",\"description\":\"DTHIT twin temperature thermometer combines local analog display with remote signal output (K-type, PT100, 4-20mA). Designed for real-time monitoring and industrial automation up to 600\u00b0C. | SJ Gauge\",\"breadcrumb\":{\"@id\":\"https:\\\/\\\/www.sj-gauge.com\\\/product\\\/dthit\\\/#breadcrumb\"},\"inLanguage\":\"vi\",\"potentialAction\":[{\"@type\":\"ReadAction\",\"target\":[\"https:\\\/\\\/www.sj-gauge.com\\\/product\\\/dthit\\\/\"]}]},{\"@type\":\"ImageObject\",\"inLanguage\":\"vi\",\"@id\":\"https:\\\/\\\/www.sj-gauge.com\\\/product\\\/dthit\\\/#primaryimage\",\"url\":\"https:\\\/\\\/www.sj-gauge.com\\\/wp-content\\\/uploads\\\/2025\\\/12\\\/SJ-Gauge-twin-temperature-thermometer-high-temperatures-L.jpg\",\"contentUrl\":\"https:\\\/\\\/www.sj-gauge.com\\\/wp-content\\\/uploads\\\/2025\\\/12\\\/SJ-Gauge-twin-temperature-thermometer-high-temperatures-L.jpg\",\"width\":1200,\"height\":1000},{\"@type\":\"BreadcrumbList\",\"@id\":\"https:\\\/\\\/www.sj-gauge.com\\\/product\\\/dthit\\\/#breadcrumb\",\"itemListElement\":[{\"@type\":\"ListItem\",\"position\":1,\"name\":\"Home\",\"item\":\"https:\\\/\\\/www.sj-gauge.com\\\/\"},{\"@type\":\"ListItem\",\"position\":2,\"name\":\"Products\",\"item\":\"https:\\\/\\\/www.sj-gauge.com\\\/products\\\/\"},{\"@type\":\"ListItem\",\"position\":3,\"name\":\"Twin-Temperature Thermometer\"}]},{\"@type\":\"WebSite\",\"@id\":\"https:\\\/\\\/www.sj-gauge.com\\\/#website\",\"url\":\"https:\\\/\\\/www.sj-gauge.com\\\/\",\"name\":\"SJ Gauge | Pressure Gauges, Thermometers &amp; Pressure Sensors\",\"description\":\"Manufacturer of industrial pressure gauges, pressure sensors, and transmitters. SJ Gauge provides high accuracy, durable materials, and custom solutions for oil &amp; gas, chemical, and industrial applications.\",\"publisher\":{\"@id\":\"https:\\\/\\\/www.sj-gauge.com\\\/#organization\"},\"potentialAction\":[{\"@type\":\"SearchAction\",\"target\":{\"@type\":\"EntryPoint\",\"urlTemplate\":\"https:\\\/\\\/www.sj-gauge.com\\\/?s={search_term_string}\"},\"query-input\":{\"@type\":\"PropertyValueSpecification\",\"valueRequired\":true,\"valueName\":\"search_term_string\"}}],\"inLanguage\":\"vi\"},{\"@type\":\"Organization\",\"@id\":\"https:\\\/\\\/www.sj-gauge.com\\\/#organization\",\"name\":\"SJ Gauge | Pressure Gauges, Thermometers &amp; Pressure Sensors\",\"url\":\"https:\\\/\\\/www.sj-gauge.com\\\/\",\"logo\":{\"@type\":\"ImageObject\",\"inLanguage\":\"vi\",\"@id\":\"https:\\\/\\\/www.sj-gauge.com\\\/#\\\/schema\\\/logo\\\/image\\\/\",\"url\":\"https:\\\/\\\/www.sj-gauge.com\\\/wp-content\\\/uploads\\\/2025\\\/09\\\/logo.webp\",\"contentUrl\":\"https:\\\/\\\/www.sj-gauge.com\\\/wp-content\\\/uploads\\\/2025\\\/09\\\/logo.webp\",\"width\":348,\"height\":184,\"caption\":\"SJ Gauge | Pressure Gauges, Thermometers &amp; Pressure Sensors\"},\"image\":{\"@id\":\"https:\\\/\\\/www.sj-gauge.com\\\/#\\\/schema\\\/logo\\\/image\\\/\"}}]}<\/script>\n<!-- \/ Yoast SEO Premium plugin. -->","yoast_head_json":{"title":"Nhi\u1ec7t k\u1ebf hai \u0111\u1ea7u DTHIT | Hi\u1ec3n th\u1ecb analog &amp; \u0111\u1ea7u ra t\u00edn hi\u1ec7u | SJ Gauge","description":"Nhi\u1ec7t k\u1ebf hai nhi\u1ec7t \u0111\u1ed9 DTHIT k\u1ebft h\u1ee3p m\u00e0n h\u00ecnh hi\u1ec3n th\u1ecb analog t\u1ea1i ch\u1ed7 v\u1edbi \u0111\u1ea7u ra t\u00edn hi\u1ec7u t\u1eeb xa (lo\u1ea1i K, PT100, 4-20mA). \u0110\u01b0\u1ee3c thi\u1ebft k\u1ebf \u0111\u1ec3 gi\u00e1m s\u00e1t th\u1eddi gian th\u1ef1c v\u00e0 t\u1ef1 \u0111\u1ed9ng h\u00f3a c\u00f4ng nghi\u1ec7p \u1edf nhi\u1ec7t \u0111\u1ed9 l\u00ean \u0111\u1ebfn 600\u00b0C. | SJ Gauge","robots":{"index":"index","follow":"follow","max-snippet":"max-snippet:-1","max-image-preview":"max-image-preview:large","max-video-preview":"max-video-preview:-1"},"canonical":"https:\/\/www.sj-gauge.com\/vi\/san-pham\/dthit\/","og_locale":"vi_VN","og_type":"article","og_title":"Twin-Temperature Thermometer","og_description":"DTHIT twin temperature thermometer combines local analog display with remote signal output (K-type, PT100, 4-20mA). Designed for real-time monitoring and industrial automation up to 600\u00b0C. | SJ Gauge","og_url":"https:\/\/www.sj-gauge.com\/vi\/san-pham\/dthit\/","og_site_name":"SJ Gauge | Pressure Gauges, Thermometers &amp; Pressure Sensors","article_modified_time":"2026-04-05T11:33:08+00:00","og_image":[{"width":1200,"height":1000,"url":"https:\/\/www.sj-gauge.com\/wp-content\/uploads\/2025\/12\/SJ-Gauge-twin-temperature-thermometer-high-temperatures-L.jpg","type":"image\/jpeg"}],"twitter_card":"summary_large_image","twitter_misc":{"\u01af\u1edbc t\u00ednh th\u1eddi gian \u0111\u1ecdc":"1 ph\u00fat"},"schema":{"@context":"https:\/\/schema.org","@graph":[{"@type":"WebPage","@id":"https:\/\/www.sj-gauge.com\/product\/dthit\/","url":"https:\/\/www.sj-gauge.com\/product\/dthit\/","name":"Nhi\u1ec7t k\u1ebf hai \u0111\u1ea7u DTHIT | Hi\u1ec3n th\u1ecb analog &amp; \u0111\u1ea7u ra t\u00edn hi\u1ec7u | SJ Gauge","isPartOf":{"@id":"https:\/\/www.sj-gauge.com\/#website"},"primaryImageOfPage":{"@id":"https:\/\/www.sj-gauge.com\/product\/dthit\/#primaryimage"},"image":{"@id":"https:\/\/www.sj-gauge.com\/product\/dthit\/#primaryimage"},"thumbnailUrl":"https:\/\/www.sj-gauge.com\/wp-content\/uploads\/2025\/12\/SJ-Gauge-twin-temperature-thermometer-high-temperatures-L.jpg","datePublished":"2025-12-12T09:21:31+00:00","dateModified":"2026-04-05T11:33:08+00:00","description":"Nhi\u1ec7t k\u1ebf hai nhi\u1ec7t \u0111\u1ed9 DTHIT k\u1ebft h\u1ee3p m\u00e0n h\u00ecnh hi\u1ec3n th\u1ecb analog t\u1ea1i ch\u1ed7 v\u1edbi \u0111\u1ea7u ra t\u00edn hi\u1ec7u t\u1eeb xa (lo\u1ea1i K, PT100, 4-20mA). \u0110\u01b0\u1ee3c thi\u1ebft k\u1ebf \u0111\u1ec3 gi\u00e1m s\u00e1t th\u1eddi gian th\u1ef1c v\u00e0 t\u1ef1 \u0111\u1ed9ng h\u00f3a c\u00f4ng nghi\u1ec7p \u1edf nhi\u1ec7t \u0111\u1ed9 l\u00ean \u0111\u1ebfn 600\u00b0C. | SJ Gauge","breadcrumb":{"@id":"https:\/\/www.sj-gauge.com\/product\/dthit\/#breadcrumb"},"inLanguage":"vi","potentialAction":[{"@type":"ReadAction","target":["https:\/\/www.sj-gauge.com\/product\/dthit\/"]}]},{"@type":"ImageObject","inLanguage":"vi","@id":"https:\/\/www.sj-gauge.com\/product\/dthit\/#primaryimage","url":"https:\/\/www.sj-gauge.com\/wp-content\/uploads\/2025\/12\/SJ-Gauge-twin-temperature-thermometer-high-temperatures-L.jpg","contentUrl":"https:\/\/www.sj-gauge.com\/wp-content\/uploads\/2025\/12\/SJ-Gauge-twin-temperature-thermometer-high-temperatures-L.jpg","width":1200,"height":1000},{"@type":"BreadcrumbList","@id":"https:\/\/www.sj-gauge.com\/product\/dthit\/#breadcrumb","itemListElement":[{"@type":"ListItem","position":1,"name":"Home","item":"https:\/\/www.sj-gauge.com\/"},{"@type":"ListItem","position":2,"name":"Products","item":"https:\/\/www.sj-gauge.com\/products\/"},{"@type":"ListItem","position":3,"name":"Twin-Temperature Thermometer"}]},{"@type":"WebSite","@id":"https:\/\/www.sj-gauge.com\/#website","url":"https:\/\/www.sj-gauge.com\/","name":"SJ Gauge | \u0110\u1ed3ng h\u1ed3 \u0111o \u00e1p su\u1ea5t, nhi\u1ec7t k\u1ebf v\u00e0 c\u1ea3m bi\u1ebfn \u00e1p su\u1ea5t","description":"Nh\u00e0 s\u1ea3n xu\u1ea5t \u0111\u1ed3ng h\u1ed3 \u0111o \u00e1p su\u1ea5t c\u00f4ng nghi\u1ec7p, c\u1ea3m bi\u1ebfn \u00e1p su\u1ea5t v\u00e0 b\u1ed9 truy\u1ec1n t\u00edn hi\u1ec7u. SJ Gauge cung c\u1ea5p c\u00e1c s\u1ea3n ph\u1ea9m c\u00f3 \u0111\u1ed9 ch\u00ednh x\u00e1c cao, \u0111\u01b0\u1ee3c ch\u1ebf t\u1ea1o t\u1eeb v\u1eadt li\u1ec7u b\u1ec1n b\u1ec9 v\u00e0 c\u00e1c gi\u1ea3i ph\u00e1p t\u00f9y ch\u1ec9nh d\u00e0nh cho c\u00e1c \u1ee9ng d\u1ee5ng trong ng\u00e0nh d\u1ea7u kh\u00ed, h\u00f3a ch\u1ea5t v\u00e0 c\u00f4ng nghi\u1ec7p.","publisher":{"@id":"https:\/\/www.sj-gauge.com\/#organization"},"potentialAction":[{"@type":"SearchAction","target":{"@type":"EntryPoint","urlTemplate":"https:\/\/www.sj-gauge.com\/?s={search_term_string}"},"query-input":{"@type":"PropertyValueSpecification","valueRequired":true,"valueName":"search_term_string"}}],"inLanguage":"vi"},{"@type":"Organization","@id":"https:\/\/www.sj-gauge.com\/#organization","name":"SJ Gauge | \u0110\u1ed3ng h\u1ed3 \u0111o \u00e1p su\u1ea5t, nhi\u1ec7t k\u1ebf v\u00e0 c\u1ea3m bi\u1ebfn \u00e1p su\u1ea5t","url":"https:\/\/www.sj-gauge.com\/","logo":{"@type":"ImageObject","inLanguage":"vi","@id":"https:\/\/www.sj-gauge.com\/#\/schema\/logo\/image\/","url":"https:\/\/www.sj-gauge.com\/wp-content\/uploads\/2025\/09\/logo.webp","contentUrl":"https:\/\/www.sj-gauge.com\/wp-content\/uploads\/2025\/09\/logo.webp","width":348,"height":184,"caption":"SJ Gauge | Pressure Gauges, Thermometers &amp; Pressure Sensors"},"image":{"@id":"https:\/\/www.sj-gauge.com\/#\/schema\/logo\/image\/"}}]}},"_links":{"self":[{"href":"https:\/\/www.sj-gauge.com\/vi\/wp-json\/wp\/v2\/product\/2552","targetHints":{"allow":["GET"]}}],"collection":[{"href":"https:\/\/www.sj-gauge.com\/vi\/wp-json\/wp\/v2\/product"}],"about":[{"href":"https:\/\/www.sj-gauge.com\/vi\/wp-json\/wp\/v2\/types\/product"}],"wp:featuredmedia":[{"embeddable":true,"href":"https:\/\/www.sj-gauge.com\/vi\/wp-json\/wp\/v2\/media\/2568"}],"wp:attachment":[{"href":"https:\/\/www.sj-gauge.com\/vi\/wp-json\/wp\/v2\/media?parent=2552"}],"wp:term":[{"taxonomy":"product_brand","embeddable":true,"href":"https:\/\/www.sj-gauge.com\/vi\/wp-json\/wp\/v2\/product_brand?post=2552"},{"taxonomy":"product_cat","embeddable":true,"href":"https:\/\/www.sj-gauge.com\/vi\/wp-json\/wp\/v2\/product_cat?post=2552"},{"taxonomy":"product_tag","embeddable":true,"href":"https:\/\/www.sj-gauge.com\/vi\/wp-json\/wp\/v2\/product_tag?post=2552"}],"curies":[{"name":"wp","href":"https:\/\/api.w.org\/{rel}","templated":true}]}}