{"id":2587,"date":"2025-12-15T11:56:34","date_gmt":"2025-12-15T03:56:34","guid":{"rendered":"https:\/\/sj-gauge.com\/?post_type=product&#038;p=2587"},"modified":"2026-04-05T19:42:34","modified_gmt":"2026-04-05T11:42:34","slug":"det","status":"publish","type":"product","link":"https:\/\/www.sj-gauge.com\/vi\/san-pham\/det\/","title":{"rendered":"Thermometer \u1ed1ng th\u1ee7y tinh c\u00f3 v\u1ecf kim lo\u1ea1i"},"content":{"rendered":"<p>Thermometer \u1ed1ng th\u1ee7y tinh DET c\u00f3 v\u1ecf kim lo\u1ea1i ch\u1eafc ch\u1eafn b\u1ea3o v\u1ec7 \u1ed1ng th\u1ee7y tinh b\u00ean trong, \u0111\u1ea3m b\u1ea3o \u0111\u1ed9 b\u1ec1n trong m\u00f4i tr\u01b0\u1eddng c\u00f4ng nghi\u1ec7p. Thi\u1ebft b\u1ecb cung c\u1ea5p nhi\u1ec1u d\u1ea3i nhi\u1ec7t \u0111\u1ed9 bao g\u1ed3m 0\u201350\u00b0C, 0\u2013100\u00b0C v\u00e0 0\u2013200\u00b0C, v\u1edbi c\u00e1c k\u1ebft n\u1ed1i qu\u00e1 tr\u00ecnh c\u00f3 s\u1eb5n b\u1eb1ng h\u1ee3p kim \u0111\u1ed3ng ho\u1eb7c th\u00e9p kh\u00f4ng g\u1ec9. V\u1edbi thi\u1ebft k\u1ebf c\u00f3 th\u1ec3 l\u1eafp \u0111\u1eb7t \u1edf \u0111\u00e1y ho\u1eb7c ph\u00eda sau, DET \u0111\u01b0\u1ee3c s\u1eed d\u1ee5ng r\u1ed9ng r\u00e3i trong l\u00f2 h\u01a1i, h\u1ec7 th\u1ed1ng \u0111i\u1ec1u h\u00f2a kh\u00f4ng kh\u00ed, \u0111\u1ed9ng c\u01a1 diesel v\u00e0 m\u00e1y m\u00f3c chung, cung c\u1ea5p gi\u1ea3i ph\u00e1p \u0111o nhi\u1ec7t \u0111\u1ed9 t\u1ea1i ch\u1ed7 \u0111\u01a1n gi\u1ea3n v\u00e0 \u0111\u00e1ng tin c\u1eady.<\/p>","protected":false},"excerpt":{"rendered":"<ul>\n<li>V\u1ecf kim lo\u1ea1i c\u00f4ng nghi\u1ec7p, ch\u1eafc ch\u1eafn v\u00e0 b\u1ec1n b\u1ec9<\/li>\n<li>Ph\u00f9 h\u1ee3p cho l\u00f2 h\u01a1i, m\u00e1y \u0111i\u1ec1u h\u00f2a kh\u00f4ng kh\u00ed, \u0111\u1ed9ng c\u01a1 diesel v\u00e0 c\u00e1c thi\u1ebft b\u1ecb kh\u00e1c.<\/li>\n<\/ul>","protected":false},"featured_media":2590,"template":"","meta":{"_acf_changed":false},"product_brand":[40],"product_cat":[43,23],"product_tag":[],"class_list":{"0":"post-2587","1":"product","2":"type-product","3":"status-publish","4":"has-post-thumbnail","6":"product_brand-sj-gauge","7":"product_cat-temperature-instruments","8":"product_cat-thermometers","10":"first","11":"instock","12":"shipping-taxable","13":"product-type-simple"},"acf":[],"yoast_head":"<!-- This site is optimized with the Yoast SEO Premium plugin v26.7 (Yoast SEO v27.4) - https:\/\/yoast.com\/product\/yoast-seo-premium-wordpress\/ -->\n<title>Industrial Glass Thermometer DET | Metal Case Temperature Gauge | SJ Gauge<\/title>\n<meta name=\"description\" content=\"DET glass tube thermometer with metal housing provides durable and reliable on-site temperature measurement. Suitable for boilers, HVAC systems, diesel engines, and industrial equipment. | SJ Gauge\" \/>\n<meta name=\"robots\" content=\"index, follow, max-snippet:-1, max-image-preview:large, max-video-preview:-1\" \/>\n<link rel=\"canonical\" href=\"https:\/\/www.sj-gauge.com\/vi\/san-pham\/det\/\" \/>\n<meta property=\"og:locale\" content=\"vi_VN\" \/>\n<meta property=\"og:type\" content=\"article\" \/>\n<meta property=\"og:title\" content=\"Glass Tube Thermometer with Metal Housing\" \/>\n<meta property=\"og:description\" content=\"DET glass tube thermometer with metal housing provides durable and reliable on-site temperature measurement. Suitable for boilers, HVAC systems, diesel engines, and industrial equipment. | SJ Gauge\" \/>\n<meta property=\"og:url\" content=\"https:\/\/www.sj-gauge.com\/vi\/san-pham\/det\/\" \/>\n<meta property=\"og:site_name\" content=\"SJ Gauge | Pressure Gauges, Thermometers &amp; Pressure Sensors\" \/>\n<meta property=\"article:modified_time\" content=\"2026-04-05T11:42:34+00:00\" \/>\n<meta property=\"og:image\" content=\"https:\/\/www.sj-gauge.com\/wp-content\/uploads\/2025\/12\/SJ-Gauge-thermometer-glass-tube-1.jpg\" \/>\n\t<meta property=\"og:image:width\" content=\"1200\" \/>\n\t<meta property=\"og:image:height\" content=\"1000\" \/>\n\t<meta property=\"og:image:type\" content=\"image\/jpeg\" \/>\n<meta name=\"twitter:card\" content=\"summary_large_image\" \/>\n<meta name=\"twitter:label1\" content=\"\u01af\u1edbc t\u00ednh th\u1eddi gian \u0111\u1ecdc\" \/>\n\t<meta name=\"twitter:data1\" content=\"1 ph\u00fat\" \/>\n<script type=\"application\/ld+json\" class=\"yoast-schema-graph\">{\"@context\":\"https:\\\/\\\/schema.org\",\"@graph\":[{\"@type\":\"WebPage\",\"@id\":\"https:\\\/\\\/www.sj-gauge.com\\\/product\\\/det\\\/\",\"url\":\"https:\\\/\\\/www.sj-gauge.com\\\/product\\\/det\\\/\",\"name\":\"Industrial Glass Thermometer DET | Metal Case Temperature Gauge | SJ Gauge\",\"isPartOf\":{\"@id\":\"https:\\\/\\\/www.sj-gauge.com\\\/#website\"},\"primaryImageOfPage\":{\"@id\":\"https:\\\/\\\/www.sj-gauge.com\\\/product\\\/det\\\/#primaryimage\"},\"image\":{\"@id\":\"https:\\\/\\\/www.sj-gauge.com\\\/product\\\/det\\\/#primaryimage\"},\"thumbnailUrl\":\"https:\\\/\\\/www.sj-gauge.com\\\/wp-content\\\/uploads\\\/2025\\\/12\\\/SJ-Gauge-thermometer-glass-tube-1.jpg\",\"datePublished\":\"2025-12-15T03:56:34+00:00\",\"dateModified\":\"2026-04-05T11:42:34+00:00\",\"description\":\"DET glass tube thermometer with metal housing provides durable and reliable on-site temperature measurement. Suitable for boilers, HVAC systems, diesel engines, and industrial equipment. | SJ Gauge\",\"breadcrumb\":{\"@id\":\"https:\\\/\\\/www.sj-gauge.com\\\/product\\\/det\\\/#breadcrumb\"},\"inLanguage\":\"vi\",\"potentialAction\":[{\"@type\":\"ReadAction\",\"target\":[\"https:\\\/\\\/www.sj-gauge.com\\\/product\\\/det\\\/\"]}]},{\"@type\":\"ImageObject\",\"inLanguage\":\"vi\",\"@id\":\"https:\\\/\\\/www.sj-gauge.com\\\/product\\\/det\\\/#primaryimage\",\"url\":\"https:\\\/\\\/www.sj-gauge.com\\\/wp-content\\\/uploads\\\/2025\\\/12\\\/SJ-Gauge-thermometer-glass-tube-1.jpg\",\"contentUrl\":\"https:\\\/\\\/www.sj-gauge.com\\\/wp-content\\\/uploads\\\/2025\\\/12\\\/SJ-Gauge-thermometer-glass-tube-1.jpg\",\"width\":1200,\"height\":1000},{\"@type\":\"BreadcrumbList\",\"@id\":\"https:\\\/\\\/www.sj-gauge.com\\\/product\\\/det\\\/#breadcrumb\",\"itemListElement\":[{\"@type\":\"ListItem\",\"position\":1,\"name\":\"Home\",\"item\":\"https:\\\/\\\/www.sj-gauge.com\\\/\"},{\"@type\":\"ListItem\",\"position\":2,\"name\":\"Products\",\"item\":\"https:\\\/\\\/www.sj-gauge.com\\\/products\\\/\"},{\"@type\":\"ListItem\",\"position\":3,\"name\":\"Glass Tube Thermometer with Metal Housing\"}]},{\"@type\":\"WebSite\",\"@id\":\"https:\\\/\\\/www.sj-gauge.com\\\/#website\",\"url\":\"https:\\\/\\\/www.sj-gauge.com\\\/\",\"name\":\"SJ Gauge | Pressure Gauges, Thermometers &amp; Pressure Sensors\",\"description\":\"Manufacturer of industrial pressure gauges, pressure sensors, and transmitters. SJ Gauge provides high accuracy, durable materials, and custom solutions for oil &amp; gas, chemical, and industrial applications.\",\"publisher\":{\"@id\":\"https:\\\/\\\/www.sj-gauge.com\\\/#organization\"},\"potentialAction\":[{\"@type\":\"SearchAction\",\"target\":{\"@type\":\"EntryPoint\",\"urlTemplate\":\"https:\\\/\\\/www.sj-gauge.com\\\/?s={search_term_string}\"},\"query-input\":{\"@type\":\"PropertyValueSpecification\",\"valueRequired\":true,\"valueName\":\"search_term_string\"}}],\"inLanguage\":\"vi\"},{\"@type\":\"Organization\",\"@id\":\"https:\\\/\\\/www.sj-gauge.com\\\/#organization\",\"name\":\"SJ Gauge | Pressure Gauges, Thermometers &amp; Pressure Sensors\",\"url\":\"https:\\\/\\\/www.sj-gauge.com\\\/\",\"logo\":{\"@type\":\"ImageObject\",\"inLanguage\":\"vi\",\"@id\":\"https:\\\/\\\/www.sj-gauge.com\\\/#\\\/schema\\\/logo\\\/image\\\/\",\"url\":\"https:\\\/\\\/www.sj-gauge.com\\\/wp-content\\\/uploads\\\/2025\\\/09\\\/logo.webp\",\"contentUrl\":\"https:\\\/\\\/www.sj-gauge.com\\\/wp-content\\\/uploads\\\/2025\\\/09\\\/logo.webp\",\"width\":348,\"height\":184,\"caption\":\"SJ Gauge | Pressure Gauges, Thermometers &amp; Pressure Sensors\"},\"image\":{\"@id\":\"https:\\\/\\\/www.sj-gauge.com\\\/#\\\/schema\\\/logo\\\/image\\\/\"}}]}<\/script>\n<!-- \/ Yoast SEO Premium plugin. -->","yoast_head_json":{"title":"Nhi\u1ec7t k\u1ebf th\u1ee7y tinh c\u00f4ng nghi\u1ec7p DET | \u0110\u1ed3ng h\u1ed3 \u0111o nhi\u1ec7t \u0111\u1ed9 v\u1ecf kim lo\u1ea1i | SJ Gauge","description":"Nhi\u1ec7t k\u1ebf \u1ed1ng th\u1ee7y tinh DET v\u1edbi v\u1ecf kim lo\u1ea1i mang l\u1ea1i kh\u1ea3 n\u0103ng \u0111o nhi\u1ec7t \u0111\u1ed9 t\u1ea1i ch\u1ed7 b\u1ec1n b\u1ec9 v\u00e0 \u0111\u00e1ng tin c\u1eady. Ph\u00f9 h\u1ee3p cho n\u1ed3i h\u01a1i, h\u1ec7 th\u1ed1ng HVAC, \u0111\u1ed9ng c\u01a1 diesel v\u00e0 thi\u1ebft b\u1ecb c\u00f4ng nghi\u1ec7p. | SJ Gauge","robots":{"index":"index","follow":"follow","max-snippet":"max-snippet:-1","max-image-preview":"max-image-preview:large","max-video-preview":"max-video-preview:-1"},"canonical":"https:\/\/www.sj-gauge.com\/vi\/san-pham\/det\/","og_locale":"vi_VN","og_type":"article","og_title":"Glass Tube Thermometer with Metal Housing","og_description":"DET glass tube thermometer with metal housing provides durable and reliable on-site temperature measurement. Suitable for boilers, HVAC systems, diesel engines, and industrial equipment. | SJ Gauge","og_url":"https:\/\/www.sj-gauge.com\/vi\/san-pham\/det\/","og_site_name":"SJ Gauge | Pressure Gauges, Thermometers &amp; Pressure Sensors","article_modified_time":"2026-04-05T11:42:34+00:00","og_image":[{"width":1200,"height":1000,"url":"https:\/\/www.sj-gauge.com\/wp-content\/uploads\/2025\/12\/SJ-Gauge-thermometer-glass-tube-1.jpg","type":"image\/jpeg"}],"twitter_card":"summary_large_image","twitter_misc":{"\u01af\u1edbc t\u00ednh th\u1eddi gian \u0111\u1ecdc":"1 ph\u00fat"},"schema":{"@context":"https:\/\/schema.org","@graph":[{"@type":"WebPage","@id":"https:\/\/www.sj-gauge.com\/product\/det\/","url":"https:\/\/www.sj-gauge.com\/product\/det\/","name":"Nhi\u1ec7t k\u1ebf th\u1ee7y tinh c\u00f4ng nghi\u1ec7p DET | \u0110\u1ed3ng h\u1ed3 \u0111o nhi\u1ec7t \u0111\u1ed9 v\u1ecf kim lo\u1ea1i | SJ Gauge","isPartOf":{"@id":"https:\/\/www.sj-gauge.com\/#website"},"primaryImageOfPage":{"@id":"https:\/\/www.sj-gauge.com\/product\/det\/#primaryimage"},"image":{"@id":"https:\/\/www.sj-gauge.com\/product\/det\/#primaryimage"},"thumbnailUrl":"https:\/\/www.sj-gauge.com\/wp-content\/uploads\/2025\/12\/SJ-Gauge-thermometer-glass-tube-1.jpg","datePublished":"2025-12-15T03:56:34+00:00","dateModified":"2026-04-05T11:42:34+00:00","description":"Nhi\u1ec7t k\u1ebf \u1ed1ng th\u1ee7y tinh DET v\u1edbi v\u1ecf kim lo\u1ea1i mang l\u1ea1i kh\u1ea3 n\u0103ng \u0111o nhi\u1ec7t \u0111\u1ed9 t\u1ea1i ch\u1ed7 b\u1ec1n b\u1ec9 v\u00e0 \u0111\u00e1ng tin c\u1eady. Ph\u00f9 h\u1ee3p cho n\u1ed3i h\u01a1i, h\u1ec7 th\u1ed1ng HVAC, \u0111\u1ed9ng c\u01a1 diesel v\u00e0 thi\u1ebft b\u1ecb c\u00f4ng nghi\u1ec7p. | SJ Gauge","breadcrumb":{"@id":"https:\/\/www.sj-gauge.com\/product\/det\/#breadcrumb"},"inLanguage":"vi","potentialAction":[{"@type":"ReadAction","target":["https:\/\/www.sj-gauge.com\/product\/det\/"]}]},{"@type":"ImageObject","inLanguage":"vi","@id":"https:\/\/www.sj-gauge.com\/product\/det\/#primaryimage","url":"https:\/\/www.sj-gauge.com\/wp-content\/uploads\/2025\/12\/SJ-Gauge-thermometer-glass-tube-1.jpg","contentUrl":"https:\/\/www.sj-gauge.com\/wp-content\/uploads\/2025\/12\/SJ-Gauge-thermometer-glass-tube-1.jpg","width":1200,"height":1000},{"@type":"BreadcrumbList","@id":"https:\/\/www.sj-gauge.com\/product\/det\/#breadcrumb","itemListElement":[{"@type":"ListItem","position":1,"name":"Home","item":"https:\/\/www.sj-gauge.com\/"},{"@type":"ListItem","position":2,"name":"Products","item":"https:\/\/www.sj-gauge.com\/products\/"},{"@type":"ListItem","position":3,"name":"Glass Tube Thermometer with Metal Housing"}]},{"@type":"WebSite","@id":"https:\/\/www.sj-gauge.com\/#website","url":"https:\/\/www.sj-gauge.com\/","name":"SJ Gauge | \u0110\u1ed3ng h\u1ed3 \u0111o \u00e1p su\u1ea5t, nhi\u1ec7t k\u1ebf v\u00e0 c\u1ea3m bi\u1ebfn \u00e1p su\u1ea5t","description":"Nh\u00e0 s\u1ea3n xu\u1ea5t \u0111\u1ed3ng h\u1ed3 \u0111o \u00e1p su\u1ea5t c\u00f4ng nghi\u1ec7p, c\u1ea3m bi\u1ebfn \u00e1p su\u1ea5t v\u00e0 b\u1ed9 truy\u1ec1n t\u00edn hi\u1ec7u. SJ Gauge cung c\u1ea5p c\u00e1c s\u1ea3n ph\u1ea9m c\u00f3 \u0111\u1ed9 ch\u00ednh x\u00e1c cao, \u0111\u01b0\u1ee3c ch\u1ebf t\u1ea1o t\u1eeb v\u1eadt li\u1ec7u b\u1ec1n b\u1ec9 v\u00e0 c\u00e1c gi\u1ea3i ph\u00e1p t\u00f9y ch\u1ec9nh d\u00e0nh cho c\u00e1c \u1ee9ng d\u1ee5ng trong ng\u00e0nh d\u1ea7u kh\u00ed, h\u00f3a ch\u1ea5t v\u00e0 c\u00f4ng nghi\u1ec7p.","publisher":{"@id":"https:\/\/www.sj-gauge.com\/#organization"},"potentialAction":[{"@type":"SearchAction","target":{"@type":"EntryPoint","urlTemplate":"https:\/\/www.sj-gauge.com\/?s={search_term_string}"},"query-input":{"@type":"PropertyValueSpecification","valueRequired":true,"valueName":"search_term_string"}}],"inLanguage":"vi"},{"@type":"Organization","@id":"https:\/\/www.sj-gauge.com\/#organization","name":"SJ Gauge | \u0110\u1ed3ng h\u1ed3 \u0111o \u00e1p su\u1ea5t, nhi\u1ec7t k\u1ebf v\u00e0 c\u1ea3m bi\u1ebfn \u00e1p su\u1ea5t","url":"https:\/\/www.sj-gauge.com\/","logo":{"@type":"ImageObject","inLanguage":"vi","@id":"https:\/\/www.sj-gauge.com\/#\/schema\/logo\/image\/","url":"https:\/\/www.sj-gauge.com\/wp-content\/uploads\/2025\/09\/logo.webp","contentUrl":"https:\/\/www.sj-gauge.com\/wp-content\/uploads\/2025\/09\/logo.webp","width":348,"height":184,"caption":"SJ Gauge | Pressure Gauges, Thermometers &amp; Pressure Sensors"},"image":{"@id":"https:\/\/www.sj-gauge.com\/#\/schema\/logo\/image\/"}}]}},"_links":{"self":[{"href":"https:\/\/www.sj-gauge.com\/vi\/wp-json\/wp\/v2\/product\/2587","targetHints":{"allow":["GET"]}}],"collection":[{"href":"https:\/\/www.sj-gauge.com\/vi\/wp-json\/wp\/v2\/product"}],"about":[{"href":"https:\/\/www.sj-gauge.com\/vi\/wp-json\/wp\/v2\/types\/product"}],"wp:featuredmedia":[{"embeddable":true,"href":"https:\/\/www.sj-gauge.com\/vi\/wp-json\/wp\/v2\/media\/2590"}],"wp:attachment":[{"href":"https:\/\/www.sj-gauge.com\/vi\/wp-json\/wp\/v2\/media?parent=2587"}],"wp:term":[{"taxonomy":"product_brand","embeddable":true,"href":"https:\/\/www.sj-gauge.com\/vi\/wp-json\/wp\/v2\/product_brand?post=2587"},{"taxonomy":"product_cat","embeddable":true,"href":"https:\/\/www.sj-gauge.com\/vi\/wp-json\/wp\/v2\/product_cat?post=2587"},{"taxonomy":"product_tag","embeddable":true,"href":"https:\/\/www.sj-gauge.com\/vi\/wp-json\/wp\/v2\/product_tag?post=2587"}],"curies":[{"name":"wp","href":"https:\/\/api.w.org\/{rel}","templated":true}]}}