{"id":2595,"date":"2025-12-15T14:29:39","date_gmt":"2025-12-15T06:29:39","guid":{"rendered":"https:\/\/sj-gauge.com\/?post_type=product&#038;p=2595"},"modified":"2025-12-16T15:17:08","modified_gmt":"2025-12-16T07:17:08","slug":"glt","status":"publish","type":"product","link":"https:\/\/www.sj-gauge.com\/vi\/san-pham\/glt\/","title":{"rendered":"Thermometer c\u00f4ng nghi\u1ec7p 9 inch v\u1edbi v\u1ecf xoay \u0111\u01b0\u1ee3c"},"content":{"rendered":"<p>GLT l\u00e0 nhi\u1ec7t k\u1ebf c\u00f4ng nghi\u1ec7p 9 inch c\u00f3 v\u1ecf xoay cho ph\u00e9p \u0111i\u1ec1u ch\u1ec9nh ngang v\u00e0 d\u1ecdc l\u00ean \u0111\u1ebfn 180\u00b0, gi\u00fap \u0111\u1ecdc s\u1ed1 li\u1ec7u t\u1ea1i hi\u1ec7n tr\u01b0\u1eddng m\u1ed9t c\u00e1ch d\u1ec5 d\u00e0ng v\u00e0 tr\u1ef1c quan. V\u1edbi thi\u1ebft k\u1ebf c\u1ea5u tr\u00fac b\u1ec1n b\u1ec9, s\u1ea3n ph\u1ea9m n\u00e0y r\u1ea5t ph\u00f9 h\u1ee3p cho vi\u1ec7c s\u1eed d\u1ee5ng l\u00e2u d\u00e0i trong h\u1ec7 th\u1ed1ng \u1ed1ng d\u1eabn c\u00f4ng nghi\u1ec7p v\u00e0 th\u01b0\u01a1ng m\u1ea1i. V\u1edbi d\u1ea3i nhi\u1ec7t \u0111\u1ed9 r\u1ed9ng t\u1eeb -50\u00b0C \u0111\u1ebfn 600\u00b0C v\u00e0 t\u01b0\u01a1ng th\u00edch v\u1edbi nhi\u1ec1u lo\u1ea1i ch\u1ea5t l\u1ecfng \u0111o nhi\u1ec7t \u0111\u1ed9 v\u00e0 chi\u1ec1u d\u00e0i \u1ed1ng b\u1ea3o v\u1ec7 nhi\u1ec7t, GLT \u0111\u01b0\u1ee3c s\u1eed d\u1ee5ng r\u1ed9ng r\u00e3i trong thi\u1ebft b\u1ecb c\u00f4ng nghi\u1ec7p, h\u1ec7 th\u1ed1ng n\u1ed3i h\u01a1i, h\u1ec7 th\u1ed1ng \u1ed1ng n\u01b0\u1edbc th\u01b0\u01a1ng m\u1ea1i v\u00e0 gi\u00e1m s\u00e1t nhi\u1ec7t \u0111\u1ed9 qu\u00e1 tr\u00ecnh chung.<\/p>","protected":false},"excerpt":{"rendered":"<ul>\n<li>\u0110i\u1ec1u ch\u1ec9nh g\u00f3c ngang v\u00e0 d\u1ecdc 180\u00b0<\/li>\n<li>Giao di\u1ec7n tr\u1ef1c quan gi\u00fap thao t\u00e1c d\u1ec5 d\u00e0ng, nh\u01b0ng v\u1eabn b\u1ec1n b\u1ec9.<\/li>\n<li>\u0110\u01b0\u1ee3c s\u1eed d\u1ee5ng r\u1ed9ng r\u00e3i trong ng\u00e0nh \u1ed1ng n\u01b0\u1edbc c\u00f4ng nghi\u1ec7p v\u00e0 th\u01b0\u01a1ng m\u1ea1i.<\/li>\n<\/ul>","protected":false},"featured_media":2598,"template":"","meta":{"_acf_changed":false},"product_brand":[40],"product_cat":[43,23],"product_tag":[],"class_list":{"0":"post-2595","1":"product","2":"type-product","3":"status-publish","4":"has-post-thumbnail","6":"product_brand-sj-gauge","7":"product_cat-temperature-instruments","8":"product_cat-thermometers","10":"first","11":"instock","12":"shipping-taxable","13":"product-type-simple"},"acf":[],"yoast_head":"<!-- This site is optimized with the Yoast SEO Premium plugin v26.7 (Yoast SEO v27.4) - https:\/\/yoast.com\/product\/yoast-seo-premium-wordpress\/ -->\n<title>Industrial 9&quot; Thermometer with Rotatable Casing - SJ Gauge | Pressure Gauges, Thermometers &amp; Pressure Sensors<\/title>\n<meta name=\"robots\" content=\"index, follow, max-snippet:-1, max-image-preview:large, max-video-preview:-1\" \/>\n<link rel=\"canonical\" href=\"https:\/\/www.sj-gauge.com\/vi\/san-pham\/glt\/\" \/>\n<meta property=\"og:locale\" content=\"vi_VN\" \/>\n<meta property=\"og:type\" content=\"article\" \/>\n<meta property=\"og:title\" content=\"Industrial 9&quot; Thermometer with Rotatable Casing\" \/>\n<meta property=\"og:description\" content=\"Adjust horizontal and vertical angle 180\u00b0  Intuitive interface for easy operation, but still durable  Widely specified in the industrial and commercial plumbing trade\" \/>\n<meta property=\"og:url\" content=\"https:\/\/www.sj-gauge.com\/vi\/san-pham\/glt\/\" \/>\n<meta property=\"og:site_name\" content=\"SJ Gauge | Pressure Gauges, Thermometers &amp; Pressure Sensors\" \/>\n<meta property=\"article:modified_time\" content=\"2025-12-16T07:17:08+00:00\" \/>\n<meta property=\"og:image\" content=\"https:\/\/www.sj-gauge.com\/wp-content\/uploads\/2025\/12\/SJ-Gauge_V-line_glass_alcohol_thermometer_with_rotatable_casing_L.jpg\" \/>\n\t<meta property=\"og:image:width\" content=\"1200\" \/>\n\t<meta property=\"og:image:height\" content=\"1000\" \/>\n\t<meta property=\"og:image:type\" content=\"image\/jpeg\" \/>\n<meta name=\"twitter:card\" content=\"summary_large_image\" \/>\n<script type=\"application\/ld+json\" class=\"yoast-schema-graph\">{\"@context\":\"https:\\\/\\\/schema.org\",\"@graph\":[{\"@type\":\"WebPage\",\"@id\":\"https:\\\/\\\/www.sj-gauge.com\\\/product\\\/glt\\\/\",\"url\":\"https:\\\/\\\/www.sj-gauge.com\\\/product\\\/glt\\\/\",\"name\":\"Industrial 9\\\" Thermometer with Rotatable Casing - SJ Gauge | Pressure Gauges, Thermometers &amp; Pressure Sensors\",\"isPartOf\":{\"@id\":\"https:\\\/\\\/www.sj-gauge.com\\\/#website\"},\"primaryImageOfPage\":{\"@id\":\"https:\\\/\\\/www.sj-gauge.com\\\/product\\\/glt\\\/#primaryimage\"},\"image\":{\"@id\":\"https:\\\/\\\/www.sj-gauge.com\\\/product\\\/glt\\\/#primaryimage\"},\"thumbnailUrl\":\"https:\\\/\\\/www.sj-gauge.com\\\/wp-content\\\/uploads\\\/2025\\\/12\\\/SJ-Gauge_V-line_glass_alcohol_thermometer_with_rotatable_casing_L.jpg\",\"datePublished\":\"2025-12-15T06:29:39+00:00\",\"dateModified\":\"2025-12-16T07:17:08+00:00\",\"breadcrumb\":{\"@id\":\"https:\\\/\\\/www.sj-gauge.com\\\/product\\\/glt\\\/#breadcrumb\"},\"inLanguage\":\"vi\",\"potentialAction\":[{\"@type\":\"ReadAction\",\"target\":[\"https:\\\/\\\/www.sj-gauge.com\\\/product\\\/glt\\\/\"]}]},{\"@type\":\"ImageObject\",\"inLanguage\":\"vi\",\"@id\":\"https:\\\/\\\/www.sj-gauge.com\\\/product\\\/glt\\\/#primaryimage\",\"url\":\"https:\\\/\\\/www.sj-gauge.com\\\/wp-content\\\/uploads\\\/2025\\\/12\\\/SJ-Gauge_V-line_glass_alcohol_thermometer_with_rotatable_casing_L.jpg\",\"contentUrl\":\"https:\\\/\\\/www.sj-gauge.com\\\/wp-content\\\/uploads\\\/2025\\\/12\\\/SJ-Gauge_V-line_glass_alcohol_thermometer_with_rotatable_casing_L.jpg\",\"width\":1200,\"height\":1000},{\"@type\":\"BreadcrumbList\",\"@id\":\"https:\\\/\\\/www.sj-gauge.com\\\/product\\\/glt\\\/#breadcrumb\",\"itemListElement\":[{\"@type\":\"ListItem\",\"position\":1,\"name\":\"Home\",\"item\":\"https:\\\/\\\/www.sj-gauge.com\\\/\"},{\"@type\":\"ListItem\",\"position\":2,\"name\":\"Products\",\"item\":\"https:\\\/\\\/www.sj-gauge.com\\\/products\\\/\"},{\"@type\":\"ListItem\",\"position\":3,\"name\":\"Industrial 9&#8243; Thermometer with Rotatable Casing\"}]},{\"@type\":\"WebSite\",\"@id\":\"https:\\\/\\\/www.sj-gauge.com\\\/#website\",\"url\":\"https:\\\/\\\/www.sj-gauge.com\\\/\",\"name\":\"SJ Gauge | Pressure Gauges, Thermometers &amp; Pressure Sensors\",\"description\":\"Manufacturer of industrial pressure gauges, pressure sensors, and transmitters. SJ Gauge provides high accuracy, durable materials, and custom solutions for oil &amp; gas, chemical, and industrial applications.\",\"publisher\":{\"@id\":\"https:\\\/\\\/www.sj-gauge.com\\\/#organization\"},\"potentialAction\":[{\"@type\":\"SearchAction\",\"target\":{\"@type\":\"EntryPoint\",\"urlTemplate\":\"https:\\\/\\\/www.sj-gauge.com\\\/?s={search_term_string}\"},\"query-input\":{\"@type\":\"PropertyValueSpecification\",\"valueRequired\":true,\"valueName\":\"search_term_string\"}}],\"inLanguage\":\"vi\"},{\"@type\":\"Organization\",\"@id\":\"https:\\\/\\\/www.sj-gauge.com\\\/#organization\",\"name\":\"SJ Gauge | Pressure Gauges, Thermometers &amp; Pressure Sensors\",\"url\":\"https:\\\/\\\/www.sj-gauge.com\\\/\",\"logo\":{\"@type\":\"ImageObject\",\"inLanguage\":\"vi\",\"@id\":\"https:\\\/\\\/www.sj-gauge.com\\\/#\\\/schema\\\/logo\\\/image\\\/\",\"url\":\"https:\\\/\\\/www.sj-gauge.com\\\/wp-content\\\/uploads\\\/2025\\\/09\\\/logo.webp\",\"contentUrl\":\"https:\\\/\\\/www.sj-gauge.com\\\/wp-content\\\/uploads\\\/2025\\\/09\\\/logo.webp\",\"width\":348,\"height\":184,\"caption\":\"SJ Gauge | Pressure Gauges, Thermometers &amp; Pressure Sensors\"},\"image\":{\"@id\":\"https:\\\/\\\/www.sj-gauge.com\\\/#\\\/schema\\\/logo\\\/image\\\/\"}}]}<\/script>\n<!-- \/ Yoast SEO Premium plugin. -->","yoast_head_json":{"title":"Nhi\u1ec7t k\u1ebf c\u00f4ng nghi\u1ec7p 9\" v\u1edbi v\u1ecf xoay - SJ Gauge | \u0110\u1ed3ng h\u1ed3 \u0111o \u00e1p su\u1ea5t, nhi\u1ec7t k\u1ebf &amp; c\u1ea3m bi\u1ebfn \u00e1p su\u1ea5t","robots":{"index":"index","follow":"follow","max-snippet":"max-snippet:-1","max-image-preview":"max-image-preview:large","max-video-preview":"max-video-preview:-1"},"canonical":"https:\/\/www.sj-gauge.com\/vi\/san-pham\/glt\/","og_locale":"vi_VN","og_type":"article","og_title":"Industrial 9\" Thermometer with Rotatable Casing","og_description":"Adjust horizontal and vertical angle 180\u00b0  Intuitive interface for easy operation, but still durable  Widely specified in the industrial and commercial plumbing trade","og_url":"https:\/\/www.sj-gauge.com\/vi\/san-pham\/glt\/","og_site_name":"SJ Gauge | Pressure Gauges, Thermometers &amp; Pressure Sensors","article_modified_time":"2025-12-16T07:17:08+00:00","og_image":[{"width":1200,"height":1000,"url":"https:\/\/www.sj-gauge.com\/wp-content\/uploads\/2025\/12\/SJ-Gauge_V-line_glass_alcohol_thermometer_with_rotatable_casing_L.jpg","type":"image\/jpeg"}],"twitter_card":"summary_large_image","schema":{"@context":"https:\/\/schema.org","@graph":[{"@type":"WebPage","@id":"https:\/\/www.sj-gauge.com\/product\/glt\/","url":"https:\/\/www.sj-gauge.com\/product\/glt\/","name":"Nhi\u1ec7t k\u1ebf c\u00f4ng nghi\u1ec7p 9\" v\u1edbi v\u1ecf xoay - SJ Gauge | \u0110\u1ed3ng h\u1ed3 \u0111o \u00e1p su\u1ea5t, nhi\u1ec7t k\u1ebf &amp; c\u1ea3m bi\u1ebfn \u00e1p su\u1ea5t","isPartOf":{"@id":"https:\/\/www.sj-gauge.com\/#website"},"primaryImageOfPage":{"@id":"https:\/\/www.sj-gauge.com\/product\/glt\/#primaryimage"},"image":{"@id":"https:\/\/www.sj-gauge.com\/product\/glt\/#primaryimage"},"thumbnailUrl":"https:\/\/www.sj-gauge.com\/wp-content\/uploads\/2025\/12\/SJ-Gauge_V-line_glass_alcohol_thermometer_with_rotatable_casing_L.jpg","datePublished":"2025-12-15T06:29:39+00:00","dateModified":"2025-12-16T07:17:08+00:00","breadcrumb":{"@id":"https:\/\/www.sj-gauge.com\/product\/glt\/#breadcrumb"},"inLanguage":"vi","potentialAction":[{"@type":"ReadAction","target":["https:\/\/www.sj-gauge.com\/product\/glt\/"]}]},{"@type":"ImageObject","inLanguage":"vi","@id":"https:\/\/www.sj-gauge.com\/product\/glt\/#primaryimage","url":"https:\/\/www.sj-gauge.com\/wp-content\/uploads\/2025\/12\/SJ-Gauge_V-line_glass_alcohol_thermometer_with_rotatable_casing_L.jpg","contentUrl":"https:\/\/www.sj-gauge.com\/wp-content\/uploads\/2025\/12\/SJ-Gauge_V-line_glass_alcohol_thermometer_with_rotatable_casing_L.jpg","width":1200,"height":1000},{"@type":"BreadcrumbList","@id":"https:\/\/www.sj-gauge.com\/product\/glt\/#breadcrumb","itemListElement":[{"@type":"ListItem","position":1,"name":"Home","item":"https:\/\/www.sj-gauge.com\/"},{"@type":"ListItem","position":2,"name":"Products","item":"https:\/\/www.sj-gauge.com\/products\/"},{"@type":"ListItem","position":3,"name":"Industrial 9&#8243; Thermometer with Rotatable Casing"}]},{"@type":"WebSite","@id":"https:\/\/www.sj-gauge.com\/#website","url":"https:\/\/www.sj-gauge.com\/","name":"SJ Gauge | \u0110\u1ed3ng h\u1ed3 \u0111o \u00e1p su\u1ea5t, nhi\u1ec7t k\u1ebf v\u00e0 c\u1ea3m bi\u1ebfn \u00e1p su\u1ea5t","description":"Nh\u00e0 s\u1ea3n xu\u1ea5t \u0111\u1ed3ng h\u1ed3 \u0111o \u00e1p su\u1ea5t c\u00f4ng nghi\u1ec7p, c\u1ea3m bi\u1ebfn \u00e1p su\u1ea5t v\u00e0 b\u1ed9 truy\u1ec1n t\u00edn hi\u1ec7u. SJ Gauge cung c\u1ea5p c\u00e1c s\u1ea3n ph\u1ea9m c\u00f3 \u0111\u1ed9 ch\u00ednh x\u00e1c cao, \u0111\u01b0\u1ee3c ch\u1ebf t\u1ea1o t\u1eeb v\u1eadt li\u1ec7u b\u1ec1n b\u1ec9 v\u00e0 c\u00e1c gi\u1ea3i ph\u00e1p t\u00f9y ch\u1ec9nh d\u00e0nh cho c\u00e1c \u1ee9ng d\u1ee5ng trong ng\u00e0nh d\u1ea7u kh\u00ed, h\u00f3a ch\u1ea5t v\u00e0 c\u00f4ng nghi\u1ec7p.","publisher":{"@id":"https:\/\/www.sj-gauge.com\/#organization"},"potentialAction":[{"@type":"SearchAction","target":{"@type":"EntryPoint","urlTemplate":"https:\/\/www.sj-gauge.com\/?s={search_term_string}"},"query-input":{"@type":"PropertyValueSpecification","valueRequired":true,"valueName":"search_term_string"}}],"inLanguage":"vi"},{"@type":"Organization","@id":"https:\/\/www.sj-gauge.com\/#organization","name":"SJ Gauge | \u0110\u1ed3ng h\u1ed3 \u0111o \u00e1p su\u1ea5t, nhi\u1ec7t k\u1ebf v\u00e0 c\u1ea3m bi\u1ebfn \u00e1p su\u1ea5t","url":"https:\/\/www.sj-gauge.com\/","logo":{"@type":"ImageObject","inLanguage":"vi","@id":"https:\/\/www.sj-gauge.com\/#\/schema\/logo\/image\/","url":"https:\/\/www.sj-gauge.com\/wp-content\/uploads\/2025\/09\/logo.webp","contentUrl":"https:\/\/www.sj-gauge.com\/wp-content\/uploads\/2025\/09\/logo.webp","width":348,"height":184,"caption":"SJ Gauge | Pressure Gauges, Thermometers &amp; Pressure Sensors"},"image":{"@id":"https:\/\/www.sj-gauge.com\/#\/schema\/logo\/image\/"}}]}},"_links":{"self":[{"href":"https:\/\/www.sj-gauge.com\/vi\/wp-json\/wp\/v2\/product\/2595","targetHints":{"allow":["GET"]}}],"collection":[{"href":"https:\/\/www.sj-gauge.com\/vi\/wp-json\/wp\/v2\/product"}],"about":[{"href":"https:\/\/www.sj-gauge.com\/vi\/wp-json\/wp\/v2\/types\/product"}],"wp:featuredmedia":[{"embeddable":true,"href":"https:\/\/www.sj-gauge.com\/vi\/wp-json\/wp\/v2\/media\/2598"}],"wp:attachment":[{"href":"https:\/\/www.sj-gauge.com\/vi\/wp-json\/wp\/v2\/media?parent=2595"}],"wp:term":[{"taxonomy":"product_brand","embeddable":true,"href":"https:\/\/www.sj-gauge.com\/vi\/wp-json\/wp\/v2\/product_brand?post=2595"},{"taxonomy":"product_cat","embeddable":true,"href":"https:\/\/www.sj-gauge.com\/vi\/wp-json\/wp\/v2\/product_cat?post=2595"},{"taxonomy":"product_tag","embeddable":true,"href":"https:\/\/www.sj-gauge.com\/vi\/wp-json\/wp\/v2\/product_tag?post=2595"}],"curies":[{"name":"wp","href":"https:\/\/api.w.org\/{rel}","templated":true}]}}