{"id":2599,"date":"2025-12-15T16:39:27","date_gmt":"2025-12-15T08:39:27","guid":{"rendered":"https:\/\/sj-gauge.com\/?post_type=product&#038;p=2599"},"modified":"2026-03-31T15:22:01","modified_gmt":"2026-03-31T07:22:01","slug":"twc","status":"publish","type":"product","link":"https:\/\/www.sj-gauge.com\/vi\/san-pham\/twc\/","title":{"rendered":"\u1ed0ng b\u1ea3o v\u1ec7 nhi\u1ec7t cho nhi\u1ec7t k\u1ebf, c\u00f3 ren"},"content":{"rendered":"<p>\u1ed0ng b\u1ea3o v\u1ec7 nhi\u1ec7t TWC c\u00f3 ren \u0111\u01b0\u1ee3c thi\u1ebft k\u1ebf \u0111\u1ec3 b\u1ea3o v\u1ec7 nhi\u1ec7t k\u1ebf v\u00e0 k\u00e9o d\u00e0i tu\u1ed5i th\u1ecd c\u1ee7a ch\u00fang, \u0111\u1ed3ng th\u1eddi cho ph\u00e9p thay th\u1ebf thi\u1ebft b\u1ecb m\u00e0 kh\u00f4ng c\u1ea7n ng\u1eebng qu\u00e1 tr\u00ecnh s\u1ea3n xu\u1ea5t. N\u00f3 hi\u1ec7u qu\u1ea3 trong vi\u1ec7c c\u00e1ch ly nhi\u1ec7t k\u1ebf kh\u1ecfi nhi\u1ec7t \u0111\u1ed9 cao, \u00e1p su\u1ea5t ho\u1eb7c m\u00f4i tr\u01b0\u1eddng \u0103n m\u00f2n, gi\u1ea3m nguy c\u01a1 h\u01b0 h\u1ecfng c\u1ea3m bi\u1ebfn. C\u00f3 s\u1eb5n v\u1edbi c\u00e1c k\u00edch th\u01b0\u1edbc ren kh\u00e1c nhau v\u00e0 \u0111\u01b0\u1ee3c s\u1ea3n xu\u1ea5t t\u1eeb th\u00e9p kh\u00f4ng g\u1ec9 304 ho\u1eb7c 316, TWC cung c\u1ea5p chi\u1ec1u d\u00e0i v\u00e0 \u0111\u01b0\u1eddng k\u00ednh l\u1eafp \u0111\u1eb7t c\u00f3 th\u1ec3 t\u00f9y ch\u1ec9nh, ph\u00f9 h\u1ee3p cho c\u00e1c \u1ee9ng d\u1ee5ng \u0111o nhi\u1ec7t \u0111\u1ed9 trong ng\u00e0nh h\u00f3a ch\u1ea5t, n\u0103ng l\u01b0\u1ee3ng, m\u00e1y m\u00f3c v\u00e0 c\u00f4ng nghi\u1ec7p t\u1ed5ng h\u1ee3p.<\/p>","protected":false},"excerpt":{"rendered":"<ul>\n<li>Cho ph\u00e9p nhi\u1ec7t k\u1ebf \u0111\u01b0\u1ee3c thay th\u1ebf trong qu\u00e1 tr\u00ecnh ho\u1ea1t \u0111\u1ed9ng.<\/li>\n<li>B\u1ea3o v\u1ec7 nhi\u1ec7t k\u1ebf v\u00e0 k\u00e9o d\u00e0i tu\u1ed5i th\u1ecd s\u1eed d\u1ee5ng.<\/li>\n<\/ul>","protected":false},"featured_media":2603,"template":"","meta":{"_acf_changed":false},"product_brand":[40],"product_cat":[43,45],"product_tag":[],"class_list":{"0":"post-2599","1":"product","2":"type-product","3":"status-publish","4":"has-post-thumbnail","6":"product_brand-sj-gauge","7":"product_cat-temperature-instruments","8":"product_cat-thermowells-protection-tubes","10":"first","11":"instock","12":"shipping-taxable","13":"product-type-simple"},"acf":[],"yoast_head":"<!-- This site is optimized with the Yoast SEO Premium plugin v26.7 (Yoast SEO v26.7) - https:\/\/yoast.com\/wordpress\/plugins\/seo\/ -->\n<title>Thermowell for Thermometer, Threaded - Your Expert in Pressure Temp and Smart Transmitters - SJ Gauge<\/title>\n<meta name=\"robots\" content=\"index, follow, max-snippet:-1, max-image-preview:large, max-video-preview:-1\" \/>\n<link rel=\"canonical\" href=\"https:\/\/www.sj-gauge.com\/vi\/san-pham\/twc\/\" \/>\n<meta property=\"og:locale\" content=\"vi_VN\" \/>\n<meta property=\"og:type\" content=\"article\" \/>\n<meta property=\"og:title\" content=\"Thermowell for Thermometer, Threaded\" \/>\n<meta property=\"og:description\" content=\"Enables the thermometer to be exchanged during operation  Protects the thermometer and extends the service life\" \/>\n<meta property=\"og:url\" content=\"https:\/\/www.sj-gauge.com\/vi\/san-pham\/twc\/\" \/>\n<meta property=\"og:site_name\" content=\"Your Expert in Pressure Temp and Smart Transmitters - SJ Gauge\" \/>\n<meta property=\"article:modified_time\" content=\"2026-03-31T07:22:01+00:00\" \/>\n<meta property=\"og:image\" content=\"https:\/\/www.sj-gauge.com\/wp-content\/uploads\/2025\/12\/SJ-Gauge-threaded-thermowell-temperature.jpg\" \/>\n\t<meta property=\"og:image:width\" content=\"1200\" \/>\n\t<meta property=\"og:image:height\" content=\"1000\" \/>\n\t<meta property=\"og:image:type\" content=\"image\/jpeg\" \/>\n<meta name=\"twitter:card\" content=\"summary_large_image\" \/>\n<meta name=\"twitter:label1\" content=\"\u01af\u1edbc t\u00ednh th\u1eddi gian \u0111\u1ecdc\" \/>\n\t<meta name=\"twitter:data1\" content=\"1 ph\u00fat\" \/>\n<script type=\"application\/ld+json\" class=\"yoast-schema-graph\">{\"@context\":\"https:\/\/schema.org\",\"@graph\":[{\"@type\":\"WebPage\",\"@id\":\"https:\/\/www.sj-gauge.com\/product\/twc\/\",\"url\":\"https:\/\/www.sj-gauge.com\/product\/twc\/\",\"name\":\"Thermowell for Thermometer, Threaded - Your Expert in Pressure Temp and Smart Transmitters - SJ Gauge\",\"isPartOf\":{\"@id\":\"https:\/\/www.sj-gauge.com\/#website\"},\"primaryImageOfPage\":{\"@id\":\"https:\/\/www.sj-gauge.com\/product\/twc\/#primaryimage\"},\"image\":{\"@id\":\"https:\/\/www.sj-gauge.com\/product\/twc\/#primaryimage\"},\"thumbnailUrl\":\"https:\/\/www.sj-gauge.com\/wp-content\/uploads\/2025\/12\/SJ-Gauge-threaded-thermowell-temperature.jpg\",\"datePublished\":\"2025-12-15T08:39:27+00:00\",\"dateModified\":\"2026-03-31T07:22:01+00:00\",\"breadcrumb\":{\"@id\":\"https:\/\/www.sj-gauge.com\/product\/twc\/#breadcrumb\"},\"inLanguage\":\"vi\",\"potentialAction\":[{\"@type\":\"ReadAction\",\"target\":[\"https:\/\/www.sj-gauge.com\/product\/twc\/\"]}]},{\"@type\":\"ImageObject\",\"inLanguage\":\"vi\",\"@id\":\"https:\/\/www.sj-gauge.com\/product\/twc\/#primaryimage\",\"url\":\"https:\/\/www.sj-gauge.com\/wp-content\/uploads\/2025\/12\/SJ-Gauge-threaded-thermowell-temperature.jpg\",\"contentUrl\":\"https:\/\/www.sj-gauge.com\/wp-content\/uploads\/2025\/12\/SJ-Gauge-threaded-thermowell-temperature.jpg\",\"width\":1200,\"height\":1000},{\"@type\":\"BreadcrumbList\",\"@id\":\"https:\/\/www.sj-gauge.com\/product\/twc\/#breadcrumb\",\"itemListElement\":[{\"@type\":\"ListItem\",\"position\":1,\"name\":\"Home\",\"item\":\"https:\/\/www.sj-gauge.com\/\"},{\"@type\":\"ListItem\",\"position\":2,\"name\":\"Products\",\"item\":\"https:\/\/www.sj-gauge.com\/products\/\"},{\"@type\":\"ListItem\",\"position\":3,\"name\":\"Thermowell for Thermometer, Threaded\"}]},{\"@type\":\"WebSite\",\"@id\":\"https:\/\/www.sj-gauge.com\/#website\",\"url\":\"https:\/\/www.sj-gauge.com\/\",\"name\":\"Your Expert in Pressure Temp and Smart Transmitters - SJ Gauge\",\"description\":\"Manufacturer of industrial pressure gauges, pressure sensors, and transmitters. SJ Gauge provides high accuracy, durable materials, and custom solutions for oil &amp; gas, chemical, and industrial applications.\",\"publisher\":{\"@id\":\"https:\/\/www.sj-gauge.com\/#organization\"},\"potentialAction\":[{\"@type\":\"SearchAction\",\"target\":{\"@type\":\"EntryPoint\",\"urlTemplate\":\"https:\/\/www.sj-gauge.com\/?s={search_term_string}\"},\"query-input\":{\"@type\":\"PropertyValueSpecification\",\"valueRequired\":true,\"valueName\":\"search_term_string\"}}],\"inLanguage\":\"vi\"},{\"@type\":\"Organization\",\"@id\":\"https:\/\/www.sj-gauge.com\/#organization\",\"name\":\"Your Expert in Pressure Temp and Smart Transmitters - SJ Gauge\",\"url\":\"https:\/\/www.sj-gauge.com\/\",\"logo\":{\"@type\":\"ImageObject\",\"inLanguage\":\"vi\",\"@id\":\"https:\/\/www.sj-gauge.com\/#\/schema\/logo\/image\/\",\"url\":\"https:\/\/www.sj-gauge.com\/wp-content\/uploads\/2025\/09\/logo.webp\",\"contentUrl\":\"https:\/\/www.sj-gauge.com\/wp-content\/uploads\/2025\/09\/logo.webp\",\"width\":348,\"height\":184,\"caption\":\"Your Expert in Pressure Temp and Smart Transmitters - SJ Gauge\"},\"image\":{\"@id\":\"https:\/\/www.sj-gauge.com\/#\/schema\/logo\/image\/\"}}]}<\/script>\n<!-- \/ Yoast SEO Premium plugin. -->","yoast_head_json":{"title":"\u1ed0ng b\u1ea3o v\u1ec7 nhi\u1ec7t cho nhi\u1ec7t k\u1ebf, c\u00f3 ren - Chuy\u00ean gia v\u1ec1 c\u1ea3m bi\u1ebfn \u00e1p su\u1ea5t, nhi\u1ec7t \u0111\u1ed9 v\u00e0 c\u1ea3m bi\u1ebfn th\u00f4ng minh - SJ Gauge","robots":{"index":"index","follow":"follow","max-snippet":"max-snippet:-1","max-image-preview":"max-image-preview:large","max-video-preview":"max-video-preview:-1"},"canonical":"https:\/\/www.sj-gauge.com\/vi\/san-pham\/twc\/","og_locale":"vi_VN","og_type":"article","og_title":"Thermowell for Thermometer, Threaded","og_description":"Enables the thermometer to be exchanged during operation  Protects the thermometer and extends the service life","og_url":"https:\/\/www.sj-gauge.com\/vi\/san-pham\/twc\/","og_site_name":"Your Expert in Pressure Temp and Smart Transmitters - SJ Gauge","article_modified_time":"2026-03-31T07:22:01+00:00","og_image":[{"width":1200,"height":1000,"url":"https:\/\/www.sj-gauge.com\/wp-content\/uploads\/2025\/12\/SJ-Gauge-threaded-thermowell-temperature.jpg","type":"image\/jpeg"}],"twitter_card":"summary_large_image","twitter_misc":{"\u01af\u1edbc t\u00ednh th\u1eddi gian \u0111\u1ecdc":"1 ph\u00fat"},"schema":{"@context":"https:\/\/schema.org","@graph":[{"@type":"WebPage","@id":"https:\/\/www.sj-gauge.com\/product\/twc\/","url":"https:\/\/www.sj-gauge.com\/product\/twc\/","name":"\u1ed0ng b\u1ea3o v\u1ec7 nhi\u1ec7t cho nhi\u1ec7t k\u1ebf, c\u00f3 ren - Chuy\u00ean gia v\u1ec1 c\u1ea3m bi\u1ebfn \u00e1p su\u1ea5t, nhi\u1ec7t \u0111\u1ed9 v\u00e0 c\u1ea3m bi\u1ebfn th\u00f4ng minh - SJ Gauge","isPartOf":{"@id":"https:\/\/www.sj-gauge.com\/#website"},"primaryImageOfPage":{"@id":"https:\/\/www.sj-gauge.com\/product\/twc\/#primaryimage"},"image":{"@id":"https:\/\/www.sj-gauge.com\/product\/twc\/#primaryimage"},"thumbnailUrl":"https:\/\/www.sj-gauge.com\/wp-content\/uploads\/2025\/12\/SJ-Gauge-threaded-thermowell-temperature.jpg","datePublished":"2025-12-15T08:39:27+00:00","dateModified":"2026-03-31T07:22:01+00:00","breadcrumb":{"@id":"https:\/\/www.sj-gauge.com\/product\/twc\/#breadcrumb"},"inLanguage":"vi","potentialAction":[{"@type":"ReadAction","target":["https:\/\/www.sj-gauge.com\/product\/twc\/"]}]},{"@type":"ImageObject","inLanguage":"vi","@id":"https:\/\/www.sj-gauge.com\/product\/twc\/#primaryimage","url":"https:\/\/www.sj-gauge.com\/wp-content\/uploads\/2025\/12\/SJ-Gauge-threaded-thermowell-temperature.jpg","contentUrl":"https:\/\/www.sj-gauge.com\/wp-content\/uploads\/2025\/12\/SJ-Gauge-threaded-thermowell-temperature.jpg","width":1200,"height":1000},{"@type":"BreadcrumbList","@id":"https:\/\/www.sj-gauge.com\/product\/twc\/#breadcrumb","itemListElement":[{"@type":"ListItem","position":1,"name":"Home","item":"https:\/\/www.sj-gauge.com\/"},{"@type":"ListItem","position":2,"name":"Products","item":"https:\/\/www.sj-gauge.com\/products\/"},{"@type":"ListItem","position":3,"name":"Thermowell for Thermometer, Threaded"}]},{"@type":"WebSite","@id":"https:\/\/www.sj-gauge.com\/#website","url":"https:\/\/www.sj-gauge.com\/","name":"Chuy\u00ean gia v\u1ec1 c\u1ea3m bi\u1ebfn \u00e1p su\u1ea5t, nhi\u1ec7t \u0111\u1ed9 v\u00e0 c\u1ea3m bi\u1ebfn th\u00f4ng minh - SJ Gauge","description":"Nh\u00e0 s\u1ea3n xu\u1ea5t \u0111\u1ed3ng h\u1ed3 \u0111o \u00e1p su\u1ea5t c\u00f4ng nghi\u1ec7p, c\u1ea3m bi\u1ebfn \u00e1p su\u1ea5t v\u00e0 b\u1ed9 truy\u1ec1n t\u00edn hi\u1ec7u. SJ Gauge cung c\u1ea5p c\u00e1c s\u1ea3n ph\u1ea9m c\u00f3 \u0111\u1ed9 ch\u00ednh x\u00e1c cao, \u0111\u01b0\u1ee3c ch\u1ebf t\u1ea1o t\u1eeb v\u1eadt li\u1ec7u b\u1ec1n b\u1ec9 v\u00e0 c\u00e1c gi\u1ea3i ph\u00e1p t\u00f9y ch\u1ec9nh d\u00e0nh cho c\u00e1c \u1ee9ng d\u1ee5ng trong ng\u00e0nh d\u1ea7u kh\u00ed, h\u00f3a ch\u1ea5t v\u00e0 c\u00f4ng nghi\u1ec7p.","publisher":{"@id":"https:\/\/www.sj-gauge.com\/#organization"},"potentialAction":[{"@type":"SearchAction","target":{"@type":"EntryPoint","urlTemplate":"https:\/\/www.sj-gauge.com\/?s={search_term_string}"},"query-input":{"@type":"PropertyValueSpecification","valueRequired":true,"valueName":"search_term_string"}}],"inLanguage":"vi"},{"@type":"Organization","@id":"https:\/\/www.sj-gauge.com\/#organization","name":"Chuy\u00ean gia v\u1ec1 c\u1ea3m bi\u1ebfn \u00e1p su\u1ea5t, nhi\u1ec7t \u0111\u1ed9 v\u00e0 c\u1ea3m bi\u1ebfn th\u00f4ng minh - SJ Gauge","url":"https:\/\/www.sj-gauge.com\/","logo":{"@type":"ImageObject","inLanguage":"vi","@id":"https:\/\/www.sj-gauge.com\/#\/schema\/logo\/image\/","url":"https:\/\/www.sj-gauge.com\/wp-content\/uploads\/2025\/09\/logo.webp","contentUrl":"https:\/\/www.sj-gauge.com\/wp-content\/uploads\/2025\/09\/logo.webp","width":348,"height":184,"caption":"Your Expert in Pressure Temp and Smart Transmitters - SJ Gauge"},"image":{"@id":"https:\/\/www.sj-gauge.com\/#\/schema\/logo\/image\/"}}]}},"_links":{"self":[{"href":"https:\/\/www.sj-gauge.com\/vi\/wp-json\/wp\/v2\/product\/2599","targetHints":{"allow":["GET"]}}],"collection":[{"href":"https:\/\/www.sj-gauge.com\/vi\/wp-json\/wp\/v2\/product"}],"about":[{"href":"https:\/\/www.sj-gauge.com\/vi\/wp-json\/wp\/v2\/types\/product"}],"wp:featuredmedia":[{"embeddable":true,"href":"https:\/\/www.sj-gauge.com\/vi\/wp-json\/wp\/v2\/media\/2603"}],"wp:attachment":[{"href":"https:\/\/www.sj-gauge.com\/vi\/wp-json\/wp\/v2\/media?parent=2599"}],"wp:term":[{"taxonomy":"product_brand","embeddable":true,"href":"https:\/\/www.sj-gauge.com\/vi\/wp-json\/wp\/v2\/product_brand?post=2599"},{"taxonomy":"product_cat","embeddable":true,"href":"https:\/\/www.sj-gauge.com\/vi\/wp-json\/wp\/v2\/product_cat?post=2599"},{"taxonomy":"product_tag","embeddable":true,"href":"https:\/\/www.sj-gauge.com\/vi\/wp-json\/wp\/v2\/product_tag?post=2599"}],"curies":[{"name":"wp","href":"https:\/\/api.w.org\/{rel}","templated":true}]}}