{"id":2621,"date":"2025-12-16T11:40:57","date_gmt":"2025-12-16T03:40:57","guid":{"rendered":"https:\/\/sj-gauge.com\/?post_type=product&#038;p=2621"},"modified":"2026-01-28T13:33:22","modified_gmt":"2026-01-28T05:33:22","slug":"mslcd11","status":"publish","type":"product","link":"https:\/\/www.sj-gauge.com\/vi\/san-pham\/mslcd11\/","title":{"rendered":"B\u1ed9 hi\u1ec3n th\u1ecb k\u1ef9 thu\u1eadt s\u1ed1 c\u00f3 th\u1ec3 g\u1eafn v\u00e0o b\u1ed9 truy\u1ec1n t\u00edn hi\u1ec7u"},"content":{"rendered":"<p>MSLCD11 l\u00e0 m\u1ed9t \u0111\u01a1n v\u1ecb hi\u1ec3n th\u1ecb th\u00f4ng minh t\u1ea1i hi\u1ec7n tr\u01b0\u1eddng \u0111\u01b0\u1ee3c thi\u1ebft k\u1ebf cho h\u1ec7 th\u1ed1ng hai d\u00e2y 4\u201320 mA, cho ph\u00e9p l\u1eafp \u0111\u1eb7t tr\u1ef1c ti\u1ebfp tr\u00ean c\u00e1c b\u1ed9 truy\u1ec1n \u00e1p su\u1ea5t, nhi\u1ec7t \u0111\u1ed9 ho\u1eb7c l\u01b0u l\u01b0\u1ee3ng \u0111\u1ec3 hi\u1ec3n th\u1ecb gi\u00e1 tr\u1ecb th\u1eddi gian th\u1ef1c. V\u1edbi m\u00e0n h\u00ecnh LCD l\u1edbn c\u00f3 \u0111\u00e8n n\u1ec1n s\u00e1ng cao, n\u00f3 cung c\u1ea5p hi\u1ec3n th\u1ecb 5 ch\u1eef s\u1ed1 ch\u00ednh x\u00e1c cao, d\u1ec5 \u0111\u1ecdc, c\u00f9ng v\u1edbi kh\u1ea3 n\u0103ng ch\u1ecdn \u0111\u01a1n v\u1ecb linh ho\u1ea1t v\u00e0 c\u00e0i \u0111\u1eb7t th\u00f4ng s\u1ed1 qua giao di\u1ec7n ba n\u00fat. C\u00f3 s\u1eb5n t\u00f9y ch\u1ecdn m\u1ed9t ho\u1eb7c hai \u0111\u1ea7u ra b\u00e1o \u0111\u1ed9ng b\u1eadt\/t\u1eaft. V\u1edbi kh\u1ea3 n\u0103ng ch\u1ed1ng s\u00e9t, b\u1ea3o v\u1ec7 ng\u01b0\u1ee3c c\u1ef1c v\u00e0 ti\u00eau chu\u1ea9n b\u1ea3o v\u1ec7 IP65, MSLCD11 l\u00e0 l\u1ef1a ch\u1ecdn l\u00fd t\u01b0\u1edfng cho hi\u1ec3n th\u1ecb t\u1ea1i hi\u1ec7n tr\u01b0\u1eddng c\u00f4ng nghi\u1ec7p, hi\u1ec3n th\u1ecb b\u00e1o \u0111\u1ed9ng v\u00e0 t\u00edch h\u1ee3p \u0111i\u1ec1u khi\u1ec3n c\u01a1 b\u1ea3n.<\/p>","protected":false},"excerpt":{"rendered":"<ul>\n<li>M\u00e0n h\u00ecnh l\u1edbn, \u0111\u00e8n n\u1ec1n n\u1ed5i b\u1eadt<\/li>\n<li>Nhi\u1ec1u \u0111\u01a1n v\u1ecb hi\u1ec3n th\u1ecb, c\u00e0i \u0111\u1eb7t linh ho\u1ea1t v\u1edbi 3 n\u00fat b\u1ea5m<\/li>\n<li>Ph\u00f9 h\u1ee3p cho hi\u1ec3n th\u1ecb t\u1ea1i hi\u1ec7n tr\u01b0\u1eddng c\u1ee7a b\u1ed9 truy\u1ec1n t\u00edn hi\u1ec7u 4-20mA v\u00e0 \u0111\u1ea7u ra c\u1ea3nh b\u00e1o b\u1eadt\/t\u1eaft.<\/li>\n<\/ul>","protected":false},"featured_media":2623,"template":"","meta":{"_acf_changed":false},"product_brand":[40],"product_cat":[66],"product_tag":[],"class_list":{"0":"post-2621","1":"product","2":"type-product","3":"status-publish","4":"has-post-thumbnail","6":"product_brand-sj-gauge","7":"product_cat-digital-panel-meter","9":"first","10":"instock","11":"shipping-taxable","12":"product-type-simple"},"acf":[],"yoast_head":"<!-- This site is optimized with the Yoast SEO Premium plugin v26.7 (Yoast SEO v27.4) - https:\/\/yoast.com\/product\/yoast-seo-premium-wordpress\/ -->\n<title>Attachable Digital Indicator for Transmitter - SJ Gauge | Pressure Gauges, Thermometers &amp; Pressure Sensors<\/title>\n<meta name=\"description\" content=\"MSLCD11 attachable digital indicator features a large backlit screen and supports multiple display units, ideal for real-time readings in field instruments.\" \/>\n<meta name=\"robots\" content=\"index, follow, max-snippet:-1, max-image-preview:large, max-video-preview:-1\" \/>\n<link rel=\"canonical\" href=\"https:\/\/www.sj-gauge.com\/vi\/san-pham\/mslcd11\/\" \/>\n<meta property=\"og:locale\" content=\"vi_VN\" \/>\n<meta property=\"og:type\" content=\"article\" \/>\n<meta property=\"og:title\" content=\"Attachable Digital Indicator for Transmitter\" \/>\n<meta property=\"og:description\" content=\"MSLCD11 attachable digital indicator features a large backlit screen and supports multiple display units, ideal for real-time readings in field instruments.\" \/>\n<meta property=\"og:url\" content=\"https:\/\/www.sj-gauge.com\/vi\/san-pham\/mslcd11\/\" \/>\n<meta property=\"og:site_name\" content=\"SJ Gauge | Pressure Gauges, Thermometers &amp; Pressure Sensors\" \/>\n<meta property=\"article:modified_time\" content=\"2026-01-28T05:33:22+00:00\" \/>\n<meta property=\"og:image\" content=\"https:\/\/www.sj-gauge.com\/wp-content\/uploads\/2025\/12\/SJ-Gauge_Attachable_Digital_Indicator_for_Pressure_Transmitter_L.jpg\" \/>\n\t<meta property=\"og:image:width\" content=\"1200\" \/>\n\t<meta property=\"og:image:height\" content=\"1000\" \/>\n\t<meta property=\"og:image:type\" content=\"image\/jpeg\" \/>\n<meta name=\"twitter:card\" content=\"summary_large_image\" \/>\n<meta name=\"twitter:label1\" content=\"\u01af\u1edbc t\u00ednh th\u1eddi gian \u0111\u1ecdc\" \/>\n\t<meta name=\"twitter:data1\" content=\"1 ph\u00fat\" \/>\n<script type=\"application\/ld+json\" class=\"yoast-schema-graph\">{\"@context\":\"https:\\\/\\\/schema.org\",\"@graph\":[{\"@type\":\"WebPage\",\"@id\":\"https:\\\/\\\/www.sj-gauge.com\\\/product\\\/mslcd11\\\/\",\"url\":\"https:\\\/\\\/www.sj-gauge.com\\\/product\\\/mslcd11\\\/\",\"name\":\"Attachable Digital Indicator for Transmitter - SJ Gauge | Pressure Gauges, Thermometers &amp; Pressure Sensors\",\"isPartOf\":{\"@id\":\"https:\\\/\\\/www.sj-gauge.com\\\/#website\"},\"primaryImageOfPage\":{\"@id\":\"https:\\\/\\\/www.sj-gauge.com\\\/product\\\/mslcd11\\\/#primaryimage\"},\"image\":{\"@id\":\"https:\\\/\\\/www.sj-gauge.com\\\/product\\\/mslcd11\\\/#primaryimage\"},\"thumbnailUrl\":\"https:\\\/\\\/www.sj-gauge.com\\\/wp-content\\\/uploads\\\/2025\\\/12\\\/SJ-Gauge_Attachable_Digital_Indicator_for_Pressure_Transmitter_L.jpg\",\"datePublished\":\"2025-12-16T03:40:57+00:00\",\"dateModified\":\"2026-01-28T05:33:22+00:00\",\"description\":\"MSLCD11 attachable digital indicator features a large backlit screen and supports multiple display units, ideal for real-time readings in field instruments.\",\"breadcrumb\":{\"@id\":\"https:\\\/\\\/www.sj-gauge.com\\\/product\\\/mslcd11\\\/#breadcrumb\"},\"inLanguage\":\"vi\",\"potentialAction\":[{\"@type\":\"ReadAction\",\"target\":[\"https:\\\/\\\/www.sj-gauge.com\\\/product\\\/mslcd11\\\/\"]}]},{\"@type\":\"ImageObject\",\"inLanguage\":\"vi\",\"@id\":\"https:\\\/\\\/www.sj-gauge.com\\\/product\\\/mslcd11\\\/#primaryimage\",\"url\":\"https:\\\/\\\/www.sj-gauge.com\\\/wp-content\\\/uploads\\\/2025\\\/12\\\/SJ-Gauge_Attachable_Digital_Indicator_for_Pressure_Transmitter_L.jpg\",\"contentUrl\":\"https:\\\/\\\/www.sj-gauge.com\\\/wp-content\\\/uploads\\\/2025\\\/12\\\/SJ-Gauge_Attachable_Digital_Indicator_for_Pressure_Transmitter_L.jpg\",\"width\":1200,\"height\":1000},{\"@type\":\"BreadcrumbList\",\"@id\":\"https:\\\/\\\/www.sj-gauge.com\\\/product\\\/mslcd11\\\/#breadcrumb\",\"itemListElement\":[{\"@type\":\"ListItem\",\"position\":1,\"name\":\"Home\",\"item\":\"https:\\\/\\\/www.sj-gauge.com\\\/\"},{\"@type\":\"ListItem\",\"position\":2,\"name\":\"Products\",\"item\":\"https:\\\/\\\/www.sj-gauge.com\\\/products\\\/\"},{\"@type\":\"ListItem\",\"position\":3,\"name\":\"Attachable Digital Indicator for Transmitter\"}]},{\"@type\":\"WebSite\",\"@id\":\"https:\\\/\\\/www.sj-gauge.com\\\/#website\",\"url\":\"https:\\\/\\\/www.sj-gauge.com\\\/\",\"name\":\"SJ Gauge | Pressure Gauges, Thermometers &amp; Pressure Sensors\",\"description\":\"Manufacturer of industrial pressure gauges, pressure sensors, and transmitters. SJ Gauge provides high accuracy, durable materials, and custom solutions for oil &amp; gas, chemical, and industrial applications.\",\"publisher\":{\"@id\":\"https:\\\/\\\/www.sj-gauge.com\\\/#organization\"},\"potentialAction\":[{\"@type\":\"SearchAction\",\"target\":{\"@type\":\"EntryPoint\",\"urlTemplate\":\"https:\\\/\\\/www.sj-gauge.com\\\/?s={search_term_string}\"},\"query-input\":{\"@type\":\"PropertyValueSpecification\",\"valueRequired\":true,\"valueName\":\"search_term_string\"}}],\"inLanguage\":\"vi\"},{\"@type\":\"Organization\",\"@id\":\"https:\\\/\\\/www.sj-gauge.com\\\/#organization\",\"name\":\"SJ Gauge | Pressure Gauges, Thermometers &amp; Pressure Sensors\",\"url\":\"https:\\\/\\\/www.sj-gauge.com\\\/\",\"logo\":{\"@type\":\"ImageObject\",\"inLanguage\":\"vi\",\"@id\":\"https:\\\/\\\/www.sj-gauge.com\\\/#\\\/schema\\\/logo\\\/image\\\/\",\"url\":\"https:\\\/\\\/www.sj-gauge.com\\\/wp-content\\\/uploads\\\/2025\\\/09\\\/logo.webp\",\"contentUrl\":\"https:\\\/\\\/www.sj-gauge.com\\\/wp-content\\\/uploads\\\/2025\\\/09\\\/logo.webp\",\"width\":348,\"height\":184,\"caption\":\"SJ Gauge | Pressure Gauges, Thermometers &amp; Pressure Sensors\"},\"image\":{\"@id\":\"https:\\\/\\\/www.sj-gauge.com\\\/#\\\/schema\\\/logo\\\/image\\\/\"}}]}<\/script>\n<!-- \/ Yoast SEO Premium plugin. -->","yoast_head_json":{"title":"Attachable Digital Indicator for Transmitter - SJ Gauge | Pressure Gauges, Thermometers &amp; Pressure Sensors","description":"MSLCD11 l\u00e0 m\u1ed9t thi\u1ebft b\u1ecb hi\u1ec3n th\u1ecb k\u1ef9 thu\u1eadt s\u1ed1 c\u00f3 th\u1ec3 g\u1eafn ngo\u00e0i, \u0111\u01b0\u1ee3c trang b\u1ecb m\u00e0n h\u00ecnh l\u1edbn c\u00f3 \u0111\u00e8n n\u1ec1n v\u00e0 h\u1ed7 tr\u1ee3 nhi\u1ec1u \u0111\u01a1n v\u1ecb hi\u1ec3n th\u1ecb, l\u00fd t\u01b0\u1edfng cho vi\u1ec7c \u0111\u1ecdc d\u1eef li\u1ec7u th\u1eddi gian th\u1ef1c tr\u00ean c\u00e1c thi\u1ebft b\u1ecb \u0111o l\u01b0\u1eddng ngo\u00e0i tr\u1eddi.","robots":{"index":"index","follow":"follow","max-snippet":"max-snippet:-1","max-image-preview":"max-image-preview:large","max-video-preview":"max-video-preview:-1"},"canonical":"https:\/\/www.sj-gauge.com\/vi\/san-pham\/mslcd11\/","og_locale":"vi_VN","og_type":"article","og_title":"Attachable Digital Indicator for Transmitter","og_description":"MSLCD11 attachable digital indicator features a large backlit screen and supports multiple display units, ideal for real-time readings in field instruments.","og_url":"https:\/\/www.sj-gauge.com\/vi\/san-pham\/mslcd11\/","og_site_name":"SJ Gauge | Pressure Gauges, Thermometers &amp; Pressure Sensors","article_modified_time":"2026-01-28T05:33:22+00:00","og_image":[{"width":1200,"height":1000,"url":"https:\/\/www.sj-gauge.com\/wp-content\/uploads\/2025\/12\/SJ-Gauge_Attachable_Digital_Indicator_for_Pressure_Transmitter_L.jpg","type":"image\/jpeg"}],"twitter_card":"summary_large_image","twitter_misc":{"\u01af\u1edbc t\u00ednh th\u1eddi gian \u0111\u1ecdc":"1 ph\u00fat"},"schema":{"@context":"https:\/\/schema.org","@graph":[{"@type":"WebPage","@id":"https:\/\/www.sj-gauge.com\/product\/mslcd11\/","url":"https:\/\/www.sj-gauge.com\/product\/mslcd11\/","name":"Attachable Digital Indicator for Transmitter - SJ Gauge | Pressure Gauges, Thermometers &amp; Pressure Sensors","isPartOf":{"@id":"https:\/\/www.sj-gauge.com\/#website"},"primaryImageOfPage":{"@id":"https:\/\/www.sj-gauge.com\/product\/mslcd11\/#primaryimage"},"image":{"@id":"https:\/\/www.sj-gauge.com\/product\/mslcd11\/#primaryimage"},"thumbnailUrl":"https:\/\/www.sj-gauge.com\/wp-content\/uploads\/2025\/12\/SJ-Gauge_Attachable_Digital_Indicator_for_Pressure_Transmitter_L.jpg","datePublished":"2025-12-16T03:40:57+00:00","dateModified":"2026-01-28T05:33:22+00:00","description":"MSLCD11 l\u00e0 m\u1ed9t thi\u1ebft b\u1ecb hi\u1ec3n th\u1ecb k\u1ef9 thu\u1eadt s\u1ed1 c\u00f3 th\u1ec3 g\u1eafn ngo\u00e0i, \u0111\u01b0\u1ee3c trang b\u1ecb m\u00e0n h\u00ecnh l\u1edbn c\u00f3 \u0111\u00e8n n\u1ec1n v\u00e0 h\u1ed7 tr\u1ee3 nhi\u1ec1u \u0111\u01a1n v\u1ecb hi\u1ec3n th\u1ecb, l\u00fd t\u01b0\u1edfng cho vi\u1ec7c \u0111\u1ecdc d\u1eef li\u1ec7u th\u1eddi gian th\u1ef1c tr\u00ean c\u00e1c thi\u1ebft b\u1ecb \u0111o l\u01b0\u1eddng ngo\u00e0i tr\u1eddi.","breadcrumb":{"@id":"https:\/\/www.sj-gauge.com\/product\/mslcd11\/#breadcrumb"},"inLanguage":"vi","potentialAction":[{"@type":"ReadAction","target":["https:\/\/www.sj-gauge.com\/product\/mslcd11\/"]}]},{"@type":"ImageObject","inLanguage":"vi","@id":"https:\/\/www.sj-gauge.com\/product\/mslcd11\/#primaryimage","url":"https:\/\/www.sj-gauge.com\/wp-content\/uploads\/2025\/12\/SJ-Gauge_Attachable_Digital_Indicator_for_Pressure_Transmitter_L.jpg","contentUrl":"https:\/\/www.sj-gauge.com\/wp-content\/uploads\/2025\/12\/SJ-Gauge_Attachable_Digital_Indicator_for_Pressure_Transmitter_L.jpg","width":1200,"height":1000},{"@type":"BreadcrumbList","@id":"https:\/\/www.sj-gauge.com\/product\/mslcd11\/#breadcrumb","itemListElement":[{"@type":"ListItem","position":1,"name":"Home","item":"https:\/\/www.sj-gauge.com\/"},{"@type":"ListItem","position":2,"name":"Products","item":"https:\/\/www.sj-gauge.com\/products\/"},{"@type":"ListItem","position":3,"name":"Attachable Digital Indicator for Transmitter"}]},{"@type":"WebSite","@id":"https:\/\/www.sj-gauge.com\/#website","url":"https:\/\/www.sj-gauge.com\/","name":"SJ Gauge | \u0110\u1ed3ng h\u1ed3 \u0111o \u00e1p su\u1ea5t, nhi\u1ec7t k\u1ebf v\u00e0 c\u1ea3m bi\u1ebfn \u00e1p su\u1ea5t","description":"Nh\u00e0 s\u1ea3n xu\u1ea5t \u0111\u1ed3ng h\u1ed3 \u0111o \u00e1p su\u1ea5t c\u00f4ng nghi\u1ec7p, c\u1ea3m bi\u1ebfn \u00e1p su\u1ea5t v\u00e0 b\u1ed9 truy\u1ec1n t\u00edn hi\u1ec7u. SJ Gauge cung c\u1ea5p c\u00e1c s\u1ea3n ph\u1ea9m c\u00f3 \u0111\u1ed9 ch\u00ednh x\u00e1c cao, \u0111\u01b0\u1ee3c ch\u1ebf t\u1ea1o t\u1eeb v\u1eadt li\u1ec7u b\u1ec1n b\u1ec9 v\u00e0 c\u00e1c gi\u1ea3i ph\u00e1p t\u00f9y ch\u1ec9nh d\u00e0nh cho c\u00e1c \u1ee9ng d\u1ee5ng trong ng\u00e0nh d\u1ea7u kh\u00ed, h\u00f3a ch\u1ea5t v\u00e0 c\u00f4ng nghi\u1ec7p.","publisher":{"@id":"https:\/\/www.sj-gauge.com\/#organization"},"potentialAction":[{"@type":"SearchAction","target":{"@type":"EntryPoint","urlTemplate":"https:\/\/www.sj-gauge.com\/?s={search_term_string}"},"query-input":{"@type":"PropertyValueSpecification","valueRequired":true,"valueName":"search_term_string"}}],"inLanguage":"vi"},{"@type":"Organization","@id":"https:\/\/www.sj-gauge.com\/#organization","name":"SJ Gauge | \u0110\u1ed3ng h\u1ed3 \u0111o \u00e1p su\u1ea5t, nhi\u1ec7t k\u1ebf v\u00e0 c\u1ea3m bi\u1ebfn \u00e1p su\u1ea5t","url":"https:\/\/www.sj-gauge.com\/","logo":{"@type":"ImageObject","inLanguage":"vi","@id":"https:\/\/www.sj-gauge.com\/#\/schema\/logo\/image\/","url":"https:\/\/www.sj-gauge.com\/wp-content\/uploads\/2025\/09\/logo.webp","contentUrl":"https:\/\/www.sj-gauge.com\/wp-content\/uploads\/2025\/09\/logo.webp","width":348,"height":184,"caption":"SJ Gauge | Pressure Gauges, Thermometers &amp; Pressure Sensors"},"image":{"@id":"https:\/\/www.sj-gauge.com\/#\/schema\/logo\/image\/"}}]}},"_links":{"self":[{"href":"https:\/\/www.sj-gauge.com\/vi\/wp-json\/wp\/v2\/product\/2621","targetHints":{"allow":["GET"]}}],"collection":[{"href":"https:\/\/www.sj-gauge.com\/vi\/wp-json\/wp\/v2\/product"}],"about":[{"href":"https:\/\/www.sj-gauge.com\/vi\/wp-json\/wp\/v2\/types\/product"}],"wp:featuredmedia":[{"embeddable":true,"href":"https:\/\/www.sj-gauge.com\/vi\/wp-json\/wp\/v2\/media\/2623"}],"wp:attachment":[{"href":"https:\/\/www.sj-gauge.com\/vi\/wp-json\/wp\/v2\/media?parent=2621"}],"wp:term":[{"taxonomy":"product_brand","embeddable":true,"href":"https:\/\/www.sj-gauge.com\/vi\/wp-json\/wp\/v2\/product_brand?post=2621"},{"taxonomy":"product_cat","embeddable":true,"href":"https:\/\/www.sj-gauge.com\/vi\/wp-json\/wp\/v2\/product_cat?post=2621"},{"taxonomy":"product_tag","embeddable":true,"href":"https:\/\/www.sj-gauge.com\/vi\/wp-json\/wp\/v2\/product_tag?post=2621"}],"curies":[{"name":"wp","href":"https:\/\/api.w.org\/{rel}","templated":true}]}}