{"id":2628,"date":"2025-12-16T14:13:04","date_gmt":"2025-12-16T06:13:04","guid":{"rendered":"https:\/\/sj-gauge.com\/?post_type=product&#038;p=2628"},"modified":"2026-01-28T13:28:52","modified_gmt":"2026-01-28T05:28:52","slug":"uma5","status":"publish","type":"product","link":"https:\/\/www.sj-gauge.com\/vi\/san-pham\/uma5\/","title":{"rendered":"M\u00e1y \u0111o k\u1ef9 thu\u1eadt s\u1ed1 \u0111a n\u0103ng, 5 ch\u1eef s\u1ed1"},"content":{"rendered":"<p>UMA5 l\u00e0 m\u1ed9t \u0111\u1ed3ng h\u1ed3 \u0111o k\u1ef9 thu\u1eadt s\u1ed1 \u0111a n\u0103ng 5 ch\u1eef s\u1ed1, trang b\u1ecb m\u00e0n h\u00ecnh LED \u0111\u1ecf \u0111\u1ed9 s\u00e1ng cao v\u00e0 \u0111\u1ed9 ch\u00ednh x\u00e1c \u0111o l\u01b0\u1eddng cao. Thi\u1ebft b\u1ecb h\u1ed7 tr\u1ee3 nhi\u1ec1u lo\u1ea1i t\u00edn hi\u1ec7u \u0111\u1ea7u v\u00e0o, bao g\u1ed3m \u0111i\u1ec7n \u00e1p, d\u00f2ng \u0111i\u1ec7n, c\u1ea3m bi\u1ebfn v\u00e0 b\u1ed9 truy\u1ec1n t\u00edn hi\u1ec7u, \u0111\u1ea3m b\u1ea3o hi\u1ec3n th\u1ecb d\u1eef li\u1ec7u r\u00f5 r\u00e0ng v\u00e0 \u0111\u00e1ng tin c\u1eady. V\u1edbi c\u00e1c t\u00f9y ch\u1ecdn \u0111\u1ea7u ra linh ho\u1ea1t nh\u01b0 r\u01a1le b\u00e1o \u0111\u1ed9ng, \u0111\u1ea7u ra analog v\u00e0 giao ti\u1ebfp RS485 Modbus RTU, UMA5 t\u00edch h\u1ee3p m\u01b0\u1ee3t m\u00e0 v\u00e0o c\u00e1c h\u1ec7 th\u1ed1ng t\u1ef1 \u0111\u1ed9ng h\u00f3a c\u00f4ng nghi\u1ec7p. V\u1ecf ch\u1ed1ng ch\u00e1y v\u00e0 d\u1ea3i ngu\u1ed3n \u0111i\u1ec7n r\u1ed9ng gi\u00fap UMA5 tr\u1edf th\u00e0nh gi\u1ea3i ph\u00e1p b\u1ec1n b\u1ec9 v\u00e0 \u0111a n\u0103ng cho c\u00e1c \u1ee9ng d\u1ee5ng gi\u00e1m s\u00e1t thi\u1ebft b\u1ecb, \u0111i\u1ec1u khi\u1ec3n qu\u00e1 tr\u00ecnh v\u00e0 qu\u1ea3n l\u00fd n\u0103ng l\u01b0\u1ee3ng.<\/p>","protected":false},"excerpt":{"rendered":"<ul>\n<li>\u0110\u1ed9 \u1ed5n \u0111\u1ecbnh cao v\u00e0 an to\u00e0n v\u1edbi v\u1ecf ch\u1ed1ng ch\u00e1y.<\/li>\n<li>M\u00e0n h\u00ecnh LED \u0111\u1ed9 s\u00e1ng cao v\u1edbi gi\u00e1 tr\u1ecb hi\u1ec3n th\u1ecb t\u1ed1i \u0111a l\u00ean \u0111\u1ebfn 5 ch\u1eef s\u1ed1.<\/li>\n<li>Tu\u00e2n th\u1ee7 c\u00e1c ti\u00eau chu\u1ea9n Conformit\u00e9 Europ\u00e9enne (CE)<\/li>\n<\/ul>","protected":false},"featured_media":2635,"template":"","meta":{"_acf_changed":false},"product_brand":[40],"product_cat":[66],"product_tag":[],"class_list":{"0":"post-2628","1":"product","2":"type-product","3":"status-publish","4":"has-post-thumbnail","6":"product_brand-sj-gauge","7":"product_cat-digital-panel-meter","9":"first","10":"instock","11":"shipping-taxable","12":"product-type-simple"},"acf":[],"yoast_head":"<!-- This site is optimized with the Yoast SEO Premium plugin v26.7 (Yoast SEO v27.4) - https:\/\/yoast.com\/product\/yoast-seo-premium-wordpress\/ -->\n<title>Multi-purpose Digital Panel Meter, 5 Digits - SJ Gauge | Pressure Gauges, Thermometers &amp; Pressure Sensors<\/title>\n<meta name=\"description\" content=\"UMA5 digital panel meter features a high-brightness LED display for excellent clarity. It is equipped with pressure discharge control\" \/>\n<meta name=\"robots\" content=\"index, follow, max-snippet:-1, max-image-preview:large, max-video-preview:-1\" \/>\n<link rel=\"canonical\" href=\"https:\/\/www.sj-gauge.com\/vi\/san-pham\/uma5\/\" \/>\n<meta property=\"og:locale\" content=\"vi_VN\" \/>\n<meta property=\"og:type\" content=\"article\" \/>\n<meta property=\"og:title\" content=\"Multi-purpose Digital Panel Meter, 5 Digits\" \/>\n<meta property=\"og:description\" content=\"UMA5 digital panel meter features a high-brightness LED display for excellent clarity. It is equipped with pressure discharge control\" \/>\n<meta property=\"og:url\" content=\"https:\/\/www.sj-gauge.com\/vi\/san-pham\/uma5\/\" \/>\n<meta property=\"og:site_name\" content=\"SJ Gauge | Pressure Gauges, Thermometers &amp; Pressure Sensors\" \/>\n<meta property=\"article:modified_time\" content=\"2026-01-28T05:28:52+00:00\" \/>\n<meta property=\"og:image\" content=\"https:\/\/www.sj-gauge.com\/wp-content\/uploads\/2025\/12\/SJ-Gauge_Multi-purpose_Digital_Panel_Meter_5Digits_L.jpg\" \/>\n\t<meta property=\"og:image:width\" content=\"1200\" \/>\n\t<meta property=\"og:image:height\" content=\"1000\" \/>\n\t<meta property=\"og:image:type\" content=\"image\/jpeg\" \/>\n<meta name=\"twitter:card\" content=\"summary_large_image\" \/>\n<meta name=\"twitter:label1\" content=\"\u01af\u1edbc t\u00ednh th\u1eddi gian \u0111\u1ecdc\" \/>\n\t<meta name=\"twitter:data1\" content=\"1 ph\u00fat\" \/>\n<script type=\"application\/ld+json\" class=\"yoast-schema-graph\">{\"@context\":\"https:\\\/\\\/schema.org\",\"@graph\":[{\"@type\":\"WebPage\",\"@id\":\"https:\\\/\\\/www.sj-gauge.com\\\/product\\\/uma5\\\/\",\"url\":\"https:\\\/\\\/www.sj-gauge.com\\\/product\\\/uma5\\\/\",\"name\":\"Multi-purpose Digital Panel Meter, 5 Digits - SJ Gauge | Pressure Gauges, Thermometers &amp; Pressure Sensors\",\"isPartOf\":{\"@id\":\"https:\\\/\\\/www.sj-gauge.com\\\/#website\"},\"primaryImageOfPage\":{\"@id\":\"https:\\\/\\\/www.sj-gauge.com\\\/product\\\/uma5\\\/#primaryimage\"},\"image\":{\"@id\":\"https:\\\/\\\/www.sj-gauge.com\\\/product\\\/uma5\\\/#primaryimage\"},\"thumbnailUrl\":\"https:\\\/\\\/www.sj-gauge.com\\\/wp-content\\\/uploads\\\/2025\\\/12\\\/SJ-Gauge_Multi-purpose_Digital_Panel_Meter_5Digits_L.jpg\",\"datePublished\":\"2025-12-16T06:13:04+00:00\",\"dateModified\":\"2026-01-28T05:28:52+00:00\",\"description\":\"UMA5 digital panel meter features a high-brightness LED display for excellent clarity. It is equipped with pressure discharge control\",\"breadcrumb\":{\"@id\":\"https:\\\/\\\/www.sj-gauge.com\\\/product\\\/uma5\\\/#breadcrumb\"},\"inLanguage\":\"vi\",\"potentialAction\":[{\"@type\":\"ReadAction\",\"target\":[\"https:\\\/\\\/www.sj-gauge.com\\\/product\\\/uma5\\\/\"]}]},{\"@type\":\"ImageObject\",\"inLanguage\":\"vi\",\"@id\":\"https:\\\/\\\/www.sj-gauge.com\\\/product\\\/uma5\\\/#primaryimage\",\"url\":\"https:\\\/\\\/www.sj-gauge.com\\\/wp-content\\\/uploads\\\/2025\\\/12\\\/SJ-Gauge_Multi-purpose_Digital_Panel_Meter_5Digits_L.jpg\",\"contentUrl\":\"https:\\\/\\\/www.sj-gauge.com\\\/wp-content\\\/uploads\\\/2025\\\/12\\\/SJ-Gauge_Multi-purpose_Digital_Panel_Meter_5Digits_L.jpg\",\"width\":1200,\"height\":1000},{\"@type\":\"BreadcrumbList\",\"@id\":\"https:\\\/\\\/www.sj-gauge.com\\\/product\\\/uma5\\\/#breadcrumb\",\"itemListElement\":[{\"@type\":\"ListItem\",\"position\":1,\"name\":\"Home\",\"item\":\"https:\\\/\\\/www.sj-gauge.com\\\/\"},{\"@type\":\"ListItem\",\"position\":2,\"name\":\"Products\",\"item\":\"https:\\\/\\\/www.sj-gauge.com\\\/products\\\/\"},{\"@type\":\"ListItem\",\"position\":3,\"name\":\"Multi-purpose Digital Panel Meter, 5 Digits\"}]},{\"@type\":\"WebSite\",\"@id\":\"https:\\\/\\\/www.sj-gauge.com\\\/#website\",\"url\":\"https:\\\/\\\/www.sj-gauge.com\\\/\",\"name\":\"SJ Gauge | Pressure Gauges, Thermometers &amp; Pressure Sensors\",\"description\":\"Manufacturer of industrial pressure gauges, pressure sensors, and transmitters. SJ Gauge provides high accuracy, durable materials, and custom solutions for oil &amp; gas, chemical, and industrial applications.\",\"publisher\":{\"@id\":\"https:\\\/\\\/www.sj-gauge.com\\\/#organization\"},\"potentialAction\":[{\"@type\":\"SearchAction\",\"target\":{\"@type\":\"EntryPoint\",\"urlTemplate\":\"https:\\\/\\\/www.sj-gauge.com\\\/?s={search_term_string}\"},\"query-input\":{\"@type\":\"PropertyValueSpecification\",\"valueRequired\":true,\"valueName\":\"search_term_string\"}}],\"inLanguage\":\"vi\"},{\"@type\":\"Organization\",\"@id\":\"https:\\\/\\\/www.sj-gauge.com\\\/#organization\",\"name\":\"SJ Gauge | Pressure Gauges, Thermometers &amp; Pressure Sensors\",\"url\":\"https:\\\/\\\/www.sj-gauge.com\\\/\",\"logo\":{\"@type\":\"ImageObject\",\"inLanguage\":\"vi\",\"@id\":\"https:\\\/\\\/www.sj-gauge.com\\\/#\\\/schema\\\/logo\\\/image\\\/\",\"url\":\"https:\\\/\\\/www.sj-gauge.com\\\/wp-content\\\/uploads\\\/2025\\\/09\\\/logo.webp\",\"contentUrl\":\"https:\\\/\\\/www.sj-gauge.com\\\/wp-content\\\/uploads\\\/2025\\\/09\\\/logo.webp\",\"width\":348,\"height\":184,\"caption\":\"SJ Gauge | Pressure Gauges, Thermometers &amp; Pressure Sensors\"},\"image\":{\"@id\":\"https:\\\/\\\/www.sj-gauge.com\\\/#\\\/schema\\\/logo\\\/image\\\/\"}}]}<\/script>\n<!-- \/ Yoast SEO Premium plugin. -->","yoast_head_json":{"title":"M\u00e1y \u0111o k\u1ef9 thu\u1eadt s\u1ed1 \u0111a n\u0103ng, 4 ch\u1eef s\u1ed1 - SJ Gauge | \u0110\u1ed3ng h\u1ed3 \u0111o \u00e1p su\u1ea5t, nhi\u1ec7t k\u1ebf &amp; c\u1ea3m bi\u1ebfn \u00e1p su\u1ea5t","description":"M\u00e1y \u0111o b\u1ea3ng \u0111i\u1ec1u khi\u1ec3n k\u1ef9 thu\u1eadt s\u1ed1 UMA5 \u0111\u01b0\u1ee3c trang b\u1ecb m\u00e0n h\u00ecnh LED \u0111\u1ed9 s\u00e1ng cao, mang l\u1ea1i \u0111\u1ed9 r\u00f5 n\u00e9t xu\u1ea5t s\u1eafc. Thi\u1ebft b\u1ecb n\u00e0y \u0111\u01b0\u1ee3c trang b\u1ecb h\u1ec7 th\u1ed1ng ki\u1ec3m so\u00e1t x\u1ea3 \u00e1p su\u1ea5t.","robots":{"index":"index","follow":"follow","max-snippet":"max-snippet:-1","max-image-preview":"max-image-preview:large","max-video-preview":"max-video-preview:-1"},"canonical":"https:\/\/www.sj-gauge.com\/vi\/san-pham\/uma5\/","og_locale":"vi_VN","og_type":"article","og_title":"Multi-purpose Digital Panel Meter, 5 Digits","og_description":"UMA5 digital panel meter features a high-brightness LED display for excellent clarity. It is equipped with pressure discharge control","og_url":"https:\/\/www.sj-gauge.com\/vi\/san-pham\/uma5\/","og_site_name":"SJ Gauge | Pressure Gauges, Thermometers &amp; Pressure Sensors","article_modified_time":"2026-01-28T05:28:52+00:00","og_image":[{"width":1200,"height":1000,"url":"https:\/\/www.sj-gauge.com\/wp-content\/uploads\/2025\/12\/SJ-Gauge_Multi-purpose_Digital_Panel_Meter_5Digits_L.jpg","type":"image\/jpeg"}],"twitter_card":"summary_large_image","twitter_misc":{"\u01af\u1edbc t\u00ednh th\u1eddi gian \u0111\u1ecdc":"1 ph\u00fat"},"schema":{"@context":"https:\/\/schema.org","@graph":[{"@type":"WebPage","@id":"https:\/\/www.sj-gauge.com\/product\/uma5\/","url":"https:\/\/www.sj-gauge.com\/product\/uma5\/","name":"M\u00e1y \u0111o k\u1ef9 thu\u1eadt s\u1ed1 \u0111a n\u0103ng, 4 ch\u1eef s\u1ed1 - SJ Gauge | \u0110\u1ed3ng h\u1ed3 \u0111o \u00e1p su\u1ea5t, nhi\u1ec7t k\u1ebf &amp; c\u1ea3m bi\u1ebfn \u00e1p su\u1ea5t","isPartOf":{"@id":"https:\/\/www.sj-gauge.com\/#website"},"primaryImageOfPage":{"@id":"https:\/\/www.sj-gauge.com\/product\/uma5\/#primaryimage"},"image":{"@id":"https:\/\/www.sj-gauge.com\/product\/uma5\/#primaryimage"},"thumbnailUrl":"https:\/\/www.sj-gauge.com\/wp-content\/uploads\/2025\/12\/SJ-Gauge_Multi-purpose_Digital_Panel_Meter_5Digits_L.jpg","datePublished":"2025-12-16T06:13:04+00:00","dateModified":"2026-01-28T05:28:52+00:00","description":"M\u00e1y \u0111o b\u1ea3ng \u0111i\u1ec1u khi\u1ec3n k\u1ef9 thu\u1eadt s\u1ed1 UMA5 \u0111\u01b0\u1ee3c trang b\u1ecb m\u00e0n h\u00ecnh LED \u0111\u1ed9 s\u00e1ng cao, mang l\u1ea1i \u0111\u1ed9 r\u00f5 n\u00e9t xu\u1ea5t s\u1eafc. Thi\u1ebft b\u1ecb n\u00e0y \u0111\u01b0\u1ee3c trang b\u1ecb h\u1ec7 th\u1ed1ng ki\u1ec3m so\u00e1t x\u1ea3 \u00e1p su\u1ea5t.","breadcrumb":{"@id":"https:\/\/www.sj-gauge.com\/product\/uma5\/#breadcrumb"},"inLanguage":"vi","potentialAction":[{"@type":"ReadAction","target":["https:\/\/www.sj-gauge.com\/product\/uma5\/"]}]},{"@type":"ImageObject","inLanguage":"vi","@id":"https:\/\/www.sj-gauge.com\/product\/uma5\/#primaryimage","url":"https:\/\/www.sj-gauge.com\/wp-content\/uploads\/2025\/12\/SJ-Gauge_Multi-purpose_Digital_Panel_Meter_5Digits_L.jpg","contentUrl":"https:\/\/www.sj-gauge.com\/wp-content\/uploads\/2025\/12\/SJ-Gauge_Multi-purpose_Digital_Panel_Meter_5Digits_L.jpg","width":1200,"height":1000},{"@type":"BreadcrumbList","@id":"https:\/\/www.sj-gauge.com\/product\/uma5\/#breadcrumb","itemListElement":[{"@type":"ListItem","position":1,"name":"Home","item":"https:\/\/www.sj-gauge.com\/"},{"@type":"ListItem","position":2,"name":"Products","item":"https:\/\/www.sj-gauge.com\/products\/"},{"@type":"ListItem","position":3,"name":"Multi-purpose Digital Panel Meter, 5 Digits"}]},{"@type":"WebSite","@id":"https:\/\/www.sj-gauge.com\/#website","url":"https:\/\/www.sj-gauge.com\/","name":"SJ Gauge | \u0110\u1ed3ng h\u1ed3 \u0111o \u00e1p su\u1ea5t, nhi\u1ec7t k\u1ebf v\u00e0 c\u1ea3m bi\u1ebfn \u00e1p su\u1ea5t","description":"Nh\u00e0 s\u1ea3n xu\u1ea5t \u0111\u1ed3ng h\u1ed3 \u0111o \u00e1p su\u1ea5t c\u00f4ng nghi\u1ec7p, c\u1ea3m bi\u1ebfn \u00e1p su\u1ea5t v\u00e0 b\u1ed9 truy\u1ec1n t\u00edn hi\u1ec7u. SJ Gauge cung c\u1ea5p c\u00e1c s\u1ea3n ph\u1ea9m c\u00f3 \u0111\u1ed9 ch\u00ednh x\u00e1c cao, \u0111\u01b0\u1ee3c ch\u1ebf t\u1ea1o t\u1eeb v\u1eadt li\u1ec7u b\u1ec1n b\u1ec9 v\u00e0 c\u00e1c gi\u1ea3i ph\u00e1p t\u00f9y ch\u1ec9nh d\u00e0nh cho c\u00e1c \u1ee9ng d\u1ee5ng trong ng\u00e0nh d\u1ea7u kh\u00ed, h\u00f3a ch\u1ea5t v\u00e0 c\u00f4ng nghi\u1ec7p.","publisher":{"@id":"https:\/\/www.sj-gauge.com\/#organization"},"potentialAction":[{"@type":"SearchAction","target":{"@type":"EntryPoint","urlTemplate":"https:\/\/www.sj-gauge.com\/?s={search_term_string}"},"query-input":{"@type":"PropertyValueSpecification","valueRequired":true,"valueName":"search_term_string"}}],"inLanguage":"vi"},{"@type":"Organization","@id":"https:\/\/www.sj-gauge.com\/#organization","name":"SJ Gauge | \u0110\u1ed3ng h\u1ed3 \u0111o \u00e1p su\u1ea5t, nhi\u1ec7t k\u1ebf v\u00e0 c\u1ea3m bi\u1ebfn \u00e1p su\u1ea5t","url":"https:\/\/www.sj-gauge.com\/","logo":{"@type":"ImageObject","inLanguage":"vi","@id":"https:\/\/www.sj-gauge.com\/#\/schema\/logo\/image\/","url":"https:\/\/www.sj-gauge.com\/wp-content\/uploads\/2025\/09\/logo.webp","contentUrl":"https:\/\/www.sj-gauge.com\/wp-content\/uploads\/2025\/09\/logo.webp","width":348,"height":184,"caption":"SJ Gauge | Pressure Gauges, Thermometers &amp; Pressure Sensors"},"image":{"@id":"https:\/\/www.sj-gauge.com\/#\/schema\/logo\/image\/"}}]}},"_links":{"self":[{"href":"https:\/\/www.sj-gauge.com\/vi\/wp-json\/wp\/v2\/product\/2628","targetHints":{"allow":["GET"]}}],"collection":[{"href":"https:\/\/www.sj-gauge.com\/vi\/wp-json\/wp\/v2\/product"}],"about":[{"href":"https:\/\/www.sj-gauge.com\/vi\/wp-json\/wp\/v2\/types\/product"}],"wp:featuredmedia":[{"embeddable":true,"href":"https:\/\/www.sj-gauge.com\/vi\/wp-json\/wp\/v2\/media\/2635"}],"wp:attachment":[{"href":"https:\/\/www.sj-gauge.com\/vi\/wp-json\/wp\/v2\/media?parent=2628"}],"wp:term":[{"taxonomy":"product_brand","embeddable":true,"href":"https:\/\/www.sj-gauge.com\/vi\/wp-json\/wp\/v2\/product_brand?post=2628"},{"taxonomy":"product_cat","embeddable":true,"href":"https:\/\/www.sj-gauge.com\/vi\/wp-json\/wp\/v2\/product_cat?post=2628"},{"taxonomy":"product_tag","embeddable":true,"href":"https:\/\/www.sj-gauge.com\/vi\/wp-json\/wp\/v2\/product_tag?post=2628"}],"curies":[{"name":"wp","href":"https:\/\/api.w.org\/{rel}","templated":true}]}}