{"id":2636,"date":"2025-12-16T14:23:28","date_gmt":"2025-12-16T06:23:28","guid":{"rendered":"https:\/\/sj-gauge.com\/?post_type=product&#038;p=2636"},"modified":"2026-01-28T13:31:18","modified_gmt":"2026-01-28T05:31:18","slug":"lmpl","status":"publish","type":"product","link":"https:\/\/www.sj-gauge.com\/vi\/san-pham\/lmpl\/","title":{"rendered":"M\u00e0n h\u00ecnh hi\u1ec3n th\u1ecb k\u1ef9 thu\u1eadt s\u1ed1 c\u00f3 m\u00e0n h\u00ecnh l\u1edbn"},"content":{"rendered":"<p>M\u00e1y \u0111o k\u1ef9 thu\u1eadt s\u1ed1 m\u00e0n h\u00ecnh l\u1edbn LMPL \u0111\u01b0\u1ee3c thi\u1ebft k\u1ebf \u0111\u1ec3 \u0111\u1ecdc r\u00f5 r\u00e0ng t\u1eeb xa, trang b\u1ecb m\u00e0n h\u00ecnh LED \u0111\u1ed9 s\u00e1ng cao v\u1edbi k\u00fd t\u1ef1 l\u1edbn (2,3 inch ho\u1eb7c 4 inch) \u0111\u1ec3 hi\u1ec3n th\u1ecb th\u1eddi gian th\u1ef1c c\u00e1c th\u00f4ng s\u1ed1 \u00e1p su\u1ea5t, m\u1ee9c v\u00e0 c\u00e1c t\u00edn hi\u1ec7u qu\u00e1 tr\u00ecnh kh\u00e1c. Thi\u1ebft b\u1ecb \u0111\u1ea3m b\u1ea3o kh\u1ea3 n\u0103ng \u0111\u1ecdc t\u1ed1t trong nh\u00e0 m\u00e1y, ph\u00f2ng \u0111i\u1ec1u khi\u1ec3n v\u00e0 c\u00e1c \u1ee9ng d\u1ee5ng ngo\u00e0i tr\u1eddi. V\u1edbi giao ti\u1ebfp RS485 Modbus RTU v\u00e0 nhi\u1ec1u \u0111\u1ea7u ra c\u1ea3nh b\u00e1o, LMPL d\u1ec5 d\u00e0ng t\u00edch h\u1ee3p v\u1edbi c\u00e1c c\u1ea3m bi\u1ebfn, b\u1ed9 truy\u1ec1n t\u00edn hi\u1ec7u v\u00e0 h\u1ec7 th\u1ed1ng t\u1ef1 \u0111\u1ed9ng h\u00f3a. Thi\u1ebft b\u1ecb n\u00e0y \u0111\u01b0\u1ee3c s\u1eed d\u1ee5ng r\u1ed9ng r\u00e3i trong c\u00e1c \u1ee9ng d\u1ee5ng x\u1eed l\u00fd n\u01b0\u1edbc, n\u0103ng l\u01b0\u1ee3ng, ch\u1ebf bi\u1ebfn h\u00f3a ch\u1ea5t, d\u00e2y chuy\u1ec1n s\u1ea3n xu\u1ea5t v\u00e0 hi\u1ec3n th\u1ecb c\u00f4ng c\u1ed9ng, n\u01a1i kh\u1ea3 n\u0103ng hi\u1ec3n th\u1ecb cao v\u00e0 gi\u00e1m s\u00e1t \u0111\u00e1ng tin c\u1eady l\u00e0 y\u1ebfu t\u1ed1 thi\u1ebft y\u1ebfu.<\/p>","protected":false},"excerpt":{"rendered":"<ul>\n<li>S\u1eed d\u1ee5ng giao th\u1ee9c truy\u1ec1n th\u00f4ng RS485 v\u00e0 \u0111\u01b0\u1ee3c trang b\u1ecb t\u1eeb m\u1ed9t \u0111\u1ebfn hai b\u1ed9 \u0111\u1ea7u ra b\u00e1o \u0111\u1ed9ng.<\/li>\n<li>\u0110\u01b0\u1ee3c trang b\u1ecb m\u00e0n h\u00ecnh hi\u1ec3n th\u1ecb l\u1edbn, c\u00f3 th\u1ec3 hi\u1ec3n th\u1ecb c\u00e1c thay \u0111\u1ed5i v\u1ec1 \u00e1p su\u1ea5t v\u00e0 m\u1ee9c ch\u1ea5t l\u1ecfng theo th\u1eddi gian th\u1ef1c.<\/li>\n<\/ul>","protected":false},"featured_media":2639,"template":"","meta":{"_acf_changed":false},"product_brand":[40],"product_cat":[66],"product_tag":[],"class_list":{"0":"post-2636","1":"product","2":"type-product","3":"status-publish","4":"has-post-thumbnail","6":"product_brand-sj-gauge","7":"product_cat-digital-panel-meter","9":"first","10":"instock","11":"shipping-taxable","12":"product-type-simple"},"acf":[],"yoast_head":"<!-- This site is optimized with the Yoast SEO Premium plugin v26.7 (Yoast SEO v27.4) - https:\/\/yoast.com\/product\/yoast-seo-premium-wordpress\/ -->\n<title>Large Screen Display Digital Panel Meter - SJ Gauge | Pressure Gauges, Thermometers &amp; Pressure Sensors<\/title>\n<meta name=\"description\" content=\"LMPL digital panel meter features a large display, supports RS485 communication, delivers real-time data updates, and includes alarm outputs for enhanced\" \/>\n<meta name=\"robots\" content=\"index, follow, max-snippet:-1, max-image-preview:large, max-video-preview:-1\" \/>\n<link rel=\"canonical\" href=\"https:\/\/www.sj-gauge.com\/vi\/san-pham\/lmpl\/\" \/>\n<meta property=\"og:locale\" content=\"vi_VN\" \/>\n<meta property=\"og:type\" content=\"article\" \/>\n<meta property=\"og:title\" content=\"Large Screen Display Digital Panel Meter\" \/>\n<meta property=\"og:description\" content=\"LMPL digital panel meter features a large display, supports RS485 communication, delivers real-time data updates, and includes alarm outputs for enhanced\" \/>\n<meta property=\"og:url\" content=\"https:\/\/www.sj-gauge.com\/vi\/san-pham\/lmpl\/\" \/>\n<meta property=\"og:site_name\" content=\"SJ Gauge | Pressure Gauges, Thermometers &amp; Pressure Sensors\" \/>\n<meta property=\"article:modified_time\" content=\"2026-01-28T05:31:18+00:00\" \/>\n<meta property=\"og:image\" content=\"https:\/\/www.sj-gauge.com\/wp-content\/uploads\/2025\/12\/SJ-Gauge_large_screen_display_digital_panel_meter_L.jpg\" \/>\n\t<meta property=\"og:image:width\" content=\"1200\" \/>\n\t<meta property=\"og:image:height\" content=\"1000\" \/>\n\t<meta property=\"og:image:type\" content=\"image\/jpeg\" \/>\n<meta name=\"twitter:card\" content=\"summary_large_image\" \/>\n<meta name=\"twitter:label1\" content=\"\u01af\u1edbc t\u00ednh th\u1eddi gian \u0111\u1ecdc\" \/>\n\t<meta name=\"twitter:data1\" content=\"1 ph\u00fat\" \/>\n<script type=\"application\/ld+json\" class=\"yoast-schema-graph\">{\"@context\":\"https:\\\/\\\/schema.org\",\"@graph\":[{\"@type\":\"WebPage\",\"@id\":\"https:\\\/\\\/www.sj-gauge.com\\\/product\\\/lmpl\\\/\",\"url\":\"https:\\\/\\\/www.sj-gauge.com\\\/product\\\/lmpl\\\/\",\"name\":\"Large Screen Display Digital Panel Meter - SJ Gauge | Pressure Gauges, Thermometers &amp; Pressure Sensors\",\"isPartOf\":{\"@id\":\"https:\\\/\\\/www.sj-gauge.com\\\/#website\"},\"primaryImageOfPage\":{\"@id\":\"https:\\\/\\\/www.sj-gauge.com\\\/product\\\/lmpl\\\/#primaryimage\"},\"image\":{\"@id\":\"https:\\\/\\\/www.sj-gauge.com\\\/product\\\/lmpl\\\/#primaryimage\"},\"thumbnailUrl\":\"https:\\\/\\\/www.sj-gauge.com\\\/wp-content\\\/uploads\\\/2025\\\/12\\\/SJ-Gauge_large_screen_display_digital_panel_meter_L.jpg\",\"datePublished\":\"2025-12-16T06:23:28+00:00\",\"dateModified\":\"2026-01-28T05:31:18+00:00\",\"description\":\"LMPL digital panel meter features a large display, supports RS485 communication, delivers real-time data updates, and includes alarm outputs for enhanced\",\"breadcrumb\":{\"@id\":\"https:\\\/\\\/www.sj-gauge.com\\\/product\\\/lmpl\\\/#breadcrumb\"},\"inLanguage\":\"vi\",\"potentialAction\":[{\"@type\":\"ReadAction\",\"target\":[\"https:\\\/\\\/www.sj-gauge.com\\\/product\\\/lmpl\\\/\"]}]},{\"@type\":\"ImageObject\",\"inLanguage\":\"vi\",\"@id\":\"https:\\\/\\\/www.sj-gauge.com\\\/product\\\/lmpl\\\/#primaryimage\",\"url\":\"https:\\\/\\\/www.sj-gauge.com\\\/wp-content\\\/uploads\\\/2025\\\/12\\\/SJ-Gauge_large_screen_display_digital_panel_meter_L.jpg\",\"contentUrl\":\"https:\\\/\\\/www.sj-gauge.com\\\/wp-content\\\/uploads\\\/2025\\\/12\\\/SJ-Gauge_large_screen_display_digital_panel_meter_L.jpg\",\"width\":1200,\"height\":1000},{\"@type\":\"BreadcrumbList\",\"@id\":\"https:\\\/\\\/www.sj-gauge.com\\\/product\\\/lmpl\\\/#breadcrumb\",\"itemListElement\":[{\"@type\":\"ListItem\",\"position\":1,\"name\":\"Home\",\"item\":\"https:\\\/\\\/www.sj-gauge.com\\\/\"},{\"@type\":\"ListItem\",\"position\":2,\"name\":\"Products\",\"item\":\"https:\\\/\\\/www.sj-gauge.com\\\/products\\\/\"},{\"@type\":\"ListItem\",\"position\":3,\"name\":\"Large Screen Display Digital Panel Meter\"}]},{\"@type\":\"WebSite\",\"@id\":\"https:\\\/\\\/www.sj-gauge.com\\\/#website\",\"url\":\"https:\\\/\\\/www.sj-gauge.com\\\/\",\"name\":\"SJ Gauge | Pressure Gauges, Thermometers &amp; Pressure Sensors\",\"description\":\"Manufacturer of industrial pressure gauges, pressure sensors, and transmitters. SJ Gauge provides high accuracy, durable materials, and custom solutions for oil &amp; gas, chemical, and industrial applications.\",\"publisher\":{\"@id\":\"https:\\\/\\\/www.sj-gauge.com\\\/#organization\"},\"potentialAction\":[{\"@type\":\"SearchAction\",\"target\":{\"@type\":\"EntryPoint\",\"urlTemplate\":\"https:\\\/\\\/www.sj-gauge.com\\\/?s={search_term_string}\"},\"query-input\":{\"@type\":\"PropertyValueSpecification\",\"valueRequired\":true,\"valueName\":\"search_term_string\"}}],\"inLanguage\":\"vi\"},{\"@type\":\"Organization\",\"@id\":\"https:\\\/\\\/www.sj-gauge.com\\\/#organization\",\"name\":\"SJ Gauge | Pressure Gauges, Thermometers &amp; Pressure Sensors\",\"url\":\"https:\\\/\\\/www.sj-gauge.com\\\/\",\"logo\":{\"@type\":\"ImageObject\",\"inLanguage\":\"vi\",\"@id\":\"https:\\\/\\\/www.sj-gauge.com\\\/#\\\/schema\\\/logo\\\/image\\\/\",\"url\":\"https:\\\/\\\/www.sj-gauge.com\\\/wp-content\\\/uploads\\\/2025\\\/09\\\/logo.webp\",\"contentUrl\":\"https:\\\/\\\/www.sj-gauge.com\\\/wp-content\\\/uploads\\\/2025\\\/09\\\/logo.webp\",\"width\":348,\"height\":184,\"caption\":\"SJ Gauge | Pressure Gauges, Thermometers &amp; Pressure Sensors\"},\"image\":{\"@id\":\"https:\\\/\\\/www.sj-gauge.com\\\/#\\\/schema\\\/logo\\\/image\\\/\"}}]}<\/script>\n<!-- \/ Yoast SEO Premium plugin. -->","yoast_head_json":{"title":"M\u00e1y \u0111o k\u1ef9 thu\u1eadt s\u1ed1 m\u00e0n h\u00ecnh l\u1edbn - SJ Gauge | \u0110\u1ed3ng h\u1ed3 \u0111o \u00e1p su\u1ea5t, nhi\u1ec7t k\u1ebf v\u00e0 c\u1ea3m bi\u1ebfn \u00e1p su\u1ea5t","description":"M\u00e1y \u0111o k\u1ef9 thu\u1eadt s\u1ed1 LMPL c\u00f3 m\u00e0n h\u00ecnh l\u1edbn, h\u1ed7 tr\u1ee3 giao ti\u1ebfp RS485, cung c\u1ea5p c\u1eadp nh\u1eadt d\u1eef li\u1ec7u th\u1eddi gian th\u1ef1c v\u00e0 bao g\u1ed3m c\u00e1c \u0111\u1ea7u ra c\u1ea3nh b\u00e1o \u0111\u1ec3 n\u00e2ng cao t\u00ednh n\u0103ng.","robots":{"index":"index","follow":"follow","max-snippet":"max-snippet:-1","max-image-preview":"max-image-preview:large","max-video-preview":"max-video-preview:-1"},"canonical":"https:\/\/www.sj-gauge.com\/vi\/san-pham\/lmpl\/","og_locale":"vi_VN","og_type":"article","og_title":"Large Screen Display Digital Panel Meter","og_description":"LMPL digital panel meter features a large display, supports RS485 communication, delivers real-time data updates, and includes alarm outputs for enhanced","og_url":"https:\/\/www.sj-gauge.com\/vi\/san-pham\/lmpl\/","og_site_name":"SJ Gauge | Pressure Gauges, Thermometers &amp; Pressure Sensors","article_modified_time":"2026-01-28T05:31:18+00:00","og_image":[{"width":1200,"height":1000,"url":"https:\/\/www.sj-gauge.com\/wp-content\/uploads\/2025\/12\/SJ-Gauge_large_screen_display_digital_panel_meter_L.jpg","type":"image\/jpeg"}],"twitter_card":"summary_large_image","twitter_misc":{"\u01af\u1edbc t\u00ednh th\u1eddi gian \u0111\u1ecdc":"1 ph\u00fat"},"schema":{"@context":"https:\/\/schema.org","@graph":[{"@type":"WebPage","@id":"https:\/\/www.sj-gauge.com\/product\/lmpl\/","url":"https:\/\/www.sj-gauge.com\/product\/lmpl\/","name":"M\u00e1y \u0111o k\u1ef9 thu\u1eadt s\u1ed1 m\u00e0n h\u00ecnh l\u1edbn - SJ Gauge | \u0110\u1ed3ng h\u1ed3 \u0111o \u00e1p su\u1ea5t, nhi\u1ec7t k\u1ebf v\u00e0 c\u1ea3m bi\u1ebfn \u00e1p su\u1ea5t","isPartOf":{"@id":"https:\/\/www.sj-gauge.com\/#website"},"primaryImageOfPage":{"@id":"https:\/\/www.sj-gauge.com\/product\/lmpl\/#primaryimage"},"image":{"@id":"https:\/\/www.sj-gauge.com\/product\/lmpl\/#primaryimage"},"thumbnailUrl":"https:\/\/www.sj-gauge.com\/wp-content\/uploads\/2025\/12\/SJ-Gauge_large_screen_display_digital_panel_meter_L.jpg","datePublished":"2025-12-16T06:23:28+00:00","dateModified":"2026-01-28T05:31:18+00:00","description":"M\u00e1y \u0111o k\u1ef9 thu\u1eadt s\u1ed1 LMPL c\u00f3 m\u00e0n h\u00ecnh l\u1edbn, h\u1ed7 tr\u1ee3 giao ti\u1ebfp RS485, cung c\u1ea5p c\u1eadp nh\u1eadt d\u1eef li\u1ec7u th\u1eddi gian th\u1ef1c v\u00e0 bao g\u1ed3m c\u00e1c \u0111\u1ea7u ra c\u1ea3nh b\u00e1o \u0111\u1ec3 n\u00e2ng cao t\u00ednh n\u0103ng.","breadcrumb":{"@id":"https:\/\/www.sj-gauge.com\/product\/lmpl\/#breadcrumb"},"inLanguage":"vi","potentialAction":[{"@type":"ReadAction","target":["https:\/\/www.sj-gauge.com\/product\/lmpl\/"]}]},{"@type":"ImageObject","inLanguage":"vi","@id":"https:\/\/www.sj-gauge.com\/product\/lmpl\/#primaryimage","url":"https:\/\/www.sj-gauge.com\/wp-content\/uploads\/2025\/12\/SJ-Gauge_large_screen_display_digital_panel_meter_L.jpg","contentUrl":"https:\/\/www.sj-gauge.com\/wp-content\/uploads\/2025\/12\/SJ-Gauge_large_screen_display_digital_panel_meter_L.jpg","width":1200,"height":1000},{"@type":"BreadcrumbList","@id":"https:\/\/www.sj-gauge.com\/product\/lmpl\/#breadcrumb","itemListElement":[{"@type":"ListItem","position":1,"name":"Home","item":"https:\/\/www.sj-gauge.com\/"},{"@type":"ListItem","position":2,"name":"Products","item":"https:\/\/www.sj-gauge.com\/products\/"},{"@type":"ListItem","position":3,"name":"Large Screen Display Digital Panel Meter"}]},{"@type":"WebSite","@id":"https:\/\/www.sj-gauge.com\/#website","url":"https:\/\/www.sj-gauge.com\/","name":"SJ Gauge | \u0110\u1ed3ng h\u1ed3 \u0111o \u00e1p su\u1ea5t, nhi\u1ec7t k\u1ebf v\u00e0 c\u1ea3m bi\u1ebfn \u00e1p su\u1ea5t","description":"Nh\u00e0 s\u1ea3n xu\u1ea5t \u0111\u1ed3ng h\u1ed3 \u0111o \u00e1p su\u1ea5t c\u00f4ng nghi\u1ec7p, c\u1ea3m bi\u1ebfn \u00e1p su\u1ea5t v\u00e0 b\u1ed9 truy\u1ec1n t\u00edn hi\u1ec7u. SJ Gauge cung c\u1ea5p c\u00e1c s\u1ea3n ph\u1ea9m c\u00f3 \u0111\u1ed9 ch\u00ednh x\u00e1c cao, \u0111\u01b0\u1ee3c ch\u1ebf t\u1ea1o t\u1eeb v\u1eadt li\u1ec7u b\u1ec1n b\u1ec9 v\u00e0 c\u00e1c gi\u1ea3i ph\u00e1p t\u00f9y ch\u1ec9nh d\u00e0nh cho c\u00e1c \u1ee9ng d\u1ee5ng trong ng\u00e0nh d\u1ea7u kh\u00ed, h\u00f3a ch\u1ea5t v\u00e0 c\u00f4ng nghi\u1ec7p.","publisher":{"@id":"https:\/\/www.sj-gauge.com\/#organization"},"potentialAction":[{"@type":"SearchAction","target":{"@type":"EntryPoint","urlTemplate":"https:\/\/www.sj-gauge.com\/?s={search_term_string}"},"query-input":{"@type":"PropertyValueSpecification","valueRequired":true,"valueName":"search_term_string"}}],"inLanguage":"vi"},{"@type":"Organization","@id":"https:\/\/www.sj-gauge.com\/#organization","name":"SJ Gauge | \u0110\u1ed3ng h\u1ed3 \u0111o \u00e1p su\u1ea5t, nhi\u1ec7t k\u1ebf v\u00e0 c\u1ea3m bi\u1ebfn \u00e1p su\u1ea5t","url":"https:\/\/www.sj-gauge.com\/","logo":{"@type":"ImageObject","inLanguage":"vi","@id":"https:\/\/www.sj-gauge.com\/#\/schema\/logo\/image\/","url":"https:\/\/www.sj-gauge.com\/wp-content\/uploads\/2025\/09\/logo.webp","contentUrl":"https:\/\/www.sj-gauge.com\/wp-content\/uploads\/2025\/09\/logo.webp","width":348,"height":184,"caption":"SJ Gauge | Pressure Gauges, Thermometers &amp; Pressure Sensors"},"image":{"@id":"https:\/\/www.sj-gauge.com\/#\/schema\/logo\/image\/"}}]}},"_links":{"self":[{"href":"https:\/\/www.sj-gauge.com\/vi\/wp-json\/wp\/v2\/product\/2636","targetHints":{"allow":["GET"]}}],"collection":[{"href":"https:\/\/www.sj-gauge.com\/vi\/wp-json\/wp\/v2\/product"}],"about":[{"href":"https:\/\/www.sj-gauge.com\/vi\/wp-json\/wp\/v2\/types\/product"}],"wp:featuredmedia":[{"embeddable":true,"href":"https:\/\/www.sj-gauge.com\/vi\/wp-json\/wp\/v2\/media\/2639"}],"wp:attachment":[{"href":"https:\/\/www.sj-gauge.com\/vi\/wp-json\/wp\/v2\/media?parent=2636"}],"wp:term":[{"taxonomy":"product_brand","embeddable":true,"href":"https:\/\/www.sj-gauge.com\/vi\/wp-json\/wp\/v2\/product_brand?post=2636"},{"taxonomy":"product_cat","embeddable":true,"href":"https:\/\/www.sj-gauge.com\/vi\/wp-json\/wp\/v2\/product_cat?post=2636"},{"taxonomy":"product_tag","embeddable":true,"href":"https:\/\/www.sj-gauge.com\/vi\/wp-json\/wp\/v2\/product_tag?post=2636"}],"curies":[{"name":"wp","href":"https:\/\/api.w.org\/{rel}","templated":true}]}}