{"id":2656,"date":"2025-12-17T17:21:11","date_gmt":"2025-12-17T09:21:11","guid":{"rendered":"https:\/\/sj-gauge.com\/?post_type=product&#038;p=2656"},"modified":"2026-01-09T13:49:39","modified_gmt":"2026-01-09T05:49:39","slug":"612-20","status":"publish","type":"product","link":"https:\/\/www.sj-gauge.com\/vi\/san-pham\/612-20\/","title":{"rendered":"\u0110\u1ed3ng h\u1ed3 \u00e1p su\u1ea5t d\u1ea1ng vi\u00ean nang, v\u1ecf b\u1eb1ng h\u1ee3p kim \u0111\u1ed3ng v\u00e0 th\u00e9p kh\u00f4ng g\u1ec9"},"content":{"rendered":"<p>C\u1ea3m bi\u1ebfn \u00e1p su\u1ea5t d\u1ea1ng capsule WIKA model 612.20 \u0111\u01b0\u1ee3c thi\u1ebft k\u1ebf \u0111\u1ec3 \u0111o \u00e1p su\u1ea5t r\u1ea5t th\u1ea5p v\u00e0 ch\u00e2n kh\u00f4ng, s\u1eed d\u1ee5ng y\u1ebfu t\u1ed1 \u0111o capsule \u0111\u00e3 \u0111\u01b0\u1ee3c ch\u1ee9ng minh \u0111\u1ec3 ph\u00e1t hi\u1ec7n ngay c\u1ea3 nh\u1eefng thay \u0111\u1ed5i \u00e1p su\u1ea5t nh\u1ecf nh\u1ea5t v\u1edbi \u0111\u1ed9 ch\u00ednh x\u00e1c cao. V\u1edbi v\u1ecf b\u1eb1ng th\u00e9p kh\u00f4ng g\u1ec9 v\u00e0 h\u1ec7 th\u1ed1ng \u0111o b\u1eb1ng h\u1ee3p kim \u0111\u1ed3ng, s\u1ea3n ph\u1ea9m n\u00e0y mang l\u1ea1i c\u1ea5u tr\u00fac ch\u1eafc ch\u1eafn v\u00e0 hi\u1ec7u su\u1ea5t \u0111\u00e1ng tin c\u1eady trong th\u1eddi gian d\u00e0i. Ch\u1ee9c n\u0103ng \u0111i\u1ec1u ch\u1ec9nh zero ph\u00eda tr\u01b0\u1edbc cho ph\u00e9p hi\u1ec7u chu\u1ea9n t\u1ea1i ch\u1ed7 m\u1ed9t c\u00e1ch d\u1ec5 d\u00e0ng. V\u1edbi d\u1ea3i \u00e1p su\u1ea5t th\u1ea5p \u0111a d\u1ea1ng v\u00e0 c\u00e1c \u0111\u01a1n v\u1ecb \u0111o nh\u01b0 mbar, kPa v\u00e0 inH\u2082O, model 612.20 l\u00e0 l\u1ef1a ch\u1ecdn l\u00fd t\u01b0\u1edfng cho c\u00f4ng ngh\u1ec7 y t\u1ebf, \u1ee9ng d\u1ee5ng ch\u00e2n kh\u00f4ng, gi\u00e1m s\u00e1t m\u00f4i tr\u01b0\u1eddng, ph\u00f2ng th\u00ed nghi\u1ec7m, gi\u00e1m s\u00e1t b\u1ed9 l\u1ecdc v\u00e0 h\u1ec7 th\u1ed1ng th\u00f4ng gi\u00f3, cung c\u1ea5p \u0111o l\u01b0\u1eddng \u00e1p su\u1ea5t th\u1ea5p \u0111\u00e1ng tin c\u1eady v\u00e0 ch\u00ednh x\u00e1c.<\/p>","protected":false},"excerpt":{"rendered":"<ul>\n<li>\u0110i\u1ec1u ch\u1ec9nh \u0111i\u1ec3m zero ph\u00eda tr\u01b0\u1edbc<\/li>\n<li>V\u1ecf l\u00e0m b\u1eb1ng th\u00e9p kh\u00f4ng g\u1ec9<\/li>\n<li>Thi\u1ebft k\u1ebf ch\u1eafc ch\u1eafn v\u00e0 kh\u1ea3 n\u0103ng ch\u1ed1ng n\u01b0\u1edbc IP54<\/li>\n<li>D\u1ea3i \u0111o th\u1ea5p t\u1eeb 0 \u2026 6 mbar \u0111\u1ebfn 0 \u2026 600 mbar ho\u1eb7c t\u1eeb 0 \u2026 2,4 inH\u2082O \u0111\u1ebfn 0 \u2026 240 inH\u2082O.<\/li>\n<\/ul>","protected":false},"featured_media":2657,"template":"","meta":{"_acf_changed":false},"product_brand":[68],"product_cat":[51],"product_tag":[],"class_list":{"0":"post-2656","1":"product","2":"type-product","3":"status-publish","4":"has-post-thumbnail","6":"product_brand-wika","7":"product_cat-wika-pressure-gauge","9":"first","10":"instock","11":"shipping-taxable","12":"product-type-simple"},"acf":[],"yoast_head":"<!-- This site is optimized with the Yoast SEO Premium plugin v26.7 (Yoast SEO v26.7) - https:\/\/yoast.com\/wordpress\/plugins\/seo\/ -->\n<title>Capsule pressure gauge, copper alloy Stainless steel case - Your Expert in Pressure Temp and Smart Transmitters - SJ Gauge<\/title>\n<meta name=\"robots\" content=\"index, follow, max-snippet:-1, max-image-preview:large, max-video-preview:-1\" \/>\n<link rel=\"canonical\" href=\"https:\/\/www.sj-gauge.com\/vi\/san-pham\/612-20\/\" \/>\n<meta property=\"og:locale\" content=\"vi_VN\" \/>\n<meta property=\"og:type\" content=\"article\" \/>\n<meta property=\"og:title\" content=\"Capsule pressure gauge, copper alloy Stainless steel case\" \/>\n<meta property=\"og:description\" content=\"Zero point correction in front  Case from stainless steel  Robust design and ingress protection IP54  Low scale ranges from 0 ... 6 mbar to 0 ... 600 mbar or 0 ... 2.4 inH2O to 0 ... 240 inH2O\" \/>\n<meta property=\"og:url\" content=\"https:\/\/www.sj-gauge.com\/vi\/san-pham\/612-20\/\" \/>\n<meta property=\"og:site_name\" content=\"Your Expert in Pressure Temp and Smart Transmitters - SJ Gauge\" \/>\n<meta property=\"article:modified_time\" content=\"2026-01-09T05:49:39+00:00\" \/>\n<meta property=\"og:image\" content=\"https:\/\/www.sj-gauge.com\/wp-content\/uploads\/2025\/12\/SJ-Gauge-wika-612.20-image.jpg\" \/>\n\t<meta property=\"og:image:width\" content=\"1200\" \/>\n\t<meta property=\"og:image:height\" content=\"1000\" \/>\n\t<meta property=\"og:image:type\" content=\"image\/jpeg\" \/>\n<meta name=\"twitter:card\" content=\"summary_large_image\" \/>\n<script type=\"application\/ld+json\" class=\"yoast-schema-graph\">{\"@context\":\"https:\/\/schema.org\",\"@graph\":[{\"@type\":\"WebPage\",\"@id\":\"https:\/\/www.sj-gauge.com\/product\/612-20\/\",\"url\":\"https:\/\/www.sj-gauge.com\/product\/612-20\/\",\"name\":\"Capsule pressure gauge, copper alloy Stainless steel case - Your Expert in Pressure Temp and Smart Transmitters - SJ Gauge\",\"isPartOf\":{\"@id\":\"https:\/\/www.sj-gauge.com\/#website\"},\"primaryImageOfPage\":{\"@id\":\"https:\/\/www.sj-gauge.com\/product\/612-20\/#primaryimage\"},\"image\":{\"@id\":\"https:\/\/www.sj-gauge.com\/product\/612-20\/#primaryimage\"},\"thumbnailUrl\":\"https:\/\/www.sj-gauge.com\/wp-content\/uploads\/2025\/12\/SJ-Gauge-wika-612.20-image.jpg\",\"datePublished\":\"2025-12-17T09:21:11+00:00\",\"dateModified\":\"2026-01-09T05:49:39+00:00\",\"breadcrumb\":{\"@id\":\"https:\/\/www.sj-gauge.com\/product\/612-20\/#breadcrumb\"},\"inLanguage\":\"vi\",\"potentialAction\":[{\"@type\":\"ReadAction\",\"target\":[\"https:\/\/www.sj-gauge.com\/product\/612-20\/\"]}]},{\"@type\":\"ImageObject\",\"inLanguage\":\"vi\",\"@id\":\"https:\/\/www.sj-gauge.com\/product\/612-20\/#primaryimage\",\"url\":\"https:\/\/www.sj-gauge.com\/wp-content\/uploads\/2025\/12\/SJ-Gauge-wika-612.20-image.jpg\",\"contentUrl\":\"https:\/\/www.sj-gauge.com\/wp-content\/uploads\/2025\/12\/SJ-Gauge-wika-612.20-image.jpg\",\"width\":1200,\"height\":1000},{\"@type\":\"BreadcrumbList\",\"@id\":\"https:\/\/www.sj-gauge.com\/product\/612-20\/#breadcrumb\",\"itemListElement\":[{\"@type\":\"ListItem\",\"position\":1,\"name\":\"Home\",\"item\":\"https:\/\/www.sj-gauge.com\/\"},{\"@type\":\"ListItem\",\"position\":2,\"name\":\"Products\",\"item\":\"https:\/\/www.sj-gauge.com\/products\/\"},{\"@type\":\"ListItem\",\"position\":3,\"name\":\"Capsule pressure gauge, copper alloy Stainless steel case\"}]},{\"@type\":\"WebSite\",\"@id\":\"https:\/\/www.sj-gauge.com\/#website\",\"url\":\"https:\/\/www.sj-gauge.com\/\",\"name\":\"Your Expert in Pressure Temp and Smart Transmitters - SJ Gauge\",\"description\":\"Manufacturer of industrial pressure gauges, pressure sensors, and transmitters. SJ Gauge provides high accuracy, durable materials, and custom solutions for oil &amp; gas, chemical, and industrial applications.\",\"publisher\":{\"@id\":\"https:\/\/www.sj-gauge.com\/#organization\"},\"potentialAction\":[{\"@type\":\"SearchAction\",\"target\":{\"@type\":\"EntryPoint\",\"urlTemplate\":\"https:\/\/www.sj-gauge.com\/?s={search_term_string}\"},\"query-input\":{\"@type\":\"PropertyValueSpecification\",\"valueRequired\":true,\"valueName\":\"search_term_string\"}}],\"inLanguage\":\"vi\"},{\"@type\":\"Organization\",\"@id\":\"https:\/\/www.sj-gauge.com\/#organization\",\"name\":\"Your Expert in Pressure Temp and Smart Transmitters - SJ Gauge\",\"url\":\"https:\/\/www.sj-gauge.com\/\",\"logo\":{\"@type\":\"ImageObject\",\"inLanguage\":\"vi\",\"@id\":\"https:\/\/www.sj-gauge.com\/#\/schema\/logo\/image\/\",\"url\":\"https:\/\/www.sj-gauge.com\/wp-content\/uploads\/2025\/09\/logo.webp\",\"contentUrl\":\"https:\/\/www.sj-gauge.com\/wp-content\/uploads\/2025\/09\/logo.webp\",\"width\":348,\"height\":184,\"caption\":\"Your Expert in Pressure Temp and Smart Transmitters - SJ Gauge\"},\"image\":{\"@id\":\"https:\/\/www.sj-gauge.com\/#\/schema\/logo\/image\/\"}}]}<\/script>\n<!-- \/ Yoast SEO Premium plugin. -->","yoast_head_json":{"title":"C\u1ea3m bi\u1ebfn \u00e1p su\u1ea5t d\u1ea1ng vi\u00ean nang, v\u1ecf b\u1eb1ng h\u1ee3p kim \u0111\u1ed3ng v\u00e0 th\u00e9p kh\u00f4ng g\u1ec9 - Chuy\u00ean gia h\u00e0ng \u0111\u1ea7u v\u1ec1 c\u1ea3m bi\u1ebfn \u00e1p su\u1ea5t, nhi\u1ec7t \u0111\u1ed9 v\u00e0 c\u1ea3m bi\u1ebfn th\u00f4ng minh - SJ Gauge","robots":{"index":"index","follow":"follow","max-snippet":"max-snippet:-1","max-image-preview":"max-image-preview:large","max-video-preview":"max-video-preview:-1"},"canonical":"https:\/\/www.sj-gauge.com\/vi\/san-pham\/612-20\/","og_locale":"vi_VN","og_type":"article","og_title":"Capsule pressure gauge, copper alloy Stainless steel case","og_description":"Zero point correction in front  Case from stainless steel  Robust design and ingress protection IP54  Low scale ranges from 0 ... 6 mbar to 0 ... 600 mbar or 0 ... 2.4 inH2O to 0 ... 240 inH2O","og_url":"https:\/\/www.sj-gauge.com\/vi\/san-pham\/612-20\/","og_site_name":"Your Expert in Pressure Temp and Smart Transmitters - SJ Gauge","article_modified_time":"2026-01-09T05:49:39+00:00","og_image":[{"width":1200,"height":1000,"url":"https:\/\/www.sj-gauge.com\/wp-content\/uploads\/2025\/12\/SJ-Gauge-wika-612.20-image.jpg","type":"image\/jpeg"}],"twitter_card":"summary_large_image","schema":{"@context":"https:\/\/schema.org","@graph":[{"@type":"WebPage","@id":"https:\/\/www.sj-gauge.com\/product\/612-20\/","url":"https:\/\/www.sj-gauge.com\/product\/612-20\/","name":"C\u1ea3m bi\u1ebfn \u00e1p su\u1ea5t d\u1ea1ng vi\u00ean nang, v\u1ecf b\u1eb1ng h\u1ee3p kim \u0111\u1ed3ng v\u00e0 th\u00e9p kh\u00f4ng g\u1ec9 - Chuy\u00ean gia h\u00e0ng \u0111\u1ea7u v\u1ec1 c\u1ea3m bi\u1ebfn \u00e1p su\u1ea5t, nhi\u1ec7t \u0111\u1ed9 v\u00e0 c\u1ea3m bi\u1ebfn th\u00f4ng minh - SJ Gauge","isPartOf":{"@id":"https:\/\/www.sj-gauge.com\/#website"},"primaryImageOfPage":{"@id":"https:\/\/www.sj-gauge.com\/product\/612-20\/#primaryimage"},"image":{"@id":"https:\/\/www.sj-gauge.com\/product\/612-20\/#primaryimage"},"thumbnailUrl":"https:\/\/www.sj-gauge.com\/wp-content\/uploads\/2025\/12\/SJ-Gauge-wika-612.20-image.jpg","datePublished":"2025-12-17T09:21:11+00:00","dateModified":"2026-01-09T05:49:39+00:00","breadcrumb":{"@id":"https:\/\/www.sj-gauge.com\/product\/612-20\/#breadcrumb"},"inLanguage":"vi","potentialAction":[{"@type":"ReadAction","target":["https:\/\/www.sj-gauge.com\/product\/612-20\/"]}]},{"@type":"ImageObject","inLanguage":"vi","@id":"https:\/\/www.sj-gauge.com\/product\/612-20\/#primaryimage","url":"https:\/\/www.sj-gauge.com\/wp-content\/uploads\/2025\/12\/SJ-Gauge-wika-612.20-image.jpg","contentUrl":"https:\/\/www.sj-gauge.com\/wp-content\/uploads\/2025\/12\/SJ-Gauge-wika-612.20-image.jpg","width":1200,"height":1000},{"@type":"BreadcrumbList","@id":"https:\/\/www.sj-gauge.com\/product\/612-20\/#breadcrumb","itemListElement":[{"@type":"ListItem","position":1,"name":"Home","item":"https:\/\/www.sj-gauge.com\/"},{"@type":"ListItem","position":2,"name":"Products","item":"https:\/\/www.sj-gauge.com\/products\/"},{"@type":"ListItem","position":3,"name":"Capsule pressure gauge, copper alloy Stainless steel case"}]},{"@type":"WebSite","@id":"https:\/\/www.sj-gauge.com\/#website","url":"https:\/\/www.sj-gauge.com\/","name":"Chuy\u00ean gia v\u1ec1 c\u1ea3m bi\u1ebfn \u00e1p su\u1ea5t, nhi\u1ec7t \u0111\u1ed9 v\u00e0 c\u1ea3m bi\u1ebfn th\u00f4ng minh - SJ Gauge","description":"Nh\u00e0 s\u1ea3n xu\u1ea5t \u0111\u1ed3ng h\u1ed3 \u0111o \u00e1p su\u1ea5t c\u00f4ng nghi\u1ec7p, c\u1ea3m bi\u1ebfn \u00e1p su\u1ea5t v\u00e0 b\u1ed9 truy\u1ec1n t\u00edn hi\u1ec7u. SJ Gauge cung c\u1ea5p c\u00e1c s\u1ea3n ph\u1ea9m c\u00f3 \u0111\u1ed9 ch\u00ednh x\u00e1c cao, \u0111\u01b0\u1ee3c ch\u1ebf t\u1ea1o t\u1eeb v\u1eadt li\u1ec7u b\u1ec1n b\u1ec9 v\u00e0 c\u00e1c gi\u1ea3i ph\u00e1p t\u00f9y ch\u1ec9nh d\u00e0nh cho c\u00e1c \u1ee9ng d\u1ee5ng trong ng\u00e0nh d\u1ea7u kh\u00ed, h\u00f3a ch\u1ea5t v\u00e0 c\u00f4ng nghi\u1ec7p.","publisher":{"@id":"https:\/\/www.sj-gauge.com\/#organization"},"potentialAction":[{"@type":"SearchAction","target":{"@type":"EntryPoint","urlTemplate":"https:\/\/www.sj-gauge.com\/?s={search_term_string}"},"query-input":{"@type":"PropertyValueSpecification","valueRequired":true,"valueName":"search_term_string"}}],"inLanguage":"vi"},{"@type":"Organization","@id":"https:\/\/www.sj-gauge.com\/#organization","name":"Chuy\u00ean gia v\u1ec1 c\u1ea3m bi\u1ebfn \u00e1p su\u1ea5t, nhi\u1ec7t \u0111\u1ed9 v\u00e0 c\u1ea3m bi\u1ebfn th\u00f4ng minh - SJ Gauge","url":"https:\/\/www.sj-gauge.com\/","logo":{"@type":"ImageObject","inLanguage":"vi","@id":"https:\/\/www.sj-gauge.com\/#\/schema\/logo\/image\/","url":"https:\/\/www.sj-gauge.com\/wp-content\/uploads\/2025\/09\/logo.webp","contentUrl":"https:\/\/www.sj-gauge.com\/wp-content\/uploads\/2025\/09\/logo.webp","width":348,"height":184,"caption":"Your Expert in Pressure Temp and Smart Transmitters - SJ Gauge"},"image":{"@id":"https:\/\/www.sj-gauge.com\/#\/schema\/logo\/image\/"}}]}},"_links":{"self":[{"href":"https:\/\/www.sj-gauge.com\/vi\/wp-json\/wp\/v2\/product\/2656","targetHints":{"allow":["GET"]}}],"collection":[{"href":"https:\/\/www.sj-gauge.com\/vi\/wp-json\/wp\/v2\/product"}],"about":[{"href":"https:\/\/www.sj-gauge.com\/vi\/wp-json\/wp\/v2\/types\/product"}],"wp:featuredmedia":[{"embeddable":true,"href":"https:\/\/www.sj-gauge.com\/vi\/wp-json\/wp\/v2\/media\/2657"}],"wp:attachment":[{"href":"https:\/\/www.sj-gauge.com\/vi\/wp-json\/wp\/v2\/media?parent=2656"}],"wp:term":[{"taxonomy":"product_brand","embeddable":true,"href":"https:\/\/www.sj-gauge.com\/vi\/wp-json\/wp\/v2\/product_brand?post=2656"},{"taxonomy":"product_cat","embeddable":true,"href":"https:\/\/www.sj-gauge.com\/vi\/wp-json\/wp\/v2\/product_cat?post=2656"},{"taxonomy":"product_tag","embeddable":true,"href":"https:\/\/www.sj-gauge.com\/vi\/wp-json\/wp\/v2\/product_tag?post=2656"}],"curies":[{"name":"wp","href":"https:\/\/api.w.org\/{rel}","templated":true}]}}