{"id":3177,"date":"2026-01-07T11:50:55","date_gmt":"2026-01-07T03:50:55","guid":{"rendered":"https:\/\/sj-gauge.com\/?post_type=product&#038;p=3177"},"modified":"2026-03-31T16:51:30","modified_gmt":"2026-03-31T08:51:30","slug":"632-50-633-50","status":"publish","type":"product","link":"https:\/\/www.sj-gauge.com\/vi\/san-pham\/632-50-633-50\/","title":{"rendered":"C\u1ea3m bi\u1ebfn \u00e1p su\u1ea5t d\u1ea1ng vi\u00ean nang, th\u00e9p kh\u00f4ng g\u1ec9 d\u00e0nh cho ng\u00e0nh c\u00f4ng nghi\u1ec7p qu\u00e1 tr\u00ecnh."},"content":{"rendered":"<p>C\u00e1c \u0111\u1ed3ng h\u1ed3 \u0111o \u00e1p su\u1ea5t ki\u1ec3u 632.50 v\u00e0 633.50 \u0111\u01b0\u1ee3c ch\u1ebf t\u1ea1o ho\u00e0n to\u00e0n t\u1eeb th\u00e9p kh\u00f4ng g\u1ec9 v\u00e0 do \u0111\u00f3 \u0111\u1eb7c bi\u1ec7t ph\u00f9 h\u1ee3p cho c\u00e1c \u1ee9ng d\u1ee5ng trong ng\u00e0nh c\u00f4ng nghi\u1ec7p ch\u1ebf bi\u1ebfn. S\u1ea3n ph\u1ea9m d\u1ef1a tr\u00ean h\u1ec7 th\u1ed1ng \u0111o l\u01b0\u1eddng b\u1eb1ng \u1ed1ng n\u00e9n \u0111\u00e3 \u0111\u01b0\u1ee3c ch\u1ee9ng minh \u0111\u1ed9 tin c\u1eady. Khi c\u00f3 \u00e1p su\u1ea5t t\u00e1c \u0111\u1ed9ng, s\u1ef1 gi\u00e3n n\u1edf c\u1ee7a b\u1ed9 ph\u1eadn \u1ed1ng n\u00e9n, t\u1ef7 l\u1ec7 thu\u1eadn v\u1edbi \u00e1p su\u1ea5t t\u00e1c \u0111\u1ed9ng, \u0111\u01b0\u1ee3c truy\u1ec1n \u0111\u1ebfn b\u1ed9 chuy\u1ec3n \u0111\u1ed9ng v\u00e0 hi\u1ec3n th\u1ecb tr\u00ean \u0111\u1ed3ng h\u1ed3.Thi\u1ebft k\u1ebf m\u00f4-\u0111un cho ph\u00e9p nhi\u1ec1u s\u1ef1 k\u1ebft h\u1ee3p kh\u00e1c nhau v\u1ec1 v\u1eadt li\u1ec7u v\u1ecf, k\u1ebft n\u1ed1i qu\u00e1 tr\u00ecnh, k\u00edch th\u01b0\u1edbc danh \u0111\u1ecbnh v\u00e0 d\u1ea3i chia \u0111\u1ed9. Nh\u1edd s\u1ef1 \u0111a d\u1ea1ng n\u00e0y, thi\u1ebft b\u1ecb ph\u00f9 h\u1ee3p \u0111\u1ec3 s\u1eed d\u1ee5ng trong nhi\u1ec1u \u1ee9ng d\u1ee5ng kh\u00e1c nhau trong ng\u00e0nh c\u00f4ng nghi\u1ec7p qu\u00e1 tr\u00ecnh. \u0110\u1ed1i v\u1edbi vi\u1ec7c l\u1eafp \u0111\u1eb7t trong t\u1ee7 \u0111i\u1ec1u khi\u1ec3n, c\u00e1c \u0111\u1ed3ng h\u1ed3 \u00e1p su\u1ea5t d\u1ea1ng vi\u00ean nang c\u00f3 th\u1ec3 \u0111\u01b0\u1ee3c trang b\u1ecb m\u1eb7t b\u00edch l\u1eafp \u0111\u1eb7t ho\u1eb7c v\u00f2ng \u0111\u1ec7m h\u00ecnh tam gi\u00e1c v\u00e0 gi\u00e1 \u0111\u1ee1 l\u1eafp \u0111\u1eb7t, t\u00f9y thu\u1ed9c v\u00e0o k\u1ebft n\u1ed1i qu\u00e1 tr\u00ecnh.M\u1eabu 633.50 v\u1edbi v\u1ecf ch\u1ee9a ch\u1ea5t l\u1ecfng ph\u00f9 h\u1ee3p cho c\u00e1c t\u1ea3i tr\u1ecdng \u00e1p su\u1ea5t \u0111\u1ed9ng cao v\u00e0 rung \u0111\u1ed9ng. C\u00e1c d\u1ea3i \u0111o t\u1eeb 0 \u2026 2,5 mbar \u0111\u1ebfn 0 \u2026 600 mbar ho\u1eb7c 0 \u2026 1 inH\u2082O \u0111\u1ebfn 0 \u2026 240 inH\u2082O c\u00f9ng c\u00e1c d\u1ea3i \u0111o ch\u00e2n kh\u00f4ng v\u00e0 +\/- \u0111\u1ea3m b\u1ea3o c\u00e1c d\u1ea3i \u0111o c\u1ea7n thi\u1ebft cho nhi\u1ec1u \u1ee9ng d\u1ee5ng \u0111a d\u1ea1ng.M\u00e3 QR tr\u00ean m\u1eb7t \u0111\u1ed3ng h\u1ed3 cho ph\u00e9p truy c\u1eadp d\u1ec5 d\u00e0ng v\u00e0 l\u00e2u d\u00e0i c\u00e1c th\u00f4ng tin c\u1ee5 th\u1ec3 v\u1ec1 thi\u1ebft b\u1ecb nh\u01b0 s\u1ed1 seri, s\u1ed1 \u0111\u01a1n h\u00e0ng, ch\u1ee9ng ch\u1ec9 v\u00e0 c\u00e1c d\u1eef li\u1ec7u s\u1ea3n ph\u1ea9m kh\u00e1c t\u1eeb internet.<\/p>","protected":false},"excerpt":{"rendered":"<ul>\n<li>\u0110i\u1ec1u ch\u1ec9nh \u0111i\u1ec3m zero ph\u00eda tr\u01b0\u1edbc<\/li>\n<li>Ho\u00e0n to\u00e0n b\u1eb1ng th\u00e9p kh\u00f4ng g\u1ec9<\/li>\n<li>V\u1edbi v\u1ecf ch\u1ee9a ch\u1ea5t l\u1ecfng d\u00e0nh cho c\u00e1c \u1ee9ng d\u1ee5ng c\u00f3 t\u1ea3i tr\u1ecdng \u00e1p su\u1ea5t \u0111\u1ed9ng cao v\u00e0 rung \u0111\u1ed9ng (m\u1eabu 633.50)<\/li>\n<li>D\u1ea3i \u0111o th\u1ea5p t\u1eeb 0 \u2026 2,5 mbar \u0111\u1ebfn 0 \u2026 600 mbar ho\u1eb7c t\u1eeb 0 \u2026 1 inH\u2082O \u0111\u1ebfn 0 \u2026 240 inH\u2082O.<\/li>\n<li>M\u00e3 QR tr\u00ean m\u1eb7t \u0111\u1ed3ng h\u1ed3 d\u1eabn \u0111\u1ebfn th\u00f4ng tin c\u1ee5 th\u1ec3 v\u1ec1 thi\u1ebft b\u1ecb.<\/li>\n<\/ul>","protected":false},"featured_media":3267,"template":"","meta":{"_acf_changed":false},"product_brand":[68],"product_cat":[51],"product_tag":[],"class_list":{"0":"post-3177","1":"product","2":"type-product","3":"status-publish","4":"has-post-thumbnail","6":"product_brand-wika","7":"product_cat-wika-pressure-gauge","9":"first","10":"instock","11":"shipping-taxable","12":"product-type-simple"},"acf":[],"yoast_head":"<!-- This site is optimized with the Yoast SEO Premium plugin v26.7 (Yoast SEO v27.4) - https:\/\/yoast.com\/product\/yoast-seo-premium-wordpress\/ -->\n<title>Capsule pressure gauge, stainless steel for the process industry - SJ Gauge | Pressure Gauges, Thermometers &amp; Pressure Sensors<\/title>\n<meta name=\"robots\" content=\"index, follow, max-snippet:-1, max-image-preview:large, max-video-preview:-1\" \/>\n<link rel=\"canonical\" href=\"https:\/\/www.sj-gauge.com\/vi\/san-pham\/632-50-633-50\/\" \/>\n<meta property=\"og:locale\" content=\"vi_VN\" \/>\n<meta property=\"og:type\" content=\"article\" \/>\n<meta property=\"og:title\" content=\"Capsule pressure gauge, stainless steel for the process industry\" \/>\n<meta property=\"og:description\" content=\"Zero point correction in front  Completely from stainless steel  With liquid-filled case for applications with high dynamic pressure loads and vibrations (model 633.50)  Low scale ranges from 0 ... 2.5 mbar to 0 ... 600 mbar or 0 ... 1 inH2O to 0 ... 240 inH2O  QR code on dial links to instrument-specific information\" \/>\n<meta property=\"og:url\" content=\"https:\/\/www.sj-gauge.com\/vi\/san-pham\/632-50-633-50\/\" \/>\n<meta property=\"og:site_name\" content=\"SJ Gauge | Pressure Gauges, Thermometers &amp; Pressure Sensors\" \/>\n<meta property=\"article:modified_time\" content=\"2026-03-31T08:51:30+00:00\" \/>\n<meta property=\"og:image\" content=\"https:\/\/www.sj-gauge.com\/wp-content\/uploads\/2026\/01\/SJ-Gauge-wika-632-50-633-50.jpg\" \/>\n\t<meta property=\"og:image:width\" content=\"1200\" \/>\n\t<meta property=\"og:image:height\" content=\"1000\" \/>\n\t<meta property=\"og:image:type\" content=\"image\/jpeg\" \/>\n<meta name=\"twitter:card\" content=\"summary_large_image\" \/>\n<meta name=\"twitter:label1\" content=\"\u01af\u1edbc t\u00ednh th\u1eddi gian \u0111\u1ecdc\" \/>\n\t<meta name=\"twitter:data1\" content=\"2 ph\u00fat\" \/>\n<script type=\"application\/ld+json\" class=\"yoast-schema-graph\">{\"@context\":\"https:\\\/\\\/schema.org\",\"@graph\":[{\"@type\":\"WebPage\",\"@id\":\"https:\\\/\\\/www.sj-gauge.com\\\/product\\\/632-50-633-50\\\/\",\"url\":\"https:\\\/\\\/www.sj-gauge.com\\\/product\\\/632-50-633-50\\\/\",\"name\":\"Capsule pressure gauge, stainless steel for the process industry - SJ Gauge | Pressure Gauges, Thermometers &amp; Pressure Sensors\",\"isPartOf\":{\"@id\":\"https:\\\/\\\/www.sj-gauge.com\\\/#website\"},\"primaryImageOfPage\":{\"@id\":\"https:\\\/\\\/www.sj-gauge.com\\\/product\\\/632-50-633-50\\\/#primaryimage\"},\"image\":{\"@id\":\"https:\\\/\\\/www.sj-gauge.com\\\/product\\\/632-50-633-50\\\/#primaryimage\"},\"thumbnailUrl\":\"https:\\\/\\\/www.sj-gauge.com\\\/wp-content\\\/uploads\\\/2026\\\/01\\\/SJ-Gauge-wika-632-50-633-50.jpg\",\"datePublished\":\"2026-01-07T03:50:55+00:00\",\"dateModified\":\"2026-03-31T08:51:30+00:00\",\"breadcrumb\":{\"@id\":\"https:\\\/\\\/www.sj-gauge.com\\\/product\\\/632-50-633-50\\\/#breadcrumb\"},\"inLanguage\":\"vi\",\"potentialAction\":[{\"@type\":\"ReadAction\",\"target\":[\"https:\\\/\\\/www.sj-gauge.com\\\/product\\\/632-50-633-50\\\/\"]}]},{\"@type\":\"ImageObject\",\"inLanguage\":\"vi\",\"@id\":\"https:\\\/\\\/www.sj-gauge.com\\\/product\\\/632-50-633-50\\\/#primaryimage\",\"url\":\"https:\\\/\\\/www.sj-gauge.com\\\/wp-content\\\/uploads\\\/2026\\\/01\\\/SJ-Gauge-wika-632-50-633-50.jpg\",\"contentUrl\":\"https:\\\/\\\/www.sj-gauge.com\\\/wp-content\\\/uploads\\\/2026\\\/01\\\/SJ-Gauge-wika-632-50-633-50.jpg\",\"width\":1200,\"height\":1000},{\"@type\":\"BreadcrumbList\",\"@id\":\"https:\\\/\\\/www.sj-gauge.com\\\/product\\\/632-50-633-50\\\/#breadcrumb\",\"itemListElement\":[{\"@type\":\"ListItem\",\"position\":1,\"name\":\"Home\",\"item\":\"https:\\\/\\\/www.sj-gauge.com\\\/\"},{\"@type\":\"ListItem\",\"position\":2,\"name\":\"Products\",\"item\":\"https:\\\/\\\/www.sj-gauge.com\\\/products\\\/\"},{\"@type\":\"ListItem\",\"position\":3,\"name\":\"Capsule pressure gauge, stainless steel for the process industry\"}]},{\"@type\":\"WebSite\",\"@id\":\"https:\\\/\\\/www.sj-gauge.com\\\/#website\",\"url\":\"https:\\\/\\\/www.sj-gauge.com\\\/\",\"name\":\"SJ Gauge | Pressure Gauges, Thermometers &amp; Pressure Sensors\",\"description\":\"Manufacturer of industrial pressure gauges, pressure sensors, and transmitters. SJ Gauge provides high accuracy, durable materials, and custom solutions for oil &amp; gas, chemical, and industrial applications.\",\"publisher\":{\"@id\":\"https:\\\/\\\/www.sj-gauge.com\\\/#organization\"},\"potentialAction\":[{\"@type\":\"SearchAction\",\"target\":{\"@type\":\"EntryPoint\",\"urlTemplate\":\"https:\\\/\\\/www.sj-gauge.com\\\/?s={search_term_string}\"},\"query-input\":{\"@type\":\"PropertyValueSpecification\",\"valueRequired\":true,\"valueName\":\"search_term_string\"}}],\"inLanguage\":\"vi\"},{\"@type\":\"Organization\",\"@id\":\"https:\\\/\\\/www.sj-gauge.com\\\/#organization\",\"name\":\"SJ Gauge | Pressure Gauges, Thermometers &amp; Pressure Sensors\",\"url\":\"https:\\\/\\\/www.sj-gauge.com\\\/\",\"logo\":{\"@type\":\"ImageObject\",\"inLanguage\":\"vi\",\"@id\":\"https:\\\/\\\/www.sj-gauge.com\\\/#\\\/schema\\\/logo\\\/image\\\/\",\"url\":\"https:\\\/\\\/www.sj-gauge.com\\\/wp-content\\\/uploads\\\/2025\\\/09\\\/logo.webp\",\"contentUrl\":\"https:\\\/\\\/www.sj-gauge.com\\\/wp-content\\\/uploads\\\/2025\\\/09\\\/logo.webp\",\"width\":348,\"height\":184,\"caption\":\"SJ Gauge | Pressure Gauges, Thermometers &amp; Pressure Sensors\"},\"image\":{\"@id\":\"https:\\\/\\\/www.sj-gauge.com\\\/#\\\/schema\\\/logo\\\/image\\\/\"}}]}<\/script>\n<!-- \/ Yoast SEO Premium plugin. -->","yoast_head_json":{"title":"\u0110\u1ed3ng h\u1ed3 \u0111o \u00e1p su\u1ea5t d\u1ea1ng vi\u00ean nang, th\u00e9p kh\u00f4ng g\u1ec9 d\u00e0nh cho ng\u00e0nh c\u00f4ng nghi\u1ec7p ch\u1ebf bi\u1ebfn - SJ Gauge | \u0110\u1ed3ng h\u1ed3 \u0111o \u00e1p su\u1ea5t, nhi\u1ec7t k\u1ebf &amp; c\u1ea3m bi\u1ebfn \u00e1p su\u1ea5t","robots":{"index":"index","follow":"follow","max-snippet":"max-snippet:-1","max-image-preview":"max-image-preview:large","max-video-preview":"max-video-preview:-1"},"canonical":"https:\/\/www.sj-gauge.com\/vi\/san-pham\/632-50-633-50\/","og_locale":"vi_VN","og_type":"article","og_title":"Capsule pressure gauge, stainless steel for the process industry","og_description":"Zero point correction in front  Completely from stainless steel  With liquid-filled case for applications with high dynamic pressure loads and vibrations (model 633.50)  Low scale ranges from 0 ... 2.5 mbar to 0 ... 600 mbar or 0 ... 1 inH2O to 0 ... 240 inH2O  QR code on dial links to instrument-specific information","og_url":"https:\/\/www.sj-gauge.com\/vi\/san-pham\/632-50-633-50\/","og_site_name":"SJ Gauge | Pressure Gauges, Thermometers &amp; Pressure Sensors","article_modified_time":"2026-03-31T08:51:30+00:00","og_image":[{"width":1200,"height":1000,"url":"https:\/\/www.sj-gauge.com\/wp-content\/uploads\/2026\/01\/SJ-Gauge-wika-632-50-633-50.jpg","type":"image\/jpeg"}],"twitter_card":"summary_large_image","twitter_misc":{"\u01af\u1edbc t\u00ednh th\u1eddi gian \u0111\u1ecdc":"2 ph\u00fat"},"schema":{"@context":"https:\/\/schema.org","@graph":[{"@type":"WebPage","@id":"https:\/\/www.sj-gauge.com\/product\/632-50-633-50\/","url":"https:\/\/www.sj-gauge.com\/product\/632-50-633-50\/","name":"\u0110\u1ed3ng h\u1ed3 \u0111o \u00e1p su\u1ea5t d\u1ea1ng vi\u00ean nang, th\u00e9p kh\u00f4ng g\u1ec9 d\u00e0nh cho ng\u00e0nh c\u00f4ng nghi\u1ec7p ch\u1ebf bi\u1ebfn - SJ Gauge | \u0110\u1ed3ng h\u1ed3 \u0111o \u00e1p su\u1ea5t, nhi\u1ec7t k\u1ebf &amp; c\u1ea3m bi\u1ebfn \u00e1p su\u1ea5t","isPartOf":{"@id":"https:\/\/www.sj-gauge.com\/#website"},"primaryImageOfPage":{"@id":"https:\/\/www.sj-gauge.com\/product\/632-50-633-50\/#primaryimage"},"image":{"@id":"https:\/\/www.sj-gauge.com\/product\/632-50-633-50\/#primaryimage"},"thumbnailUrl":"https:\/\/www.sj-gauge.com\/wp-content\/uploads\/2026\/01\/SJ-Gauge-wika-632-50-633-50.jpg","datePublished":"2026-01-07T03:50:55+00:00","dateModified":"2026-03-31T08:51:30+00:00","breadcrumb":{"@id":"https:\/\/www.sj-gauge.com\/product\/632-50-633-50\/#breadcrumb"},"inLanguage":"vi","potentialAction":[{"@type":"ReadAction","target":["https:\/\/www.sj-gauge.com\/product\/632-50-633-50\/"]}]},{"@type":"ImageObject","inLanguage":"vi","@id":"https:\/\/www.sj-gauge.com\/product\/632-50-633-50\/#primaryimage","url":"https:\/\/www.sj-gauge.com\/wp-content\/uploads\/2026\/01\/SJ-Gauge-wika-632-50-633-50.jpg","contentUrl":"https:\/\/www.sj-gauge.com\/wp-content\/uploads\/2026\/01\/SJ-Gauge-wika-632-50-633-50.jpg","width":1200,"height":1000},{"@type":"BreadcrumbList","@id":"https:\/\/www.sj-gauge.com\/product\/632-50-633-50\/#breadcrumb","itemListElement":[{"@type":"ListItem","position":1,"name":"Home","item":"https:\/\/www.sj-gauge.com\/"},{"@type":"ListItem","position":2,"name":"Products","item":"https:\/\/www.sj-gauge.com\/products\/"},{"@type":"ListItem","position":3,"name":"Capsule pressure gauge, stainless steel for the process industry"}]},{"@type":"WebSite","@id":"https:\/\/www.sj-gauge.com\/#website","url":"https:\/\/www.sj-gauge.com\/","name":"SJ Gauge | \u0110\u1ed3ng h\u1ed3 \u0111o \u00e1p su\u1ea5t, nhi\u1ec7t k\u1ebf v\u00e0 c\u1ea3m bi\u1ebfn \u00e1p su\u1ea5t","description":"Nh\u00e0 s\u1ea3n xu\u1ea5t \u0111\u1ed3ng h\u1ed3 \u0111o \u00e1p su\u1ea5t c\u00f4ng nghi\u1ec7p, c\u1ea3m bi\u1ebfn \u00e1p su\u1ea5t v\u00e0 b\u1ed9 truy\u1ec1n t\u00edn hi\u1ec7u. SJ Gauge cung c\u1ea5p c\u00e1c s\u1ea3n ph\u1ea9m c\u00f3 \u0111\u1ed9 ch\u00ednh x\u00e1c cao, \u0111\u01b0\u1ee3c ch\u1ebf t\u1ea1o t\u1eeb v\u1eadt li\u1ec7u b\u1ec1n b\u1ec9 v\u00e0 c\u00e1c gi\u1ea3i ph\u00e1p t\u00f9y ch\u1ec9nh d\u00e0nh cho c\u00e1c \u1ee9ng d\u1ee5ng trong ng\u00e0nh d\u1ea7u kh\u00ed, h\u00f3a ch\u1ea5t v\u00e0 c\u00f4ng nghi\u1ec7p.","publisher":{"@id":"https:\/\/www.sj-gauge.com\/#organization"},"potentialAction":[{"@type":"SearchAction","target":{"@type":"EntryPoint","urlTemplate":"https:\/\/www.sj-gauge.com\/?s={search_term_string}"},"query-input":{"@type":"PropertyValueSpecification","valueRequired":true,"valueName":"search_term_string"}}],"inLanguage":"vi"},{"@type":"Organization","@id":"https:\/\/www.sj-gauge.com\/#organization","name":"SJ Gauge | \u0110\u1ed3ng h\u1ed3 \u0111o \u00e1p su\u1ea5t, nhi\u1ec7t k\u1ebf v\u00e0 c\u1ea3m bi\u1ebfn \u00e1p su\u1ea5t","url":"https:\/\/www.sj-gauge.com\/","logo":{"@type":"ImageObject","inLanguage":"vi","@id":"https:\/\/www.sj-gauge.com\/#\/schema\/logo\/image\/","url":"https:\/\/www.sj-gauge.com\/wp-content\/uploads\/2025\/09\/logo.webp","contentUrl":"https:\/\/www.sj-gauge.com\/wp-content\/uploads\/2025\/09\/logo.webp","width":348,"height":184,"caption":"SJ Gauge | Pressure Gauges, Thermometers &amp; Pressure Sensors"},"image":{"@id":"https:\/\/www.sj-gauge.com\/#\/schema\/logo\/image\/"}}]}},"_links":{"self":[{"href":"https:\/\/www.sj-gauge.com\/vi\/wp-json\/wp\/v2\/product\/3177","targetHints":{"allow":["GET"]}}],"collection":[{"href":"https:\/\/www.sj-gauge.com\/vi\/wp-json\/wp\/v2\/product"}],"about":[{"href":"https:\/\/www.sj-gauge.com\/vi\/wp-json\/wp\/v2\/types\/product"}],"wp:featuredmedia":[{"embeddable":true,"href":"https:\/\/www.sj-gauge.com\/vi\/wp-json\/wp\/v2\/media\/3267"}],"wp:attachment":[{"href":"https:\/\/www.sj-gauge.com\/vi\/wp-json\/wp\/v2\/media?parent=3177"}],"wp:term":[{"taxonomy":"product_brand","embeddable":true,"href":"https:\/\/www.sj-gauge.com\/vi\/wp-json\/wp\/v2\/product_brand?post=3177"},{"taxonomy":"product_cat","embeddable":true,"href":"https:\/\/www.sj-gauge.com\/vi\/wp-json\/wp\/v2\/product_cat?post=3177"},{"taxonomy":"product_tag","embeddable":true,"href":"https:\/\/www.sj-gauge.com\/vi\/wp-json\/wp\/v2\/product_tag?post=3177"}],"curies":[{"name":"wp","href":"https:\/\/api.w.org\/{rel}","templated":true}]}}