{"id":3299,"date":"2026-01-09T14:19:26","date_gmt":"2026-01-09T06:19:26","guid":{"rendered":"https:\/\/sj-gauge.com\/?post_type=product&#038;p=3299"},"modified":"2026-04-02T14:44:29","modified_gmt":"2026-04-02T06:44:29","slug":"432-50-433-50","status":"publish","type":"product","link":"https:\/\/www.sj-gauge.com\/vi\/san-pham\/432-50-433-50\/","title":{"rendered":"C\u1ea3m bi\u1ebfn \u00e1p su\u1ea5t m\u00e0ng cho ng\u00e0nh c\u00f4ng nghi\u1ec7p qu\u00e1 tr\u00ecnh \u0110\u1ed9 an to\u00e0n qu\u00e1 t\u1ea3i l\u00ean \u0111\u1ebfn 10 l\u1ea7n, \u00e1p su\u1ea5t t\u1ed1i \u0111a 40 bar"},"content":{"rendered":"<p>\u0110\u1ed3ng h\u1ed3 \u0111o \u00e1p su\u1ea5t m\u00e0ng Model 432.50 (tu\u00e2n th\u1ee7 ti\u00eau chu\u1ea9n EN 837-3) \u0111\u01b0\u1ee3c thi\u1ebft k\u1ebf d\u00e0nh cho c\u00e1c \u1ee9ng d\u1ee5ng \u0111\u00f2i h\u1ecfi kh\u1eaft khe trong c\u00e1c ng\u00e0nh h\u00f3a ch\u1ea5t, d\u1ea7u kh\u00ed v\u00e0 n\u0103ng l\u01b0\u1ee3ng. M\u00e0ng ng\u0103n l\u1edbn, g\u1ea5p n\u1ebfp c\u1ee7a \u0111\u1ed3ng h\u1ed3 cho ph\u00e9p \u0111o \u00e1p su\u1ea5t th\u1ea5p m\u1ed9t c\u00e1ch \u0111\u00e1ng tin c\u1eady v\u00e0 cung c\u1ea5p m\u1ee9c an to\u00e0n qu\u00e1 t\u1ea3i g\u1ea5p 5 l\u1ea7n theo ti\u00eau chu\u1ea9n. V\u1edbi c\u1ea5u tr\u00fac b\u1eb1ng th\u00e9p kh\u00f4ng g\u1ec9 v\u00e0 c\u00e1c v\u1eadt li\u1ec7u \u0111\u1eb7c bi\u1ec7t t\u00f9y ch\u1ecdn (PTFE, Tantalum ho\u1eb7c Hastelloy), \u0111\u1ed3ng h\u1ed3 c\u00f3 kh\u1ea3 n\u0103ng ch\u1ed1ng l\u1ea1i c\u00e1c m\u00f4i tr\u01b0\u1eddng \u0103n m\u00f2n. Thi\u1ebft k\u1ebf m\u1eb7t b\u00edch m\u1edf gi\u00fap ng\u0103n ng\u1eeba t\u1eafc ngh\u1ebdn v\u00e0 d\u1ec5 d\u00e0ng v\u1ec7 sinh.<\/p>","protected":false},"excerpt":{"rendered":"<ul>\n<li>V\u1ecf v\u00e0 c\u00e1c b\u1ed9 ph\u1eadn ti\u1ebfp x\u00fac v\u1edbi ch\u1ea5t l\u1ecfng \u0111\u01b0\u1ee3c l\u00e0m t\u1eeb th\u00e9p kh\u00f4ng g\u1ec9.<\/li>\n<li>\u0110a d\u1ea1ng l\u1ef1a ch\u1ecdn v\u1eadt li\u1ec7u \u0111\u1eb7c bi\u1ec7t<\/li>\n<li>K\u1ebft n\u1ed1i ren ho\u1eb7c m\u1eb7t b\u00edch m\u1edf<\/li>\n<li>D\u1ea3i \u0111o t\u1eeb 0 \u2026 16 mbar<\/li>\n<\/ul>","protected":false},"featured_media":3301,"template":"","meta":{"_acf_changed":false},"product_brand":[68],"product_cat":[51],"product_tag":[],"class_list":{"0":"post-3299","1":"product","2":"type-product","3":"status-publish","4":"has-post-thumbnail","6":"product_brand-wika","7":"product_cat-wika-pressure-gauge","9":"first","10":"instock","11":"shipping-taxable","12":"product-type-simple"},"acf":[],"yoast_head":"<!-- This site is optimized with the Yoast SEO Premium plugin v26.7 (Yoast SEO v27.4) - https:\/\/yoast.com\/product\/yoast-seo-premium-wordpress\/ -->\n<title>Diaphragm pressure gauge for the process industry Up to 10-fold overload safety, max. 40 bar - SJ Gauge | Pressure Gauges, Thermometers &amp; Pressure Sensors<\/title>\n<meta name=\"robots\" content=\"index, follow, max-snippet:-1, max-image-preview:large, max-video-preview:-1\" \/>\n<link rel=\"canonical\" href=\"https:\/\/www.sj-gauge.com\/vi\/san-pham\/432-50-433-50\/\" \/>\n<meta property=\"og:locale\" content=\"vi_VN\" \/>\n<meta property=\"og:type\" content=\"article\" \/>\n<meta property=\"og:title\" content=\"Diaphragm pressure gauge for the process industry Up to 10-fold overload safety, max. 40 bar\" \/>\n<meta property=\"og:description\" content=\"Case and wetted parts from stainless steel  Wide choice of special materials  Process connection thread or open flange  Scale ranges from 0 \u2026 16 mbar\" \/>\n<meta property=\"og:url\" content=\"https:\/\/www.sj-gauge.com\/vi\/san-pham\/432-50-433-50\/\" \/>\n<meta property=\"og:site_name\" content=\"SJ Gauge | Pressure Gauges, Thermometers &amp; Pressure Sensors\" \/>\n<meta property=\"article:modified_time\" content=\"2026-04-02T06:44:29+00:00\" \/>\n<meta property=\"og:image\" content=\"https:\/\/www.sj-gauge.com\/wp-content\/uploads\/2026\/01\/SJ-Gauge-wika-432.50-image.jpg\" \/>\n\t<meta property=\"og:image:width\" content=\"1200\" \/>\n\t<meta property=\"og:image:height\" content=\"1000\" \/>\n\t<meta property=\"og:image:type\" content=\"image\/jpeg\" \/>\n<meta name=\"twitter:card\" content=\"summary_large_image\" \/>\n<meta name=\"twitter:label1\" content=\"\u01af\u1edbc t\u00ednh th\u1eddi gian \u0111\u1ecdc\" \/>\n\t<meta name=\"twitter:data1\" content=\"1 ph\u00fat\" \/>\n<script type=\"application\/ld+json\" class=\"yoast-schema-graph\">{\"@context\":\"https:\\\/\\\/schema.org\",\"@graph\":[{\"@type\":\"WebPage\",\"@id\":\"https:\\\/\\\/www.sj-gauge.com\\\/product\\\/432-50-433-50\\\/\",\"url\":\"https:\\\/\\\/www.sj-gauge.com\\\/product\\\/432-50-433-50\\\/\",\"name\":\"Diaphragm pressure gauge for the process industry Up to 10-fold overload safety, max. 40 bar - SJ Gauge | Pressure Gauges, Thermometers &amp; Pressure Sensors\",\"isPartOf\":{\"@id\":\"https:\\\/\\\/www.sj-gauge.com\\\/#website\"},\"primaryImageOfPage\":{\"@id\":\"https:\\\/\\\/www.sj-gauge.com\\\/product\\\/432-50-433-50\\\/#primaryimage\"},\"image\":{\"@id\":\"https:\\\/\\\/www.sj-gauge.com\\\/product\\\/432-50-433-50\\\/#primaryimage\"},\"thumbnailUrl\":\"https:\\\/\\\/www.sj-gauge.com\\\/wp-content\\\/uploads\\\/2026\\\/01\\\/SJ-Gauge-wika-432.50-image.jpg\",\"datePublished\":\"2026-01-09T06:19:26+00:00\",\"dateModified\":\"2026-04-02T06:44:29+00:00\",\"breadcrumb\":{\"@id\":\"https:\\\/\\\/www.sj-gauge.com\\\/product\\\/432-50-433-50\\\/#breadcrumb\"},\"inLanguage\":\"vi\",\"potentialAction\":[{\"@type\":\"ReadAction\",\"target\":[\"https:\\\/\\\/www.sj-gauge.com\\\/product\\\/432-50-433-50\\\/\"]}]},{\"@type\":\"ImageObject\",\"inLanguage\":\"vi\",\"@id\":\"https:\\\/\\\/www.sj-gauge.com\\\/product\\\/432-50-433-50\\\/#primaryimage\",\"url\":\"https:\\\/\\\/www.sj-gauge.com\\\/wp-content\\\/uploads\\\/2026\\\/01\\\/SJ-Gauge-wika-432.50-image.jpg\",\"contentUrl\":\"https:\\\/\\\/www.sj-gauge.com\\\/wp-content\\\/uploads\\\/2026\\\/01\\\/SJ-Gauge-wika-432.50-image.jpg\",\"width\":1200,\"height\":1000},{\"@type\":\"BreadcrumbList\",\"@id\":\"https:\\\/\\\/www.sj-gauge.com\\\/product\\\/432-50-433-50\\\/#breadcrumb\",\"itemListElement\":[{\"@type\":\"ListItem\",\"position\":1,\"name\":\"Home\",\"item\":\"https:\\\/\\\/www.sj-gauge.com\\\/\"},{\"@type\":\"ListItem\",\"position\":2,\"name\":\"Products\",\"item\":\"https:\\\/\\\/www.sj-gauge.com\\\/products\\\/\"},{\"@type\":\"ListItem\",\"position\":3,\"name\":\"Diaphragm pressure gauge for the process industry Up to 10-fold overload safety, max. 40 bar\"}]},{\"@type\":\"WebSite\",\"@id\":\"https:\\\/\\\/www.sj-gauge.com\\\/#website\",\"url\":\"https:\\\/\\\/www.sj-gauge.com\\\/\",\"name\":\"SJ Gauge | Pressure Gauges, Thermometers &amp; Pressure Sensors\",\"description\":\"Manufacturer of industrial pressure gauges, pressure sensors, and transmitters. SJ Gauge provides high accuracy, durable materials, and custom solutions for oil &amp; gas, chemical, and industrial applications.\",\"publisher\":{\"@id\":\"https:\\\/\\\/www.sj-gauge.com\\\/#organization\"},\"potentialAction\":[{\"@type\":\"SearchAction\",\"target\":{\"@type\":\"EntryPoint\",\"urlTemplate\":\"https:\\\/\\\/www.sj-gauge.com\\\/?s={search_term_string}\"},\"query-input\":{\"@type\":\"PropertyValueSpecification\",\"valueRequired\":true,\"valueName\":\"search_term_string\"}}],\"inLanguage\":\"vi\"},{\"@type\":\"Organization\",\"@id\":\"https:\\\/\\\/www.sj-gauge.com\\\/#organization\",\"name\":\"SJ Gauge | Pressure Gauges, Thermometers &amp; Pressure Sensors\",\"url\":\"https:\\\/\\\/www.sj-gauge.com\\\/\",\"logo\":{\"@type\":\"ImageObject\",\"inLanguage\":\"vi\",\"@id\":\"https:\\\/\\\/www.sj-gauge.com\\\/#\\\/schema\\\/logo\\\/image\\\/\",\"url\":\"https:\\\/\\\/www.sj-gauge.com\\\/wp-content\\\/uploads\\\/2025\\\/09\\\/logo.webp\",\"contentUrl\":\"https:\\\/\\\/www.sj-gauge.com\\\/wp-content\\\/uploads\\\/2025\\\/09\\\/logo.webp\",\"width\":348,\"height\":184,\"caption\":\"SJ Gauge | Pressure Gauges, Thermometers &amp; Pressure Sensors\"},\"image\":{\"@id\":\"https:\\\/\\\/www.sj-gauge.com\\\/#\\\/schema\\\/logo\\\/image\\\/\"}}]}<\/script>\n<!-- \/ Yoast SEO Premium plugin. -->","yoast_head_json":{"title":"\u0110\u1ed3ng h\u1ed3 \u0111o \u00e1p su\u1ea5t m\u00e0ng cho ng\u00e0nh c\u00f4ng nghi\u1ec7p ch\u1ebf bi\u1ebfn \u0110\u1ed9 an to\u00e0n ch\u1ecbu qu\u00e1 t\u1ea3i l\u00ean \u0111\u1ebfn 10 l\u1ea7n, t\u1ed1i \u0111a 40 bar - SJ Gauge | \u0110\u1ed3ng h\u1ed3 \u0111o \u00e1p su\u1ea5t, nhi\u1ec7t k\u1ebf &amp; c\u1ea3m bi\u1ebfn \u00e1p su\u1ea5t","robots":{"index":"index","follow":"follow","max-snippet":"max-snippet:-1","max-image-preview":"max-image-preview:large","max-video-preview":"max-video-preview:-1"},"canonical":"https:\/\/www.sj-gauge.com\/vi\/san-pham\/432-50-433-50\/","og_locale":"vi_VN","og_type":"article","og_title":"Diaphragm pressure gauge for the process industry Up to 10-fold overload safety, max. 40 bar","og_description":"Case and wetted parts from stainless steel  Wide choice of special materials  Process connection thread or open flange  Scale ranges from 0 \u2026 16 mbar","og_url":"https:\/\/www.sj-gauge.com\/vi\/san-pham\/432-50-433-50\/","og_site_name":"SJ Gauge | Pressure Gauges, Thermometers &amp; Pressure Sensors","article_modified_time":"2026-04-02T06:44:29+00:00","og_image":[{"width":1200,"height":1000,"url":"https:\/\/www.sj-gauge.com\/wp-content\/uploads\/2026\/01\/SJ-Gauge-wika-432.50-image.jpg","type":"image\/jpeg"}],"twitter_card":"summary_large_image","twitter_misc":{"\u01af\u1edbc t\u00ednh th\u1eddi gian \u0111\u1ecdc":"1 ph\u00fat"},"schema":{"@context":"https:\/\/schema.org","@graph":[{"@type":"WebPage","@id":"https:\/\/www.sj-gauge.com\/product\/432-50-433-50\/","url":"https:\/\/www.sj-gauge.com\/product\/432-50-433-50\/","name":"\u0110\u1ed3ng h\u1ed3 \u0111o \u00e1p su\u1ea5t m\u00e0ng cho ng\u00e0nh c\u00f4ng nghi\u1ec7p ch\u1ebf bi\u1ebfn \u0110\u1ed9 an to\u00e0n ch\u1ecbu qu\u00e1 t\u1ea3i l\u00ean \u0111\u1ebfn 10 l\u1ea7n, t\u1ed1i \u0111a 40 bar - SJ Gauge | \u0110\u1ed3ng h\u1ed3 \u0111o \u00e1p su\u1ea5t, nhi\u1ec7t k\u1ebf &amp; c\u1ea3m bi\u1ebfn \u00e1p su\u1ea5t","isPartOf":{"@id":"https:\/\/www.sj-gauge.com\/#website"},"primaryImageOfPage":{"@id":"https:\/\/www.sj-gauge.com\/product\/432-50-433-50\/#primaryimage"},"image":{"@id":"https:\/\/www.sj-gauge.com\/product\/432-50-433-50\/#primaryimage"},"thumbnailUrl":"https:\/\/www.sj-gauge.com\/wp-content\/uploads\/2026\/01\/SJ-Gauge-wika-432.50-image.jpg","datePublished":"2026-01-09T06:19:26+00:00","dateModified":"2026-04-02T06:44:29+00:00","breadcrumb":{"@id":"https:\/\/www.sj-gauge.com\/product\/432-50-433-50\/#breadcrumb"},"inLanguage":"vi","potentialAction":[{"@type":"ReadAction","target":["https:\/\/www.sj-gauge.com\/product\/432-50-433-50\/"]}]},{"@type":"ImageObject","inLanguage":"vi","@id":"https:\/\/www.sj-gauge.com\/product\/432-50-433-50\/#primaryimage","url":"https:\/\/www.sj-gauge.com\/wp-content\/uploads\/2026\/01\/SJ-Gauge-wika-432.50-image.jpg","contentUrl":"https:\/\/www.sj-gauge.com\/wp-content\/uploads\/2026\/01\/SJ-Gauge-wika-432.50-image.jpg","width":1200,"height":1000},{"@type":"BreadcrumbList","@id":"https:\/\/www.sj-gauge.com\/product\/432-50-433-50\/#breadcrumb","itemListElement":[{"@type":"ListItem","position":1,"name":"Home","item":"https:\/\/www.sj-gauge.com\/"},{"@type":"ListItem","position":2,"name":"Products","item":"https:\/\/www.sj-gauge.com\/products\/"},{"@type":"ListItem","position":3,"name":"Diaphragm pressure gauge for the process industry Up to 10-fold overload safety, max. 40 bar"}]},{"@type":"WebSite","@id":"https:\/\/www.sj-gauge.com\/#website","url":"https:\/\/www.sj-gauge.com\/","name":"SJ Gauge | \u0110\u1ed3ng h\u1ed3 \u0111o \u00e1p su\u1ea5t, nhi\u1ec7t k\u1ebf v\u00e0 c\u1ea3m bi\u1ebfn \u00e1p su\u1ea5t","description":"Nh\u00e0 s\u1ea3n xu\u1ea5t \u0111\u1ed3ng h\u1ed3 \u0111o \u00e1p su\u1ea5t c\u00f4ng nghi\u1ec7p, c\u1ea3m bi\u1ebfn \u00e1p su\u1ea5t v\u00e0 b\u1ed9 truy\u1ec1n t\u00edn hi\u1ec7u. SJ Gauge cung c\u1ea5p c\u00e1c s\u1ea3n ph\u1ea9m c\u00f3 \u0111\u1ed9 ch\u00ednh x\u00e1c cao, \u0111\u01b0\u1ee3c ch\u1ebf t\u1ea1o t\u1eeb v\u1eadt li\u1ec7u b\u1ec1n b\u1ec9 v\u00e0 c\u00e1c gi\u1ea3i ph\u00e1p t\u00f9y ch\u1ec9nh d\u00e0nh cho c\u00e1c \u1ee9ng d\u1ee5ng trong ng\u00e0nh d\u1ea7u kh\u00ed, h\u00f3a ch\u1ea5t v\u00e0 c\u00f4ng nghi\u1ec7p.","publisher":{"@id":"https:\/\/www.sj-gauge.com\/#organization"},"potentialAction":[{"@type":"SearchAction","target":{"@type":"EntryPoint","urlTemplate":"https:\/\/www.sj-gauge.com\/?s={search_term_string}"},"query-input":{"@type":"PropertyValueSpecification","valueRequired":true,"valueName":"search_term_string"}}],"inLanguage":"vi"},{"@type":"Organization","@id":"https:\/\/www.sj-gauge.com\/#organization","name":"SJ Gauge | \u0110\u1ed3ng h\u1ed3 \u0111o \u00e1p su\u1ea5t, nhi\u1ec7t k\u1ebf v\u00e0 c\u1ea3m bi\u1ebfn \u00e1p su\u1ea5t","url":"https:\/\/www.sj-gauge.com\/","logo":{"@type":"ImageObject","inLanguage":"vi","@id":"https:\/\/www.sj-gauge.com\/#\/schema\/logo\/image\/","url":"https:\/\/www.sj-gauge.com\/wp-content\/uploads\/2025\/09\/logo.webp","contentUrl":"https:\/\/www.sj-gauge.com\/wp-content\/uploads\/2025\/09\/logo.webp","width":348,"height":184,"caption":"SJ Gauge | Pressure Gauges, Thermometers &amp; Pressure Sensors"},"image":{"@id":"https:\/\/www.sj-gauge.com\/#\/schema\/logo\/image\/"}}]}},"_links":{"self":[{"href":"https:\/\/www.sj-gauge.com\/vi\/wp-json\/wp\/v2\/product\/3299","targetHints":{"allow":["GET"]}}],"collection":[{"href":"https:\/\/www.sj-gauge.com\/vi\/wp-json\/wp\/v2\/product"}],"about":[{"href":"https:\/\/www.sj-gauge.com\/vi\/wp-json\/wp\/v2\/types\/product"}],"wp:featuredmedia":[{"embeddable":true,"href":"https:\/\/www.sj-gauge.com\/vi\/wp-json\/wp\/v2\/media\/3301"}],"wp:attachment":[{"href":"https:\/\/www.sj-gauge.com\/vi\/wp-json\/wp\/v2\/media?parent=3299"}],"wp:term":[{"taxonomy":"product_brand","embeddable":true,"href":"https:\/\/www.sj-gauge.com\/vi\/wp-json\/wp\/v2\/product_brand?post=3299"},{"taxonomy":"product_cat","embeddable":true,"href":"https:\/\/www.sj-gauge.com\/vi\/wp-json\/wp\/v2\/product_cat?post=3299"},{"taxonomy":"product_tag","embeddable":true,"href":"https:\/\/www.sj-gauge.com\/vi\/wp-json\/wp\/v2\/product_tag?post=3299"}],"curies":[{"name":"wp","href":"https:\/\/api.w.org\/{rel}","templated":true}]}}