{"id":3310,"date":"2026-01-09T16:44:29","date_gmt":"2026-01-09T08:44:29","guid":{"rendered":"https:\/\/sj-gauge.com\/?post_type=product&#038;p=3310"},"modified":"2026-04-02T15:13:27","modified_gmt":"2026-04-02T07:13:27","slug":"212-20","status":"publish","type":"product","link":"https:\/\/www.sj-gauge.com\/vi\/san-pham\/212-20\/","title":{"rendered":"C\u1ea3m bi\u1ebfn \u00e1p su\u1ea5t \u1ed1ng Bourdon V\u1ecf th\u00e9p kh\u00f4ng g\u1ec9, NS 100 [4\u2033] v\u00e0 160 [6\u2033]"},"content":{"rendered":"<p>\u0110\u1ed3ng h\u1ed3 \u0111o \u00e1p su\u1ea5t \u1ed1ng Bourdon c\u01a1 kh\u00ed Model 212.20 c\u00f3 v\u1ecf b\u1eb1ng th\u00e9p kh\u00f4ng g\u1ec9 v\u00e0 c\u00e1c b\u1ed9 ph\u1eadn ti\u1ebfp x\u00fac v\u1edbi ch\u1ea5t l\u1ecfng \u0111\u01b0\u1ee3c l\u00e0m t\u1eeb h\u1ee3p kim \u0111\u1ed3ng ho\u1eb7c th\u00e9p kh\u00f4ng g\u1ec9, tu\u00e2n th\u1ee7 c\u00e1c ti\u00eau chu\u1ea9n EN 837-1 v\u00e0 ASME B40.100. S\u1ea3n ph\u1ea9m \u0111\u01b0\u1ee3c trang b\u1ecb thi\u1ebft b\u1ecb x\u1ea3 \u00e1p \u0111\u1ec3 t\u0103ng c\u01b0\u1eddng an to\u00e0n v\u00e0 l\u00e0 l\u1ef1a ch\u1ecdn l\u00fd t\u01b0\u1edfng cho c\u00e1c \u1ee9ng d\u1ee5ng trong ch\u1ebf t\u1ea1o m\u00e1y m\u00f3c, x\u00e2y d\u1ef1ng nh\u00e0 m\u00e1y v\u00e0 h\u1ec7 th\u1ed1ng l\u00e0m l\u1ea1nh. C\u00f3 s\u1eb5n c\u00e1c k\u00edch th\u01b0\u1edbc danh ngh\u0129a 100 [4\u2033] v\u00e0 160 [6\u2033] v\u1edbi m\u1ee9c b\u1ea3o v\u1ec7 IP54, thi\u1ebft k\u1ebf m\u00f4-\u0111un c\u1ee7a \u0111\u1ed3ng h\u1ed3 cho ph\u00e9p k\u1ebft n\u1ed1i v\u1edbi nhi\u1ec1u lo\u1ea1i quy tr\u00ecnh v\u00e0 d\u1ea3i \u0111o kh\u00e1c nhau, \u0111\u1ea3m b\u1ea3o t\u00ednh \u1ee9ng d\u1ee5ng r\u1ed9ng r\u00e3i trong c\u00f4ng nghi\u1ec7p v\u00e0 c\u00e1c t\u00f9y ch\u1ecdn l\u1eafp \u0111\u1eb7t linh ho\u1ea1t.<\/p>","protected":false},"excerpt":{"rendered":"<ul>\n<li>Thi\u1ebft k\u1ebf b\u1ec1n b\u1ec9 v\u00e0 ch\u1eafc ch\u1eafn<\/li>\n<li>Hi\u1ec7u qu\u1ea3 v\u1ec1 chi ph\u00ed v\u00e0 \u0111\u00e1ng tin c\u1eady<\/li>\n<li>Ch\u1ee9ng nh\u1eadn c\u1ee7a DNV cho vi\u1ec7c \u0111\u00f3ng t\u00e0u<\/li>\n<li>D\u1ea3i \u0111o t\u1eeb 0 \u2026 0,6 \u0111\u1ebfn 0 \u2026 1.000 bar [0 \u2026 10 \u0111\u1ebfn 0 \u2026 15.000 psi] v\u00e0 ch\u00e2n kh\u00f4ng, c\u00f9ng v\u1edbi d\u1ea3i \u0111o +\/-.<\/li>\n<\/ul>","protected":false},"featured_media":3308,"template":"","meta":{"_acf_changed":false},"product_brand":[68],"product_cat":[51],"product_tag":[],"class_list":{"0":"post-3310","1":"product","2":"type-product","3":"status-publish","4":"has-post-thumbnail","6":"product_brand-wika","7":"product_cat-wika-pressure-gauge","9":"first","10":"instock","11":"shipping-taxable","12":"product-type-simple"},"acf":[],"yoast_head":"<!-- This site is optimized with the Yoast SEO Premium plugin v26.7 (Yoast SEO v27.4) - https:\/\/yoast.com\/product\/yoast-seo-premium-wordpress\/ -->\n<title>Bourdon tube pressure gauge Stainless steel case, NS 100 [4&quot;] and 160 [6&quot;] - SJ Gauge | Pressure Gauges, Thermometers &amp; Pressure Sensors<\/title>\n<meta name=\"robots\" content=\"index, follow, max-snippet:-1, max-image-preview:large, max-video-preview:-1\" \/>\n<link rel=\"canonical\" href=\"https:\/\/www.sj-gauge.com\/vi\/san-pham\/212-20\/\" \/>\n<meta property=\"og:locale\" content=\"vi_VN\" \/>\n<meta property=\"og:type\" content=\"article\" \/>\n<meta property=\"og:title\" content=\"Bourdon tube pressure gauge Stainless steel case, NS 100 [4&quot;] and 160 [6&quot;]\" \/>\n<meta property=\"og:description\" content=\"Durable and robust design  Cost-effective and reliable  DNV approval for shipbuilding  Scale ranges from 0 \u2026 0.6 to 0 \u2026 1,000 bar [0 ... 10 to 0 ... 15,000 psi] and vacuum and +\/- scale ranges\" \/>\n<meta property=\"og:url\" content=\"https:\/\/www.sj-gauge.com\/vi\/san-pham\/212-20\/\" \/>\n<meta property=\"og:site_name\" content=\"SJ Gauge | Pressure Gauges, Thermometers &amp; Pressure Sensors\" \/>\n<meta property=\"article:modified_time\" content=\"2026-04-02T07:13:27+00:00\" \/>\n<meta property=\"og:image\" content=\"https:\/\/www.sj-gauge.com\/wp-content\/uploads\/2026\/01\/SJ-Gauge-wika-21220-image.jpg\" \/>\n\t<meta property=\"og:image:width\" content=\"1200\" \/>\n\t<meta property=\"og:image:height\" content=\"1000\" \/>\n\t<meta property=\"og:image:type\" content=\"image\/jpeg\" \/>\n<meta name=\"twitter:card\" content=\"summary_large_image\" \/>\n<meta name=\"twitter:label1\" content=\"\u01af\u1edbc t\u00ednh th\u1eddi gian \u0111\u1ecdc\" \/>\n\t<meta name=\"twitter:data1\" content=\"1 ph\u00fat\" \/>\n<script type=\"application\/ld+json\" class=\"yoast-schema-graph\">{\"@context\":\"https:\\\/\\\/schema.org\",\"@graph\":[{\"@type\":\"WebPage\",\"@id\":\"https:\\\/\\\/www.sj-gauge.com\\\/product\\\/212-20\\\/\",\"url\":\"https:\\\/\\\/www.sj-gauge.com\\\/product\\\/212-20\\\/\",\"name\":\"Bourdon tube pressure gauge Stainless steel case, NS 100 [4\\\"] and 160 [6\\\"] - SJ Gauge | Pressure Gauges, Thermometers &amp; Pressure Sensors\",\"isPartOf\":{\"@id\":\"https:\\\/\\\/www.sj-gauge.com\\\/#website\"},\"primaryImageOfPage\":{\"@id\":\"https:\\\/\\\/www.sj-gauge.com\\\/product\\\/212-20\\\/#primaryimage\"},\"image\":{\"@id\":\"https:\\\/\\\/www.sj-gauge.com\\\/product\\\/212-20\\\/#primaryimage\"},\"thumbnailUrl\":\"https:\\\/\\\/www.sj-gauge.com\\\/wp-content\\\/uploads\\\/2026\\\/01\\\/SJ-Gauge-wika-21220-image.jpg\",\"datePublished\":\"2026-01-09T08:44:29+00:00\",\"dateModified\":\"2026-04-02T07:13:27+00:00\",\"breadcrumb\":{\"@id\":\"https:\\\/\\\/www.sj-gauge.com\\\/product\\\/212-20\\\/#breadcrumb\"},\"inLanguage\":\"vi\",\"potentialAction\":[{\"@type\":\"ReadAction\",\"target\":[\"https:\\\/\\\/www.sj-gauge.com\\\/product\\\/212-20\\\/\"]}]},{\"@type\":\"ImageObject\",\"inLanguage\":\"vi\",\"@id\":\"https:\\\/\\\/www.sj-gauge.com\\\/product\\\/212-20\\\/#primaryimage\",\"url\":\"https:\\\/\\\/www.sj-gauge.com\\\/wp-content\\\/uploads\\\/2026\\\/01\\\/SJ-Gauge-wika-21220-image.jpg\",\"contentUrl\":\"https:\\\/\\\/www.sj-gauge.com\\\/wp-content\\\/uploads\\\/2026\\\/01\\\/SJ-Gauge-wika-21220-image.jpg\",\"width\":1200,\"height\":1000},{\"@type\":\"BreadcrumbList\",\"@id\":\"https:\\\/\\\/www.sj-gauge.com\\\/product\\\/212-20\\\/#breadcrumb\",\"itemListElement\":[{\"@type\":\"ListItem\",\"position\":1,\"name\":\"Home\",\"item\":\"https:\\\/\\\/www.sj-gauge.com\\\/\"},{\"@type\":\"ListItem\",\"position\":2,\"name\":\"Products\",\"item\":\"https:\\\/\\\/www.sj-gauge.com\\\/products\\\/\"},{\"@type\":\"ListItem\",\"position\":3,\"name\":\"Bourdon tube pressure gauge Stainless steel case, NS 100 [4&#8243;] and 160 [6&#8243;]\"}]},{\"@type\":\"WebSite\",\"@id\":\"https:\\\/\\\/www.sj-gauge.com\\\/#website\",\"url\":\"https:\\\/\\\/www.sj-gauge.com\\\/\",\"name\":\"SJ Gauge | Pressure Gauges, Thermometers &amp; Pressure Sensors\",\"description\":\"Manufacturer of industrial pressure gauges, pressure sensors, and transmitters. SJ Gauge provides high accuracy, durable materials, and custom solutions for oil &amp; gas, chemical, and industrial applications.\",\"publisher\":{\"@id\":\"https:\\\/\\\/www.sj-gauge.com\\\/#organization\"},\"potentialAction\":[{\"@type\":\"SearchAction\",\"target\":{\"@type\":\"EntryPoint\",\"urlTemplate\":\"https:\\\/\\\/www.sj-gauge.com\\\/?s={search_term_string}\"},\"query-input\":{\"@type\":\"PropertyValueSpecification\",\"valueRequired\":true,\"valueName\":\"search_term_string\"}}],\"inLanguage\":\"vi\"},{\"@type\":\"Organization\",\"@id\":\"https:\\\/\\\/www.sj-gauge.com\\\/#organization\",\"name\":\"SJ Gauge | Pressure Gauges, Thermometers &amp; Pressure Sensors\",\"url\":\"https:\\\/\\\/www.sj-gauge.com\\\/\",\"logo\":{\"@type\":\"ImageObject\",\"inLanguage\":\"vi\",\"@id\":\"https:\\\/\\\/www.sj-gauge.com\\\/#\\\/schema\\\/logo\\\/image\\\/\",\"url\":\"https:\\\/\\\/www.sj-gauge.com\\\/wp-content\\\/uploads\\\/2025\\\/09\\\/logo.webp\",\"contentUrl\":\"https:\\\/\\\/www.sj-gauge.com\\\/wp-content\\\/uploads\\\/2025\\\/09\\\/logo.webp\",\"width\":348,\"height\":184,\"caption\":\"SJ Gauge | Pressure Gauges, Thermometers &amp; Pressure Sensors\"},\"image\":{\"@id\":\"https:\\\/\\\/www.sj-gauge.com\\\/#\\\/schema\\\/logo\\\/image\\\/\"}}]}<\/script>\n<!-- \/ Yoast SEO Premium plugin. -->","yoast_head_json":{"title":"\u0110\u1ed3ng h\u1ed3 \u0111o \u00e1p su\u1ea5t \u1ed1ng Bourdon, v\u1ecf th\u00e9p kh\u00f4ng g\u1ec9, NS 100 [4\"] v\u00e0 160 [6\"] - SJ Gauge | \u0110\u1ed3ng h\u1ed3 \u0111o \u00e1p su\u1ea5t, nhi\u1ec7t k\u1ebf &amp; c\u1ea3m bi\u1ebfn \u00e1p su\u1ea5t","robots":{"index":"index","follow":"follow","max-snippet":"max-snippet:-1","max-image-preview":"max-image-preview:large","max-video-preview":"max-video-preview:-1"},"canonical":"https:\/\/www.sj-gauge.com\/vi\/san-pham\/212-20\/","og_locale":"vi_VN","og_type":"article","og_title":"Bourdon tube pressure gauge Stainless steel case, NS 100 [4\"] and 160 [6\"]","og_description":"Durable and robust design  Cost-effective and reliable  DNV approval for shipbuilding  Scale ranges from 0 \u2026 0.6 to 0 \u2026 1,000 bar [0 ... 10 to 0 ... 15,000 psi] and vacuum and +\/- scale ranges","og_url":"https:\/\/www.sj-gauge.com\/vi\/san-pham\/212-20\/","og_site_name":"SJ Gauge | Pressure Gauges, Thermometers &amp; Pressure Sensors","article_modified_time":"2026-04-02T07:13:27+00:00","og_image":[{"width":1200,"height":1000,"url":"https:\/\/www.sj-gauge.com\/wp-content\/uploads\/2026\/01\/SJ-Gauge-wika-21220-image.jpg","type":"image\/jpeg"}],"twitter_card":"summary_large_image","twitter_misc":{"\u01af\u1edbc t\u00ednh th\u1eddi gian \u0111\u1ecdc":"1 ph\u00fat"},"schema":{"@context":"https:\/\/schema.org","@graph":[{"@type":"WebPage","@id":"https:\/\/www.sj-gauge.com\/product\/212-20\/","url":"https:\/\/www.sj-gauge.com\/product\/212-20\/","name":"\u0110\u1ed3ng h\u1ed3 \u0111o \u00e1p su\u1ea5t \u1ed1ng Bourdon, v\u1ecf th\u00e9p kh\u00f4ng g\u1ec9, NS 100 [4\"] v\u00e0 160 [6\"] - SJ Gauge | \u0110\u1ed3ng h\u1ed3 \u0111o \u00e1p su\u1ea5t, nhi\u1ec7t k\u1ebf &amp; c\u1ea3m bi\u1ebfn \u00e1p su\u1ea5t","isPartOf":{"@id":"https:\/\/www.sj-gauge.com\/#website"},"primaryImageOfPage":{"@id":"https:\/\/www.sj-gauge.com\/product\/212-20\/#primaryimage"},"image":{"@id":"https:\/\/www.sj-gauge.com\/product\/212-20\/#primaryimage"},"thumbnailUrl":"https:\/\/www.sj-gauge.com\/wp-content\/uploads\/2026\/01\/SJ-Gauge-wika-21220-image.jpg","datePublished":"2026-01-09T08:44:29+00:00","dateModified":"2026-04-02T07:13:27+00:00","breadcrumb":{"@id":"https:\/\/www.sj-gauge.com\/product\/212-20\/#breadcrumb"},"inLanguage":"vi","potentialAction":[{"@type":"ReadAction","target":["https:\/\/www.sj-gauge.com\/product\/212-20\/"]}]},{"@type":"ImageObject","inLanguage":"vi","@id":"https:\/\/www.sj-gauge.com\/product\/212-20\/#primaryimage","url":"https:\/\/www.sj-gauge.com\/wp-content\/uploads\/2026\/01\/SJ-Gauge-wika-21220-image.jpg","contentUrl":"https:\/\/www.sj-gauge.com\/wp-content\/uploads\/2026\/01\/SJ-Gauge-wika-21220-image.jpg","width":1200,"height":1000},{"@type":"BreadcrumbList","@id":"https:\/\/www.sj-gauge.com\/product\/212-20\/#breadcrumb","itemListElement":[{"@type":"ListItem","position":1,"name":"Home","item":"https:\/\/www.sj-gauge.com\/"},{"@type":"ListItem","position":2,"name":"Products","item":"https:\/\/www.sj-gauge.com\/products\/"},{"@type":"ListItem","position":3,"name":"Bourdon tube pressure gauge Stainless steel case, NS 100 [4&#8243;] and 160 [6&#8243;]"}]},{"@type":"WebSite","@id":"https:\/\/www.sj-gauge.com\/#website","url":"https:\/\/www.sj-gauge.com\/","name":"SJ Gauge | \u0110\u1ed3ng h\u1ed3 \u0111o \u00e1p su\u1ea5t, nhi\u1ec7t k\u1ebf v\u00e0 c\u1ea3m bi\u1ebfn \u00e1p su\u1ea5t","description":"Nh\u00e0 s\u1ea3n xu\u1ea5t \u0111\u1ed3ng h\u1ed3 \u0111o \u00e1p su\u1ea5t c\u00f4ng nghi\u1ec7p, c\u1ea3m bi\u1ebfn \u00e1p su\u1ea5t v\u00e0 b\u1ed9 truy\u1ec1n t\u00edn hi\u1ec7u. SJ Gauge cung c\u1ea5p c\u00e1c s\u1ea3n ph\u1ea9m c\u00f3 \u0111\u1ed9 ch\u00ednh x\u00e1c cao, \u0111\u01b0\u1ee3c ch\u1ebf t\u1ea1o t\u1eeb v\u1eadt li\u1ec7u b\u1ec1n b\u1ec9 v\u00e0 c\u00e1c gi\u1ea3i ph\u00e1p t\u00f9y ch\u1ec9nh d\u00e0nh cho c\u00e1c \u1ee9ng d\u1ee5ng trong ng\u00e0nh d\u1ea7u kh\u00ed, h\u00f3a ch\u1ea5t v\u00e0 c\u00f4ng nghi\u1ec7p.","publisher":{"@id":"https:\/\/www.sj-gauge.com\/#organization"},"potentialAction":[{"@type":"SearchAction","target":{"@type":"EntryPoint","urlTemplate":"https:\/\/www.sj-gauge.com\/?s={search_term_string}"},"query-input":{"@type":"PropertyValueSpecification","valueRequired":true,"valueName":"search_term_string"}}],"inLanguage":"vi"},{"@type":"Organization","@id":"https:\/\/www.sj-gauge.com\/#organization","name":"SJ Gauge | \u0110\u1ed3ng h\u1ed3 \u0111o \u00e1p su\u1ea5t, nhi\u1ec7t k\u1ebf v\u00e0 c\u1ea3m bi\u1ebfn \u00e1p su\u1ea5t","url":"https:\/\/www.sj-gauge.com\/","logo":{"@type":"ImageObject","inLanguage":"vi","@id":"https:\/\/www.sj-gauge.com\/#\/schema\/logo\/image\/","url":"https:\/\/www.sj-gauge.com\/wp-content\/uploads\/2025\/09\/logo.webp","contentUrl":"https:\/\/www.sj-gauge.com\/wp-content\/uploads\/2025\/09\/logo.webp","width":348,"height":184,"caption":"SJ Gauge | Pressure Gauges, Thermometers &amp; Pressure Sensors"},"image":{"@id":"https:\/\/www.sj-gauge.com\/#\/schema\/logo\/image\/"}}]}},"_links":{"self":[{"href":"https:\/\/www.sj-gauge.com\/vi\/wp-json\/wp\/v2\/product\/3310","targetHints":{"allow":["GET"]}}],"collection":[{"href":"https:\/\/www.sj-gauge.com\/vi\/wp-json\/wp\/v2\/product"}],"about":[{"href":"https:\/\/www.sj-gauge.com\/vi\/wp-json\/wp\/v2\/types\/product"}],"wp:featuredmedia":[{"embeddable":true,"href":"https:\/\/www.sj-gauge.com\/vi\/wp-json\/wp\/v2\/media\/3308"}],"wp:attachment":[{"href":"https:\/\/www.sj-gauge.com\/vi\/wp-json\/wp\/v2\/media?parent=3310"}],"wp:term":[{"taxonomy":"product_brand","embeddable":true,"href":"https:\/\/www.sj-gauge.com\/vi\/wp-json\/wp\/v2\/product_brand?post=3310"},{"taxonomy":"product_cat","embeddable":true,"href":"https:\/\/www.sj-gauge.com\/vi\/wp-json\/wp\/v2\/product_cat?post=3310"},{"taxonomy":"product_tag","embeddable":true,"href":"https:\/\/www.sj-gauge.com\/vi\/wp-json\/wp\/v2\/product_tag?post=3310"}],"curies":[{"name":"wp","href":"https:\/\/api.w.org\/{rel}","templated":true}]}}