{"id":3319,"date":"2026-01-15T11:34:02","date_gmt":"2026-01-15T03:34:02","guid":{"rendered":"https:\/\/sj-gauge.com\/?post_type=product&#038;p=3319"},"modified":"2026-05-04T19:46:38","modified_gmt":"2026-05-04T11:46:38","slug":"232-34-233-34","status":"publish","type":"product","link":"https:\/\/www.sj-gauge.com\/vi\/san-pham\/232-34-233-34\/","title":{"rendered":"C\u1ea3m bi\u1ebfn \u00e1p su\u1ea5t \u1ed1ng Bourdon, c\u1ea3m bi\u1ebfn \u00e1p su\u1ea5t qu\u00e1 tr\u00ecnh th\u00e9p kh\u00f4ng g\u1ec9 XSEL\u00ae"},"content":{"rendered":"<div class=\"column is-half\">\n<div class=\"column is-half\">\n<p>C\u1ea3m bi\u1ebfn \u00e1p su\u1ea5t \u1ed1ng Bourdon ch\u1ea5t l\u01b0\u1ee3ng cao n\u00e0y \u0111\u01b0\u1ee3c thi\u1ebft k\u1ebf \u0111\u1eb7c bi\u1ec7t cho ng\u00e0nh c\u00f4ng nghi\u1ec7p qu\u00e1 tr\u00ecnh.<\/p>\n<p>Vi\u1ec7c s\u1eed d\u1ee5ng v\u1eadt li\u1ec7u ch\u1ea5t l\u01b0\u1ee3ng cao v\u00e0 thi\u1ebft k\u1ebf ch\u1eafc ch\u1eafn \u0111\u01b0\u1ee3c thi\u1ebft k\u1ebf d\u00e0nh cho c\u00e1c \u1ee9ng d\u1ee5ng trong ng\u00e0nh c\u00f4ng nghi\u1ec7p h\u00f3a ch\u1ea5t v\u00e0 c\u00f4ng ngh\u1ec7 qu\u00e1 tr\u00ecnh.<\/p>\n<p>D\u1ea3i \u0111o t\u1eeb 0 \u2026 10 \u0111\u1ebfn 0 \u2026 30.000 psi [0 \u2026 0,6 \u0111\u1ebfn 0 \u2026 2.000 bar] \u0111\u1ea3m b\u1ea3o d\u1ea3i \u0111o c\u1ea7n thi\u1ebft cho nhi\u1ec1u \u1ee9ng d\u1ee5ng kh\u00e1c nhau.<\/p>\n<p>WIKA s\u1ea3n xu\u1ea5t v\u00e0 ki\u1ec3m \u0111\u1ecbnh \u0111\u1ed3ng h\u1ed3 \u00e1p su\u1ea5t theo ti\u00eau chu\u1ea9n ASME B40.100. V\u1edbi ch\u1ee9c n\u0103ng an to\u00e0n, thi\u1ebft b\u1ecb n\u00e0y \u0111\u01b0\u1ee3c trang b\u1ecb t\u01b0\u1eddng ch\u1eafn ch\u1eafc ch\u1eafn c\u00f3 l\u1ed7 tho\u00e1t kh\u00ed ph\u00eda sau.<\/p>\n<\/div>\n<div class=\"column is-half\">\n<p>Trong tr\u01b0\u1eddng h\u1ee3p x\u1ea3y ra s\u1ef1 c\u1ed1, ng\u01b0\u1eddi v\u1eadn h\u00e0nh \u0111\u01b0\u1ee3c b\u1ea3o v\u1ec7 \u1edf m\u1eb7t tr\u01b0\u1edbc, v\u00ec c\u00e1c ph\u01b0\u01a1ng ti\u1ec7n ho\u1eb7c linh ki\u1ec7n ch\u1ec9 c\u00f3 th\u1ec3 \u0111\u01b0\u1ee3c th\u00e1o ra qua m\u1eb7t sau c\u1ee7a v\u1ecf m\u00e1y. V\u1ecf m\u00e1y l\u00e0m t\u1eeb nh\u1ef1a PBT gia c\u1ed1 s\u1ee3i th\u1ee7y tinh cung c\u1ea5p \u0111\u1ed9 \u1ed5n \u0111\u1ecbnh c\u1ea7n thi\u1ebft cho c\u00e1c ph\u00e9p \u0111o l\u1eb7p l\u1ea1i, ngay c\u1ea3 trong \u0111i\u1ec1u ki\u1ec7n m\u00f4i tr\u01b0\u1eddng kh\u1eafc nghi\u1ec7t.<\/p>\n<p>V\u1edbi m\u00f4 h\u00ecnh 233.34, vi\u1ec7c l\u1eafp \u0111\u1eb7t v\u1ecf m\u00e1y k\u1ebft h\u1ee3p v\u1edbi b\u1ed9 h\u1ea1n ch\u1ebf \u0111\u01b0\u1ee3c v\u1eb7n ch\u1eb7t cho ph\u00e9p s\u1eed d\u1ee5ng trong c\u00e1c \u1ee9ng d\u1ee5ng c\u00f3 t\u1ea3i \u00e1p su\u1ea5t \u0111\u1ed9ng cao v\u00e0 rung \u0111\u1ed9ng.<\/p>\n<p>M\u00e3 QR tr\u00ean m\u1eb7t \u0111\u1ed3ng h\u1ed3 cho ph\u00e9p truy c\u1eadp d\u1ec5 d\u00e0ng v\u00e0 l\u00e2u d\u00e0i v\u00e0o c\u00e1c th\u00f4ng tin c\u1ee5 th\u1ec3 c\u1ee7a thi\u1ebft b\u1ecb nh\u01b0 s\u1ed1 seri, s\u1ed1 \u0111\u01a1n h\u00e0ng, ch\u1ee9ng ch\u1ec9 v\u00e0 c\u00e1c d\u1eef li\u1ec7u s\u1ea3n ph\u1ea9m kh\u00e1c t\u1eeb internet.<\/p>\n<\/div>\n<\/div>","protected":false},"excerpt":{"rendered":"<ul>\n<li>\u0110\u1ed9 \u1ed5n \u0111\u1ecbnh chu k\u1ef3 t\u1ea3i v\u00e0 kh\u1ea3 n\u0103ng ch\u1ed1ng s\u1ed1c xu\u1ea5t s\u1eafc.<\/li>\n<li>Phi\u00ean b\u1ea3n an to\u00e0n v\u1edbi t\u01b0\u1eddng ch\u1eafn ch\u1eafc ch\u1eafn \u0111\u01b0\u1ee3c thi\u1ebft k\u1ebf tu\u00e2n th\u1ee7 c\u00e1c y\u00eau c\u1ea7u v\u00e0 \u0111i\u1ec1u ki\u1ec7n th\u1eed nghi\u1ec7m c\u1ee7a ASME B 40.100.<\/li>\n<li>V\u1edbi h\u1ec7 th\u1ed1ng n\u1ea1p li\u1ec7u (m\u1eabu 233.34) d\u00e0nh cho c\u00e1c \u1ee9ng d\u1ee5ng c\u00f3 t\u1ea3i tr\u1ecdng \u00e1p su\u1ea5t \u0111\u1ed9ng cao v\u00e0 rung \u0111\u1ed9ng.<\/li>\n<li>D\u1ea3i \u0111o t\u1eeb 0 \u2026 10 \u0111\u1ebfn 0 \u2026 30.000 psi [0 \u2026 0,6 \u0111\u1ebfn 0 \u2026 2.000 bar]<\/li>\n<li>M\u00e3 QR tr\u00ean m\u1eb7t \u0111\u1ed3ng h\u1ed3 d\u1eabn \u0111\u1ebfn th\u00f4ng tin c\u1ee5 th\u1ec3 v\u1ec1 thi\u1ebft b\u1ecb.<\/li>\n<\/ul>","protected":false},"featured_media":3410,"template":"","meta":{"_acf_changed":false},"product_brand":[68],"product_cat":[51],"product_tag":[],"class_list":{"0":"post-3319","1":"product","2":"type-product","3":"status-publish","4":"has-post-thumbnail","6":"product_brand-wika","7":"product_cat-wika-pressure-gauge","9":"first","10":"instock","11":"shipping-taxable","12":"product-type-simple"},"acf":[],"yoast_head":"<!-- This site is optimized with the Yoast SEO Premium plugin v26.7 (Yoast SEO v27.4) - https:\/\/yoast.com\/product\/yoast-seo-premium-wordpress\/ -->\n<title>Bourdon tube pressure gauge, stainless steel XSEL\u00ae process pressure gauge - SJ Gauge | Pressure Gauges, Thermometers &amp; Pressure Sensors<\/title>\n<meta name=\"robots\" content=\"index, follow, max-snippet:-1, max-image-preview:large, max-video-preview:-1\" \/>\n<link rel=\"canonical\" href=\"https:\/\/www.sj-gauge.com\/vi\/san-pham\/232-34-233-34\/\" \/>\n<meta property=\"og:locale\" content=\"vi_VN\" \/>\n<meta property=\"og:type\" content=\"article\" \/>\n<meta property=\"og:title\" content=\"Bourdon tube pressure gauge, stainless steel XSEL\u00ae process pressure gauge\" \/>\n<meta property=\"og:description\" content=\"Excellent load-cycle stability and shock resistance  Safety version with solid baffle wall designed in compliance with the requirements and test conditions of ASME B 40.100  With case filling (model 233.34) for applications with high dynamic pressure loads and vibrations  Scale ranges from 0 \u2026 10 to 0 \u2026 30,000 psi [0 ... 0.6 to 0 ... 2,000 bar]  QR code on dial links to instrument-specific information\" \/>\n<meta property=\"og:url\" content=\"https:\/\/www.sj-gauge.com\/vi\/san-pham\/232-34-233-34\/\" \/>\n<meta property=\"og:site_name\" content=\"SJ Gauge | Pressure Gauges, Thermometers &amp; Pressure Sensors\" \/>\n<meta property=\"article:modified_time\" content=\"2026-05-04T11:46:38+00:00\" \/>\n<meta property=\"og:image\" content=\"https:\/\/www.sj-gauge.com\/wp-content\/uploads\/2026\/01\/SJ-Gauge-wika-233-34-image.jpg\" \/>\n\t<meta property=\"og:image:width\" content=\"1200\" \/>\n\t<meta property=\"og:image:height\" content=\"1000\" \/>\n\t<meta property=\"og:image:type\" content=\"image\/jpeg\" \/>\n<meta name=\"twitter:card\" content=\"summary_large_image\" \/>\n<meta name=\"twitter:label1\" content=\"\u01af\u1edbc t\u00ednh th\u1eddi gian \u0111\u1ecdc\" \/>\n\t<meta name=\"twitter:data1\" content=\"2 ph\u00fat\" \/>\n<script type=\"application\/ld+json\" class=\"yoast-schema-graph\">{\"@context\":\"https:\\\/\\\/schema.org\",\"@graph\":[{\"@type\":\"WebPage\",\"@id\":\"https:\\\/\\\/www.sj-gauge.com\\\/product\\\/232-34-233-34\\\/\",\"url\":\"https:\\\/\\\/www.sj-gauge.com\\\/product\\\/232-34-233-34\\\/\",\"name\":\"Bourdon tube pressure gauge, stainless steel XSEL\u00ae process pressure gauge - SJ Gauge | Pressure Gauges, Thermometers &amp; Pressure Sensors\",\"isPartOf\":{\"@id\":\"https:\\\/\\\/www.sj-gauge.com\\\/#website\"},\"primaryImageOfPage\":{\"@id\":\"https:\\\/\\\/www.sj-gauge.com\\\/product\\\/232-34-233-34\\\/#primaryimage\"},\"image\":{\"@id\":\"https:\\\/\\\/www.sj-gauge.com\\\/product\\\/232-34-233-34\\\/#primaryimage\"},\"thumbnailUrl\":\"https:\\\/\\\/www.sj-gauge.com\\\/wp-content\\\/uploads\\\/2026\\\/01\\\/SJ-Gauge-wika-233-34-image.jpg\",\"datePublished\":\"2026-01-15T03:34:02+00:00\",\"dateModified\":\"2026-05-04T11:46:38+00:00\",\"breadcrumb\":{\"@id\":\"https:\\\/\\\/www.sj-gauge.com\\\/product\\\/232-34-233-34\\\/#breadcrumb\"},\"inLanguage\":\"vi\",\"potentialAction\":[{\"@type\":\"ReadAction\",\"target\":[\"https:\\\/\\\/www.sj-gauge.com\\\/product\\\/232-34-233-34\\\/\"]}]},{\"@type\":\"ImageObject\",\"inLanguage\":\"vi\",\"@id\":\"https:\\\/\\\/www.sj-gauge.com\\\/product\\\/232-34-233-34\\\/#primaryimage\",\"url\":\"https:\\\/\\\/www.sj-gauge.com\\\/wp-content\\\/uploads\\\/2026\\\/01\\\/SJ-Gauge-wika-233-34-image.jpg\",\"contentUrl\":\"https:\\\/\\\/www.sj-gauge.com\\\/wp-content\\\/uploads\\\/2026\\\/01\\\/SJ-Gauge-wika-233-34-image.jpg\",\"width\":1200,\"height\":1000},{\"@type\":\"BreadcrumbList\",\"@id\":\"https:\\\/\\\/www.sj-gauge.com\\\/product\\\/232-34-233-34\\\/#breadcrumb\",\"itemListElement\":[{\"@type\":\"ListItem\",\"position\":1,\"name\":\"Home\",\"item\":\"https:\\\/\\\/www.sj-gauge.com\\\/\"},{\"@type\":\"ListItem\",\"position\":2,\"name\":\"Products\",\"item\":\"https:\\\/\\\/www.sj-gauge.com\\\/products\\\/\"},{\"@type\":\"ListItem\",\"position\":3,\"name\":\"Bourdon tube pressure gauge, stainless steel XSEL\u00ae process pressure gauge\"}]},{\"@type\":\"WebSite\",\"@id\":\"https:\\\/\\\/www.sj-gauge.com\\\/#website\",\"url\":\"https:\\\/\\\/www.sj-gauge.com\\\/\",\"name\":\"SJ Gauge | Pressure Gauges, Thermometers &amp; Pressure Sensors\",\"description\":\"Manufacturer of industrial pressure gauges, pressure sensors, and transmitters. SJ Gauge provides high accuracy, durable materials, and custom solutions for oil &amp; gas, chemical, and industrial applications.\",\"publisher\":{\"@id\":\"https:\\\/\\\/www.sj-gauge.com\\\/#organization\"},\"potentialAction\":[{\"@type\":\"SearchAction\",\"target\":{\"@type\":\"EntryPoint\",\"urlTemplate\":\"https:\\\/\\\/www.sj-gauge.com\\\/?s={search_term_string}\"},\"query-input\":{\"@type\":\"PropertyValueSpecification\",\"valueRequired\":true,\"valueName\":\"search_term_string\"}}],\"inLanguage\":\"vi\"},{\"@type\":\"Organization\",\"@id\":\"https:\\\/\\\/www.sj-gauge.com\\\/#organization\",\"name\":\"SJ Gauge | Pressure Gauges, Thermometers &amp; Pressure Sensors\",\"url\":\"https:\\\/\\\/www.sj-gauge.com\\\/\",\"logo\":{\"@type\":\"ImageObject\",\"inLanguage\":\"vi\",\"@id\":\"https:\\\/\\\/www.sj-gauge.com\\\/#\\\/schema\\\/logo\\\/image\\\/\",\"url\":\"https:\\\/\\\/www.sj-gauge.com\\\/wp-content\\\/uploads\\\/2025\\\/09\\\/logo.webp\",\"contentUrl\":\"https:\\\/\\\/www.sj-gauge.com\\\/wp-content\\\/uploads\\\/2025\\\/09\\\/logo.webp\",\"width\":348,\"height\":184,\"caption\":\"SJ Gauge | Pressure Gauges, Thermometers &amp; Pressure Sensors\"},\"image\":{\"@id\":\"https:\\\/\\\/www.sj-gauge.com\\\/#\\\/schema\\\/logo\\\/image\\\/\"}}]}<\/script>\n<!-- \/ Yoast SEO Premium plugin. -->","yoast_head_json":{"title":"\u0110\u1ed3ng h\u1ed3 \u0111o \u00e1p su\u1ea5t \u1ed1ng Bourdon, \u0111\u1ed3ng h\u1ed3 \u0111o \u00e1p su\u1ea5t qu\u00e1 tr\u00ecnh b\u1eb1ng th\u00e9p kh\u00f4ng g\u1ec9 XSEL\u00ae - SJ Gauge | \u0110\u1ed3ng h\u1ed3 \u0111o \u00e1p su\u1ea5t, nhi\u1ec7t k\u1ebf &amp; c\u1ea3m bi\u1ebfn \u00e1p su\u1ea5t","robots":{"index":"index","follow":"follow","max-snippet":"max-snippet:-1","max-image-preview":"max-image-preview:large","max-video-preview":"max-video-preview:-1"},"canonical":"https:\/\/www.sj-gauge.com\/vi\/san-pham\/232-34-233-34\/","og_locale":"vi_VN","og_type":"article","og_title":"Bourdon tube pressure gauge, stainless steel XSEL\u00ae process pressure gauge","og_description":"Excellent load-cycle stability and shock resistance  Safety version with solid baffle wall designed in compliance with the requirements and test conditions of ASME B 40.100  With case filling (model 233.34) for applications with high dynamic pressure loads and vibrations  Scale ranges from 0 \u2026 10 to 0 \u2026 30,000 psi [0 ... 0.6 to 0 ... 2,000 bar]  QR code on dial links to instrument-specific information","og_url":"https:\/\/www.sj-gauge.com\/vi\/san-pham\/232-34-233-34\/","og_site_name":"SJ Gauge | Pressure Gauges, Thermometers &amp; Pressure Sensors","article_modified_time":"2026-05-04T11:46:38+00:00","og_image":[{"width":1200,"height":1000,"url":"https:\/\/www.sj-gauge.com\/wp-content\/uploads\/2026\/01\/SJ-Gauge-wika-233-34-image.jpg","type":"image\/jpeg"}],"twitter_card":"summary_large_image","twitter_misc":{"\u01af\u1edbc t\u00ednh th\u1eddi gian \u0111\u1ecdc":"2 ph\u00fat"},"schema":{"@context":"https:\/\/schema.org","@graph":[{"@type":"WebPage","@id":"https:\/\/www.sj-gauge.com\/product\/232-34-233-34\/","url":"https:\/\/www.sj-gauge.com\/product\/232-34-233-34\/","name":"\u0110\u1ed3ng h\u1ed3 \u0111o \u00e1p su\u1ea5t \u1ed1ng Bourdon, \u0111\u1ed3ng h\u1ed3 \u0111o \u00e1p su\u1ea5t qu\u00e1 tr\u00ecnh b\u1eb1ng th\u00e9p kh\u00f4ng g\u1ec9 XSEL\u00ae - SJ Gauge | \u0110\u1ed3ng h\u1ed3 \u0111o \u00e1p su\u1ea5t, nhi\u1ec7t k\u1ebf &amp; c\u1ea3m bi\u1ebfn \u00e1p su\u1ea5t","isPartOf":{"@id":"https:\/\/www.sj-gauge.com\/#website"},"primaryImageOfPage":{"@id":"https:\/\/www.sj-gauge.com\/product\/232-34-233-34\/#primaryimage"},"image":{"@id":"https:\/\/www.sj-gauge.com\/product\/232-34-233-34\/#primaryimage"},"thumbnailUrl":"https:\/\/www.sj-gauge.com\/wp-content\/uploads\/2026\/01\/SJ-Gauge-wika-233-34-image.jpg","datePublished":"2026-01-15T03:34:02+00:00","dateModified":"2026-05-04T11:46:38+00:00","breadcrumb":{"@id":"https:\/\/www.sj-gauge.com\/product\/232-34-233-34\/#breadcrumb"},"inLanguage":"vi","potentialAction":[{"@type":"ReadAction","target":["https:\/\/www.sj-gauge.com\/product\/232-34-233-34\/"]}]},{"@type":"ImageObject","inLanguage":"vi","@id":"https:\/\/www.sj-gauge.com\/product\/232-34-233-34\/#primaryimage","url":"https:\/\/www.sj-gauge.com\/wp-content\/uploads\/2026\/01\/SJ-Gauge-wika-233-34-image.jpg","contentUrl":"https:\/\/www.sj-gauge.com\/wp-content\/uploads\/2026\/01\/SJ-Gauge-wika-233-34-image.jpg","width":1200,"height":1000},{"@type":"BreadcrumbList","@id":"https:\/\/www.sj-gauge.com\/product\/232-34-233-34\/#breadcrumb","itemListElement":[{"@type":"ListItem","position":1,"name":"Home","item":"https:\/\/www.sj-gauge.com\/"},{"@type":"ListItem","position":2,"name":"Products","item":"https:\/\/www.sj-gauge.com\/products\/"},{"@type":"ListItem","position":3,"name":"Bourdon tube pressure gauge, stainless steel XSEL\u00ae process pressure gauge"}]},{"@type":"WebSite","@id":"https:\/\/www.sj-gauge.com\/#website","url":"https:\/\/www.sj-gauge.com\/","name":"SJ Gauge | \u0110\u1ed3ng h\u1ed3 \u0111o \u00e1p su\u1ea5t, nhi\u1ec7t k\u1ebf v\u00e0 c\u1ea3m bi\u1ebfn \u00e1p su\u1ea5t","description":"Nh\u00e0 s\u1ea3n xu\u1ea5t \u0111\u1ed3ng h\u1ed3 \u0111o \u00e1p su\u1ea5t c\u00f4ng nghi\u1ec7p, c\u1ea3m bi\u1ebfn \u00e1p su\u1ea5t v\u00e0 b\u1ed9 truy\u1ec1n t\u00edn hi\u1ec7u. SJ Gauge cung c\u1ea5p c\u00e1c s\u1ea3n ph\u1ea9m c\u00f3 \u0111\u1ed9 ch\u00ednh x\u00e1c cao, \u0111\u01b0\u1ee3c ch\u1ebf t\u1ea1o t\u1eeb v\u1eadt li\u1ec7u b\u1ec1n b\u1ec9 v\u00e0 c\u00e1c gi\u1ea3i ph\u00e1p t\u00f9y ch\u1ec9nh d\u00e0nh cho c\u00e1c \u1ee9ng d\u1ee5ng trong ng\u00e0nh d\u1ea7u kh\u00ed, h\u00f3a ch\u1ea5t v\u00e0 c\u00f4ng nghi\u1ec7p.","publisher":{"@id":"https:\/\/www.sj-gauge.com\/#organization"},"potentialAction":[{"@type":"SearchAction","target":{"@type":"EntryPoint","urlTemplate":"https:\/\/www.sj-gauge.com\/?s={search_term_string}"},"query-input":{"@type":"PropertyValueSpecification","valueRequired":true,"valueName":"search_term_string"}}],"inLanguage":"vi"},{"@type":"Organization","@id":"https:\/\/www.sj-gauge.com\/#organization","name":"SJ Gauge | \u0110\u1ed3ng h\u1ed3 \u0111o \u00e1p su\u1ea5t, nhi\u1ec7t k\u1ebf v\u00e0 c\u1ea3m bi\u1ebfn \u00e1p su\u1ea5t","url":"https:\/\/www.sj-gauge.com\/","logo":{"@type":"ImageObject","inLanguage":"vi","@id":"https:\/\/www.sj-gauge.com\/#\/schema\/logo\/image\/","url":"https:\/\/www.sj-gauge.com\/wp-content\/uploads\/2025\/09\/logo.webp","contentUrl":"https:\/\/www.sj-gauge.com\/wp-content\/uploads\/2025\/09\/logo.webp","width":348,"height":184,"caption":"SJ Gauge | Pressure Gauges, Thermometers &amp; Pressure Sensors"},"image":{"@id":"https:\/\/www.sj-gauge.com\/#\/schema\/logo\/image\/"}}]}},"_links":{"self":[{"href":"https:\/\/www.sj-gauge.com\/vi\/wp-json\/wp\/v2\/product\/3319","targetHints":{"allow":["GET"]}}],"collection":[{"href":"https:\/\/www.sj-gauge.com\/vi\/wp-json\/wp\/v2\/product"}],"about":[{"href":"https:\/\/www.sj-gauge.com\/vi\/wp-json\/wp\/v2\/types\/product"}],"wp:featuredmedia":[{"embeddable":true,"href":"https:\/\/www.sj-gauge.com\/vi\/wp-json\/wp\/v2\/media\/3410"}],"wp:attachment":[{"href":"https:\/\/www.sj-gauge.com\/vi\/wp-json\/wp\/v2\/media?parent=3319"}],"wp:term":[{"taxonomy":"product_brand","embeddable":true,"href":"https:\/\/www.sj-gauge.com\/vi\/wp-json\/wp\/v2\/product_brand?post=3319"},{"taxonomy":"product_cat","embeddable":true,"href":"https:\/\/www.sj-gauge.com\/vi\/wp-json\/wp\/v2\/product_cat?post=3319"},{"taxonomy":"product_tag","embeddable":true,"href":"https:\/\/www.sj-gauge.com\/vi\/wp-json\/wp\/v2\/product_tag?post=3319"}],"curies":[{"name":"wp","href":"https:\/\/api.w.org\/{rel}","templated":true}]}}