{"id":3448,"date":"2026-01-19T13:47:06","date_gmt":"2026-01-19T05:47:06","guid":{"rendered":"https:\/\/sj-gauge.com\/?post_type=product&#038;p=3448"},"modified":"2026-05-04T19:52:26","modified_gmt":"2026-05-04T11:52:26","slug":"732-14-762-14","status":"publish","type":"product","link":"https:\/\/www.sj-gauge.com\/vi\/san-pham\/732-14-762-14\/","title":{"rendered":"C\u1ea3m bi\u1ebfn \u00e1p su\u1ea5t ch\u00eanh l\u1ec7ch D\u00e0nh cho ng\u00e0nh c\u00f4ng nghi\u1ec7p qu\u00e1 tr\u00ecnh, an to\u00e0n qu\u00e1 t\u1ea3i cao l\u00ean \u0111\u1ebfn 650 bar"},"content":{"rendered":"<div class=\"column is-half\">\n<p>C\u00e1c \u0111\u1ed3ng h\u1ed3 \u0111o \u00e1p su\u1ea5t ch\u00eanh l\u1ec7ch n\u00e0y \u0111\u01b0\u1ee3c ch\u1ebf t\u1ea1o t\u1eeb th\u00e9p kh\u00f4ng g\u1ec9 c\u00f3 kh\u1ea3 n\u0103ng ch\u1ed1ng \u0103n m\u00f2n cao. Kh\u1ea3 n\u0103ng ch\u1ecbu qu\u00e1 t\u1ea3i cao \u0111\u01b0\u1ee3c \u0111\u1ea3m b\u1ea3o nh\u1edd c\u1ea5u tr\u00fac to\u00e0n kim lo\u1ea1i v\u00e0 thi\u1ebft k\u1ebf k\u00edn kh\u00edt c\u1ee7a ph\u1ea7n \u0111o \u00e1p su\u1ea5t b\u1eb1ng m\u00e0ng.<\/p>\n<p>Vi\u1ec7c s\u1eed d\u1ee5ng v\u1eadt li\u1ec7u th\u00e9p kh\u00f4ng g\u1ec9 ch\u1ea5t l\u01b0\u1ee3ng cao v\u00e0 thi\u1ebft k\u1ebf ch\u1eafc ch\u1eafn \u0111\u01b0\u1ee3c thi\u1ebft k\u1ebf d\u00e0nh cho c\u00e1c \u1ee9ng d\u1ee5ng trong ng\u00e0nh c\u00f4ng nghi\u1ec7p h\u00f3a ch\u1ea5t v\u00e0 c\u00f4ng ngh\u1ec7 qu\u00e1 tr\u00ecnh. Do \u0111\u00f3, thi\u1ebft b\u1ecb n\u00e0y ph\u00f9 h\u1ee3p cho c\u00e1c m\u00f4i tr\u01b0\u1eddng ch\u1ea5t l\u1ecfng v\u00e0 kh\u00ed, k\u1ec3 c\u1ea3 trong c\u00e1c m\u00f4i tr\u01b0\u1eddng kh\u1eafc nghi\u1ec7t.<\/p>\n<\/div>\n<div class=\"column is-half\">\n<p>C\u00e1c b\u1ed9 ph\u1eadn ti\u1ebfp x\u00fac v\u1edbi ch\u1ea5t l\u1ecfng c\u1ee7a c\u00e1c thi\u1ebft b\u1ecb n\u00e0y c\u0169ng c\u00f3 s\u1eb5n trong c\u00e1c v\u1eadt li\u1ec7u \u0111\u1eb7c bi\u1ec7t nh\u01b0 Monel ho\u1eb7c Hastelloy.<\/p>\n<p>D\u1ea3i \u0111o t\u1eeb 0 \u2026 60 mbar \u0111\u1ebfn 0 \u2026 40 bar [0 \u2026 0.87 \u0111\u1ebfn 0 \u2026 580 psi] \u0111\u1ea3m b\u1ea3o c\u00e1c d\u1ea3i \u0111o c\u1ea7n thi\u1ebft cho nhi\u1ec1u \u1ee9ng d\u1ee5ng kh\u00e1c nhau.<\/p>\n<p>M\u00e3 QR tr\u00ean m\u1eb7t \u0111\u1ed3ng h\u1ed3 cho ph\u00e9p truy c\u1eadp d\u1ec5 d\u00e0ng v\u00e0 l\u00e2u d\u00e0i v\u00e0o c\u00e1c th\u00f4ng tin c\u1ee5 th\u1ec3 c\u1ee7a thi\u1ebft b\u1ecb nh\u01b0 s\u1ed1 seri, s\u1ed1 \u0111\u01a1n h\u00e0ng, ch\u1ee9ng ch\u1ec9 v\u00e0 c\u00e1c d\u1eef li\u1ec7u s\u1ea3n ph\u1ea9m kh\u00e1c t\u1eeb internet.<\/p>\n<\/div>","protected":false},"excerpt":{"rendered":"<ul>\n<li>D\u1ea3i \u0111o \u00e1p su\u1ea5t ch\u00eanh l\u1ec7ch t\u1eeb -1 \u2026 +30 bar [-14,5 \u2026 435 psi] \u0111\u1ebfn 0 \u2026 40 bar [0 \u2026 580 psi]<\/li>\n<li>\u00c1p su\u1ea5t l\u00e0m vi\u1ec7c cao (\u00e1p su\u1ea5t t\u0129nh) v\u00e0 kh\u1ea3 n\u0103ng ch\u1ecbu qu\u00e1 t\u1ea3i cao, c\u00f3 th\u1ec3 l\u1ef1a ch\u1ecdn c\u00e1c m\u1ee9c \u00e1p su\u1ea5t: 40 bar [580 psi], 100 bar [1,450 psi], 250 bar [3,625 psi], 400 bar [5,800 psi] v\u00e0 650 bar [9,425 psi].<\/li>\n<li>D\u1ea7u truy\u1ec1n \u0111\u1ed9ng trong bu\u1ed3ng \u0111o s\u1ebd l\u00e0m gi\u1ea3m \u0111\u1ed9 nh\u1ea1y c\u1ee7a c\u1ea3m bi\u1ebfn trong tr\u01b0\u1eddng h\u1ee3p c\u00f3 s\u1ef1 thay \u0111\u1ed5i \u0111\u1ed9t ng\u1ed9t v\u1ec1 t\u1ed1c \u0111\u1ed9 \u00e1p su\u1ea5t.<\/li>\n<li>M\u1eabu 76x.14: Phi\u00ean b\u1ea3n Monel<\/li>\n<li>M\u00e3 QR tr\u00ean m\u1eb7t \u0111\u1ed3ng h\u1ed3 d\u1eabn \u0111\u1ebfn th\u00f4ng tin c\u1ee5 th\u1ec3 v\u1ec1 thi\u1ebft b\u1ecb.<\/li>\n<\/ul>","protected":false},"featured_media":3482,"template":"","meta":{"_acf_changed":false},"product_brand":[68],"product_cat":[51],"product_tag":[],"class_list":{"0":"post-3448","1":"product","2":"type-product","3":"status-publish","4":"has-post-thumbnail","6":"product_brand-wika","7":"product_cat-wika-pressure-gauge","9":"first","10":"instock","11":"shipping-taxable","12":"product-type-simple"},"acf":[],"yoast_head":"<!-- This site is optimized with the Yoast SEO Premium plugin v26.7 (Yoast SEO v27.4) - https:\/\/yoast.com\/product\/yoast-seo-premium-wordpress\/ -->\n<title>Differential pressure gauge For the process industry, high overload safety up to 650 bar - SJ Gauge | Pressure Gauges, Thermometers &amp; Pressure Sensors<\/title>\n<meta name=\"description\" content=\"WIKA 732.14 pressure gauge features a robust stainless steel case and reliable performance, ideal for industrial, mechanical, and process monitoring applications.\" \/>\n<meta name=\"robots\" content=\"index, follow, max-snippet:-1, max-image-preview:large, max-video-preview:-1\" \/>\n<link rel=\"canonical\" href=\"https:\/\/www.sj-gauge.com\/vi\/san-pham\/732-14-762-14\/\" \/>\n<meta property=\"og:locale\" content=\"vi_VN\" \/>\n<meta property=\"og:type\" content=\"article\" \/>\n<meta property=\"og:title\" content=\"Differential pressure gauge For the process industry, high overload safety up to 650 bar\" \/>\n<meta property=\"og:description\" content=\"WIKA 732.14 pressure gauge features a robust stainless steel case and reliable performance, ideal for industrial, mechanical, and process monitoring applications.\" \/>\n<meta property=\"og:url\" content=\"https:\/\/www.sj-gauge.com\/vi\/san-pham\/732-14-762-14\/\" \/>\n<meta property=\"og:site_name\" content=\"SJ Gauge | Pressure Gauges, Thermometers &amp; Pressure Sensors\" \/>\n<meta property=\"article:modified_time\" content=\"2026-05-04T11:52:26+00:00\" \/>\n<meta property=\"og:image\" content=\"https:\/\/www.sj-gauge.com\/wp-content\/uploads\/2026\/01\/SJ-Gauge-732-14-differential-pressure-gauge-image-1.jpg\" \/>\n\t<meta property=\"og:image:width\" content=\"1200\" \/>\n\t<meta property=\"og:image:height\" content=\"1000\" \/>\n\t<meta property=\"og:image:type\" content=\"image\/jpeg\" \/>\n<meta name=\"twitter:card\" content=\"summary_large_image\" \/>\n<meta name=\"twitter:label1\" content=\"\u01af\u1edbc t\u00ednh th\u1eddi gian \u0111\u1ecdc\" \/>\n\t<meta name=\"twitter:data1\" content=\"1 ph\u00fat\" \/>\n<script type=\"application\/ld+json\" class=\"yoast-schema-graph\">{\"@context\":\"https:\\\/\\\/schema.org\",\"@graph\":[{\"@type\":\"WebPage\",\"@id\":\"https:\\\/\\\/www.sj-gauge.com\\\/product\\\/732-14-762-14\\\/\",\"url\":\"https:\\\/\\\/www.sj-gauge.com\\\/product\\\/732-14-762-14\\\/\",\"name\":\"Differential pressure gauge For the process industry, high overload safety up to 650 bar - SJ Gauge | Pressure Gauges, Thermometers &amp; Pressure Sensors\",\"isPartOf\":{\"@id\":\"https:\\\/\\\/www.sj-gauge.com\\\/#website\"},\"primaryImageOfPage\":{\"@id\":\"https:\\\/\\\/www.sj-gauge.com\\\/product\\\/732-14-762-14\\\/#primaryimage\"},\"image\":{\"@id\":\"https:\\\/\\\/www.sj-gauge.com\\\/product\\\/732-14-762-14\\\/#primaryimage\"},\"thumbnailUrl\":\"https:\\\/\\\/www.sj-gauge.com\\\/wp-content\\\/uploads\\\/2026\\\/01\\\/SJ-Gauge-732-14-differential-pressure-gauge-image-1.jpg\",\"datePublished\":\"2026-01-19T05:47:06+00:00\",\"dateModified\":\"2026-05-04T11:52:26+00:00\",\"description\":\"WIKA 732.14 pressure gauge features a robust stainless steel case and reliable performance, ideal for industrial, mechanical, and process monitoring applications.\",\"breadcrumb\":{\"@id\":\"https:\\\/\\\/www.sj-gauge.com\\\/product\\\/732-14-762-14\\\/#breadcrumb\"},\"inLanguage\":\"vi\",\"potentialAction\":[{\"@type\":\"ReadAction\",\"target\":[\"https:\\\/\\\/www.sj-gauge.com\\\/product\\\/732-14-762-14\\\/\"]}]},{\"@type\":\"ImageObject\",\"inLanguage\":\"vi\",\"@id\":\"https:\\\/\\\/www.sj-gauge.com\\\/product\\\/732-14-762-14\\\/#primaryimage\",\"url\":\"https:\\\/\\\/www.sj-gauge.com\\\/wp-content\\\/uploads\\\/2026\\\/01\\\/SJ-Gauge-732-14-differential-pressure-gauge-image-1.jpg\",\"contentUrl\":\"https:\\\/\\\/www.sj-gauge.com\\\/wp-content\\\/uploads\\\/2026\\\/01\\\/SJ-Gauge-732-14-differential-pressure-gauge-image-1.jpg\",\"width\":1200,\"height\":1000},{\"@type\":\"BreadcrumbList\",\"@id\":\"https:\\\/\\\/www.sj-gauge.com\\\/product\\\/732-14-762-14\\\/#breadcrumb\",\"itemListElement\":[{\"@type\":\"ListItem\",\"position\":1,\"name\":\"Home\",\"item\":\"https:\\\/\\\/www.sj-gauge.com\\\/\"},{\"@type\":\"ListItem\",\"position\":2,\"name\":\"Products\",\"item\":\"https:\\\/\\\/www.sj-gauge.com\\\/products\\\/\"},{\"@type\":\"ListItem\",\"position\":3,\"name\":\"Differential pressure gauge For the process industry, high overload safety up to 650 bar\"}]},{\"@type\":\"WebSite\",\"@id\":\"https:\\\/\\\/www.sj-gauge.com\\\/#website\",\"url\":\"https:\\\/\\\/www.sj-gauge.com\\\/\",\"name\":\"SJ Gauge | Pressure Gauges, Thermometers &amp; Pressure Sensors\",\"description\":\"Manufacturer of industrial pressure gauges, pressure sensors, and transmitters. SJ Gauge provides high accuracy, durable materials, and custom solutions for oil &amp; gas, chemical, and industrial applications.\",\"publisher\":{\"@id\":\"https:\\\/\\\/www.sj-gauge.com\\\/#organization\"},\"potentialAction\":[{\"@type\":\"SearchAction\",\"target\":{\"@type\":\"EntryPoint\",\"urlTemplate\":\"https:\\\/\\\/www.sj-gauge.com\\\/?s={search_term_string}\"},\"query-input\":{\"@type\":\"PropertyValueSpecification\",\"valueRequired\":true,\"valueName\":\"search_term_string\"}}],\"inLanguage\":\"vi\"},{\"@type\":\"Organization\",\"@id\":\"https:\\\/\\\/www.sj-gauge.com\\\/#organization\",\"name\":\"SJ Gauge | Pressure Gauges, Thermometers &amp; Pressure Sensors\",\"url\":\"https:\\\/\\\/www.sj-gauge.com\\\/\",\"logo\":{\"@type\":\"ImageObject\",\"inLanguage\":\"vi\",\"@id\":\"https:\\\/\\\/www.sj-gauge.com\\\/#\\\/schema\\\/logo\\\/image\\\/\",\"url\":\"https:\\\/\\\/www.sj-gauge.com\\\/wp-content\\\/uploads\\\/2025\\\/09\\\/logo.webp\",\"contentUrl\":\"https:\\\/\\\/www.sj-gauge.com\\\/wp-content\\\/uploads\\\/2025\\\/09\\\/logo.webp\",\"width\":348,\"height\":184,\"caption\":\"SJ Gauge | Pressure Gauges, Thermometers &amp; Pressure Sensors\"},\"image\":{\"@id\":\"https:\\\/\\\/www.sj-gauge.com\\\/#\\\/schema\\\/logo\\\/image\\\/\"}}]}<\/script>\n<!-- \/ Yoast SEO Premium plugin. -->","yoast_head_json":{"title":"\u0110\u1ed3ng h\u1ed3 \u0111o ch\u00eanh l\u1ec7ch \u00e1p su\u1ea5t D\u00e0nh cho ng\u00e0nh c\u00f4ng nghi\u1ec7p ch\u1ebf bi\u1ebfn, kh\u1ea3 n\u0103ng ch\u1ecbu qu\u00e1 t\u1ea3i cao l\u00ean \u0111\u1ebfn 650 bar - SJ Gauge | \u0110\u1ed3ng h\u1ed3 \u0111o \u00e1p su\u1ea5t, nhi\u1ec7t k\u1ebf &amp; c\u1ea3m bi\u1ebfn \u00e1p su\u1ea5t","description":"\u0110\u1ed3ng h\u1ed3 \u00e1p su\u1ea5t WIKA 732.14 c\u00f3 v\u1ecf b\u1eb1ng th\u00e9p kh\u00f4ng g\u1ec9 ch\u1eafc ch\u1eafn v\u00e0 hi\u1ec7u su\u1ea5t \u0111\u00e1ng tin c\u1eady, ph\u00f9 h\u1ee3p cho c\u00e1c \u1ee9ng d\u1ee5ng gi\u00e1m s\u00e1t c\u00f4ng nghi\u1ec7p, c\u01a1 kh\u00ed v\u00e0 qu\u00e1 tr\u00ecnh.","robots":{"index":"index","follow":"follow","max-snippet":"max-snippet:-1","max-image-preview":"max-image-preview:large","max-video-preview":"max-video-preview:-1"},"canonical":"https:\/\/www.sj-gauge.com\/vi\/san-pham\/732-14-762-14\/","og_locale":"vi_VN","og_type":"article","og_title":"Differential pressure gauge For the process industry, high overload safety up to 650 bar","og_description":"WIKA 732.14 pressure gauge features a robust stainless steel case and reliable performance, ideal for industrial, mechanical, and process monitoring applications.","og_url":"https:\/\/www.sj-gauge.com\/vi\/san-pham\/732-14-762-14\/","og_site_name":"SJ Gauge | Pressure Gauges, Thermometers &amp; Pressure Sensors","article_modified_time":"2026-05-04T11:52:26+00:00","og_image":[{"width":1200,"height":1000,"url":"https:\/\/www.sj-gauge.com\/wp-content\/uploads\/2026\/01\/SJ-Gauge-732-14-differential-pressure-gauge-image-1.jpg","type":"image\/jpeg"}],"twitter_card":"summary_large_image","twitter_misc":{"\u01af\u1edbc t\u00ednh th\u1eddi gian \u0111\u1ecdc":"1 ph\u00fat"},"schema":{"@context":"https:\/\/schema.org","@graph":[{"@type":"WebPage","@id":"https:\/\/www.sj-gauge.com\/product\/732-14-762-14\/","url":"https:\/\/www.sj-gauge.com\/product\/732-14-762-14\/","name":"\u0110\u1ed3ng h\u1ed3 \u0111o ch\u00eanh l\u1ec7ch \u00e1p su\u1ea5t D\u00e0nh cho ng\u00e0nh c\u00f4ng nghi\u1ec7p ch\u1ebf bi\u1ebfn, kh\u1ea3 n\u0103ng ch\u1ecbu qu\u00e1 t\u1ea3i cao l\u00ean \u0111\u1ebfn 650 bar - SJ Gauge | \u0110\u1ed3ng h\u1ed3 \u0111o \u00e1p su\u1ea5t, nhi\u1ec7t k\u1ebf &amp; c\u1ea3m bi\u1ebfn \u00e1p su\u1ea5t","isPartOf":{"@id":"https:\/\/www.sj-gauge.com\/#website"},"primaryImageOfPage":{"@id":"https:\/\/www.sj-gauge.com\/product\/732-14-762-14\/#primaryimage"},"image":{"@id":"https:\/\/www.sj-gauge.com\/product\/732-14-762-14\/#primaryimage"},"thumbnailUrl":"https:\/\/www.sj-gauge.com\/wp-content\/uploads\/2026\/01\/SJ-Gauge-732-14-differential-pressure-gauge-image-1.jpg","datePublished":"2026-01-19T05:47:06+00:00","dateModified":"2026-05-04T11:52:26+00:00","description":"\u0110\u1ed3ng h\u1ed3 \u00e1p su\u1ea5t WIKA 732.14 c\u00f3 v\u1ecf b\u1eb1ng th\u00e9p kh\u00f4ng g\u1ec9 ch\u1eafc ch\u1eafn v\u00e0 hi\u1ec7u su\u1ea5t \u0111\u00e1ng tin c\u1eady, ph\u00f9 h\u1ee3p cho c\u00e1c \u1ee9ng d\u1ee5ng gi\u00e1m s\u00e1t c\u00f4ng nghi\u1ec7p, c\u01a1 kh\u00ed v\u00e0 qu\u00e1 tr\u00ecnh.","breadcrumb":{"@id":"https:\/\/www.sj-gauge.com\/product\/732-14-762-14\/#breadcrumb"},"inLanguage":"vi","potentialAction":[{"@type":"ReadAction","target":["https:\/\/www.sj-gauge.com\/product\/732-14-762-14\/"]}]},{"@type":"ImageObject","inLanguage":"vi","@id":"https:\/\/www.sj-gauge.com\/product\/732-14-762-14\/#primaryimage","url":"https:\/\/www.sj-gauge.com\/wp-content\/uploads\/2026\/01\/SJ-Gauge-732-14-differential-pressure-gauge-image-1.jpg","contentUrl":"https:\/\/www.sj-gauge.com\/wp-content\/uploads\/2026\/01\/SJ-Gauge-732-14-differential-pressure-gauge-image-1.jpg","width":1200,"height":1000},{"@type":"BreadcrumbList","@id":"https:\/\/www.sj-gauge.com\/product\/732-14-762-14\/#breadcrumb","itemListElement":[{"@type":"ListItem","position":1,"name":"Home","item":"https:\/\/www.sj-gauge.com\/"},{"@type":"ListItem","position":2,"name":"Products","item":"https:\/\/www.sj-gauge.com\/products\/"},{"@type":"ListItem","position":3,"name":"Differential pressure gauge For the process industry, high overload safety up to 650 bar"}]},{"@type":"WebSite","@id":"https:\/\/www.sj-gauge.com\/#website","url":"https:\/\/www.sj-gauge.com\/","name":"SJ Gauge | \u0110\u1ed3ng h\u1ed3 \u0111o \u00e1p su\u1ea5t, nhi\u1ec7t k\u1ebf v\u00e0 c\u1ea3m bi\u1ebfn \u00e1p su\u1ea5t","description":"Nh\u00e0 s\u1ea3n xu\u1ea5t \u0111\u1ed3ng h\u1ed3 \u0111o \u00e1p su\u1ea5t c\u00f4ng nghi\u1ec7p, c\u1ea3m bi\u1ebfn \u00e1p su\u1ea5t v\u00e0 b\u1ed9 truy\u1ec1n t\u00edn hi\u1ec7u. SJ Gauge cung c\u1ea5p c\u00e1c s\u1ea3n ph\u1ea9m c\u00f3 \u0111\u1ed9 ch\u00ednh x\u00e1c cao, \u0111\u01b0\u1ee3c ch\u1ebf t\u1ea1o t\u1eeb v\u1eadt li\u1ec7u b\u1ec1n b\u1ec9 v\u00e0 c\u00e1c gi\u1ea3i ph\u00e1p t\u00f9y ch\u1ec9nh d\u00e0nh cho c\u00e1c \u1ee9ng d\u1ee5ng trong ng\u00e0nh d\u1ea7u kh\u00ed, h\u00f3a ch\u1ea5t v\u00e0 c\u00f4ng nghi\u1ec7p.","publisher":{"@id":"https:\/\/www.sj-gauge.com\/#organization"},"potentialAction":[{"@type":"SearchAction","target":{"@type":"EntryPoint","urlTemplate":"https:\/\/www.sj-gauge.com\/?s={search_term_string}"},"query-input":{"@type":"PropertyValueSpecification","valueRequired":true,"valueName":"search_term_string"}}],"inLanguage":"vi"},{"@type":"Organization","@id":"https:\/\/www.sj-gauge.com\/#organization","name":"SJ Gauge | \u0110\u1ed3ng h\u1ed3 \u0111o \u00e1p su\u1ea5t, nhi\u1ec7t k\u1ebf v\u00e0 c\u1ea3m bi\u1ebfn \u00e1p su\u1ea5t","url":"https:\/\/www.sj-gauge.com\/","logo":{"@type":"ImageObject","inLanguage":"vi","@id":"https:\/\/www.sj-gauge.com\/#\/schema\/logo\/image\/","url":"https:\/\/www.sj-gauge.com\/wp-content\/uploads\/2025\/09\/logo.webp","contentUrl":"https:\/\/www.sj-gauge.com\/wp-content\/uploads\/2025\/09\/logo.webp","width":348,"height":184,"caption":"SJ Gauge | Pressure Gauges, Thermometers &amp; Pressure Sensors"},"image":{"@id":"https:\/\/www.sj-gauge.com\/#\/schema\/logo\/image\/"}}]}},"_links":{"self":[{"href":"https:\/\/www.sj-gauge.com\/vi\/wp-json\/wp\/v2\/product\/3448","targetHints":{"allow":["GET"]}}],"collection":[{"href":"https:\/\/www.sj-gauge.com\/vi\/wp-json\/wp\/v2\/product"}],"about":[{"href":"https:\/\/www.sj-gauge.com\/vi\/wp-json\/wp\/v2\/types\/product"}],"wp:featuredmedia":[{"embeddable":true,"href":"https:\/\/www.sj-gauge.com\/vi\/wp-json\/wp\/v2\/media\/3482"}],"wp:attachment":[{"href":"https:\/\/www.sj-gauge.com\/vi\/wp-json\/wp\/v2\/media?parent=3448"}],"wp:term":[{"taxonomy":"product_brand","embeddable":true,"href":"https:\/\/www.sj-gauge.com\/vi\/wp-json\/wp\/v2\/product_brand?post=3448"},{"taxonomy":"product_cat","embeddable":true,"href":"https:\/\/www.sj-gauge.com\/vi\/wp-json\/wp\/v2\/product_cat?post=3448"},{"taxonomy":"product_tag","embeddable":true,"href":"https:\/\/www.sj-gauge.com\/vi\/wp-json\/wp\/v2\/product_tag?post=3448"}],"curies":[{"name":"wp","href":"https:\/\/api.w.org\/{rel}","templated":true}]}}