{"id":3502,"date":"2026-01-20T16:41:02","date_gmt":"2026-01-20T08:41:02","guid":{"rendered":"https:\/\/sj-gauge.com\/?post_type=product&#038;p=3502"},"modified":"2026-01-22T14:30:27","modified_gmt":"2026-01-22T06:30:27","slug":"a-10","status":"publish","type":"product","link":"https:\/\/www.sj-gauge.com\/vi\/san-pham\/a-10\/","title":{"rendered":"C\u1ea3m bi\u1ebfn \u00e1p su\u1ea5t cho c\u00e1c \u1ee9ng d\u1ee5ng c\u00f4ng nghi\u1ec7p chung"},"content":{"rendered":"<p>C\u1ea3m bi\u1ebfn \u00e1p su\u1ea5t A-10 \u0111\u00e3 \u0111\u01b0\u1ee3c ki\u1ec3m ch\u1ee9ng trong th\u1ef1c t\u1ebf l\u00e0 gi\u1ea3i ph\u00e1p to\u00e0n di\u1ec7n cho vi\u1ec7c \u0111o \u00e1p su\u1ea5t trong m\u00f4i tr\u01b0\u1eddng c\u00f4ng nghi\u1ec7p. V\u1edbi thi\u1ebft k\u1ebf nh\u1ecf g\u1ecdn, n\u00f3 c\u00f3 th\u1ec3 \u0111\u01b0\u1ee3c t\u00edch h\u1ee3p v\u00e0o nhi\u1ec1u lo\u1ea1i thi\u1ebft k\u1ebf m\u00e1y m\u00f3c kh\u00e1c nhau. C\u00e1c d\u1ea3i \u0111o \u0111a d\u1ea1ng, bao g\u1ed3m c\u1ea3 c\u00e1c d\u1ea3i \u0111o \u0111\u1eb7c bi\u1ec7t, g\u00f3p ph\u1ea7n v\u00e0o t\u00ednh \u1ee9ng d\u1ee5ng r\u1ed9ng r\u00e3i c\u1ee7a s\u1ea3n ph\u1ea9m.<\/p>\n<p>Ch\u1ea5t l\u01b0\u1ee3ng tuy\u1ec7t v\u1eddi v\u00e0 c\u00f4ng ngh\u1ec7 \u0111\u00e3 \u0111\u01b0\u1ee3c ch\u1ee9ng minh.<br \/>\nV\u1edbi nhi\u1ec1u n\u0103m kinh nghi\u1ec7m v\u00e0 ki\u1ebfn th\u1ee9c chuy\u00ean s\u00e2u v\u1ec1 nhu c\u1ea7u c\u1ee7a kh\u00e1ch h\u00e0ng, ch\u00fang t\u00f4i \u0111\u00e3 t\u00edch h\u1ee3p nh\u1eefng y\u1ebfu t\u1ed1 n\u00e0y v\u00e0o qu\u00e1 tr\u00ecnh ph\u00e1t tri\u1ec3n m\u00f4 h\u00ecnh A-10. M\u00f4 h\u00ecnh n\u00e0y \u0111\u00e3 ch\u1ee9ng minh \u0111\u01b0\u1ee3c hi\u1ec7u qu\u1ea3 c\u1ee7a m\u00ecnh trong h\u00e0ng ngh\u00ecn \u1ee9ng d\u1ee5ng trong h\u01a1n m\u01b0\u1eddi n\u0103m qua. Ch\u1ea5t l\u01b0\u1ee3ng cao \u1ed5n \u0111\u1ecbnh v\u00e0 ch\u1ee9c n\u0103ng \u0111\u00e1ng tin c\u1eady c\u1ee7a n\u00f3 \u0111\u01b0\u1ee3c \u0111\u00e1nh gi\u00e1 cao tr\u00ean to\u00e0n th\u1ebf gi\u1edbi v\u00e0 th\u01b0\u1eddng xuy\u00ean \u0111\u01b0\u1ee3c x\u00e1c nh\u1eadn th\u00f4ng qua c\u00e1c cu\u1ed9c ki\u1ec3m tra n\u1ed9i b\u1ed9 v\u00e0 ngo\u1ea1i b\u1ed9. S\u1ea3n ph\u1ea9m bestseller n\u00e0y c\u00f3 th\u1ec3 ch\u1ecbu \u0111\u01b0\u1ee3c l\u00ean \u0111\u1ebfn 100 tri\u1ec7u chu k\u1ef3 t\u1ea3i v\u1edbi \u0111\u1ed9 ch\u00ednh x\u00e1c g\u1ea7n nh\u01b0 kh\u00f4ng \u0111\u1ed5i.<\/p>\n<p>S\u1ef1 \u0111a d\u1ea1ng \u0111\u1eb7c bi\u1ec7t phong ph\u00fa bao ph\u1ee7 g\u1ea7n nh\u01b0 t\u1ea5t c\u1ea3 c\u00e1c \u1ee9ng d\u1ee5ng.<br \/>\nT\u00f9y theo y\u00eau c\u1ea7u, m\u00f4 h\u00ecnh A-10 \u0111o \u00e1p su\u1ea5t gauge, \u00e1p su\u1ea5t ch\u00e2n kh\u00f4ng v\u00e0 \u00e1p su\u1ea5t tuy\u1ec7t \u0111\u1ed1i. N\u00f3 c\u00f3 th\u1ec3 \u0111\u01b0\u1ee3c c\u1ea5u h\u00ecnh linh ho\u1ea1t th\u00e0nh h\u01a1n 2 tri\u1ec7u bi\u1ebfn th\u1ec3 v\u00e0 do \u0111\u00f3 c\u00f3 th\u1ec3 \u0111\u01b0\u1ee3c t\u00edch h\u1ee3p m\u1ed9t c\u00e1ch d\u1ec5 d\u00e0ng v\u00e0o h\u1ea7u h\u1ebft c\u00e1c kh\u00e1i ni\u1ec7m nh\u00e0 m\u00e1y.<\/p>\n<p>T\u1ea5t c\u1ea3 c\u00e1c bi\u1ebfn th\u1ec3 c\u00f3 th\u1ec3 t\u00f9y ch\u1ec9nh \u0111\u1ec1u c\u00f3 s\u1eb5n ngay l\u1eadp t\u1ee9c v\u1edbi s\u1ed1 l\u01b0\u1ee3ng t\u1eeb 1 tr\u1edf l\u00ean.<br \/>\nM\u1ed7i m\u1eabu A-10 \u0111\u01b0\u1ee3c t\u00f9y ch\u1ec9nh s\u1ebd s\u1eb5n s\u00e0ng \u0111\u1ec3 giao h\u00e0ng, b\u1eaft \u0111\u1ea7u t\u1eeb l\u00f4 h\u00e0ng c\u00f3 s\u1ed1 l\u01b0\u1ee3ng t\u1ed1i thi\u1ec3u l\u00e0 1, kh\u00f4ng mu\u1ed9n h\u01a1n n\u0103m ng\u00e0y l\u00e0m vi\u1ec7c k\u1ec3 t\u1eeb khi \u0111\u01a1n h\u00e0ng \u0111\u01b0\u1ee3c \u0111\u1eb7t. C\u00e1c \u0111\u01a1n h\u00e0ng s\u1ed1 l\u01b0\u1ee3ng l\u1edbn c\u0169ng c\u00f3 th\u1ec3 \u0111\u01b0\u1ee3c giao h\u00e0ng nhanh ch\u00f3ng. Th\u1eddi gian giao h\u00e0ng ng\u1eafn gi\u00fap c\u00e1c nh\u00e0 s\u1ea3n xu\u1ea5t thi\u1ebft b\u1ecb g\u1ed1c (OEM) \u0111\u00e1p \u1ee9ng th\u1eddi gian s\u1ea3n xu\u1ea5t ng\u1eafn v\u00e0 c\u00e1c nh\u00e0 ph\u00e2n ph\u1ed1i c\u00f3 th\u1ec3 cung c\u1ea5p s\u1ea3n ph\u1ea9m ph\u00f9 h\u1ee3p cho kh\u00e1ch h\u00e0ng c\u1ee7a h\u1ecd m\u1ed9t c\u00e1ch nhanh ch\u00f3ng.<\/p>\n<p>\u0110\u1eb7c bi\u1ec7t ti\u1ebft ki\u1ec7m chi ph\u00ed<br \/>\nM\u1eabu A-10 \u0111\u1eb7c bi\u1ec7t hi\u1ec7u qu\u1ea3 v\u1ec1 chi ph\u00ed v\u00e0 cung c\u1ea5p hi\u1ec7u su\u1ea5t r\u1ea5t t\u1ed1t, ph\u00f9 h\u1ee3p v\u1edbi h\u1ea7u h\u1ebft c\u00e1c \u1ee9ng d\u1ee5ng v\u1ec1 \u0111\u1ed9 ch\u00ednh x\u00e1c v\u00e0 \u0111\u1ed9 b\u1ec1n. \u0110\u1ed9 tin c\u1eady cao v\u00e0 tu\u1ed5i th\u1ecd d\u00e0i \u0111\u1ea3m b\u1ea3o chi ph\u00ed b\u1ea3o tr\u00ec v\u00e0 thay th\u1ebf th\u1ea5p.<\/p>","protected":false},"excerpt":{"rendered":"<ul>\n<li>Ch\u1ea5t l\u01b0\u1ee3ng tuy\u1ec7t v\u1eddi v\u00e0 c\u00f4ng ngh\u1ec7 \u0111\u00e3 \u0111\u01b0\u1ee3c ch\u1ee9ng minh.<\/li>\n<li>S\u1ef1 \u0111a d\u1ea1ng \u0111\u1eb7c bi\u1ec7t phong ph\u00fa bao ph\u1ee7 g\u1ea7n nh\u01b0 t\u1ea5t c\u1ea3 c\u00e1c \u1ee9ng d\u1ee5ng.<\/li>\n<li>T\u1ea5t c\u1ea3 c\u00e1c bi\u1ebfn th\u1ec3 c\u00f3 th\u1ec3 t\u00f9y ch\u1ec9nh \u0111\u1ec1u c\u00f3 s\u1eb5n ngay l\u1eadp t\u1ee9c v\u1edbi s\u1ed1 l\u01b0\u1ee3ng t\u1eeb 1 tr\u1edf l\u00ean.<\/li>\n<li>\u0110\u1eb7c bi\u1ec7t ti\u1ebft ki\u1ec7m chi ph\u00ed<\/li>\n<\/ul>","protected":false},"featured_media":3503,"template":"","meta":{"_acf_changed":false},"product_brand":[68],"product_cat":[52],"product_tag":[],"class_list":{"0":"post-3502","1":"product","2":"type-product","3":"status-publish","4":"has-post-thumbnail","6":"product_brand-wika","7":"product_cat-wika-pressure-sensors","9":"first","10":"instock","11":"shipping-taxable","12":"product-type-simple"},"acf":[],"yoast_head":"<!-- This site is optimized with the Yoast SEO Premium plugin v26.7 (Yoast SEO v27.4) - https:\/\/yoast.com\/product\/yoast-seo-premium-wordpress\/ -->\n<title>Pressure transmitter for general industrial applications - SJ Gauge | Pressure Gauges, Thermometers &amp; Pressure Sensors<\/title>\n<meta name=\"description\" content=\"The WIKA A-10 pressure transmitter features a compact design with high stability and vibration resistance, ideal for machinery, hydraulics, and process monitoring applications.\" \/>\n<meta name=\"robots\" content=\"index, follow, max-snippet:-1, max-image-preview:large, max-video-preview:-1\" \/>\n<link rel=\"canonical\" href=\"https:\/\/www.sj-gauge.com\/vi\/san-pham\/a-10\/\" \/>\n<meta property=\"og:locale\" content=\"vi_VN\" \/>\n<meta property=\"og:type\" content=\"article\" \/>\n<meta property=\"og:title\" content=\"Pressure transmitter for general industrial applications\" \/>\n<meta property=\"og:description\" content=\"The WIKA A-10 pressure transmitter features a compact design with high stability and vibration resistance, ideal for machinery, hydraulics, and process monitoring applications.\" \/>\n<meta property=\"og:url\" content=\"https:\/\/www.sj-gauge.com\/vi\/san-pham\/a-10\/\" \/>\n<meta property=\"og:site_name\" content=\"SJ Gauge | Pressure Gauges, Thermometers &amp; Pressure Sensors\" \/>\n<meta property=\"article:modified_time\" content=\"2026-01-22T06:30:27+00:00\" \/>\n<meta property=\"og:image\" content=\"https:\/\/www.sj-gauge.com\/wp-content\/uploads\/2026\/01\/SJ_wika_pressure_transmitter_model_A-10-1.jpg\" \/>\n\t<meta property=\"og:image:width\" content=\"1200\" \/>\n\t<meta property=\"og:image:height\" content=\"1000\" \/>\n\t<meta property=\"og:image:type\" content=\"image\/jpeg\" \/>\n<meta name=\"twitter:card\" content=\"summary_large_image\" \/>\n<meta name=\"twitter:label1\" content=\"\u01af\u1edbc t\u00ednh th\u1eddi gian \u0111\u1ecdc\" \/>\n\t<meta name=\"twitter:data1\" content=\"2 ph\u00fat\" \/>\n<script type=\"application\/ld+json\" class=\"yoast-schema-graph\">{\"@context\":\"https:\\\/\\\/schema.org\",\"@graph\":[{\"@type\":\"WebPage\",\"@id\":\"https:\\\/\\\/www.sj-gauge.com\\\/product\\\/a-10\\\/\",\"url\":\"https:\\\/\\\/www.sj-gauge.com\\\/product\\\/a-10\\\/\",\"name\":\"Pressure transmitter for general industrial applications - SJ Gauge | Pressure Gauges, Thermometers &amp; Pressure Sensors\",\"isPartOf\":{\"@id\":\"https:\\\/\\\/www.sj-gauge.com\\\/#website\"},\"primaryImageOfPage\":{\"@id\":\"https:\\\/\\\/www.sj-gauge.com\\\/product\\\/a-10\\\/#primaryimage\"},\"image\":{\"@id\":\"https:\\\/\\\/www.sj-gauge.com\\\/product\\\/a-10\\\/#primaryimage\"},\"thumbnailUrl\":\"https:\\\/\\\/www.sj-gauge.com\\\/wp-content\\\/uploads\\\/2026\\\/01\\\/SJ_wika_pressure_transmitter_model_A-10-1.jpg\",\"datePublished\":\"2026-01-20T08:41:02+00:00\",\"dateModified\":\"2026-01-22T06:30:27+00:00\",\"description\":\"The WIKA A-10 pressure transmitter features a compact design with high stability and vibration resistance, ideal for machinery, hydraulics, and process monitoring applications.\",\"breadcrumb\":{\"@id\":\"https:\\\/\\\/www.sj-gauge.com\\\/product\\\/a-10\\\/#breadcrumb\"},\"inLanguage\":\"vi\",\"potentialAction\":[{\"@type\":\"ReadAction\",\"target\":[\"https:\\\/\\\/www.sj-gauge.com\\\/product\\\/a-10\\\/\"]}]},{\"@type\":\"ImageObject\",\"inLanguage\":\"vi\",\"@id\":\"https:\\\/\\\/www.sj-gauge.com\\\/product\\\/a-10\\\/#primaryimage\",\"url\":\"https:\\\/\\\/www.sj-gauge.com\\\/wp-content\\\/uploads\\\/2026\\\/01\\\/SJ_wika_pressure_transmitter_model_A-10-1.jpg\",\"contentUrl\":\"https:\\\/\\\/www.sj-gauge.com\\\/wp-content\\\/uploads\\\/2026\\\/01\\\/SJ_wika_pressure_transmitter_model_A-10-1.jpg\",\"width\":1200,\"height\":1000},{\"@type\":\"BreadcrumbList\",\"@id\":\"https:\\\/\\\/www.sj-gauge.com\\\/product\\\/a-10\\\/#breadcrumb\",\"itemListElement\":[{\"@type\":\"ListItem\",\"position\":1,\"name\":\"Home\",\"item\":\"https:\\\/\\\/www.sj-gauge.com\\\/\"},{\"@type\":\"ListItem\",\"position\":2,\"name\":\"Products\",\"item\":\"https:\\\/\\\/www.sj-gauge.com\\\/products\\\/\"},{\"@type\":\"ListItem\",\"position\":3,\"name\":\"Pressure transmitter for general industrial applications\"}]},{\"@type\":\"WebSite\",\"@id\":\"https:\\\/\\\/www.sj-gauge.com\\\/#website\",\"url\":\"https:\\\/\\\/www.sj-gauge.com\\\/\",\"name\":\"SJ Gauge | Pressure Gauges, Thermometers &amp; Pressure Sensors\",\"description\":\"Manufacturer of industrial pressure gauges, pressure sensors, and transmitters. SJ Gauge provides high accuracy, durable materials, and custom solutions for oil &amp; gas, chemical, and industrial applications.\",\"publisher\":{\"@id\":\"https:\\\/\\\/www.sj-gauge.com\\\/#organization\"},\"potentialAction\":[{\"@type\":\"SearchAction\",\"target\":{\"@type\":\"EntryPoint\",\"urlTemplate\":\"https:\\\/\\\/www.sj-gauge.com\\\/?s={search_term_string}\"},\"query-input\":{\"@type\":\"PropertyValueSpecification\",\"valueRequired\":true,\"valueName\":\"search_term_string\"}}],\"inLanguage\":\"vi\"},{\"@type\":\"Organization\",\"@id\":\"https:\\\/\\\/www.sj-gauge.com\\\/#organization\",\"name\":\"SJ Gauge | Pressure Gauges, Thermometers &amp; Pressure Sensors\",\"url\":\"https:\\\/\\\/www.sj-gauge.com\\\/\",\"logo\":{\"@type\":\"ImageObject\",\"inLanguage\":\"vi\",\"@id\":\"https:\\\/\\\/www.sj-gauge.com\\\/#\\\/schema\\\/logo\\\/image\\\/\",\"url\":\"https:\\\/\\\/www.sj-gauge.com\\\/wp-content\\\/uploads\\\/2025\\\/09\\\/logo.webp\",\"contentUrl\":\"https:\\\/\\\/www.sj-gauge.com\\\/wp-content\\\/uploads\\\/2025\\\/09\\\/logo.webp\",\"width\":348,\"height\":184,\"caption\":\"SJ Gauge | Pressure Gauges, Thermometers &amp; Pressure Sensors\"},\"image\":{\"@id\":\"https:\\\/\\\/www.sj-gauge.com\\\/#\\\/schema\\\/logo\\\/image\\\/\"}}]}<\/script>\n<!-- \/ Yoast SEO Premium plugin. -->","yoast_head_json":{"title":"B\u1ed9 truy\u1ec1n \u00e1p su\u1ea5t cho c\u00e1c \u1ee9ng d\u1ee5ng c\u00f4ng nghi\u1ec7p n\u00f3i chung - SJ Gauge | \u0110\u1ed3ng h\u1ed3 \u0111o \u00e1p su\u1ea5t, nhi\u1ec7t k\u1ebf &amp; c\u1ea3m bi\u1ebfn \u00e1p su\u1ea5t","description":"C\u1ea3m bi\u1ebfn \u00e1p su\u1ea5t WIKA A-10 c\u00f3 thi\u1ebft k\u1ebf nh\u1ecf g\u1ecdn, \u0111\u1ed9 \u1ed5n \u0111\u1ecbnh cao v\u00e0 kh\u1ea3 n\u0103ng ch\u1ed1ng rung, ph\u00f9 h\u1ee3p cho c\u00e1c \u1ee9ng d\u1ee5ng trong m\u00e1y m\u00f3c, h\u1ec7 th\u1ed1ng th\u1ee7y l\u1ef1c v\u00e0 gi\u00e1m s\u00e1t qu\u00e1 tr\u00ecnh.","robots":{"index":"index","follow":"follow","max-snippet":"max-snippet:-1","max-image-preview":"max-image-preview:large","max-video-preview":"max-video-preview:-1"},"canonical":"https:\/\/www.sj-gauge.com\/vi\/san-pham\/a-10\/","og_locale":"vi_VN","og_type":"article","og_title":"Pressure transmitter for general industrial applications","og_description":"The WIKA A-10 pressure transmitter features a compact design with high stability and vibration resistance, ideal for machinery, hydraulics, and process monitoring applications.","og_url":"https:\/\/www.sj-gauge.com\/vi\/san-pham\/a-10\/","og_site_name":"SJ Gauge | Pressure Gauges, Thermometers &amp; Pressure Sensors","article_modified_time":"2026-01-22T06:30:27+00:00","og_image":[{"width":1200,"height":1000,"url":"https:\/\/www.sj-gauge.com\/wp-content\/uploads\/2026\/01\/SJ_wika_pressure_transmitter_model_A-10-1.jpg","type":"image\/jpeg"}],"twitter_card":"summary_large_image","twitter_misc":{"\u01af\u1edbc t\u00ednh th\u1eddi gian \u0111\u1ecdc":"2 ph\u00fat"},"schema":{"@context":"https:\/\/schema.org","@graph":[{"@type":"WebPage","@id":"https:\/\/www.sj-gauge.com\/product\/a-10\/","url":"https:\/\/www.sj-gauge.com\/product\/a-10\/","name":"B\u1ed9 truy\u1ec1n \u00e1p su\u1ea5t cho c\u00e1c \u1ee9ng d\u1ee5ng c\u00f4ng nghi\u1ec7p n\u00f3i chung - SJ Gauge | \u0110\u1ed3ng h\u1ed3 \u0111o \u00e1p su\u1ea5t, nhi\u1ec7t k\u1ebf &amp; c\u1ea3m bi\u1ebfn \u00e1p su\u1ea5t","isPartOf":{"@id":"https:\/\/www.sj-gauge.com\/#website"},"primaryImageOfPage":{"@id":"https:\/\/www.sj-gauge.com\/product\/a-10\/#primaryimage"},"image":{"@id":"https:\/\/www.sj-gauge.com\/product\/a-10\/#primaryimage"},"thumbnailUrl":"https:\/\/www.sj-gauge.com\/wp-content\/uploads\/2026\/01\/SJ_wika_pressure_transmitter_model_A-10-1.jpg","datePublished":"2026-01-20T08:41:02+00:00","dateModified":"2026-01-22T06:30:27+00:00","description":"C\u1ea3m bi\u1ebfn \u00e1p su\u1ea5t WIKA A-10 c\u00f3 thi\u1ebft k\u1ebf nh\u1ecf g\u1ecdn, \u0111\u1ed9 \u1ed5n \u0111\u1ecbnh cao v\u00e0 kh\u1ea3 n\u0103ng ch\u1ed1ng rung, ph\u00f9 h\u1ee3p cho c\u00e1c \u1ee9ng d\u1ee5ng trong m\u00e1y m\u00f3c, h\u1ec7 th\u1ed1ng th\u1ee7y l\u1ef1c v\u00e0 gi\u00e1m s\u00e1t qu\u00e1 tr\u00ecnh.","breadcrumb":{"@id":"https:\/\/www.sj-gauge.com\/product\/a-10\/#breadcrumb"},"inLanguage":"vi","potentialAction":[{"@type":"ReadAction","target":["https:\/\/www.sj-gauge.com\/product\/a-10\/"]}]},{"@type":"ImageObject","inLanguage":"vi","@id":"https:\/\/www.sj-gauge.com\/product\/a-10\/#primaryimage","url":"https:\/\/www.sj-gauge.com\/wp-content\/uploads\/2026\/01\/SJ_wika_pressure_transmitter_model_A-10-1.jpg","contentUrl":"https:\/\/www.sj-gauge.com\/wp-content\/uploads\/2026\/01\/SJ_wika_pressure_transmitter_model_A-10-1.jpg","width":1200,"height":1000},{"@type":"BreadcrumbList","@id":"https:\/\/www.sj-gauge.com\/product\/a-10\/#breadcrumb","itemListElement":[{"@type":"ListItem","position":1,"name":"Home","item":"https:\/\/www.sj-gauge.com\/"},{"@type":"ListItem","position":2,"name":"Products","item":"https:\/\/www.sj-gauge.com\/products\/"},{"@type":"ListItem","position":3,"name":"Pressure transmitter for general industrial applications"}]},{"@type":"WebSite","@id":"https:\/\/www.sj-gauge.com\/#website","url":"https:\/\/www.sj-gauge.com\/","name":"SJ Gauge | \u0110\u1ed3ng h\u1ed3 \u0111o \u00e1p su\u1ea5t, nhi\u1ec7t k\u1ebf v\u00e0 c\u1ea3m bi\u1ebfn \u00e1p su\u1ea5t","description":"Nh\u00e0 s\u1ea3n xu\u1ea5t \u0111\u1ed3ng h\u1ed3 \u0111o \u00e1p su\u1ea5t c\u00f4ng nghi\u1ec7p, c\u1ea3m bi\u1ebfn \u00e1p su\u1ea5t v\u00e0 b\u1ed9 truy\u1ec1n t\u00edn hi\u1ec7u. SJ Gauge cung c\u1ea5p c\u00e1c s\u1ea3n ph\u1ea9m c\u00f3 \u0111\u1ed9 ch\u00ednh x\u00e1c cao, \u0111\u01b0\u1ee3c ch\u1ebf t\u1ea1o t\u1eeb v\u1eadt li\u1ec7u b\u1ec1n b\u1ec9 v\u00e0 c\u00e1c gi\u1ea3i ph\u00e1p t\u00f9y ch\u1ec9nh d\u00e0nh cho c\u00e1c \u1ee9ng d\u1ee5ng trong ng\u00e0nh d\u1ea7u kh\u00ed, h\u00f3a ch\u1ea5t v\u00e0 c\u00f4ng nghi\u1ec7p.","publisher":{"@id":"https:\/\/www.sj-gauge.com\/#organization"},"potentialAction":[{"@type":"SearchAction","target":{"@type":"EntryPoint","urlTemplate":"https:\/\/www.sj-gauge.com\/?s={search_term_string}"},"query-input":{"@type":"PropertyValueSpecification","valueRequired":true,"valueName":"search_term_string"}}],"inLanguage":"vi"},{"@type":"Organization","@id":"https:\/\/www.sj-gauge.com\/#organization","name":"SJ Gauge | \u0110\u1ed3ng h\u1ed3 \u0111o \u00e1p su\u1ea5t, nhi\u1ec7t k\u1ebf v\u00e0 c\u1ea3m bi\u1ebfn \u00e1p su\u1ea5t","url":"https:\/\/www.sj-gauge.com\/","logo":{"@type":"ImageObject","inLanguage":"vi","@id":"https:\/\/www.sj-gauge.com\/#\/schema\/logo\/image\/","url":"https:\/\/www.sj-gauge.com\/wp-content\/uploads\/2025\/09\/logo.webp","contentUrl":"https:\/\/www.sj-gauge.com\/wp-content\/uploads\/2025\/09\/logo.webp","width":348,"height":184,"caption":"SJ Gauge | Pressure Gauges, Thermometers &amp; Pressure Sensors"},"image":{"@id":"https:\/\/www.sj-gauge.com\/#\/schema\/logo\/image\/"}}]}},"_links":{"self":[{"href":"https:\/\/www.sj-gauge.com\/vi\/wp-json\/wp\/v2\/product\/3502","targetHints":{"allow":["GET"]}}],"collection":[{"href":"https:\/\/www.sj-gauge.com\/vi\/wp-json\/wp\/v2\/product"}],"about":[{"href":"https:\/\/www.sj-gauge.com\/vi\/wp-json\/wp\/v2\/types\/product"}],"wp:featuredmedia":[{"embeddable":true,"href":"https:\/\/www.sj-gauge.com\/vi\/wp-json\/wp\/v2\/media\/3503"}],"wp:attachment":[{"href":"https:\/\/www.sj-gauge.com\/vi\/wp-json\/wp\/v2\/media?parent=3502"}],"wp:term":[{"taxonomy":"product_brand","embeddable":true,"href":"https:\/\/www.sj-gauge.com\/vi\/wp-json\/wp\/v2\/product_brand?post=3502"},{"taxonomy":"product_cat","embeddable":true,"href":"https:\/\/www.sj-gauge.com\/vi\/wp-json\/wp\/v2\/product_cat?post=3502"},{"taxonomy":"product_tag","embeddable":true,"href":"https:\/\/www.sj-gauge.com\/vi\/wp-json\/wp\/v2\/product_tag?post=3502"}],"curies":[{"name":"wp","href":"https:\/\/api.w.org\/{rel}","templated":true}]}}