{"id":3542,"date":"2026-01-20T17:00:52","date_gmt":"2026-01-20T09:00:52","guid":{"rendered":"https:\/\/sj-gauge.com\/?post_type=product&#038;p=3542"},"modified":"2026-04-28T16:09:40","modified_gmt":"2026-04-28T08:09:40","slug":"is-3","status":"publish","type":"product","link":"https:\/\/www.sj-gauge.com\/vi\/san-pham\/is-3\/","title":{"rendered":"C\u1ea3m bi\u1ebfn \u00e1p su\u1ea5t An to\u00e0n n\u1ed9i t\u1ea1i Ex ia"},"content":{"rendered":"<div class=\"column is-half\">\n<p>C\u1ea3m bi\u1ebfn \u00e1p su\u1ea5t an to\u00e0n n\u1ed9i t\u1ea1i IS-3 \u0111\u01b0\u1ee3c thi\u1ebft k\u1ebf cho c\u00e1c khu v\u1ef1c c\u00f3 nguy c\u01a1 ch\u00e1y n\u1ed5 kh\u00ed (EPL Ga) v\u00e0 c\u0169ng c\u00f3 th\u1ec3 s\u1eed d\u1ee5ng trong c\u00e1c m\u00f4i tr\u01b0\u1eddng c\u00f3 b\u1ee5i d\u1ec5 ch\u00e1y (EPL Da) v\u00e0 trong c\u00e1c m\u1ecf c\u00f3 nguy c\u01a1 ch\u00e1y n\u1ed5 kh\u00ed (EPL Ma).<\/p>\n<p>M\u00f4 h\u00ecnh IS-3 ph\u00f9 h\u1ee3p cho d\u1ea3i \u00e1p su\u1ea5t l\u00ean \u0111\u1ebfn 6.000 bar [87.000 psi] v\u00e0 nhi\u1ec7t \u0111\u1ed9 trung b\u00ecnh l\u00ean \u0111\u1ebfn 200 \u00b0C [392 \u00b0F]. M\u00f4 h\u00ecnh n\u00e0y \u0111\u01b0\u1ee3c ch\u1ee9ng nh\u1eadn b\u1edfi nhi\u1ec1u t\u1ed5 ch\u1ee9c uy t\u00edn nh\u01b0 ATEX, IECEx, FM v\u00e0 CSA. Nh\u1edd thi\u1ebft k\u1ebf ph\u1eb3ng, IS-3 c\u0169ng ph\u00f9 h\u1ee3p cho c\u00e1c m\u00f4i tr\u01b0\u1eddng c\u00f3 t\u00ednh k\u1ebft tinh v\u00e0 \u0111\u1ed9 nh\u1edbt cao, c\u0169ng nh\u01b0 cho c\u00e1c \u1ee9ng d\u1ee5ng y\u00eau c\u1ea7u v\u1ec7 sinh kh\u00f4ng \u0111\u1ec3 l\u1ea1i c\u1eb7n.<\/p>\n<p><strong>\u0110a d\u1ea1ng c\u00e1c lo\u1ea1i gi\u1ea5y ph\u00e9p<\/strong><br \/>\nM\u00f4 h\u00ecnh IS-3 \u0111\u01b0\u1ee3c c\u1ea5p ph\u00e9p s\u1eed d\u1ee5ng trong c\u00e1c khu v\u1ef1c nguy hi\u1ec3m theo c\u00e1c ti\u00eau chu\u1ea9n qu\u1ed1c t\u1ebf \u0111\u00e3 \u0111\u01b0\u1ee3c c\u00f4ng nh\u1eadn \u2013 ngay c\u1ea3 \u0111\u1ed1i v\u1edbi c\u00e1c th\u1ecb tr\u01b0\u1eddng nh\u1ecf. \u0110\u1ed1i v\u1edbi c\u00e1c nh\u00e0 cung c\u1ea5p h\u1ec7 th\u1ed1ng, vi\u1ec7c k\u1ebft h\u1ee3p c\u00e1c ch\u1ee9ng nh\u1eadn gi\u00fap gi\u1ea3m s\u1ed1 l\u01b0\u1ee3ng bi\u1ebfn th\u1ec3 thi\u1ebft b\u1ecb m\u00e0 h\u1ecd c\u1ea7n duy tr\u00ec s\u1eb5n s\u00e0ng cho th\u1ecb tr\u01b0\u1eddng c\u1ee7a m\u00ecnh.<\/p>\n<\/div>\n<div class=\"column is-half\">\n<p><strong>\u0110a d\u1ea1ng \u0111\u1eb7c bi\u1ec7t phong ph\u00fa<\/strong><br \/>\nM\u1eabu IS-3 n\u1ed5i b\u1eadt v\u1edbi kh\u1ea3 n\u0103ng t\u00f9y ch\u1ec9nh cao v\u00e0 \u0111a d\u1ea1ng c\u00e1c t\u00f9y ch\u1ecdn t\u00edch h\u1ee3p. Phi\u00ean b\u1ea3n \u00e1p su\u1ea5t cao \u0111\u01b0\u1ee3c thi\u1ebft k\u1ebf \u0111\u1ec3 ch\u1ecbu \u0111\u01b0\u1ee3c \u00e1p su\u1ea5t t\u1ed1i \u0111a 6.000 bar [87.000 psi]. T\u00f9y thu\u1ed9c v\u00e0o c\u1ea5u h\u00ecnh, m\u1eabu n\u00e0y c\u00f3 th\u1ec3 \u0111\u1ea1t \u0111\u01b0\u1ee3c m\u1ee9c b\u1ea3o v\u1ec7 ch\u1ed1ng x\u00e2m nh\u1eadp l\u00ean \u0111\u1ebfn IP68 v\u00e0 s\u1eed d\u1ee5ng \u1edf nhi\u1ec7t \u0111\u1ed9 trung b\u00ecnh l\u00ean \u0111\u1ebfn +200 \u00b0C [392 \u00b0F].<\/p>\n<p><strong>Ch\u1ea5t l\u01b0\u1ee3ng tuy\u1ec7t v\u1eddi, \u0111\u00e3 \u0111\u01b0\u1ee3c ki\u1ec3m ch\u1ee9ng trong th\u1ef1c t\u1ebf.<br \/>\n<\/strong>M\u1eabu IS-3 v\u00e0 c\u00e1c phi\u00ean b\u1ea3n ti\u1ec1n nhi\u1ec7m \u0111\u00e3 \u0111\u01b0\u1ee3c s\u1eed d\u1ee5ng m\u1ed9t c\u00e1ch \u0111\u00e1ng tin c\u1eady trong h\u01a1n 20 n\u0103m. Ch\u1ea5t l\u01b0\u1ee3ng cao \u1ed5n \u0111\u1ecbnh v\u00e0 ch\u1ee9c n\u0103ng \u0111\u00e1ng tin c\u1eady c\u1ee7a n\u00f3 \u0111\u01b0\u1ee3c x\u00e1c nh\u1eadn th\u01b0\u1eddng xuy\u00ean th\u00f4ng qua c\u00e1c cu\u1ed9c ki\u1ec3m to\u00e1n n\u1ed9i b\u1ed9 v\u00e0 ngo\u1ea1i b\u1ed9.<\/p>\n<\/div>","protected":false},"excerpt":{"rendered":"<ul>\n<li>Lo\u1ea1i b\u1ea3o v\u1ec7 ch\u1ed1ng ch\u00e1y n\u1ed5 an to\u00e0n n\u1ed9i t\u1ea1i (Ex ia) v\u1edbi M\u1ee9c b\u1ea3o v\u1ec7 thi\u1ebft b\u1ecb (EPL) Ga, Da, Ma<\/li>\n<li>\u0110a d\u1ea1ng c\u00e1c ch\u1ee9ng nh\u1eadn ph\u1ed5 bi\u1ebfn \u0111\u01b0\u1ee3c s\u1eed d\u1ee5ng trong khu v\u1ef1c nguy hi\u1ec3m, v\u00ed d\u1ee5: ATEX, IECEx, FM, CSA, EACEx ho\u1eb7c NEPSI.<\/li>\n<li>D\u1ea3i s\u1ea3n ph\u1ea9m \u0111a d\u1ea1ng \u0111\u1eb7c bi\u1ec7t r\u1ed9ng l\u1edbn, \u0111\u00e1p \u1ee9ng g\u1ea7n nh\u01b0 m\u1ecdi \u1ee9ng d\u1ee5ng \u2013 ngay c\u1ea3 trong \u0111i\u1ec1u ki\u1ec7n ho\u1ea1t \u0111\u1ed9ng c\u1ef1c \u0111oan.<\/li>\n<li>Ch\u1ea5t l\u01b0\u1ee3ng tuy\u1ec7t v\u1eddi v\u00e0 c\u00f4ng ngh\u1ec7 \u0111\u00e3 \u0111\u01b0\u1ee3c ch\u1ee9ng minh.<\/li>\n<\/ul>","protected":false},"featured_media":3544,"template":"","meta":{"_acf_changed":false},"product_brand":[68],"product_cat":[52],"product_tag":[],"class_list":{"0":"post-3542","1":"product","2":"type-product","3":"status-publish","4":"has-post-thumbnail","6":"product_brand-wika","7":"product_cat-wika-pressure-sensors","9":"first","10":"instock","11":"shipping-taxable","12":"product-type-simple"},"acf":[],"yoast_head":"<!-- This site is optimized with the Yoast SEO Premium plugin v26.7 (Yoast SEO v27.4) - https:\/\/yoast.com\/product\/yoast-seo-premium-wordpress\/ -->\n<title>Pressure transmitter Intrinsic safety Ex ia - SJ Gauge<\/title>\n<meta name=\"description\" content=\"High-quality pressure sensors with stable performance and compact design, suitable for industrial automation, machinery, and process monitoring applications.\" \/>\n<meta name=\"robots\" content=\"index, follow, max-snippet:-1, max-image-preview:large, max-video-preview:-1\" \/>\n<link rel=\"canonical\" href=\"https:\/\/www.sj-gauge.com\/vi\/san-pham\/is-3\/\" \/>\n<meta property=\"og:locale\" content=\"vi_VN\" \/>\n<meta property=\"og:type\" content=\"article\" \/>\n<meta property=\"og:title\" content=\"Pressure transmitter Intrinsic safety Ex ia\" \/>\n<meta property=\"og:description\" content=\"High-quality pressure sensors with stable performance and compact design, suitable for industrial automation, machinery, and process monitoring applications.\" \/>\n<meta property=\"og:url\" content=\"https:\/\/www.sj-gauge.com\/vi\/san-pham\/is-3\/\" \/>\n<meta property=\"og:site_name\" content=\"SJ Gauge | Pressure Gauges, Thermometers &amp; Pressure Sensors\" \/>\n<meta property=\"article:modified_time\" content=\"2026-04-28T08:09:40+00:00\" \/>\n<meta property=\"og:image\" content=\"https:\/\/www.sj-gauge.com\/wp-content\/uploads\/2026\/01\/SJ_WIKA_IS_3_2-1.jpg\" \/>\n\t<meta property=\"og:image:width\" content=\"1200\" \/>\n\t<meta property=\"og:image:height\" content=\"1000\" \/>\n\t<meta property=\"og:image:type\" content=\"image\/jpeg\" \/>\n<meta name=\"twitter:card\" content=\"summary_large_image\" \/>\n<meta name=\"twitter:label1\" content=\"\u01af\u1edbc t\u00ednh th\u1eddi gian \u0111\u1ecdc\" \/>\n\t<meta name=\"twitter:data1\" content=\"2 ph\u00fat\" \/>\n<script type=\"application\/ld+json\" class=\"yoast-schema-graph\">{\"@context\":\"https:\\\/\\\/schema.org\",\"@graph\":[{\"@type\":\"WebPage\",\"@id\":\"https:\\\/\\\/www.sj-gauge.com\\\/product\\\/is-3\\\/\",\"url\":\"https:\\\/\\\/www.sj-gauge.com\\\/product\\\/is-3\\\/\",\"name\":\"Pressure transmitter Intrinsic safety Ex ia - SJ Gauge\",\"isPartOf\":{\"@id\":\"https:\\\/\\\/www.sj-gauge.com\\\/#website\"},\"primaryImageOfPage\":{\"@id\":\"https:\\\/\\\/www.sj-gauge.com\\\/product\\\/is-3\\\/#primaryimage\"},\"image\":{\"@id\":\"https:\\\/\\\/www.sj-gauge.com\\\/product\\\/is-3\\\/#primaryimage\"},\"thumbnailUrl\":\"https:\\\/\\\/www.sj-gauge.com\\\/wp-content\\\/uploads\\\/2026\\\/01\\\/SJ_WIKA_IS_3_2-1.jpg\",\"datePublished\":\"2026-01-20T09:00:52+00:00\",\"dateModified\":\"2026-04-28T08:09:40+00:00\",\"description\":\"High-quality pressure sensors with stable performance and compact design, suitable for industrial automation, machinery, and process monitoring applications.\",\"breadcrumb\":{\"@id\":\"https:\\\/\\\/www.sj-gauge.com\\\/product\\\/is-3\\\/#breadcrumb\"},\"inLanguage\":\"vi\",\"potentialAction\":[{\"@type\":\"ReadAction\",\"target\":[\"https:\\\/\\\/www.sj-gauge.com\\\/product\\\/is-3\\\/\"]}]},{\"@type\":\"ImageObject\",\"inLanguage\":\"vi\",\"@id\":\"https:\\\/\\\/www.sj-gauge.com\\\/product\\\/is-3\\\/#primaryimage\",\"url\":\"https:\\\/\\\/www.sj-gauge.com\\\/wp-content\\\/uploads\\\/2026\\\/01\\\/SJ_WIKA_IS_3_2-1.jpg\",\"contentUrl\":\"https:\\\/\\\/www.sj-gauge.com\\\/wp-content\\\/uploads\\\/2026\\\/01\\\/SJ_WIKA_IS_3_2-1.jpg\",\"width\":1200,\"height\":1000},{\"@type\":\"BreadcrumbList\",\"@id\":\"https:\\\/\\\/www.sj-gauge.com\\\/product\\\/is-3\\\/#breadcrumb\",\"itemListElement\":[{\"@type\":\"ListItem\",\"position\":1,\"name\":\"Home\",\"item\":\"https:\\\/\\\/www.sj-gauge.com\\\/\"},{\"@type\":\"ListItem\",\"position\":2,\"name\":\"Products\",\"item\":\"https:\\\/\\\/www.sj-gauge.com\\\/products\\\/\"},{\"@type\":\"ListItem\",\"position\":3,\"name\":\"Pressure transmitter Intrinsic safety Ex ia\"}]},{\"@type\":\"WebSite\",\"@id\":\"https:\\\/\\\/www.sj-gauge.com\\\/#website\",\"url\":\"https:\\\/\\\/www.sj-gauge.com\\\/\",\"name\":\"SJ Gauge | Pressure Gauges, Thermometers &amp; Pressure Sensors\",\"description\":\"Manufacturer of industrial pressure gauges, pressure sensors, and transmitters. SJ Gauge provides high accuracy, durable materials, and custom solutions for oil &amp; gas, chemical, and industrial applications.\",\"publisher\":{\"@id\":\"https:\\\/\\\/www.sj-gauge.com\\\/#organization\"},\"potentialAction\":[{\"@type\":\"SearchAction\",\"target\":{\"@type\":\"EntryPoint\",\"urlTemplate\":\"https:\\\/\\\/www.sj-gauge.com\\\/?s={search_term_string}\"},\"query-input\":{\"@type\":\"PropertyValueSpecification\",\"valueRequired\":true,\"valueName\":\"search_term_string\"}}],\"inLanguage\":\"vi\"},{\"@type\":\"Organization\",\"@id\":\"https:\\\/\\\/www.sj-gauge.com\\\/#organization\",\"name\":\"SJ Gauge | Pressure Gauges, Thermometers &amp; Pressure Sensors\",\"url\":\"https:\\\/\\\/www.sj-gauge.com\\\/\",\"logo\":{\"@type\":\"ImageObject\",\"inLanguage\":\"vi\",\"@id\":\"https:\\\/\\\/www.sj-gauge.com\\\/#\\\/schema\\\/logo\\\/image\\\/\",\"url\":\"https:\\\/\\\/www.sj-gauge.com\\\/wp-content\\\/uploads\\\/2025\\\/09\\\/logo.webp\",\"contentUrl\":\"https:\\\/\\\/www.sj-gauge.com\\\/wp-content\\\/uploads\\\/2025\\\/09\\\/logo.webp\",\"width\":348,\"height\":184,\"caption\":\"SJ Gauge | Pressure Gauges, Thermometers &amp; Pressure Sensors\"},\"image\":{\"@id\":\"https:\\\/\\\/www.sj-gauge.com\\\/#\\\/schema\\\/logo\\\/image\\\/\"}}]}<\/script>\n<!-- \/ Yoast SEO Premium plugin. -->","yoast_head_json":{"title":"C\u1ea3m bi\u1ebfn \u00e1p su\u1ea5t an to\u00e0n n\u1ed9i t\u1ea1i Ex ia - SJ Gauge","description":"C\u1ea3m bi\u1ebfn \u00e1p su\u1ea5t ch\u1ea5t l\u01b0\u1ee3ng cao v\u1edbi hi\u1ec7u su\u1ea5t \u1ed5n \u0111\u1ecbnh v\u00e0 thi\u1ebft k\u1ebf nh\u1ecf g\u1ecdn, ph\u00f9 h\u1ee3p cho c\u00e1c \u1ee9ng d\u1ee5ng t\u1ef1 \u0111\u1ed9ng h\u00f3a c\u00f4ng nghi\u1ec7p, m\u00e1y m\u00f3c v\u00e0 gi\u00e1m s\u00e1t qu\u00e1 tr\u00ecnh.","robots":{"index":"index","follow":"follow","max-snippet":"max-snippet:-1","max-image-preview":"max-image-preview:large","max-video-preview":"max-video-preview:-1"},"canonical":"https:\/\/www.sj-gauge.com\/vi\/san-pham\/is-3\/","og_locale":"vi_VN","og_type":"article","og_title":"Pressure transmitter Intrinsic safety Ex ia","og_description":"High-quality pressure sensors with stable performance and compact design, suitable for industrial automation, machinery, and process monitoring applications.","og_url":"https:\/\/www.sj-gauge.com\/vi\/san-pham\/is-3\/","og_site_name":"SJ Gauge | Pressure Gauges, Thermometers &amp; Pressure Sensors","article_modified_time":"2026-04-28T08:09:40+00:00","og_image":[{"width":1200,"height":1000,"url":"https:\/\/www.sj-gauge.com\/wp-content\/uploads\/2026\/01\/SJ_WIKA_IS_3_2-1.jpg","type":"image\/jpeg"}],"twitter_card":"summary_large_image","twitter_misc":{"\u01af\u1edbc t\u00ednh th\u1eddi gian \u0111\u1ecdc":"2 ph\u00fat"},"schema":{"@context":"https:\/\/schema.org","@graph":[{"@type":"WebPage","@id":"https:\/\/www.sj-gauge.com\/product\/is-3\/","url":"https:\/\/www.sj-gauge.com\/product\/is-3\/","name":"C\u1ea3m bi\u1ebfn \u00e1p su\u1ea5t an to\u00e0n n\u1ed9i t\u1ea1i Ex ia - SJ Gauge","isPartOf":{"@id":"https:\/\/www.sj-gauge.com\/#website"},"primaryImageOfPage":{"@id":"https:\/\/www.sj-gauge.com\/product\/is-3\/#primaryimage"},"image":{"@id":"https:\/\/www.sj-gauge.com\/product\/is-3\/#primaryimage"},"thumbnailUrl":"https:\/\/www.sj-gauge.com\/wp-content\/uploads\/2026\/01\/SJ_WIKA_IS_3_2-1.jpg","datePublished":"2026-01-20T09:00:52+00:00","dateModified":"2026-04-28T08:09:40+00:00","description":"C\u1ea3m bi\u1ebfn \u00e1p su\u1ea5t ch\u1ea5t l\u01b0\u1ee3ng cao v\u1edbi hi\u1ec7u su\u1ea5t \u1ed5n \u0111\u1ecbnh v\u00e0 thi\u1ebft k\u1ebf nh\u1ecf g\u1ecdn, ph\u00f9 h\u1ee3p cho c\u00e1c \u1ee9ng d\u1ee5ng t\u1ef1 \u0111\u1ed9ng h\u00f3a c\u00f4ng nghi\u1ec7p, m\u00e1y m\u00f3c v\u00e0 gi\u00e1m s\u00e1t qu\u00e1 tr\u00ecnh.","breadcrumb":{"@id":"https:\/\/www.sj-gauge.com\/product\/is-3\/#breadcrumb"},"inLanguage":"vi","potentialAction":[{"@type":"ReadAction","target":["https:\/\/www.sj-gauge.com\/product\/is-3\/"]}]},{"@type":"ImageObject","inLanguage":"vi","@id":"https:\/\/www.sj-gauge.com\/product\/is-3\/#primaryimage","url":"https:\/\/www.sj-gauge.com\/wp-content\/uploads\/2026\/01\/SJ_WIKA_IS_3_2-1.jpg","contentUrl":"https:\/\/www.sj-gauge.com\/wp-content\/uploads\/2026\/01\/SJ_WIKA_IS_3_2-1.jpg","width":1200,"height":1000},{"@type":"BreadcrumbList","@id":"https:\/\/www.sj-gauge.com\/product\/is-3\/#breadcrumb","itemListElement":[{"@type":"ListItem","position":1,"name":"Home","item":"https:\/\/www.sj-gauge.com\/"},{"@type":"ListItem","position":2,"name":"Products","item":"https:\/\/www.sj-gauge.com\/products\/"},{"@type":"ListItem","position":3,"name":"Pressure transmitter Intrinsic safety Ex ia"}]},{"@type":"WebSite","@id":"https:\/\/www.sj-gauge.com\/#website","url":"https:\/\/www.sj-gauge.com\/","name":"SJ Gauge | \u0110\u1ed3ng h\u1ed3 \u0111o \u00e1p su\u1ea5t, nhi\u1ec7t k\u1ebf v\u00e0 c\u1ea3m bi\u1ebfn \u00e1p su\u1ea5t","description":"Nh\u00e0 s\u1ea3n xu\u1ea5t \u0111\u1ed3ng h\u1ed3 \u0111o \u00e1p su\u1ea5t c\u00f4ng nghi\u1ec7p, c\u1ea3m bi\u1ebfn \u00e1p su\u1ea5t v\u00e0 b\u1ed9 truy\u1ec1n t\u00edn hi\u1ec7u. SJ Gauge cung c\u1ea5p c\u00e1c s\u1ea3n ph\u1ea9m c\u00f3 \u0111\u1ed9 ch\u00ednh x\u00e1c cao, \u0111\u01b0\u1ee3c ch\u1ebf t\u1ea1o t\u1eeb v\u1eadt li\u1ec7u b\u1ec1n b\u1ec9 v\u00e0 c\u00e1c gi\u1ea3i ph\u00e1p t\u00f9y ch\u1ec9nh d\u00e0nh cho c\u00e1c \u1ee9ng d\u1ee5ng trong ng\u00e0nh d\u1ea7u kh\u00ed, h\u00f3a ch\u1ea5t v\u00e0 c\u00f4ng nghi\u1ec7p.","publisher":{"@id":"https:\/\/www.sj-gauge.com\/#organization"},"potentialAction":[{"@type":"SearchAction","target":{"@type":"EntryPoint","urlTemplate":"https:\/\/www.sj-gauge.com\/?s={search_term_string}"},"query-input":{"@type":"PropertyValueSpecification","valueRequired":true,"valueName":"search_term_string"}}],"inLanguage":"vi"},{"@type":"Organization","@id":"https:\/\/www.sj-gauge.com\/#organization","name":"SJ Gauge | \u0110\u1ed3ng h\u1ed3 \u0111o \u00e1p su\u1ea5t, nhi\u1ec7t k\u1ebf v\u00e0 c\u1ea3m bi\u1ebfn \u00e1p su\u1ea5t","url":"https:\/\/www.sj-gauge.com\/","logo":{"@type":"ImageObject","inLanguage":"vi","@id":"https:\/\/www.sj-gauge.com\/#\/schema\/logo\/image\/","url":"https:\/\/www.sj-gauge.com\/wp-content\/uploads\/2025\/09\/logo.webp","contentUrl":"https:\/\/www.sj-gauge.com\/wp-content\/uploads\/2025\/09\/logo.webp","width":348,"height":184,"caption":"SJ Gauge | Pressure Gauges, Thermometers &amp; Pressure Sensors"},"image":{"@id":"https:\/\/www.sj-gauge.com\/#\/schema\/logo\/image\/"}}]}},"_links":{"self":[{"href":"https:\/\/www.sj-gauge.com\/vi\/wp-json\/wp\/v2\/product\/3542","targetHints":{"allow":["GET"]}}],"collection":[{"href":"https:\/\/www.sj-gauge.com\/vi\/wp-json\/wp\/v2\/product"}],"about":[{"href":"https:\/\/www.sj-gauge.com\/vi\/wp-json\/wp\/v2\/types\/product"}],"wp:featuredmedia":[{"embeddable":true,"href":"https:\/\/www.sj-gauge.com\/vi\/wp-json\/wp\/v2\/media\/3544"}],"wp:attachment":[{"href":"https:\/\/www.sj-gauge.com\/vi\/wp-json\/wp\/v2\/media?parent=3542"}],"wp:term":[{"taxonomy":"product_brand","embeddable":true,"href":"https:\/\/www.sj-gauge.com\/vi\/wp-json\/wp\/v2\/product_brand?post=3542"},{"taxonomy":"product_cat","embeddable":true,"href":"https:\/\/www.sj-gauge.com\/vi\/wp-json\/wp\/v2\/product_cat?post=3542"},{"taxonomy":"product_tag","embeddable":true,"href":"https:\/\/www.sj-gauge.com\/vi\/wp-json\/wp\/v2\/product_tag?post=3542"}],"curies":[{"name":"wp","href":"https:\/\/api.w.org\/{rel}","templated":true}]}}