{"id":3547,"date":"2026-01-21T11:49:40","date_gmt":"2026-01-21T03:49:40","guid":{"rendered":"https:\/\/sj-gauge.com\/?post_type=product&#038;p=3547"},"modified":"2026-01-22T14:28:13","modified_gmt":"2026-01-22T06:28:13","slug":"r-1","status":"publish","type":"product","link":"https:\/\/www.sj-gauge.com\/vi\/san-pham\/r-1\/","title":{"rendered":"C\u1ea3m bi\u1ebfn \u00e1p su\u1ea5t cho h\u1ec7 th\u1ed1ng s\u01b0\u1edfi \u1ea5m v\u00e0 l\u00e0m l\u1ea1nh"},"content":{"rendered":"<p>B\u1ec1n b\u1ec9 v\u00e0 kh\u00f4ng c\u1ea7n b\u1ea3o tr\u00ec<br \/>\nC\u1ea3m bi\u1ebfn \u0111\u00e3 \u0111\u01b0\u1ee3c th\u1eed nghi\u1ec7m v\u00e0 ki\u1ec3m ch\u1ee9ng trong th\u1ef1c t\u1ebf trong nhi\u1ec1u n\u0103m v\u00e0 c\u1ef1c k\u1ef3 \u0111\u00e1ng tin c\u1eady. M\u00f4 h\u00ecnh R-1 c\u00f3 th\u1ec3 ch\u1ecbu \u0111\u01b0\u1ee3c l\u00ean \u0111\u1ebfn 10 tri\u1ec7u chu k\u1ef3 t\u1ea3i m\u00e0 kh\u00f4ng g\u1eb7p v\u1ea5n \u0111\u1ec1 g\u00ec. M\u00f4 h\u00ecnh R-1 \u0111\u01b0\u1ee3c thi\u1ebft k\u1ebf kh\u00f4ng s\u1eed d\u1ee5ng gio\u0103ng cao su, t\u1ebf b\u00e0o \u0111o ch\u00ednh x\u00e1c cao \u0111\u01b0\u1ee3c h\u00e0n tr\u1ef1c ti\u1ebfp v\u00e0o k\u1ebft n\u1ed1i qu\u00e1 tr\u00ecnh. T\u1ea5t c\u1ea3 c\u00e1c b\u1ed9 ph\u1eadn ti\u1ebfp x\u00fac v\u1edbi ch\u1ea5t l\u1ecfng trong m\u1ea1ch l\u00e0m l\u1ea1nh \u0111\u1ec1u \u0111\u01b0\u1ee3c l\u00e0m t\u1eeb th\u00e9p kh\u00f4ng g\u1ec9 ch\u1eafc ch\u1eafn c\u00f3 kh\u1ea3 n\u0103ng ch\u1ecbu t\u1ea3i cao.<\/p>\n<p>\u0110o l\u01b0\u1eddng \u1ed5n \u0111\u1ecbnh trong \u0111i\u1ec1u ki\u1ec7n thay \u0111\u1ed5i<br \/>\nDo thi\u1ebft k\u1ebf ch\u1eafc ch\u1eafn, nhi\u1ec7t \u0111\u1ed9 m\u00f4i tr\u01b0\u1eddng t\u1eeb -25 \u2026 +85 \u00b0C [-13 \u2026 +185 \u00b0F] kh\u00f4ng g\u00e2y v\u1ea5n \u0111\u1ec1 g\u00ec cho m\u1eabu R-1. Ngay c\u1ea3 khi c\u1ea3m bi\u1ebfn b\u1ecb \u0111\u00f3ng b\u0103ng t\u1ea1m th\u1eddi, \u0111\u1ed9 ch\u00ednh x\u00e1c v\u1eabn kh\u00f4ng b\u1ecb \u1ea3nh h\u01b0\u1edfng.<\/p>\n<p>\u0110\u1ed9 k\u00edn ch\u1ed1ng ng\u01b0ng t\u1ee5 t\u1ed1t nh\u1ea5t c\u00f3 th\u1ec3<br \/>\n\u0110\u1ec3 m\u00f4 ph\u1ecfng \u0111i\u1ec1u ki\u1ec7n ho\u1ea1t \u0111\u1ed9ng kh\u1eafc nghi\u1ec7t, m\u00f4 h\u00ecnh R-1 \u0111\u01b0\u1ee3c th\u1eed nghi\u1ec7m trong ch\u1ebf \u0111\u1ed9 ho\u1ea1t \u0111\u1ed9ng li\u00ean t\u1ee5c v\u1edbi m\u00f4i tr\u01b0\u1eddng l\u00e0m m\u00e1t (-11 \u00b0C [12.2 \u00b0F]) trong 500 gi\u1edd trong bu\u1ed3ng kh\u00ed h\u1eadu \u1edf nhi\u1ec7t \u0111\u1ed9 45 \u00b0C [113 \u00b0F] v\u00e0 \u0111\u1ed9 \u1ea9m kh\u00f4ng kh\u00ed 85%. Ti\u00eau chu\u1ea9n ch\u1ea5t l\u01b0\u1ee3ng n\u00e0y ch\u1ee9ng minh kh\u1ea3 n\u0103ng ch\u1ed1ng ng\u01b0ng t\u1ee5 cao c\u1ee7a c\u1ea3m bi\u1ebfn v\u00e0 \u0111\u1ea3m b\u1ea3o \u0111\u1ed9 tin c\u1eady l\u00e2u d\u00e0i c\u1ee7a qu\u00e1 tr\u00ecnh ho\u1ea1t \u0111\u1ed9ng trong \u0111i\u1ec1u ki\u1ec7n c\u1ef1c \u0111oan.<\/p>\n<p>V\u1eadn h\u00e0nh an to\u00e0n c\u00e1c ch\u1ea5t l\u00e0m l\u1ea1nh d\u1ec5 ch\u00e1y<br \/>\nNh\u1edd c\u1eadp nh\u1eadt k\u1ef9 thu\u1eadt v\u1ec1 h\u1ec7 th\u1ed1ng \u0111i\u1ec7n t\u1eed, R-1 nay c\u0169ng c\u00f3 th\u1ec3 \u0111\u01b0\u1ee3c s\u1eed d\u1ee5ng trong c\u00e1c \u1ee9ng d\u1ee5ng s\u1eed d\u1ee5ng ch\u1ea5t l\u00e0m l\u1ea1nh d\u1ec5 ch\u00e1y.<\/p>\n<p>\u0110\u1ed9 tin c\u1eady cao nh\u1ea5t trong vi\u1ec7c giao h\u00e0ng<br \/>\nM\u1eabu R-1 \u0111\u01b0\u1ee3c s\u1ea3n xu\u1ea5t tr\u00ean n\u0103m d\u00e2y chuy\u1ec1n s\u1ea3n xu\u1ea5t v\u1edbi m\u1ee9c \u0111\u1ed9 t\u1ef1 \u0111\u1ed9ng h\u00f3a cao. Ch\u1ea5t l\u01b0\u1ee3ng cao nh\u1ea5t \u0111\u01b0\u1ee3c \u0111\u1ea3m b\u1ea3o th\u00f4ng qua c\u00e1c b\u00e0i ki\u1ec3m tra ch\u1ea5t l\u01b0\u1ee3ng to\u00e0n di\u1ec7n v\u01b0\u1ee3t xa ti\u00eau chu\u1ea9n ng\u00e0nh. V\u00ed d\u1ee5, b\u00e0i ki\u1ec3m tra cu\u1ed1i d\u00e2y chuy\u1ec1n 100 % l\u00e0 ti\u00eau chu\u1ea9n t\u1ea1i WIKA. V\u1edbi t\u01b0 c\u00e1ch l\u00e0 \u0111\u1ed1i t\u00e1c m\u1ea1nh m\u1ebd trong l\u0129nh v\u1ef1c OEM, WIKA cung c\u1ea5p d\u1ecbch v\u1ee5 d\u00e1n nh\u00e3n ri\u00eang cho m\u1eabu R-1.<\/p>","protected":false},"excerpt":{"rendered":"<ul>\n<li>B\u1ec1n b\u1ec9 v\u00e0 kh\u00f4ng c\u1ea7n b\u1ea3o tr\u00ec<\/li>\n<li>\u0110o l\u01b0\u1eddng \u1ed5n \u0111\u1ecbnh trong \u0111i\u1ec1u ki\u1ec7n thay \u0111\u1ed5i<\/li>\n<li>\u0110\u1ed9 k\u00edn ch\u1ed1ng ng\u01b0ng t\u1ee5 t\u1ed1t nh\u1ea5t c\u00f3 th\u1ec3<\/li>\n<li>V\u1eadn h\u00e0nh an to\u00e0n c\u00e1c ch\u1ea5t l\u00e0m l\u1ea1nh d\u1ec5 ch\u00e1y<\/li>\n<li>\u0110\u1ed9 tin c\u1eady cao nh\u1ea5t trong vi\u1ec7c giao h\u00e0ng v\u1edbi WIKA l\u00e0 \u0111\u1ed1i t\u00e1c OEM gi\u00e0u kinh nghi\u1ec7m.<\/li>\n<\/ul>","protected":false},"featured_media":3565,"template":"","meta":{"_acf_changed":false},"product_brand":[68],"product_cat":[52],"product_tag":[],"class_list":{"0":"post-3547","1":"product","2":"type-product","3":"status-publish","4":"has-post-thumbnail","6":"product_brand-wika","7":"product_cat-wika-pressure-sensors","9":"first","10":"instock","11":"shipping-taxable","12":"product-type-simple"},"acf":[],"yoast_head":"<!-- This site is optimized with the Yoast SEO Premium plugin v26.7 (Yoast SEO v26.7) - https:\/\/yoast.com\/wordpress\/plugins\/seo\/ -->\n<title>Pressure transmitter for heating and refrigeration - Your Expert in Pressure Temp and Smart Transmitters - SJ Gauge<\/title>\n<meta name=\"robots\" content=\"index, follow, max-snippet:-1, max-image-preview:large, max-video-preview:-1\" \/>\n<link rel=\"canonical\" href=\"https:\/\/www.sj-gauge.com\/vi\/san-pham\/r-1\/\" \/>\n<meta property=\"og:locale\" content=\"vi_VN\" \/>\n<meta property=\"og:type\" content=\"article\" \/>\n<meta property=\"og:title\" content=\"Pressure transmitter for heating and refrigeration\" \/>\n<meta property=\"og:description\" content=\"Durable and maintenance-free  Stable measurement in variable conditions  Best possible condensation tightness  Safe handling of flammable refrigerants  Greatest possible delivery reliability with WIKA as an experienced OEM partner\" \/>\n<meta property=\"og:url\" content=\"https:\/\/www.sj-gauge.com\/vi\/san-pham\/r-1\/\" \/>\n<meta property=\"og:site_name\" content=\"Your Expert in Pressure Temp and Smart Transmitters - SJ Gauge\" \/>\n<meta property=\"article:modified_time\" content=\"2026-01-22T06:28:13+00:00\" \/>\n<meta property=\"og:image\" content=\"https:\/\/www.sj-gauge.com\/wp-content\/uploads\/2026\/01\/SJ-Gauge-wika-r-1-metri-pack-series-150.jpg\" \/>\n\t<meta property=\"og:image:width\" content=\"1200\" \/>\n\t<meta property=\"og:image:height\" content=\"1000\" \/>\n\t<meta property=\"og:image:type\" content=\"image\/jpeg\" \/>\n<meta name=\"twitter:card\" content=\"summary_large_image\" \/>\n<meta name=\"twitter:label1\" content=\"\u01af\u1edbc t\u00ednh th\u1eddi gian \u0111\u1ecdc\" \/>\n\t<meta name=\"twitter:data1\" content=\"2 ph\u00fat\" \/>\n<script type=\"application\/ld+json\" class=\"yoast-schema-graph\">{\"@context\":\"https:\/\/schema.org\",\"@graph\":[{\"@type\":\"WebPage\",\"@id\":\"https:\/\/www.sj-gauge.com\/product\/r-1\/\",\"url\":\"https:\/\/www.sj-gauge.com\/product\/r-1\/\",\"name\":\"Pressure transmitter for heating and refrigeration - Your Expert in Pressure Temp and Smart Transmitters - SJ Gauge\",\"isPartOf\":{\"@id\":\"https:\/\/www.sj-gauge.com\/#website\"},\"primaryImageOfPage\":{\"@id\":\"https:\/\/www.sj-gauge.com\/product\/r-1\/#primaryimage\"},\"image\":{\"@id\":\"https:\/\/www.sj-gauge.com\/product\/r-1\/#primaryimage\"},\"thumbnailUrl\":\"https:\/\/www.sj-gauge.com\/wp-content\/uploads\/2026\/01\/SJ-Gauge-wika-r-1-metri-pack-series-150.jpg\",\"datePublished\":\"2026-01-21T03:49:40+00:00\",\"dateModified\":\"2026-01-22T06:28:13+00:00\",\"breadcrumb\":{\"@id\":\"https:\/\/www.sj-gauge.com\/product\/r-1\/#breadcrumb\"},\"inLanguage\":\"vi\",\"potentialAction\":[{\"@type\":\"ReadAction\",\"target\":[\"https:\/\/www.sj-gauge.com\/product\/r-1\/\"]}]},{\"@type\":\"ImageObject\",\"inLanguage\":\"vi\",\"@id\":\"https:\/\/www.sj-gauge.com\/product\/r-1\/#primaryimage\",\"url\":\"https:\/\/www.sj-gauge.com\/wp-content\/uploads\/2026\/01\/SJ-Gauge-wika-r-1-metri-pack-series-150.jpg\",\"contentUrl\":\"https:\/\/www.sj-gauge.com\/wp-content\/uploads\/2026\/01\/SJ-Gauge-wika-r-1-metri-pack-series-150.jpg\",\"width\":1200,\"height\":1000},{\"@type\":\"BreadcrumbList\",\"@id\":\"https:\/\/www.sj-gauge.com\/product\/r-1\/#breadcrumb\",\"itemListElement\":[{\"@type\":\"ListItem\",\"position\":1,\"name\":\"Home\",\"item\":\"https:\/\/www.sj-gauge.com\/\"},{\"@type\":\"ListItem\",\"position\":2,\"name\":\"Products\",\"item\":\"https:\/\/www.sj-gauge.com\/products\/\"},{\"@type\":\"ListItem\",\"position\":3,\"name\":\"Pressure transmitter for heating and refrigeration\"}]},{\"@type\":\"WebSite\",\"@id\":\"https:\/\/www.sj-gauge.com\/#website\",\"url\":\"https:\/\/www.sj-gauge.com\/\",\"name\":\"Your Expert in Pressure Temp and Smart Transmitters - SJ Gauge\",\"description\":\"Manufacturer of industrial pressure gauges, pressure sensors, and transmitters. SJ Gauge provides high accuracy, durable materials, and custom solutions for oil &amp; gas, chemical, and industrial applications.\",\"publisher\":{\"@id\":\"https:\/\/www.sj-gauge.com\/#organization\"},\"potentialAction\":[{\"@type\":\"SearchAction\",\"target\":{\"@type\":\"EntryPoint\",\"urlTemplate\":\"https:\/\/www.sj-gauge.com\/?s={search_term_string}\"},\"query-input\":{\"@type\":\"PropertyValueSpecification\",\"valueRequired\":true,\"valueName\":\"search_term_string\"}}],\"inLanguage\":\"vi\"},{\"@type\":\"Organization\",\"@id\":\"https:\/\/www.sj-gauge.com\/#organization\",\"name\":\"Your Expert in Pressure Temp and Smart Transmitters - SJ Gauge\",\"url\":\"https:\/\/www.sj-gauge.com\/\",\"logo\":{\"@type\":\"ImageObject\",\"inLanguage\":\"vi\",\"@id\":\"https:\/\/www.sj-gauge.com\/#\/schema\/logo\/image\/\",\"url\":\"https:\/\/www.sj-gauge.com\/wp-content\/uploads\/2025\/09\/logo.webp\",\"contentUrl\":\"https:\/\/www.sj-gauge.com\/wp-content\/uploads\/2025\/09\/logo.webp\",\"width\":348,\"height\":184,\"caption\":\"Your Expert in Pressure Temp and Smart Transmitters - SJ Gauge\"},\"image\":{\"@id\":\"https:\/\/www.sj-gauge.com\/#\/schema\/logo\/image\/\"}}]}<\/script>\n<!-- \/ Yoast SEO Premium plugin. -->","yoast_head_json":{"title":"C\u1ea3m bi\u1ebfn \u00e1p su\u1ea5t cho h\u1ec7 th\u1ed1ng s\u01b0\u1edfi \u1ea5m v\u00e0 l\u00e0m l\u1ea1nh - Chuy\u00ean gia h\u00e0ng \u0111\u1ea7u v\u1ec1 c\u1ea3m bi\u1ebfn \u00e1p su\u1ea5t, nhi\u1ec7t \u0111\u1ed9 v\u00e0 c\u1ea3m bi\u1ebfn th\u00f4ng minh - SJ Gauge","robots":{"index":"index","follow":"follow","max-snippet":"max-snippet:-1","max-image-preview":"max-image-preview:large","max-video-preview":"max-video-preview:-1"},"canonical":"https:\/\/www.sj-gauge.com\/vi\/san-pham\/r-1\/","og_locale":"vi_VN","og_type":"article","og_title":"Pressure transmitter for heating and refrigeration","og_description":"Durable and maintenance-free  Stable measurement in variable conditions  Best possible condensation tightness  Safe handling of flammable refrigerants  Greatest possible delivery reliability with WIKA as an experienced OEM partner","og_url":"https:\/\/www.sj-gauge.com\/vi\/san-pham\/r-1\/","og_site_name":"Your Expert in Pressure Temp and Smart Transmitters - SJ Gauge","article_modified_time":"2026-01-22T06:28:13+00:00","og_image":[{"width":1200,"height":1000,"url":"https:\/\/www.sj-gauge.com\/wp-content\/uploads\/2026\/01\/SJ-Gauge-wika-r-1-metri-pack-series-150.jpg","type":"image\/jpeg"}],"twitter_card":"summary_large_image","twitter_misc":{"\u01af\u1edbc t\u00ednh th\u1eddi gian \u0111\u1ecdc":"2 ph\u00fat"},"schema":{"@context":"https:\/\/schema.org","@graph":[{"@type":"WebPage","@id":"https:\/\/www.sj-gauge.com\/product\/r-1\/","url":"https:\/\/www.sj-gauge.com\/product\/r-1\/","name":"C\u1ea3m bi\u1ebfn \u00e1p su\u1ea5t cho h\u1ec7 th\u1ed1ng s\u01b0\u1edfi \u1ea5m v\u00e0 l\u00e0m l\u1ea1nh - Chuy\u00ean gia h\u00e0ng \u0111\u1ea7u v\u1ec1 c\u1ea3m bi\u1ebfn \u00e1p su\u1ea5t, nhi\u1ec7t \u0111\u1ed9 v\u00e0 c\u1ea3m bi\u1ebfn th\u00f4ng minh - SJ Gauge","isPartOf":{"@id":"https:\/\/www.sj-gauge.com\/#website"},"primaryImageOfPage":{"@id":"https:\/\/www.sj-gauge.com\/product\/r-1\/#primaryimage"},"image":{"@id":"https:\/\/www.sj-gauge.com\/product\/r-1\/#primaryimage"},"thumbnailUrl":"https:\/\/www.sj-gauge.com\/wp-content\/uploads\/2026\/01\/SJ-Gauge-wika-r-1-metri-pack-series-150.jpg","datePublished":"2026-01-21T03:49:40+00:00","dateModified":"2026-01-22T06:28:13+00:00","breadcrumb":{"@id":"https:\/\/www.sj-gauge.com\/product\/r-1\/#breadcrumb"},"inLanguage":"vi","potentialAction":[{"@type":"ReadAction","target":["https:\/\/www.sj-gauge.com\/product\/r-1\/"]}]},{"@type":"ImageObject","inLanguage":"vi","@id":"https:\/\/www.sj-gauge.com\/product\/r-1\/#primaryimage","url":"https:\/\/www.sj-gauge.com\/wp-content\/uploads\/2026\/01\/SJ-Gauge-wika-r-1-metri-pack-series-150.jpg","contentUrl":"https:\/\/www.sj-gauge.com\/wp-content\/uploads\/2026\/01\/SJ-Gauge-wika-r-1-metri-pack-series-150.jpg","width":1200,"height":1000},{"@type":"BreadcrumbList","@id":"https:\/\/www.sj-gauge.com\/product\/r-1\/#breadcrumb","itemListElement":[{"@type":"ListItem","position":1,"name":"Home","item":"https:\/\/www.sj-gauge.com\/"},{"@type":"ListItem","position":2,"name":"Products","item":"https:\/\/www.sj-gauge.com\/products\/"},{"@type":"ListItem","position":3,"name":"Pressure transmitter for heating and refrigeration"}]},{"@type":"WebSite","@id":"https:\/\/www.sj-gauge.com\/#website","url":"https:\/\/www.sj-gauge.com\/","name":"Chuy\u00ean gia v\u1ec1 c\u1ea3m bi\u1ebfn \u00e1p su\u1ea5t, nhi\u1ec7t \u0111\u1ed9 v\u00e0 c\u1ea3m bi\u1ebfn th\u00f4ng minh - SJ Gauge","description":"Nh\u00e0 s\u1ea3n xu\u1ea5t \u0111\u1ed3ng h\u1ed3 \u0111o \u00e1p su\u1ea5t c\u00f4ng nghi\u1ec7p, c\u1ea3m bi\u1ebfn \u00e1p su\u1ea5t v\u00e0 b\u1ed9 truy\u1ec1n t\u00edn hi\u1ec7u. SJ Gauge cung c\u1ea5p c\u00e1c s\u1ea3n ph\u1ea9m c\u00f3 \u0111\u1ed9 ch\u00ednh x\u00e1c cao, \u0111\u01b0\u1ee3c ch\u1ebf t\u1ea1o t\u1eeb v\u1eadt li\u1ec7u b\u1ec1n b\u1ec9 v\u00e0 c\u00e1c gi\u1ea3i ph\u00e1p t\u00f9y ch\u1ec9nh d\u00e0nh cho c\u00e1c \u1ee9ng d\u1ee5ng trong ng\u00e0nh d\u1ea7u kh\u00ed, h\u00f3a ch\u1ea5t v\u00e0 c\u00f4ng nghi\u1ec7p.","publisher":{"@id":"https:\/\/www.sj-gauge.com\/#organization"},"potentialAction":[{"@type":"SearchAction","target":{"@type":"EntryPoint","urlTemplate":"https:\/\/www.sj-gauge.com\/?s={search_term_string}"},"query-input":{"@type":"PropertyValueSpecification","valueRequired":true,"valueName":"search_term_string"}}],"inLanguage":"vi"},{"@type":"Organization","@id":"https:\/\/www.sj-gauge.com\/#organization","name":"Chuy\u00ean gia v\u1ec1 c\u1ea3m bi\u1ebfn \u00e1p su\u1ea5t, nhi\u1ec7t \u0111\u1ed9 v\u00e0 c\u1ea3m bi\u1ebfn th\u00f4ng minh - SJ Gauge","url":"https:\/\/www.sj-gauge.com\/","logo":{"@type":"ImageObject","inLanguage":"vi","@id":"https:\/\/www.sj-gauge.com\/#\/schema\/logo\/image\/","url":"https:\/\/www.sj-gauge.com\/wp-content\/uploads\/2025\/09\/logo.webp","contentUrl":"https:\/\/www.sj-gauge.com\/wp-content\/uploads\/2025\/09\/logo.webp","width":348,"height":184,"caption":"Your Expert in Pressure Temp and Smart Transmitters - SJ Gauge"},"image":{"@id":"https:\/\/www.sj-gauge.com\/#\/schema\/logo\/image\/"}}]}},"_links":{"self":[{"href":"https:\/\/www.sj-gauge.com\/vi\/wp-json\/wp\/v2\/product\/3547","targetHints":{"allow":["GET"]}}],"collection":[{"href":"https:\/\/www.sj-gauge.com\/vi\/wp-json\/wp\/v2\/product"}],"about":[{"href":"https:\/\/www.sj-gauge.com\/vi\/wp-json\/wp\/v2\/types\/product"}],"wp:featuredmedia":[{"embeddable":true,"href":"https:\/\/www.sj-gauge.com\/vi\/wp-json\/wp\/v2\/media\/3565"}],"wp:attachment":[{"href":"https:\/\/www.sj-gauge.com\/vi\/wp-json\/wp\/v2\/media?parent=3547"}],"wp:term":[{"taxonomy":"product_brand","embeddable":true,"href":"https:\/\/www.sj-gauge.com\/vi\/wp-json\/wp\/v2\/product_brand?post=3547"},{"taxonomy":"product_cat","embeddable":true,"href":"https:\/\/www.sj-gauge.com\/vi\/wp-json\/wp\/v2\/product_cat?post=3547"},{"taxonomy":"product_tag","embeddable":true,"href":"https:\/\/www.sj-gauge.com\/vi\/wp-json\/wp\/v2\/product_tag?post=3547"}],"curies":[{"name":"wp","href":"https:\/\/api.w.org\/{rel}","templated":true}]}}