{"id":3566,"date":"2026-01-21T15:05:06","date_gmt":"2026-01-21T07:05:06","guid":{"rendered":"https:\/\/sj-gauge.com\/?post_type=product&#038;p=3566"},"modified":"2026-01-22T14:27:16","modified_gmt":"2026-01-22T06:27:16","slug":"s-11","status":"publish","type":"product","link":"https:\/\/www.sj-gauge.com\/vi\/san-pham\/s-11\/","title":{"rendered":"C\u1ea3m bi\u1ebfn \u00e1p su\u1ea5t x\u1ea3 cho m\u00f4i tr\u01b0\u1eddng c\u00f3 \u0111\u1ed9 nh\u1edbt cao v\u00e0 ch\u1ee9a h\u1ea1t"},"content":{"rendered":"<p>Chuy\u00ean gia v\u1ec1 c\u00e1c m\u00f4i tr\u01b0\u1eddng c\u00f3 \u0111\u1ed9 nh\u1edbt cao v\u00e0 ch\u1ee9a h\u1ea1t<br \/>\nC\u1ea3m bi\u1ebfn \u00e1p su\u1ea5t model S-11 v\u1edbi m\u00e0ng ph\u1eb3ng \u0111\u00e3 \u0111\u01b0\u1ee3c thi\u1ebft k\u1ebf \u0111\u1eb7c bi\u1ec7t \u0111\u1ec3 \u0111o l\u01b0\u1eddng c\u00e1c ch\u1ea5t l\u1ecfng c\u00f3 \u0111\u1ed9 nh\u1edbt cao, d\u1ea1ng b\u1ed9t nh\u00e3o, d\u00ednh, k\u1ebft tinh, ch\u1ee9a h\u1ea1t v\u00e0 b\u1ecb \u00f4 nhi\u1ec5m, nh\u1eefng ch\u1ea5t n\u00e0y c\u00f3 th\u1ec3 l\u00e0m t\u1eafc ngh\u1ebdn k\u00eanh \u00e1p su\u1ea5t c\u1ee7a c\u00e1c k\u1ebft n\u1ed1i qu\u00e1 tr\u00ecnh th\u00f4ng th\u01b0\u1eddng.<\/p>\n<p>Nh\u1edd thi\u1ebft k\u1ebf t\u1ed1i \u01b0u, k\u1ebft n\u1ed1i qu\u00e1 tr\u00ecnh ph\u1eb3ng cho ph\u00e9p v\u1ec7 sinh d\u1ec5 d\u00e0ng v\u1edbi m\u00e0ng ti\u1ebfp x\u00fac \u0111\u01b0\u1ee3c t\u00edch h\u1ee3p v\u00e0o qu\u00e1 tr\u00ecnh. Do \u0111\u00f3, vi\u1ec7c \u0111o \u00e1p su\u1ea5t \u00edt b\u1ea3o tr\u00ec v\u00e0 kh\u00f4ng g\u1eb7p s\u1ef1 c\u1ed1 c\u0169ng \u0111\u01b0\u1ee3c \u0111\u1ea3m b\u1ea3o trong c\u00e1c \u1ee9ng d\u1ee5ng quan tr\u1ecdng v\u1edbi m\u00f4i tr\u01b0\u1eddng thay \u0111\u1ed5i th\u01b0\u1eddng xuy\u00ean.<\/p>\n<p>\u0110\u1ed9 ch\u00ednh x\u00e1c cao, thi\u1ebft k\u1ebf ch\u1eafc ch\u1eafn, ch\u1ea5t l\u01b0\u1ee3ng gia c\u00f4ng t\u1ed1t v\u00e0 t\u00ednh linh ho\u1ea1t cao trong c\u1ea5u h\u00ecnh l\u00e0 nh\u1eefng \u0111\u1eb7c \u0111i\u1ec3m n\u1ed5i b\u1eadt c\u1ee7a m\u1eabu S-11.<\/p>\n<p>K\u1ebft n\u1ed1i qu\u00e1 tr\u00ecnh x\u1ea3<br \/>\nT\u1ea5t c\u1ea3 c\u00e1c k\u1ebft n\u1ed1i qu\u00e1 tr\u00ecnh c\u1ee7a c\u1ea3m bi\u1ebfn \u00e1p su\u1ea5t x\u1ea3 \u0111\u1ec1u \u0111\u01b0\u1ee3c l\u00e0m b\u1eb1ng th\u00e9p kh\u00f4ng g\u1ec9 v\u00e0 \u0111\u01b0\u1ee3c h\u00e0n k\u00edn ho\u00e0n to\u00e0n, \u0111\u1ed3ng th\u1eddi c\u00e1ch ly m\u00f4i tr\u01b0\u1eddng v\u1edbi thi\u1ebft b\u1ecb \u0111o \u00e1p su\u1ea5t th\u00f4ng qua m\u1ed9t l\u1edbp \u0111\u1ec7m k\u00edn. Do \u0111\u00f3, m\u1ed9t l\u1edbp \u0111\u1ec7m k\u00edn \u0111\u00e1ng tin c\u1eady, kh\u00f4ng c\u00f3 kho\u1ea3ng tr\u1ed1ng gi\u1eefa k\u1ebft n\u1ed1i qu\u00e1 tr\u00ecnh v\u00e0 m\u00f4i tr\u01b0\u1eddng \u0111o \u0111\u01b0\u1ee3c \u0111\u1ea3m b\u1ea3o.<\/p>\n<p>\u0110\u1ed1i v\u1edbi nhi\u1ec7t \u0111\u1ed9 trung b\u00ecnh cao l\u00ean \u0111\u1ebfn 150 \u00b0C [302 \u00b0F], c\u1ea3m bi\u1ebfn \u00e1p su\u1ea5t c\u0169ng c\u00f3 s\u1eb5n v\u1edbi b\u1ed9 ph\u1eadn l\u00e0m m\u00e1t t\u00edch h\u1ee3p.<\/p>\n<p>\u0110\u1ed1i v\u1edbi ng\u00e0nh c\u00f4ng nghi\u1ec7p th\u1ef1c ph\u1ea9m v\u00e0 \u0111\u1ed3 u\u1ed1ng, c\u00f3 th\u1ec3 l\u1ef1a ch\u1ecdn phi\u00ean b\u1ea3n s\u1eed d\u1ee5ng ch\u1ea5t l\u1ecfng l\u00e0m \u0111\u1ea7y h\u1ec7 th\u1ed1ng b\u00ean trong tu\u00e2n th\u1ee7 theo quy \u0111\u1ecbnh FDA 21 CFR 178.3750.<\/p>","protected":false},"excerpt":{"rendered":"<ul>\n<li>S\u1ea3n ph\u1ea9m ch\u1ea5t l\u01b0\u1ee3ng cao<\/li>\n<li>C\u00f3 nhi\u1ec1u t\u00f9y ch\u1ecdn c\u1ea5u h\u00ecnh kh\u1ea3 thi.<\/li>\n<li>K\u1ebft n\u1ed1i qu\u00e1 tr\u00ecnh x\u1ea3<\/li>\n<li>Kho h\u00e0ng l\u1edbn cho th\u1eddi gian giao h\u00e0ng ng\u1eafn<\/li>\n<li>Ch\u1ed1ng th\u1ea5m ch\u00e2n kh\u00f4ng<\/li>\n<\/ul>","protected":false},"featured_media":3568,"template":"","meta":{"_acf_changed":false},"product_brand":[68],"product_cat":[52],"product_tag":[],"class_list":{"0":"post-3566","1":"product","2":"type-product","3":"status-publish","4":"has-post-thumbnail","6":"product_brand-wika","7":"product_cat-wika-pressure-sensors","9":"first","10":"instock","11":"shipping-taxable","12":"product-type-simple"},"acf":[],"yoast_head":"<!-- This site is optimized with the Yoast SEO Premium plugin v26.7 (Yoast SEO v27.4) - https:\/\/yoast.com\/product\/yoast-seo-premium-wordpress\/ -->\n<title>Flush pressure transmitter for viscous and particle-laden media - SJ Gauge | Pressure Gauges, Thermometers &amp; Pressure Sensors<\/title>\n<meta name=\"robots\" content=\"index, follow, max-snippet:-1, max-image-preview:large, max-video-preview:-1\" \/>\n<link rel=\"canonical\" href=\"https:\/\/www.sj-gauge.com\/vi\/san-pham\/s-11\/\" \/>\n<meta property=\"og:locale\" content=\"vi_VN\" \/>\n<meta property=\"og:type\" content=\"article\" \/>\n<meta property=\"og:title\" content=\"Flush pressure transmitter for viscous and particle-laden media\" \/>\n<meta property=\"og:description\" content=\"High-quality product  Many configurations possible  Flush process connection  Large stocks for short delivery times  Vacuum-tight\" \/>\n<meta property=\"og:url\" content=\"https:\/\/www.sj-gauge.com\/vi\/san-pham\/s-11\/\" \/>\n<meta property=\"og:site_name\" content=\"SJ Gauge | Pressure Gauges, Thermometers &amp; Pressure Sensors\" \/>\n<meta property=\"article:modified_time\" content=\"2026-01-22T06:27:16+00:00\" \/>\n<meta property=\"og:image\" content=\"https:\/\/www.sj-gauge.com\/wp-content\/uploads\/2026\/01\/SJ-Gauge-wika-s-11-image-1.jpg\" \/>\n\t<meta property=\"og:image:width\" content=\"1200\" \/>\n\t<meta property=\"og:image:height\" content=\"1000\" \/>\n\t<meta property=\"og:image:type\" content=\"image\/jpeg\" \/>\n<meta name=\"twitter:card\" content=\"summary_large_image\" \/>\n<meta name=\"twitter:label1\" content=\"\u01af\u1edbc t\u00ednh th\u1eddi gian \u0111\u1ecdc\" \/>\n\t<meta name=\"twitter:data1\" content=\"2 ph\u00fat\" \/>\n<script type=\"application\/ld+json\" class=\"yoast-schema-graph\">{\"@context\":\"https:\\\/\\\/schema.org\",\"@graph\":[{\"@type\":\"WebPage\",\"@id\":\"https:\\\/\\\/www.sj-gauge.com\\\/product\\\/s-11\\\/\",\"url\":\"https:\\\/\\\/www.sj-gauge.com\\\/product\\\/s-11\\\/\",\"name\":\"Flush pressure transmitter for viscous and particle-laden media - SJ Gauge | Pressure Gauges, Thermometers &amp; Pressure Sensors\",\"isPartOf\":{\"@id\":\"https:\\\/\\\/www.sj-gauge.com\\\/#website\"},\"primaryImageOfPage\":{\"@id\":\"https:\\\/\\\/www.sj-gauge.com\\\/product\\\/s-11\\\/#primaryimage\"},\"image\":{\"@id\":\"https:\\\/\\\/www.sj-gauge.com\\\/product\\\/s-11\\\/#primaryimage\"},\"thumbnailUrl\":\"https:\\\/\\\/www.sj-gauge.com\\\/wp-content\\\/uploads\\\/2026\\\/01\\\/SJ-Gauge-wika-s-11-image-1.jpg\",\"datePublished\":\"2026-01-21T07:05:06+00:00\",\"dateModified\":\"2026-01-22T06:27:16+00:00\",\"breadcrumb\":{\"@id\":\"https:\\\/\\\/www.sj-gauge.com\\\/product\\\/s-11\\\/#breadcrumb\"},\"inLanguage\":\"vi\",\"potentialAction\":[{\"@type\":\"ReadAction\",\"target\":[\"https:\\\/\\\/www.sj-gauge.com\\\/product\\\/s-11\\\/\"]}]},{\"@type\":\"ImageObject\",\"inLanguage\":\"vi\",\"@id\":\"https:\\\/\\\/www.sj-gauge.com\\\/product\\\/s-11\\\/#primaryimage\",\"url\":\"https:\\\/\\\/www.sj-gauge.com\\\/wp-content\\\/uploads\\\/2026\\\/01\\\/SJ-Gauge-wika-s-11-image-1.jpg\",\"contentUrl\":\"https:\\\/\\\/www.sj-gauge.com\\\/wp-content\\\/uploads\\\/2026\\\/01\\\/SJ-Gauge-wika-s-11-image-1.jpg\",\"width\":1200,\"height\":1000},{\"@type\":\"BreadcrumbList\",\"@id\":\"https:\\\/\\\/www.sj-gauge.com\\\/product\\\/s-11\\\/#breadcrumb\",\"itemListElement\":[{\"@type\":\"ListItem\",\"position\":1,\"name\":\"Home\",\"item\":\"https:\\\/\\\/www.sj-gauge.com\\\/\"},{\"@type\":\"ListItem\",\"position\":2,\"name\":\"Products\",\"item\":\"https:\\\/\\\/www.sj-gauge.com\\\/products\\\/\"},{\"@type\":\"ListItem\",\"position\":3,\"name\":\"Flush pressure transmitter for viscous and particle-laden media\"}]},{\"@type\":\"WebSite\",\"@id\":\"https:\\\/\\\/www.sj-gauge.com\\\/#website\",\"url\":\"https:\\\/\\\/www.sj-gauge.com\\\/\",\"name\":\"SJ Gauge | Pressure Gauges, Thermometers &amp; Pressure Sensors\",\"description\":\"Manufacturer of industrial pressure gauges, pressure sensors, and transmitters. SJ Gauge provides high accuracy, durable materials, and custom solutions for oil &amp; gas, chemical, and industrial applications.\",\"publisher\":{\"@id\":\"https:\\\/\\\/www.sj-gauge.com\\\/#organization\"},\"potentialAction\":[{\"@type\":\"SearchAction\",\"target\":{\"@type\":\"EntryPoint\",\"urlTemplate\":\"https:\\\/\\\/www.sj-gauge.com\\\/?s={search_term_string}\"},\"query-input\":{\"@type\":\"PropertyValueSpecification\",\"valueRequired\":true,\"valueName\":\"search_term_string\"}}],\"inLanguage\":\"vi\"},{\"@type\":\"Organization\",\"@id\":\"https:\\\/\\\/www.sj-gauge.com\\\/#organization\",\"name\":\"SJ Gauge | Pressure Gauges, Thermometers &amp; Pressure Sensors\",\"url\":\"https:\\\/\\\/www.sj-gauge.com\\\/\",\"logo\":{\"@type\":\"ImageObject\",\"inLanguage\":\"vi\",\"@id\":\"https:\\\/\\\/www.sj-gauge.com\\\/#\\\/schema\\\/logo\\\/image\\\/\",\"url\":\"https:\\\/\\\/www.sj-gauge.com\\\/wp-content\\\/uploads\\\/2025\\\/09\\\/logo.webp\",\"contentUrl\":\"https:\\\/\\\/www.sj-gauge.com\\\/wp-content\\\/uploads\\\/2025\\\/09\\\/logo.webp\",\"width\":348,\"height\":184,\"caption\":\"SJ Gauge | Pressure Gauges, Thermometers &amp; Pressure Sensors\"},\"image\":{\"@id\":\"https:\\\/\\\/www.sj-gauge.com\\\/#\\\/schema\\\/logo\\\/image\\\/\"}}]}<\/script>\n<!-- \/ Yoast SEO Premium plugin. -->","yoast_head_json":{"title":"C\u1ea3m bi\u1ebfn \u00e1p su\u1ea5t x\u1ea3 cho m\u00f4i tr\u01b0\u1eddng c\u00f3 \u0111\u1ed9 nh\u1edbt cao v\u00e0 ch\u1ee9a h\u1ea1t - SJ Gauge | \u0110\u1ed3ng h\u1ed3 \u0111o \u00e1p su\u1ea5t, nhi\u1ec7t k\u1ebf &amp; c\u1ea3m bi\u1ebfn \u00e1p su\u1ea5t","robots":{"index":"index","follow":"follow","max-snippet":"max-snippet:-1","max-image-preview":"max-image-preview:large","max-video-preview":"max-video-preview:-1"},"canonical":"https:\/\/www.sj-gauge.com\/vi\/san-pham\/s-11\/","og_locale":"vi_VN","og_type":"article","og_title":"Flush pressure transmitter for viscous and particle-laden media","og_description":"High-quality product  Many configurations possible  Flush process connection  Large stocks for short delivery times  Vacuum-tight","og_url":"https:\/\/www.sj-gauge.com\/vi\/san-pham\/s-11\/","og_site_name":"SJ Gauge | Pressure Gauges, Thermometers &amp; Pressure Sensors","article_modified_time":"2026-01-22T06:27:16+00:00","og_image":[{"width":1200,"height":1000,"url":"https:\/\/www.sj-gauge.com\/wp-content\/uploads\/2026\/01\/SJ-Gauge-wika-s-11-image-1.jpg","type":"image\/jpeg"}],"twitter_card":"summary_large_image","twitter_misc":{"\u01af\u1edbc t\u00ednh th\u1eddi gian \u0111\u1ecdc":"2 ph\u00fat"},"schema":{"@context":"https:\/\/schema.org","@graph":[{"@type":"WebPage","@id":"https:\/\/www.sj-gauge.com\/product\/s-11\/","url":"https:\/\/www.sj-gauge.com\/product\/s-11\/","name":"C\u1ea3m bi\u1ebfn \u00e1p su\u1ea5t x\u1ea3 cho m\u00f4i tr\u01b0\u1eddng c\u00f3 \u0111\u1ed9 nh\u1edbt cao v\u00e0 ch\u1ee9a h\u1ea1t - SJ Gauge | \u0110\u1ed3ng h\u1ed3 \u0111o \u00e1p su\u1ea5t, nhi\u1ec7t k\u1ebf &amp; c\u1ea3m bi\u1ebfn \u00e1p su\u1ea5t","isPartOf":{"@id":"https:\/\/www.sj-gauge.com\/#website"},"primaryImageOfPage":{"@id":"https:\/\/www.sj-gauge.com\/product\/s-11\/#primaryimage"},"image":{"@id":"https:\/\/www.sj-gauge.com\/product\/s-11\/#primaryimage"},"thumbnailUrl":"https:\/\/www.sj-gauge.com\/wp-content\/uploads\/2026\/01\/SJ-Gauge-wika-s-11-image-1.jpg","datePublished":"2026-01-21T07:05:06+00:00","dateModified":"2026-01-22T06:27:16+00:00","breadcrumb":{"@id":"https:\/\/www.sj-gauge.com\/product\/s-11\/#breadcrumb"},"inLanguage":"vi","potentialAction":[{"@type":"ReadAction","target":["https:\/\/www.sj-gauge.com\/product\/s-11\/"]}]},{"@type":"ImageObject","inLanguage":"vi","@id":"https:\/\/www.sj-gauge.com\/product\/s-11\/#primaryimage","url":"https:\/\/www.sj-gauge.com\/wp-content\/uploads\/2026\/01\/SJ-Gauge-wika-s-11-image-1.jpg","contentUrl":"https:\/\/www.sj-gauge.com\/wp-content\/uploads\/2026\/01\/SJ-Gauge-wika-s-11-image-1.jpg","width":1200,"height":1000},{"@type":"BreadcrumbList","@id":"https:\/\/www.sj-gauge.com\/product\/s-11\/#breadcrumb","itemListElement":[{"@type":"ListItem","position":1,"name":"Home","item":"https:\/\/www.sj-gauge.com\/"},{"@type":"ListItem","position":2,"name":"Products","item":"https:\/\/www.sj-gauge.com\/products\/"},{"@type":"ListItem","position":3,"name":"Flush pressure transmitter for viscous and particle-laden media"}]},{"@type":"WebSite","@id":"https:\/\/www.sj-gauge.com\/#website","url":"https:\/\/www.sj-gauge.com\/","name":"SJ Gauge | \u0110\u1ed3ng h\u1ed3 \u0111o \u00e1p su\u1ea5t, nhi\u1ec7t k\u1ebf v\u00e0 c\u1ea3m bi\u1ebfn \u00e1p su\u1ea5t","description":"Nh\u00e0 s\u1ea3n xu\u1ea5t \u0111\u1ed3ng h\u1ed3 \u0111o \u00e1p su\u1ea5t c\u00f4ng nghi\u1ec7p, c\u1ea3m bi\u1ebfn \u00e1p su\u1ea5t v\u00e0 b\u1ed9 truy\u1ec1n t\u00edn hi\u1ec7u. SJ Gauge cung c\u1ea5p c\u00e1c s\u1ea3n ph\u1ea9m c\u00f3 \u0111\u1ed9 ch\u00ednh x\u00e1c cao, \u0111\u01b0\u1ee3c ch\u1ebf t\u1ea1o t\u1eeb v\u1eadt li\u1ec7u b\u1ec1n b\u1ec9 v\u00e0 c\u00e1c gi\u1ea3i ph\u00e1p t\u00f9y ch\u1ec9nh d\u00e0nh cho c\u00e1c \u1ee9ng d\u1ee5ng trong ng\u00e0nh d\u1ea7u kh\u00ed, h\u00f3a ch\u1ea5t v\u00e0 c\u00f4ng nghi\u1ec7p.","publisher":{"@id":"https:\/\/www.sj-gauge.com\/#organization"},"potentialAction":[{"@type":"SearchAction","target":{"@type":"EntryPoint","urlTemplate":"https:\/\/www.sj-gauge.com\/?s={search_term_string}"},"query-input":{"@type":"PropertyValueSpecification","valueRequired":true,"valueName":"search_term_string"}}],"inLanguage":"vi"},{"@type":"Organization","@id":"https:\/\/www.sj-gauge.com\/#organization","name":"SJ Gauge | \u0110\u1ed3ng h\u1ed3 \u0111o \u00e1p su\u1ea5t, nhi\u1ec7t k\u1ebf v\u00e0 c\u1ea3m bi\u1ebfn \u00e1p su\u1ea5t","url":"https:\/\/www.sj-gauge.com\/","logo":{"@type":"ImageObject","inLanguage":"vi","@id":"https:\/\/www.sj-gauge.com\/#\/schema\/logo\/image\/","url":"https:\/\/www.sj-gauge.com\/wp-content\/uploads\/2025\/09\/logo.webp","contentUrl":"https:\/\/www.sj-gauge.com\/wp-content\/uploads\/2025\/09\/logo.webp","width":348,"height":184,"caption":"SJ Gauge | Pressure Gauges, Thermometers &amp; Pressure Sensors"},"image":{"@id":"https:\/\/www.sj-gauge.com\/#\/schema\/logo\/image\/"}}]}},"_links":{"self":[{"href":"https:\/\/www.sj-gauge.com\/vi\/wp-json\/wp\/v2\/product\/3566","targetHints":{"allow":["GET"]}}],"collection":[{"href":"https:\/\/www.sj-gauge.com\/vi\/wp-json\/wp\/v2\/product"}],"about":[{"href":"https:\/\/www.sj-gauge.com\/vi\/wp-json\/wp\/v2\/types\/product"}],"wp:featuredmedia":[{"embeddable":true,"href":"https:\/\/www.sj-gauge.com\/vi\/wp-json\/wp\/v2\/media\/3568"}],"wp:attachment":[{"href":"https:\/\/www.sj-gauge.com\/vi\/wp-json\/wp\/v2\/media?parent=3566"}],"wp:term":[{"taxonomy":"product_brand","embeddable":true,"href":"https:\/\/www.sj-gauge.com\/vi\/wp-json\/wp\/v2\/product_brand?post=3566"},{"taxonomy":"product_cat","embeddable":true,"href":"https:\/\/www.sj-gauge.com\/vi\/wp-json\/wp\/v2\/product_cat?post=3566"},{"taxonomy":"product_tag","embeddable":true,"href":"https:\/\/www.sj-gauge.com\/vi\/wp-json\/wp\/v2\/product_tag?post=3566"}],"curies":[{"name":"wp","href":"https:\/\/api.w.org\/{rel}","templated":true}]}}