{"id":3569,"date":"2026-01-21T15:21:10","date_gmt":"2026-01-21T07:21:10","guid":{"rendered":"https:\/\/sj-gauge.com\/?post_type=product&#038;p=3569"},"modified":"2026-01-22T14:27:22","modified_gmt":"2026-01-22T06:27:22","slug":"s-20","status":"publish","type":"product","link":"https:\/\/www.sj-gauge.com\/vi\/san-pham\/s-20\/","title":{"rendered":"C\u1ea3m bi\u1ebfn \u00e1p su\u1ea5t cho c\u00e1c \u1ee9ng d\u1ee5ng c\u00f4ng nghi\u1ec7p \u0111\u00f2i h\u1ecfi kh\u1eaft khe"},"content":{"rendered":"<p>C\u1ea3m bi\u1ebfn \u00e1p su\u1ea5t S-20 l\u00e0 m\u1ed9t thi\u1ebft b\u1ecb chuy\u00ean d\u1ee5ng \u0111a n\u0103ng d\u00e0nh cho c\u00e1c t\u00e1c v\u1ee5 \u0111\u00f2i h\u1ecfi kh\u1eaft khe v\u00e0 m\u00f4i tr\u01b0\u1eddng kh\u1eafc nghi\u1ec7t. D\u1ea3i \u0111o t\u1eeb 0 \u2026 0,4 \u0111\u1ebfn 0 \u2026 1.600 bar [0 \u2026 5,8 \u0111\u1ebfn 0 \u2026 23.200 psi] c\u00f3 th\u1ec3 k\u1ebft h\u1ee3p v\u1edbi nhi\u1ec1u lo\u1ea1i t\u00edn hi\u1ec7u \u0111\u1ea7u ra, k\u1ebft n\u1ed1i \u0111i\u1ec7n v\u00e0 k\u1ebft n\u1ed1i qu\u00e1 tr\u00ecnh. C\u00e1c t\u00f9y ch\u1ecdn c\u1ea5u h\u00ecnh n\u00e0y cho ph\u00e9p t\u1ea1o ra h\u01a1n 1 t\u1ef7 bi\u1ebfn th\u1ec3 v\u00e0 m\u1edf ra nhi\u1ec1u kh\u1ea3 n\u0103ng t\u00f9y ch\u1ec9nh theo y\u00eau c\u1ea7u c\u1ee5 th\u1ec3. S-20 c\u0169ng ph\u00f9 h\u1ee3p cho c\u00e1c \u1ee9ng d\u1ee5ng c\u00f4ng nghi\u1ec7p quan tr\u1ecdng v\u00e0 ho\u1ea1t \u0111\u1ed9ng \u0111\u00e1ng tin c\u1eady trong \u0111i\u1ec1u ki\u1ec7n nhi\u1ec7t \u0111\u1ed9 cao, rung \u0111\u1ed9ng ho\u1eb7c m\u00f4i tr\u01b0\u1eddng \u0103n m\u00f2n.<\/p>\n<p>\u0110a d\u1ea1ng tuy\u1ec7t \u0111\u1ed1i, c\u00f3 s\u1eb5n ngay l\u1eadp t\u1ee9c, t\u1eeb 1 s\u1ea3n ph\u1ea9m.<br \/>\nS-20 c\u00f3 th\u1ec3 \u0111\u01b0\u1ee3c t\u00f9y ch\u1ec9nh linh ho\u1ea1t v\u00e0 t\u1ed1i \u01b0u h\u00f3a \u0111\u1ec3 ph\u00f9 h\u1ee3p v\u1edbi y\u00eau c\u1ea7u c\u1ee7a nh\u00e0 m\u00e1y. T\u1ea5t c\u1ea3 c\u00e1c phi\u00ean b\u1ea3n th\u00f4ng d\u1ee5ng \u0111\u1ec1u c\u00f3 s\u1eb5n t\u1eeb l\u00f4 h\u00e0ng \u0111\u1ea7u ti\u00ean trong v\u00f2ng v\u00e0i ng\u00e0y.<\/p>\n<p>\u0110\u1ed9 ch\u00ednh x\u00e1c cao, sai s\u1ed1 nhi\u1ec7t \u0111\u1ed9 th\u1ea5p, nhi\u1ec7t \u0111\u1ed9 \u0111i\u1ec1u ch\u1ec9nh c\u00f3 th\u1ec3 l\u1ef1a ch\u1ecdn.<br \/>\nS-20 \u0111o \u00e1p su\u1ea5t v\u1edbi \u0111\u1ed9 ch\u00ednh x\u00e1c v\u00e0 \u0111\u1ed9 tin c\u1eady cao, v\u00e0 c\u00f3 s\u1eb5n trong ba c\u1ea5p \u0111\u1ed9 ch\u00ednh x\u00e1c. C\u00e1c nhi\u1ec7t \u0111\u1ed9 \u0111i\u1ec1u ch\u1ec9nh c\u00f3 th\u1ec3 l\u1ef1a ch\u1ecdn l\u00e0 +4 \u00b0C, +40 \u00b0C, +60 \u00b0C v\u00e0 +80 \u00b0C [+39 \u00b0F, +104 \u00b0F, +140 \u00b0F, +176 \u00b0F] gi\u00fap gi\u1ea3m thi\u1ec3u sai s\u1ed1 nhi\u1ec7t \u0111\u1ed9 xu\u1ed1ng m\u1ee9c t\u1ed1i thi\u1ec3u.<\/p>\n<p>C\u00f4ng ngh\u1ec7 \u0111\u00e3 \u0111\u01b0\u1ee3c ch\u1ee9ng minh<br \/>\nS-20 \u0111\u01b0\u1ee3c ph\u00e1t tri\u1ec3n d\u1ef1a tr\u00ean c\u00e1c c\u00f4ng ngh\u1ec7 \u0111\u00e3 \u0111\u01b0\u1ee3c ki\u1ec3m ch\u1ee9ng v\u00e0 th\u1eed nghi\u1ec7m th\u1ef1c t\u1ebf. V\u1edbi kh\u1ea3 n\u0103ng ch\u1ecbu t\u1ea3i l\u00ean \u0111\u1ebfn 100 tri\u1ec7u chu k\u1ef3 v\u00e0 \u0111\u1ed9 \u1ed5n \u0111\u1ecbnh l\u00e2u d\u00e0i d\u01b0\u1edbi 0,1 %, thi\u1ebft b\u1ecb n\u00e0y li\u00ean t\u1ee5c cung c\u1ea5p d\u1eef li\u1ec7u ch\u00ednh x\u00e1c cho c\u00e1c quy tr\u00ecnh v\u00e0 nh\u00e0 m\u00e1y. C\u00e1c cu\u1ed9c ki\u1ec3m tra \u0111\u1ecbnh k\u1ef3 \u0111\u1ea3m b\u1ea3o duy tr\u00ec c\u00e1c ti\u00eau chu\u1ea9n ch\u1ea5t l\u01b0\u1ee3ng cao nh\u1ea5t.<\/p>\n<p>Ph\u01b0\u01a1ng ti\u1ec7n truy\u1ec1n th\u00f4ng \u0111\u1eb7c bi\u1ec7t v\u00e0 c\u00e1c phi\u00ean b\u1ea3n \u0111\u1eb7c bi\u1ec7t<br \/>\nC\u00e1c phi\u00ean b\u1ea3n d\u00e0nh cho c\u00e1c \u1ee9ng d\u1ee5ng \u0111\u1eb7c bi\u1ec7t, v\u00ed d\u1ee5 nh\u01b0 \u1ee9ng d\u1ee5ng oxy ho\u1eb7c hydro, nhi\u1ec7t \u0111\u1ed9 cao v\u00e0 m\u1ee9c \u0111\u1ed9 s\u1ea1ch s\u1ebd, \u0111\u1ec1u c\u00f3 s\u1eb5n. Ngo\u00e0i ra, S-20 c\u00f3 th\u1ec3 \u0111\u01b0\u1ee3c cung c\u1ea5p v\u1edbi kh\u1ea3 n\u0103ng ch\u1ed1ng x\u00e2m nh\u1eadp theo ti\u00eau chu\u1ea9n IP68 v\u00e0 IP6K9K.<\/p>","protected":false},"excerpt":{"rendered":"<ul>\n<li>\u0110a d\u1ea1ng tuy\u1ec7t \u0111\u1ed1i, c\u00f3 s\u1eb5n ngay l\u1eadp t\u1ee9c t\u1eeb 1 s\u1ea3n ph\u1ea9m.<\/li>\n<li>\u0110\u1ed9 ch\u00ednh x\u00e1c cao, sai s\u1ed1 nhi\u1ec7t \u0111\u1ed9 th\u1ea5p, nhi\u1ec7t \u0111\u1ed9 \u0111i\u1ec1u ch\u1ec9nh c\u00f3 th\u1ec3 l\u1ef1a ch\u1ecdn.<\/li>\n<li>C\u00f4ng ngh\u1ec7 \u0111\u00e3 \u0111\u01b0\u1ee3c ch\u1ee9ng minh<\/li>\n<li>Ph\u01b0\u01a1ng ti\u1ec7n truy\u1ec1n th\u00f4ng \u0111\u1eb7c bi\u1ec7t v\u00e0 c\u00e1c phi\u00ean b\u1ea3n \u0111\u1eb7c bi\u1ec7t<\/li>\n<\/ul>","protected":false},"featured_media":3586,"template":"","meta":{"_acf_changed":false},"product_brand":[68],"product_cat":[52],"product_tag":[],"class_list":{"0":"post-3569","1":"product","2":"type-product","3":"status-publish","4":"has-post-thumbnail","6":"product_brand-wika","7":"product_cat-wika-pressure-sensors","9":"first","10":"instock","11":"shipping-taxable","12":"product-type-simple"},"acf":[],"yoast_head":"<!-- This site is optimized with the Yoast SEO Premium plugin v26.7 (Yoast SEO v27.4) - https:\/\/yoast.com\/product\/yoast-seo-premium-wordpress\/ -->\n<title>Pressure transmitter for demanding industrial applications - SJ Gauge | Pressure Gauges, Thermometers &amp; Pressure Sensors<\/title>\n<meta name=\"robots\" content=\"index, follow, max-snippet:-1, max-image-preview:large, max-video-preview:-1\" \/>\n<link rel=\"canonical\" href=\"https:\/\/www.sj-gauge.com\/vi\/san-pham\/s-20\/\" \/>\n<meta property=\"og:locale\" content=\"vi_VN\" \/>\n<meta property=\"og:type\" content=\"article\" \/>\n<meta property=\"og:title\" content=\"Pressure transmitter for demanding industrial applications\" \/>\n<meta property=\"og:description\" content=\"Extreme variety, available at short notice from 1 piece  High accuracy, low temperature error, selectable adjustment temperature  Proven technology  Special media and special versions\" \/>\n<meta property=\"og:url\" content=\"https:\/\/www.sj-gauge.com\/vi\/san-pham\/s-20\/\" \/>\n<meta property=\"og:site_name\" content=\"SJ Gauge | Pressure Gauges, Thermometers &amp; Pressure Sensors\" \/>\n<meta property=\"article:modified_time\" content=\"2026-01-22T06:27:22+00:00\" \/>\n<meta property=\"og:image\" content=\"https:\/\/www.sj-gauge.com\/wp-content\/uploads\/2026\/01\/SJ-Gauge-s-20-en-co-rs-w410-h410-image-3.jpg\" \/>\n\t<meta property=\"og:image:width\" content=\"1200\" \/>\n\t<meta property=\"og:image:height\" content=\"1000\" \/>\n\t<meta property=\"og:image:type\" content=\"image\/jpeg\" \/>\n<meta name=\"twitter:card\" content=\"summary_large_image\" \/>\n<meta name=\"twitter:label1\" content=\"\u01af\u1edbc t\u00ednh th\u1eddi gian \u0111\u1ecdc\" \/>\n\t<meta name=\"twitter:data1\" content=\"2 ph\u00fat\" \/>\n<script type=\"application\/ld+json\" class=\"yoast-schema-graph\">{\"@context\":\"https:\\\/\\\/schema.org\",\"@graph\":[{\"@type\":\"WebPage\",\"@id\":\"https:\\\/\\\/www.sj-gauge.com\\\/product\\\/s-20\\\/\",\"url\":\"https:\\\/\\\/www.sj-gauge.com\\\/product\\\/s-20\\\/\",\"name\":\"Pressure transmitter for demanding industrial applications - SJ Gauge | Pressure Gauges, Thermometers &amp; Pressure Sensors\",\"isPartOf\":{\"@id\":\"https:\\\/\\\/www.sj-gauge.com\\\/#website\"},\"primaryImageOfPage\":{\"@id\":\"https:\\\/\\\/www.sj-gauge.com\\\/product\\\/s-20\\\/#primaryimage\"},\"image\":{\"@id\":\"https:\\\/\\\/www.sj-gauge.com\\\/product\\\/s-20\\\/#primaryimage\"},\"thumbnailUrl\":\"https:\\\/\\\/www.sj-gauge.com\\\/wp-content\\\/uploads\\\/2026\\\/01\\\/SJ-Gauge-s-20-en-co-rs-w410-h410-image-3.jpg\",\"datePublished\":\"2026-01-21T07:21:10+00:00\",\"dateModified\":\"2026-01-22T06:27:22+00:00\",\"breadcrumb\":{\"@id\":\"https:\\\/\\\/www.sj-gauge.com\\\/product\\\/s-20\\\/#breadcrumb\"},\"inLanguage\":\"vi\",\"potentialAction\":[{\"@type\":\"ReadAction\",\"target\":[\"https:\\\/\\\/www.sj-gauge.com\\\/product\\\/s-20\\\/\"]}]},{\"@type\":\"ImageObject\",\"inLanguage\":\"vi\",\"@id\":\"https:\\\/\\\/www.sj-gauge.com\\\/product\\\/s-20\\\/#primaryimage\",\"url\":\"https:\\\/\\\/www.sj-gauge.com\\\/wp-content\\\/uploads\\\/2026\\\/01\\\/SJ-Gauge-s-20-en-co-rs-w410-h410-image-3.jpg\",\"contentUrl\":\"https:\\\/\\\/www.sj-gauge.com\\\/wp-content\\\/uploads\\\/2026\\\/01\\\/SJ-Gauge-s-20-en-co-rs-w410-h410-image-3.jpg\",\"width\":1200,\"height\":1000},{\"@type\":\"BreadcrumbList\",\"@id\":\"https:\\\/\\\/www.sj-gauge.com\\\/product\\\/s-20\\\/#breadcrumb\",\"itemListElement\":[{\"@type\":\"ListItem\",\"position\":1,\"name\":\"Home\",\"item\":\"https:\\\/\\\/www.sj-gauge.com\\\/\"},{\"@type\":\"ListItem\",\"position\":2,\"name\":\"Products\",\"item\":\"https:\\\/\\\/www.sj-gauge.com\\\/products\\\/\"},{\"@type\":\"ListItem\",\"position\":3,\"name\":\"Pressure transmitter for demanding industrial applications\"}]},{\"@type\":\"WebSite\",\"@id\":\"https:\\\/\\\/www.sj-gauge.com\\\/#website\",\"url\":\"https:\\\/\\\/www.sj-gauge.com\\\/\",\"name\":\"SJ Gauge | Pressure Gauges, Thermometers &amp; Pressure Sensors\",\"description\":\"Manufacturer of industrial pressure gauges, pressure sensors, and transmitters. SJ Gauge provides high accuracy, durable materials, and custom solutions for oil &amp; gas, chemical, and industrial applications.\",\"publisher\":{\"@id\":\"https:\\\/\\\/www.sj-gauge.com\\\/#organization\"},\"potentialAction\":[{\"@type\":\"SearchAction\",\"target\":{\"@type\":\"EntryPoint\",\"urlTemplate\":\"https:\\\/\\\/www.sj-gauge.com\\\/?s={search_term_string}\"},\"query-input\":{\"@type\":\"PropertyValueSpecification\",\"valueRequired\":true,\"valueName\":\"search_term_string\"}}],\"inLanguage\":\"vi\"},{\"@type\":\"Organization\",\"@id\":\"https:\\\/\\\/www.sj-gauge.com\\\/#organization\",\"name\":\"SJ Gauge | Pressure Gauges, Thermometers &amp; Pressure Sensors\",\"url\":\"https:\\\/\\\/www.sj-gauge.com\\\/\",\"logo\":{\"@type\":\"ImageObject\",\"inLanguage\":\"vi\",\"@id\":\"https:\\\/\\\/www.sj-gauge.com\\\/#\\\/schema\\\/logo\\\/image\\\/\",\"url\":\"https:\\\/\\\/www.sj-gauge.com\\\/wp-content\\\/uploads\\\/2025\\\/09\\\/logo.webp\",\"contentUrl\":\"https:\\\/\\\/www.sj-gauge.com\\\/wp-content\\\/uploads\\\/2025\\\/09\\\/logo.webp\",\"width\":348,\"height\":184,\"caption\":\"SJ Gauge | Pressure Gauges, Thermometers &amp; Pressure Sensors\"},\"image\":{\"@id\":\"https:\\\/\\\/www.sj-gauge.com\\\/#\\\/schema\\\/logo\\\/image\\\/\"}}]}<\/script>\n<!-- \/ Yoast SEO Premium plugin. -->","yoast_head_json":{"title":"C\u1ea3m bi\u1ebfn \u00e1p su\u1ea5t d\u00e0nh cho c\u00e1c \u1ee9ng d\u1ee5ng c\u00f4ng nghi\u1ec7p \u0111\u00f2i h\u1ecfi kh\u1eaft khe - SJ Gauge | \u0110\u1ed3ng h\u1ed3 \u0111o \u00e1p su\u1ea5t, nhi\u1ec7t k\u1ebf &amp; c\u1ea3m bi\u1ebfn \u00e1p su\u1ea5t","robots":{"index":"index","follow":"follow","max-snippet":"max-snippet:-1","max-image-preview":"max-image-preview:large","max-video-preview":"max-video-preview:-1"},"canonical":"https:\/\/www.sj-gauge.com\/vi\/san-pham\/s-20\/","og_locale":"vi_VN","og_type":"article","og_title":"Pressure transmitter for demanding industrial applications","og_description":"Extreme variety, available at short notice from 1 piece  High accuracy, low temperature error, selectable adjustment temperature  Proven technology  Special media and special versions","og_url":"https:\/\/www.sj-gauge.com\/vi\/san-pham\/s-20\/","og_site_name":"SJ Gauge | Pressure Gauges, Thermometers &amp; Pressure Sensors","article_modified_time":"2026-01-22T06:27:22+00:00","og_image":[{"width":1200,"height":1000,"url":"https:\/\/www.sj-gauge.com\/wp-content\/uploads\/2026\/01\/SJ-Gauge-s-20-en-co-rs-w410-h410-image-3.jpg","type":"image\/jpeg"}],"twitter_card":"summary_large_image","twitter_misc":{"\u01af\u1edbc t\u00ednh th\u1eddi gian \u0111\u1ecdc":"2 ph\u00fat"},"schema":{"@context":"https:\/\/schema.org","@graph":[{"@type":"WebPage","@id":"https:\/\/www.sj-gauge.com\/product\/s-20\/","url":"https:\/\/www.sj-gauge.com\/product\/s-20\/","name":"C\u1ea3m bi\u1ebfn \u00e1p su\u1ea5t d\u00e0nh cho c\u00e1c \u1ee9ng d\u1ee5ng c\u00f4ng nghi\u1ec7p \u0111\u00f2i h\u1ecfi kh\u1eaft khe - SJ Gauge | \u0110\u1ed3ng h\u1ed3 \u0111o \u00e1p su\u1ea5t, nhi\u1ec7t k\u1ebf &amp; c\u1ea3m bi\u1ebfn \u00e1p su\u1ea5t","isPartOf":{"@id":"https:\/\/www.sj-gauge.com\/#website"},"primaryImageOfPage":{"@id":"https:\/\/www.sj-gauge.com\/product\/s-20\/#primaryimage"},"image":{"@id":"https:\/\/www.sj-gauge.com\/product\/s-20\/#primaryimage"},"thumbnailUrl":"https:\/\/www.sj-gauge.com\/wp-content\/uploads\/2026\/01\/SJ-Gauge-s-20-en-co-rs-w410-h410-image-3.jpg","datePublished":"2026-01-21T07:21:10+00:00","dateModified":"2026-01-22T06:27:22+00:00","breadcrumb":{"@id":"https:\/\/www.sj-gauge.com\/product\/s-20\/#breadcrumb"},"inLanguage":"vi","potentialAction":[{"@type":"ReadAction","target":["https:\/\/www.sj-gauge.com\/product\/s-20\/"]}]},{"@type":"ImageObject","inLanguage":"vi","@id":"https:\/\/www.sj-gauge.com\/product\/s-20\/#primaryimage","url":"https:\/\/www.sj-gauge.com\/wp-content\/uploads\/2026\/01\/SJ-Gauge-s-20-en-co-rs-w410-h410-image-3.jpg","contentUrl":"https:\/\/www.sj-gauge.com\/wp-content\/uploads\/2026\/01\/SJ-Gauge-s-20-en-co-rs-w410-h410-image-3.jpg","width":1200,"height":1000},{"@type":"BreadcrumbList","@id":"https:\/\/www.sj-gauge.com\/product\/s-20\/#breadcrumb","itemListElement":[{"@type":"ListItem","position":1,"name":"Home","item":"https:\/\/www.sj-gauge.com\/"},{"@type":"ListItem","position":2,"name":"Products","item":"https:\/\/www.sj-gauge.com\/products\/"},{"@type":"ListItem","position":3,"name":"Pressure transmitter for demanding industrial applications"}]},{"@type":"WebSite","@id":"https:\/\/www.sj-gauge.com\/#website","url":"https:\/\/www.sj-gauge.com\/","name":"SJ Gauge | \u0110\u1ed3ng h\u1ed3 \u0111o \u00e1p su\u1ea5t, nhi\u1ec7t k\u1ebf v\u00e0 c\u1ea3m bi\u1ebfn \u00e1p su\u1ea5t","description":"Nh\u00e0 s\u1ea3n xu\u1ea5t \u0111\u1ed3ng h\u1ed3 \u0111o \u00e1p su\u1ea5t c\u00f4ng nghi\u1ec7p, c\u1ea3m bi\u1ebfn \u00e1p su\u1ea5t v\u00e0 b\u1ed9 truy\u1ec1n t\u00edn hi\u1ec7u. SJ Gauge cung c\u1ea5p c\u00e1c s\u1ea3n ph\u1ea9m c\u00f3 \u0111\u1ed9 ch\u00ednh x\u00e1c cao, \u0111\u01b0\u1ee3c ch\u1ebf t\u1ea1o t\u1eeb v\u1eadt li\u1ec7u b\u1ec1n b\u1ec9 v\u00e0 c\u00e1c gi\u1ea3i ph\u00e1p t\u00f9y ch\u1ec9nh d\u00e0nh cho c\u00e1c \u1ee9ng d\u1ee5ng trong ng\u00e0nh d\u1ea7u kh\u00ed, h\u00f3a ch\u1ea5t v\u00e0 c\u00f4ng nghi\u1ec7p.","publisher":{"@id":"https:\/\/www.sj-gauge.com\/#organization"},"potentialAction":[{"@type":"SearchAction","target":{"@type":"EntryPoint","urlTemplate":"https:\/\/www.sj-gauge.com\/?s={search_term_string}"},"query-input":{"@type":"PropertyValueSpecification","valueRequired":true,"valueName":"search_term_string"}}],"inLanguage":"vi"},{"@type":"Organization","@id":"https:\/\/www.sj-gauge.com\/#organization","name":"SJ Gauge | \u0110\u1ed3ng h\u1ed3 \u0111o \u00e1p su\u1ea5t, nhi\u1ec7t k\u1ebf v\u00e0 c\u1ea3m bi\u1ebfn \u00e1p su\u1ea5t","url":"https:\/\/www.sj-gauge.com\/","logo":{"@type":"ImageObject","inLanguage":"vi","@id":"https:\/\/www.sj-gauge.com\/#\/schema\/logo\/image\/","url":"https:\/\/www.sj-gauge.com\/wp-content\/uploads\/2025\/09\/logo.webp","contentUrl":"https:\/\/www.sj-gauge.com\/wp-content\/uploads\/2025\/09\/logo.webp","width":348,"height":184,"caption":"SJ Gauge | Pressure Gauges, Thermometers &amp; Pressure Sensors"},"image":{"@id":"https:\/\/www.sj-gauge.com\/#\/schema\/logo\/image\/"}}]}},"_links":{"self":[{"href":"https:\/\/www.sj-gauge.com\/vi\/wp-json\/wp\/v2\/product\/3569","targetHints":{"allow":["GET"]}}],"collection":[{"href":"https:\/\/www.sj-gauge.com\/vi\/wp-json\/wp\/v2\/product"}],"about":[{"href":"https:\/\/www.sj-gauge.com\/vi\/wp-json\/wp\/v2\/types\/product"}],"wp:featuredmedia":[{"embeddable":true,"href":"https:\/\/www.sj-gauge.com\/vi\/wp-json\/wp\/v2\/media\/3586"}],"wp:attachment":[{"href":"https:\/\/www.sj-gauge.com\/vi\/wp-json\/wp\/v2\/media?parent=3569"}],"wp:term":[{"taxonomy":"product_brand","embeddable":true,"href":"https:\/\/www.sj-gauge.com\/vi\/wp-json\/wp\/v2\/product_brand?post=3569"},{"taxonomy":"product_cat","embeddable":true,"href":"https:\/\/www.sj-gauge.com\/vi\/wp-json\/wp\/v2\/product_cat?post=3569"},{"taxonomy":"product_tag","embeddable":true,"href":"https:\/\/www.sj-gauge.com\/vi\/wp-json\/wp\/v2\/product_tag?post=3569"}],"curies":[{"name":"wp","href":"https:\/\/api.w.org\/{rel}","templated":true}]}}