{"id":3587,"date":"2026-01-22T14:13:21","date_gmt":"2026-01-22T06:13:21","guid":{"rendered":"https:\/\/sj-gauge.com\/?post_type=product&#038;p=3587"},"modified":"2026-05-04T19:59:17","modified_gmt":"2026-05-04T11:59:17","slug":"p-30-p-31","status":"publish","type":"product","link":"https:\/\/www.sj-gauge.com\/vi\/san-pham\/p-30-p-31\/","title":{"rendered":"C\u1ea3m bi\u1ebfn \u00e1p su\u1ea5t cho c\u00e1c ph\u00e9p \u0111o ch\u00ednh x\u00e1c"},"content":{"rendered":"<div class=\"column is-half\">\n<p><strong>Ch\u00ednh x\u00e1c<\/strong><br \/>\nC\u00e1c c\u1ea3m bi\u1ebfn \u00e1p su\u1ea5t model P-30 v\u00e0 P-31 \u0111\u01b0\u1ee3c ph\u00e1t tri\u1ec3n cho c\u00e1c ph\u00e9p \u0111o ch\u00ednh x\u00e1c v\u00e0 \u0111\u1ea3m b\u1ea3o \u0111\u1ed9 ch\u00ednh x\u00e1c cao v\u1edbi \u0111\u1ed9 l\u1ec7ch \u0111o t\u1ed1i \u0111a ch\u1ec9 0,05% d\u1ea3i \u0111o. Nh\u1edd c\u01a1 ch\u1ebf b\u00f9 nhi\u1ec7t \u0111\u1ed9 ch\u1ee7 \u0111\u1ed9ng, c\u00e1c b\u1ed9 truy\u1ec1n \u00e1p su\u1ea5t n\u00e0y kh\u00f4ng c\u00f3 sai s\u1ed1 nhi\u1ec7t \u0111\u1ed9 b\u1ed5 sung trong kho\u1ea3ng nhi\u1ec7t \u0111\u1ed9 t\u1eeb 10 \u2026 60 \u00b0C.<\/p>\n<p><strong>Nhanh<\/strong><br \/>\nT\u1ed1c \u0111\u1ed9 \u0111o v\u00e0 xu\u1ea5t d\u1eef li\u1ec7u cao l\u00ean \u0111\u1ebfn 1 kHz gi\u00fap gi\u00e1 tr\u1ecb \u0111o \u0111\u01b0\u1ee3c hi\u1ec3n th\u1ecb nhanh ch\u00f3ng nh\u1ea5t c\u00f3 th\u1ec3.<\/p>\n<p><strong>G\u1ecdn nh\u1eb9<\/strong><br \/>\nThi\u1ebft k\u1ebf nh\u1ecf g\u1ecdn khi\u1ebfn b\u1ed9 truy\u1ec1n \u00e1p su\u1ea5t tr\u1edf n\u00ean l\u00fd t\u01b0\u1edfng \u0111\u1ec3 l\u1eafp \u0111\u1eb7t v\u00e0o c\u00e1c b\u00e0n th\u1eed nghi\u1ec7m, ch\u1eb3ng h\u1ea1n nh\u01b0 gi\u00e1 \u0111\u1ee1 19 inch.<\/p>\n<\/div>\n<div class=\"column is-half\">\n<p><strong>\u0110a n\u0103ng<\/strong><br \/>\nC\u00e1c m\u1eabu P-30 v\u00e0 P-31 cung c\u1ea5p nhi\u1ec1u l\u1ef1a ch\u1ecdn v\u1ec1 k\u1ebft n\u1ed1i \u0111i\u1ec7n, k\u1ebft n\u1ed1i quy tr\u00ecnh v\u00e0 d\u1ea3i \u0111o, c\u0169ng nh\u01b0 m\u1ed9t lo\u1ea1t c\u00e1c t\u00edn hi\u1ec7u \u0111\u1ea7u ra kh\u00e1c nhau. Ngo\u00e0i c\u00e1c t\u00edn hi\u1ec7u t\u01b0\u01a1ng t\u1ef1 ti\u00eau chu\u1ea9n, c\u00f2n c\u00f3 USB v\u00e0 CANopen<sup>\u00ae<\/sup>\u00a0c\u00e1c phi\u00ean b\u1ea3n kh\u00e1c c\u0169ng c\u00f3 s\u1eb5n.<\/p>\n<p>Th\u00f4ng qua giao di\u1ec7n d\u1ecbch v\u1ee5 USB v\u00e0 ph\u1ea7n m\u1ec1m c\u1ea5u h\u00ecnh WIKA \u201cEasyCom\u201d, c\u00e1c m\u1eabu P-30 v\u00e0 P-31 c\u00f3 th\u1ec3 \u0111\u01b0\u1ee3c \u0111i\u1ec1u ch\u1ec9nh nhanh ch\u00f3ng v\u00e0 d\u1ec5 d\u00e0ng t\u1ea1i hi\u1ec7n tr\u01b0\u1eddng.<\/p>\n<p>Nh\u1edd ph\u1ea7n m\u1ec1m d\u1ec5 s\u1eed d\u1ee5ng \u201cWika data logger\u201c, phi\u00ean b\u1ea3n USB c\u0169ng c\u00f3 th\u1ec3 \u0111\u01b0\u1ee3c s\u1eed d\u1ee5ng \u0111\u1ec3 l\u01b0u tr\u1eef c\u00e1c gi\u00e1 tr\u1ecb \u0111o \u0111\u01b0\u1ee3c v\u00e0 t\u1ea1o b\u00e1o c\u00e1o t\u00f9y ch\u1ec9nh.<\/p>\n<\/div>","protected":false},"excerpt":{"rendered":"<ul>\n<li>\u0110\u1ed9 ch\u00ednh x\u00e1c 0.1 %, kh\u00f4ng c\u00f3 sai s\u1ed1 nhi\u1ec7t \u0111\u1ed9 b\u1ed5 sung trong kho\u1ea3ng t\u1eeb 10 \u2026 60 \u00b0C<\/li>\n<li>\u0110\u1ed9 ch\u00ednh x\u00e1c t\u00f9y ch\u1ecdn 0.05 % (to\u00e0n thang \u0111o) c\u00f3 s\u1eb5n.<\/li>\n<li>T\u1ed1c \u0111\u1ed9 \u0111o nhanh l\u00ean \u0111\u1ebfn 1 kHz<\/li>\n<li>C\u00e1c t\u00edn hi\u1ec7u \u0111\u1ea7u ra d\u1ea1ng analogue, USB v\u00e0 CANopen\u00ae c\u00f3 s\u1eb5n.<\/li>\n<li>C\u00f3 th\u1ec3 hi\u1ec7u chu\u1ea9n t\u1ea1i ch\u1ed7 b\u1eb1ng ph\u1ea7n m\u1ec1m s\u1ea3n ph\u1ea9m.<\/li>\n<\/ul>","protected":false},"featured_media":3588,"template":"","meta":{"_acf_changed":false},"product_brand":[68],"product_cat":[52],"product_tag":[],"class_list":{"0":"post-3587","1":"product","2":"type-product","3":"status-publish","4":"has-post-thumbnail","6":"product_brand-wika","7":"product_cat-wika-pressure-sensors","9":"first","10":"instock","11":"shipping-taxable","12":"product-type-simple"},"acf":[],"yoast_head":"<!-- This site is optimized with the Yoast SEO Premium plugin v26.7 (Yoast SEO v27.4) - https:\/\/yoast.com\/product\/yoast-seo-premium-wordpress\/ -->\n<title>Pressure sensor for precision measurements - SJ Gauge | Pressure Gauges, Thermometers &amp; Pressure Sensors<\/title>\n<meta name=\"robots\" content=\"index, follow, max-snippet:-1, max-image-preview:large, max-video-preview:-1\" \/>\n<link rel=\"canonical\" href=\"https:\/\/www.sj-gauge.com\/vi\/san-pham\/p-30-p-31\/\" \/>\n<meta property=\"og:locale\" content=\"vi_VN\" \/>\n<meta property=\"og:type\" content=\"article\" \/>\n<meta property=\"og:title\" content=\"Pressure sensor for precision measurements\" \/>\n<meta property=\"og:description\" content=\"Accuracy 0.1 %, without additional temperature error in a range of 10 ... 60 \u00b0C  Optional accuracy of 0.05 % (full scale) available  Fast measuring rates up to 1 kHz  Analogue, USB and CANopen\u00ae output signals available  On-site calibration possible using product software\" \/>\n<meta property=\"og:url\" content=\"https:\/\/www.sj-gauge.com\/vi\/san-pham\/p-30-p-31\/\" \/>\n<meta property=\"og:site_name\" content=\"SJ Gauge | Pressure Gauges, Thermometers &amp; Pressure Sensors\" \/>\n<meta property=\"article:modified_time\" content=\"2026-05-04T11:59:17+00:00\" \/>\n<meta property=\"og:image\" content=\"https:\/\/www.sj-gauge.com\/wp-content\/uploads\/2026\/01\/SJ_WIKA_P30.jpg\" \/>\n\t<meta property=\"og:image:width\" content=\"1200\" \/>\n\t<meta property=\"og:image:height\" content=\"1000\" \/>\n\t<meta property=\"og:image:type\" content=\"image\/jpeg\" \/>\n<meta name=\"twitter:card\" content=\"summary_large_image\" \/>\n<meta name=\"twitter:label1\" content=\"\u01af\u1edbc t\u00ednh th\u1eddi gian \u0111\u1ecdc\" \/>\n\t<meta name=\"twitter:data1\" content=\"2 ph\u00fat\" \/>\n<script type=\"application\/ld+json\" class=\"yoast-schema-graph\">{\"@context\":\"https:\\\/\\\/schema.org\",\"@graph\":[{\"@type\":\"WebPage\",\"@id\":\"https:\\\/\\\/www.sj-gauge.com\\\/product\\\/p-30-p-31\\\/\",\"url\":\"https:\\\/\\\/www.sj-gauge.com\\\/product\\\/p-30-p-31\\\/\",\"name\":\"Pressure sensor for precision measurements - SJ Gauge | Pressure Gauges, Thermometers &amp; Pressure Sensors\",\"isPartOf\":{\"@id\":\"https:\\\/\\\/www.sj-gauge.com\\\/#website\"},\"primaryImageOfPage\":{\"@id\":\"https:\\\/\\\/www.sj-gauge.com\\\/product\\\/p-30-p-31\\\/#primaryimage\"},\"image\":{\"@id\":\"https:\\\/\\\/www.sj-gauge.com\\\/product\\\/p-30-p-31\\\/#primaryimage\"},\"thumbnailUrl\":\"https:\\\/\\\/www.sj-gauge.com\\\/wp-content\\\/uploads\\\/2026\\\/01\\\/SJ_WIKA_P30.jpg\",\"datePublished\":\"2026-01-22T06:13:21+00:00\",\"dateModified\":\"2026-05-04T11:59:17+00:00\",\"breadcrumb\":{\"@id\":\"https:\\\/\\\/www.sj-gauge.com\\\/product\\\/p-30-p-31\\\/#breadcrumb\"},\"inLanguage\":\"vi\",\"potentialAction\":[{\"@type\":\"ReadAction\",\"target\":[\"https:\\\/\\\/www.sj-gauge.com\\\/product\\\/p-30-p-31\\\/\"]}]},{\"@type\":\"ImageObject\",\"inLanguage\":\"vi\",\"@id\":\"https:\\\/\\\/www.sj-gauge.com\\\/product\\\/p-30-p-31\\\/#primaryimage\",\"url\":\"https:\\\/\\\/www.sj-gauge.com\\\/wp-content\\\/uploads\\\/2026\\\/01\\\/SJ_WIKA_P30.jpg\",\"contentUrl\":\"https:\\\/\\\/www.sj-gauge.com\\\/wp-content\\\/uploads\\\/2026\\\/01\\\/SJ_WIKA_P30.jpg\",\"width\":1200,\"height\":1000},{\"@type\":\"BreadcrumbList\",\"@id\":\"https:\\\/\\\/www.sj-gauge.com\\\/product\\\/p-30-p-31\\\/#breadcrumb\",\"itemListElement\":[{\"@type\":\"ListItem\",\"position\":1,\"name\":\"Home\",\"item\":\"https:\\\/\\\/www.sj-gauge.com\\\/\"},{\"@type\":\"ListItem\",\"position\":2,\"name\":\"Products\",\"item\":\"https:\\\/\\\/www.sj-gauge.com\\\/products\\\/\"},{\"@type\":\"ListItem\",\"position\":3,\"name\":\"Pressure sensor for precision measurements\"}]},{\"@type\":\"WebSite\",\"@id\":\"https:\\\/\\\/www.sj-gauge.com\\\/#website\",\"url\":\"https:\\\/\\\/www.sj-gauge.com\\\/\",\"name\":\"SJ Gauge | Pressure Gauges, Thermometers &amp; Pressure Sensors\",\"description\":\"Manufacturer of industrial pressure gauges, pressure sensors, and transmitters. SJ Gauge provides high accuracy, durable materials, and custom solutions for oil &amp; gas, chemical, and industrial applications.\",\"publisher\":{\"@id\":\"https:\\\/\\\/www.sj-gauge.com\\\/#organization\"},\"potentialAction\":[{\"@type\":\"SearchAction\",\"target\":{\"@type\":\"EntryPoint\",\"urlTemplate\":\"https:\\\/\\\/www.sj-gauge.com\\\/?s={search_term_string}\"},\"query-input\":{\"@type\":\"PropertyValueSpecification\",\"valueRequired\":true,\"valueName\":\"search_term_string\"}}],\"inLanguage\":\"vi\"},{\"@type\":\"Organization\",\"@id\":\"https:\\\/\\\/www.sj-gauge.com\\\/#organization\",\"name\":\"SJ Gauge | Pressure Gauges, Thermometers &amp; Pressure Sensors\",\"url\":\"https:\\\/\\\/www.sj-gauge.com\\\/\",\"logo\":{\"@type\":\"ImageObject\",\"inLanguage\":\"vi\",\"@id\":\"https:\\\/\\\/www.sj-gauge.com\\\/#\\\/schema\\\/logo\\\/image\\\/\",\"url\":\"https:\\\/\\\/www.sj-gauge.com\\\/wp-content\\\/uploads\\\/2025\\\/09\\\/logo.webp\",\"contentUrl\":\"https:\\\/\\\/www.sj-gauge.com\\\/wp-content\\\/uploads\\\/2025\\\/09\\\/logo.webp\",\"width\":348,\"height\":184,\"caption\":\"SJ Gauge | Pressure Gauges, Thermometers &amp; Pressure Sensors\"},\"image\":{\"@id\":\"https:\\\/\\\/www.sj-gauge.com\\\/#\\\/schema\\\/logo\\\/image\\\/\"}}]}<\/script>\n<!-- \/ Yoast SEO Premium plugin. -->","yoast_head_json":{"title":"C\u1ea3m bi\u1ebfn \u00e1p su\u1ea5t cho c\u00e1c ph\u00e9p \u0111o ch\u00ednh x\u00e1c - SJ Gauge | \u0110\u1ed3ng h\u1ed3 \u0111o \u00e1p su\u1ea5t, nhi\u1ec7t k\u1ebf &amp; c\u1ea3m bi\u1ebfn \u00e1p su\u1ea5t","robots":{"index":"index","follow":"follow","max-snippet":"max-snippet:-1","max-image-preview":"max-image-preview:large","max-video-preview":"max-video-preview:-1"},"canonical":"https:\/\/www.sj-gauge.com\/vi\/san-pham\/p-30-p-31\/","og_locale":"vi_VN","og_type":"article","og_title":"Pressure sensor for precision measurements","og_description":"Accuracy 0.1 %, without additional temperature error in a range of 10 ... 60 \u00b0C  Optional accuracy of 0.05 % (full scale) available  Fast measuring rates up to 1 kHz  Analogue, USB and CANopen\u00ae output signals available  On-site calibration possible using product software","og_url":"https:\/\/www.sj-gauge.com\/vi\/san-pham\/p-30-p-31\/","og_site_name":"SJ Gauge | Pressure Gauges, Thermometers &amp; Pressure Sensors","article_modified_time":"2026-05-04T11:59:17+00:00","og_image":[{"width":1200,"height":1000,"url":"https:\/\/www.sj-gauge.com\/wp-content\/uploads\/2026\/01\/SJ_WIKA_P30.jpg","type":"image\/jpeg"}],"twitter_card":"summary_large_image","twitter_misc":{"\u01af\u1edbc t\u00ednh th\u1eddi gian \u0111\u1ecdc":"2 ph\u00fat"},"schema":{"@context":"https:\/\/schema.org","@graph":[{"@type":"WebPage","@id":"https:\/\/www.sj-gauge.com\/product\/p-30-p-31\/","url":"https:\/\/www.sj-gauge.com\/product\/p-30-p-31\/","name":"C\u1ea3m bi\u1ebfn \u00e1p su\u1ea5t cho c\u00e1c ph\u00e9p \u0111o ch\u00ednh x\u00e1c - SJ Gauge | \u0110\u1ed3ng h\u1ed3 \u0111o \u00e1p su\u1ea5t, nhi\u1ec7t k\u1ebf &amp; c\u1ea3m bi\u1ebfn \u00e1p su\u1ea5t","isPartOf":{"@id":"https:\/\/www.sj-gauge.com\/#website"},"primaryImageOfPage":{"@id":"https:\/\/www.sj-gauge.com\/product\/p-30-p-31\/#primaryimage"},"image":{"@id":"https:\/\/www.sj-gauge.com\/product\/p-30-p-31\/#primaryimage"},"thumbnailUrl":"https:\/\/www.sj-gauge.com\/wp-content\/uploads\/2026\/01\/SJ_WIKA_P30.jpg","datePublished":"2026-01-22T06:13:21+00:00","dateModified":"2026-05-04T11:59:17+00:00","breadcrumb":{"@id":"https:\/\/www.sj-gauge.com\/product\/p-30-p-31\/#breadcrumb"},"inLanguage":"vi","potentialAction":[{"@type":"ReadAction","target":["https:\/\/www.sj-gauge.com\/product\/p-30-p-31\/"]}]},{"@type":"ImageObject","inLanguage":"vi","@id":"https:\/\/www.sj-gauge.com\/product\/p-30-p-31\/#primaryimage","url":"https:\/\/www.sj-gauge.com\/wp-content\/uploads\/2026\/01\/SJ_WIKA_P30.jpg","contentUrl":"https:\/\/www.sj-gauge.com\/wp-content\/uploads\/2026\/01\/SJ_WIKA_P30.jpg","width":1200,"height":1000},{"@type":"BreadcrumbList","@id":"https:\/\/www.sj-gauge.com\/product\/p-30-p-31\/#breadcrumb","itemListElement":[{"@type":"ListItem","position":1,"name":"Home","item":"https:\/\/www.sj-gauge.com\/"},{"@type":"ListItem","position":2,"name":"Products","item":"https:\/\/www.sj-gauge.com\/products\/"},{"@type":"ListItem","position":3,"name":"Pressure sensor for precision measurements"}]},{"@type":"WebSite","@id":"https:\/\/www.sj-gauge.com\/#website","url":"https:\/\/www.sj-gauge.com\/","name":"SJ Gauge | \u0110\u1ed3ng h\u1ed3 \u0111o \u00e1p su\u1ea5t, nhi\u1ec7t k\u1ebf v\u00e0 c\u1ea3m bi\u1ebfn \u00e1p su\u1ea5t","description":"Nh\u00e0 s\u1ea3n xu\u1ea5t \u0111\u1ed3ng h\u1ed3 \u0111o \u00e1p su\u1ea5t c\u00f4ng nghi\u1ec7p, c\u1ea3m bi\u1ebfn \u00e1p su\u1ea5t v\u00e0 b\u1ed9 truy\u1ec1n t\u00edn hi\u1ec7u. SJ Gauge cung c\u1ea5p c\u00e1c s\u1ea3n ph\u1ea9m c\u00f3 \u0111\u1ed9 ch\u00ednh x\u00e1c cao, \u0111\u01b0\u1ee3c ch\u1ebf t\u1ea1o t\u1eeb v\u1eadt li\u1ec7u b\u1ec1n b\u1ec9 v\u00e0 c\u00e1c gi\u1ea3i ph\u00e1p t\u00f9y ch\u1ec9nh d\u00e0nh cho c\u00e1c \u1ee9ng d\u1ee5ng trong ng\u00e0nh d\u1ea7u kh\u00ed, h\u00f3a ch\u1ea5t v\u00e0 c\u00f4ng nghi\u1ec7p.","publisher":{"@id":"https:\/\/www.sj-gauge.com\/#organization"},"potentialAction":[{"@type":"SearchAction","target":{"@type":"EntryPoint","urlTemplate":"https:\/\/www.sj-gauge.com\/?s={search_term_string}"},"query-input":{"@type":"PropertyValueSpecification","valueRequired":true,"valueName":"search_term_string"}}],"inLanguage":"vi"},{"@type":"Organization","@id":"https:\/\/www.sj-gauge.com\/#organization","name":"SJ Gauge | \u0110\u1ed3ng h\u1ed3 \u0111o \u00e1p su\u1ea5t, nhi\u1ec7t k\u1ebf v\u00e0 c\u1ea3m bi\u1ebfn \u00e1p su\u1ea5t","url":"https:\/\/www.sj-gauge.com\/","logo":{"@type":"ImageObject","inLanguage":"vi","@id":"https:\/\/www.sj-gauge.com\/#\/schema\/logo\/image\/","url":"https:\/\/www.sj-gauge.com\/wp-content\/uploads\/2025\/09\/logo.webp","contentUrl":"https:\/\/www.sj-gauge.com\/wp-content\/uploads\/2025\/09\/logo.webp","width":348,"height":184,"caption":"SJ Gauge | Pressure Gauges, Thermometers &amp; Pressure Sensors"},"image":{"@id":"https:\/\/www.sj-gauge.com\/#\/schema\/logo\/image\/"}}]}},"_links":{"self":[{"href":"https:\/\/www.sj-gauge.com\/vi\/wp-json\/wp\/v2\/product\/3587","targetHints":{"allow":["GET"]}}],"collection":[{"href":"https:\/\/www.sj-gauge.com\/vi\/wp-json\/wp\/v2\/product"}],"about":[{"href":"https:\/\/www.sj-gauge.com\/vi\/wp-json\/wp\/v2\/types\/product"}],"wp:featuredmedia":[{"embeddable":true,"href":"https:\/\/www.sj-gauge.com\/vi\/wp-json\/wp\/v2\/media\/3588"}],"wp:attachment":[{"href":"https:\/\/www.sj-gauge.com\/vi\/wp-json\/wp\/v2\/media?parent=3587"}],"wp:term":[{"taxonomy":"product_brand","embeddable":true,"href":"https:\/\/www.sj-gauge.com\/vi\/wp-json\/wp\/v2\/product_brand?post=3587"},{"taxonomy":"product_cat","embeddable":true,"href":"https:\/\/www.sj-gauge.com\/vi\/wp-json\/wp\/v2\/product_cat?post=3587"},{"taxonomy":"product_tag","embeddable":true,"href":"https:\/\/www.sj-gauge.com\/vi\/wp-json\/wp\/v2\/product_tag?post=3587"}],"curies":[{"name":"wp","href":"https:\/\/api.w.org\/{rel}","templated":true}]}}