{"id":3591,"date":"2026-01-22T15:14:41","date_gmt":"2026-01-22T07:14:41","guid":{"rendered":"https:\/\/sj-gauge.com\/?post_type=product&#038;p=3591"},"modified":"2026-01-22T15:14:42","modified_gmt":"2026-01-22T07:14:42","slug":"psd-4","status":"publish","type":"product","link":"https:\/\/www.sj-gauge.com\/vi\/san-pham\/psd-4\/","title":{"rendered":"C\u00f4ng t\u1eafc \u00e1p su\u1ea5t \u0111i\u1ec7n t\u1eed c\u00f3 m\u00e0n h\u00ecnh hi\u1ec3n th\u1ecb"},"content":{"rendered":"<p>C\u00f4ng t\u1eafc \u00e1p su\u1ea5t \u0111i\u1ec7n t\u1eed PSD-4 l\u00e0 gi\u1ea3i ph\u00e1p to\u00e0n di\u1ec7n cho c\u00e1c t\u00e1c v\u1ee5 t\u1ef1 \u0111\u1ed9ng h\u00f3a c\u00f4ng nghi\u1ec7p \u2013 bao g\u1ed3m c\u1ea3 \u1ee9ng d\u1ee5ng v\u1ec7 sinh v\u00e0 trong \u0111i\u1ec1u ki\u1ec7n kh\u1eafc nghi\u1ec7t. Nh\u1edd \u0111\u1ed9 ch\u00ednh x\u00e1c &lt; \u00b10.5 % v\u00e0 \u0111\u1ed9 tr\u00f4i d\u00e0i h\u1ea1n t\u1ed1i thi\u1ec3u, n\u00f3 \u0111\u1ea3m b\u1ea3o hi\u1ec3n th\u1ecb ch\u00ednh x\u00e1c \u00e1p su\u1ea5t qu\u00e1 tr\u00ecnh trong h\u01a1n 100 tri\u1ec7u chu k\u1ef3 t\u1ea3i. C\u00f4ng t\u1eafc \u00e1p su\u1ea5t n\u00e0y c\u00f3 s\u1eb5n v\u1edbi t\u00edn hi\u1ec7u \u0111\u1ea7u ra k\u1ef9 thu\u1eadt s\u1ed1 c\u0169ng nh\u01b0 \u0111\u1ea7u ra t\u01b0\u01a1ng t\u1ef1 c\u00f3 th\u1ec3 chuy\u1ec3n \u0111\u1ed5i v\u00e0 \u0111i\u1ec1u ch\u1ec9nh. Ngo\u00e0i ra, n\u00f3 c\u0169ng c\u00f3 th\u1ec3 \u0111\u01b0\u1ee3c gi\u00e1m s\u00e1t d\u1ec5 d\u00e0ng th\u00f4ng qua ch\u1ee9c n\u0103ng t\u1ef1 ch\u1ea9n \u0111o\u00e1n.<\/p>\n<p>Gi\u00e1m s\u00e1t t\u00ecnh tr\u1ea1ng n\u00e2ng cao th\u00f4ng qua IO-Link<br \/>\nD\u1eef li\u1ec7u \u0111i\u1ec1u ki\u1ec7n v\u00e0 c\u00e1c ch\u1ee9c n\u0103ng ch\u1ea9n \u0111o\u00e1n cho ph\u00e9p theo d\u00f5i li\u00ean t\u1ee5c. T\u00ecnh tr\u1ea1ng h\u01b0 h\u1ecfng ho\u1eb7c c\u00e1c gi\u00e1 tr\u1ecb \u00e1p su\u1ea5t ho\u1eb7c nhi\u1ec7t \u0111\u1ed9 n\u1eb1m ngo\u00e0i ph\u1ea1m vi quy \u0111\u1ecbnh s\u1ebd \u0111\u01b0\u1ee3c hi\u1ec3n th\u1ecb tr\u1ef1c ti\u1ebfp trong h\u1ec7 th\u1ed1ng. D\u1eef li\u1ec7u n\u00e0y c\u0169ng cho ph\u00e9p \u0111\u01b0a ra k\u1ebft lu\u1eadn v\u1ec1 s\u1ef1 thay \u0111\u1ed5i c\u1ee7a \u0111i\u1ec1u ki\u1ec7n qu\u00e1 tr\u00ecnh. Th\u00f4ng tin b\u1ed5 sung gi\u00fap ki\u1ec3m tra t\u1ea3i tr\u1ecdng.<\/p>\n<p>\u0110\u1ed9 linh ho\u1ea1t cao h\u01a1n, t\u1ed3n kho th\u1ea5p h\u01a1n<br \/>\nChi ph\u00ed t\u1ed3n kho th\u1ea5p do \u00edt bi\u1ebfn th\u1ec3: V\u1edbi \u0111\u1ea7u ra t\u01b0\u01a1ng t\u1ef1 c\u00f3 th\u1ec3 m\u1edf r\u1ed9ng, ph\u1ea1m vi \u0111o c\u00f3 th\u1ec3 \u0111\u01b0\u1ee3c gi\u1edbi h\u1ea1n v\u1edbi t\u1ef7 l\u1ec7 5:1. Ngo\u00e0i ra, t\u00edn hi\u1ec7u \u0111\u1ea7u ra c\u00f3 th\u1ec3 \u0111\u01b0\u1ee3c c\u1ea5u h\u00ecnh c\u1ee5 th\u1ec3 cho \u1ee9ng d\u1ee5ng. Do \u0111\u00f3, PSD-4 c\u00f3 th\u1ec3 \u0111\u01b0\u1ee3c s\u1eed d\u1ee5ng linh ho\u1ea1t.<\/p>\n<p>T\u00edch h\u1ee3p d\u1ec5 d\u00e0ng k\u1ebft h\u1ee3p v\u1edbi kh\u1ea3 n\u0103ng \u0111\u1ecdc hi\u1ec3u t\u1ed1t<br \/>\nNh\u1edd m\u00e0n h\u00ecnh l\u1edbn 14 ph\u00e2n \u0111o\u1ea1n v\u00e0 c\u00e1c con s\u1ed1 m\u00e0u \u0111\u1ecf, gi\u00e1 tr\u1ecb \u00e1p su\u1ea5t d\u1ec5 d\u00e0ng \u0111\u1ecdc \u0111\u01b0\u1ee3c, ngay c\u1ea3 trong m\u00f4i tr\u01b0\u1eddng s\u00e1ng. Ngo\u00e0i ra, n\u1ed9i dung m\u00e0n h\u00ecnh c\u00f3 th\u1ec3 xoay 180\u00b0 v\u00e0 v\u1ecf m\u00e1y c\u00f3 th\u1ec3 xoay h\u01a1n 300\u00b0.<\/p>\n<p>C\u00e0i \u0111\u1eb7t th\u00f4ng s\u1ed1 nhanh ch\u00f3ng th\u00f4ng qua 3 n\u00fat b\u1ea5m<br \/>\nPSD-4 c\u00f3 th\u1ec3 \u0111\u01b0\u1ee3c c\u00e0i \u0111\u1eb7t th\u00f4ng qua thao t\u00e1c b\u1eb1ng 3 n\u00fat. M\u00e0n h\u00ecnh v\u00e0 menu cung c\u1ea5p giao di\u1ec7n \u0111i\u1ec1u h\u01b0\u1edbng tr\u1ef1c quan theo ti\u00eau chu\u1ea9n VDMA 24574-1. \u0110i\u1ec1u n\u00e0y gi\u00fap t\u0103ng t\u1ed1c qu\u00e1 tr\u00ecnh c\u00e0i \u0111\u1eb7t th\u00f4ng s\u1ed1 v\u00e0 gi\u1ea3m thi\u1ec3u c\u00f4ng s\u1ee9c l\u1eafp \u0111\u1eb7t.<\/p>","protected":false},"excerpt":{"rendered":"<ul>\n<li>Gi\u00e1m s\u00e1t t\u00ecnh tr\u1ea1ng n\u00e2ng cao th\u00f4ng qua IO-Link<\/li>\n<li>\u0110\u1ed9 linh ho\u1ea1t cao h\u01a1n, t\u1ed3n kho th\u1ea5p h\u01a1n<\/li>\n<li>T\u00edch h\u1ee3p d\u1ec5 d\u00e0ng k\u1ebft h\u1ee3p v\u1edbi kh\u1ea3 n\u0103ng \u0111\u1ecdc hi\u1ec3u t\u1ed1t<\/li>\n<li>C\u00e0i \u0111\u1eb7t th\u00f4ng s\u1ed1 nhanh ch\u00f3ng th\u00f4ng qua 3 n\u00fat b\u1ea5m<\/li>\n<\/ul>","protected":false},"featured_media":3593,"template":"","meta":{"_acf_changed":false},"product_brand":[68],"product_cat":[52],"product_tag":[],"class_list":{"0":"post-3591","1":"product","2":"type-product","3":"status-publish","4":"has-post-thumbnail","6":"product_brand-wika","7":"product_cat-wika-pressure-sensors","9":"first","10":"instock","11":"shipping-taxable","12":"product-type-simple"},"acf":[],"yoast_head":"<!-- This site is optimized with the Yoast SEO Premium plugin v26.7 (Yoast SEO v27.4) - https:\/\/yoast.com\/product\/yoast-seo-premium-wordpress\/ -->\n<title>Electronic pressure switch with display - SJ Gauge | Pressure Gauges, Thermometers &amp; Pressure Sensors<\/title>\n<meta name=\"robots\" content=\"index, follow, max-snippet:-1, max-image-preview:large, max-video-preview:-1\" \/>\n<link rel=\"canonical\" href=\"https:\/\/www.sj-gauge.com\/vi\/san-pham\/psd-4\/\" \/>\n<meta property=\"og:locale\" content=\"vi_VN\" \/>\n<meta property=\"og:type\" content=\"article\" \/>\n<meta property=\"og:title\" content=\"Electronic pressure switch with display\" \/>\n<meta property=\"og:description\" content=\"Advanced condition monitoring via IO-Link  Higher flexibility, lower inventory  Easy integration combined with good readability  Fast parameterisation via 3-buttons\" \/>\n<meta property=\"og:url\" content=\"https:\/\/www.sj-gauge.com\/vi\/san-pham\/psd-4\/\" \/>\n<meta property=\"og:site_name\" content=\"SJ Gauge | Pressure Gauges, Thermometers &amp; Pressure Sensors\" \/>\n<meta property=\"article:modified_time\" content=\"2026-01-22T07:14:42+00:00\" \/>\n<meta property=\"og:image\" content=\"https:\/\/www.sj-gauge.com\/wp-content\/uploads\/2026\/01\/SJ-Gauge-wika-psd-4-pressure-switch-image-1.jpg\" \/>\n\t<meta property=\"og:image:width\" content=\"1200\" \/>\n\t<meta property=\"og:image:height\" content=\"1000\" \/>\n\t<meta property=\"og:image:type\" content=\"image\/jpeg\" \/>\n<meta name=\"twitter:card\" content=\"summary_large_image\" \/>\n<meta name=\"twitter:label1\" content=\"\u01af\u1edbc t\u00ednh th\u1eddi gian \u0111\u1ecdc\" \/>\n\t<meta name=\"twitter:data1\" content=\"2 ph\u00fat\" \/>\n<script type=\"application\/ld+json\" class=\"yoast-schema-graph\">{\"@context\":\"https:\\\/\\\/schema.org\",\"@graph\":[{\"@type\":\"WebPage\",\"@id\":\"https:\\\/\\\/www.sj-gauge.com\\\/product\\\/psd-4\\\/\",\"url\":\"https:\\\/\\\/www.sj-gauge.com\\\/product\\\/psd-4\\\/\",\"name\":\"Electronic pressure switch with display - SJ Gauge | Pressure Gauges, Thermometers &amp; Pressure Sensors\",\"isPartOf\":{\"@id\":\"https:\\\/\\\/www.sj-gauge.com\\\/#website\"},\"primaryImageOfPage\":{\"@id\":\"https:\\\/\\\/www.sj-gauge.com\\\/product\\\/psd-4\\\/#primaryimage\"},\"image\":{\"@id\":\"https:\\\/\\\/www.sj-gauge.com\\\/product\\\/psd-4\\\/#primaryimage\"},\"thumbnailUrl\":\"https:\\\/\\\/www.sj-gauge.com\\\/wp-content\\\/uploads\\\/2026\\\/01\\\/SJ-Gauge-wika-psd-4-pressure-switch-image-1.jpg\",\"datePublished\":\"2026-01-22T07:14:41+00:00\",\"dateModified\":\"2026-01-22T07:14:42+00:00\",\"breadcrumb\":{\"@id\":\"https:\\\/\\\/www.sj-gauge.com\\\/product\\\/psd-4\\\/#breadcrumb\"},\"inLanguage\":\"vi\",\"potentialAction\":[{\"@type\":\"ReadAction\",\"target\":[\"https:\\\/\\\/www.sj-gauge.com\\\/product\\\/psd-4\\\/\"]}]},{\"@type\":\"ImageObject\",\"inLanguage\":\"vi\",\"@id\":\"https:\\\/\\\/www.sj-gauge.com\\\/product\\\/psd-4\\\/#primaryimage\",\"url\":\"https:\\\/\\\/www.sj-gauge.com\\\/wp-content\\\/uploads\\\/2026\\\/01\\\/SJ-Gauge-wika-psd-4-pressure-switch-image-1.jpg\",\"contentUrl\":\"https:\\\/\\\/www.sj-gauge.com\\\/wp-content\\\/uploads\\\/2026\\\/01\\\/SJ-Gauge-wika-psd-4-pressure-switch-image-1.jpg\",\"width\":1200,\"height\":1000},{\"@type\":\"BreadcrumbList\",\"@id\":\"https:\\\/\\\/www.sj-gauge.com\\\/product\\\/psd-4\\\/#breadcrumb\",\"itemListElement\":[{\"@type\":\"ListItem\",\"position\":1,\"name\":\"Home\",\"item\":\"https:\\\/\\\/www.sj-gauge.com\\\/\"},{\"@type\":\"ListItem\",\"position\":2,\"name\":\"Products\",\"item\":\"https:\\\/\\\/www.sj-gauge.com\\\/products\\\/\"},{\"@type\":\"ListItem\",\"position\":3,\"name\":\"Electronic pressure switch with display\"}]},{\"@type\":\"WebSite\",\"@id\":\"https:\\\/\\\/www.sj-gauge.com\\\/#website\",\"url\":\"https:\\\/\\\/www.sj-gauge.com\\\/\",\"name\":\"SJ Gauge | Pressure Gauges, Thermometers &amp; Pressure Sensors\",\"description\":\"Manufacturer of industrial pressure gauges, pressure sensors, and transmitters. SJ Gauge provides high accuracy, durable materials, and custom solutions for oil &amp; gas, chemical, and industrial applications.\",\"publisher\":{\"@id\":\"https:\\\/\\\/www.sj-gauge.com\\\/#organization\"},\"potentialAction\":[{\"@type\":\"SearchAction\",\"target\":{\"@type\":\"EntryPoint\",\"urlTemplate\":\"https:\\\/\\\/www.sj-gauge.com\\\/?s={search_term_string}\"},\"query-input\":{\"@type\":\"PropertyValueSpecification\",\"valueRequired\":true,\"valueName\":\"search_term_string\"}}],\"inLanguage\":\"vi\"},{\"@type\":\"Organization\",\"@id\":\"https:\\\/\\\/www.sj-gauge.com\\\/#organization\",\"name\":\"SJ Gauge | Pressure Gauges, Thermometers &amp; Pressure Sensors\",\"url\":\"https:\\\/\\\/www.sj-gauge.com\\\/\",\"logo\":{\"@type\":\"ImageObject\",\"inLanguage\":\"vi\",\"@id\":\"https:\\\/\\\/www.sj-gauge.com\\\/#\\\/schema\\\/logo\\\/image\\\/\",\"url\":\"https:\\\/\\\/www.sj-gauge.com\\\/wp-content\\\/uploads\\\/2025\\\/09\\\/logo.webp\",\"contentUrl\":\"https:\\\/\\\/www.sj-gauge.com\\\/wp-content\\\/uploads\\\/2025\\\/09\\\/logo.webp\",\"width\":348,\"height\":184,\"caption\":\"SJ Gauge | Pressure Gauges, Thermometers &amp; Pressure Sensors\"},\"image\":{\"@id\":\"https:\\\/\\\/www.sj-gauge.com\\\/#\\\/schema\\\/logo\\\/image\\\/\"}}]}<\/script>\n<!-- \/ Yoast SEO Premium plugin. -->","yoast_head_json":{"title":"C\u00f4ng t\u1eafc \u00e1p su\u1ea5t \u0111i\u1ec7n t\u1eed c\u00f3 m\u00e0n h\u00ecnh hi\u1ec3n th\u1ecb - SJ Gauge | \u0110\u1ed3ng h\u1ed3 \u0111o \u00e1p su\u1ea5t, nhi\u1ec7t k\u1ebf &amp; c\u1ea3m bi\u1ebfn \u00e1p su\u1ea5t","robots":{"index":"index","follow":"follow","max-snippet":"max-snippet:-1","max-image-preview":"max-image-preview:large","max-video-preview":"max-video-preview:-1"},"canonical":"https:\/\/www.sj-gauge.com\/vi\/san-pham\/psd-4\/","og_locale":"vi_VN","og_type":"article","og_title":"Electronic pressure switch with display","og_description":"Advanced condition monitoring via IO-Link  Higher flexibility, lower inventory  Easy integration combined with good readability  Fast parameterisation via 3-buttons","og_url":"https:\/\/www.sj-gauge.com\/vi\/san-pham\/psd-4\/","og_site_name":"SJ Gauge | Pressure Gauges, Thermometers &amp; Pressure Sensors","article_modified_time":"2026-01-22T07:14:42+00:00","og_image":[{"width":1200,"height":1000,"url":"https:\/\/www.sj-gauge.com\/wp-content\/uploads\/2026\/01\/SJ-Gauge-wika-psd-4-pressure-switch-image-1.jpg","type":"image\/jpeg"}],"twitter_card":"summary_large_image","twitter_misc":{"\u01af\u1edbc t\u00ednh th\u1eddi gian \u0111\u1ecdc":"2 ph\u00fat"},"schema":{"@context":"https:\/\/schema.org","@graph":[{"@type":"WebPage","@id":"https:\/\/www.sj-gauge.com\/product\/psd-4\/","url":"https:\/\/www.sj-gauge.com\/product\/psd-4\/","name":"C\u00f4ng t\u1eafc \u00e1p su\u1ea5t \u0111i\u1ec7n t\u1eed c\u00f3 m\u00e0n h\u00ecnh hi\u1ec3n th\u1ecb - SJ Gauge | \u0110\u1ed3ng h\u1ed3 \u0111o \u00e1p su\u1ea5t, nhi\u1ec7t k\u1ebf &amp; c\u1ea3m bi\u1ebfn \u00e1p su\u1ea5t","isPartOf":{"@id":"https:\/\/www.sj-gauge.com\/#website"},"primaryImageOfPage":{"@id":"https:\/\/www.sj-gauge.com\/product\/psd-4\/#primaryimage"},"image":{"@id":"https:\/\/www.sj-gauge.com\/product\/psd-4\/#primaryimage"},"thumbnailUrl":"https:\/\/www.sj-gauge.com\/wp-content\/uploads\/2026\/01\/SJ-Gauge-wika-psd-4-pressure-switch-image-1.jpg","datePublished":"2026-01-22T07:14:41+00:00","dateModified":"2026-01-22T07:14:42+00:00","breadcrumb":{"@id":"https:\/\/www.sj-gauge.com\/product\/psd-4\/#breadcrumb"},"inLanguage":"vi","potentialAction":[{"@type":"ReadAction","target":["https:\/\/www.sj-gauge.com\/product\/psd-4\/"]}]},{"@type":"ImageObject","inLanguage":"vi","@id":"https:\/\/www.sj-gauge.com\/product\/psd-4\/#primaryimage","url":"https:\/\/www.sj-gauge.com\/wp-content\/uploads\/2026\/01\/SJ-Gauge-wika-psd-4-pressure-switch-image-1.jpg","contentUrl":"https:\/\/www.sj-gauge.com\/wp-content\/uploads\/2026\/01\/SJ-Gauge-wika-psd-4-pressure-switch-image-1.jpg","width":1200,"height":1000},{"@type":"BreadcrumbList","@id":"https:\/\/www.sj-gauge.com\/product\/psd-4\/#breadcrumb","itemListElement":[{"@type":"ListItem","position":1,"name":"Home","item":"https:\/\/www.sj-gauge.com\/"},{"@type":"ListItem","position":2,"name":"Products","item":"https:\/\/www.sj-gauge.com\/products\/"},{"@type":"ListItem","position":3,"name":"Electronic pressure switch with display"}]},{"@type":"WebSite","@id":"https:\/\/www.sj-gauge.com\/#website","url":"https:\/\/www.sj-gauge.com\/","name":"SJ Gauge | \u0110\u1ed3ng h\u1ed3 \u0111o \u00e1p su\u1ea5t, nhi\u1ec7t k\u1ebf v\u00e0 c\u1ea3m bi\u1ebfn \u00e1p su\u1ea5t","description":"Nh\u00e0 s\u1ea3n xu\u1ea5t \u0111\u1ed3ng h\u1ed3 \u0111o \u00e1p su\u1ea5t c\u00f4ng nghi\u1ec7p, c\u1ea3m bi\u1ebfn \u00e1p su\u1ea5t v\u00e0 b\u1ed9 truy\u1ec1n t\u00edn hi\u1ec7u. SJ Gauge cung c\u1ea5p c\u00e1c s\u1ea3n ph\u1ea9m c\u00f3 \u0111\u1ed9 ch\u00ednh x\u00e1c cao, \u0111\u01b0\u1ee3c ch\u1ebf t\u1ea1o t\u1eeb v\u1eadt li\u1ec7u b\u1ec1n b\u1ec9 v\u00e0 c\u00e1c gi\u1ea3i ph\u00e1p t\u00f9y ch\u1ec9nh d\u00e0nh cho c\u00e1c \u1ee9ng d\u1ee5ng trong ng\u00e0nh d\u1ea7u kh\u00ed, h\u00f3a ch\u1ea5t v\u00e0 c\u00f4ng nghi\u1ec7p.","publisher":{"@id":"https:\/\/www.sj-gauge.com\/#organization"},"potentialAction":[{"@type":"SearchAction","target":{"@type":"EntryPoint","urlTemplate":"https:\/\/www.sj-gauge.com\/?s={search_term_string}"},"query-input":{"@type":"PropertyValueSpecification","valueRequired":true,"valueName":"search_term_string"}}],"inLanguage":"vi"},{"@type":"Organization","@id":"https:\/\/www.sj-gauge.com\/#organization","name":"SJ Gauge | \u0110\u1ed3ng h\u1ed3 \u0111o \u00e1p su\u1ea5t, nhi\u1ec7t k\u1ebf v\u00e0 c\u1ea3m bi\u1ebfn \u00e1p su\u1ea5t","url":"https:\/\/www.sj-gauge.com\/","logo":{"@type":"ImageObject","inLanguage":"vi","@id":"https:\/\/www.sj-gauge.com\/#\/schema\/logo\/image\/","url":"https:\/\/www.sj-gauge.com\/wp-content\/uploads\/2025\/09\/logo.webp","contentUrl":"https:\/\/www.sj-gauge.com\/wp-content\/uploads\/2025\/09\/logo.webp","width":348,"height":184,"caption":"SJ Gauge | Pressure Gauges, Thermometers &amp; Pressure Sensors"},"image":{"@id":"https:\/\/www.sj-gauge.com\/#\/schema\/logo\/image\/"}}]}},"_links":{"self":[{"href":"https:\/\/www.sj-gauge.com\/vi\/wp-json\/wp\/v2\/product\/3591","targetHints":{"allow":["GET"]}}],"collection":[{"href":"https:\/\/www.sj-gauge.com\/vi\/wp-json\/wp\/v2\/product"}],"about":[{"href":"https:\/\/www.sj-gauge.com\/vi\/wp-json\/wp\/v2\/types\/product"}],"wp:featuredmedia":[{"embeddable":true,"href":"https:\/\/www.sj-gauge.com\/vi\/wp-json\/wp\/v2\/media\/3593"}],"wp:attachment":[{"href":"https:\/\/www.sj-gauge.com\/vi\/wp-json\/wp\/v2\/media?parent=3591"}],"wp:term":[{"taxonomy":"product_brand","embeddable":true,"href":"https:\/\/www.sj-gauge.com\/vi\/wp-json\/wp\/v2\/product_brand?post=3591"},{"taxonomy":"product_cat","embeddable":true,"href":"https:\/\/www.sj-gauge.com\/vi\/wp-json\/wp\/v2\/product_cat?post=3591"},{"taxonomy":"product_tag","embeddable":true,"href":"https:\/\/www.sj-gauge.com\/vi\/wp-json\/wp\/v2\/product_tag?post=3591"}],"curies":[{"name":"wp","href":"https:\/\/api.w.org\/{rel}","templated":true}]}}