{"id":3647,"date":"2026-01-23T15:41:28","date_gmt":"2026-01-23T07:41:28","guid":{"rendered":"https:\/\/sj-gauge.com\/?post_type=product&#038;p=3647"},"modified":"2026-01-23T15:42:13","modified_gmt":"2026-01-23T07:42:13","slug":"pgs23-100","status":"publish","type":"product","link":"https:\/\/www.sj-gauge.com\/vi\/san-pham\/pgs23-100\/","title":{"rendered":"C\u1ea3m bi\u1ebfn \u00e1p su\u1ea5t \u1ed1ng Bourdon c\u00f3 ti\u1ebfp \u0111i\u1ec3m chuy\u1ec3n m\u1ea1ch D\u00e0nh cho ng\u00e0nh c\u00f4ng nghi\u1ec7p qu\u00e1 tr\u00ecnh"},"content":{"rendered":"<p>\u1ede b\u1ea5t k\u1ef3 n\u01a1i n\u00e0o \u00e1p su\u1ea5t qu\u00e1 tr\u00ecnh c\u1ea7n \u0111\u01b0\u1ee3c hi\u1ec3n th\u1ecb t\u1ea1i ch\u1ed7 v\u00e0 \u0111\u1ed3ng th\u1eddi c\u1ea7n chuy\u1ec3n \u0111\u1ed5i m\u1ea1ch, thi\u1ebft b\u1ecb switchGAUGE n\u00e0y \u0111\u01b0\u1ee3c s\u1eed d\u1ee5ng.<\/p>\n<p>C\u00e1c ti\u1ebfp \u0111i\u1ec3m c\u00f4ng t\u1eafc (ti\u1ebfp \u0111i\u1ec3m c\u00f4ng t\u1eafc \u0111i\u1ec7n) \u0111\u00f3ng ho\u1eb7c ng\u1eaft m\u1ea1ch \u0111i\u1ec1u khi\u1ec3n \u0111i\u1ec7n t\u00f9y thu\u1ed9c v\u00e0o v\u1ecb tr\u00ed kim ch\u1ec9 th\u1ecb c\u1ee7a thi\u1ebft b\u1ecb \u0111o l\u01b0\u1eddng. C\u00e1c ti\u1ebfp \u0111i\u1ec3m c\u00f4ng t\u1eafc c\u00f3 th\u1ec3 \u0111i\u1ec1u ch\u1ec9nh trong to\u00e0n b\u1ed9 ph\u1ea1m vi thang \u0111o (xem DIN 16085) v\u00e0 ch\u1ee7 y\u1ebfu \u0111\u01b0\u1ee3c l\u1eafp \u0111\u1eb7t ph\u00eda d\u01b0\u1edbi m\u1eb7t s\u1ed1, m\u1eb7c d\u00f9 c\u0169ng c\u00f3 m\u1ed9t ph\u1ea7n \u0111\u01b0\u1ee3c l\u1eafp \u0111\u1eb7t ph\u00eda tr\u00ean m\u1eb7t s\u1ed1. Kim ch\u1ec9 th\u1ecb c\u1ee7a thi\u1ebft b\u1ecb (kim ch\u1ec9 th\u1ecb gi\u00e1 tr\u1ecb th\u1ef1c) di chuy\u1ec3n t\u1ef1 do tr\u00ean to\u00e0n b\u1ed9 ph\u1ea1m vi thang \u0111o, \u0111\u1ed9c l\u1eadp v\u1edbi c\u00e0i \u0111\u1eb7t.<\/p>\n<p>\u0110i\u1ec3m ch\u1ec9 \u0111\u1ecbnh c\u00f3 th\u1ec3 \u0111\u01b0\u1ee3c \u0111i\u1ec1u ch\u1ec9nh b\u1eb1ng c\u00e1ch s\u1eed d\u1ee5ng m\u1ed9t ch\u00eca kh\u00f3a \u0111i\u1ec1u ch\u1ec9nh c\u00f3 th\u1ec3 th\u00e1o r\u1eddi trong c\u1eeda s\u1ed5.<\/p>\n<p>C\u00e1c ti\u1ebfp \u0111i\u1ec3m c\u00f4ng t\u1eafc g\u1ed3m nhi\u1ec1u ti\u1ebfp \u0111i\u1ec3m c\u0169ng c\u00f3 th\u1ec3 \u0111\u01b0\u1ee3c \u0111\u1eb7t \u1edf m\u1ed9t \u0111i\u1ec3m \u0111\u1eb7t duy nh\u1ea5t. Ti\u1ebfp \u0111i\u1ec3m \u0111\u01b0\u1ee3c k\u00edch ho\u1ea1t khi kim ch\u1ec9 th\u1ecb gi\u00e1 tr\u1ecb th\u1ef1c v\u01b0\u1ee3t qu\u00e1 ho\u1eb7c d\u01b0\u1edbi \u0111i\u1ec3m \u0111\u1eb7t mong mu\u1ed1n.<\/p>\n<p>C\u00e1c lo\u1ea1i ti\u1ebfp \u0111i\u1ec3m bao g\u1ed3m ti\u1ebfp \u0111i\u1ec3m c\u00f4ng t\u1eafc, ti\u1ebfp \u0111i\u1ec3m t\u1eeb t\u00ednh c\u00f3 c\u01a1 ch\u1ebf \u0111\u00f3ng m\u1edf nhanh, ti\u1ebfp \u0111i\u1ec3m reed, ti\u1ebfp \u0111i\u1ec3m c\u1ea3m \u1ee9ng v\u00e0 ti\u1ebfp \u0111i\u1ec3m \u0111i\u1ec7n t\u1eed. Ti\u1ebfp \u0111i\u1ec3m c\u1ea3m \u1ee9ng c\u00f3 th\u1ec3 \u0111\u01b0\u1ee3c s\u1eed d\u1ee5ng trong c\u00e1c khu v\u1ef1c nguy hi\u1ec3m. \u0110\u1ec3 k\u00edch ho\u1ea1t b\u1ed9 \u0111i\u1ec1u khi\u1ec3n logic l\u1eadp tr\u00ecnh (PLC), c\u00f3 th\u1ec3 s\u1eed d\u1ee5ng ti\u1ebfp \u0111i\u1ec3m \u0111i\u1ec7n t\u1eed v\u00e0 ti\u1ebfp \u0111i\u1ec3m reed.<\/p>\n<p>M\u00e3 QR tr\u00ean m\u1eb7t \u0111\u1ed3ng h\u1ed3 cho ph\u00e9p truy c\u1eadp d\u1ec5 d\u00e0ng v\u00e0 l\u00e2u d\u00e0i v\u00e0o c\u00e1c th\u00f4ng tin c\u1ee5 th\u1ec3 c\u1ee7a thi\u1ebft b\u1ecb nh\u01b0 s\u1ed1 seri, s\u1ed1 \u0111\u01a1n h\u00e0ng, ch\u1ee9ng ch\u1ec9 v\u00e0 c\u00e1c d\u1eef li\u1ec7u s\u1ea3n ph\u1ea9m kh\u00e1c t\u1eeb internet.<\/p>","protected":false},"excerpt":{"rendered":"<ul>\n<li>C\u0169ng c\u00f3 s\u1eb5n v\u1edbi ch\u1ee9c n\u0103ng l\u1ea5p \u0111\u1ea7y v\u1ecf cho c\u00e1c t\u1ea3i tr\u1ecdng \u00e1p su\u1ea5t \u0111\u1ed9ng cao ho\u1eb7c rung \u0111\u1ed9ng.<\/li>\n<li>C\u00e1c thi\u1ebft b\u1ecb c\u00f3 ti\u1ebfp \u0111i\u1ec3m c\u1ea3m \u1ee9ng d\u00f9ng trong khu v\u1ef1c nguy hi\u1ec3m<\/li>\n<li>C\u00e1c thi\u1ebft b\u1ecb c\u00f3 ti\u1ebfp \u0111i\u1ec3m d\u00e0nh cho \u1ee9ng d\u1ee5ng PLC<\/li>\n<li>Phi\u00ean b\u1ea3n an to\u00e0n v\u1edbi t\u01b0\u1eddng ch\u1eafn ch\u1eafc ch\u1eafn (Solidfront) c\u00f3 s\u1eb5n.<\/li>\n<li>M\u00e3 QR tr\u00ean m\u1eb7t \u0111\u1ed3ng h\u1ed3 d\u1eabn \u0111\u1ebfn th\u00f4ng tin c\u1ee5 th\u1ec3 v\u1ec1 thi\u1ebft b\u1ecb.<\/li>\n<\/ul>","protected":false},"featured_media":3649,"template":"","meta":{"_acf_changed":false},"product_brand":[68],"product_cat":[54],"product_tag":[],"class_list":{"0":"post-3647","1":"product","2":"type-product","3":"status-publish","4":"has-post-thumbnail","6":"product_brand-wika","7":"product_cat-wika-contact-pressure-gauge","9":"first","10":"instock","11":"shipping-taxable","12":"product-type-simple"},"acf":[],"yoast_head":"<!-- This site is optimized with the Yoast SEO Premium plugin v26.7 (Yoast SEO v27.4) - https:\/\/yoast.com\/product\/yoast-seo-premium-wordpress\/ -->\n<title>Bourdon tube pressure gauge with switch contacts For the process industry - SJ Gauge | Pressure Gauges, Thermometers &amp; Pressure Sensors<\/title>\n<meta name=\"robots\" content=\"index, follow, max-snippet:-1, max-image-preview:large, max-video-preview:-1\" \/>\n<link rel=\"canonical\" href=\"https:\/\/www.sj-gauge.com\/vi\/san-pham\/pgs23-100\/\" \/>\n<meta property=\"og:locale\" content=\"vi_VN\" \/>\n<meta property=\"og:type\" content=\"article\" \/>\n<meta property=\"og:title\" content=\"Bourdon tube pressure gauge with switch contacts For the process industry\" \/>\n<meta property=\"og:description\" content=\"Also available with case filling for high dynamic pressure loads or vibrations  Instruments with inductive contacts for use in hazardous areas  Instruments with contacts for PLC applications  Safety version with solid baffle wall (Solidfront) available  QR code on dial links to instrument-specific information\" \/>\n<meta property=\"og:url\" content=\"https:\/\/www.sj-gauge.com\/vi\/san-pham\/pgs23-100\/\" \/>\n<meta property=\"og:site_name\" content=\"SJ Gauge | Pressure Gauges, Thermometers &amp; Pressure Sensors\" \/>\n<meta property=\"article:modified_time\" content=\"2026-01-23T07:42:13+00:00\" \/>\n<meta property=\"og:image\" content=\"https:\/\/www.sj-gauge.com\/wp-content\/uploads\/2026\/01\/SJ-Gauge-wika-PGS23-pressure-gauge.jpg\" \/>\n\t<meta property=\"og:image:width\" content=\"1200\" \/>\n\t<meta property=\"og:image:height\" content=\"1000\" \/>\n\t<meta property=\"og:image:type\" content=\"image\/jpeg\" \/>\n<meta name=\"twitter:card\" content=\"summary_large_image\" \/>\n<meta name=\"twitter:label1\" content=\"\u01af\u1edbc t\u00ednh th\u1eddi gian \u0111\u1ecdc\" \/>\n\t<meta name=\"twitter:data1\" content=\"2 ph\u00fat\" \/>\n<script type=\"application\/ld+json\" class=\"yoast-schema-graph\">{\"@context\":\"https:\\\/\\\/schema.org\",\"@graph\":[{\"@type\":\"WebPage\",\"@id\":\"https:\\\/\\\/www.sj-gauge.com\\\/product\\\/pgs23-100\\\/\",\"url\":\"https:\\\/\\\/www.sj-gauge.com\\\/product\\\/pgs23-100\\\/\",\"name\":\"Bourdon tube pressure gauge with switch contacts For the process industry - SJ Gauge | Pressure Gauges, Thermometers &amp; Pressure Sensors\",\"isPartOf\":{\"@id\":\"https:\\\/\\\/www.sj-gauge.com\\\/#website\"},\"primaryImageOfPage\":{\"@id\":\"https:\\\/\\\/www.sj-gauge.com\\\/product\\\/pgs23-100\\\/#primaryimage\"},\"image\":{\"@id\":\"https:\\\/\\\/www.sj-gauge.com\\\/product\\\/pgs23-100\\\/#primaryimage\"},\"thumbnailUrl\":\"https:\\\/\\\/www.sj-gauge.com\\\/wp-content\\\/uploads\\\/2026\\\/01\\\/SJ-Gauge-wika-PGS23-pressure-gauge.jpg\",\"datePublished\":\"2026-01-23T07:41:28+00:00\",\"dateModified\":\"2026-01-23T07:42:13+00:00\",\"breadcrumb\":{\"@id\":\"https:\\\/\\\/www.sj-gauge.com\\\/product\\\/pgs23-100\\\/#breadcrumb\"},\"inLanguage\":\"vi\",\"potentialAction\":[{\"@type\":\"ReadAction\",\"target\":[\"https:\\\/\\\/www.sj-gauge.com\\\/product\\\/pgs23-100\\\/\"]}]},{\"@type\":\"ImageObject\",\"inLanguage\":\"vi\",\"@id\":\"https:\\\/\\\/www.sj-gauge.com\\\/product\\\/pgs23-100\\\/#primaryimage\",\"url\":\"https:\\\/\\\/www.sj-gauge.com\\\/wp-content\\\/uploads\\\/2026\\\/01\\\/SJ-Gauge-wika-PGS23-pressure-gauge.jpg\",\"contentUrl\":\"https:\\\/\\\/www.sj-gauge.com\\\/wp-content\\\/uploads\\\/2026\\\/01\\\/SJ-Gauge-wika-PGS23-pressure-gauge.jpg\",\"width\":1200,\"height\":1000},{\"@type\":\"BreadcrumbList\",\"@id\":\"https:\\\/\\\/www.sj-gauge.com\\\/product\\\/pgs23-100\\\/#breadcrumb\",\"itemListElement\":[{\"@type\":\"ListItem\",\"position\":1,\"name\":\"Home\",\"item\":\"https:\\\/\\\/www.sj-gauge.com\\\/\"},{\"@type\":\"ListItem\",\"position\":2,\"name\":\"Products\",\"item\":\"https:\\\/\\\/www.sj-gauge.com\\\/products\\\/\"},{\"@type\":\"ListItem\",\"position\":3,\"name\":\"Bourdon tube pressure gauge with switch contacts For the process industry\"}]},{\"@type\":\"WebSite\",\"@id\":\"https:\\\/\\\/www.sj-gauge.com\\\/#website\",\"url\":\"https:\\\/\\\/www.sj-gauge.com\\\/\",\"name\":\"SJ Gauge | Pressure Gauges, Thermometers &amp; Pressure Sensors\",\"description\":\"Manufacturer of industrial pressure gauges, pressure sensors, and transmitters. SJ Gauge provides high accuracy, durable materials, and custom solutions for oil &amp; gas, chemical, and industrial applications.\",\"publisher\":{\"@id\":\"https:\\\/\\\/www.sj-gauge.com\\\/#organization\"},\"potentialAction\":[{\"@type\":\"SearchAction\",\"target\":{\"@type\":\"EntryPoint\",\"urlTemplate\":\"https:\\\/\\\/www.sj-gauge.com\\\/?s={search_term_string}\"},\"query-input\":{\"@type\":\"PropertyValueSpecification\",\"valueRequired\":true,\"valueName\":\"search_term_string\"}}],\"inLanguage\":\"vi\"},{\"@type\":\"Organization\",\"@id\":\"https:\\\/\\\/www.sj-gauge.com\\\/#organization\",\"name\":\"SJ Gauge | Pressure Gauges, Thermometers &amp; Pressure Sensors\",\"url\":\"https:\\\/\\\/www.sj-gauge.com\\\/\",\"logo\":{\"@type\":\"ImageObject\",\"inLanguage\":\"vi\",\"@id\":\"https:\\\/\\\/www.sj-gauge.com\\\/#\\\/schema\\\/logo\\\/image\\\/\",\"url\":\"https:\\\/\\\/www.sj-gauge.com\\\/wp-content\\\/uploads\\\/2025\\\/09\\\/logo.webp\",\"contentUrl\":\"https:\\\/\\\/www.sj-gauge.com\\\/wp-content\\\/uploads\\\/2025\\\/09\\\/logo.webp\",\"width\":348,\"height\":184,\"caption\":\"SJ Gauge | Pressure Gauges, Thermometers &amp; Pressure Sensors\"},\"image\":{\"@id\":\"https:\\\/\\\/www.sj-gauge.com\\\/#\\\/schema\\\/logo\\\/image\\\/\"}}]}<\/script>\n<!-- \/ Yoast SEO Premium plugin. -->","yoast_head_json":{"title":"\u0110\u1ed3ng h\u1ed3 \u0111o \u00e1p su\u1ea5t \u1ed1ng Bourdon c\u00f3 ti\u1ebfp \u0111i\u1ec3m c\u00f4ng t\u1eafc D\u00e0nh cho ng\u00e0nh c\u00f4ng nghi\u1ec7p ch\u1ebf bi\u1ebfn - SJ Gauge | \u0110\u1ed3ng h\u1ed3 \u0111o \u00e1p su\u1ea5t, nhi\u1ec7t k\u1ebf &amp; c\u1ea3m bi\u1ebfn \u00e1p su\u1ea5t","robots":{"index":"index","follow":"follow","max-snippet":"max-snippet:-1","max-image-preview":"max-image-preview:large","max-video-preview":"max-video-preview:-1"},"canonical":"https:\/\/www.sj-gauge.com\/vi\/san-pham\/pgs23-100\/","og_locale":"vi_VN","og_type":"article","og_title":"Bourdon tube pressure gauge with switch contacts For the process industry","og_description":"Also available with case filling for high dynamic pressure loads or vibrations  Instruments with inductive contacts for use in hazardous areas  Instruments with contacts for PLC applications  Safety version with solid baffle wall (Solidfront) available  QR code on dial links to instrument-specific information","og_url":"https:\/\/www.sj-gauge.com\/vi\/san-pham\/pgs23-100\/","og_site_name":"SJ Gauge | Pressure Gauges, Thermometers &amp; Pressure Sensors","article_modified_time":"2026-01-23T07:42:13+00:00","og_image":[{"width":1200,"height":1000,"url":"https:\/\/www.sj-gauge.com\/wp-content\/uploads\/2026\/01\/SJ-Gauge-wika-PGS23-pressure-gauge.jpg","type":"image\/jpeg"}],"twitter_card":"summary_large_image","twitter_misc":{"\u01af\u1edbc t\u00ednh th\u1eddi gian \u0111\u1ecdc":"2 ph\u00fat"},"schema":{"@context":"https:\/\/schema.org","@graph":[{"@type":"WebPage","@id":"https:\/\/www.sj-gauge.com\/product\/pgs23-100\/","url":"https:\/\/www.sj-gauge.com\/product\/pgs23-100\/","name":"\u0110\u1ed3ng h\u1ed3 \u0111o \u00e1p su\u1ea5t \u1ed1ng Bourdon c\u00f3 ti\u1ebfp \u0111i\u1ec3m c\u00f4ng t\u1eafc D\u00e0nh cho ng\u00e0nh c\u00f4ng nghi\u1ec7p ch\u1ebf bi\u1ebfn - SJ Gauge | \u0110\u1ed3ng h\u1ed3 \u0111o \u00e1p su\u1ea5t, nhi\u1ec7t k\u1ebf &amp; c\u1ea3m bi\u1ebfn \u00e1p su\u1ea5t","isPartOf":{"@id":"https:\/\/www.sj-gauge.com\/#website"},"primaryImageOfPage":{"@id":"https:\/\/www.sj-gauge.com\/product\/pgs23-100\/#primaryimage"},"image":{"@id":"https:\/\/www.sj-gauge.com\/product\/pgs23-100\/#primaryimage"},"thumbnailUrl":"https:\/\/www.sj-gauge.com\/wp-content\/uploads\/2026\/01\/SJ-Gauge-wika-PGS23-pressure-gauge.jpg","datePublished":"2026-01-23T07:41:28+00:00","dateModified":"2026-01-23T07:42:13+00:00","breadcrumb":{"@id":"https:\/\/www.sj-gauge.com\/product\/pgs23-100\/#breadcrumb"},"inLanguage":"vi","potentialAction":[{"@type":"ReadAction","target":["https:\/\/www.sj-gauge.com\/product\/pgs23-100\/"]}]},{"@type":"ImageObject","inLanguage":"vi","@id":"https:\/\/www.sj-gauge.com\/product\/pgs23-100\/#primaryimage","url":"https:\/\/www.sj-gauge.com\/wp-content\/uploads\/2026\/01\/SJ-Gauge-wika-PGS23-pressure-gauge.jpg","contentUrl":"https:\/\/www.sj-gauge.com\/wp-content\/uploads\/2026\/01\/SJ-Gauge-wika-PGS23-pressure-gauge.jpg","width":1200,"height":1000},{"@type":"BreadcrumbList","@id":"https:\/\/www.sj-gauge.com\/product\/pgs23-100\/#breadcrumb","itemListElement":[{"@type":"ListItem","position":1,"name":"Home","item":"https:\/\/www.sj-gauge.com\/"},{"@type":"ListItem","position":2,"name":"Products","item":"https:\/\/www.sj-gauge.com\/products\/"},{"@type":"ListItem","position":3,"name":"Bourdon tube pressure gauge with switch contacts For the process industry"}]},{"@type":"WebSite","@id":"https:\/\/www.sj-gauge.com\/#website","url":"https:\/\/www.sj-gauge.com\/","name":"SJ Gauge | \u0110\u1ed3ng h\u1ed3 \u0111o \u00e1p su\u1ea5t, nhi\u1ec7t k\u1ebf v\u00e0 c\u1ea3m bi\u1ebfn \u00e1p su\u1ea5t","description":"Nh\u00e0 s\u1ea3n xu\u1ea5t \u0111\u1ed3ng h\u1ed3 \u0111o \u00e1p su\u1ea5t c\u00f4ng nghi\u1ec7p, c\u1ea3m bi\u1ebfn \u00e1p su\u1ea5t v\u00e0 b\u1ed9 truy\u1ec1n t\u00edn hi\u1ec7u. SJ Gauge cung c\u1ea5p c\u00e1c s\u1ea3n ph\u1ea9m c\u00f3 \u0111\u1ed9 ch\u00ednh x\u00e1c cao, \u0111\u01b0\u1ee3c ch\u1ebf t\u1ea1o t\u1eeb v\u1eadt li\u1ec7u b\u1ec1n b\u1ec9 v\u00e0 c\u00e1c gi\u1ea3i ph\u00e1p t\u00f9y ch\u1ec9nh d\u00e0nh cho c\u00e1c \u1ee9ng d\u1ee5ng trong ng\u00e0nh d\u1ea7u kh\u00ed, h\u00f3a ch\u1ea5t v\u00e0 c\u00f4ng nghi\u1ec7p.","publisher":{"@id":"https:\/\/www.sj-gauge.com\/#organization"},"potentialAction":[{"@type":"SearchAction","target":{"@type":"EntryPoint","urlTemplate":"https:\/\/www.sj-gauge.com\/?s={search_term_string}"},"query-input":{"@type":"PropertyValueSpecification","valueRequired":true,"valueName":"search_term_string"}}],"inLanguage":"vi"},{"@type":"Organization","@id":"https:\/\/www.sj-gauge.com\/#organization","name":"SJ Gauge | \u0110\u1ed3ng h\u1ed3 \u0111o \u00e1p su\u1ea5t, nhi\u1ec7t k\u1ebf v\u00e0 c\u1ea3m bi\u1ebfn \u00e1p su\u1ea5t","url":"https:\/\/www.sj-gauge.com\/","logo":{"@type":"ImageObject","inLanguage":"vi","@id":"https:\/\/www.sj-gauge.com\/#\/schema\/logo\/image\/","url":"https:\/\/www.sj-gauge.com\/wp-content\/uploads\/2025\/09\/logo.webp","contentUrl":"https:\/\/www.sj-gauge.com\/wp-content\/uploads\/2025\/09\/logo.webp","width":348,"height":184,"caption":"SJ Gauge | Pressure Gauges, Thermometers &amp; Pressure Sensors"},"image":{"@id":"https:\/\/www.sj-gauge.com\/#\/schema\/logo\/image\/"}}]}},"_links":{"self":[{"href":"https:\/\/www.sj-gauge.com\/vi\/wp-json\/wp\/v2\/product\/3647","targetHints":{"allow":["GET"]}}],"collection":[{"href":"https:\/\/www.sj-gauge.com\/vi\/wp-json\/wp\/v2\/product"}],"about":[{"href":"https:\/\/www.sj-gauge.com\/vi\/wp-json\/wp\/v2\/types\/product"}],"wp:featuredmedia":[{"embeddable":true,"href":"https:\/\/www.sj-gauge.com\/vi\/wp-json\/wp\/v2\/media\/3649"}],"wp:attachment":[{"href":"https:\/\/www.sj-gauge.com\/vi\/wp-json\/wp\/v2\/media?parent=3647"}],"wp:term":[{"taxonomy":"product_brand","embeddable":true,"href":"https:\/\/www.sj-gauge.com\/vi\/wp-json\/wp\/v2\/product_brand?post=3647"},{"taxonomy":"product_cat","embeddable":true,"href":"https:\/\/www.sj-gauge.com\/vi\/wp-json\/wp\/v2\/product_cat?post=3647"},{"taxonomy":"product_tag","embeddable":true,"href":"https:\/\/www.sj-gauge.com\/vi\/wp-json\/wp\/v2\/product_tag?post=3647"}],"curies":[{"name":"wp","href":"https:\/\/api.w.org\/{rel}","templated":true}]}}