{"id":3664,"date":"2026-01-23T17:09:37","date_gmt":"2026-01-23T09:09:37","guid":{"rendered":"https:\/\/sj-gauge.com\/?post_type=product&#038;p=3664"},"modified":"2026-01-23T17:10:06","modified_gmt":"2026-01-23T09:10:06","slug":"tg54","status":"publish","type":"product","link":"https:\/\/www.sj-gauge.com\/vi\/san-pham\/tg54\/","title":{"rendered":"Thermometer bimetal Phi\u00ean b\u1ea3n quy tr\u00ecnh theo ti\u00eau chu\u1ea9n EN 13190"},"content":{"rendered":"<p>M\u1eabu nhi\u1ec7t k\u1ebf bimetal TG54 \u0111\u00e3 \u0111\u01b0\u1ee3c ph\u00e1t tri\u1ec3n v\u00e0 s\u1ea3n xu\u1ea5t theo ti\u00eau chu\u1ea9n EN 13190. Nhi\u1ec7t k\u1ebf n\u00e0y \u0111\u00e1p \u1ee9ng c\u00e1c y\u00eau c\u1ea7u cao c\u1ee7a ng\u00e0nh c\u00f4ng nghi\u1ec7p qu\u00e1 tr\u00ecnh.<\/p>\n<p>\u0110\u1eb7c bi\u1ec7t trong c\u00e1c ng\u00e0nh c\u00f4ng nghi\u1ec7p h\u00f3a ch\u1ea5t v\u00e0 h\u00f3a d\u1ea7u, d\u1ea7u kh\u00ed, c\u00f4ng ngh\u1ec7 \u0111i\u1ec7n v\u00e0 \u0111\u00f3ng t\u00e0u, thi\u1ebft b\u1ecb \u0111o nhi\u1ec7t \u0111\u1ed9 \u0111\u01b0\u1ee3c ch\u1ebf t\u1ea1o t\u1eeb th\u00e9p kh\u00f4ng g\u1ec9 \u0111\u01b0\u1ee3c s\u1eed d\u1ee5ng th\u00e0nh c\u00f4ng. V\u1ecf m\u00e1y ch\u1eafc ch\u1eafn, k\u00edn n\u01b0\u1edbc ho\u00e0n to\u00e0n v\u1edbi ti\u00eau chu\u1ea9n b\u1ea3o v\u1ec7 ch\u1ed1ng x\u00e2m nh\u1eadp IP65 cho ph\u00e9p s\u1eed d\u1ee5ng trong \u0111i\u1ec1u ki\u1ec7n m\u00f4i tr\u01b0\u1eddng kh\u1eafc nghi\u1ec7t v\u00e0 rung \u0111\u1ed9ng cao.<\/p>\n<p>V\u1edbi b\u1ed1n k\u00edch th\u01b0\u1edbc danh ngh\u0129a kh\u00e1c nhau, c\u00f3 th\u1ec3 l\u1ef1a ch\u1ecdn k\u00edch th\u01b0\u1edbc t\u1ed1i \u01b0u ph\u00f9 h\u1ee3p v\u1edbi kh\u00f4ng gian v\u00e0 \u0111i\u1ec1u ki\u1ec7n l\u1eafp \u0111\u1eb7t s\u1eb5n c\u00f3.<\/p>\n<p>T\u1ea1i m\u1ed9t v\u1ecb tr\u00ed d\u1ec5 ti\u1ebfp c\u1eadn \u1edf m\u1eb7t sau c\u1ee7a v\u1ecf, \u0111i\u1ec3m zero c\u00f3 th\u1ec3 \u0111\u01b0\u1ee3c \u0111i\u1ec1u ch\u1ec9nh m\u1ed9t c\u00e1ch d\u1ec5 d\u00e0ng.<\/p>\n<p>M\u1eabu TG54 \u0111\u00e1p \u1ee9ng c\u00e1c y\u00eau c\u1ea7u cao v\u1ec1 kh\u1ea3 n\u0103ng ch\u1ed1ng l\u1ea1i c\u00e1c m\u00f4i tr\u01b0\u1eddng \u0103n m\u00f2n. Nh\u01b0 m\u1ed9t t\u00f9y ch\u1ecdn, v\u1ecf, tr\u1ee5c v\u00e0 k\u1ebft n\u1ed1i qu\u00e1 tr\u00ecnh c\u00f3 th\u1ec3 \u0111\u01b0\u1ee3c ch\u1ebf t\u1ea1o t\u1eeb th\u00e9p kh\u00f4ng g\u1ec9 316L.<\/p>","protected":false},"excerpt":{"rendered":"<ul>\n<li>K\u00edch th\u01b0\u1edbc danh ngh\u0129a 63, 80, 100, 160 mm [2,5, 3, 4, 6 inch]<\/li>\n<li>V\u1ecf b\u1ecdc ch\u1eafc ch\u1eafn, k\u00edn kh\u00ed ho\u00e0n to\u00e0n<\/li>\n<li>\u0110\u1eb7t l\u1ea1i t\u1eeb b\u00ean ngo\u00e0i \u0111\u1ec3 thi\u1ebft l\u1eadp nhi\u1ec7t \u0111\u1ed9 tham chi\u1ebfu<\/li>\n<li>M\u1eb7t s\u1ed1 l\u00f5m (ch\u1ed1ng l\u1ec7ch t\u00e2m) \u0111\u1ec3 d\u1ec5 \u0111\u1ecdc.<\/li>\n<li>Phi\u00ean b\u1ea3n c\u00f3 tr\u1ee5c v\u00e0 m\u1eb7t s\u1ed1 \u0111i\u1ec1u ch\u1ec9nh cho ph\u00e9p k\u1ebft n\u1ed1i qu\u00e1 tr\u00ecnh t\u1ed1i \u01b0u.<\/li>\n<\/ul>","protected":false},"featured_media":3660,"template":"","meta":{"_acf_changed":false},"product_brand":[68],"product_cat":[55],"product_tag":[],"class_list":{"0":"post-3664","1":"product","2":"type-product","3":"status-publish","4":"has-post-thumbnail","6":"product_brand-wika","7":"product_cat-wika-dial-thermometers","9":"first","10":"instock","11":"shipping-taxable","12":"product-type-simple"},"acf":[],"yoast_head":"<!-- This site is optimized with the Yoast SEO Premium plugin v26.7 (Yoast SEO v26.7) - https:\/\/yoast.com\/wordpress\/plugins\/seo\/ -->\n<title>Bimetal thermometer Process version per EN 13190 - Your Expert in Pressure Temp and Smart Transmitters - SJ Gauge<\/title>\n<meta name=\"robots\" content=\"index, follow, max-snippet:-1, max-image-preview:large, max-video-preview:-1\" \/>\n<link rel=\"canonical\" href=\"https:\/\/www.sj-gauge.com\/vi\/san-pham\/tg54\/\" \/>\n<meta property=\"og:locale\" content=\"vi_VN\" \/>\n<meta property=\"og:type\" content=\"article\" \/>\n<meta property=\"og:title\" content=\"Bimetal thermometer Process version per EN 13190\" \/>\n<meta property=\"og:description\" content=\"Nominal sizes 63, 80, 100, 160 mm [2.5, 3, 4, 6&quot;]  Robust, hermetically sealed case  External reset for setting the reference temperature  Dished dial (anti-parallax) for ease of reading  Adjustable stem and dial version enables optimal process connection\" \/>\n<meta property=\"og:url\" content=\"https:\/\/www.sj-gauge.com\/vi\/san-pham\/tg54\/\" \/>\n<meta property=\"og:site_name\" content=\"Your Expert in Pressure Temp and Smart Transmitters - SJ Gauge\" \/>\n<meta property=\"article:modified_time\" content=\"2026-01-23T09:10:06+00:00\" \/>\n<meta property=\"og:image\" content=\"https:\/\/www.sj-gauge.com\/wp-content\/uploads\/2026\/01\/SJ-Gauge-wika-tg54-bimetal-thermometer-measurement-image.jpg\" \/>\n\t<meta property=\"og:image:width\" content=\"1200\" \/>\n\t<meta property=\"og:image:height\" content=\"1000\" \/>\n\t<meta property=\"og:image:type\" content=\"image\/jpeg\" \/>\n<meta name=\"twitter:card\" content=\"summary_large_image\" \/>\n<meta name=\"twitter:label1\" content=\"\u01af\u1edbc t\u00ednh th\u1eddi gian \u0111\u1ecdc\" \/>\n\t<meta name=\"twitter:data1\" content=\"1 ph\u00fat\" \/>\n<script type=\"application\/ld+json\" class=\"yoast-schema-graph\">{\"@context\":\"https:\/\/schema.org\",\"@graph\":[{\"@type\":\"WebPage\",\"@id\":\"https:\/\/www.sj-gauge.com\/product\/tg54\/\",\"url\":\"https:\/\/www.sj-gauge.com\/product\/tg54\/\",\"name\":\"Bimetal thermometer Process version per EN 13190 - Your Expert in Pressure Temp and Smart Transmitters - SJ Gauge\",\"isPartOf\":{\"@id\":\"https:\/\/www.sj-gauge.com\/#website\"},\"primaryImageOfPage\":{\"@id\":\"https:\/\/www.sj-gauge.com\/product\/tg54\/#primaryimage\"},\"image\":{\"@id\":\"https:\/\/www.sj-gauge.com\/product\/tg54\/#primaryimage\"},\"thumbnailUrl\":\"https:\/\/www.sj-gauge.com\/wp-content\/uploads\/2026\/01\/SJ-Gauge-wika-tg54-bimetal-thermometer-measurement-image.jpg\",\"datePublished\":\"2026-01-23T09:09:37+00:00\",\"dateModified\":\"2026-01-23T09:10:06+00:00\",\"breadcrumb\":{\"@id\":\"https:\/\/www.sj-gauge.com\/product\/tg54\/#breadcrumb\"},\"inLanguage\":\"vi\",\"potentialAction\":[{\"@type\":\"ReadAction\",\"target\":[\"https:\/\/www.sj-gauge.com\/product\/tg54\/\"]}]},{\"@type\":\"ImageObject\",\"inLanguage\":\"vi\",\"@id\":\"https:\/\/www.sj-gauge.com\/product\/tg54\/#primaryimage\",\"url\":\"https:\/\/www.sj-gauge.com\/wp-content\/uploads\/2026\/01\/SJ-Gauge-wika-tg54-bimetal-thermometer-measurement-image.jpg\",\"contentUrl\":\"https:\/\/www.sj-gauge.com\/wp-content\/uploads\/2026\/01\/SJ-Gauge-wika-tg54-bimetal-thermometer-measurement-image.jpg\",\"width\":1200,\"height\":1000},{\"@type\":\"BreadcrumbList\",\"@id\":\"https:\/\/www.sj-gauge.com\/product\/tg54\/#breadcrumb\",\"itemListElement\":[{\"@type\":\"ListItem\",\"position\":1,\"name\":\"Home\",\"item\":\"https:\/\/www.sj-gauge.com\/\"},{\"@type\":\"ListItem\",\"position\":2,\"name\":\"Products\",\"item\":\"https:\/\/www.sj-gauge.com\/products\/\"},{\"@type\":\"ListItem\",\"position\":3,\"name\":\"Bimetal thermometer Process version per EN 13190\"}]},{\"@type\":\"WebSite\",\"@id\":\"https:\/\/www.sj-gauge.com\/#website\",\"url\":\"https:\/\/www.sj-gauge.com\/\",\"name\":\"Your Expert in Pressure Temp and Smart Transmitters - SJ Gauge\",\"description\":\"Manufacturer of industrial pressure gauges, pressure sensors, and transmitters. SJ Gauge provides high accuracy, durable materials, and custom solutions for oil &amp; gas, chemical, and industrial applications.\",\"publisher\":{\"@id\":\"https:\/\/www.sj-gauge.com\/#organization\"},\"potentialAction\":[{\"@type\":\"SearchAction\",\"target\":{\"@type\":\"EntryPoint\",\"urlTemplate\":\"https:\/\/www.sj-gauge.com\/?s={search_term_string}\"},\"query-input\":{\"@type\":\"PropertyValueSpecification\",\"valueRequired\":true,\"valueName\":\"search_term_string\"}}],\"inLanguage\":\"vi\"},{\"@type\":\"Organization\",\"@id\":\"https:\/\/www.sj-gauge.com\/#organization\",\"name\":\"Your Expert in Pressure Temp and Smart Transmitters - SJ Gauge\",\"url\":\"https:\/\/www.sj-gauge.com\/\",\"logo\":{\"@type\":\"ImageObject\",\"inLanguage\":\"vi\",\"@id\":\"https:\/\/www.sj-gauge.com\/#\/schema\/logo\/image\/\",\"url\":\"https:\/\/www.sj-gauge.com\/wp-content\/uploads\/2025\/09\/logo.webp\",\"contentUrl\":\"https:\/\/www.sj-gauge.com\/wp-content\/uploads\/2025\/09\/logo.webp\",\"width\":348,\"height\":184,\"caption\":\"Your Expert in Pressure Temp and Smart Transmitters - SJ Gauge\"},\"image\":{\"@id\":\"https:\/\/www.sj-gauge.com\/#\/schema\/logo\/image\/\"}}]}<\/script>\n<!-- \/ Yoast SEO Premium plugin. -->","yoast_head_json":{"title":"Thermometer bimetal Phi\u00ean b\u1ea3n quy tr\u00ecnh theo ti\u00eau chu\u1ea9n EN 13190 - Chuy\u00ean gia h\u00e0ng \u0111\u1ea7u v\u1ec1 \u00e1p su\u1ea5t, nhi\u1ec7t \u0111\u1ed9 v\u00e0 b\u1ed9 truy\u1ec1n t\u00edn hi\u1ec7u th\u00f4ng minh - SJ Gauge","robots":{"index":"index","follow":"follow","max-snippet":"max-snippet:-1","max-image-preview":"max-image-preview:large","max-video-preview":"max-video-preview:-1"},"canonical":"https:\/\/www.sj-gauge.com\/vi\/san-pham\/tg54\/","og_locale":"vi_VN","og_type":"article","og_title":"Bimetal thermometer Process version per EN 13190","og_description":"Nominal sizes 63, 80, 100, 160 mm [2.5, 3, 4, 6\"]  Robust, hermetically sealed case  External reset for setting the reference temperature  Dished dial (anti-parallax) for ease of reading  Adjustable stem and dial version enables optimal process connection","og_url":"https:\/\/www.sj-gauge.com\/vi\/san-pham\/tg54\/","og_site_name":"Your Expert in Pressure Temp and Smart Transmitters - SJ Gauge","article_modified_time":"2026-01-23T09:10:06+00:00","og_image":[{"width":1200,"height":1000,"url":"https:\/\/www.sj-gauge.com\/wp-content\/uploads\/2026\/01\/SJ-Gauge-wika-tg54-bimetal-thermometer-measurement-image.jpg","type":"image\/jpeg"}],"twitter_card":"summary_large_image","twitter_misc":{"\u01af\u1edbc t\u00ednh th\u1eddi gian \u0111\u1ecdc":"1 ph\u00fat"},"schema":{"@context":"https:\/\/schema.org","@graph":[{"@type":"WebPage","@id":"https:\/\/www.sj-gauge.com\/product\/tg54\/","url":"https:\/\/www.sj-gauge.com\/product\/tg54\/","name":"Thermometer bimetal Phi\u00ean b\u1ea3n quy tr\u00ecnh theo ti\u00eau chu\u1ea9n EN 13190 - Chuy\u00ean gia h\u00e0ng \u0111\u1ea7u v\u1ec1 \u00e1p su\u1ea5t, nhi\u1ec7t \u0111\u1ed9 v\u00e0 b\u1ed9 truy\u1ec1n t\u00edn hi\u1ec7u th\u00f4ng minh - SJ Gauge","isPartOf":{"@id":"https:\/\/www.sj-gauge.com\/#website"},"primaryImageOfPage":{"@id":"https:\/\/www.sj-gauge.com\/product\/tg54\/#primaryimage"},"image":{"@id":"https:\/\/www.sj-gauge.com\/product\/tg54\/#primaryimage"},"thumbnailUrl":"https:\/\/www.sj-gauge.com\/wp-content\/uploads\/2026\/01\/SJ-Gauge-wika-tg54-bimetal-thermometer-measurement-image.jpg","datePublished":"2026-01-23T09:09:37+00:00","dateModified":"2026-01-23T09:10:06+00:00","breadcrumb":{"@id":"https:\/\/www.sj-gauge.com\/product\/tg54\/#breadcrumb"},"inLanguage":"vi","potentialAction":[{"@type":"ReadAction","target":["https:\/\/www.sj-gauge.com\/product\/tg54\/"]}]},{"@type":"ImageObject","inLanguage":"vi","@id":"https:\/\/www.sj-gauge.com\/product\/tg54\/#primaryimage","url":"https:\/\/www.sj-gauge.com\/wp-content\/uploads\/2026\/01\/SJ-Gauge-wika-tg54-bimetal-thermometer-measurement-image.jpg","contentUrl":"https:\/\/www.sj-gauge.com\/wp-content\/uploads\/2026\/01\/SJ-Gauge-wika-tg54-bimetal-thermometer-measurement-image.jpg","width":1200,"height":1000},{"@type":"BreadcrumbList","@id":"https:\/\/www.sj-gauge.com\/product\/tg54\/#breadcrumb","itemListElement":[{"@type":"ListItem","position":1,"name":"Home","item":"https:\/\/www.sj-gauge.com\/"},{"@type":"ListItem","position":2,"name":"Products","item":"https:\/\/www.sj-gauge.com\/products\/"},{"@type":"ListItem","position":3,"name":"Bimetal thermometer Process version per EN 13190"}]},{"@type":"WebSite","@id":"https:\/\/www.sj-gauge.com\/#website","url":"https:\/\/www.sj-gauge.com\/","name":"Chuy\u00ean gia v\u1ec1 c\u1ea3m bi\u1ebfn \u00e1p su\u1ea5t, nhi\u1ec7t \u0111\u1ed9 v\u00e0 c\u1ea3m bi\u1ebfn th\u00f4ng minh - SJ Gauge","description":"Nh\u00e0 s\u1ea3n xu\u1ea5t \u0111\u1ed3ng h\u1ed3 \u0111o \u00e1p su\u1ea5t c\u00f4ng nghi\u1ec7p, c\u1ea3m bi\u1ebfn \u00e1p su\u1ea5t v\u00e0 b\u1ed9 truy\u1ec1n t\u00edn hi\u1ec7u. SJ Gauge cung c\u1ea5p c\u00e1c s\u1ea3n ph\u1ea9m c\u00f3 \u0111\u1ed9 ch\u00ednh x\u00e1c cao, \u0111\u01b0\u1ee3c ch\u1ebf t\u1ea1o t\u1eeb v\u1eadt li\u1ec7u b\u1ec1n b\u1ec9 v\u00e0 c\u00e1c gi\u1ea3i ph\u00e1p t\u00f9y ch\u1ec9nh d\u00e0nh cho c\u00e1c \u1ee9ng d\u1ee5ng trong ng\u00e0nh d\u1ea7u kh\u00ed, h\u00f3a ch\u1ea5t v\u00e0 c\u00f4ng nghi\u1ec7p.","publisher":{"@id":"https:\/\/www.sj-gauge.com\/#organization"},"potentialAction":[{"@type":"SearchAction","target":{"@type":"EntryPoint","urlTemplate":"https:\/\/www.sj-gauge.com\/?s={search_term_string}"},"query-input":{"@type":"PropertyValueSpecification","valueRequired":true,"valueName":"search_term_string"}}],"inLanguage":"vi"},{"@type":"Organization","@id":"https:\/\/www.sj-gauge.com\/#organization","name":"Chuy\u00ean gia v\u1ec1 c\u1ea3m bi\u1ebfn \u00e1p su\u1ea5t, nhi\u1ec7t \u0111\u1ed9 v\u00e0 c\u1ea3m bi\u1ebfn th\u00f4ng minh - SJ Gauge","url":"https:\/\/www.sj-gauge.com\/","logo":{"@type":"ImageObject","inLanguage":"vi","@id":"https:\/\/www.sj-gauge.com\/#\/schema\/logo\/image\/","url":"https:\/\/www.sj-gauge.com\/wp-content\/uploads\/2025\/09\/logo.webp","contentUrl":"https:\/\/www.sj-gauge.com\/wp-content\/uploads\/2025\/09\/logo.webp","width":348,"height":184,"caption":"Your Expert in Pressure Temp and Smart Transmitters - SJ Gauge"},"image":{"@id":"https:\/\/www.sj-gauge.com\/#\/schema\/logo\/image\/"}}]}},"_links":{"self":[{"href":"https:\/\/www.sj-gauge.com\/vi\/wp-json\/wp\/v2\/product\/3664","targetHints":{"allow":["GET"]}}],"collection":[{"href":"https:\/\/www.sj-gauge.com\/vi\/wp-json\/wp\/v2\/product"}],"about":[{"href":"https:\/\/www.sj-gauge.com\/vi\/wp-json\/wp\/v2\/types\/product"}],"wp:featuredmedia":[{"embeddable":true,"href":"https:\/\/www.sj-gauge.com\/vi\/wp-json\/wp\/v2\/media\/3660"}],"wp:attachment":[{"href":"https:\/\/www.sj-gauge.com\/vi\/wp-json\/wp\/v2\/media?parent=3664"}],"wp:term":[{"taxonomy":"product_brand","embeddable":true,"href":"https:\/\/www.sj-gauge.com\/vi\/wp-json\/wp\/v2\/product_brand?post=3664"},{"taxonomy":"product_cat","embeddable":true,"href":"https:\/\/www.sj-gauge.com\/vi\/wp-json\/wp\/v2\/product_cat?post=3664"},{"taxonomy":"product_tag","embeddable":true,"href":"https:\/\/www.sj-gauge.com\/vi\/wp-json\/wp\/v2\/product_tag?post=3664"}],"curies":[{"name":"wp","href":"https:\/\/api.w.org\/{rel}","templated":true}]}}