{"id":3665,"date":"2026-01-23T17:20:07","date_gmt":"2026-01-23T09:20:07","guid":{"rendered":"https:\/\/sj-gauge.com\/?post_type=product&#038;p=3665"},"modified":"2026-02-10T11:18:52","modified_gmt":"2026-02-10T03:18:52","slug":"tr33","status":"publish","type":"product","link":"https:\/\/www.sj-gauge.com\/vi\/san-pham\/tr33\/","title":{"rendered":"C\u1ea3m bi\u1ebfn nhi\u1ec7t \u0111i\u1ec7n tr\u1edf mini c\u00f3 ren"},"content":{"rendered":"<p>C\u00e1c nhi\u1ec7t k\u1ebf \u0111i\u1ec7n tr\u1edf c\u1ee7a series n\u00e0y \u0111\u01b0\u1ee3c s\u1eed d\u1ee5ng nh\u01b0 nhi\u1ec7t k\u1ebf \u0111a n\u0103ng \u0111\u1ec3 \u0111o nhi\u1ec7t \u0111\u1ed9 c\u1ee7a c\u00e1c m\u00f4i tr\u01b0\u1eddng l\u1ecfng v\u00e0 kh\u00ed trong kho\u1ea3ng nhi\u1ec7t \u0111\u1ed9 t\u1eeb -50 \u2026 +250 \u00b0C [-58 \u2026 +482 \u00b0F].<\/p>\n<p>Ch\u00fang c\u00f3 th\u1ec3 \u0111\u01b0\u1ee3c s\u1eed d\u1ee5ng cho \u00e1p su\u1ea5t l\u00ean \u0111\u1ebfn 140 bar [2.030 psi] v\u1edbi \u0111\u01b0\u1eddng k\u00ednh \u1ed1ng b\u1ea3o v\u1ec7 3 mm [0,12 in] v\u00e0 l\u00ean \u0111\u1ebfn 270 bar [3.916 psi] v\u1edbi \u0111\u01b0\u1eddng k\u00ednh \u1ed1ng b\u1ea3o v\u1ec7 6 mm [0,24 in], t\u00f9y thu\u1ed9c v\u00e0o phi\u00ean b\u1ea3n thi\u1ebft b\u1ecb. T\u1ea5t c\u1ea3 c\u00e1c th\u00e0nh ph\u1ea7n \u0111i\u1ec7n \u0111\u1ec1u \u0111\u01b0\u1ee3c b\u1ea3o v\u1ec7 ch\u1ed1ng \u1ea9m (IP67 ho\u1eb7c IP69K) v\u00e0 \u0111\u01b0\u1ee3c thi\u1ebft k\u1ebf \u0111\u1ec3 ch\u1ecbu \u0111\u01b0\u1ee3c rung \u0111\u1ed9ng (20 g, t\u00f9y thu\u1ed9c v\u00e0o phi\u00ean b\u1ea3n thi\u1ebft b\u1ecb).<\/p>\n<p>C\u1ea3m bi\u1ebfn nhi\u1ec7t \u0111i\u1ec7n tr\u1edf c\u00f3 s\u1eb5n v\u1edbi \u0111\u1ea7u ra c\u1ea3m bi\u1ebfn tr\u1ef1c ti\u1ebfp ho\u1eb7c b\u1ed9 truy\u1ec1n t\u00edn hi\u1ec7u t\u00edch h\u1ee3p, c\u00f3 th\u1ec3 \u0111\u01b0\u1ee3c c\u1ea5u h\u00ecnh ri\u00eang l\u1ebb th\u00f4ng qua ph\u1ea7n m\u1ec1m c\u1ea5u h\u00ecnh PC WIKAsoft-TT. Ph\u1ea1m vi \u0111o, \u0111\u1ed9 gi\u1ea3m ch\u1ea5n, t\u00edn hi\u1ec7u l\u1ed7i theo ti\u00eau chu\u1ea9n NAMUR NE 043 v\u00e0 s\u1ed1 th\u1ebb c\u00f3 th\u1ec3 \u0111\u01b0\u1ee3c \u0111i\u1ec1u ch\u1ec9nh.<\/p>\n<p>Chi\u1ec1u d\u00e0i l\u1eafp \u0111\u1eb7t, k\u1ebft n\u1ed1i qu\u00e1 tr\u00ecnh, c\u1ea3m bi\u1ebfn v\u00e0 ph\u01b0\u01a1ng ph\u00e1p k\u1ebft n\u1ed1i c\u00f3 th\u1ec3 \u0111\u01b0\u1ee3c l\u1ef1a ch\u1ecdn ri\u00eang bi\u1ec7t cho t\u1eebng \u1ee9ng d\u1ee5ng trong th\u00f4ng tin \u0111\u1eb7t h\u00e0ng. M\u1eabu nhi\u1ec7t k\u1ebf \u0111i\u1ec7n tr\u1edf TR33 bao g\u1ed3m \u1ed1ng b\u1ea3o v\u1ec7 c\u00f3 k\u1ebft n\u1ed1i qu\u00e1 tr\u00ecnh c\u1ed1 \u0111\u1ecbnh v\u00e0 \u0111\u01b0\u1ee3c v\u1eb7n tr\u1ef1c ti\u1ebfp v\u00e0o qu\u00e1 tr\u00ecnh.<\/p>\n<p>K\u1ebft n\u1ed1i \u0111i\u1ec7n \u0111\u01b0\u1ee3c th\u1ef1c hi\u1ec7n th\u00f4ng qua \u0111\u1ea7u n\u1ed1i tr\u00f2n M12 x 1. \u0110\u1ea7u n\u1ed1i g\u00f3c cho k\u1ebft n\u1ed1i \u0111i\u1ec7n theo ti\u00eau chu\u1ea9n DIN EN 175301-803 c\u00f3 th\u1ec3 \u0111\u01b0\u1ee3c cung c\u1ea5p t\u00f9y ch\u1ecdn (b\u1eb1ng s\u00e1ng ch\u1ebf, quy\u1ec1n s\u1edf h\u1eefu c\u00f4ng nghi\u1ec7p: 001370985).<\/p>","protected":false},"excerpt":{"rendered":"<ul>\n<li>Thi\u1ebft k\u1ebf r\u1ea5t g\u1ecdn nh\u1eb9, kh\u1ea3 n\u0103ng ch\u1ed1ng rung cao v\u00e0 th\u1eddi gian ph\u1ea3n h\u1ed3i nhanh.<\/li>\n<li>V\u1edbi \u0111\u1ea7u ra c\u1ea3m bi\u1ebfn tr\u1ef1c ti\u1ebfp (Pt100, Pt1000 trong k\u1ebft n\u1ed1i 2, 3 ho\u1eb7c 4 d\u00e2y) ho\u1eb7c b\u1ed9 truy\u1ec1n t\u00edn hi\u1ec7u t\u00edch h\u1ee3p v\u1edbi t\u00edn hi\u1ec7u \u0111\u1ea7u ra 4 \u2026 20 mA.<\/li>\n<li>B\u1ed9 ph\u00e1t t\u00edch h\u1ee3p c\u00f3 th\u1ec3 \u0111\u01b0\u1ee3c c\u1ea5u h\u00ecnh ri\u00eang l\u1ebb b\u1eb1ng ph\u1ea7n m\u1ec1m c\u1ea5u h\u00ecnh PC WIKAsoft-TT mi\u1ec5n ph\u00ed.<\/li>\n<li>C\u1ea3m bi\u1ebfn c\u00f3 \u0111\u1ed9 ch\u00ednh x\u00e1c lo\u1ea1i A theo ti\u00eau chu\u1ea9n IEC 60751<\/li>\n<\/ul>","protected":false},"featured_media":3667,"template":"","meta":{"_acf_changed":false},"product_brand":[68],"product_cat":[56],"product_tag":[],"class_list":{"0":"post-3665","1":"product","2":"type-product","3":"status-publish","4":"has-post-thumbnail","6":"product_brand-wika","7":"product_cat-wika-resistance-thermometers","9":"first","10":"instock","11":"shipping-taxable","12":"product-type-simple"},"acf":[],"yoast_head":"<!-- This site is optimized with the Yoast SEO Premium plugin v26.7 (Yoast SEO v27.4) - https:\/\/yoast.com\/product\/yoast-seo-premium-wordpress\/ -->\n<title>Miniature resistance thermometer Threaded - SJ Gauge | Pressure Gauges, Thermometers &amp; Pressure Sensors<\/title>\n<meta name=\"description\" content=\"Miniature resistance thermometer TR33 with threaded process connection, designed for liquid and gas temperature measurement from -50 to +250\u00b0C. High vibration resistance, Pt100\/Pt1000 sensor or 4\u201320 mA output available.\" \/>\n<meta name=\"robots\" content=\"index, follow, max-snippet:-1, max-image-preview:large, max-video-preview:-1\" \/>\n<link rel=\"canonical\" href=\"https:\/\/www.sj-gauge.com\/vi\/san-pham\/tr33\/\" \/>\n<meta property=\"og:locale\" content=\"vi_VN\" \/>\n<meta property=\"og:type\" content=\"article\" \/>\n<meta property=\"og:title\" content=\"Miniature resistance thermometer Threaded\" \/>\n<meta property=\"og:description\" content=\"Miniature resistance thermometer TR33 with threaded process connection, designed for liquid and gas temperature measurement from -50 to +250\u00b0C. High vibration resistance, Pt100\/Pt1000 sensor or 4\u201320 mA output available.\" \/>\n<meta property=\"og:url\" content=\"https:\/\/www.sj-gauge.com\/vi\/san-pham\/tr33\/\" \/>\n<meta property=\"og:site_name\" content=\"SJ Gauge | Pressure Gauges, Thermometers &amp; Pressure Sensors\" \/>\n<meta property=\"article:modified_time\" content=\"2026-02-10T03:18:52+00:00\" \/>\n<meta property=\"og:image\" content=\"https:\/\/www.sj-gauge.com\/wp-content\/uploads\/2026\/01\/SJ-Gauge-wika-tr33-thermometer-image.jpg\" \/>\n\t<meta property=\"og:image:width\" content=\"1200\" \/>\n\t<meta property=\"og:image:height\" content=\"1000\" \/>\n\t<meta property=\"og:image:type\" content=\"image\/jpeg\" \/>\n<meta name=\"twitter:card\" content=\"summary_large_image\" \/>\n<meta name=\"twitter:label1\" content=\"\u01af\u1edbc t\u00ednh th\u1eddi gian \u0111\u1ecdc\" \/>\n\t<meta name=\"twitter:data1\" content=\"2 ph\u00fat\" \/>\n<script type=\"application\/ld+json\" class=\"yoast-schema-graph\">{\"@context\":\"https:\\\/\\\/schema.org\",\"@graph\":[{\"@type\":\"WebPage\",\"@id\":\"https:\\\/\\\/www.sj-gauge.com\\\/product\\\/tr33\\\/\",\"url\":\"https:\\\/\\\/www.sj-gauge.com\\\/product\\\/tr33\\\/\",\"name\":\"Miniature resistance thermometer Threaded - SJ Gauge | Pressure Gauges, Thermometers &amp; Pressure Sensors\",\"isPartOf\":{\"@id\":\"https:\\\/\\\/www.sj-gauge.com\\\/#website\"},\"primaryImageOfPage\":{\"@id\":\"https:\\\/\\\/www.sj-gauge.com\\\/product\\\/tr33\\\/#primaryimage\"},\"image\":{\"@id\":\"https:\\\/\\\/www.sj-gauge.com\\\/product\\\/tr33\\\/#primaryimage\"},\"thumbnailUrl\":\"https:\\\/\\\/www.sj-gauge.com\\\/wp-content\\\/uploads\\\/2026\\\/01\\\/SJ-Gauge-wika-tr33-thermometer-image.jpg\",\"datePublished\":\"2026-01-23T09:20:07+00:00\",\"dateModified\":\"2026-02-10T03:18:52+00:00\",\"description\":\"Miniature resistance thermometer TR33 with threaded process connection, designed for liquid and gas temperature measurement from -50 to +250\u00b0C. High vibration resistance, Pt100\\\/Pt1000 sensor or 4\u201320 mA output available.\",\"breadcrumb\":{\"@id\":\"https:\\\/\\\/www.sj-gauge.com\\\/product\\\/tr33\\\/#breadcrumb\"},\"inLanguage\":\"vi\",\"potentialAction\":[{\"@type\":\"ReadAction\",\"target\":[\"https:\\\/\\\/www.sj-gauge.com\\\/product\\\/tr33\\\/\"]}]},{\"@type\":\"ImageObject\",\"inLanguage\":\"vi\",\"@id\":\"https:\\\/\\\/www.sj-gauge.com\\\/product\\\/tr33\\\/#primaryimage\",\"url\":\"https:\\\/\\\/www.sj-gauge.com\\\/wp-content\\\/uploads\\\/2026\\\/01\\\/SJ-Gauge-wika-tr33-thermometer-image.jpg\",\"contentUrl\":\"https:\\\/\\\/www.sj-gauge.com\\\/wp-content\\\/uploads\\\/2026\\\/01\\\/SJ-Gauge-wika-tr33-thermometer-image.jpg\",\"width\":1200,\"height\":1000},{\"@type\":\"BreadcrumbList\",\"@id\":\"https:\\\/\\\/www.sj-gauge.com\\\/product\\\/tr33\\\/#breadcrumb\",\"itemListElement\":[{\"@type\":\"ListItem\",\"position\":1,\"name\":\"Home\",\"item\":\"https:\\\/\\\/www.sj-gauge.com\\\/\"},{\"@type\":\"ListItem\",\"position\":2,\"name\":\"Products\",\"item\":\"https:\\\/\\\/www.sj-gauge.com\\\/products\\\/\"},{\"@type\":\"ListItem\",\"position\":3,\"name\":\"Miniature resistance thermometer Threaded\"}]},{\"@type\":\"WebSite\",\"@id\":\"https:\\\/\\\/www.sj-gauge.com\\\/#website\",\"url\":\"https:\\\/\\\/www.sj-gauge.com\\\/\",\"name\":\"SJ Gauge | Pressure Gauges, Thermometers &amp; Pressure Sensors\",\"description\":\"Manufacturer of industrial pressure gauges, pressure sensors, and transmitters. SJ Gauge provides high accuracy, durable materials, and custom solutions for oil &amp; gas, chemical, and industrial applications.\",\"publisher\":{\"@id\":\"https:\\\/\\\/www.sj-gauge.com\\\/#organization\"},\"potentialAction\":[{\"@type\":\"SearchAction\",\"target\":{\"@type\":\"EntryPoint\",\"urlTemplate\":\"https:\\\/\\\/www.sj-gauge.com\\\/?s={search_term_string}\"},\"query-input\":{\"@type\":\"PropertyValueSpecification\",\"valueRequired\":true,\"valueName\":\"search_term_string\"}}],\"inLanguage\":\"vi\"},{\"@type\":\"Organization\",\"@id\":\"https:\\\/\\\/www.sj-gauge.com\\\/#organization\",\"name\":\"SJ Gauge | Pressure Gauges, Thermometers &amp; Pressure Sensors\",\"url\":\"https:\\\/\\\/www.sj-gauge.com\\\/\",\"logo\":{\"@type\":\"ImageObject\",\"inLanguage\":\"vi\",\"@id\":\"https:\\\/\\\/www.sj-gauge.com\\\/#\\\/schema\\\/logo\\\/image\\\/\",\"url\":\"https:\\\/\\\/www.sj-gauge.com\\\/wp-content\\\/uploads\\\/2025\\\/09\\\/logo.webp\",\"contentUrl\":\"https:\\\/\\\/www.sj-gauge.com\\\/wp-content\\\/uploads\\\/2025\\\/09\\\/logo.webp\",\"width\":348,\"height\":184,\"caption\":\"SJ Gauge | Pressure Gauges, Thermometers &amp; Pressure Sensors\"},\"image\":{\"@id\":\"https:\\\/\\\/www.sj-gauge.com\\\/#\\\/schema\\\/logo\\\/image\\\/\"}}]}<\/script>\n<!-- \/ Yoast SEO Premium plugin. -->","yoast_head_json":{"title":"Miniature resistance thermometer Threaded - SJ Gauge | Pressure Gauges, Thermometers &amp; Pressure Sensors","description":"C\u1ea3m bi\u1ebfn nhi\u1ec7t \u0111i\u1ec7n tr\u1edf mini TR33 v\u1edbi k\u1ebft n\u1ed1i qu\u00e1 tr\u00ecnh c\u00f3 ren, \u0111\u01b0\u1ee3c thi\u1ebft k\u1ebf \u0111\u1ec3 \u0111o nhi\u1ec7t \u0111\u1ed9 ch\u1ea5t l\u1ecfng v\u00e0 kh\u00ed trong kho\u1ea3ng t\u1eeb -50 \u0111\u1ebfn +250\u00b0C. Ch\u1ed1ng rung cao, c\u00f3 s\u1eb5n c\u1ea3m bi\u1ebfn Pt100\/Pt1000 ho\u1eb7c \u0111\u1ea7u ra 4\u201320 mA.","robots":{"index":"index","follow":"follow","max-snippet":"max-snippet:-1","max-image-preview":"max-image-preview:large","max-video-preview":"max-video-preview:-1"},"canonical":"https:\/\/www.sj-gauge.com\/vi\/san-pham\/tr33\/","og_locale":"vi_VN","og_type":"article","og_title":"Miniature resistance thermometer Threaded","og_description":"Miniature resistance thermometer TR33 with threaded process connection, designed for liquid and gas temperature measurement from -50 to +250\u00b0C. High vibration resistance, Pt100\/Pt1000 sensor or 4\u201320 mA output available.","og_url":"https:\/\/www.sj-gauge.com\/vi\/san-pham\/tr33\/","og_site_name":"SJ Gauge | Pressure Gauges, Thermometers &amp; Pressure Sensors","article_modified_time":"2026-02-10T03:18:52+00:00","og_image":[{"width":1200,"height":1000,"url":"https:\/\/www.sj-gauge.com\/wp-content\/uploads\/2026\/01\/SJ-Gauge-wika-tr33-thermometer-image.jpg","type":"image\/jpeg"}],"twitter_card":"summary_large_image","twitter_misc":{"\u01af\u1edbc t\u00ednh th\u1eddi gian \u0111\u1ecdc":"2 ph\u00fat"},"schema":{"@context":"https:\/\/schema.org","@graph":[{"@type":"WebPage","@id":"https:\/\/www.sj-gauge.com\/product\/tr33\/","url":"https:\/\/www.sj-gauge.com\/product\/tr33\/","name":"Miniature resistance thermometer Threaded - SJ Gauge | Pressure Gauges, Thermometers &amp; Pressure Sensors","isPartOf":{"@id":"https:\/\/www.sj-gauge.com\/#website"},"primaryImageOfPage":{"@id":"https:\/\/www.sj-gauge.com\/product\/tr33\/#primaryimage"},"image":{"@id":"https:\/\/www.sj-gauge.com\/product\/tr33\/#primaryimage"},"thumbnailUrl":"https:\/\/www.sj-gauge.com\/wp-content\/uploads\/2026\/01\/SJ-Gauge-wika-tr33-thermometer-image.jpg","datePublished":"2026-01-23T09:20:07+00:00","dateModified":"2026-02-10T03:18:52+00:00","description":"C\u1ea3m bi\u1ebfn nhi\u1ec7t \u0111i\u1ec7n tr\u1edf mini TR33 v\u1edbi k\u1ebft n\u1ed1i qu\u00e1 tr\u00ecnh c\u00f3 ren, \u0111\u01b0\u1ee3c thi\u1ebft k\u1ebf \u0111\u1ec3 \u0111o nhi\u1ec7t \u0111\u1ed9 ch\u1ea5t l\u1ecfng v\u00e0 kh\u00ed trong kho\u1ea3ng t\u1eeb -50 \u0111\u1ebfn +250\u00b0C. Ch\u1ed1ng rung cao, c\u00f3 s\u1eb5n c\u1ea3m bi\u1ebfn Pt100\/Pt1000 ho\u1eb7c \u0111\u1ea7u ra 4\u201320 mA.","breadcrumb":{"@id":"https:\/\/www.sj-gauge.com\/product\/tr33\/#breadcrumb"},"inLanguage":"vi","potentialAction":[{"@type":"ReadAction","target":["https:\/\/www.sj-gauge.com\/product\/tr33\/"]}]},{"@type":"ImageObject","inLanguage":"vi","@id":"https:\/\/www.sj-gauge.com\/product\/tr33\/#primaryimage","url":"https:\/\/www.sj-gauge.com\/wp-content\/uploads\/2026\/01\/SJ-Gauge-wika-tr33-thermometer-image.jpg","contentUrl":"https:\/\/www.sj-gauge.com\/wp-content\/uploads\/2026\/01\/SJ-Gauge-wika-tr33-thermometer-image.jpg","width":1200,"height":1000},{"@type":"BreadcrumbList","@id":"https:\/\/www.sj-gauge.com\/product\/tr33\/#breadcrumb","itemListElement":[{"@type":"ListItem","position":1,"name":"Home","item":"https:\/\/www.sj-gauge.com\/"},{"@type":"ListItem","position":2,"name":"Products","item":"https:\/\/www.sj-gauge.com\/products\/"},{"@type":"ListItem","position":3,"name":"Miniature resistance thermometer Threaded"}]},{"@type":"WebSite","@id":"https:\/\/www.sj-gauge.com\/#website","url":"https:\/\/www.sj-gauge.com\/","name":"SJ Gauge | \u0110\u1ed3ng h\u1ed3 \u0111o \u00e1p su\u1ea5t, nhi\u1ec7t k\u1ebf v\u00e0 c\u1ea3m bi\u1ebfn \u00e1p su\u1ea5t","description":"Nh\u00e0 s\u1ea3n xu\u1ea5t \u0111\u1ed3ng h\u1ed3 \u0111o \u00e1p su\u1ea5t c\u00f4ng nghi\u1ec7p, c\u1ea3m bi\u1ebfn \u00e1p su\u1ea5t v\u00e0 b\u1ed9 truy\u1ec1n t\u00edn hi\u1ec7u. SJ Gauge cung c\u1ea5p c\u00e1c s\u1ea3n ph\u1ea9m c\u00f3 \u0111\u1ed9 ch\u00ednh x\u00e1c cao, \u0111\u01b0\u1ee3c ch\u1ebf t\u1ea1o t\u1eeb v\u1eadt li\u1ec7u b\u1ec1n b\u1ec9 v\u00e0 c\u00e1c gi\u1ea3i ph\u00e1p t\u00f9y ch\u1ec9nh d\u00e0nh cho c\u00e1c \u1ee9ng d\u1ee5ng trong ng\u00e0nh d\u1ea7u kh\u00ed, h\u00f3a ch\u1ea5t v\u00e0 c\u00f4ng nghi\u1ec7p.","publisher":{"@id":"https:\/\/www.sj-gauge.com\/#organization"},"potentialAction":[{"@type":"SearchAction","target":{"@type":"EntryPoint","urlTemplate":"https:\/\/www.sj-gauge.com\/?s={search_term_string}"},"query-input":{"@type":"PropertyValueSpecification","valueRequired":true,"valueName":"search_term_string"}}],"inLanguage":"vi"},{"@type":"Organization","@id":"https:\/\/www.sj-gauge.com\/#organization","name":"SJ Gauge | \u0110\u1ed3ng h\u1ed3 \u0111o \u00e1p su\u1ea5t, nhi\u1ec7t k\u1ebf v\u00e0 c\u1ea3m bi\u1ebfn \u00e1p su\u1ea5t","url":"https:\/\/www.sj-gauge.com\/","logo":{"@type":"ImageObject","inLanguage":"vi","@id":"https:\/\/www.sj-gauge.com\/#\/schema\/logo\/image\/","url":"https:\/\/www.sj-gauge.com\/wp-content\/uploads\/2025\/09\/logo.webp","contentUrl":"https:\/\/www.sj-gauge.com\/wp-content\/uploads\/2025\/09\/logo.webp","width":348,"height":184,"caption":"SJ Gauge | Pressure Gauges, Thermometers &amp; Pressure Sensors"},"image":{"@id":"https:\/\/www.sj-gauge.com\/#\/schema\/logo\/image\/"}}]}},"_links":{"self":[{"href":"https:\/\/www.sj-gauge.com\/vi\/wp-json\/wp\/v2\/product\/3665","targetHints":{"allow":["GET"]}}],"collection":[{"href":"https:\/\/www.sj-gauge.com\/vi\/wp-json\/wp\/v2\/product"}],"about":[{"href":"https:\/\/www.sj-gauge.com\/vi\/wp-json\/wp\/v2\/types\/product"}],"wp:featuredmedia":[{"embeddable":true,"href":"https:\/\/www.sj-gauge.com\/vi\/wp-json\/wp\/v2\/media\/3667"}],"wp:attachment":[{"href":"https:\/\/www.sj-gauge.com\/vi\/wp-json\/wp\/v2\/media?parent=3665"}],"wp:term":[{"taxonomy":"product_brand","embeddable":true,"href":"https:\/\/www.sj-gauge.com\/vi\/wp-json\/wp\/v2\/product_brand?post=3665"},{"taxonomy":"product_cat","embeddable":true,"href":"https:\/\/www.sj-gauge.com\/vi\/wp-json\/wp\/v2\/product_cat?post=3665"},{"taxonomy":"product_tag","embeddable":true,"href":"https:\/\/www.sj-gauge.com\/vi\/wp-json\/wp\/v2\/product_tag?post=3665"}],"curies":[{"name":"wp","href":"https:\/\/api.w.org\/{rel}","templated":true}]}}