{"id":3668,"date":"2026-01-23T17:29:05","date_gmt":"2026-01-23T09:29:05","guid":{"rendered":"https:\/\/sj-gauge.com\/?post_type=product&#038;p=3668"},"modified":"2026-03-31T10:07:45","modified_gmt":"2026-03-31T02:07:45","slug":"t15","status":"publish","type":"product","link":"https:\/\/www.sj-gauge.com\/vi\/san-pham\/t15\/","title":{"rendered":"B\u1ed9 truy\u1ec1n nhi\u1ec7t \u0111\u1ed9 k\u1ef9 thu\u1eadt s\u1ed1 D\u00e0nh cho c\u1ea3m bi\u1ebfn \u0111i\u1ec7n tr\u1edf, phi\u00ean b\u1ea3n l\u1eafp tr\u00ean \u0111\u1ea7u v\u00e0 tr\u00ean ray"},"content":{"rendered":"<p>C\u00e1c b\u1ed9 truy\u1ec1n nhi\u1ec7t \u0111\u1ed9 n\u00e0y \u0111\u01b0\u1ee3c thi\u1ebft k\u1ebf \u0111\u1ec3 s\u1eed d\u1ee5ng ph\u1ed5 bi\u1ebfn trong ng\u00e0nh x\u00e2y d\u1ef1ng nh\u00e0 m\u00e1y v\u00e0 m\u00e1y m\u00f3c, c\u0169ng nh\u01b0 trong ng\u00e0nh c\u00f4ng nghi\u1ec7p qu\u00e1 tr\u00ecnh. Ch\u00fang cung c\u1ea5p \u0111\u1ed9 ch\u00ednh x\u00e1c cao v\u00e0 kh\u1ea3 n\u0103ng b\u1ea3o v\u1ec7 xu\u1ea5t s\u1eafc kh\u1ecfi c\u00e1c \u1ea3nh h\u01b0\u1edfng \u0111i\u1ec7n t\u1eeb (EMI). Th\u00f4ng qua ph\u1ea7n m\u1ec1m c\u1ea5u h\u00ecnh WIKAsoft-TT v\u00e0 \u0111\u01a1n v\u1ecb l\u1eadp tr\u00ecnh m\u00f4 h\u00ecnh PU-548, c\u00e1c b\u1ed9 truy\u1ec1n nhi\u1ec7t \u0111\u1ed9 m\u00f4 h\u00ecnh T15 c\u00f3 th\u1ec3 \u0111\u01b0\u1ee3c c\u00e0i \u0111\u1eb7t th\u00f4ng s\u1ed1 m\u1ed9t c\u00e1ch d\u1ec5 d\u00e0ng, nhanh ch\u00f3ng v\u00e0 v\u1edbi c\u00e1i nh\u00ecn t\u1ed5ng quan r\u00f5 r\u00e0ng.<\/p>\n<p>Ngo\u00e0i vi\u1ec7c l\u1ef1a ch\u1ecdn lo\u1ea1i c\u1ea3m bi\u1ebfn v\u00e0 ph\u1ea1m vi \u0111o, ph\u1ea7n m\u1ec1m cho ph\u00e9p l\u01b0u tr\u1eef c\u00e1c ch\u1ee9c n\u0103ng nh\u01b0 c\u1ea3nh b\u00e1o l\u1ed7i, gi\u1ea3m ch\u1ea5n, m\u00f4 t\u1ea3 v\u1ecb tr\u00ed \u0111o v\u00e0 \u0111i\u1ec1u ch\u1ec9nh qu\u00e1 tr\u00ecnh. H\u01a1n n\u1eefa, ph\u1ea7n m\u1ec1m WIKAsoft-TT cung c\u1ea5p ch\u1ee9c n\u0103ng ghi d\u1eef li\u1ec7u theo \u0111\u01b0\u1eddng, cho ph\u00e9p hi\u1ec3n th\u1ecb bi\u1ec3u \u0111\u1ed3 nhi\u1ec7t \u0111\u1ed9 c\u1ee7a c\u1ea3m bi\u1ebfn k\u1ebft n\u1ed1i v\u1edbi T15.<br \/>\nM\u00e1y ph\u00e1t T15 c\u0169ng c\u00f3 nhi\u1ec1u ch\u1ee9c n\u0103ng gi\u00e1m s\u00e1t.<\/p>\n<p>C\u00e1c t\u00ednh n\u0103ng nh\u01b0 gi\u00e1m s\u00e1t \u0111i\u1ec7n tr\u1edf d\u00e2y c\u1ea3m bi\u1ebfn v\u00e0 ph\u00e1t hi\u1ec7n s\u1ef1 c\u1ed1 c\u1ea3m bi\u1ebfn theo ti\u00eau chu\u1ea9n NAMUR NE89, c\u0169ng nh\u01b0 gi\u00e1m s\u00e1t ph\u1ea1m vi \u0111o. Ngo\u00e0i ra, c\u00e1c b\u1ed9 truy\u1ec1n t\u00edn hi\u1ec7u n\u00e0y c\u00f2n c\u00f3 t\u00ednh n\u0103ng t\u1ef1 gi\u00e1m s\u00e1t \u0111\u1ecbnh k\u1ef3 to\u00e0n di\u1ec7n.<\/p>","protected":false},"excerpt":{"rendered":"<ul>\n<li>\u0110\u1ec3 k\u1ebft n\u1ed1i c\u00e1c c\u1ea3m bi\u1ebfn Pt100 v\u00e0 Pt1000 trong h\u1ec7 th\u1ed1ng k\u1ebft n\u1ed1i 2 d\u00e2y, 3 d\u00e2y ho\u1eb7c 4 d\u00e2y.<\/li>\n<li>\u0110\u1ec3 k\u1ebft n\u1ed1i c\u00e1c chu\u1ed7i l\u00e1 kim trong m\u1ea1ch potentiometer<\/li>\n<li>C\u00e0i \u0111\u1eb7t th\u00f4ng s\u1ed1 b\u1eb1ng ph\u1ea7n m\u1ec1m c\u1ea5u h\u00ecnh WIKAsoft-TT v\u00e0 k\u1ebft n\u1ed1i \u0111i\u1ec7n qua \u0111\u1ea7u n\u1ed1i nhanh magWIK.<\/li>\n<li>C\u00e1c \u0111\u1ea7u n\u1ed1i c\u0169ng c\u00f3 th\u1ec3 truy c\u1eadp t\u1eeb b\u00ean ngo\u00e0i.<\/li>\n<li>\u0110\u1ed9 ch\u00ednh x\u00e1c &lt; 0,2 K (&lt; 0,36 \u00b0F) \/ 0,1 %<\/li>\n<\/ul>","protected":false},"featured_media":3671,"template":"","meta":{"_acf_changed":false},"product_brand":[68],"product_cat":[57],"product_tag":[],"class_list":{"0":"post-3668","1":"product","2":"type-product","3":"status-publish","4":"has-post-thumbnail","6":"product_brand-wika","7":"product_cat-wika-temperature-transmitters","9":"first","10":"instock","11":"shipping-taxable","12":"product-type-simple"},"acf":[],"yoast_head":"<!-- This site is optimized with the Yoast SEO Premium plugin v26.7 (Yoast SEO v27.4) - https:\/\/yoast.com\/product\/yoast-seo-premium-wordpress\/ -->\n<title>Digital temperature transmitter For resistance sensors, head- and rail-mounted version - SJ Gauge | Pressure Gauges, Thermometers &amp; Pressure Sensors<\/title>\n<meta name=\"robots\" content=\"index, follow, max-snippet:-1, max-image-preview:large, max-video-preview:-1\" \/>\n<link rel=\"canonical\" href=\"https:\/\/www.sj-gauge.com\/vi\/san-pham\/t15\/\" \/>\n<meta property=\"og:locale\" content=\"vi_VN\" \/>\n<meta property=\"og:type\" content=\"article\" \/>\n<meta property=\"og:title\" content=\"Digital temperature transmitter For resistance sensors, head- and rail-mounted version\" \/>\n<meta property=\"og:description\" content=\"For the connection of Pt100 and Pt1000 sensors in a 2-, 3- or 4-wire connection  For the connection of reed chains in a potentiometer circuit  Parameterisation with the WIKAsoft-TT configuration software and electrical connection via quick connector magWIK  Connection terminals also accessible from the outside  Accuracy &lt; 0.2 K (&lt; 0.36 \u00b0F) \/ 0.1 %\" \/>\n<meta property=\"og:url\" content=\"https:\/\/www.sj-gauge.com\/vi\/san-pham\/t15\/\" \/>\n<meta property=\"og:site_name\" content=\"SJ Gauge | Pressure Gauges, Thermometers &amp; Pressure Sensors\" \/>\n<meta property=\"article:modified_time\" content=\"2026-03-31T02:07:45+00:00\" \/>\n<meta property=\"og:image\" content=\"https:\/\/www.sj-gauge.com\/wp-content\/uploads\/2026\/01\/SJ-Gauge-wika-t15-thermometer-image-2.jpg\" \/>\n\t<meta property=\"og:image:width\" content=\"1200\" \/>\n\t<meta property=\"og:image:height\" content=\"1000\" \/>\n\t<meta property=\"og:image:type\" content=\"image\/jpeg\" \/>\n<meta name=\"twitter:card\" content=\"summary_large_image\" \/>\n<meta name=\"twitter:label1\" content=\"\u01af\u1edbc t\u00ednh th\u1eddi gian \u0111\u1ecdc\" \/>\n\t<meta name=\"twitter:data1\" content=\"1 ph\u00fat\" \/>\n<script type=\"application\/ld+json\" class=\"yoast-schema-graph\">{\"@context\":\"https:\\\/\\\/schema.org\",\"@graph\":[{\"@type\":\"WebPage\",\"@id\":\"https:\\\/\\\/www.sj-gauge.com\\\/product\\\/t15\\\/\",\"url\":\"https:\\\/\\\/www.sj-gauge.com\\\/product\\\/t15\\\/\",\"name\":\"Digital temperature transmitter For resistance sensors, head- and rail-mounted version - SJ Gauge | Pressure Gauges, Thermometers &amp; Pressure Sensors\",\"isPartOf\":{\"@id\":\"https:\\\/\\\/www.sj-gauge.com\\\/#website\"},\"primaryImageOfPage\":{\"@id\":\"https:\\\/\\\/www.sj-gauge.com\\\/product\\\/t15\\\/#primaryimage\"},\"image\":{\"@id\":\"https:\\\/\\\/www.sj-gauge.com\\\/product\\\/t15\\\/#primaryimage\"},\"thumbnailUrl\":\"https:\\\/\\\/www.sj-gauge.com\\\/wp-content\\\/uploads\\\/2026\\\/01\\\/SJ-Gauge-wika-t15-thermometer-image-2.jpg\",\"datePublished\":\"2026-01-23T09:29:05+00:00\",\"dateModified\":\"2026-03-31T02:07:45+00:00\",\"breadcrumb\":{\"@id\":\"https:\\\/\\\/www.sj-gauge.com\\\/product\\\/t15\\\/#breadcrumb\"},\"inLanguage\":\"vi\",\"potentialAction\":[{\"@type\":\"ReadAction\",\"target\":[\"https:\\\/\\\/www.sj-gauge.com\\\/product\\\/t15\\\/\"]}]},{\"@type\":\"ImageObject\",\"inLanguage\":\"vi\",\"@id\":\"https:\\\/\\\/www.sj-gauge.com\\\/product\\\/t15\\\/#primaryimage\",\"url\":\"https:\\\/\\\/www.sj-gauge.com\\\/wp-content\\\/uploads\\\/2026\\\/01\\\/SJ-Gauge-wika-t15-thermometer-image-2.jpg\",\"contentUrl\":\"https:\\\/\\\/www.sj-gauge.com\\\/wp-content\\\/uploads\\\/2026\\\/01\\\/SJ-Gauge-wika-t15-thermometer-image-2.jpg\",\"width\":1200,\"height\":1000},{\"@type\":\"BreadcrumbList\",\"@id\":\"https:\\\/\\\/www.sj-gauge.com\\\/product\\\/t15\\\/#breadcrumb\",\"itemListElement\":[{\"@type\":\"ListItem\",\"position\":1,\"name\":\"Home\",\"item\":\"https:\\\/\\\/www.sj-gauge.com\\\/\"},{\"@type\":\"ListItem\",\"position\":2,\"name\":\"Products\",\"item\":\"https:\\\/\\\/www.sj-gauge.com\\\/products\\\/\"},{\"@type\":\"ListItem\",\"position\":3,\"name\":\"Digital temperature transmitter For resistance sensors, head- and rail-mounted version\"}]},{\"@type\":\"WebSite\",\"@id\":\"https:\\\/\\\/www.sj-gauge.com\\\/#website\",\"url\":\"https:\\\/\\\/www.sj-gauge.com\\\/\",\"name\":\"SJ Gauge | Pressure Gauges, Thermometers &amp; Pressure Sensors\",\"description\":\"Manufacturer of industrial pressure gauges, pressure sensors, and transmitters. SJ Gauge provides high accuracy, durable materials, and custom solutions for oil &amp; gas, chemical, and industrial applications.\",\"publisher\":{\"@id\":\"https:\\\/\\\/www.sj-gauge.com\\\/#organization\"},\"potentialAction\":[{\"@type\":\"SearchAction\",\"target\":{\"@type\":\"EntryPoint\",\"urlTemplate\":\"https:\\\/\\\/www.sj-gauge.com\\\/?s={search_term_string}\"},\"query-input\":{\"@type\":\"PropertyValueSpecification\",\"valueRequired\":true,\"valueName\":\"search_term_string\"}}],\"inLanguage\":\"vi\"},{\"@type\":\"Organization\",\"@id\":\"https:\\\/\\\/www.sj-gauge.com\\\/#organization\",\"name\":\"SJ Gauge | Pressure Gauges, Thermometers &amp; Pressure Sensors\",\"url\":\"https:\\\/\\\/www.sj-gauge.com\\\/\",\"logo\":{\"@type\":\"ImageObject\",\"inLanguage\":\"vi\",\"@id\":\"https:\\\/\\\/www.sj-gauge.com\\\/#\\\/schema\\\/logo\\\/image\\\/\",\"url\":\"https:\\\/\\\/www.sj-gauge.com\\\/wp-content\\\/uploads\\\/2025\\\/09\\\/logo.webp\",\"contentUrl\":\"https:\\\/\\\/www.sj-gauge.com\\\/wp-content\\\/uploads\\\/2025\\\/09\\\/logo.webp\",\"width\":348,\"height\":184,\"caption\":\"SJ Gauge | Pressure Gauges, Thermometers &amp; Pressure Sensors\"},\"image\":{\"@id\":\"https:\\\/\\\/www.sj-gauge.com\\\/#\\\/schema\\\/logo\\\/image\\\/\"}}]}<\/script>\n<!-- \/ Yoast SEO Premium plugin. -->","yoast_head_json":{"title":"B\u1ed9 truy\u1ec1n t\u00edn hi\u1ec7u nhi\u1ec7t \u0111\u1ed9 k\u1ef9 thu\u1eadt s\u1ed1 d\u00e0nh cho c\u1ea3m bi\u1ebfn \u0111i\u1ec7n tr\u1edf, phi\u00ean b\u1ea3n g\u1eafn \u0111\u1ea7u v\u00e0 g\u1eafn thanh - SJ Gauge | \u0110\u1ed3ng h\u1ed3 \u0111o \u00e1p su\u1ea5t, nhi\u1ec7t k\u1ebf &amp; c\u1ea3m bi\u1ebfn \u00e1p su\u1ea5t","robots":{"index":"index","follow":"follow","max-snippet":"max-snippet:-1","max-image-preview":"max-image-preview:large","max-video-preview":"max-video-preview:-1"},"canonical":"https:\/\/www.sj-gauge.com\/vi\/san-pham\/t15\/","og_locale":"vi_VN","og_type":"article","og_title":"Digital temperature transmitter For resistance sensors, head- and rail-mounted version","og_description":"For the connection of Pt100 and Pt1000 sensors in a 2-, 3- or 4-wire connection  For the connection of reed chains in a potentiometer circuit  Parameterisation with the WIKAsoft-TT configuration software and electrical connection via quick connector magWIK  Connection terminals also accessible from the outside  Accuracy &lt; 0.2 K (&lt; 0.36 \u00b0F) \/ 0.1 %","og_url":"https:\/\/www.sj-gauge.com\/vi\/san-pham\/t15\/","og_site_name":"SJ Gauge | Pressure Gauges, Thermometers &amp; Pressure Sensors","article_modified_time":"2026-03-31T02:07:45+00:00","og_image":[{"width":1200,"height":1000,"url":"https:\/\/www.sj-gauge.com\/wp-content\/uploads\/2026\/01\/SJ-Gauge-wika-t15-thermometer-image-2.jpg","type":"image\/jpeg"}],"twitter_card":"summary_large_image","twitter_misc":{"\u01af\u1edbc t\u00ednh th\u1eddi gian \u0111\u1ecdc":"1 ph\u00fat"},"schema":{"@context":"https:\/\/schema.org","@graph":[{"@type":"WebPage","@id":"https:\/\/www.sj-gauge.com\/product\/t15\/","url":"https:\/\/www.sj-gauge.com\/product\/t15\/","name":"B\u1ed9 truy\u1ec1n t\u00edn hi\u1ec7u nhi\u1ec7t \u0111\u1ed9 k\u1ef9 thu\u1eadt s\u1ed1 d\u00e0nh cho c\u1ea3m bi\u1ebfn \u0111i\u1ec7n tr\u1edf, phi\u00ean b\u1ea3n g\u1eafn \u0111\u1ea7u v\u00e0 g\u1eafn thanh - SJ Gauge | \u0110\u1ed3ng h\u1ed3 \u0111o \u00e1p su\u1ea5t, nhi\u1ec7t k\u1ebf &amp; c\u1ea3m bi\u1ebfn \u00e1p su\u1ea5t","isPartOf":{"@id":"https:\/\/www.sj-gauge.com\/#website"},"primaryImageOfPage":{"@id":"https:\/\/www.sj-gauge.com\/product\/t15\/#primaryimage"},"image":{"@id":"https:\/\/www.sj-gauge.com\/product\/t15\/#primaryimage"},"thumbnailUrl":"https:\/\/www.sj-gauge.com\/wp-content\/uploads\/2026\/01\/SJ-Gauge-wika-t15-thermometer-image-2.jpg","datePublished":"2026-01-23T09:29:05+00:00","dateModified":"2026-03-31T02:07:45+00:00","breadcrumb":{"@id":"https:\/\/www.sj-gauge.com\/product\/t15\/#breadcrumb"},"inLanguage":"vi","potentialAction":[{"@type":"ReadAction","target":["https:\/\/www.sj-gauge.com\/product\/t15\/"]}]},{"@type":"ImageObject","inLanguage":"vi","@id":"https:\/\/www.sj-gauge.com\/product\/t15\/#primaryimage","url":"https:\/\/www.sj-gauge.com\/wp-content\/uploads\/2026\/01\/SJ-Gauge-wika-t15-thermometer-image-2.jpg","contentUrl":"https:\/\/www.sj-gauge.com\/wp-content\/uploads\/2026\/01\/SJ-Gauge-wika-t15-thermometer-image-2.jpg","width":1200,"height":1000},{"@type":"BreadcrumbList","@id":"https:\/\/www.sj-gauge.com\/product\/t15\/#breadcrumb","itemListElement":[{"@type":"ListItem","position":1,"name":"Home","item":"https:\/\/www.sj-gauge.com\/"},{"@type":"ListItem","position":2,"name":"Products","item":"https:\/\/www.sj-gauge.com\/products\/"},{"@type":"ListItem","position":3,"name":"Digital temperature transmitter For resistance sensors, head- and rail-mounted version"}]},{"@type":"WebSite","@id":"https:\/\/www.sj-gauge.com\/#website","url":"https:\/\/www.sj-gauge.com\/","name":"SJ Gauge | \u0110\u1ed3ng h\u1ed3 \u0111o \u00e1p su\u1ea5t, nhi\u1ec7t k\u1ebf v\u00e0 c\u1ea3m bi\u1ebfn \u00e1p su\u1ea5t","description":"Nh\u00e0 s\u1ea3n xu\u1ea5t \u0111\u1ed3ng h\u1ed3 \u0111o \u00e1p su\u1ea5t c\u00f4ng nghi\u1ec7p, c\u1ea3m bi\u1ebfn \u00e1p su\u1ea5t v\u00e0 b\u1ed9 truy\u1ec1n t\u00edn hi\u1ec7u. SJ Gauge cung c\u1ea5p c\u00e1c s\u1ea3n ph\u1ea9m c\u00f3 \u0111\u1ed9 ch\u00ednh x\u00e1c cao, \u0111\u01b0\u1ee3c ch\u1ebf t\u1ea1o t\u1eeb v\u1eadt li\u1ec7u b\u1ec1n b\u1ec9 v\u00e0 c\u00e1c gi\u1ea3i ph\u00e1p t\u00f9y ch\u1ec9nh d\u00e0nh cho c\u00e1c \u1ee9ng d\u1ee5ng trong ng\u00e0nh d\u1ea7u kh\u00ed, h\u00f3a ch\u1ea5t v\u00e0 c\u00f4ng nghi\u1ec7p.","publisher":{"@id":"https:\/\/www.sj-gauge.com\/#organization"},"potentialAction":[{"@type":"SearchAction","target":{"@type":"EntryPoint","urlTemplate":"https:\/\/www.sj-gauge.com\/?s={search_term_string}"},"query-input":{"@type":"PropertyValueSpecification","valueRequired":true,"valueName":"search_term_string"}}],"inLanguage":"vi"},{"@type":"Organization","@id":"https:\/\/www.sj-gauge.com\/#organization","name":"SJ Gauge | \u0110\u1ed3ng h\u1ed3 \u0111o \u00e1p su\u1ea5t, nhi\u1ec7t k\u1ebf v\u00e0 c\u1ea3m bi\u1ebfn \u00e1p su\u1ea5t","url":"https:\/\/www.sj-gauge.com\/","logo":{"@type":"ImageObject","inLanguage":"vi","@id":"https:\/\/www.sj-gauge.com\/#\/schema\/logo\/image\/","url":"https:\/\/www.sj-gauge.com\/wp-content\/uploads\/2025\/09\/logo.webp","contentUrl":"https:\/\/www.sj-gauge.com\/wp-content\/uploads\/2025\/09\/logo.webp","width":348,"height":184,"caption":"SJ Gauge | Pressure Gauges, Thermometers &amp; Pressure Sensors"},"image":{"@id":"https:\/\/www.sj-gauge.com\/#\/schema\/logo\/image\/"}}]}},"_links":{"self":[{"href":"https:\/\/www.sj-gauge.com\/vi\/wp-json\/wp\/v2\/product\/3668","targetHints":{"allow":["GET"]}}],"collection":[{"href":"https:\/\/www.sj-gauge.com\/vi\/wp-json\/wp\/v2\/product"}],"about":[{"href":"https:\/\/www.sj-gauge.com\/vi\/wp-json\/wp\/v2\/types\/product"}],"wp:featuredmedia":[{"embeddable":true,"href":"https:\/\/www.sj-gauge.com\/vi\/wp-json\/wp\/v2\/media\/3671"}],"wp:attachment":[{"href":"https:\/\/www.sj-gauge.com\/vi\/wp-json\/wp\/v2\/media?parent=3668"}],"wp:term":[{"taxonomy":"product_brand","embeddable":true,"href":"https:\/\/www.sj-gauge.com\/vi\/wp-json\/wp\/v2\/product_brand?post=3668"},{"taxonomy":"product_cat","embeddable":true,"href":"https:\/\/www.sj-gauge.com\/vi\/wp-json\/wp\/v2\/product_cat?post=3668"},{"taxonomy":"product_tag","embeddable":true,"href":"https:\/\/www.sj-gauge.com\/vi\/wp-json\/wp\/v2\/product_tag?post=3668"}],"curies":[{"name":"wp","href":"https:\/\/api.w.org\/{rel}","templated":true}]}}