{"id":57,"date":"2020-03-13T10:07:44","date_gmt":"2020-03-13T10:07:44","guid":{"rendered":"https:\/\/startersites.io\/blocksy\/modern-shop\/?post_type=product&#038;p=57"},"modified":"2026-04-03T14:05:30","modified_gmt":"2026-04-03T06:05:30","slug":"msdmp305x-dst","status":"publish","type":"product","link":"https:\/\/www.sj-gauge.com\/vi\/san-pham\/msdmp305x-dst\/","title":{"rendered":"C\u1ea3m bi\u1ebfn \u00e1p su\u1ea5t ch\u00eanh l\u1ec7ch th\u00f4ng minh v\u1edbi \u0111\u1ea7u n\u1ed1i b\u1eb1ng h\u1ee3p kim nh\u00f4m"},"content":{"rendered":"<p>C\u1ea3m bi\u1ebfn \u00e1p su\u1ea5t n\u00e0y \u0111\u01b0\u1ee3c trang b\u1ecb c\u1ea3m bi\u1ebfn silicon \u0111\u01a1n tinh th\u1ec3 ho\u00e0n to\u00e0n k\u00edn v\u00e0 b\u1ea3o v\u1ec7 qu\u00e1 t\u1ea3i hai m\u00e0ng, \u0111\u1ea3m b\u1ea3o \u0111\u1ed9 ch\u00ednh x\u00e1c cao v\u00e0 \u0111\u1ed9 b\u1ec1n d\u01b0\u1edbi \u00e1p su\u1ea5t cao. \u0110\u01b0\u1ee3c trang b\u1ecb m\u00f4-\u0111un ASIC v\u00e0 SMT, n\u00f3 cung c\u1ea5p truy\u1ec1n t\u00edn hi\u1ec7u \u1ed5n \u0111\u1ecbnh v\u00e0 ch\u1ed1ng nhi\u1ec5u. \u0110\u1ea7u n\u1ed1i b\u1eb1ng h\u1ee3p kim nh\u00f4m nh\u1eb9 c\u00f3 kh\u1ea3 n\u0103ng ch\u1ed1ng \u0103n m\u00f2n xu\u1ea5t s\u1eafc. Thi\u1ebft b\u1ecb n\u00e0y l\u00fd t\u01b0\u1edfng cho vi\u1ec7c \u0111o \u00e1p su\u1ea5t ch\u00eanh l\u1ec7ch v\u00e0 m\u1ee9c \u0111\u1ed9 c\u1ee7a ch\u1ea5t l\u1ecfng, kh\u00ed v\u00e0 h\u01a1i n\u01b0\u1edbc. S\u1ea3n ph\u1ea9m \u0111\u01b0\u1ee3c ch\u1ee9ng nh\u1eadn theo c\u00e1c ti\u00eau chu\u1ea9n Ex, IEC, CE, RoHS v\u00e0 HART.<\/p>","protected":false},"excerpt":{"rendered":"<ul>\n<li>C\u1ea3m bi\u1ebfn \u00e1p su\u1ea5t silicon \u0111\u01a1n nguy\u00ean \u0111\u01b0\u1ee3c c\u1ea5p b\u1eb1ng s\u00e1ng ch\u1ebf ban \u0111\u1ea7u, ho\u00e0n to\u00e0n k\u00edn v\u00e0 c\u00e1ch ly ho\u00e0n to\u00e0n.<\/li>\n<li>C\u1ea5u tr\u00fac b\u1ea3o v\u1ec7 qu\u00e1 t\u1ea3i hai m\u00e0ng c\u00f3 th\u1ec3 d\u1ec5 d\u00e0ng ch\u1ecbu \u0111\u01b0\u1ee3c th\u1eed nghi\u1ec7m qu\u00e1 t\u1ea3i cao.<\/li>\n<li>M\u00f4-\u0111un truy\u1ec1n t\u00edn hi\u1ec7u ASIC v\u00e0 SMT<\/li>\n<li>B\u1ea3o v\u1ec7 m\u1ea1nh m\u1ebd v\u1edbi \u00e1p su\u1ea5t t\u0129nh cao v\u00e0 kh\u1ea3 n\u0103ng ch\u1ecbu qu\u00e1 t\u1ea3i cao.<\/li>\n<\/ul>","protected":false},"featured_media":1206,"template":"","meta":{"_acf_changed":false},"product_brand":[40],"product_cat":[41,15],"product_tag":[],"class_list":{"0":"post-57","1":"product","2":"type-product","3":"status-publish","4":"has-post-thumbnail","6":"product_brand-sj-gauge","7":"product_cat-pressure-instruments","8":"product_cat-pressure-sensors","10":"first","11":"instock","12":"shipping-taxable","13":"product-type-simple"},"acf":[],"yoast_head":"<!-- This site is optimized with the Yoast SEO Premium plugin v26.7 (Yoast SEO v26.7) - https:\/\/yoast.com\/wordpress\/plugins\/seo\/ -->\n<title>Smart Differential Pressure Transmitter | Industrial Applications | SJ Gauge<\/title>\n<meta name=\"description\" content=\"MSDMP305X-DST differential pressure transmitter with high-performance monocrystalline silicon sensor, providing accurate and stable measurement for industrial process control and level applications.\" \/>\n<meta name=\"robots\" content=\"index, follow, max-snippet:-1, max-image-preview:large, max-video-preview:-1\" \/>\n<link rel=\"canonical\" href=\"https:\/\/www.sj-gauge.com\/vi\/san-pham\/msdmp305x-dst\/\" \/>\n<meta property=\"og:locale\" content=\"vi_VN\" \/>\n<meta property=\"og:type\" content=\"article\" \/>\n<meta property=\"og:title\" content=\"Smart Differential Pressure Transmitter with Aluminum-alloy Terminal\" \/>\n<meta property=\"og:description\" content=\"MSDMP305X-DST differential pressure transmitter with high-performance monocrystalline silicon sensor, providing accurate and stable measurement for industrial process control and level applications.\" \/>\n<meta property=\"og:url\" content=\"https:\/\/www.sj-gauge.com\/vi\/san-pham\/msdmp305x-dst\/\" \/>\n<meta property=\"og:site_name\" content=\"Your Expert in Pressure Temp and Smart Transmitters - SJ Gauge\" \/>\n<meta property=\"article:modified_time\" content=\"2026-04-03T06:05:30+00:00\" \/>\n<meta property=\"og:image\" content=\"https:\/\/www.sj-gauge.com\/wp-content\/uploads\/2020\/03\/SJ-Gauge_Smart_DP-Transmitter_with_Aluminum-alloy_terminal_L1.webp\" \/>\n\t<meta property=\"og:image:width\" content=\"1200\" \/>\n\t<meta property=\"og:image:height\" content=\"1000\" \/>\n\t<meta property=\"og:image:type\" content=\"image\/webp\" \/>\n<meta name=\"twitter:card\" content=\"summary_large_image\" \/>\n<meta name=\"twitter:label1\" content=\"\u01af\u1edbc t\u00ednh th\u1eddi gian \u0111\u1ecdc\" \/>\n\t<meta name=\"twitter:data1\" content=\"1 ph\u00fat\" \/>\n<script type=\"application\/ld+json\" class=\"yoast-schema-graph\">{\"@context\":\"https:\/\/schema.org\",\"@graph\":[{\"@type\":\"WebPage\",\"@id\":\"https:\/\/www.sj-gauge.com\/product\/msdmp305x-dst\/\",\"url\":\"https:\/\/www.sj-gauge.com\/product\/msdmp305x-dst\/\",\"name\":\"Smart Differential Pressure Transmitter | Industrial Applications | SJ Gauge\",\"isPartOf\":{\"@id\":\"https:\/\/www.sj-gauge.com\/#website\"},\"primaryImageOfPage\":{\"@id\":\"https:\/\/www.sj-gauge.com\/product\/msdmp305x-dst\/#primaryimage\"},\"image\":{\"@id\":\"https:\/\/www.sj-gauge.com\/product\/msdmp305x-dst\/#primaryimage\"},\"thumbnailUrl\":\"https:\/\/www.sj-gauge.com\/wp-content\/uploads\/2020\/03\/SJ-Gauge_Smart_DP-Transmitter_with_Aluminum-alloy_terminal_L1.webp\",\"datePublished\":\"2020-03-13T10:07:44+00:00\",\"dateModified\":\"2026-04-03T06:05:30+00:00\",\"description\":\"MSDMP305X-DST differential pressure transmitter with high-performance monocrystalline silicon sensor, providing accurate and stable measurement for industrial process control and level applications.\",\"breadcrumb\":{\"@id\":\"https:\/\/www.sj-gauge.com\/product\/msdmp305x-dst\/#breadcrumb\"},\"inLanguage\":\"vi\",\"potentialAction\":[{\"@type\":\"ReadAction\",\"target\":[\"https:\/\/www.sj-gauge.com\/product\/msdmp305x-dst\/\"]}]},{\"@type\":\"ImageObject\",\"inLanguage\":\"vi\",\"@id\":\"https:\/\/www.sj-gauge.com\/product\/msdmp305x-dst\/#primaryimage\",\"url\":\"https:\/\/www.sj-gauge.com\/wp-content\/uploads\/2020\/03\/SJ-Gauge_Smart_DP-Transmitter_with_Aluminum-alloy_terminal_L1.webp\",\"contentUrl\":\"https:\/\/www.sj-gauge.com\/wp-content\/uploads\/2020\/03\/SJ-Gauge_Smart_DP-Transmitter_with_Aluminum-alloy_terminal_L1.webp\",\"width\":1200,\"height\":1000},{\"@type\":\"BreadcrumbList\",\"@id\":\"https:\/\/www.sj-gauge.com\/product\/msdmp305x-dst\/#breadcrumb\",\"itemListElement\":[{\"@type\":\"ListItem\",\"position\":1,\"name\":\"Home\",\"item\":\"https:\/\/www.sj-gauge.com\/\"},{\"@type\":\"ListItem\",\"position\":2,\"name\":\"Products\",\"item\":\"https:\/\/www.sj-gauge.com\/products\/\"},{\"@type\":\"ListItem\",\"position\":3,\"name\":\"Smart Differential Pressure Transmitter with Aluminum-alloy Terminal\"}]},{\"@type\":\"WebSite\",\"@id\":\"https:\/\/www.sj-gauge.com\/#website\",\"url\":\"https:\/\/www.sj-gauge.com\/\",\"name\":\"Your Expert in Pressure Temp and Smart Transmitters - SJ Gauge\",\"description\":\"Manufacturer of industrial pressure gauges, pressure sensors, and transmitters. SJ Gauge provides high accuracy, durable materials, and custom solutions for oil &amp; gas, chemical, and industrial applications.\",\"publisher\":{\"@id\":\"https:\/\/www.sj-gauge.com\/#organization\"},\"potentialAction\":[{\"@type\":\"SearchAction\",\"target\":{\"@type\":\"EntryPoint\",\"urlTemplate\":\"https:\/\/www.sj-gauge.com\/?s={search_term_string}\"},\"query-input\":{\"@type\":\"PropertyValueSpecification\",\"valueRequired\":true,\"valueName\":\"search_term_string\"}}],\"inLanguage\":\"vi\"},{\"@type\":\"Organization\",\"@id\":\"https:\/\/www.sj-gauge.com\/#organization\",\"name\":\"Your Expert in Pressure Temp and Smart Transmitters - SJ Gauge\",\"url\":\"https:\/\/www.sj-gauge.com\/\",\"logo\":{\"@type\":\"ImageObject\",\"inLanguage\":\"vi\",\"@id\":\"https:\/\/www.sj-gauge.com\/#\/schema\/logo\/image\/\",\"url\":\"https:\/\/www.sj-gauge.com\/wp-content\/uploads\/2025\/09\/logo.webp\",\"contentUrl\":\"https:\/\/www.sj-gauge.com\/wp-content\/uploads\/2025\/09\/logo.webp\",\"width\":348,\"height\":184,\"caption\":\"Your Expert in Pressure Temp and Smart Transmitters - SJ Gauge\"},\"image\":{\"@id\":\"https:\/\/www.sj-gauge.com\/#\/schema\/logo\/image\/\"}}]}<\/script>\n<!-- \/ Yoast SEO Premium plugin. -->","yoast_head_json":{"title":"B\u1ed9 truy\u1ec1n t\u00edn hi\u1ec7u ch\u00eanh l\u1ec7ch \u00e1p su\u1ea5t th\u00f4ng minh | \u1ee8ng d\u1ee5ng c\u00f4ng nghi\u1ec7p | SJ Gauge","description":"B\u1ed9 truy\u1ec1n t\u00edn hi\u1ec7u ch\u00eanh l\u1ec7ch \u00e1p su\u1ea5t MSDMP305X-DST \u0111\u01b0\u1ee3c trang b\u1ecb c\u1ea3m bi\u1ebfn silicon \u0111\u01a1n tinh th\u1ec3 hi\u1ec7u su\u1ea5t cao, mang l\u1ea1i k\u1ebft qu\u1ea3 \u0111o l\u01b0\u1eddng ch\u00ednh x\u00e1c v\u00e0 \u1ed5n \u0111\u1ecbnh cho c\u00e1c \u1ee9ng d\u1ee5ng \u0111i\u1ec1u khi\u1ec3n quy tr\u00ecnh c\u00f4ng nghi\u1ec7p v\u00e0 \u0111o m\u1ee9c.","robots":{"index":"index","follow":"follow","max-snippet":"max-snippet:-1","max-image-preview":"max-image-preview:large","max-video-preview":"max-video-preview:-1"},"canonical":"https:\/\/www.sj-gauge.com\/vi\/san-pham\/msdmp305x-dst\/","og_locale":"vi_VN","og_type":"article","og_title":"Smart Differential Pressure Transmitter with Aluminum-alloy Terminal","og_description":"MSDMP305X-DST differential pressure transmitter with high-performance monocrystalline silicon sensor, providing accurate and stable measurement for industrial process control and level applications.","og_url":"https:\/\/www.sj-gauge.com\/vi\/san-pham\/msdmp305x-dst\/","og_site_name":"Your Expert in Pressure Temp and Smart Transmitters - SJ Gauge","article_modified_time":"2026-04-03T06:05:30+00:00","og_image":[{"width":1200,"height":1000,"url":"https:\/\/www.sj-gauge.com\/wp-content\/uploads\/2020\/03\/SJ-Gauge_Smart_DP-Transmitter_with_Aluminum-alloy_terminal_L1.webp","type":"image\/webp"}],"twitter_card":"summary_large_image","twitter_misc":{"\u01af\u1edbc t\u00ednh th\u1eddi gian \u0111\u1ecdc":"1 ph\u00fat"},"schema":{"@context":"https:\/\/schema.org","@graph":[{"@type":"WebPage","@id":"https:\/\/www.sj-gauge.com\/product\/msdmp305x-dst\/","url":"https:\/\/www.sj-gauge.com\/product\/msdmp305x-dst\/","name":"B\u1ed9 truy\u1ec1n t\u00edn hi\u1ec7u ch\u00eanh l\u1ec7ch \u00e1p su\u1ea5t th\u00f4ng minh | \u1ee8ng d\u1ee5ng c\u00f4ng nghi\u1ec7p | SJ Gauge","isPartOf":{"@id":"https:\/\/www.sj-gauge.com\/#website"},"primaryImageOfPage":{"@id":"https:\/\/www.sj-gauge.com\/product\/msdmp305x-dst\/#primaryimage"},"image":{"@id":"https:\/\/www.sj-gauge.com\/product\/msdmp305x-dst\/#primaryimage"},"thumbnailUrl":"https:\/\/www.sj-gauge.com\/wp-content\/uploads\/2020\/03\/SJ-Gauge_Smart_DP-Transmitter_with_Aluminum-alloy_terminal_L1.webp","datePublished":"2020-03-13T10:07:44+00:00","dateModified":"2026-04-03T06:05:30+00:00","description":"B\u1ed9 truy\u1ec1n t\u00edn hi\u1ec7u ch\u00eanh l\u1ec7ch \u00e1p su\u1ea5t MSDMP305X-DST \u0111\u01b0\u1ee3c trang b\u1ecb c\u1ea3m bi\u1ebfn silicon \u0111\u01a1n tinh th\u1ec3 hi\u1ec7u su\u1ea5t cao, mang l\u1ea1i k\u1ebft qu\u1ea3 \u0111o l\u01b0\u1eddng ch\u00ednh x\u00e1c v\u00e0 \u1ed5n \u0111\u1ecbnh cho c\u00e1c \u1ee9ng d\u1ee5ng \u0111i\u1ec1u khi\u1ec3n quy tr\u00ecnh c\u00f4ng nghi\u1ec7p v\u00e0 \u0111o m\u1ee9c.","breadcrumb":{"@id":"https:\/\/www.sj-gauge.com\/product\/msdmp305x-dst\/#breadcrumb"},"inLanguage":"vi","potentialAction":[{"@type":"ReadAction","target":["https:\/\/www.sj-gauge.com\/product\/msdmp305x-dst\/"]}]},{"@type":"ImageObject","inLanguage":"vi","@id":"https:\/\/www.sj-gauge.com\/product\/msdmp305x-dst\/#primaryimage","url":"https:\/\/www.sj-gauge.com\/wp-content\/uploads\/2020\/03\/SJ-Gauge_Smart_DP-Transmitter_with_Aluminum-alloy_terminal_L1.webp","contentUrl":"https:\/\/www.sj-gauge.com\/wp-content\/uploads\/2020\/03\/SJ-Gauge_Smart_DP-Transmitter_with_Aluminum-alloy_terminal_L1.webp","width":1200,"height":1000},{"@type":"BreadcrumbList","@id":"https:\/\/www.sj-gauge.com\/product\/msdmp305x-dst\/#breadcrumb","itemListElement":[{"@type":"ListItem","position":1,"name":"Home","item":"https:\/\/www.sj-gauge.com\/"},{"@type":"ListItem","position":2,"name":"Products","item":"https:\/\/www.sj-gauge.com\/products\/"},{"@type":"ListItem","position":3,"name":"Smart Differential Pressure Transmitter with Aluminum-alloy Terminal"}]},{"@type":"WebSite","@id":"https:\/\/www.sj-gauge.com\/#website","url":"https:\/\/www.sj-gauge.com\/","name":"Chuy\u00ean gia v\u1ec1 c\u1ea3m bi\u1ebfn \u00e1p su\u1ea5t, nhi\u1ec7t \u0111\u1ed9 v\u00e0 c\u1ea3m bi\u1ebfn th\u00f4ng minh - SJ Gauge","description":"Nh\u00e0 s\u1ea3n xu\u1ea5t \u0111\u1ed3ng h\u1ed3 \u0111o \u00e1p su\u1ea5t c\u00f4ng nghi\u1ec7p, c\u1ea3m bi\u1ebfn \u00e1p su\u1ea5t v\u00e0 b\u1ed9 truy\u1ec1n t\u00edn hi\u1ec7u. SJ Gauge cung c\u1ea5p c\u00e1c s\u1ea3n ph\u1ea9m c\u00f3 \u0111\u1ed9 ch\u00ednh x\u00e1c cao, \u0111\u01b0\u1ee3c ch\u1ebf t\u1ea1o t\u1eeb v\u1eadt li\u1ec7u b\u1ec1n b\u1ec9 v\u00e0 c\u00e1c gi\u1ea3i ph\u00e1p t\u00f9y ch\u1ec9nh d\u00e0nh cho c\u00e1c \u1ee9ng d\u1ee5ng trong ng\u00e0nh d\u1ea7u kh\u00ed, h\u00f3a ch\u1ea5t v\u00e0 c\u00f4ng nghi\u1ec7p.","publisher":{"@id":"https:\/\/www.sj-gauge.com\/#organization"},"potentialAction":[{"@type":"SearchAction","target":{"@type":"EntryPoint","urlTemplate":"https:\/\/www.sj-gauge.com\/?s={search_term_string}"},"query-input":{"@type":"PropertyValueSpecification","valueRequired":true,"valueName":"search_term_string"}}],"inLanguage":"vi"},{"@type":"Organization","@id":"https:\/\/www.sj-gauge.com\/#organization","name":"Chuy\u00ean gia v\u1ec1 c\u1ea3m bi\u1ebfn \u00e1p su\u1ea5t, nhi\u1ec7t \u0111\u1ed9 v\u00e0 c\u1ea3m bi\u1ebfn th\u00f4ng minh - SJ Gauge","url":"https:\/\/www.sj-gauge.com\/","logo":{"@type":"ImageObject","inLanguage":"vi","@id":"https:\/\/www.sj-gauge.com\/#\/schema\/logo\/image\/","url":"https:\/\/www.sj-gauge.com\/wp-content\/uploads\/2025\/09\/logo.webp","contentUrl":"https:\/\/www.sj-gauge.com\/wp-content\/uploads\/2025\/09\/logo.webp","width":348,"height":184,"caption":"Your Expert in Pressure Temp and Smart Transmitters - SJ Gauge"},"image":{"@id":"https:\/\/www.sj-gauge.com\/#\/schema\/logo\/image\/"}}]}},"_links":{"self":[{"href":"https:\/\/www.sj-gauge.com\/vi\/wp-json\/wp\/v2\/product\/57","targetHints":{"allow":["GET"]}}],"collection":[{"href":"https:\/\/www.sj-gauge.com\/vi\/wp-json\/wp\/v2\/product"}],"about":[{"href":"https:\/\/www.sj-gauge.com\/vi\/wp-json\/wp\/v2\/types\/product"}],"wp:featuredmedia":[{"embeddable":true,"href":"https:\/\/www.sj-gauge.com\/vi\/wp-json\/wp\/v2\/media\/1206"}],"wp:attachment":[{"href":"https:\/\/www.sj-gauge.com\/vi\/wp-json\/wp\/v2\/media?parent=57"}],"wp:term":[{"taxonomy":"product_brand","embeddable":true,"href":"https:\/\/www.sj-gauge.com\/vi\/wp-json\/wp\/v2\/product_brand?post=57"},{"taxonomy":"product_cat","embeddable":true,"href":"https:\/\/www.sj-gauge.com\/vi\/wp-json\/wp\/v2\/product_cat?post=57"},{"taxonomy":"product_tag","embeddable":true,"href":"https:\/\/www.sj-gauge.com\/vi\/wp-json\/wp\/v2\/product_tag?post=57"}],"curies":[{"name":"wp","href":"https:\/\/api.w.org\/{rel}","templated":true}]}}